{"id":544,"date":"2021-07-12T11:22:21","date_gmt":"2021-07-12T11:22:21","guid":{"rendered":"https:\/\/idecesos.com\/seguros\/?page_id=544"},"modified":"2022-01-17T09:35:25","modified_gmt":"2022-01-17T09:35:25","slug":"argentina","status":"publish","type":"page","link":"https:\/\/idecesos.com\/seguros\/paises\/argentina\/","title":{"rendered":"Seguro Decesos Argentina"},"content":{"rendered":"<div id=\"ez-toc-container\" class=\"ez-toc-v2_0_82_2 ez-toc-wrap-center counter-hierarchy ez-toc-counter ez-toc-custom ez-toc-container-direction\">\n<div class=\"ez-toc-title-container\">\n<p class=\"ez-toc-title\" style=\"cursor:inherit\">Tabla de Contenido<\/p>\n<span class=\"ez-toc-title-toggle\"><a href=\"#\" class=\"ez-toc-pull-right ez-toc-btn ez-toc-btn-xs ez-toc-btn-default ez-toc-toggle\" aria-label=\"Alternar tabla de contenidos\"><span class=\"ez-toc-js-icon-con\"><span class=\"\"><span class=\"eztoc-hide\" style=\"display:none;\">Toggle<\/span><span class=\"ez-toc-icon-toggle-span\"><svg style=\"fill: #db6415;color:#db6415\" xmlns=\"http:\/\/www.w3.org\/2000\/svg\" class=\"list-377408\" width=\"20px\" height=\"20px\" viewBox=\"0 0 24 24\" fill=\"none\"><path d=\"M6 6H4v2h2V6zm14 0H8v2h12V6zM4 11h2v2H4v-2zm16 0H8v2h12v-2zM4 16h2v2H4v-2zm16 0H8v2h12v-2z\" fill=\"currentColor\"><\/path><\/svg><svg style=\"fill: #db6415;color:#db6415\" class=\"arrow-unsorted-368013\" xmlns=\"http:\/\/www.w3.org\/2000\/svg\" width=\"10px\" height=\"10px\" viewBox=\"0 0 24 24\" version=\"1.2\" baseProfile=\"tiny\"><path d=\"M18.2 9.3l-6.2-6.3-6.2 6.3c-.2.2-.3.4-.3.7s.1.5.3.7c.2.2.4.3.7.3h11c.3 0 .5-.1.7-.3.2-.2.3-.5.3-.7s-.1-.5-.3-.7zM5.8 14.7l6.2 6.3 6.2-6.3c.2-.2.3-.5.3-.7s-.1-.5-.3-.7c-.2-.2-.4-.3-.7-.3h-11c-.3 0-.5.1-.7.3-.2.2-.3.5-.3.7s.1.5.3.7z\"\/><\/svg><\/span><\/span><\/span><\/a><\/span><\/div>\n<nav><ul class='ez-toc-list ez-toc-list-level-1 ' ><li class='ez-toc-page-1 ez-toc-heading-level-2'><a class=\"ez-toc-link ez-toc-heading-1\" href=\"https:\/\/idecesos.com\/seguros\/paises\/argentina\/#Comparador_seguros_de_decesos_para_Argentina\" >Comparador seguros de decesos para Argentina<\/a><\/li><li class='ez-toc-page-1 ez-toc-heading-level-2'><a class=\"ez-toc-link ez-toc-heading-2\" href=\"https:\/\/idecesos.com\/seguros\/paises\/argentina\/#Coberturas_de_los_seguros_de_decesos_para_Argentina\" >Coberturas de los seguros de decesos para Argentina<\/a><\/li><li class='ez-toc-page-1 ez-toc-heading-level-2'><a class=\"ez-toc-link ez-toc-heading-3\" href=\"https:\/\/idecesos.com\/seguros\/paises\/argentina\/#Ventajas_de_contratar_un_seguro_de_decesos_para_Argentina\" >Ventajas de contratar un seguro de decesos para Argentina<\/a><\/li><li class='ez-toc-page-1 ez-toc-heading-level-2'><a class=\"ez-toc-link ez-toc-heading-4\" href=\"https:\/\/idecesos.com\/seguros\/paises\/argentina\/#Precios_de_seguros_de_decesos_para_Argentina\" >Precios de seguros de decesos para Argentina<\/a><ul class='ez-toc-list-level-3' ><li class='ez-toc-heading-level-3'><a class=\"ez-toc-link ez-toc-heading-5\" href=\"https:\/\/idecesos.com\/seguros\/paises\/argentina\/#Paginas_relacionadas\" >P\u00e1ginas relacionadas<\/a><\/li><\/ul><\/li><\/ul><\/nav><\/div>\n\r\n<p>Cuando llegamos a una cierta edad, empezamos a pensar m\u00e1s en c\u00f3mo ser\u00e1 nuestro entierro o incineraci\u00f3n. Para aquellas personas que viven en nuestro pa\u00eds pero que cuando fallezcan quieran ser trasladadas al suyo, comienzan a investigar <strong>cu\u00e1l ser\u00eda la forma m\u00e1s econ\u00f3mica de poder hacerlo.<\/strong><\/p>\r\n<div class=\"colorf\"><div class=\"container clearfix\"><div class=\"col-md-7\">\r\n<p>En Espa\u00f1a, cada vez son m\u00e1s las personas que viven extranjeras. Un n\u00famero que a\u00f1o tras a\u00f1o va aumentando debido a las <strong>buenas condiciones meteorol\u00f3gicas, o las b\u00fasquedas de trabajo.<\/strong><\/p>\r\n<p>As\u00ed, se ha confirmado que el 12,9% pertenece a personas de otros pa\u00edses del mundo. Ante esta situaci\u00f3n, muchas aseguradoras se han puesto manos a la obra con el objetivo de <strong>ofrecer seguros de decesos enfocados en estas personas.<\/strong> Son seguros con las mismas garant\u00edas y condiciones que para cualquier espa\u00f1ol.<\/p>\r\n<p>Sin embargo, se incluye el servicio de la repatriaci\u00f3n. As\u00ed, las personas argentinas que vivan en nuestro pa\u00eds, estar\u00e1n mucho m\u00e1s tranquilas al saber que <strong>el traslado del cuerpo quedar\u00e1 cubierto.<\/strong><\/p>\r\n<\/div><\/div><\/div>\r\n<p>En Espa\u00f1a, la poblaci\u00f3n de argentinos que viven es de 89.000 personas. Las aseguradoras han ido comprendiendo la necesidad de estas familias que se encuentran lejos de las suyas y que <strong>los procesos tras el fallecimiento suelen ser complicados.<\/strong><\/p>\r\n<p>De este modo, cada vez son m\u00e1s las compa\u00f1\u00edas que han ido desarrollando <strong>nuevas coberturas con la mejor calidad posible.<\/strong> La persona que adquiera la p\u00f3liza de decesos con alguna de ellas ahorrar\u00e1 mucho tiempo y dinero. Adem\u00e1s, le proporcionar\u00e1 a sus familiares esa <strong>tranquilidad tan necesaria en estos duros momentos.<\/strong><\/p>\r\n<p>Con los seguros de decesos que incluyen la repatriaci\u00f3n no solo estar\u00e1s cubierto en territorio espa\u00f1ol. Tambi\u00e9n estar\u00e1 <strong>incluida la repatriaci\u00f3n desde cualquier parte de Europa a Argentina.<\/strong><\/p>\r\n<div class=\"colorf\"><div class=\"container clearfix\"><div class=\"col-md-7\"><div class=\"tipos\"><svg id=\"stars\" style=\"display: none;\" version=\"1.1\">\n\t<symbol id=\"stars-full-star\" viewBox=\"0 0 102 18\">\n\t\t<path d=\"M9.5 14.25l-5.584 2.936 1.066-6.218L.465 6.564l6.243-.907L9.5 0l2.792 5.657 6.243.907-4.517 4.404 1.066 6.218\" \/>\n\t<\/symbol>\n\n\t<symbol id=\"stars-half-star\" viewBox=\"0 0 102 18\">\n\t\t<path d=\"M9.5 14.25l-5.584 2.936 1.066-6.218L.465 6.564l6.243-.907L9.5 0l2.792\" fill=\"#ffdc0f\" \/>\n\t<\/symbol>\n\n\t<symbol id=\"stars-all-star\" viewBox=\"0 0 102 18\">\n\t\t<use xlink:href=\"#stars-full-star\" \/>\n\t\t<use xlink:href=\"#stars-full-star\" transform=\"translate(21)\" \/>\n\t\t<use xlink:href=\"#stars-full-star\" transform=\"translate(42)\" \/>\n\t\t<use xlink:href=\"#stars-full-star\" transform=\"translate(63)\" \/>\n\t\t<use xlink:href=\"#stars-full-star\" transform=\"translate(84)\" \/>\n\t<\/symbol>\n\n\t<symbol id=\"stars-0\" viewBox=\"0 0 102 18\">\n\t\t<use xlink:href=\"#stars-all-star\" fill=\"#e5e5e5\" \/>\n\t<\/symbol>\n\n\t<symbol id=\"stars-1\" viewBox=\"0 0 102 18\">\n\t\t<use xlink:href=\"#stars-0\" \/>\n\t\t<use xlink:href=\"#stars-half-star\" \/>\n\t<\/symbol>\n\n\t<symbol id=\"stars-2\" viewBox=\"0 0 102 18\">\n\t\t<use xlink:href=\"#stars-0\" \/>\n\t\t<use xlink:href=\"#stars-full-star\" fill=\"#ffdc0f\" \/>\n\t<\/symbol>\n\n\t<symbol id=\"stars-3\" viewBox=\"0 0 102 18\">\n\t\t<use xlink:href=\"#stars-2\" \/>\n\t\t<use xlink:href=\"#stars-half-star\" transform=\"translate(21)\" \/>\n\t<\/symbol>\n\n\t<symbol id=\"stars-4\" viewBox=\"0 0 102 18\">\n\t\t<use xlink:href=\"#stars-2\" \/>\n\t\t<use xlink:href=\"#stars-full-star\" fill=\"#ffdc0f\" transform=\"translate(21)\" \/>\n\t<\/symbol>\n\n\t<symbol id=\"stars-5\" viewBox=\"0 0 102 18\">\n\t\t<use xlink:href=\"#stars-4\" \/>\n\t\t<use xlink:href=\"#stars-half-star\" transform=\"translate(42)\" \/>\n\t<\/symbol>\n\n\t<symbol id=\"stars-6\" viewBox=\"0 0 102 18\">\n\t\t<use xlink:href=\"#stars-4\" \/>\n\t\t<use xlink:href=\"#stars-full-star\" fill=\"#ffdc0f\" transform=\"translate(42)\" \/>\n\t<\/symbol>\n\n\t<symbol id=\"stars-7\" viewBox=\"0 0 102 18\">\n\t\t<use xlink:href=\"#stars-6\" \/>\n\t\t<use xlink:href=\"#stars-half-star\" transform=\"translate(63)\" \/>\n\t<\/symbol>\n\n\t<symbol id=\"stars-8\" viewBox=\"0 0 102 18\">\n\t\t<use xlink:href=\"#stars-6\" \/>\n\t\t<use xlink:href=\"#stars-full-star\" fill=\"#ffdc0f\" transform=\"translate(63)\" \/>\n\t<\/symbol>\n\n\t<symbol id=\"stars-9\" viewBox=\"0 0 102 18\">\n\t\t<use xlink:href=\"#stars-8\" \/>\n\t\t<use xlink:href=\"#stars-half-star\" transform=\"translate(84)\" \/>\n\t<\/symbol>\n\n\t<symbol id=\"stars-10\" viewBox=\"0 0 102 18\">\n\t\t<use xlink:href=\"#stars-all-star\" fill=\"#ffdc0f\" \/>\n\t<\/symbol>\n<\/svg>\n\r\n<h2><span class=\"ez-toc-section\" id=\"Comparador_seguros_de_decesos_para_Argentina\"><\/span>Comparador seguros de decesos para Argentina<span class=\"ez-toc-section-end\"><\/span><\/h2>\r\n<p>Cuando buscamos compa\u00f1\u00edas de seguros de decesos, nos solemos encontrar con muchas aseguradoras que ofrecen diferentes seguros. Por ello, se requiere de tiempo para conocer <strong>cu\u00e1l es el mejor seguro que se adapta a tus necesidades.<\/strong><\/p>\r\n<p>En iDecesos, queremos que tu familia y t\u00fa est\u00e9is asegurados de la mejor forma posible. Por eso, en nuestra p\u00e1gina, podr\u00e1s encontrar <strong>nuestro comparador de seguros de decesos.<\/strong><\/p>\r\n<p>Rellena el formulario que encontrar\u00e1s a continuaci\u00f3n y en pocos instantes recibir\u00e1s de forma gratuita y totalmente sencilla el presupuesto del <strong>mejor seguro adaptado a ti y a tus circunstancias.<\/strong> Te ofrecer\u00e1n los mejores precios y las mejores coberturas en caso de fallecimiento en Espa\u00f1a.<\/p>\r\n<div class=\"colorf\"><div class=\"container clearfix\"><div class=\"col-md-7\"><div class=\"tipos\"><svg id=\"stars\" style=\"display: none;\" version=\"1.1\">\n\t<symbol id=\"stars-full-star\" viewBox=\"0 0 102 18\">\n\t\t<path d=\"M9.5 14.25l-5.584 2.936 1.066-6.218L.465 6.564l6.243-.907L9.5 0l2.792 5.657 6.243.907-4.517 4.404 1.066 6.218\" \/>\n\t<\/symbol>\n\n\t<symbol id=\"stars-half-star\" viewBox=\"0 0 102 18\">\n\t\t<path d=\"M9.5 14.25l-5.584 2.936 1.066-6.218L.465 6.564l6.243-.907L9.5 0l2.792\" fill=\"#ffdc0f\" \/>\n\t<\/symbol>\n\n\t<symbol id=\"stars-all-star\" viewBox=\"0 0 102 18\">\n\t\t<use xlink:href=\"#stars-full-star\" \/>\n\t\t<use xlink:href=\"#stars-full-star\" transform=\"translate(21)\" \/>\n\t\t<use xlink:href=\"#stars-full-star\" transform=\"translate(42)\" \/>\n\t\t<use xlink:href=\"#stars-full-star\" transform=\"translate(63)\" \/>\n\t\t<use xlink:href=\"#stars-full-star\" transform=\"translate(84)\" \/>\n\t<\/symbol>\n\n\t<symbol id=\"stars-0\" viewBox=\"0 0 102 18\">\n\t\t<use xlink:href=\"#stars-all-star\" fill=\"#e5e5e5\" \/>\n\t<\/symbol>\n\n\t<symbol id=\"stars-1\" viewBox=\"0 0 102 18\">\n\t\t<use xlink:href=\"#stars-0\" \/>\n\t\t<use xlink:href=\"#stars-half-star\" \/>\n\t<\/symbol>\n\n\t<symbol id=\"stars-2\" viewBox=\"0 0 102 18\">\n\t\t<use xlink:href=\"#stars-0\" \/>\n\t\t<use xlink:href=\"#stars-full-star\" fill=\"#ffdc0f\" \/>\n\t<\/symbol>\n\n\t<symbol id=\"stars-3\" viewBox=\"0 0 102 18\">\n\t\t<use xlink:href=\"#stars-2\" \/>\n\t\t<use xlink:href=\"#stars-half-star\" transform=\"translate(21)\" \/>\n\t<\/symbol>\n\n\t<symbol id=\"stars-4\" viewBox=\"0 0 102 18\">\n\t\t<use xlink:href=\"#stars-2\" \/>\n\t\t<use xlink:href=\"#stars-full-star\" fill=\"#ffdc0f\" transform=\"translate(21)\" \/>\n\t<\/symbol>\n\n\t<symbol id=\"stars-5\" viewBox=\"0 0 102 18\">\n\t\t<use xlink:href=\"#stars-4\" \/>\n\t\t<use xlink:href=\"#stars-half-star\" transform=\"translate(42)\" \/>\n\t<\/symbol>\n\n\t<symbol id=\"stars-6\" viewBox=\"0 0 102 18\">\n\t\t<use xlink:href=\"#stars-4\" \/>\n\t\t<use xlink:href=\"#stars-full-star\" fill=\"#ffdc0f\" transform=\"translate(42)\" \/>\n\t<\/symbol>\n\n\t<symbol id=\"stars-7\" viewBox=\"0 0 102 18\">\n\t\t<use xlink:href=\"#stars-6\" \/>\n\t\t<use xlink:href=\"#stars-half-star\" transform=\"translate(63)\" \/>\n\t<\/symbol>\n\n\t<symbol id=\"stars-8\" viewBox=\"0 0 102 18\">\n\t\t<use xlink:href=\"#stars-6\" \/>\n\t\t<use xlink:href=\"#stars-full-star\" fill=\"#ffdc0f\" transform=\"translate(63)\" \/>\n\t<\/symbol>\n\n\t<symbol id=\"stars-9\" viewBox=\"0 0 102 18\">\n\t\t<use xlink:href=\"#stars-8\" \/>\n\t\t<use xlink:href=\"#stars-half-star\" transform=\"translate(84)\" \/>\n\t<\/symbol>\n\n\t<symbol id=\"stars-10\" viewBox=\"0 0 102 18\">\n\t\t<use xlink:href=\"#stars-all-star\" fill=\"#ffdc0f\" \/>\n\t<\/symbol>\n<\/svg>\n\r\n<!-- \/wp:post-content -->\r\n\r\n<!-- wp:paragraph \/-->\r\n\r\n<!-- wp:paragraph \/-->\r\n\r\n<!-- wp:paragraph \/-->\r\n\r\n<!-- wp:paragraph \/-->\r\n\r\n<!-- wp:paragraph -->\r\n<h2><span class=\"ez-toc-section\" id=\"Coberturas_de_los_seguros_de_decesos_para_Argentina\"><\/span>Coberturas de los seguros de decesos para Argentina<span class=\"ez-toc-section-end\"><\/span><\/h2>\r\n<p>En cuanto a las coberturas de los seguros de decesos para Argentina, se han ido dise\u00f1ando p\u00f3lizas para aquellas <strong>personas que residen en nuestro pa\u00eds pero que quieran descansar en Argentina.<\/strong><\/p>\r\n<p>Estos seguros tendr\u00e1n las mismas coberturas que los dem\u00e1s solo que la repatriaci\u00f3n y algunos servicios relacionados con ella, estar\u00e1n incluidos. Con estas p\u00f3lizas se pretende dar una mayor tranquilidad a los familiares ante cualquier imprevisto y t\u00fa, como asegurado,<strong> estar\u00e1s mucho m\u00e1s tranquilo al contar con grandes garant\u00edas y coberturas tras la defunci\u00f3n.<\/strong><\/p>\r\n<p>Pero no solo eso, tambi\u00e9n disfrutar\u00e1s de servicios antes y durante el tiempo que dure el contrato. Algunos de ellos son <strong>servicios dentales y de salud, asistencia jur\u00eddica o ayudas en la elaboraci\u00f3n del testamento online. <\/strong><\/p>\r\n<div class=\"tipo2 \"  ><div class=\"cuadro_tipo\"><div class=\"tipo_icon\"><i class=\"fas fa-cubes\"><\/i><!--span class=\"dashicons dashicons-image-filter\"><\/span--><\/div><div class=\"titulo_tipo titulo\">Coberturas Obligatorias<\/div><div class=\"texto_tipo\">\r\n<ul>\r\n<li><span style=\"font-weight: 400;\">Servicio f\u00fanebre completo<\/span><\/li>\r\n<li><span style=\"font-weight: 400;\">Traslado y libre elecci\u00f3n de cementerio<\/span><\/li>\r\n<li><span style=\"font-weight: 400;\">Tr\u00e1mites de gestor\u00eda<\/span><\/li>\r\n<li><span style=\"font-weight: 400;\">Asistencia en viajes<\/span><\/li>\r\n<li>Billete de ida y vuelta de un acompa\u00f1ante<\/li>\r\n<\/ul>\r\n<p><\/div><hr>Valoraci\u00f3n en iDecesos.com<div class=\"tipo_estrellas\">\n\t\t\t<svg class=\"icon\">\t\t<use xlink:href=\"#stars-9\">\t<\/svg>\n\t\t\t<!--img src=\"https:\/\/idecesos.com\/img\/stars_9.png\" alt=\"9\/10\" style=\"height:auto; width:120px; color:white; font-weight:700; box-sizing:border-box; border:0; vertical-align: middle;  \"-->\n\t\t\t<\/div><hr><div class=\"enlace_tipo\"><button type=\"button\" class=\"\" data-bs-toggle=\"modal\" data-bs-target=\"#comparadorModal\">\n\t\t\t\t\t\t<span class=\"\">Ver Precios<\/span>\t\t\t\t\n\t\t\t\t\t<\/button><\/div><\/div><\/div> <div class=\"tipo2 \"  ><div class=\"cuadro_tipo\"><div class=\"tipo_icon\"><i class=\"fas fa-cubes\"><\/i><!--span class=\"dashicons dashicons-image-filter\"><\/span--><\/div><div class=\"titulo_tipo titulo\">Coberturas Opcionales<\/div><div class=\"texto_tipo\"><\/p>\r\n<ul>\r\n<li><span style=\"font-weight: 400;\">Accidentes<\/span><\/li>\r\n<li><span style=\"font-weight: 400;\">Servicios dentales<\/span><\/li>\r\n<li><span style=\"font-weight: 400;\">Indemnizaci\u00f3n por hospitalizaci\u00f3n<\/span><\/li>\r\n<li><span style=\"font-weight: 400;\">Ayuda psicol\u00f3gica<\/span><\/li>\r\n<li><span style=\"font-weight: 400;\">Segundo diagn\u00f3stico m\u00e9dico<\/span><\/li>\r\n<\/ul>\r\n<p><\/div><hr>Valoraci\u00f3n en iDecesos.com<div class=\"tipo_estrellas\">\n\t\t\t<svg class=\"icon\">\t\t<use xlink:href=\"#stars-10\">\t<\/svg>\n\t\t\t<!--img src=\"https:\/\/idecesos.com\/img\/stars_10.png\" alt=\"10\/10\" style=\"height:auto; width:120px; color:white; font-weight:700; box-sizing:border-box; border:0; vertical-align: middle;  \"-->\n\t\t\t<\/div><hr><div class=\"enlace_tipo\"><button type=\"button\" class=\"\" data-bs-toggle=\"modal\" data-bs-target=\"#comparadorModal\">\n\t\t\t\t\t\t<span class=\"\">Ver Precios<\/span>\t\t\t\t\n\t\t\t\t\t<\/button><\/div><\/div><\/div><\/p>\r\n<p>En Espa\u00f1a, como hemos dicho, podemos encontrar diferentes compa\u00f1\u00edas de seguros de decesos. Cada una de ellas ofrece unas coberturas u otras. Sin embargo, algunas de las que ofrecen seguros de decesos con repatriaci\u00f3n son Caser, Adeslas o Helvetia.<\/p>\r\n<p>Pero para que est\u00e9s m\u00e1s seguro y tranquilo, te aconsejamos <strong>usar nuestro comparador de iDecesos<\/strong>. As\u00ed, tendr\u00e1s con certeza el mejor seguro para ti.<\/p>\r\n<\/div><\/div><\/div><\/div>\r\n<h2><span class=\"ez-toc-section\" id=\"Ventajas_de_contratar_un_seguro_de_decesos_para_Argentina\"><\/span>Ventajas de contratar un seguro de decesos para Argentina<span class=\"ez-toc-section-end\"><\/span><\/h2>\r\n<p>A la hora de contratar un seguro de decesos con repatriaci\u00f3n, puedes obtener muchas ventajas. No solo podr\u00e1s disfrutar de unas amplias coberturas en vida, tambi\u00e9n le proporcionar\u00e1s una <strong>mayor seguridad a tus familiares en todos los \u00e1mbitos.<\/strong><\/p>\r\n<p>Con este seguro encontrar\u00e1s coberturas como el billete de ida y vuelta de un acompa\u00f1ante e incluso algunas aseguradoras, incluyen el servicio de cremaci\u00f3n. Adem\u00e1s, si eres una persona viajera, estar\u00e1s cubierto en todo momento.<\/p>\r\n<p>No tendr\u00e1s que preocuparte por nada ya que <strong>la aseguradora se encargar\u00e1 de realizar todos los tr\u00e1mites.<\/strong><\/p>\r\n<!-- \/wp:paragraph -->\r\n\r\n<!-- wp:paragraph -->\r\n<div class=\"colorf\"><div class=\"container clearfix\"><div class=\"col-md-7\">\r\n<!-- \/wp:paragraph -->\r\n\r\n<!-- wp:paragraph \/-->\r\n\r\n<!-- wp:paragraph -->\r\n<h2><span class=\"ez-toc-section\" id=\"Precios_de_seguros_de_decesos_para_Argentina\"><\/span>Precios de seguros de decesos para Argentina<span class=\"ez-toc-section-end\"><\/span><\/h2>\r\n<p>En cuanto a los precios de los seguros de decesos con repatriaci\u00f3n, podemos encontrar diferentes <strong>dependiendo de cada aseguradora y de las coberturas incluidas.<\/strong><\/p>\r\n<p>Aunque en ocasiones, variar\u00e1n dependiendo de otros factores como la<strong> edad, el capital asegurado o la localidad de residencia de esta persona.<\/strong><\/p>\r\n<p>Para una mayor seguridad, usa nuestro comparador de iDecesos en el que te informar\u00e1n del mejor seguro y al mejor precio. <strong>Puedes tener tu p\u00f3liza de decesos desde 1,90 euros al mes.<\/strong><\/p>\r\n<!-- \/wp:paragraph -->\r\n\r\n<!-- wp:paragraph -->\r\n<p>[\/bloque] <\/div><\/div><\/div><\/div><\/p>\r\n<!-- \/wp:paragraph -->\r\n<div class=\"oficinas\">\r\n<h3><span class=\"ez-toc-section\" id=\"Paginas_relacionadas\"><\/span>P\u00e1ginas relacionadas<span class=\"ez-toc-section-end\"><\/span><\/h3>\r\n<ul><li><a href=\"https:\/\/idecesos.com\/seguros\/paises\/alemania\/\"><span>Seguro Decesos Alemania<\/span><\/a><\/li><li><a href=\"https:\/\/idecesos.com\/seguros\/paises\/peru\/\"><span>Seguro Decesos para Per\u00fa<\/span><\/a><\/li><li><a href=\"https:\/\/idecesos.com\/seguros\/paises\/rusia\/\"><span>Seguro Decesos para Rusia<\/span><\/a><\/li><li><a href=\"https:\/\/idecesos.com\/seguros\/paises\/venezuela\/\"><span>Seguro Decesos para Venezuela<\/span><\/a><\/li><li><a href=\"https:\/\/idecesos.com\/seguros\/paises\/brasil\/\"><span>Seguro de Decesos para Brasil<\/span><\/a><\/li><li><a href=\"https:\/\/idecesos.com\/seguros\/paises\/china\/\"><span>Seguro de Decesos para China<\/span><\/a><\/li><li><a href=\"https:\/\/idecesos.com\/seguros\/paises\/colombia\/\"><span>Seguro de Decesos para Colombia<\/span><\/a><\/li><li><a href=\"https:\/\/idecesos.com\/seguros\/paises\/estados-unidos\/\"><span>Seguro de Decesos para EEUU<\/span><\/a><\/li><li><a href=\"https:\/\/idecesos.com\/seguros\/paises\/irlanda\/\"><span>Seguro de Decesos para Irlanda<\/span><\/a><\/li><li><a href=\"https:\/\/idecesos.com\/seguros\/paises\/italia\/\"><span>Seguro de Decesos para Italia<\/span><\/a><\/li><\/ul>","protected":false},"excerpt":{"rendered":"<p>Cuando llegamos a una cierta edad, empezamos a pensar m\u00e1s en c\u00f3mo ser\u00e1 nuestro entierro o incineraci\u00f3n. Para aquellas personas que viven en nuestro pa\u00eds pero que cuando fallezcan quieran ser trasladadas al suyo, comienzan a investigar cu\u00e1l ser\u00eda la forma m\u00e1s econ\u00f3mica de poder hacerlo. En Espa\u00f1a, cada vez son m\u00e1s las personas que&hellip; <\/p>\n","protected":false},"author":2,"featured_media":0,"parent":531,"menu_order":0,"comment_status":"open","ping_status":"closed","template":"single.php","meta":{"footnotes":""},"class_list":["post-544","page","type-page","status-publish","hentry"],"yoast_head":"<!-- This site is optimized with the Yoast SEO plugin v27.3 - https:\/\/yoast.com\/product\/yoast-seo-wordpress\/ -->\n<title>Seguro de Decesos para Argentina \u25b7 Calcular Coberturas y Precios 2026<\/title>\n<meta name=\"description\" content=\"Calcula aqu\u00ed el mejor\u3010seguro de decesos para Argentina\u3011\u2611\ufe0fCoberturas, precios y con comunicaci\u00f3n fallecimiento pensionista Argentina iDecesos\u00ae\" \/>\n<meta name=\"robots\" content=\"index, follow, max-snippet:-1, max-image-preview:large, max-video-preview:-1\" \/>\n<link rel=\"canonical\" href=\"https:\/\/idecesos.com\/seguros\/paises\/argentina\/\" \/>\n<meta property=\"og:locale\" content=\"es_ES\" \/>\n<meta property=\"og:type\" content=\"article\" \/>\n<meta property=\"og:title\" content=\"Seguro de Decesos para Argentina \u25b7 Calcular Coberturas y Precios 2026\" \/>\n<meta property=\"og:description\" content=\"Calcula aqu\u00ed el mejor\u3010seguro de decesos para Argentina\u3011\u2611\ufe0fCoberturas, precios y con comunicaci\u00f3n fallecimiento pensionista Argentina iDecesos\u00ae\" \/>\n<meta property=\"og:url\" content=\"https:\/\/idecesos.com\/seguros\/paises\/argentina\/\" \/>\n<meta property=\"article:modified_time\" content=\"2022-01-17T09:35:25+00:00\" \/>\n<meta name=\"twitter:card\" content=\"summary_large_image\" \/>\n<meta name=\"twitter:label1\" content=\"Tiempo de lectura\" \/>\n\t<meta name=\"twitter:data1\" content=\"4 minutos\" \/>\n<script type=\"application\/ld+json\" class=\"yoast-schema-graph\">{\"@context\":\"https:\\\/\\\/schema.org\",\"@graph\":[{\"@type\":\"WebPage\",\"@id\":\"https:\\\/\\\/idecesos.com\\\/seguros\\\/paises\\\/argentina\\\/\",\"url\":\"https:\\\/\\\/idecesos.com\\\/seguros\\\/paises\\\/argentina\\\/\",\"name\":\"Seguro de Decesos para Argentina \u25b7 Calcular Coberturas y Precios 2026\",\"isPartOf\":{\"@id\":\"https:\\\/\\\/idecesos.com\\\/seguros\\\/#website\"},\"datePublished\":\"2021-07-12T11:22:21+00:00\",\"dateModified\":\"2022-01-17T09:35:25+00:00\",\"description\":\"Calcula aqu\u00ed el mejor\u3010seguro de decesos para Argentina\u3011\u2611\ufe0fCoberturas, precios y con comunicaci\u00f3n fallecimiento pensionista Argentina iDecesos\u00ae\",\"breadcrumb\":{\"@id\":\"https:\\\/\\\/idecesos.com\\\/seguros\\\/paises\\\/argentina\\\/#breadcrumb\"},\"inLanguage\":\"es\",\"potentialAction\":[{\"@type\":\"ReadAction\",\"target\":[\"https:\\\/\\\/idecesos.com\\\/seguros\\\/paises\\\/argentina\\\/\"]}]},{\"@type\":\"BreadcrumbList\",\"@id\":\"https:\\\/\\\/idecesos.com\\\/seguros\\\/paises\\\/argentina\\\/#breadcrumb\",\"itemListElement\":[{\"@type\":\"ListItem\",\"position\":1,\"name\":\"Portada\",\"item\":\"https:\\\/\\\/idecesos.com\\\/seguros\\\/\"},{\"@type\":\"ListItem\",\"position\":2,\"name\":\"Seguro Decesos Extranjeros\",\"item\":\"https:\\\/\\\/idecesos.com\\\/seguros\\\/paises\\\/\"},{\"@type\":\"ListItem\",\"position\":3,\"name\":\"Seguro Decesos Argentina\"}]},{\"@type\":\"WebSite\",\"@id\":\"https:\\\/\\\/idecesos.com\\\/seguros\\\/#website\",\"url\":\"https:\\\/\\\/idecesos.com\\\/seguros\\\/\",\"name\":\"\",\"description\":\"\",\"potentialAction\":[{\"@type\":\"SearchAction\",\"target\":{\"@type\":\"EntryPoint\",\"urlTemplate\":\"https:\\\/\\\/idecesos.com\\\/seguros\\\/?s={search_term_string}\"},\"query-input\":{\"@type\":\"PropertyValueSpecification\",\"valueRequired\":true,\"valueName\":\"search_term_string\"}}],\"inLanguage\":\"es\"}]}<\/script>\n<!-- \/ Yoast SEO plugin. -->","yoast_head_json":{"title":"Seguro de Decesos para Argentina \u25b7 Calcular Coberturas y Precios 2026","description":"Calcula aqu\u00ed el mejor\u3010seguro de decesos para Argentina\u3011\u2611\ufe0fCoberturas, precios y con comunicaci\u00f3n fallecimiento pensionista Argentina iDecesos\u00ae","robots":{"index":"index","follow":"follow","max-snippet":"max-snippet:-1","max-image-preview":"max-image-preview:large","max-video-preview":"max-video-preview:-1"},"canonical":"https:\/\/idecesos.com\/seguros\/paises\/argentina\/","og_locale":"es_ES","og_type":"article","og_title":"Seguro de Decesos para Argentina \u25b7 Calcular Coberturas y Precios 2026","og_description":"Calcula aqu\u00ed el mejor\u3010seguro de decesos para Argentina\u3011\u2611\ufe0fCoberturas, precios y con comunicaci\u00f3n fallecimiento pensionista Argentina iDecesos\u00ae","og_url":"https:\/\/idecesos.com\/seguros\/paises\/argentina\/","article_modified_time":"2022-01-17T09:35:25+00:00","twitter_card":"summary_large_image","twitter_misc":{"Tiempo de lectura":"4 minutos"},"schema":{"@context":"https:\/\/schema.org","@graph":[{"@type":"WebPage","@id":"https:\/\/idecesos.com\/seguros\/paises\/argentina\/","url":"https:\/\/idecesos.com\/seguros\/paises\/argentina\/","name":"Seguro de Decesos para Argentina \u25b7 Calcular Coberturas y Precios 2026","isPartOf":{"@id":"https:\/\/idecesos.com\/seguros\/#website"},"datePublished":"2021-07-12T11:22:21+00:00","dateModified":"2022-01-17T09:35:25+00:00","description":"Calcula aqu\u00ed el mejor\u3010seguro de decesos para Argentina\u3011\u2611\ufe0fCoberturas, precios y con comunicaci\u00f3n fallecimiento pensionista Argentina iDecesos\u00ae","breadcrumb":{"@id":"https:\/\/idecesos.com\/seguros\/paises\/argentina\/#breadcrumb"},"inLanguage":"es","potentialAction":[{"@type":"ReadAction","target":["https:\/\/idecesos.com\/seguros\/paises\/argentina\/"]}]},{"@type":"BreadcrumbList","@id":"https:\/\/idecesos.com\/seguros\/paises\/argentina\/#breadcrumb","itemListElement":[{"@type":"ListItem","position":1,"name":"Portada","item":"https:\/\/idecesos.com\/seguros\/"},{"@type":"ListItem","position":2,"name":"Seguro Decesos Extranjeros","item":"https:\/\/idecesos.com\/seguros\/paises\/"},{"@type":"ListItem","position":3,"name":"Seguro Decesos Argentina"}]},{"@type":"WebSite","@id":"https:\/\/idecesos.com\/seguros\/#website","url":"https:\/\/idecesos.com\/seguros\/","name":"","description":"","potentialAction":[{"@type":"SearchAction","target":{"@type":"EntryPoint","urlTemplate":"https:\/\/idecesos.com\/seguros\/?s={search_term_string}"},"query-input":{"@type":"PropertyValueSpecification","valueRequired":true,"valueName":"search_term_string"}}],"inLanguage":"es"}]}},"_links":{"self":[{"href":"https:\/\/idecesos.com\/seguros\/wp-json\/wp\/v2\/pages\/544","targetHints":{"allow":["GET"]}}],"collection":[{"href":"https:\/\/idecesos.com\/seguros\/wp-json\/wp\/v2\/pages"}],"about":[{"href":"https:\/\/idecesos.com\/seguros\/wp-json\/wp\/v2\/types\/page"}],"author":[{"embeddable":true,"href":"https:\/\/idecesos.com\/seguros\/wp-json\/wp\/v2\/users\/2"}],"replies":[{"embeddable":true,"href":"https:\/\/idecesos.com\/seguros\/wp-json\/wp\/v2\/comments?post=544"}],"version-history":[{"count":8,"href":"https:\/\/idecesos.com\/seguros\/wp-json\/wp\/v2\/pages\/544\/revisions"}],"predecessor-version":[{"id":18791,"href":"https:\/\/idecesos.com\/seguros\/wp-json\/wp\/v2\/pages\/544\/revisions\/18791"}],"up":[{"embeddable":true,"href":"https:\/\/idecesos.com\/seguros\/wp-json\/wp\/v2\/pages\/531"}],"wp:attachment":[{"href":"https:\/\/idecesos.com\/seguros\/wp-json\/wp\/v2\/media?parent=544"}],"curies":[{"name":"wp","href":"https:\/\/api.w.org\/{rel}","templated":true}]}}