{"id":562,"date":"2021-07-12T11:46:55","date_gmt":"2021-07-12T11:46:55","guid":{"rendered":"https:\/\/idecesos.com\/seguros\/?page_id=562"},"modified":"2022-01-17T09:49:04","modified_gmt":"2022-01-17T09:49:04","slug":"colombia","status":"publish","type":"page","link":"https:\/\/idecesos.com\/seguros\/paises\/colombia\/","title":{"rendered":"Seguro de Decesos para Colombia"},"content":{"rendered":"<div id=\"ez-toc-container\" class=\"ez-toc-v2_0_82_2 ez-toc-wrap-center counter-hierarchy ez-toc-counter ez-toc-custom ez-toc-container-direction\">\n<div class=\"ez-toc-title-container\">\n<p class=\"ez-toc-title\" style=\"cursor:inherit\">Tabla de Contenido<\/p>\n<span class=\"ez-toc-title-toggle\"><a href=\"#\" class=\"ez-toc-pull-right ez-toc-btn ez-toc-btn-xs ez-toc-btn-default ez-toc-toggle\" aria-label=\"Alternar tabla de contenidos\"><span class=\"ez-toc-js-icon-con\"><span class=\"\"><span class=\"eztoc-hide\" style=\"display:none;\">Toggle<\/span><span class=\"ez-toc-icon-toggle-span\"><svg style=\"fill: #db6415;color:#db6415\" xmlns=\"http:\/\/www.w3.org\/2000\/svg\" class=\"list-377408\" width=\"20px\" height=\"20px\" viewBox=\"0 0 24 24\" fill=\"none\"><path d=\"M6 6H4v2h2V6zm14 0H8v2h12V6zM4 11h2v2H4v-2zm16 0H8v2h12v-2zM4 16h2v2H4v-2zm16 0H8v2h12v-2z\" fill=\"currentColor\"><\/path><\/svg><svg style=\"fill: #db6415;color:#db6415\" class=\"arrow-unsorted-368013\" xmlns=\"http:\/\/www.w3.org\/2000\/svg\" width=\"10px\" height=\"10px\" viewBox=\"0 0 24 24\" version=\"1.2\" baseProfile=\"tiny\"><path d=\"M18.2 9.3l-6.2-6.3-6.2 6.3c-.2.2-.3.4-.3.7s.1.5.3.7c.2.2.4.3.7.3h11c.3 0 .5-.1.7-.3.2-.2.3-.5.3-.7s-.1-.5-.3-.7zM5.8 14.7l6.2 6.3 6.2-6.3c.2-.2.3-.5.3-.7s-.1-.5-.3-.7c-.2-.2-.4-.3-.7-.3h-11c-.3 0-.5.1-.7.3-.2.2-.3.5-.3.7s.1.5.3.7z\"\/><\/svg><\/span><\/span><\/span><\/a><\/span><\/div>\n<nav><ul class='ez-toc-list ez-toc-list-level-1 ' ><li class='ez-toc-page-1 ez-toc-heading-level-2'><a class=\"ez-toc-link ez-toc-heading-1\" href=\"https:\/\/idecesos.com\/seguros\/paises\/colombia\/#Comparador_seguros_de_decesos_para_Colombia\" >Comparador seguros de decesos para Colombia<\/a><\/li><li class='ez-toc-page-1 ez-toc-heading-level-2'><a class=\"ez-toc-link ez-toc-heading-2\" href=\"https:\/\/idecesos.com\/seguros\/paises\/colombia\/#Coberturas_de_los_seguros_de_decesos_para_Colombia\" >Coberturas de los seguros de decesos para Colombia<\/a><\/li><li class='ez-toc-page-1 ez-toc-heading-level-2'><a class=\"ez-toc-link ez-toc-heading-3\" href=\"https:\/\/idecesos.com\/seguros\/paises\/colombia\/#Ventajas_de_contratar_un_seguro_de_decesos_para_Colombia\" >Ventajas de contratar un seguro de decesos para Colombia<\/a><\/li><li class='ez-toc-page-1 ez-toc-heading-level-2'><a class=\"ez-toc-link ez-toc-heading-4\" href=\"https:\/\/idecesos.com\/seguros\/paises\/colombia\/#Precios_de_seguros_de_decesos_para_Colombia\" >Precios de seguros de decesos para Colombia<\/a><ul class='ez-toc-list-level-3' ><li class='ez-toc-heading-level-3'><a class=\"ez-toc-link ez-toc-heading-5\" href=\"https:\/\/idecesos.com\/seguros\/paises\/colombia\/#Paginas_relacionadas\" >P\u00e1ginas relacionadas<\/a><\/li><\/ul><\/li><\/ul><\/nav><\/div>\n\r\n<p>Cada vez son m\u00e1s las personas que se preocupan por asegurar su tranquilidad y la de los suyos. Sobre todo, <strong>aquellas personas que residen en Espa\u00f1a pero que procede de otros pa\u00edses<\/strong> como en este caso Colombia.<\/p>\r\n<p>Para estas personas, es muy importante que todo quede cubierto en el momento de la defunci\u00f3n. Por ello, las b\u00fasquedas de seguros de decesos con repatriaci\u00f3n a Colombia han aumentado en los \u00faltimos tiempo. En este art\u00edculo, vamos a hablarte sobre las <strong>ventajas y la importancia de tener una p\u00f3liza de decesos con repatriaci\u00f3n<\/strong> para que te despreocupes de todos los tr\u00e1mites y gastos.<\/p>\r\n<div class=\"colorf\"><div class=\"container clearfix\"><div class=\"col-md-7\">\r\n<p>Seg\u00fan los \u00faltimos datos, el n\u00famero de extranjeros que residen en nuestro pa\u00eds ha ido aumentando. Ya sea por motivos de trabajo o atra\u00eddos por el clima. No es de extra\u00f1ar que conozcamos en nuestro barrio alguna <strong>persona de otra nacionalidad<\/strong>. Tanto es as\u00ed, que el 12,9% de la poblaci\u00f3n que vive en Espa\u00f1a son extranjeros.<\/p>\r\n<p>Las aseguradoras han ido renov\u00e1ndose y ofreciendo nuevos servicios a las personas extranjeras. De este modo, han ido incluyendo en sus p\u00f3lizas el servicio de repatriaci\u00f3n <strong>para que cualquier persona sea de donde sea pueda descansar en su pa\u00eds de origen sin necesidad de hacer frente a elevados costes.<\/strong><\/p>\r\n<\/div><\/div><\/div>\r\n<p>Actualmente en Espa\u00f1a viven m\u00e1s de 273.000 colombianos. Las aseguradoras han comenzado a comprender que son personas que han venido a nuestro pa\u00eds en busca de nuevas oportunidades y que hacer frente a <strong>los costes de la repatriaci\u00f3n solo est\u00e1 al alcance de muy pocos<\/strong>. As\u00ed, las diferentes compa\u00f1\u00edas han ido desarrollando nuevas coberturas y p\u00f3lizas adaptadas a este p\u00fablico. Adem\u00e1s se han realizado ajustes en el precio para que nadie pueda quedarse sin su seguro de decesos.<\/p>\r\n<div class=\"colorf\"><div class=\"container clearfix\"><div class=\"col-md-7\"><div class=\"tipos\"><svg id=\"stars\" style=\"display: none;\" version=\"1.1\">\n\t<symbol id=\"stars-full-star\" viewBox=\"0 0 102 18\">\n\t\t<path d=\"M9.5 14.25l-5.584 2.936 1.066-6.218L.465 6.564l6.243-.907L9.5 0l2.792 5.657 6.243.907-4.517 4.404 1.066 6.218\" \/>\n\t<\/symbol>\n\n\t<symbol id=\"stars-half-star\" viewBox=\"0 0 102 18\">\n\t\t<path d=\"M9.5 14.25l-5.584 2.936 1.066-6.218L.465 6.564l6.243-.907L9.5 0l2.792\" fill=\"#ffdc0f\" \/>\n\t<\/symbol>\n\n\t<symbol id=\"stars-all-star\" viewBox=\"0 0 102 18\">\n\t\t<use xlink:href=\"#stars-full-star\" \/>\n\t\t<use xlink:href=\"#stars-full-star\" transform=\"translate(21)\" \/>\n\t\t<use xlink:href=\"#stars-full-star\" transform=\"translate(42)\" \/>\n\t\t<use xlink:href=\"#stars-full-star\" transform=\"translate(63)\" \/>\n\t\t<use xlink:href=\"#stars-full-star\" transform=\"translate(84)\" \/>\n\t<\/symbol>\n\n\t<symbol id=\"stars-0\" viewBox=\"0 0 102 18\">\n\t\t<use xlink:href=\"#stars-all-star\" fill=\"#e5e5e5\" \/>\n\t<\/symbol>\n\n\t<symbol id=\"stars-1\" viewBox=\"0 0 102 18\">\n\t\t<use xlink:href=\"#stars-0\" \/>\n\t\t<use xlink:href=\"#stars-half-star\" \/>\n\t<\/symbol>\n\n\t<symbol id=\"stars-2\" viewBox=\"0 0 102 18\">\n\t\t<use xlink:href=\"#stars-0\" \/>\n\t\t<use xlink:href=\"#stars-full-star\" fill=\"#ffdc0f\" \/>\n\t<\/symbol>\n\n\t<symbol id=\"stars-3\" viewBox=\"0 0 102 18\">\n\t\t<use xlink:href=\"#stars-2\" \/>\n\t\t<use xlink:href=\"#stars-half-star\" transform=\"translate(21)\" \/>\n\t<\/symbol>\n\n\t<symbol id=\"stars-4\" viewBox=\"0 0 102 18\">\n\t\t<use xlink:href=\"#stars-2\" \/>\n\t\t<use xlink:href=\"#stars-full-star\" fill=\"#ffdc0f\" transform=\"translate(21)\" \/>\n\t<\/symbol>\n\n\t<symbol id=\"stars-5\" viewBox=\"0 0 102 18\">\n\t\t<use xlink:href=\"#stars-4\" \/>\n\t\t<use xlink:href=\"#stars-half-star\" transform=\"translate(42)\" \/>\n\t<\/symbol>\n\n\t<symbol id=\"stars-6\" viewBox=\"0 0 102 18\">\n\t\t<use xlink:href=\"#stars-4\" \/>\n\t\t<use xlink:href=\"#stars-full-star\" fill=\"#ffdc0f\" transform=\"translate(42)\" \/>\n\t<\/symbol>\n\n\t<symbol id=\"stars-7\" viewBox=\"0 0 102 18\">\n\t\t<use xlink:href=\"#stars-6\" \/>\n\t\t<use xlink:href=\"#stars-half-star\" transform=\"translate(63)\" \/>\n\t<\/symbol>\n\n\t<symbol id=\"stars-8\" viewBox=\"0 0 102 18\">\n\t\t<use xlink:href=\"#stars-6\" \/>\n\t\t<use xlink:href=\"#stars-full-star\" fill=\"#ffdc0f\" transform=\"translate(63)\" \/>\n\t<\/symbol>\n\n\t<symbol id=\"stars-9\" viewBox=\"0 0 102 18\">\n\t\t<use xlink:href=\"#stars-8\" \/>\n\t\t<use xlink:href=\"#stars-half-star\" transform=\"translate(84)\" \/>\n\t<\/symbol>\n\n\t<symbol id=\"stars-10\" viewBox=\"0 0 102 18\">\n\t\t<use xlink:href=\"#stars-all-star\" fill=\"#ffdc0f\" \/>\n\t<\/symbol>\n<\/svg>\n\r\n<h2><span class=\"ez-toc-section\" id=\"Comparador_seguros_de_decesos_para_Colombia\"><\/span>Comparador seguros de decesos para Colombia<span class=\"ez-toc-section-end\"><\/span><\/h2>\r\n<p>Las diferentes aseguradoras han ido renov\u00e1ndose y adapt\u00e1ndose a los nuevos tiempos con el asunto relacionado con la repatriaci\u00f3n. Se han ofrecido las mayores facilidades <strong>para que se pueda trasladar el cuerpo del fallecido hasta el pa\u00eds de origen.<\/strong><\/p>\r\n<p>Sin embargo, el sector de los seguros comienza a ser muy competitivo donde todas las aseguradoras luchan por ofrecer los mejores servicios a la mejor calidad posible. Seguramente seas una de esas personas que han pasado horas y horas buscando <strong>cu\u00e1l es el mejor seguro de decesos para ti y todav\u00eda no has dado con \u00e9l.<\/strong><\/p>\r\n<p>Por ello, en iDecesos nos preocupamos por tu futuro y ponemos a tu disposici\u00f3n <strong>nuestro comparador de seguros de decesos.<\/strong> Podr\u00e1s hacer una comparaci\u00f3n entre las mejores aseguradoras y as\u00ed, encontrar\u00e1s el mejor seguro adaptado a ti.<\/p>\r\n<p>Solo tienes que rellenar los datos que te piden y <strong>esperar unos instantes para que te ofrezcan el mejor presupuesto.<\/strong><\/p>\r\n<div class=\"colorf\"><div class=\"container clearfix\"><div class=\"col-md-7\"><div class=\"tipos\"><svg id=\"stars\" style=\"display: none;\" version=\"1.1\">\n\t<symbol id=\"stars-full-star\" viewBox=\"0 0 102 18\">\n\t\t<path d=\"M9.5 14.25l-5.584 2.936 1.066-6.218L.465 6.564l6.243-.907L9.5 0l2.792 5.657 6.243.907-4.517 4.404 1.066 6.218\" \/>\n\t<\/symbol>\n\n\t<symbol id=\"stars-half-star\" viewBox=\"0 0 102 18\">\n\t\t<path d=\"M9.5 14.25l-5.584 2.936 1.066-6.218L.465 6.564l6.243-.907L9.5 0l2.792\" fill=\"#ffdc0f\" \/>\n\t<\/symbol>\n\n\t<symbol id=\"stars-all-star\" viewBox=\"0 0 102 18\">\n\t\t<use xlink:href=\"#stars-full-star\" \/>\n\t\t<use xlink:href=\"#stars-full-star\" transform=\"translate(21)\" \/>\n\t\t<use xlink:href=\"#stars-full-star\" transform=\"translate(42)\" \/>\n\t\t<use xlink:href=\"#stars-full-star\" transform=\"translate(63)\" \/>\n\t\t<use xlink:href=\"#stars-full-star\" transform=\"translate(84)\" \/>\n\t<\/symbol>\n\n\t<symbol id=\"stars-0\" viewBox=\"0 0 102 18\">\n\t\t<use xlink:href=\"#stars-all-star\" fill=\"#e5e5e5\" \/>\n\t<\/symbol>\n\n\t<symbol id=\"stars-1\" viewBox=\"0 0 102 18\">\n\t\t<use xlink:href=\"#stars-0\" \/>\n\t\t<use xlink:href=\"#stars-half-star\" \/>\n\t<\/symbol>\n\n\t<symbol id=\"stars-2\" viewBox=\"0 0 102 18\">\n\t\t<use xlink:href=\"#stars-0\" \/>\n\t\t<use xlink:href=\"#stars-full-star\" fill=\"#ffdc0f\" \/>\n\t<\/symbol>\n\n\t<symbol id=\"stars-3\" viewBox=\"0 0 102 18\">\n\t\t<use xlink:href=\"#stars-2\" \/>\n\t\t<use xlink:href=\"#stars-half-star\" transform=\"translate(21)\" \/>\n\t<\/symbol>\n\n\t<symbol id=\"stars-4\" viewBox=\"0 0 102 18\">\n\t\t<use xlink:href=\"#stars-2\" \/>\n\t\t<use xlink:href=\"#stars-full-star\" fill=\"#ffdc0f\" transform=\"translate(21)\" \/>\n\t<\/symbol>\n\n\t<symbol id=\"stars-5\" viewBox=\"0 0 102 18\">\n\t\t<use xlink:href=\"#stars-4\" \/>\n\t\t<use xlink:href=\"#stars-half-star\" transform=\"translate(42)\" \/>\n\t<\/symbol>\n\n\t<symbol id=\"stars-6\" viewBox=\"0 0 102 18\">\n\t\t<use xlink:href=\"#stars-4\" \/>\n\t\t<use xlink:href=\"#stars-full-star\" fill=\"#ffdc0f\" transform=\"translate(42)\" \/>\n\t<\/symbol>\n\n\t<symbol id=\"stars-7\" viewBox=\"0 0 102 18\">\n\t\t<use xlink:href=\"#stars-6\" \/>\n\t\t<use xlink:href=\"#stars-half-star\" transform=\"translate(63)\" \/>\n\t<\/symbol>\n\n\t<symbol id=\"stars-8\" viewBox=\"0 0 102 18\">\n\t\t<use xlink:href=\"#stars-6\" \/>\n\t\t<use xlink:href=\"#stars-full-star\" fill=\"#ffdc0f\" transform=\"translate(63)\" \/>\n\t<\/symbol>\n\n\t<symbol id=\"stars-9\" viewBox=\"0 0 102 18\">\n\t\t<use xlink:href=\"#stars-8\" \/>\n\t\t<use xlink:href=\"#stars-half-star\" transform=\"translate(84)\" \/>\n\t<\/symbol>\n\n\t<symbol id=\"stars-10\" viewBox=\"0 0 102 18\">\n\t\t<use xlink:href=\"#stars-all-star\" fill=\"#ffdc0f\" \/>\n\t<\/symbol>\n<\/svg>\n\r\n<!-- \/wp:post-content -->\r\n\r\n<!-- wp:paragraph \/-->\r\n\r\n<!-- wp:paragraph \/-->\r\n\r\n<!-- wp:paragraph \/-->\r\n\r\n<!-- wp:paragraph \/-->\r\n\r\n<!-- wp:paragraph -->\r\n<h2><span class=\"ez-toc-section\" id=\"Coberturas_de_los_seguros_de_decesos_para_Colombia\"><\/span>Coberturas de los seguros de decesos para Colombia<span class=\"ez-toc-section-end\"><\/span><\/h2>\r\n<p>Los seguros de decesos con repatriaci\u00f3n est\u00e1n dise\u00f1ados para aquellas personas procedentes de otros pa\u00edses, puedan descansar en su pa\u00eds de origen. El principal objetivo de estos seguros es asegurar la <strong>mayor tranquilidad a los familiares al no tener que hacer frente a los altos gastos relacionados con la repatriaci\u00f3n.<\/strong><\/p>\r\n<p>Las personas extranjeras tendr\u00e1n las mismas condiciones que cualquier otra persona. La \u00fanica diferencia es que se incluye la repatriaci\u00f3n. Estas personas adem\u00e1s, pueden beneficiarse de una serie de coberturas como <strong>descuentos en servicios dentales, asistencia jur\u00eddica y legal o borrado de la huella digital.<\/strong><\/p>\r\n<div class=\"tipo2 \"  ><div class=\"cuadro_tipo\"><div class=\"tipo_icon\"><i class=\"fas fa-cubes\"><\/i><!--span class=\"dashicons dashicons-image-filter\"><\/span--><\/div><div class=\"titulo_tipo titulo\">Coberturas Obligatorias<\/div><div class=\"texto_tipo\">\r\n<ul>\r\n<li><span style=\"font-weight: 400;\">Servicio f\u00fanebre completo<\/span><\/li>\r\n<li><span style=\"font-weight: 400;\">Traslado y libre elecci\u00f3n de cementerio<\/span><\/li>\r\n<li><span style=\"font-weight: 400;\">Tr\u00e1mites de gestor\u00eda<\/span><\/li>\r\n<li><span style=\"font-weight: 400;\">Asistencia en viajes<\/span><\/li>\r\n<li>Billete de ida y vuelta de un acompa\u00f1ante<\/li>\r\n<\/ul>\r\n<p><\/div><hr>Valoraci\u00f3n en iDecesos.com<div class=\"tipo_estrellas\">\n\t\t\t<svg class=\"icon\">\t\t<use xlink:href=\"#stars-9\">\t<\/svg>\n\t\t\t<!--img src=\"https:\/\/idecesos.com\/img\/stars_9.png\" alt=\"9\/10\" style=\"height:auto; width:120px; color:white; font-weight:700; box-sizing:border-box; border:0; vertical-align: middle;  \"-->\n\t\t\t<\/div><hr><div class=\"enlace_tipo\"><button type=\"button\" class=\"\" data-bs-toggle=\"modal\" data-bs-target=\"#comparadorModal\">\n\t\t\t\t\t\t<span class=\"\">Ver Precios<\/span>\t\t\t\t\n\t\t\t\t\t<\/button><\/div><\/div><\/div> <div class=\"tipo2 \"  ><div class=\"cuadro_tipo\"><div class=\"tipo_icon\"><i class=\"fas fa-cubes\"><\/i><!--span class=\"dashicons dashicons-image-filter\"><\/span--><\/div><div class=\"titulo_tipo titulo\">Coberturas Opcionales<\/div><div class=\"texto_tipo\"><\/p>\r\n<ul>\r\n<li><span style=\"font-weight: 400;\">Accidentes<\/span><\/li>\r\n<li><span style=\"font-weight: 400;\">Odontolog\u00eda<\/span><\/li>\r\n<li><span style=\"font-weight: 400;\">Indemnizaci\u00f3n por hospitalizaci\u00f3n<\/span><\/li>\r\n<li><span style=\"font-weight: 400;\">Ayuda psicol\u00f3gica<\/span><\/li>\r\n<li><span style=\"font-weight: 400;\">Segundo diagn\u00f3stico m\u00e9dico<\/span><\/li>\r\n<\/ul>\r\n<p><\/div><hr>Valoraci\u00f3n en iDecesos.com<div class=\"tipo_estrellas\">\n\t\t\t<svg class=\"icon\">\t\t<use xlink:href=\"#stars-10\">\t<\/svg>\n\t\t\t<!--img src=\"https:\/\/idecesos.com\/img\/stars_10.png\" alt=\"10\/10\" style=\"height:auto; width:120px; color:white; font-weight:700; box-sizing:border-box; border:0; vertical-align: middle;  \"-->\n\t\t\t<\/div><hr><div class=\"enlace_tipo\"><button type=\"button\" class=\"\" data-bs-toggle=\"modal\" data-bs-target=\"#comparadorModal\">\n\t\t\t\t\t\t<span class=\"\">Ver Precios<\/span>\t\t\t\t\n\t\t\t\t\t<\/button><\/div><\/div><\/div> Algunas de las aseguradoras que ofrecen los seguros de decesos con repatriaci\u00f3n son Caser Seguros, Adeslas o Generali.<\/p>\r\n<p>Adem\u00e1s, en estas p\u00f3lizas de decesos, pueden incluir adem\u00e1s del billete de ida y vuelta para un acompa\u00f1ante, el servicio de cremaci\u00f3n o l\u00ednea m\u00e9dica las 24 horas. Sin embargo, <strong>aconsejamos usar el comparador de iDecesos para que tengas una mayor seguridad del seguro que contratas.<\/strong><\/p>\r\n<\/div><\/div><\/div><\/div>\r\n<h2><span class=\"ez-toc-section\" id=\"Ventajas_de_contratar_un_seguro_de_decesos_para_Colombia\"><\/span>Ventajas de contratar un seguro de decesos para Colombia<span class=\"ez-toc-section-end\"><\/span><\/h2>\r\n<p>En cuanto a las ventajas de los seguros de decesos para Colombia, son muchas. En primer lugar, aliviar\u00e1s a tus familiares <strong>al no tener que hacer frente a los gastos relacionados con la repatriaci\u00f3n.<\/strong><\/p>\r\n<p>En el \u00e1mbito emocional, tus familiares solo tendr\u00e1n que preocuparse de lo que realmente importa ese d\u00eda y eso <strong>evitar\u00e1 un dolor adicional a\u00f1adido al fallecimiento.<\/strong><\/p>\r\n<p>Y por \u00faltimo, tendr\u00e1s la certeza de que las aseguradoras se encargar\u00e1n de todo el proceso y que puedes <strong>beneficiarte de una serie de coberturas antes y durante el tiempo que dure el contrato.<\/strong><\/p>\r\n<!-- \/wp:paragraph -->\r\n\r\n<!-- wp:paragraph -->\r\n<div class=\"colorf\"><div class=\"container clearfix\"><div class=\"col-md-7\">\r\n<!-- \/wp:paragraph -->\r\n\r\n<!-- wp:paragraph \/-->\r\n\r\n<!-- wp:paragraph -->\r\n<h2><span class=\"ez-toc-section\" id=\"Precios_de_seguros_de_decesos_para_Colombia\"><\/span>Precios de seguros de decesos para Colombia<span class=\"ez-toc-section-end\"><\/span><\/h2>\r\n<p>Cada vez recibimos m\u00e1s llamadas de personas pregunt\u00e1ndonos sobre los precios de estos seguros de decesos. Esto variar\u00e1 dependiendo de cada compa\u00f1\u00eda y sobre todo de las coberturas complementarias a\u00f1adidas. Adem\u00e1s, hay otros factores determinantes para el precio de los seguros de decesos.<\/p>\r\n<p>Hablamos de la edad de la persona, el capital asegurado y la localidad de residencia. Para una mayor seguridad, <strong>usa el comparador de iDecesos y conoce cu\u00e1l es el mejor seguro para ti y para los tuyos.<\/strong><\/p>\r\n<p>Podr\u00e1s encontrarlo desde tan solo 1,90 euros al mes.<\/p>\r\n<!-- \/wp:paragraph -->\r\n\r\n<!-- wp:paragraph -->\r\n<p>[\/bloque] <\/div><\/div><\/div><\/div><\/p>\r\n<!-- \/wp:paragraph -->\r\n<div class=\"oficinas\">\r\n<h3><span class=\"ez-toc-section\" id=\"Paginas_relacionadas\"><\/span>P\u00e1ginas relacionadas<span class=\"ez-toc-section-end\"><\/span><\/h3>\r\n<ul><li><a href=\"https:\/\/idecesos.com\/seguros\/paises\/america\/\"><span>Seguro Decesos Am\u00e9rica<\/span><\/a><\/li><li><a href=\"https:\/\/idecesos.com\/seguros\/paises\/argentina\/\"><span>Seguro Decesos Argentina<\/span><\/a><\/li><li><a href=\"https:\/\/idecesos.com\/seguros\/paises\/peru\/\"><span>Seguro Decesos para Per\u00fa<\/span><\/a><\/li><li><a href=\"https:\/\/idecesos.com\/seguros\/paises\/venezuela\/\"><span>Seguro Decesos para Venezuela<\/span><\/a><\/li><li><a href=\"https:\/\/idecesos.com\/seguros\/paises\/chile\/\"><span>Seguro de Decesos para Chile<\/span><\/a><\/li><li><a href=\"https:\/\/idecesos.com\/seguros\/paises\/china\/\"><span>Seguro de Decesos para China<\/span><\/a><\/li><li><a href=\"https:\/\/idecesos.com\/seguros\/paises\/estados-unidos\/\"><span>Seguro de Decesos para EEUU<\/span><\/a><\/li><li><a href=\"https:\/\/idecesos.com\/seguros\/paises\/francia\/\"><span>Seguro de Decesos para Francia<\/span><\/a><\/li><li><a href=\"https:\/\/idecesos.com\/seguros\/paises\/irlanda\/\"><span>Seguro de Decesos para Irlanda<\/span><\/a><\/li><li><a href=\"https:\/\/idecesos.com\/seguros\/paises\/italia\/\"><span>Seguro de Decesos para Italia<\/span><\/a><\/li><\/ul>","protected":false},"excerpt":{"rendered":"<p>Cada vez son m\u00e1s las personas que se preocupan por asegurar su tranquilidad y la de los suyos. Sobre todo, aquellas personas que residen en Espa\u00f1a pero que procede de otros pa\u00edses como en este caso Colombia. Para estas personas, es muy importante que todo quede cubierto en el momento de la defunci\u00f3n. Por ello,&hellip; <\/p>\n","protected":false},"author":2,"featured_media":0,"parent":531,"menu_order":0,"comment_status":"open","ping_status":"closed","template":"single.php","meta":{"footnotes":""},"class_list":["post-562","page","type-page","status-publish","hentry"],"yoast_head":"<!-- This site is optimized with the Yoast SEO plugin v27.3 - https:\/\/yoast.com\/product\/yoast-seo-wordpress\/ -->\n<title>Seguro de Decesos para Colombia \u25b7 Calcular Coberturas y Precios 2026<\/title>\n<meta name=\"description\" content=\"Calcula aqu\u00ed el mejor\u3010seguro de decesos para Colombia\u3011\u2611\ufe0fCoberturas, precios y con traslado de cadaver a Colombia: Oferta de iDecesos\u00ae\" \/>\n<meta name=\"robots\" content=\"index, follow, max-snippet:-1, max-image-preview:large, max-video-preview:-1\" \/>\n<link rel=\"canonical\" href=\"https:\/\/idecesos.com\/seguros\/paises\/colombia\/\" \/>\n<meta property=\"og:locale\" content=\"es_ES\" \/>\n<meta property=\"og:type\" content=\"article\" \/>\n<meta property=\"og:title\" content=\"Seguro de Decesos para Colombia \u25b7 Calcular Coberturas y Precios 2026\" \/>\n<meta property=\"og:description\" content=\"Calcula aqu\u00ed el mejor\u3010seguro de decesos para Colombia\u3011\u2611\ufe0fCoberturas, precios y con traslado de cadaver a Colombia: Oferta de iDecesos\u00ae\" \/>\n<meta property=\"og:url\" content=\"https:\/\/idecesos.com\/seguros\/paises\/colombia\/\" \/>\n<meta property=\"article:modified_time\" content=\"2022-01-17T09:49:04+00:00\" \/>\n<meta name=\"twitter:card\" content=\"summary_large_image\" \/>\n<meta name=\"twitter:label1\" content=\"Tiempo de lectura\" \/>\n\t<meta name=\"twitter:data1\" content=\"5 minutos\" \/>\n<script type=\"application\/ld+json\" class=\"yoast-schema-graph\">{\"@context\":\"https:\\\/\\\/schema.org\",\"@graph\":[{\"@type\":\"WebPage\",\"@id\":\"https:\\\/\\\/idecesos.com\\\/seguros\\\/paises\\\/colombia\\\/\",\"url\":\"https:\\\/\\\/idecesos.com\\\/seguros\\\/paises\\\/colombia\\\/\",\"name\":\"Seguro de Decesos para Colombia \u25b7 Calcular Coberturas y Precios 2026\",\"isPartOf\":{\"@id\":\"https:\\\/\\\/idecesos.com\\\/seguros\\\/#website\"},\"datePublished\":\"2021-07-12T11:46:55+00:00\",\"dateModified\":\"2022-01-17T09:49:04+00:00\",\"description\":\"Calcula aqu\u00ed el mejor\u3010seguro de decesos para Colombia\u3011\u2611\ufe0fCoberturas, precios y con traslado de cadaver a Colombia: Oferta de iDecesos\u00ae\",\"breadcrumb\":{\"@id\":\"https:\\\/\\\/idecesos.com\\\/seguros\\\/paises\\\/colombia\\\/#breadcrumb\"},\"inLanguage\":\"es\",\"potentialAction\":[{\"@type\":\"ReadAction\",\"target\":[\"https:\\\/\\\/idecesos.com\\\/seguros\\\/paises\\\/colombia\\\/\"]}]},{\"@type\":\"BreadcrumbList\",\"@id\":\"https:\\\/\\\/idecesos.com\\\/seguros\\\/paises\\\/colombia\\\/#breadcrumb\",\"itemListElement\":[{\"@type\":\"ListItem\",\"position\":1,\"name\":\"Portada\",\"item\":\"https:\\\/\\\/idecesos.com\\\/seguros\\\/\"},{\"@type\":\"ListItem\",\"position\":2,\"name\":\"Seguro Decesos Extranjeros\",\"item\":\"https:\\\/\\\/idecesos.com\\\/seguros\\\/paises\\\/\"},{\"@type\":\"ListItem\",\"position\":3,\"name\":\"Seguro de Decesos para Colombia\"}]},{\"@type\":\"WebSite\",\"@id\":\"https:\\\/\\\/idecesos.com\\\/seguros\\\/#website\",\"url\":\"https:\\\/\\\/idecesos.com\\\/seguros\\\/\",\"name\":\"\",\"description\":\"\",\"potentialAction\":[{\"@type\":\"SearchAction\",\"target\":{\"@type\":\"EntryPoint\",\"urlTemplate\":\"https:\\\/\\\/idecesos.com\\\/seguros\\\/?s={search_term_string}\"},\"query-input\":{\"@type\":\"PropertyValueSpecification\",\"valueRequired\":true,\"valueName\":\"search_term_string\"}}],\"inLanguage\":\"es\"}]}<\/script>\n<!-- \/ Yoast SEO plugin. -->","yoast_head_json":{"title":"Seguro de Decesos para Colombia \u25b7 Calcular Coberturas y Precios 2026","description":"Calcula aqu\u00ed el mejor\u3010seguro de decesos para Colombia\u3011\u2611\ufe0fCoberturas, precios y con traslado de cadaver a Colombia: Oferta de iDecesos\u00ae","robots":{"index":"index","follow":"follow","max-snippet":"max-snippet:-1","max-image-preview":"max-image-preview:large","max-video-preview":"max-video-preview:-1"},"canonical":"https:\/\/idecesos.com\/seguros\/paises\/colombia\/","og_locale":"es_ES","og_type":"article","og_title":"Seguro de Decesos para Colombia \u25b7 Calcular Coberturas y Precios 2026","og_description":"Calcula aqu\u00ed el mejor\u3010seguro de decesos para Colombia\u3011\u2611\ufe0fCoberturas, precios y con traslado de cadaver a Colombia: Oferta de iDecesos\u00ae","og_url":"https:\/\/idecesos.com\/seguros\/paises\/colombia\/","article_modified_time":"2022-01-17T09:49:04+00:00","twitter_card":"summary_large_image","twitter_misc":{"Tiempo de lectura":"5 minutos"},"schema":{"@context":"https:\/\/schema.org","@graph":[{"@type":"WebPage","@id":"https:\/\/idecesos.com\/seguros\/paises\/colombia\/","url":"https:\/\/idecesos.com\/seguros\/paises\/colombia\/","name":"Seguro de Decesos para Colombia \u25b7 Calcular Coberturas y Precios 2026","isPartOf":{"@id":"https:\/\/idecesos.com\/seguros\/#website"},"datePublished":"2021-07-12T11:46:55+00:00","dateModified":"2022-01-17T09:49:04+00:00","description":"Calcula aqu\u00ed el mejor\u3010seguro de decesos para Colombia\u3011\u2611\ufe0fCoberturas, precios y con traslado de cadaver a Colombia: Oferta de iDecesos\u00ae","breadcrumb":{"@id":"https:\/\/idecesos.com\/seguros\/paises\/colombia\/#breadcrumb"},"inLanguage":"es","potentialAction":[{"@type":"ReadAction","target":["https:\/\/idecesos.com\/seguros\/paises\/colombia\/"]}]},{"@type":"BreadcrumbList","@id":"https:\/\/idecesos.com\/seguros\/paises\/colombia\/#breadcrumb","itemListElement":[{"@type":"ListItem","position":1,"name":"Portada","item":"https:\/\/idecesos.com\/seguros\/"},{"@type":"ListItem","position":2,"name":"Seguro Decesos Extranjeros","item":"https:\/\/idecesos.com\/seguros\/paises\/"},{"@type":"ListItem","position":3,"name":"Seguro de Decesos para Colombia"}]},{"@type":"WebSite","@id":"https:\/\/idecesos.com\/seguros\/#website","url":"https:\/\/idecesos.com\/seguros\/","name":"","description":"","potentialAction":[{"@type":"SearchAction","target":{"@type":"EntryPoint","urlTemplate":"https:\/\/idecesos.com\/seguros\/?s={search_term_string}"},"query-input":{"@type":"PropertyValueSpecification","valueRequired":true,"valueName":"search_term_string"}}],"inLanguage":"es"}]}},"_links":{"self":[{"href":"https:\/\/idecesos.com\/seguros\/wp-json\/wp\/v2\/pages\/562","targetHints":{"allow":["GET"]}}],"collection":[{"href":"https:\/\/idecesos.com\/seguros\/wp-json\/wp\/v2\/pages"}],"about":[{"href":"https:\/\/idecesos.com\/seguros\/wp-json\/wp\/v2\/types\/page"}],"author":[{"embeddable":true,"href":"https:\/\/idecesos.com\/seguros\/wp-json\/wp\/v2\/users\/2"}],"replies":[{"embeddable":true,"href":"https:\/\/idecesos.com\/seguros\/wp-json\/wp\/v2\/comments?post=562"}],"version-history":[{"count":10,"href":"https:\/\/idecesos.com\/seguros\/wp-json\/wp\/v2\/pages\/562\/revisions"}],"predecessor-version":[{"id":18794,"href":"https:\/\/idecesos.com\/seguros\/wp-json\/wp\/v2\/pages\/562\/revisions\/18794"}],"up":[{"embeddable":true,"href":"https:\/\/idecesos.com\/seguros\/wp-json\/wp\/v2\/pages\/531"}],"wp:attachment":[{"href":"https:\/\/idecesos.com\/seguros\/wp-json\/wp\/v2\/media?parent=562"}],"curies":[{"name":"wp","href":"https:\/\/api.w.org\/{rel}","templated":true}]}}