{"id":564,"date":"2021-07-12T11:48:17","date_gmt":"2021-07-12T11:48:17","guid":{"rendered":"https:\/\/idecesos.com\/seguros\/?page_id=564"},"modified":"2022-01-19T18:50:55","modified_gmt":"2022-01-19T18:50:55","slug":"nules","status":"publish","type":"page","link":"https:\/\/idecesos.com\/seguros\/companias\/caixa-rural\/nules\/","title":{"rendered":"Seguro de Decesos Caixa Rural Nules"},"content":{"rendered":"<p>Cajamar Caja Rural es la entidad financiera resultante de la fusi\u00f3n de las 19 entidades de Andaluc\u00eda Oriental, Murcia, Madrid, Castilla y Le\u00f3n, Baleares, Comunidad Valenciana y Canarias y Caixa Albalat.\u200b Fue fundada en 1963 y como entidad de cabecera forma parte del Grupo Cooperativo Cajamar. Dentro de ella se encuentra la entidad que vamos a comentar en este art\u00edculo Caixa Rural Nules que pertenece a la Comunidad Valenciana.<\/p>\n<p>Dicho grupo pone a tu disposici\u00f3n diferentes seguros con las mejores condiciones. Entre ellos se encuentran el seguro de vida, autom\u00f3vil, decesos, de responsabilidad civil del cazador y pescador, seguro del hogar y seguro de accidentes. Una gran variedad pensada para ti y para tus necesidades.<\/p>\n<p>En este art\u00edculo nos centraremos en hablar sobre el seguro de decesos de Caixa Rural Nules y todos los planes y coberturas que te ofrece. Con coberturas antes, durante y despu\u00e9s del sepelio este seguro dar\u00e1 tranquilidad a tus familiares y seres queridos en uno de los momentos m\u00e1s duros como es la p\u00e9rdida de alguien cercano.<\/p>\n<p>Sin un seguro de decesos todo se puede complicar, pues todos los gastos asociados a un entierro tendr\u00e1n que ser acarreados por sus familiares o amigos. Entre algunos de ellos se encuentran el ata\u00fad, el tanatorio, el coche f\u00fanebre, el traslado nacional o internacional en el caso de que el fallecimiento se produzca en otra ciudad o pa\u00eds y el alquiler del nicho. Todo esto sin contar con las flores, los recordatorios, esquelas, entre otras cosas t\u00edpicas de la ceremonia. Es por esto que Caixa Rural Nules te ofrece un buen seguro con grandes coberturas para que no tengas que preocuparte por nada.<\/p>\n<p>Las coberturas que te ofrece antes del sepelio son ayuda psicol\u00f3gica, consulta jur\u00eddica, traslados enfermos\/accidentados, gastos m\u00e9dicos en extranjero, prolongaci\u00f3n estancia en hotel, env\u00edo de medicamentos, gastos odontol\u00f3gicos de urgencia en extranjero, b\u00fasqueda y localizaci\u00f3n de equipajes, adelanto de fondos, pago de emergencia a hospitales, env\u00edo de documentos, consulta m\u00e9dica telef\u00f3nica, b\u00fasqueda y env\u00edo de un m\u00e9dico, env\u00edo ambulancia, servicio de informaci\u00f3n, intervenciones de urgencia, 2\u00aa opini\u00f3n m\u00e9dica, acceso a red de Servicios M\u00e9dicos, servicio M\u00e9dico a Domicilio, test de H\u00e1bitos Saludables, servicio de Asesor Nutricional, acceso a Red de servicios dentales, telefarmacia, subsidio diario por cada d\u00eda hospitalizado, personal de limpieza a domicilio, catering a domicilio, asistencia veterinaria a domicilio y servicio de acompa\u00f1amiento.<\/p>\n<p>Durante el sepelio las coberturas que te ofrecen son gesti\u00f3n y gastos del sepelio, acompa\u00f1ado y asesorado durante todo el proceso, gastos m\u00e9dico-legales, traslado mundial m\u00e1s la asistencia en viaje, servicio de acompa\u00f1amiento y guarder\u00eda a domicilio, servicio de asistencia a animales dom\u00e9sticos y indemnizaci\u00f3n por fallecimiento accidental.<\/p>\n<p>Por \u00faltimo, las coberturas que te brindan despu\u00e9s del fallecimiento son la gesti\u00f3n del fin de la vida digital y el servicio de Gestor\u00eda.<\/p>\n<p>Hay diferentes primas en el seguro de Decesos de Caixa Rural Nules. Todo esto lo hacen para que puedas elegir la que m\u00e1s se adapte a tus necesidades y se amolde a lo que andas buscando. Entre ellas se encuentra la prima \u00fanica, natural, nivelada, mixta y seminatural. A continuaci\u00f3n, te comentaremos las ventajas que tiene cada una de ellas.<\/p>\n<p>En la Prima \u00danica el pago se realiza de una sola vez. En la Prima Natural, el precio de la p\u00f3liza se incrementa conforme lo hace la edad del asegurado. Se sostiene que a mayor edad, mayor riesgo. En la Prima Nivelada la prima se mantendr\u00e1 constante y estable durante toda la vigencia del contrato. No obstante, puede haber variaciones de acuerdo a subidas de los costes funerarios. La Prima Mixta es una combinaci\u00f3n de las dos anteriores. Al inicio del contrato, el tipo de prima ser\u00e1 natural. Ir\u00e1 aumentando el precio conforme la edad. Sin embargo, cuando se alcance una cierta edad, la prima se nivela. La Prima Seminatural es la prima que permanece invariable durante cinco a\u00f1os. Es un tipo de prima en la que se va revisando el contrato cada ese cierto tiempo.<\/p>\n<p>Si est\u00e1s indeciso y cansado de indagar sobre cu\u00e1l es el mejor seguro de decesos para ti, no te preocupes. Puedes usar nuestro comparador de iDecesos. Con tan solo rellenar los datos que te piden, encontrar\u00e1s el mejor seguro y al mejor precio de la manera m\u00e1s f\u00e1cil y r\u00e1pida que se te puedan ofrecer. Adem\u00e1s, sabr\u00e1s que coberturas est\u00e1n incluidas y cu\u00e1les no.<\/p>\n<p>Contacte con nosotros a trav\u00e9s del 951 127 403 si necesitas resolver alguna duda. Estaremos encantados de ayudarte.<\/p>\n<h3>P\u00e1ginas relacionadas<\/h3><div class=\"enlazado\"><ul> <li><a href=\"https:\/\/idecesos.com\/seguros\/companias\/caixa-rural\/opiniones\/\">Opiniones Caixa Rural<\/a><\/li> <li><a href=\"https:\/\/idecesos.com\/seguros\/companias\/caixa-rural\/precio\/\">Precio seguro Caixa Rural<\/a><\/li> <li><a href=\"https:\/\/idecesos.com\/seguros\/companias\/caixa-rural\/prima-mixta\/\">Caixa Rural Prima Mixta<\/a><\/li> <li><a href=\"https:\/\/idecesos.com\/seguros\/companias\/caixa-rural\/prima-natural\/\">Caixa Rural Prima Natural<\/a><\/li> <li><a href=\"https:\/\/idecesos.com\/seguros\/companias\/caixa-rural\/prima-nivelada\/\">Caixa Rural Prima Nivelada<\/a><\/li> <li><a href=\"https:\/\/idecesos.com\/seguros\/companias\/caixa-rural\/prima-unica\/\">Caixa Rural Prima \u00danica<\/a><\/li> <li><a href=\"https:\/\/idecesos.com\/seguros\/companias\/caixa-rural\/repatriacion\/\">Caixa Rural Repatriaci\u00f3n<\/a><\/li> <li><a href=\"https:\/\/idecesos.com\/seguros\/companias\/caixa-rural\/telefono\/\">Tel\u00e9fono Gratuito Caixa Rural<\/a><\/li><\/ul><\/div>\n","protected":false},"excerpt":{"rendered":"<p>Cajamar Caja Rural es la entidad financiera resultante de la fusi\u00f3n de las 19 entidades de Andaluc\u00eda Oriental, Murcia, Madrid, Castilla y Le\u00f3n, Baleares, Comunidad Valenciana y Canarias y Caixa Albalat.\u200b Fue fundada en 1963 y como entidad de cabecera forma parte del Grupo Cooperativo Cajamar. Dentro de ella se encuentra la entidad que vamos&hellip; <\/p>\n","protected":false},"author":2,"featured_media":0,"parent":529,"menu_order":0,"comment_status":"open","ping_status":"closed","template":"single.php","meta":{"footnotes":""},"class_list":["post-564","page","type-page","status-publish","hentry"],"yoast_head":"<!-- This site is optimized with the Yoast SEO plugin v27.5 - https:\/\/yoast.com\/product\/yoast-seo-wordpress\/ -->\n<title>Seguro de Decesos Caixa Rural Nules -<\/title>\n<meta name=\"robots\" content=\"index, follow, max-snippet:-1, max-image-preview:large, max-video-preview:-1\" \/>\n<link rel=\"canonical\" href=\"https:\/\/idecesos.com\/seguros\/companias\/caixa-rural\/nules\/\" \/>\n<meta property=\"og:locale\" content=\"es_ES\" \/>\n<meta property=\"og:type\" content=\"article\" \/>\n<meta property=\"og:title\" content=\"Seguro de Decesos Caixa Rural Nules -\" \/>\n<meta property=\"og:description\" content=\"Cajamar Caja Rural es la entidad financiera resultante de la fusi\u00f3n de las 19 entidades de Andaluc\u00eda Oriental, Murcia, Madrid, Castilla y Le\u00f3n, Baleares, Comunidad Valenciana y Canarias y Caixa Albalat.\u200b Fue fundada en 1963 y como entidad de cabecera forma parte del Grupo Cooperativo Cajamar. Dentro de ella se encuentra la entidad que vamos&hellip;\" \/>\n<meta property=\"og:url\" content=\"https:\/\/idecesos.com\/seguros\/companias\/caixa-rural\/nules\/\" \/>\n<meta property=\"article:modified_time\" content=\"2022-01-19T18:50:55+00:00\" \/>\n<meta name=\"twitter:card\" content=\"summary_large_image\" \/>\n<meta name=\"twitter:label1\" content=\"Tiempo de lectura\" \/>\n\t<meta name=\"twitter:data1\" content=\"4 minutos\" \/>\n<script type=\"application\/ld+json\" class=\"yoast-schema-graph\">{\"@context\":\"https:\\\/\\\/schema.org\",\"@graph\":[{\"@type\":\"WebPage\",\"@id\":\"https:\\\/\\\/idecesos.com\\\/seguros\\\/companias\\\/caixa-rural\\\/nules\\\/\",\"url\":\"https:\\\/\\\/idecesos.com\\\/seguros\\\/companias\\\/caixa-rural\\\/nules\\\/\",\"name\":\"Seguro de Decesos Caixa Rural Nules -\",\"isPartOf\":{\"@id\":\"https:\\\/\\\/idecesos.com\\\/seguros\\\/#website\"},\"datePublished\":\"2021-07-12T11:48:17+00:00\",\"dateModified\":\"2022-01-19T18:50:55+00:00\",\"breadcrumb\":{\"@id\":\"https:\\\/\\\/idecesos.com\\\/seguros\\\/companias\\\/caixa-rural\\\/nules\\\/#breadcrumb\"},\"inLanguage\":\"es\",\"potentialAction\":[{\"@type\":\"ReadAction\",\"target\":[\"https:\\\/\\\/idecesos.com\\\/seguros\\\/companias\\\/caixa-rural\\\/nules\\\/\"]}]},{\"@type\":\"BreadcrumbList\",\"@id\":\"https:\\\/\\\/idecesos.com\\\/seguros\\\/companias\\\/caixa-rural\\\/nules\\\/#breadcrumb\",\"itemListElement\":[{\"@type\":\"ListItem\",\"position\":1,\"name\":\"Portada\",\"item\":\"https:\\\/\\\/idecesos.com\\\/seguros\\\/\"},{\"@type\":\"ListItem\",\"position\":2,\"name\":\"Compa\u00f1\u00edas de Seguros de Decesos en Espa\u00f1a\",\"item\":\"https:\\\/\\\/idecesos.com\\\/seguros\\\/companias\\\/\"},{\"@type\":\"ListItem\",\"position\":3,\"name\":\"Seguro de decesos Caixa Rural\",\"item\":\"https:\\\/\\\/idecesos.com\\\/seguros\\\/companias\\\/caixa-rural\\\/\"},{\"@type\":\"ListItem\",\"position\":4,\"name\":\"Seguro de Decesos Caixa Rural Nules\"}]},{\"@type\":\"WebSite\",\"@id\":\"https:\\\/\\\/idecesos.com\\\/seguros\\\/#website\",\"url\":\"https:\\\/\\\/idecesos.com\\\/seguros\\\/\",\"name\":\"\",\"description\":\"\",\"potentialAction\":[{\"@type\":\"SearchAction\",\"target\":{\"@type\":\"EntryPoint\",\"urlTemplate\":\"https:\\\/\\\/idecesos.com\\\/seguros\\\/?s={search_term_string}\"},\"query-input\":{\"@type\":\"PropertyValueSpecification\",\"valueRequired\":true,\"valueName\":\"search_term_string\"}}],\"inLanguage\":\"es\"}]}<\/script>\n<!-- \/ Yoast SEO plugin. -->","yoast_head_json":{"title":"Seguro de Decesos Caixa Rural Nules -","robots":{"index":"index","follow":"follow","max-snippet":"max-snippet:-1","max-image-preview":"max-image-preview:large","max-video-preview":"max-video-preview:-1"},"canonical":"https:\/\/idecesos.com\/seguros\/companias\/caixa-rural\/nules\/","og_locale":"es_ES","og_type":"article","og_title":"Seguro de Decesos Caixa Rural Nules -","og_description":"Cajamar Caja Rural es la entidad financiera resultante de la fusi\u00f3n de las 19 entidades de Andaluc\u00eda Oriental, Murcia, Madrid, Castilla y Le\u00f3n, Baleares, Comunidad Valenciana y Canarias y Caixa Albalat.\u200b Fue fundada en 1963 y como entidad de cabecera forma parte del Grupo Cooperativo Cajamar. Dentro de ella se encuentra la entidad que vamos&hellip;","og_url":"https:\/\/idecesos.com\/seguros\/companias\/caixa-rural\/nules\/","article_modified_time":"2022-01-19T18:50:55+00:00","twitter_card":"summary_large_image","twitter_misc":{"Tiempo de lectura":"4 minutos"},"schema":{"@context":"https:\/\/schema.org","@graph":[{"@type":"WebPage","@id":"https:\/\/idecesos.com\/seguros\/companias\/caixa-rural\/nules\/","url":"https:\/\/idecesos.com\/seguros\/companias\/caixa-rural\/nules\/","name":"Seguro de Decesos Caixa Rural Nules -","isPartOf":{"@id":"https:\/\/idecesos.com\/seguros\/#website"},"datePublished":"2021-07-12T11:48:17+00:00","dateModified":"2022-01-19T18:50:55+00:00","breadcrumb":{"@id":"https:\/\/idecesos.com\/seguros\/companias\/caixa-rural\/nules\/#breadcrumb"},"inLanguage":"es","potentialAction":[{"@type":"ReadAction","target":["https:\/\/idecesos.com\/seguros\/companias\/caixa-rural\/nules\/"]}]},{"@type":"BreadcrumbList","@id":"https:\/\/idecesos.com\/seguros\/companias\/caixa-rural\/nules\/#breadcrumb","itemListElement":[{"@type":"ListItem","position":1,"name":"Portada","item":"https:\/\/idecesos.com\/seguros\/"},{"@type":"ListItem","position":2,"name":"Compa\u00f1\u00edas de Seguros de Decesos en Espa\u00f1a","item":"https:\/\/idecesos.com\/seguros\/companias\/"},{"@type":"ListItem","position":3,"name":"Seguro de decesos Caixa Rural","item":"https:\/\/idecesos.com\/seguros\/companias\/caixa-rural\/"},{"@type":"ListItem","position":4,"name":"Seguro de Decesos Caixa Rural Nules"}]},{"@type":"WebSite","@id":"https:\/\/idecesos.com\/seguros\/#website","url":"https:\/\/idecesos.com\/seguros\/","name":"","description":"","potentialAction":[{"@type":"SearchAction","target":{"@type":"EntryPoint","urlTemplate":"https:\/\/idecesos.com\/seguros\/?s={search_term_string}"},"query-input":{"@type":"PropertyValueSpecification","valueRequired":true,"valueName":"search_term_string"}}],"inLanguage":"es"}]}},"_links":{"self":[{"href":"https:\/\/idecesos.com\/seguros\/wp-json\/wp\/v2\/pages\/564","targetHints":{"allow":["GET"]}}],"collection":[{"href":"https:\/\/idecesos.com\/seguros\/wp-json\/wp\/v2\/pages"}],"about":[{"href":"https:\/\/idecesos.com\/seguros\/wp-json\/wp\/v2\/types\/page"}],"author":[{"embeddable":true,"href":"https:\/\/idecesos.com\/seguros\/wp-json\/wp\/v2\/users\/2"}],"replies":[{"embeddable":true,"href":"https:\/\/idecesos.com\/seguros\/wp-json\/wp\/v2\/comments?post=564"}],"version-history":[{"count":18,"href":"https:\/\/idecesos.com\/seguros\/wp-json\/wp\/v2\/pages\/564\/revisions"}],"predecessor-version":[{"id":18901,"href":"https:\/\/idecesos.com\/seguros\/wp-json\/wp\/v2\/pages\/564\/revisions\/18901"}],"up":[{"embeddable":true,"href":"https:\/\/idecesos.com\/seguros\/wp-json\/wp\/v2\/pages\/529"}],"wp:attachment":[{"href":"https:\/\/idecesos.com\/seguros\/wp-json\/wp\/v2\/media?parent=564"}],"curies":[{"name":"wp","href":"https:\/\/api.w.org\/{rel}","templated":true}]}}