{"id":566,"date":"2021-07-12T11:50:17","date_gmt":"2021-07-12T11:50:17","guid":{"rendered":"https:\/\/idecesos.com\/seguros\/?page_id=566"},"modified":"2022-01-18T09:38:53","modified_gmt":"2022-01-18T09:38:53","slug":"ecuador","status":"publish","type":"page","link":"https:\/\/idecesos.com\/seguros\/paises\/ecuador\/","title":{"rendered":"Seguro de Decesos para Ecuador"},"content":{"rendered":"<div id=\"ez-toc-container\" class=\"ez-toc-v2_0_82_2 ez-toc-wrap-center counter-hierarchy ez-toc-counter ez-toc-custom ez-toc-container-direction\">\n<div class=\"ez-toc-title-container\">\n<p class=\"ez-toc-title\" style=\"cursor:inherit\">Tabla de Contenido<\/p>\n<span class=\"ez-toc-title-toggle\"><a href=\"#\" class=\"ez-toc-pull-right ez-toc-btn ez-toc-btn-xs ez-toc-btn-default ez-toc-toggle\" aria-label=\"Alternar tabla de contenidos\"><span class=\"ez-toc-js-icon-con\"><span class=\"\"><span class=\"eztoc-hide\" style=\"display:none;\">Toggle<\/span><span class=\"ez-toc-icon-toggle-span\"><svg style=\"fill: #db6415;color:#db6415\" xmlns=\"http:\/\/www.w3.org\/2000\/svg\" class=\"list-377408\" width=\"20px\" height=\"20px\" viewBox=\"0 0 24 24\" fill=\"none\"><path d=\"M6 6H4v2h2V6zm14 0H8v2h12V6zM4 11h2v2H4v-2zm16 0H8v2h12v-2zM4 16h2v2H4v-2zm16 0H8v2h12v-2z\" fill=\"currentColor\"><\/path><\/svg><svg style=\"fill: #db6415;color:#db6415\" class=\"arrow-unsorted-368013\" xmlns=\"http:\/\/www.w3.org\/2000\/svg\" width=\"10px\" height=\"10px\" viewBox=\"0 0 24 24\" version=\"1.2\" baseProfile=\"tiny\"><path d=\"M18.2 9.3l-6.2-6.3-6.2 6.3c-.2.2-.3.4-.3.7s.1.5.3.7c.2.2.4.3.7.3h11c.3 0 .5-.1.7-.3.2-.2.3-.5.3-.7s-.1-.5-.3-.7zM5.8 14.7l6.2 6.3 6.2-6.3c.2-.2.3-.5.3-.7s-.1-.5-.3-.7c-.2-.2-.4-.3-.7-.3h-11c-.3 0-.5.1-.7.3-.2.2-.3.5-.3.7s.1.5.3.7z\"\/><\/svg><\/span><\/span><\/span><\/a><\/span><\/div>\n<nav><ul class='ez-toc-list ez-toc-list-level-1 ' ><li class='ez-toc-page-1 ez-toc-heading-level-2'><a class=\"ez-toc-link ez-toc-heading-1\" href=\"https:\/\/idecesos.com\/seguros\/paises\/ecuador\/#Comparador_seguros_de_decesos_para_Ecuador\" >Comparador seguros de decesos para Ecuador<\/a><\/li><li class='ez-toc-page-1 ez-toc-heading-level-2'><a class=\"ez-toc-link ez-toc-heading-2\" href=\"https:\/\/idecesos.com\/seguros\/paises\/ecuador\/#Coberturas_de_los_seguros_de_decesos_para_Ecuador\" >Coberturas de los seguros de decesos para Ecuador<\/a><\/li><li class='ez-toc-page-1 ez-toc-heading-level-2'><a class=\"ez-toc-link ez-toc-heading-3\" href=\"https:\/\/idecesos.com\/seguros\/paises\/ecuador\/#Ventajas_de_contratar_un_seguro_de_decesos_para_Ecuador\" >Ventajas de contratar un seguro de decesos para Ecuador<\/a><\/li><li class='ez-toc-page-1 ez-toc-heading-level-2'><a class=\"ez-toc-link ez-toc-heading-4\" href=\"https:\/\/idecesos.com\/seguros\/paises\/ecuador\/#Precios_de_seguros_de_decesos_para_Ecuador\" >Precios de seguros de decesos para Ecuador<\/a><ul class='ez-toc-list-level-3' ><li class='ez-toc-heading-level-3'><a class=\"ez-toc-link ez-toc-heading-5\" href=\"https:\/\/idecesos.com\/seguros\/paises\/ecuador\/#Paginas_relacionadas\" >P\u00e1ginas relacionadas<\/a><\/li><\/ul><\/li><\/ul><\/nav><\/div>\n\n<p>El seguro m\u00e1s recomendable para aquellas personas extranjeras que residen en nuestro pa\u00eds es el seguro con repatriaci\u00f3n. Los seguros de decesos son uno de los m\u00e1s contratados despu\u00e9s del seguro de autom\u00f3vil ya que aseguran un <strong>mayor bienestar tanto al asegurado como a sus familiares.<\/strong><\/p>\n<p>Uno de los servicios m\u00e1s caros relacionados con la defunci\u00f3n de una persona es la repatriaci\u00f3n. Se estima que <strong>puede superar los 7.000 euros<\/strong> dependiendo del pa\u00eds al que se quiera trasladar el cuerpo.<\/p>\n<p>En este art\u00edculo vamos a mostrarte todas las ventajas de contar con un seguro de decesos con repatriaci\u00f3n para Ecuador, <strong>sus coberturas y los precios que puedes encontrarte en el mercado.<\/strong><\/p>\n<div class=\"colorf\"><div class=\"container clearfix\"><div class=\"col-md-7\">\n<p>En Espa\u00f1a podemos encontrarnos con personas que proceden de todos los pa\u00edses diferentes. Ya sean colombianos, ecuatorianos o peruanos. Los datos muestran que el <strong>12,9% de las personas que viven en Espa\u00f1a son extranjeras.<\/strong><\/p>\n<p>Los seguros han comenzado a comprender que son personas que han llegado a nuestro pa\u00eds en busca de nuevas oportunidades y que se encuentran lejos de sus familias. Una situaci\u00f3n que en caso de defunci\u00f3n del ser querido en Espa\u00f1a, <strong>los costes de la repatriaci\u00f3n ser\u00edan muy elevados.<\/strong><\/p>\n<p>De este modo, cada vez hay m\u00e1s aseguradoras que ofrecen seguros de decesos con repatriaci\u00f3n. Y siempre con la mejor calidad y al mejor servicio del momento. Cada aseguradora se encarga de estudiar las necesidades de cada persona <strong>para ofrecerles las mejores soluciones.<\/strong><\/p>\n<\/div><\/div><\/div>\n<p>En Espa\u00f1a, actualmente, viven unas 130.000 personas ecuatorianas. Un n\u00famero bastante elevado que ha permitido que las aseguradoras desarrollen nuevos productos y nuevas coberturas para cada uno de ellos. Y sobre todo, <strong>ajustando los seguros a sus situaciones econ\u00f3micas.<\/strong><\/p>\n<p>Con estos seguros de decesos, no solo estar\u00e1s mucho m\u00e1s tranquilo. <strong>Tus familiares tambi\u00e9n te lo agradecer\u00e1n.<\/strong><\/p>\n<div class=\"colorf\"><div class=\"container clearfix\"><div class=\"col-md-7\"><div class=\"tipos\"><svg id=\"stars\" style=\"display: none;\" version=\"1.1\">\n\t<symbol id=\"stars-full-star\" viewBox=\"0 0 102 18\">\n\t\t<path d=\"M9.5 14.25l-5.584 2.936 1.066-6.218L.465 6.564l6.243-.907L9.5 0l2.792 5.657 6.243.907-4.517 4.404 1.066 6.218\" \/>\n\t<\/symbol>\n\n\t<symbol id=\"stars-half-star\" viewBox=\"0 0 102 18\">\n\t\t<path d=\"M9.5 14.25l-5.584 2.936 1.066-6.218L.465 6.564l6.243-.907L9.5 0l2.792\" fill=\"#ffdc0f\" \/>\n\t<\/symbol>\n\n\t<symbol id=\"stars-all-star\" viewBox=\"0 0 102 18\">\n\t\t<use xlink:href=\"#stars-full-star\" \/>\n\t\t<use xlink:href=\"#stars-full-star\" transform=\"translate(21)\" \/>\n\t\t<use xlink:href=\"#stars-full-star\" transform=\"translate(42)\" \/>\n\t\t<use xlink:href=\"#stars-full-star\" transform=\"translate(63)\" \/>\n\t\t<use xlink:href=\"#stars-full-star\" transform=\"translate(84)\" \/>\n\t<\/symbol>\n\n\t<symbol id=\"stars-0\" viewBox=\"0 0 102 18\">\n\t\t<use xlink:href=\"#stars-all-star\" fill=\"#e5e5e5\" \/>\n\t<\/symbol>\n\n\t<symbol id=\"stars-1\" viewBox=\"0 0 102 18\">\n\t\t<use xlink:href=\"#stars-0\" \/>\n\t\t<use xlink:href=\"#stars-half-star\" \/>\n\t<\/symbol>\n\n\t<symbol id=\"stars-2\" viewBox=\"0 0 102 18\">\n\t\t<use xlink:href=\"#stars-0\" \/>\n\t\t<use xlink:href=\"#stars-full-star\" fill=\"#ffdc0f\" \/>\n\t<\/symbol>\n\n\t<symbol id=\"stars-3\" viewBox=\"0 0 102 18\">\n\t\t<use xlink:href=\"#stars-2\" \/>\n\t\t<use xlink:href=\"#stars-half-star\" transform=\"translate(21)\" \/>\n\t<\/symbol>\n\n\t<symbol id=\"stars-4\" viewBox=\"0 0 102 18\">\n\t\t<use xlink:href=\"#stars-2\" \/>\n\t\t<use xlink:href=\"#stars-full-star\" fill=\"#ffdc0f\" transform=\"translate(21)\" \/>\n\t<\/symbol>\n\n\t<symbol id=\"stars-5\" viewBox=\"0 0 102 18\">\n\t\t<use xlink:href=\"#stars-4\" \/>\n\t\t<use xlink:href=\"#stars-half-star\" transform=\"translate(42)\" \/>\n\t<\/symbol>\n\n\t<symbol id=\"stars-6\" viewBox=\"0 0 102 18\">\n\t\t<use xlink:href=\"#stars-4\" \/>\n\t\t<use xlink:href=\"#stars-full-star\" fill=\"#ffdc0f\" transform=\"translate(42)\" \/>\n\t<\/symbol>\n\n\t<symbol id=\"stars-7\" viewBox=\"0 0 102 18\">\n\t\t<use xlink:href=\"#stars-6\" \/>\n\t\t<use xlink:href=\"#stars-half-star\" transform=\"translate(63)\" \/>\n\t<\/symbol>\n\n\t<symbol id=\"stars-8\" viewBox=\"0 0 102 18\">\n\t\t<use xlink:href=\"#stars-6\" \/>\n\t\t<use xlink:href=\"#stars-full-star\" fill=\"#ffdc0f\" transform=\"translate(63)\" \/>\n\t<\/symbol>\n\n\t<symbol id=\"stars-9\" viewBox=\"0 0 102 18\">\n\t\t<use xlink:href=\"#stars-8\" \/>\n\t\t<use xlink:href=\"#stars-half-star\" transform=\"translate(84)\" \/>\n\t<\/symbol>\n\n\t<symbol id=\"stars-10\" viewBox=\"0 0 102 18\">\n\t\t<use xlink:href=\"#stars-all-star\" fill=\"#ffdc0f\" \/>\n\t<\/symbol>\n<\/svg>\n\n<h2><span class=\"ez-toc-section\" id=\"Comparador_seguros_de_decesos_para_Ecuador\"><\/span>Comparador seguros de decesos para Ecuador<span class=\"ez-toc-section-end\"><\/span><\/h2>\n<p>A la hora de elegir una compa\u00f1\u00eda de seguros de decesos, es normal que encuentres mucha informaci\u00f3n en internet. Unas aseguradoras te ofrecer\u00e1n unas coberturas y otras te ofrecer\u00e1n <strong>la posibilidad de contratar otras coberturas complementarias.<\/strong><\/p>\n<p>Hay que prestar atenci\u00f3n tambi\u00e9n a ciertos factores m\u00e1s all\u00e1 del precio y la modalidad de la tarifa. Tenemos que asegurarnos si la compa\u00f1\u00eda nos cubrir\u00e1 en nuestro pa\u00eds de origen o <strong>si est\u00e1 incluida la devoluci\u00f3n del capital no usado.<\/strong><\/p>\n<p>Por ello, desde iDecesos te recomendamos que uses nuestro comparador de seguros de decesos. Con tan solo rellenar los datos que te piden, <strong>c\u00f3digo postal, nombre y edad, encontrar\u00e1s el mejor seguro y al mejor precio solo para ti.<\/strong><\/p>\n<div class=\"entry-content\">\n<div class=\"bialty-container\"><\/div>\n<\/div>\n<div class=\"colorf\"><div class=\"container clearfix\"><div class=\"col-md-7\"><div class=\"tipos\"><svg id=\"stars\" style=\"display: none;\" version=\"1.1\">\n\t<symbol id=\"stars-full-star\" viewBox=\"0 0 102 18\">\n\t\t<path d=\"M9.5 14.25l-5.584 2.936 1.066-6.218L.465 6.564l6.243-.907L9.5 0l2.792 5.657 6.243.907-4.517 4.404 1.066 6.218\" \/>\n\t<\/symbol>\n\n\t<symbol id=\"stars-half-star\" viewBox=\"0 0 102 18\">\n\t\t<path d=\"M9.5 14.25l-5.584 2.936 1.066-6.218L.465 6.564l6.243-.907L9.5 0l2.792\" fill=\"#ffdc0f\" \/>\n\t<\/symbol>\n\n\t<symbol id=\"stars-all-star\" viewBox=\"0 0 102 18\">\n\t\t<use xlink:href=\"#stars-full-star\" \/>\n\t\t<use xlink:href=\"#stars-full-star\" transform=\"translate(21)\" \/>\n\t\t<use xlink:href=\"#stars-full-star\" transform=\"translate(42)\" \/>\n\t\t<use xlink:href=\"#stars-full-star\" transform=\"translate(63)\" \/>\n\t\t<use xlink:href=\"#stars-full-star\" transform=\"translate(84)\" \/>\n\t<\/symbol>\n\n\t<symbol id=\"stars-0\" viewBox=\"0 0 102 18\">\n\t\t<use xlink:href=\"#stars-all-star\" fill=\"#e5e5e5\" \/>\n\t<\/symbol>\n\n\t<symbol id=\"stars-1\" viewBox=\"0 0 102 18\">\n\t\t<use xlink:href=\"#stars-0\" \/>\n\t\t<use xlink:href=\"#stars-half-star\" \/>\n\t<\/symbol>\n\n\t<symbol id=\"stars-2\" viewBox=\"0 0 102 18\">\n\t\t<use xlink:href=\"#stars-0\" \/>\n\t\t<use xlink:href=\"#stars-full-star\" fill=\"#ffdc0f\" \/>\n\t<\/symbol>\n\n\t<symbol id=\"stars-3\" viewBox=\"0 0 102 18\">\n\t\t<use xlink:href=\"#stars-2\" \/>\n\t\t<use xlink:href=\"#stars-half-star\" transform=\"translate(21)\" \/>\n\t<\/symbol>\n\n\t<symbol id=\"stars-4\" viewBox=\"0 0 102 18\">\n\t\t<use xlink:href=\"#stars-2\" \/>\n\t\t<use xlink:href=\"#stars-full-star\" fill=\"#ffdc0f\" transform=\"translate(21)\" \/>\n\t<\/symbol>\n\n\t<symbol id=\"stars-5\" viewBox=\"0 0 102 18\">\n\t\t<use xlink:href=\"#stars-4\" \/>\n\t\t<use xlink:href=\"#stars-half-star\" transform=\"translate(42)\" \/>\n\t<\/symbol>\n\n\t<symbol id=\"stars-6\" viewBox=\"0 0 102 18\">\n\t\t<use xlink:href=\"#stars-4\" \/>\n\t\t<use xlink:href=\"#stars-full-star\" fill=\"#ffdc0f\" transform=\"translate(42)\" \/>\n\t<\/symbol>\n\n\t<symbol id=\"stars-7\" viewBox=\"0 0 102 18\">\n\t\t<use xlink:href=\"#stars-6\" \/>\n\t\t<use xlink:href=\"#stars-half-star\" transform=\"translate(63)\" \/>\n\t<\/symbol>\n\n\t<symbol id=\"stars-8\" viewBox=\"0 0 102 18\">\n\t\t<use xlink:href=\"#stars-6\" \/>\n\t\t<use xlink:href=\"#stars-full-star\" fill=\"#ffdc0f\" transform=\"translate(63)\" \/>\n\t<\/symbol>\n\n\t<symbol id=\"stars-9\" viewBox=\"0 0 102 18\">\n\t\t<use xlink:href=\"#stars-8\" \/>\n\t\t<use xlink:href=\"#stars-half-star\" transform=\"translate(84)\" \/>\n\t<\/symbol>\n\n\t<symbol id=\"stars-10\" viewBox=\"0 0 102 18\">\n\t\t<use xlink:href=\"#stars-all-star\" fill=\"#ffdc0f\" \/>\n\t<\/symbol>\n<\/svg>\n\n<h2><span class=\"ez-toc-section\" id=\"Coberturas_de_los_seguros_de_decesos_para_Ecuador\"><\/span>Coberturas de los seguros de decesos para Ecuador<span class=\"ez-toc-section-end\"><\/span><\/h2>\n<p>Cada vez son m\u00e1s las personas que quieren informarse sobre los seguros de decesos con repatriaci\u00f3n. Muchas de ellas proceden de Ecuador y quieren dejarlo todo atado para que en el momento de la defunci\u00f3n <strong>no tengan ning\u00fan problema al repatriar el cuerpo a su pa\u00eds de origen.<\/strong><\/p>\n<p>Las personas que contraten estos seguros sabr\u00e1n que tienen las mismas coberturas solo que en este caso, <strong>la repatriaci\u00f3n ser\u00e1 la clave.<\/strong><\/p>\n<p>Adem\u00e1s, puedes obtener muchos beneficios y ventajas al contratar el seguro de decesos como:<strong> servicios sanitarios y dentales, descuentos en gimnasios o l\u00edneas m\u00e9dicas gratuitas.<\/strong><\/p>\n<div class=\"tipo2 \"  ><div class=\"cuadro_tipo\"><div class=\"tipo_icon\"><i class=\"fas fa-cubes\"><\/i><!--span class=\"dashicons dashicons-image-filter\"><\/span--><\/div><div class=\"titulo_tipo titulo\">Coberturas Obligatorias<\/div><div class=\"texto_tipo\">\n<ul>\n<li>Servicio f\u00fanebre completo<\/li>\n<li>Traslado y libre elecci\u00f3n de cementerio<\/li>\n<li>Defensa jur\u00eddica<\/li>\n<li>Testamento vital<\/li>\n<li>Asistencia en viajes<\/li>\n<li>Billete de ida y vuelta de un acompa\u00f1ante<\/li>\n<\/ul>\n<p><\/div><hr>Valoraci\u00f3n en iDecesos.com<div class=\"tipo_estrellas\">\n\t\t\t<svg class=\"icon\">\t\t<use xlink:href=\"#stars-9\">\t<\/svg>\n\t\t\t<!--img src=\"https:\/\/idecesos.com\/img\/stars_9.png\" alt=\"9\/10\" style=\"height:auto; width:120px; color:white; font-weight:700; box-sizing:border-box; border:0; vertical-align: middle;  \"-->\n\t\t\t<\/div><hr><div class=\"enlace_tipo\"><button type=\"button\" class=\"\" data-bs-toggle=\"modal\" data-bs-target=\"#comparadorModal\">\n\t\t\t\t\t\t<span class=\"\">Ver Precios<\/span>\t\t\t\t\n\t\t\t\t\t<\/button><\/div><\/div><\/div> <div class=\"tipo2 \"  ><div class=\"cuadro_tipo\"><div class=\"tipo_icon\"><i class=\"fas fa-cubes\"><\/i><!--span class=\"dashicons dashicons-image-filter\"><\/span--><\/div><div class=\"titulo_tipo titulo\">Coberturas Opcionales<\/div><div class=\"texto_tipo\"><\/p>\n<ul>\n<li>Accidentes<\/li>\n<li>Odontolog\u00eda<\/li>\n<li>Conservaci\u00f3n ADN<\/li>\n<li>Indemnizaci\u00f3n por hospitalizaci\u00f3n<\/li>\n<li>Ayuda psicol\u00f3gica<\/li>\n<li>Segundo diagn\u00f3stico m\u00e9dico<\/li>\n<\/ul>\n<p><\/div><hr>Valoraci\u00f3n en iDecesos.com<div class=\"tipo_estrellas\">\n\t\t\t<svg class=\"icon\">\t\t<use xlink:href=\"#stars-10\">\t<\/svg>\n\t\t\t<!--img src=\"https:\/\/idecesos.com\/img\/stars_10.png\" alt=\"10\/10\" style=\"height:auto; width:120px; color:white; font-weight:700; box-sizing:border-box; border:0; vertical-align: middle;  \"-->\n\t\t\t<\/div><hr><div class=\"enlace_tipo\"><button type=\"button\" class=\"\" data-bs-toggle=\"modal\" data-bs-target=\"#comparadorModal\">\n\t\t\t\t\t\t<span class=\"\">Ver Precios<\/span>\t\t\t\t\n\t\t\t\t\t<\/button><\/div><\/div><\/div><\/p>\n<p>Son muchas las aseguradoras que podemos encontrar en el mercado que ofrecen seguros de decesos con repatriaci\u00f3n. Algunas de ellas son <strong>DKV, Adeslas, Generali o Caser Seguros.<\/strong><\/p>\n<p>Pero si quieres dar con el mejor seguro para ti y para los tuyos, no olvides usar nuestro comparador de iDecesos. En tan solo unos instantes tendr\u00e1s el <strong>presupuesto detallado disponible<\/strong> para que puedas comprobar las coberturas y el precio.<\/p>\n<\/div><\/div><\/div><\/div>\n<h2><span class=\"ez-toc-section\" id=\"Ventajas_de_contratar_un_seguro_de_decesos_para_Ecuador\"><\/span>Ventajas de contratar un seguro de decesos para Ecuador<span class=\"ez-toc-section-end\"><\/span><\/h2>\n<p>Uno de los motivos principales por los que las personas contratan los seguros de decesos con repatriaci\u00f3n es por los elevados costes que suponen <strong>hacer frente al traslado del cuerpo hasta el pa\u00eds de origen.<\/strong><\/p>\n<p>Con este seguro de decesos, tus familiares estar\u00e1n m\u00e1s aliviados y no tendr\u00e1n que hacer frente a los gastos y tr\u00e1mites tan costosos. Ser\u00e1 <strong>una labor de la aseguradora encargarse de todo el proceso.<\/strong><\/p>\n<p>Adem\u00e1s, muchas compa\u00f1\u00edas te permiten contratar coberturas complementarias como pueden ser el borrado de la huella digital o la conservaci\u00f3n del ADN. Unido a esto, la mayor\u00eda de las aseguradoras incluyen el<strong> billete de ida y vuelta para un acompa\u00f1ante, el testamento vital y las asistencias jur\u00eddicas y familiar.<\/strong><\/p>\n<div class=\"colorf\"><div class=\"container clearfix\"><div class=\"col-md-7\">\n<h2><span class=\"ez-toc-section\" id=\"Precios_de_seguros_de_decesos_para_Ecuador\"><\/span>Precios de seguros de decesos para Ecuador<span class=\"ez-toc-section-end\"><\/span><\/h2>\n<p>Seguramente tengas dudas sobre el precio de los seguros de decesos con repatriaci\u00f3n. Hay compa\u00f1\u00edas como DKV Seguros que ofrecen el seguro <strong>desde tan solo 20 euros al mes.<\/strong><\/p>\n<p>Sin embargo, hay varios factores que influyen en el precio como la <strong>edad, el capital asegurado, la localidad de residencia o las coberturas contratadas.<\/strong><\/p>\n<p>Por ello, te recomendamos usar el comparador de iDecesos para que est\u00e9s m\u00e1s seguro de la elecci\u00f3n que vas a tomar. Encontrar\u00e1s el <strong>mejor seguro y al mejor precio de forma totalmente garantizada.<\/strong><\/p>\n<p>[\/bloque] <\/div><\/div><\/div><\/div><\/p>\n<div class=\"oficinas\">\n<h3><span class=\"ez-toc-section\" id=\"Paginas_relacionadas\"><\/span>P\u00e1ginas relacionadas<span class=\"ez-toc-section-end\"><\/span><\/h3>\n<ul><li><a href=\"https:\/\/idecesos.com\/seguros\/paises\/america\/\"><span>Seguro Decesos Am\u00e9rica<\/span><\/a><\/li><li><a href=\"https:\/\/idecesos.com\/seguros\/paises\/argentina\/\"><span>Seguro Decesos Argentina<\/span><\/a><\/li><li><a href=\"https:\/\/idecesos.com\/seguros\/paises\/rumania\/\"><span>Seguro Decesos para Rumania<\/span><\/a><\/li><li><a href=\"https:\/\/idecesos.com\/seguros\/paises\/venezuela\/\"><span>Seguro Decesos para Venezuela<\/span><\/a><\/li><li><a href=\"https:\/\/idecesos.com\/seguros\/paises\/chile\/\"><span>Seguro de Decesos para Chile<\/span><\/a><\/li><li><a href=\"https:\/\/idecesos.com\/seguros\/paises\/estados-unidos\/\"><span>Seguro de Decesos para EEUU<\/span><\/a><\/li><li><a href=\"https:\/\/idecesos.com\/seguros\/paises\/francia\/\"><span>Seguro de Decesos para Francia<\/span><\/a><\/li><li><a href=\"https:\/\/idecesos.com\/seguros\/paises\/irlanda\/\"><span>Seguro de Decesos para Irlanda<\/span><\/a><\/li><li><a href=\"https:\/\/idecesos.com\/seguros\/paises\/italia\/\"><span>Seguro de Decesos para Italia<\/span><\/a><\/li><li><a href=\"https:\/\/idecesos.com\/seguros\/paises\/mexico\/\"><span>Seguro de Decesos para Mexicanos<\/span><\/a><\/li><\/ul>\n","protected":false},"excerpt":{"rendered":"<p>El seguro m\u00e1s recomendable para aquellas personas extranjeras que residen en nuestro pa\u00eds es el seguro con repatriaci\u00f3n. Los seguros de decesos son uno de los m\u00e1s contratados despu\u00e9s del seguro de autom\u00f3vil ya que aseguran un mayor bienestar tanto al asegurado como a sus familiares. Uno de los servicios m\u00e1s caros relacionados con la&hellip; <\/p>\n","protected":false},"author":2,"featured_media":0,"parent":531,"menu_order":0,"comment_status":"open","ping_status":"closed","template":"single.php","meta":{"footnotes":""},"class_list":["post-566","page","type-page","status-publish","hentry"],"yoast_head":"<!-- This site is optimized with the Yoast SEO plugin v27.3 - https:\/\/yoast.com\/product\/yoast-seo-wordpress\/ -->\n<title>Seguro de Decesos para Ecuador \u25b7 Calcular Coberturas y Precios 2026<\/title>\n<meta name=\"description\" content=\"Calcula aqu\u00ed el mejor\u3010seguro de decesos para Ecuador\u3011\u2611\ufe0fCoberturas, precios y con traslado de cadaver a Ecuador: Oferta exclusiva de iDecesos\u00ae\" \/>\n<meta name=\"robots\" content=\"index, follow, max-snippet:-1, max-image-preview:large, max-video-preview:-1\" \/>\n<link rel=\"canonical\" href=\"https:\/\/idecesos.com\/seguros\/paises\/ecuador\/\" \/>\n<meta property=\"og:locale\" content=\"es_ES\" \/>\n<meta property=\"og:type\" content=\"article\" \/>\n<meta property=\"og:title\" content=\"Seguro de Decesos para Ecuador \u25b7 Calcular Coberturas y Precios 2026\" \/>\n<meta property=\"og:description\" content=\"Calcula aqu\u00ed el mejor\u3010seguro de decesos para Ecuador\u3011\u2611\ufe0fCoberturas, precios y con traslado de cadaver a Ecuador: Oferta exclusiva de iDecesos\u00ae\" \/>\n<meta property=\"og:url\" content=\"https:\/\/idecesos.com\/seguros\/paises\/ecuador\/\" \/>\n<meta property=\"article:modified_time\" content=\"2022-01-18T09:38:53+00:00\" \/>\n<meta name=\"twitter:card\" content=\"summary_large_image\" \/>\n<meta name=\"twitter:label1\" content=\"Tiempo de lectura\" \/>\n\t<meta name=\"twitter:data1\" content=\"5 minutos\" \/>\n<script type=\"application\/ld+json\" class=\"yoast-schema-graph\">{\"@context\":\"https:\\\/\\\/schema.org\",\"@graph\":[{\"@type\":\"WebPage\",\"@id\":\"https:\\\/\\\/idecesos.com\\\/seguros\\\/paises\\\/ecuador\\\/\",\"url\":\"https:\\\/\\\/idecesos.com\\\/seguros\\\/paises\\\/ecuador\\\/\",\"name\":\"Seguro de Decesos para Ecuador \u25b7 Calcular Coberturas y Precios 2026\",\"isPartOf\":{\"@id\":\"https:\\\/\\\/idecesos.com\\\/seguros\\\/#website\"},\"datePublished\":\"2021-07-12T11:50:17+00:00\",\"dateModified\":\"2022-01-18T09:38:53+00:00\",\"description\":\"Calcula aqu\u00ed el mejor\u3010seguro de decesos para Ecuador\u3011\u2611\ufe0fCoberturas, precios y con traslado de cadaver a Ecuador: Oferta exclusiva de iDecesos\u00ae\",\"breadcrumb\":{\"@id\":\"https:\\\/\\\/idecesos.com\\\/seguros\\\/paises\\\/ecuador\\\/#breadcrumb\"},\"inLanguage\":\"es\",\"potentialAction\":[{\"@type\":\"ReadAction\",\"target\":[\"https:\\\/\\\/idecesos.com\\\/seguros\\\/paises\\\/ecuador\\\/\"]}]},{\"@type\":\"BreadcrumbList\",\"@id\":\"https:\\\/\\\/idecesos.com\\\/seguros\\\/paises\\\/ecuador\\\/#breadcrumb\",\"itemListElement\":[{\"@type\":\"ListItem\",\"position\":1,\"name\":\"Portada\",\"item\":\"https:\\\/\\\/idecesos.com\\\/seguros\\\/\"},{\"@type\":\"ListItem\",\"position\":2,\"name\":\"Seguro Decesos Extranjeros\",\"item\":\"https:\\\/\\\/idecesos.com\\\/seguros\\\/paises\\\/\"},{\"@type\":\"ListItem\",\"position\":3,\"name\":\"Seguro de Decesos para Ecuador\"}]},{\"@type\":\"WebSite\",\"@id\":\"https:\\\/\\\/idecesos.com\\\/seguros\\\/#website\",\"url\":\"https:\\\/\\\/idecesos.com\\\/seguros\\\/\",\"name\":\"\",\"description\":\"\",\"potentialAction\":[{\"@type\":\"SearchAction\",\"target\":{\"@type\":\"EntryPoint\",\"urlTemplate\":\"https:\\\/\\\/idecesos.com\\\/seguros\\\/?s={search_term_string}\"},\"query-input\":{\"@type\":\"PropertyValueSpecification\",\"valueRequired\":true,\"valueName\":\"search_term_string\"}}],\"inLanguage\":\"es\"}]}<\/script>\n<!-- \/ Yoast SEO plugin. -->","yoast_head_json":{"title":"Seguro de Decesos para Ecuador \u25b7 Calcular Coberturas y Precios 2026","description":"Calcula aqu\u00ed el mejor\u3010seguro de decesos para Ecuador\u3011\u2611\ufe0fCoberturas, precios y con traslado de cadaver a Ecuador: Oferta exclusiva de iDecesos\u00ae","robots":{"index":"index","follow":"follow","max-snippet":"max-snippet:-1","max-image-preview":"max-image-preview:large","max-video-preview":"max-video-preview:-1"},"canonical":"https:\/\/idecesos.com\/seguros\/paises\/ecuador\/","og_locale":"es_ES","og_type":"article","og_title":"Seguro de Decesos para Ecuador \u25b7 Calcular Coberturas y Precios 2026","og_description":"Calcula aqu\u00ed el mejor\u3010seguro de decesos para Ecuador\u3011\u2611\ufe0fCoberturas, precios y con traslado de cadaver a Ecuador: Oferta exclusiva de iDecesos\u00ae","og_url":"https:\/\/idecesos.com\/seguros\/paises\/ecuador\/","article_modified_time":"2022-01-18T09:38:53+00:00","twitter_card":"summary_large_image","twitter_misc":{"Tiempo de lectura":"5 minutos"},"schema":{"@context":"https:\/\/schema.org","@graph":[{"@type":"WebPage","@id":"https:\/\/idecesos.com\/seguros\/paises\/ecuador\/","url":"https:\/\/idecesos.com\/seguros\/paises\/ecuador\/","name":"Seguro de Decesos para Ecuador \u25b7 Calcular Coberturas y Precios 2026","isPartOf":{"@id":"https:\/\/idecesos.com\/seguros\/#website"},"datePublished":"2021-07-12T11:50:17+00:00","dateModified":"2022-01-18T09:38:53+00:00","description":"Calcula aqu\u00ed el mejor\u3010seguro de decesos para Ecuador\u3011\u2611\ufe0fCoberturas, precios y con traslado de cadaver a Ecuador: Oferta exclusiva de iDecesos\u00ae","breadcrumb":{"@id":"https:\/\/idecesos.com\/seguros\/paises\/ecuador\/#breadcrumb"},"inLanguage":"es","potentialAction":[{"@type":"ReadAction","target":["https:\/\/idecesos.com\/seguros\/paises\/ecuador\/"]}]},{"@type":"BreadcrumbList","@id":"https:\/\/idecesos.com\/seguros\/paises\/ecuador\/#breadcrumb","itemListElement":[{"@type":"ListItem","position":1,"name":"Portada","item":"https:\/\/idecesos.com\/seguros\/"},{"@type":"ListItem","position":2,"name":"Seguro Decesos Extranjeros","item":"https:\/\/idecesos.com\/seguros\/paises\/"},{"@type":"ListItem","position":3,"name":"Seguro de Decesos para Ecuador"}]},{"@type":"WebSite","@id":"https:\/\/idecesos.com\/seguros\/#website","url":"https:\/\/idecesos.com\/seguros\/","name":"","description":"","potentialAction":[{"@type":"SearchAction","target":{"@type":"EntryPoint","urlTemplate":"https:\/\/idecesos.com\/seguros\/?s={search_term_string}"},"query-input":{"@type":"PropertyValueSpecification","valueRequired":true,"valueName":"search_term_string"}}],"inLanguage":"es"}]}},"_links":{"self":[{"href":"https:\/\/idecesos.com\/seguros\/wp-json\/wp\/v2\/pages\/566","targetHints":{"allow":["GET"]}}],"collection":[{"href":"https:\/\/idecesos.com\/seguros\/wp-json\/wp\/v2\/pages"}],"about":[{"href":"https:\/\/idecesos.com\/seguros\/wp-json\/wp\/v2\/types\/page"}],"author":[{"embeddable":true,"href":"https:\/\/idecesos.com\/seguros\/wp-json\/wp\/v2\/users\/2"}],"replies":[{"embeddable":true,"href":"https:\/\/idecesos.com\/seguros\/wp-json\/wp\/v2\/comments?post=566"}],"version-history":[{"count":8,"href":"https:\/\/idecesos.com\/seguros\/wp-json\/wp\/v2\/pages\/566\/revisions"}],"predecessor-version":[{"id":18689,"href":"https:\/\/idecesos.com\/seguros\/wp-json\/wp\/v2\/pages\/566\/revisions\/18689"}],"up":[{"embeddable":true,"href":"https:\/\/idecesos.com\/seguros\/wp-json\/wp\/v2\/pages\/531"}],"wp:attachment":[{"href":"https:\/\/idecesos.com\/seguros\/wp-json\/wp\/v2\/media?parent=566"}],"curies":[{"name":"wp","href":"https:\/\/api.w.org\/{rel}","templated":true}]}}