{"id":568,"date":"2021-07-12T11:52:29","date_gmt":"2021-07-12T11:52:29","guid":{"rendered":"https:\/\/idecesos.com\/seguros\/?page_id=568"},"modified":"2022-01-17T10:17:02","modified_gmt":"2022-01-17T10:17:02","slug":"estados-unidos","status":"publish","type":"page","link":"https:\/\/idecesos.com\/seguros\/paises\/estados-unidos\/","title":{"rendered":"Seguro de Decesos para EEUU"},"content":{"rendered":"<div id=\"ez-toc-container\" class=\"ez-toc-v2_0_83 ez-toc-wrap-center counter-hierarchy ez-toc-counter ez-toc-custom ez-toc-container-direction\">\n<div class=\"ez-toc-title-container\">\n<p class=\"ez-toc-title\" style=\"cursor:inherit\">Tabla de Contenido<\/p>\n<span class=\"ez-toc-title-toggle\"><a href=\"#\" class=\"ez-toc-pull-right ez-toc-btn ez-toc-btn-xs ez-toc-btn-default ez-toc-toggle\" aria-label=\"Alternar tabla de contenidos\"><span class=\"ez-toc-js-icon-con\"><span class=\"\"><span class=\"eztoc-hide\" style=\"display:none;\">Toggle<\/span><span class=\"ez-toc-icon-toggle-span\"><svg style=\"fill: #db6415;color:#db6415\" xmlns=\"http:\/\/www.w3.org\/2000\/svg\" class=\"list-377408\" width=\"20px\" height=\"20px\" viewBox=\"0 0 24 24\" fill=\"none\"><path d=\"M6 6H4v2h2V6zm14 0H8v2h12V6zM4 11h2v2H4v-2zm16 0H8v2h12v-2zM4 16h2v2H4v-2zm16 0H8v2h12v-2z\" fill=\"currentColor\"><\/path><\/svg><svg style=\"fill: #db6415;color:#db6415\" class=\"arrow-unsorted-368013\" xmlns=\"http:\/\/www.w3.org\/2000\/svg\" width=\"10px\" height=\"10px\" viewBox=\"0 0 24 24\" version=\"1.2\" baseProfile=\"tiny\"><path d=\"M18.2 9.3l-6.2-6.3-6.2 6.3c-.2.2-.3.4-.3.7s.1.5.3.7c.2.2.4.3.7.3h11c.3 0 .5-.1.7-.3.2-.2.3-.5.3-.7s-.1-.5-.3-.7zM5.8 14.7l6.2 6.3 6.2-6.3c.2-.2.3-.5.3-.7s-.1-.5-.3-.7c-.2-.2-.4-.3-.7-.3h-11c-.3 0-.5.1-.7.3-.2.2-.3.5-.3.7s.1.5.3.7z\"\/><\/svg><\/span><\/span><\/span><\/a><\/span><\/div>\n<nav><ul class='ez-toc-list ez-toc-list-level-1 ' ><li class='ez-toc-page-1 ez-toc-heading-level-2'><a class=\"ez-toc-link ez-toc-heading-1\" href=\"https:\/\/idecesos.com\/seguros\/paises\/estados-unidos\/#Comparador_seguros_de_decesos_para_EEUU\" >Comparador seguros de decesos para EEUU<\/a><\/li><li class='ez-toc-page-1 ez-toc-heading-level-2'><a class=\"ez-toc-link ez-toc-heading-2\" href=\"https:\/\/idecesos.com\/seguros\/paises\/estados-unidos\/#Coberturas_de_los_seguros_de_decesos_para_EEUU\" >Coberturas de los seguros de decesos para EEUU<\/a><\/li><li class='ez-toc-page-1 ez-toc-heading-level-2'><a class=\"ez-toc-link ez-toc-heading-3\" href=\"https:\/\/idecesos.com\/seguros\/paises\/estados-unidos\/#Ventajas_de_contratar_un_seguro_de_decesos_para_EEUU\" >Ventajas de contratar un seguro de decesos para EEUU<\/a><\/li><li class='ez-toc-page-1 ez-toc-heading-level-2'><a class=\"ez-toc-link ez-toc-heading-4\" href=\"https:\/\/idecesos.com\/seguros\/paises\/estados-unidos\/#Precios_de_seguros_de_decesos_para_EEUU\" >Precios de seguros de decesos para EEUU<\/a><ul class='ez-toc-list-level-3' ><li class='ez-toc-heading-level-3'><a class=\"ez-toc-link ez-toc-heading-5\" href=\"https:\/\/idecesos.com\/seguros\/paises\/estados-unidos\/#Paginas_relacionadas\" >P\u00e1ginas relacionadas<\/a><\/li><\/ul><\/li><\/ul><\/nav><\/div>\n\n<p>Uno de los seguros m\u00e1s contratados es el seguro de decesos. Para aquellas personas residentes en nuestro pa\u00eds pero que proceden de EEUU, se han dise\u00f1ado <strong>nuevas coberturas para que en el caso de defunci\u00f3n en Espa\u00f1a puedan ser trasladadas a su pa\u00eds de origen.<\/strong><\/p>\n<p>La repatriaci\u00f3n es uno de los servicios m\u00e1s caros. Por ello, desde iDecesos recomendamos contratar un seguro de decesos que incluya este servicio. <strong>As\u00ed, estar\u00e1s mucho m\u00e1s tranquilo.<\/strong><\/p>\n<p>En este art\u00edculo conocer\u00e1s cu\u00e1les son las ventajas de contratar un seguro de decesos para EEUU adem\u00e1s de <strong>las coberturas incluidas y sus precios.<\/strong><\/p>\n<div class=\"colorf\"><div class=\"container clearfix\"><div class=\"col-md-7\">\n<p>Espa\u00f1a es un pa\u00eds en el que se unen muchas culturas y personas procedentes de todos los pa\u00edses. Actualmente, podemos encontrar un gran n\u00famero de personas de or\u00edgenes diferentes: ecuatorianos, franceses o ingleses. De hecho, <strong>el 12,9% de la poblaci\u00f3n que vive en Espa\u00f1a son personas extranjeras.<\/strong><\/p>\n<p>De esta situaci\u00f3n han estado muy atentos los seguros. Las diferentes compa\u00f1\u00edas que podemos encontrar han comenzado a captar las necesidades de estas personas. Muchas de ellas alejadas de sus familias. Un hecho que <strong>genera problemas de log\u00edstica en el caso de defunci\u00f3n en nuestro pa\u00eds.<\/strong><\/p>\n<p>As\u00ed, las aseguradoras han comenzado a innovar y a ofrecer mejores servicios y a la mejor calidad para que todo quede atado en el momento de la defunci\u00f3n y no tengan <strong>problemas a la hora de repatriar el cuerpo a su pa\u00eds de origen.<\/strong><\/p>\n<\/div><\/div><\/div>\n<p>En Espa\u00f1a, actualmente, viven unos 30.000 personas estadounidenses. Las aseguradoras se han puesto a trabajar para que ninguna persona se quede sin su seguro de decesos y ha comenzado a <strong>ofrecer mejores precios a estas personas.<\/strong><\/p>\n<p>Adem\u00e1s, con los seguros de decesos con repatriaci\u00f3n todos quedar\u00e1n m\u00e1s tranquilos. No solo t\u00fa como principal asegurado, tambi\u00e9n tu familia descansar\u00e1 <strong>m\u00e1s aliviada al no tener que hacer frente a los altos costes relacionados con la repatriaci\u00f3n.<\/strong><\/p>\n<div class=\"colorf\"><div class=\"container clearfix\"><div class=\"col-md-7\"><div class=\"tipos\"><svg id=\"stars\" style=\"display: none;\" version=\"1.1\">\n\t<symbol id=\"stars-full-star\" viewBox=\"0 0 102 18\">\n\t\t<path d=\"M9.5 14.25l-5.584 2.936 1.066-6.218L.465 6.564l6.243-.907L9.5 0l2.792 5.657 6.243.907-4.517 4.404 1.066 6.218\" \/>\n\t<\/symbol>\n\n\t<symbol id=\"stars-half-star\" viewBox=\"0 0 102 18\">\n\t\t<path d=\"M9.5 14.25l-5.584 2.936 1.066-6.218L.465 6.564l6.243-.907L9.5 0l2.792\" fill=\"#ffdc0f\" \/>\n\t<\/symbol>\n\n\t<symbol id=\"stars-all-star\" viewBox=\"0 0 102 18\">\n\t\t<use xlink:href=\"#stars-full-star\" \/>\n\t\t<use xlink:href=\"#stars-full-star\" transform=\"translate(21)\" \/>\n\t\t<use xlink:href=\"#stars-full-star\" transform=\"translate(42)\" \/>\n\t\t<use xlink:href=\"#stars-full-star\" transform=\"translate(63)\" \/>\n\t\t<use xlink:href=\"#stars-full-star\" transform=\"translate(84)\" \/>\n\t<\/symbol>\n\n\t<symbol id=\"stars-0\" viewBox=\"0 0 102 18\">\n\t\t<use xlink:href=\"#stars-all-star\" fill=\"#e5e5e5\" \/>\n\t<\/symbol>\n\n\t<symbol id=\"stars-1\" viewBox=\"0 0 102 18\">\n\t\t<use xlink:href=\"#stars-0\" \/>\n\t\t<use xlink:href=\"#stars-half-star\" \/>\n\t<\/symbol>\n\n\t<symbol id=\"stars-2\" viewBox=\"0 0 102 18\">\n\t\t<use xlink:href=\"#stars-0\" \/>\n\t\t<use xlink:href=\"#stars-full-star\" fill=\"#ffdc0f\" \/>\n\t<\/symbol>\n\n\t<symbol id=\"stars-3\" viewBox=\"0 0 102 18\">\n\t\t<use xlink:href=\"#stars-2\" \/>\n\t\t<use xlink:href=\"#stars-half-star\" transform=\"translate(21)\" \/>\n\t<\/symbol>\n\n\t<symbol id=\"stars-4\" viewBox=\"0 0 102 18\">\n\t\t<use xlink:href=\"#stars-2\" \/>\n\t\t<use xlink:href=\"#stars-full-star\" fill=\"#ffdc0f\" transform=\"translate(21)\" \/>\n\t<\/symbol>\n\n\t<symbol id=\"stars-5\" viewBox=\"0 0 102 18\">\n\t\t<use xlink:href=\"#stars-4\" \/>\n\t\t<use xlink:href=\"#stars-half-star\" transform=\"translate(42)\" \/>\n\t<\/symbol>\n\n\t<symbol id=\"stars-6\" viewBox=\"0 0 102 18\">\n\t\t<use xlink:href=\"#stars-4\" \/>\n\t\t<use xlink:href=\"#stars-full-star\" fill=\"#ffdc0f\" transform=\"translate(42)\" \/>\n\t<\/symbol>\n\n\t<symbol id=\"stars-7\" viewBox=\"0 0 102 18\">\n\t\t<use xlink:href=\"#stars-6\" \/>\n\t\t<use xlink:href=\"#stars-half-star\" transform=\"translate(63)\" \/>\n\t<\/symbol>\n\n\t<symbol id=\"stars-8\" viewBox=\"0 0 102 18\">\n\t\t<use xlink:href=\"#stars-6\" \/>\n\t\t<use xlink:href=\"#stars-full-star\" fill=\"#ffdc0f\" transform=\"translate(63)\" \/>\n\t<\/symbol>\n\n\t<symbol id=\"stars-9\" viewBox=\"0 0 102 18\">\n\t\t<use xlink:href=\"#stars-8\" \/>\n\t\t<use xlink:href=\"#stars-half-star\" transform=\"translate(84)\" \/>\n\t<\/symbol>\n\n\t<symbol id=\"stars-10\" viewBox=\"0 0 102 18\">\n\t\t<use xlink:href=\"#stars-all-star\" fill=\"#ffdc0f\" \/>\n\t<\/symbol>\n<\/svg>\n\n<h2><span class=\"ez-toc-section\" id=\"Comparador_seguros_de_decesos_para_EEUU\"><\/span>Comparador seguros de decesos para EEUU<span class=\"ez-toc-section-end\"><\/span><\/h2>\n<p>Como en todos los servicios, la decisi\u00f3n de una compa\u00f1\u00eda u otra no es una elecci\u00f3n que se deba tomar a la ligera. Adem\u00e1s, hay que prestar atenci\u00f3n a varios factores y <strong>no enfocarnos directamente en el precio y la modalidad de la tarifa.<\/strong><\/p>\n<p>Algunos de ellos son si el seguro de decesos nos mantiene cubiertos en el pa\u00eds de origen o si la aseguradora <strong>se compromete a devolvernos el capital sobrante si el servicio f\u00fanebre ha sido inferior.<\/strong><\/p>\n<div class=\"entry-content\">\n<div class=\"bialty-container\">\n<p>Por ello, para que tengas el mejor seguro para ti, en iDecesos te recomendamos hacer una <strong>comparaci\u00f3n entre las mejores aseguradoras del mercado.<\/strong><\/p>\n<\/div>\n<\/div>\n<p>Solo tienes que rellenar los datos que te piden y podr\u00e1s encontrar el mejor seguro y al mejor precio para ti.<\/p>\n<div class=\"colorf\"><div class=\"container clearfix\"><div class=\"col-md-7\"><div class=\"tipos\"><svg id=\"stars\" style=\"display: none;\" version=\"1.1\">\n\t<symbol id=\"stars-full-star\" viewBox=\"0 0 102 18\">\n\t\t<path d=\"M9.5 14.25l-5.584 2.936 1.066-6.218L.465 6.564l6.243-.907L9.5 0l2.792 5.657 6.243.907-4.517 4.404 1.066 6.218\" \/>\n\t<\/symbol>\n\n\t<symbol id=\"stars-half-star\" viewBox=\"0 0 102 18\">\n\t\t<path d=\"M9.5 14.25l-5.584 2.936 1.066-6.218L.465 6.564l6.243-.907L9.5 0l2.792\" fill=\"#ffdc0f\" \/>\n\t<\/symbol>\n\n\t<symbol id=\"stars-all-star\" viewBox=\"0 0 102 18\">\n\t\t<use xlink:href=\"#stars-full-star\" \/>\n\t\t<use xlink:href=\"#stars-full-star\" transform=\"translate(21)\" \/>\n\t\t<use xlink:href=\"#stars-full-star\" transform=\"translate(42)\" \/>\n\t\t<use xlink:href=\"#stars-full-star\" transform=\"translate(63)\" \/>\n\t\t<use xlink:href=\"#stars-full-star\" transform=\"translate(84)\" \/>\n\t<\/symbol>\n\n\t<symbol id=\"stars-0\" viewBox=\"0 0 102 18\">\n\t\t<use xlink:href=\"#stars-all-star\" fill=\"#e5e5e5\" \/>\n\t<\/symbol>\n\n\t<symbol id=\"stars-1\" viewBox=\"0 0 102 18\">\n\t\t<use xlink:href=\"#stars-0\" \/>\n\t\t<use xlink:href=\"#stars-half-star\" \/>\n\t<\/symbol>\n\n\t<symbol id=\"stars-2\" viewBox=\"0 0 102 18\">\n\t\t<use xlink:href=\"#stars-0\" \/>\n\t\t<use xlink:href=\"#stars-full-star\" fill=\"#ffdc0f\" \/>\n\t<\/symbol>\n\n\t<symbol id=\"stars-3\" viewBox=\"0 0 102 18\">\n\t\t<use xlink:href=\"#stars-2\" \/>\n\t\t<use xlink:href=\"#stars-half-star\" transform=\"translate(21)\" \/>\n\t<\/symbol>\n\n\t<symbol id=\"stars-4\" viewBox=\"0 0 102 18\">\n\t\t<use xlink:href=\"#stars-2\" \/>\n\t\t<use xlink:href=\"#stars-full-star\" fill=\"#ffdc0f\" transform=\"translate(21)\" \/>\n\t<\/symbol>\n\n\t<symbol id=\"stars-5\" viewBox=\"0 0 102 18\">\n\t\t<use xlink:href=\"#stars-4\" \/>\n\t\t<use xlink:href=\"#stars-half-star\" transform=\"translate(42)\" \/>\n\t<\/symbol>\n\n\t<symbol id=\"stars-6\" viewBox=\"0 0 102 18\">\n\t\t<use xlink:href=\"#stars-4\" \/>\n\t\t<use xlink:href=\"#stars-full-star\" fill=\"#ffdc0f\" transform=\"translate(42)\" \/>\n\t<\/symbol>\n\n\t<symbol id=\"stars-7\" viewBox=\"0 0 102 18\">\n\t\t<use xlink:href=\"#stars-6\" \/>\n\t\t<use xlink:href=\"#stars-half-star\" transform=\"translate(63)\" \/>\n\t<\/symbol>\n\n\t<symbol id=\"stars-8\" viewBox=\"0 0 102 18\">\n\t\t<use xlink:href=\"#stars-6\" \/>\n\t\t<use xlink:href=\"#stars-full-star\" fill=\"#ffdc0f\" transform=\"translate(63)\" \/>\n\t<\/symbol>\n\n\t<symbol id=\"stars-9\" viewBox=\"0 0 102 18\">\n\t\t<use xlink:href=\"#stars-8\" \/>\n\t\t<use xlink:href=\"#stars-half-star\" transform=\"translate(84)\" \/>\n\t<\/symbol>\n\n\t<symbol id=\"stars-10\" viewBox=\"0 0 102 18\">\n\t\t<use xlink:href=\"#stars-all-star\" fill=\"#ffdc0f\" \/>\n\t<\/symbol>\n<\/svg>\n\n<h2><span class=\"ez-toc-section\" id=\"Coberturas_de_los_seguros_de_decesos_para_EEUU\"><\/span>Coberturas de los seguros de decesos para EEUU<span class=\"ez-toc-section-end\"><\/span><\/h2>\n<p>Si de algo podemos estar seguros es de que los seguros de decesos con repatriaci\u00f3n son recomendables para <strong>aquellas personas que quieran descansar en su pa\u00eds de origen.<\/strong><\/p>\n<p>Estos seguros contar\u00e1n con las mismas coberturas que otros seguros solo que la repatriaci\u00f3n estar\u00e1 incluida.<\/p>\n<p>Adem\u00e1s, con la contrataci\u00f3n de tu seguro todo ser\u00e1n ventajas. Podr\u00e1s beneficiarte de una serie de descuentos en <strong>servicios dentales, l\u00edneas m\u00e9dicas gratuitas, servicios sanitarios y descuentos en gimnasios o balnearios.<\/strong><\/p>\n<div class=\"tipo2 \"  ><div class=\"cuadro_tipo\"><div class=\"tipo_icon\"><i class=\"fas fa-cubes\"><\/i><!--span class=\"dashicons dashicons-image-filter\"><\/span--><\/div><div class=\"titulo_tipo titulo\">Coberturas Obligatorias<\/div><div class=\"texto_tipo\">\n<ul>\n<li>Servicio f\u00fanebre completo<\/li>\n<li>Traslado y libre elecci\u00f3n de cementerio<\/li>\n<li>Defensa jur\u00eddica<\/li>\n<li>Testamento vital<\/li>\n<li>Asistencia en viajes<\/li>\n<li>Billete de ida y vuelta de un acompa\u00f1ante<\/li>\n<\/ul>\n<p><\/div><hr>Valoraci\u00f3n en iDecesos.com<div class=\"tipo_estrellas\">\n\t\t\t<svg class=\"icon\">\t\t<use xlink:href=\"#stars-9\">\t<\/svg>\n\t\t\t<!--img src=\"https:\/\/idecesos.com\/img\/stars_9.png\" alt=\"9\/10\" style=\"height:auto; width:120px; color:white; font-weight:700; box-sizing:border-box; border:0; vertical-align: middle;  \"-->\n\t\t\t<\/div><hr><div class=\"enlace_tipo\"><button type=\"button\" class=\"\" data-bs-toggle=\"modal\" data-bs-target=\"#comparadorModal\">\n\t\t\t\t\t\t<span class=\"\">Ver Precios<\/span>\t\t\t\t\n\t\t\t\t\t<\/button><\/div><\/div><\/div> <div class=\"tipo2 \"  ><div class=\"cuadro_tipo\"><div class=\"tipo_icon\"><i class=\"fas fa-cubes\"><\/i><!--span class=\"dashicons dashicons-image-filter\"><\/span--><\/div><div class=\"titulo_tipo titulo\">Coberturas Opcionales<\/div><div class=\"texto_tipo\"><\/p>\n<ul>\n<li>Accidentes<\/li>\n<li>Odontolog\u00eda<\/li>\n<li>Conservaci\u00f3n ADN<\/li>\n<li>Indemnizaci\u00f3n por hospitalizaci\u00f3n<\/li>\n<li>Ayuda psicol\u00f3gica<\/li>\n<li>Segundo diagn\u00f3stico m\u00e9dico<\/li>\n<\/ul>\n<p><\/div><hr>Valoraci\u00f3n en iDecesos.com<div class=\"tipo_estrellas\">\n\t\t\t<svg class=\"icon\">\t\t<use xlink:href=\"#stars-10\">\t<\/svg>\n\t\t\t<!--img src=\"https:\/\/idecesos.com\/img\/stars_10.png\" alt=\"10\/10\" style=\"height:auto; width:120px; color:white; font-weight:700; box-sizing:border-box; border:0; vertical-align: middle;  \"-->\n\t\t\t<\/div><hr><div class=\"enlace_tipo\"><button type=\"button\" class=\"\" data-bs-toggle=\"modal\" data-bs-target=\"#comparadorModal\">\n\t\t\t\t\t\t<span class=\"\">Ver Precios<\/span>\t\t\t\t\n\t\t\t\t\t<\/button><\/div><\/div><\/div><\/p>\n<p>Diferentes aseguradoras como Caser Seguros, Adeslas, Generali o DKV ya incluyen seguros de decesos con repatriaci\u00f3n. En DKV Seguros podr\u00e1s encontrar tu seguro <strong>desde tan solo 20 euros al a\u00f1o con las mejores coberturas y garant\u00edas.<\/strong><\/p>\n<p>Sin embargo, nuestra mayor recomendaci\u00f3n es que uses el comparador de iDecesos en el que la <strong>b\u00fasqueda se realizar\u00e1 de forma personalizada<\/strong> y encontrar\u00e1s el seguro por y para ti.<\/p>\n<\/div><\/div><\/div><\/div>\n<h2><span class=\"ez-toc-section\" id=\"Ventajas_de_contratar_un_seguro_de_decesos_para_EEUU\"><\/span>Ventajas de contratar un seguro de decesos para EEUU<span class=\"ez-toc-section-end\"><\/span><\/h2>\n<p>\u00bfA\u00fan no sabes por qu\u00e9 deber\u00edas contratar un seguro de decesos con repatriaci\u00f3n a EEUU? \u00bfSabes que el <strong>coste de la repatriaci\u00f3n puede superar los 7.000 euros?<\/strong><\/p>\n<p>Con este seguro, tus familiares estar\u00e1n m\u00e1s aliviados en todos los sentidos. Por un lado, <strong>aliviar\u00e1s el dolor emocional<\/strong> al no tener que hacer frente a los altos costes que supone el traslado.<\/p>\n<p>Las aseguradoras son las encargadas de realizar todos los tr\u00e1mites para que tus familiares no tengan que preocuparse por nada.<\/p>\n<p>Adem\u00e1s, podr\u00e1s beneficiarte de una serie de coberturas como: <strong>billete de ida y vuelta para un acompa\u00f1ante, testamento vital, asesor\u00eda jur\u00eddica, asistencia familiar y ayuda en las gestiones y tr\u00e1mites.<\/strong><\/p>\n<div class=\"colorf\"><div class=\"container clearfix\"><div class=\"col-md-7\">\n<h2><span class=\"ez-toc-section\" id=\"Precios_de_seguros_de_decesos_para_EEUU\"><\/span>Precios de seguros de decesos para EEUU<span class=\"ez-toc-section-end\"><\/span><\/h2>\n<p>Los precios de los seguros de decesos con repatriaci\u00f3n pueden ser muy diferentes dependiendo de la aseguradora.<\/p>\n<p>No encontrar\u00e1s compa\u00f1\u00edas buenas o malas. Todas te ofrecer\u00e1n los productos y servicios de<strong> mayor calidad posible.<\/strong><\/p>\n<p>Si es cierto, que hay varios factores que influyen en el precio de los seguros como: la edad, el capital asegurado, <strong>las coberturas complementarias contratadas o la localidad de residencia.<\/strong><\/p>\n<p>Por ello, tras realizar la comparaci\u00f3n en nuestra p\u00e1gina, podr\u00e1s encontrar el mejor seguro y al mejor precio. Podr\u00e1s <strong>tener tu p\u00f3liza de decesos desde tan solo 1,90 euros al mes.<\/strong><\/p>\n<p>No lo pienses m\u00e1s y comienza a despreocuparte por el futuro.<\/p>\n<p>[\/bloque] <\/div><\/div><\/div><\/div><\/p>\n<div class=\"oficinas\">\n<h3><span class=\"ez-toc-section\" id=\"Paginas_relacionadas\"><\/span>P\u00e1ginas relacionadas<span class=\"ez-toc-section-end\"><\/span><\/h3>\n<ul><li><a href=\"https:\/\/idecesos.com\/seguros\/paises\/america\/\"><span>Seguro Decesos Am\u00e9rica<\/span><\/a><\/li><li><a href=\"https:\/\/idecesos.com\/seguros\/paises\/argentina\/\"><span>Seguro Decesos Argentina<\/span><\/a><\/li><li><a href=\"https:\/\/idecesos.com\/seguros\/paises\/peru\/\"><span>Seguro Decesos para Per\u00fa<\/span><\/a><\/li><li><a href=\"https:\/\/idecesos.com\/seguros\/paises\/venezuela\/\"><span>Seguro Decesos para Venezuela<\/span><\/a><\/li><li><a href=\"https:\/\/idecesos.com\/seguros\/paises\/chile\/\"><span>Seguro de Decesos para Chile<\/span><\/a><\/li><li><a href=\"https:\/\/idecesos.com\/seguros\/paises\/colombia\/\"><span>Seguro de Decesos para Colombia<\/span><\/a><\/li><li><a href=\"https:\/\/idecesos.com\/seguros\/paises\/ecuador\/\"><span>Seguro de Decesos para Ecuador<\/span><\/a><\/li><li><a href=\"https:\/\/idecesos.com\/seguros\/paises\/francia\/\"><span>Seguro de Decesos para Francia<\/span><\/a><\/li><li><a href=\"https:\/\/idecesos.com\/seguros\/paises\/irlanda\/\"><span>Seguro de Decesos para Irlanda<\/span><\/a><\/li><li><a href=\"https:\/\/idecesos.com\/seguros\/paises\/mexico\/\"><span>Seguro de Decesos para Mexicanos<\/span><\/a><\/li><\/ul>\n","protected":false},"excerpt":{"rendered":"<p>Uno de los seguros m\u00e1s contratados es el seguro de decesos. Para aquellas personas residentes en nuestro pa\u00eds pero que proceden de EEUU, se han dise\u00f1ado nuevas coberturas para que en el caso de defunci\u00f3n en Espa\u00f1a puedan ser trasladadas a su pa\u00eds de origen. La repatriaci\u00f3n es uno de los servicios m\u00e1s caros. Por&hellip; <\/p>\n","protected":false},"author":2,"featured_media":0,"parent":531,"menu_order":0,"comment_status":"open","ping_status":"closed","template":"single.php","meta":{"footnotes":""},"class_list":["post-568","page","type-page","status-publish","hentry"],"yoast_head":"<!-- This site is optimized with the Yoast SEO plugin v27.5 - https:\/\/yoast.com\/product\/yoast-seo-wordpress\/ -->\n<title>Seguro de Decesos para EEUU \u25b7 Calcular Coberturas y Precios 2026<\/title>\n<meta name=\"description\" content=\"Calcula aqu\u00ed el mejor\u3010seguro de decesos para EEUU\u3011\u2611\ufe0fCoberturas, precio y con traslado de cadaver a Estados Unidos: Oferta exclusiva iDecesos\u00ae\" \/>\n<meta name=\"robots\" content=\"index, follow, max-snippet:-1, max-image-preview:large, max-video-preview:-1\" \/>\n<link rel=\"canonical\" href=\"https:\/\/idecesos.com\/seguros\/paises\/estados-unidos\/\" \/>\n<meta property=\"og:locale\" content=\"es_ES\" \/>\n<meta property=\"og:type\" content=\"article\" \/>\n<meta property=\"og:title\" content=\"Seguro de Decesos para EEUU \u25b7 Calcular Coberturas y Precios 2026\" \/>\n<meta property=\"og:description\" content=\"Calcula aqu\u00ed el mejor\u3010seguro de decesos para EEUU\u3011\u2611\ufe0fCoberturas, precio y con traslado de cadaver a Estados Unidos: Oferta exclusiva iDecesos\u00ae\" \/>\n<meta property=\"og:url\" content=\"https:\/\/idecesos.com\/seguros\/paises\/estados-unidos\/\" \/>\n<meta property=\"article:modified_time\" content=\"2022-01-17T10:17:02+00:00\" \/>\n<meta name=\"twitter:card\" content=\"summary_large_image\" \/>\n<meta name=\"twitter:label1\" content=\"Tiempo de lectura\" \/>\n\t<meta name=\"twitter:data1\" content=\"5 minutos\" \/>\n<script type=\"application\/ld+json\" class=\"yoast-schema-graph\">{\"@context\":\"https:\\\/\\\/schema.org\",\"@graph\":[{\"@type\":\"WebPage\",\"@id\":\"https:\\\/\\\/idecesos.com\\\/seguros\\\/paises\\\/estados-unidos\\\/\",\"url\":\"https:\\\/\\\/idecesos.com\\\/seguros\\\/paises\\\/estados-unidos\\\/\",\"name\":\"Seguro de Decesos para EEUU \u25b7 Calcular Coberturas y Precios 2026\",\"isPartOf\":{\"@id\":\"https:\\\/\\\/idecesos.com\\\/seguros\\\/#website\"},\"datePublished\":\"2021-07-12T11:52:29+00:00\",\"dateModified\":\"2022-01-17T10:17:02+00:00\",\"description\":\"Calcula aqu\u00ed el mejor\u3010seguro de decesos para EEUU\u3011\u2611\ufe0fCoberturas, precio y con traslado de cadaver a Estados Unidos: Oferta exclusiva iDecesos\u00ae\",\"breadcrumb\":{\"@id\":\"https:\\\/\\\/idecesos.com\\\/seguros\\\/paises\\\/estados-unidos\\\/#breadcrumb\"},\"inLanguage\":\"es\",\"potentialAction\":[{\"@type\":\"ReadAction\",\"target\":[\"https:\\\/\\\/idecesos.com\\\/seguros\\\/paises\\\/estados-unidos\\\/\"]}]},{\"@type\":\"BreadcrumbList\",\"@id\":\"https:\\\/\\\/idecesos.com\\\/seguros\\\/paises\\\/estados-unidos\\\/#breadcrumb\",\"itemListElement\":[{\"@type\":\"ListItem\",\"position\":1,\"name\":\"Portada\",\"item\":\"https:\\\/\\\/idecesos.com\\\/seguros\\\/\"},{\"@type\":\"ListItem\",\"position\":2,\"name\":\"Seguro Decesos Extranjeros\",\"item\":\"https:\\\/\\\/idecesos.com\\\/seguros\\\/paises\\\/\"},{\"@type\":\"ListItem\",\"position\":3,\"name\":\"Seguro de Decesos para EEUU\"}]},{\"@type\":\"WebSite\",\"@id\":\"https:\\\/\\\/idecesos.com\\\/seguros\\\/#website\",\"url\":\"https:\\\/\\\/idecesos.com\\\/seguros\\\/\",\"name\":\"\",\"description\":\"\",\"potentialAction\":[{\"@type\":\"SearchAction\",\"target\":{\"@type\":\"EntryPoint\",\"urlTemplate\":\"https:\\\/\\\/idecesos.com\\\/seguros\\\/?s={search_term_string}\"},\"query-input\":{\"@type\":\"PropertyValueSpecification\",\"valueRequired\":true,\"valueName\":\"search_term_string\"}}],\"inLanguage\":\"es\"}]}<\/script>\n<!-- \/ Yoast SEO plugin. -->","yoast_head_json":{"title":"Seguro de Decesos para EEUU \u25b7 Calcular Coberturas y Precios 2026","description":"Calcula aqu\u00ed el mejor\u3010seguro de decesos para EEUU\u3011\u2611\ufe0fCoberturas, precio y con traslado de cadaver a Estados Unidos: Oferta exclusiva iDecesos\u00ae","robots":{"index":"index","follow":"follow","max-snippet":"max-snippet:-1","max-image-preview":"max-image-preview:large","max-video-preview":"max-video-preview:-1"},"canonical":"https:\/\/idecesos.com\/seguros\/paises\/estados-unidos\/","og_locale":"es_ES","og_type":"article","og_title":"Seguro de Decesos para EEUU \u25b7 Calcular Coberturas y Precios 2026","og_description":"Calcula aqu\u00ed el mejor\u3010seguro de decesos para EEUU\u3011\u2611\ufe0fCoberturas, precio y con traslado de cadaver a Estados Unidos: Oferta exclusiva iDecesos\u00ae","og_url":"https:\/\/idecesos.com\/seguros\/paises\/estados-unidos\/","article_modified_time":"2022-01-17T10:17:02+00:00","twitter_card":"summary_large_image","twitter_misc":{"Tiempo de lectura":"5 minutos"},"schema":{"@context":"https:\/\/schema.org","@graph":[{"@type":"WebPage","@id":"https:\/\/idecesos.com\/seguros\/paises\/estados-unidos\/","url":"https:\/\/idecesos.com\/seguros\/paises\/estados-unidos\/","name":"Seguro de Decesos para EEUU \u25b7 Calcular Coberturas y Precios 2026","isPartOf":{"@id":"https:\/\/idecesos.com\/seguros\/#website"},"datePublished":"2021-07-12T11:52:29+00:00","dateModified":"2022-01-17T10:17:02+00:00","description":"Calcula aqu\u00ed el mejor\u3010seguro de decesos para EEUU\u3011\u2611\ufe0fCoberturas, precio y con traslado de cadaver a Estados Unidos: Oferta exclusiva iDecesos\u00ae","breadcrumb":{"@id":"https:\/\/idecesos.com\/seguros\/paises\/estados-unidos\/#breadcrumb"},"inLanguage":"es","potentialAction":[{"@type":"ReadAction","target":["https:\/\/idecesos.com\/seguros\/paises\/estados-unidos\/"]}]},{"@type":"BreadcrumbList","@id":"https:\/\/idecesos.com\/seguros\/paises\/estados-unidos\/#breadcrumb","itemListElement":[{"@type":"ListItem","position":1,"name":"Portada","item":"https:\/\/idecesos.com\/seguros\/"},{"@type":"ListItem","position":2,"name":"Seguro Decesos Extranjeros","item":"https:\/\/idecesos.com\/seguros\/paises\/"},{"@type":"ListItem","position":3,"name":"Seguro de Decesos para EEUU"}]},{"@type":"WebSite","@id":"https:\/\/idecesos.com\/seguros\/#website","url":"https:\/\/idecesos.com\/seguros\/","name":"","description":"","potentialAction":[{"@type":"SearchAction","target":{"@type":"EntryPoint","urlTemplate":"https:\/\/idecesos.com\/seguros\/?s={search_term_string}"},"query-input":{"@type":"PropertyValueSpecification","valueRequired":true,"valueName":"search_term_string"}}],"inLanguage":"es"}]}},"_links":{"self":[{"href":"https:\/\/idecesos.com\/seguros\/wp-json\/wp\/v2\/pages\/568","targetHints":{"allow":["GET"]}}],"collection":[{"href":"https:\/\/idecesos.com\/seguros\/wp-json\/wp\/v2\/pages"}],"about":[{"href":"https:\/\/idecesos.com\/seguros\/wp-json\/wp\/v2\/types\/page"}],"author":[{"embeddable":true,"href":"https:\/\/idecesos.com\/seguros\/wp-json\/wp\/v2\/users\/2"}],"replies":[{"embeddable":true,"href":"https:\/\/idecesos.com\/seguros\/wp-json\/wp\/v2\/comments?post=568"}],"version-history":[{"count":8,"href":"https:\/\/idecesos.com\/seguros\/wp-json\/wp\/v2\/pages\/568\/revisions"}],"predecessor-version":[{"id":18795,"href":"https:\/\/idecesos.com\/seguros\/wp-json\/wp\/v2\/pages\/568\/revisions\/18795"}],"up":[{"embeddable":true,"href":"https:\/\/idecesos.com\/seguros\/wp-json\/wp\/v2\/pages\/531"}],"wp:attachment":[{"href":"https:\/\/idecesos.com\/seguros\/wp-json\/wp\/v2\/media?parent=568"}],"curies":[{"name":"wp","href":"https:\/\/api.w.org\/{rel}","templated":true}]}}