{"id":570,"date":"2021-07-12T11:53:13","date_gmt":"2021-07-12T11:53:13","guid":{"rendered":"https:\/\/idecesos.com\/seguros\/?page_id=570"},"modified":"2022-01-03T12:30:05","modified_gmt":"2022-01-03T12:30:05","slug":"vila-real","status":"publish","type":"page","link":"https:\/\/idecesos.com\/seguros\/companias\/caixa-rural\/vila-real\/","title":{"rendered":"Seguro de Decesos Caixa Rural Vila-Real"},"content":{"rendered":"<h3>P\u00e1ginas relacionadas<\/h3><div class=\"enlazado\"><ul> <li><a href=\"https:\/\/idecesos.com\/seguros\/companias\/caixa-rural\/opiniones\/\">Opiniones Caixa Rural<\/a><\/li> <li><a href=\"https:\/\/idecesos.com\/seguros\/companias\/caixa-rural\/precio\/\">Precio seguro Caixa Rural<\/a><\/li> <li><a href=\"https:\/\/idecesos.com\/seguros\/companias\/caixa-rural\/prima-mixta\/\">Caixa Rural Prima Mixta<\/a><\/li> <li><a href=\"https:\/\/idecesos.com\/seguros\/companias\/caixa-rural\/prima-natural\/\">Caixa Rural Prima Natural<\/a><\/li> <li><a href=\"https:\/\/idecesos.com\/seguros\/companias\/caixa-rural\/prima-nivelada\/\">Caixa Rural Prima Nivelada<\/a><\/li> <li><a href=\"https:\/\/idecesos.com\/seguros\/companias\/caixa-rural\/prima-unica\/\">Caixa Rural Prima \u00danica<\/a><\/li> <li><a href=\"https:\/\/idecesos.com\/seguros\/companias\/caixa-rural\/repatriacion\/\">Caixa Rural Repatriaci\u00f3n<\/a><\/li> <li><a href=\"https:\/\/idecesos.com\/seguros\/companias\/caixa-rural\/telefono\/\">Tel\u00e9fono Gratuito Caixa Rural<\/a><\/li><\/ul><\/div>\n","protected":false},"excerpt":{"rendered":"","protected":false},"author":2,"featured_media":0,"parent":529,"menu_order":0,"comment_status":"open","ping_status":"closed","template":"single.php","meta":{"footnotes":""},"class_list":["post-570","page","type-page","status-publish","hentry"],"yoast_head":"<!-- This site is optimized with the Yoast SEO plugin v27.3 - https:\/\/yoast.com\/product\/yoast-seo-wordpress\/ -->\n<title>Seguro de Decesos Caixa Rural Vila-Real -<\/title>\n<meta name=\"robots\" content=\"index, follow, max-snippet:-1, max-image-preview:large, max-video-preview:-1\" \/>\n<link rel=\"canonical\" href=\"https:\/\/idecesos.com\/seguros\/companias\/caixa-rural\/vila-real\/\" \/>\n<meta property=\"og:locale\" content=\"es_ES\" \/>\n<meta property=\"og:type\" content=\"article\" \/>\n<meta property=\"og:title\" content=\"Seguro de Decesos Caixa Rural Vila-Real -\" \/>\n<meta property=\"og:url\" content=\"https:\/\/idecesos.com\/seguros\/companias\/caixa-rural\/vila-real\/\" \/>\n<meta property=\"article:modified_time\" content=\"2022-01-03T12:30:05+00:00\" \/>\n<meta name=\"twitter:card\" content=\"summary_large_image\" \/>\n<script type=\"application\/ld+json\" class=\"yoast-schema-graph\">{\"@context\":\"https:\\\/\\\/schema.org\",\"@graph\":[{\"@type\":\"WebPage\",\"@id\":\"https:\\\/\\\/idecesos.com\\\/seguros\\\/companias\\\/caixa-rural\\\/vila-real\\\/\",\"url\":\"https:\\\/\\\/idecesos.com\\\/seguros\\\/companias\\\/caixa-rural\\\/vila-real\\\/\",\"name\":\"Seguro de Decesos Caixa Rural Vila-Real -\",\"isPartOf\":{\"@id\":\"https:\\\/\\\/idecesos.com\\\/seguros\\\/#website\"},\"datePublished\":\"2021-07-12T11:53:13+00:00\",\"dateModified\":\"2022-01-03T12:30:05+00:00\",\"breadcrumb\":{\"@id\":\"https:\\\/\\\/idecesos.com\\\/seguros\\\/companias\\\/caixa-rural\\\/vila-real\\\/#breadcrumb\"},\"inLanguage\":\"es\",\"potentialAction\":[{\"@type\":\"ReadAction\",\"target\":[\"https:\\\/\\\/idecesos.com\\\/seguros\\\/companias\\\/caixa-rural\\\/vila-real\\\/\"]}]},{\"@type\":\"BreadcrumbList\",\"@id\":\"https:\\\/\\\/idecesos.com\\\/seguros\\\/companias\\\/caixa-rural\\\/vila-real\\\/#breadcrumb\",\"itemListElement\":[{\"@type\":\"ListItem\",\"position\":1,\"name\":\"Portada\",\"item\":\"https:\\\/\\\/idecesos.com\\\/seguros\\\/\"},{\"@type\":\"ListItem\",\"position\":2,\"name\":\"Compa\u00f1\u00edas de Seguros de Decesos en Espa\u00f1a\",\"item\":\"https:\\\/\\\/idecesos.com\\\/seguros\\\/companias\\\/\"},{\"@type\":\"ListItem\",\"position\":3,\"name\":\"Seguro de decesos Caixa Rural\",\"item\":\"https:\\\/\\\/idecesos.com\\\/seguros\\\/companias\\\/caixa-rural\\\/\"},{\"@type\":\"ListItem\",\"position\":4,\"name\":\"Seguro de Decesos Caixa Rural Vila-Real\"}]},{\"@type\":\"WebSite\",\"@id\":\"https:\\\/\\\/idecesos.com\\\/seguros\\\/#website\",\"url\":\"https:\\\/\\\/idecesos.com\\\/seguros\\\/\",\"name\":\"\",\"description\":\"\",\"potentialAction\":[{\"@type\":\"SearchAction\",\"target\":{\"@type\":\"EntryPoint\",\"urlTemplate\":\"https:\\\/\\\/idecesos.com\\\/seguros\\\/?s={search_term_string}\"},\"query-input\":{\"@type\":\"PropertyValueSpecification\",\"valueRequired\":true,\"valueName\":\"search_term_string\"}}],\"inLanguage\":\"es\"}]}<\/script>\n<!-- \/ Yoast SEO plugin. -->","yoast_head_json":{"title":"Seguro de Decesos Caixa Rural Vila-Real -","robots":{"index":"index","follow":"follow","max-snippet":"max-snippet:-1","max-image-preview":"max-image-preview:large","max-video-preview":"max-video-preview:-1"},"canonical":"https:\/\/idecesos.com\/seguros\/companias\/caixa-rural\/vila-real\/","og_locale":"es_ES","og_type":"article","og_title":"Seguro de Decesos Caixa Rural Vila-Real -","og_url":"https:\/\/idecesos.com\/seguros\/companias\/caixa-rural\/vila-real\/","article_modified_time":"2022-01-03T12:30:05+00:00","twitter_card":"summary_large_image","schema":{"@context":"https:\/\/schema.org","@graph":[{"@type":"WebPage","@id":"https:\/\/idecesos.com\/seguros\/companias\/caixa-rural\/vila-real\/","url":"https:\/\/idecesos.com\/seguros\/companias\/caixa-rural\/vila-real\/","name":"Seguro de Decesos Caixa Rural Vila-Real -","isPartOf":{"@id":"https:\/\/idecesos.com\/seguros\/#website"},"datePublished":"2021-07-12T11:53:13+00:00","dateModified":"2022-01-03T12:30:05+00:00","breadcrumb":{"@id":"https:\/\/idecesos.com\/seguros\/companias\/caixa-rural\/vila-real\/#breadcrumb"},"inLanguage":"es","potentialAction":[{"@type":"ReadAction","target":["https:\/\/idecesos.com\/seguros\/companias\/caixa-rural\/vila-real\/"]}]},{"@type":"BreadcrumbList","@id":"https:\/\/idecesos.com\/seguros\/companias\/caixa-rural\/vila-real\/#breadcrumb","itemListElement":[{"@type":"ListItem","position":1,"name":"Portada","item":"https:\/\/idecesos.com\/seguros\/"},{"@type":"ListItem","position":2,"name":"Compa\u00f1\u00edas de Seguros de Decesos en Espa\u00f1a","item":"https:\/\/idecesos.com\/seguros\/companias\/"},{"@type":"ListItem","position":3,"name":"Seguro de decesos Caixa Rural","item":"https:\/\/idecesos.com\/seguros\/companias\/caixa-rural\/"},{"@type":"ListItem","position":4,"name":"Seguro de Decesos Caixa Rural Vila-Real"}]},{"@type":"WebSite","@id":"https:\/\/idecesos.com\/seguros\/#website","url":"https:\/\/idecesos.com\/seguros\/","name":"","description":"","potentialAction":[{"@type":"SearchAction","target":{"@type":"EntryPoint","urlTemplate":"https:\/\/idecesos.com\/seguros\/?s={search_term_string}"},"query-input":{"@type":"PropertyValueSpecification","valueRequired":true,"valueName":"search_term_string"}}],"inLanguage":"es"}]}},"_links":{"self":[{"href":"https:\/\/idecesos.com\/seguros\/wp-json\/wp\/v2\/pages\/570","targetHints":{"allow":["GET"]}}],"collection":[{"href":"https:\/\/idecesos.com\/seguros\/wp-json\/wp\/v2\/pages"}],"about":[{"href":"https:\/\/idecesos.com\/seguros\/wp-json\/wp\/v2\/types\/page"}],"author":[{"embeddable":true,"href":"https:\/\/idecesos.com\/seguros\/wp-json\/wp\/v2\/users\/2"}],"replies":[{"embeddable":true,"href":"https:\/\/idecesos.com\/seguros\/wp-json\/wp\/v2\/comments?post=570"}],"version-history":[{"count":3,"href":"https:\/\/idecesos.com\/seguros\/wp-json\/wp\/v2\/pages\/570\/revisions"}],"predecessor-version":[{"id":7064,"href":"https:\/\/idecesos.com\/seguros\/wp-json\/wp\/v2\/pages\/570\/revisions\/7064"}],"up":[{"embeddable":true,"href":"https:\/\/idecesos.com\/seguros\/wp-json\/wp\/v2\/pages\/529"}],"wp:attachment":[{"href":"https:\/\/idecesos.com\/seguros\/wp-json\/wp\/v2\/media?parent=570"}],"curies":[{"name":"wp","href":"https:\/\/api.w.org\/{rel}","templated":true}]}}