{"id":579,"date":"2021-07-12T11:59:08","date_gmt":"2021-07-12T11:59:08","guid":{"rendered":"https:\/\/idecesos.com\/seguros\/?page_id=579"},"modified":"2022-01-18T09:46:32","modified_gmt":"2022-01-18T09:46:32","slug":"italia","status":"publish","type":"page","link":"https:\/\/idecesos.com\/seguros\/paises\/italia\/","title":{"rendered":"Seguro de Decesos para Italia"},"content":{"rendered":"<div id=\"ez-toc-container\" class=\"ez-toc-v2_0_82_2 ez-toc-wrap-center counter-hierarchy ez-toc-counter ez-toc-custom ez-toc-container-direction\">\n<div class=\"ez-toc-title-container\">\n<p class=\"ez-toc-title\" style=\"cursor:inherit\">Tabla de Contenido<\/p>\n<span class=\"ez-toc-title-toggle\"><a href=\"#\" class=\"ez-toc-pull-right ez-toc-btn ez-toc-btn-xs ez-toc-btn-default ez-toc-toggle\" aria-label=\"Alternar tabla de contenidos\"><span class=\"ez-toc-js-icon-con\"><span class=\"\"><span class=\"eztoc-hide\" style=\"display:none;\">Toggle<\/span><span class=\"ez-toc-icon-toggle-span\"><svg style=\"fill: #db6415;color:#db6415\" xmlns=\"http:\/\/www.w3.org\/2000\/svg\" class=\"list-377408\" width=\"20px\" height=\"20px\" viewBox=\"0 0 24 24\" fill=\"none\"><path d=\"M6 6H4v2h2V6zm14 0H8v2h12V6zM4 11h2v2H4v-2zm16 0H8v2h12v-2zM4 16h2v2H4v-2zm16 0H8v2h12v-2z\" fill=\"currentColor\"><\/path><\/svg><svg style=\"fill: #db6415;color:#db6415\" class=\"arrow-unsorted-368013\" xmlns=\"http:\/\/www.w3.org\/2000\/svg\" width=\"10px\" height=\"10px\" viewBox=\"0 0 24 24\" version=\"1.2\" baseProfile=\"tiny\"><path d=\"M18.2 9.3l-6.2-6.3-6.2 6.3c-.2.2-.3.4-.3.7s.1.5.3.7c.2.2.4.3.7.3h11c.3 0 .5-.1.7-.3.2-.2.3-.5.3-.7s-.1-.5-.3-.7zM5.8 14.7l6.2 6.3 6.2-6.3c.2-.2.3-.5.3-.7s-.1-.5-.3-.7c-.2-.2-.4-.3-.7-.3h-11c-.3 0-.5.1-.7.3-.2.2-.3.5-.3.7s.1.5.3.7z\"\/><\/svg><\/span><\/span><\/span><\/a><\/span><\/div>\n<nav><ul class='ez-toc-list ez-toc-list-level-1 ' ><li class='ez-toc-page-1 ez-toc-heading-level-2'><a class=\"ez-toc-link ez-toc-heading-1\" href=\"https:\/\/idecesos.com\/seguros\/paises\/italia\/#Comparador_seguros_de_decesos_para_Italia\" >Comparador seguros de decesos para Italia<\/a><\/li><li class='ez-toc-page-1 ez-toc-heading-level-2'><a class=\"ez-toc-link ez-toc-heading-2\" href=\"https:\/\/idecesos.com\/seguros\/paises\/italia\/#Coberturas_de_los_seguros_de_decesos_para_Italia\" >Coberturas de los seguros de decesos para Italia<\/a><\/li><li class='ez-toc-page-1 ez-toc-heading-level-2'><a class=\"ez-toc-link ez-toc-heading-3\" href=\"https:\/\/idecesos.com\/seguros\/paises\/italia\/#Ventajas_de_contratar_un_seguro_de_decesos_para_Italia\" >Ventajas de contratar un seguro de decesos para Italia<\/a><\/li><li class='ez-toc-page-1 ez-toc-heading-level-2'><a class=\"ez-toc-link ez-toc-heading-4\" href=\"https:\/\/idecesos.com\/seguros\/paises\/italia\/#Precios_de_seguros_de_decesos_para_Italia\" >Precios de seguros de decesos para Italia<\/a><ul class='ez-toc-list-level-3' ><li class='ez-toc-heading-level-3'><a class=\"ez-toc-link ez-toc-heading-5\" href=\"https:\/\/idecesos.com\/seguros\/paises\/italia\/#Paginas_relacionadas\" >P\u00e1ginas relacionadas<\/a><\/li><\/ul><\/li><\/ul><\/nav><\/div>\n\n<p>Cada d\u00eda recibimos muchos mensajes de personas que quieren informarse sobre los seguros de decesos. Es <strong>uno de los seguros m\u00e1s contratados despu\u00e9s del seguro del autom\u00f3vil.<\/strong><\/p>\n<p>Cuando llegamos a una cierta edad, es recomendable ir pensando en contratar un seguro de decesos. Sobre todo <strong>para aquellas personas que viven en nuestro pa\u00eds pero quieran descansar en su pa\u00eds de origen.<\/strong><\/p>\n<p>Por ello, se han ido desarrollando nuevos productos y servicios adaptados a esas personas que permanecen lejos de sus familias.<\/p>\n<p>En este art\u00edculo conocer\u00e1s la importancia de contratar un seguro de decesos con repatriaci\u00f3n a Italia, <strong>las coberturas incluidas y los precios que puedes encontrarte en el mercado.<\/strong><\/p>\n<div class=\"colorf\"><div class=\"container clearfix\"><div class=\"col-md-7\">\n<p>La repatriaci\u00f3n es el factor clave en estos seguros de decesos. Uno de los servicios m\u00e1s caros que <strong>muchas familias no pueden hacer frente por motivos econ\u00f3micos.<\/strong><\/p>\n<p>Espa\u00f1a es un pa\u00eds multicultural en el que conviven personas de todos los pa\u00edses y culturas diferentes. M\u00e1s del 12,9% de la poblaci\u00f3n son extranjeros. No es de extra\u00f1ar que para ellos, sea importante <strong>la contrataci\u00f3n de un seguro de decesos con repatriaci\u00f3n.<\/strong><\/p>\n<p>No solo estar\u00e1n m\u00e1s tranquilos ellos. Tambi\u00e9n sus familias <strong>al saber que no tendr\u00e1n que hacer frente a gastos de imprevisto.<\/strong><\/p>\n<p>As\u00ed, las aseguradoras han comenzado a desarrollar nuevas coberturas adaptadas a las situaciones de estas personas. Tendr\u00e1n la <strong>garant\u00eda y tranquilidad<\/strong> de que todo el servicio f\u00fanebre as\u00ed como el traslado quedar\u00e1 cubierto.<\/p>\n<\/div><\/div><\/div>\n<p>En Espa\u00f1a, actualmente, viven m\u00e1s de 250.000 italianos. Un n\u00famero bastante elevado de personas que buscan un <strong>mayor bienestar para ellos y para sus familias<\/strong> para que en el momento de la defunci\u00f3n, nadie tenga que preocuparse por estos tr\u00e1mites tan costosos.<\/p>\n<div class=\"colorf\"><div class=\"container clearfix\"><div class=\"col-md-7\"><div class=\"tipos\"><svg id=\"stars\" style=\"display: none;\" version=\"1.1\">\n\t<symbol id=\"stars-full-star\" viewBox=\"0 0 102 18\">\n\t\t<path d=\"M9.5 14.25l-5.584 2.936 1.066-6.218L.465 6.564l6.243-.907L9.5 0l2.792 5.657 6.243.907-4.517 4.404 1.066 6.218\" \/>\n\t<\/symbol>\n\n\t<symbol id=\"stars-half-star\" viewBox=\"0 0 102 18\">\n\t\t<path d=\"M9.5 14.25l-5.584 2.936 1.066-6.218L.465 6.564l6.243-.907L9.5 0l2.792\" fill=\"#ffdc0f\" \/>\n\t<\/symbol>\n\n\t<symbol id=\"stars-all-star\" viewBox=\"0 0 102 18\">\n\t\t<use xlink:href=\"#stars-full-star\" \/>\n\t\t<use xlink:href=\"#stars-full-star\" transform=\"translate(21)\" \/>\n\t\t<use xlink:href=\"#stars-full-star\" transform=\"translate(42)\" \/>\n\t\t<use xlink:href=\"#stars-full-star\" transform=\"translate(63)\" \/>\n\t\t<use xlink:href=\"#stars-full-star\" transform=\"translate(84)\" \/>\n\t<\/symbol>\n\n\t<symbol id=\"stars-0\" viewBox=\"0 0 102 18\">\n\t\t<use xlink:href=\"#stars-all-star\" fill=\"#e5e5e5\" \/>\n\t<\/symbol>\n\n\t<symbol id=\"stars-1\" viewBox=\"0 0 102 18\">\n\t\t<use xlink:href=\"#stars-0\" \/>\n\t\t<use xlink:href=\"#stars-half-star\" \/>\n\t<\/symbol>\n\n\t<symbol id=\"stars-2\" viewBox=\"0 0 102 18\">\n\t\t<use xlink:href=\"#stars-0\" \/>\n\t\t<use xlink:href=\"#stars-full-star\" fill=\"#ffdc0f\" \/>\n\t<\/symbol>\n\n\t<symbol id=\"stars-3\" viewBox=\"0 0 102 18\">\n\t\t<use xlink:href=\"#stars-2\" \/>\n\t\t<use xlink:href=\"#stars-half-star\" transform=\"translate(21)\" \/>\n\t<\/symbol>\n\n\t<symbol id=\"stars-4\" viewBox=\"0 0 102 18\">\n\t\t<use xlink:href=\"#stars-2\" \/>\n\t\t<use xlink:href=\"#stars-full-star\" fill=\"#ffdc0f\" transform=\"translate(21)\" \/>\n\t<\/symbol>\n\n\t<symbol id=\"stars-5\" viewBox=\"0 0 102 18\">\n\t\t<use xlink:href=\"#stars-4\" \/>\n\t\t<use xlink:href=\"#stars-half-star\" transform=\"translate(42)\" \/>\n\t<\/symbol>\n\n\t<symbol id=\"stars-6\" viewBox=\"0 0 102 18\">\n\t\t<use xlink:href=\"#stars-4\" \/>\n\t\t<use xlink:href=\"#stars-full-star\" fill=\"#ffdc0f\" transform=\"translate(42)\" \/>\n\t<\/symbol>\n\n\t<symbol id=\"stars-7\" viewBox=\"0 0 102 18\">\n\t\t<use xlink:href=\"#stars-6\" \/>\n\t\t<use xlink:href=\"#stars-half-star\" transform=\"translate(63)\" \/>\n\t<\/symbol>\n\n\t<symbol id=\"stars-8\" viewBox=\"0 0 102 18\">\n\t\t<use xlink:href=\"#stars-6\" \/>\n\t\t<use xlink:href=\"#stars-full-star\" fill=\"#ffdc0f\" transform=\"translate(63)\" \/>\n\t<\/symbol>\n\n\t<symbol id=\"stars-9\" viewBox=\"0 0 102 18\">\n\t\t<use xlink:href=\"#stars-8\" \/>\n\t\t<use xlink:href=\"#stars-half-star\" transform=\"translate(84)\" \/>\n\t<\/symbol>\n\n\t<symbol id=\"stars-10\" viewBox=\"0 0 102 18\">\n\t\t<use xlink:href=\"#stars-all-star\" fill=\"#ffdc0f\" \/>\n\t<\/symbol>\n<\/svg>\n\n<h2><span class=\"ez-toc-section\" id=\"Comparador_seguros_de_decesos_para_Italia\"><\/span>Comparador seguros de decesos para Italia<span class=\"ez-toc-section-end\"><\/span><\/h2>\n<p>Llega un momento en nuestras vidas en el que vemos la necesidad de dejarlo todo bien atado <strong>para no suponerle un dolor a\u00f1adido a nuestros familiares<\/strong> en el momento en el que no estamos.<\/p>\n<p>Elegir un buen seguro de decesos es una elecci\u00f3n que debe estudiarse <strong>ya que de ello depender\u00e1 nuestro futuro y el bienestar de los nuestros.<\/strong><\/p>\n<p>No encontraremos en el mercado aseguradoras buenas o malas. Cada una de ellas <strong>fijar\u00e1 sus precios acorde a las coberturas incluidas.<\/strong><\/p>\n<p>Sin embargo, antes de contratar un seguro de decesos debemos prestar atenci\u00f3n a ciertos factores. Uno de ellos es comprobar si estaremos cubiertos en Italia o <strong>si nos devolver\u00edan el capital en el caso de que el servicio f\u00fanebre haya sido inferior.<\/strong><\/p>\n<p>Sin embargo, la manera m\u00e1s r\u00e1pida y fiable de saber qu\u00e9 aseguradora nos ofrece las mejores coberturas y los mejores precios es <strong>usando un comparador de seguros de decesos.<\/strong><\/p>\n<p>En esta p\u00e1gina, ponemos a tu disposici\u00f3n nuestro comparador. Rellena los datos que te piden y en pocos instantes <strong>conocer\u00e1s las coberturas, el precio y la aseguradora que se adapta a ti y a tus circunstancias.<\/strong><\/p>\n<div class=\"colorf\"><div class=\"container clearfix\"><div class=\"col-md-7\"><div class=\"tipos\"><svg id=\"stars\" style=\"display: none;\" version=\"1.1\">\n\t<symbol id=\"stars-full-star\" viewBox=\"0 0 102 18\">\n\t\t<path d=\"M9.5 14.25l-5.584 2.936 1.066-6.218L.465 6.564l6.243-.907L9.5 0l2.792 5.657 6.243.907-4.517 4.404 1.066 6.218\" \/>\n\t<\/symbol>\n\n\t<symbol id=\"stars-half-star\" viewBox=\"0 0 102 18\">\n\t\t<path d=\"M9.5 14.25l-5.584 2.936 1.066-6.218L.465 6.564l6.243-.907L9.5 0l2.792\" fill=\"#ffdc0f\" \/>\n\t<\/symbol>\n\n\t<symbol id=\"stars-all-star\" viewBox=\"0 0 102 18\">\n\t\t<use xlink:href=\"#stars-full-star\" \/>\n\t\t<use xlink:href=\"#stars-full-star\" transform=\"translate(21)\" \/>\n\t\t<use xlink:href=\"#stars-full-star\" transform=\"translate(42)\" \/>\n\t\t<use xlink:href=\"#stars-full-star\" transform=\"translate(63)\" \/>\n\t\t<use xlink:href=\"#stars-full-star\" transform=\"translate(84)\" \/>\n\t<\/symbol>\n\n\t<symbol id=\"stars-0\" viewBox=\"0 0 102 18\">\n\t\t<use xlink:href=\"#stars-all-star\" fill=\"#e5e5e5\" \/>\n\t<\/symbol>\n\n\t<symbol id=\"stars-1\" viewBox=\"0 0 102 18\">\n\t\t<use xlink:href=\"#stars-0\" \/>\n\t\t<use xlink:href=\"#stars-half-star\" \/>\n\t<\/symbol>\n\n\t<symbol id=\"stars-2\" viewBox=\"0 0 102 18\">\n\t\t<use xlink:href=\"#stars-0\" \/>\n\t\t<use xlink:href=\"#stars-full-star\" fill=\"#ffdc0f\" \/>\n\t<\/symbol>\n\n\t<symbol id=\"stars-3\" viewBox=\"0 0 102 18\">\n\t\t<use xlink:href=\"#stars-2\" \/>\n\t\t<use xlink:href=\"#stars-half-star\" transform=\"translate(21)\" \/>\n\t<\/symbol>\n\n\t<symbol id=\"stars-4\" viewBox=\"0 0 102 18\">\n\t\t<use xlink:href=\"#stars-2\" \/>\n\t\t<use xlink:href=\"#stars-full-star\" fill=\"#ffdc0f\" transform=\"translate(21)\" \/>\n\t<\/symbol>\n\n\t<symbol id=\"stars-5\" viewBox=\"0 0 102 18\">\n\t\t<use xlink:href=\"#stars-4\" \/>\n\t\t<use xlink:href=\"#stars-half-star\" transform=\"translate(42)\" \/>\n\t<\/symbol>\n\n\t<symbol id=\"stars-6\" viewBox=\"0 0 102 18\">\n\t\t<use xlink:href=\"#stars-4\" \/>\n\t\t<use xlink:href=\"#stars-full-star\" fill=\"#ffdc0f\" transform=\"translate(42)\" \/>\n\t<\/symbol>\n\n\t<symbol id=\"stars-7\" viewBox=\"0 0 102 18\">\n\t\t<use xlink:href=\"#stars-6\" \/>\n\t\t<use xlink:href=\"#stars-half-star\" transform=\"translate(63)\" \/>\n\t<\/symbol>\n\n\t<symbol id=\"stars-8\" viewBox=\"0 0 102 18\">\n\t\t<use xlink:href=\"#stars-6\" \/>\n\t\t<use xlink:href=\"#stars-full-star\" fill=\"#ffdc0f\" transform=\"translate(63)\" \/>\n\t<\/symbol>\n\n\t<symbol id=\"stars-9\" viewBox=\"0 0 102 18\">\n\t\t<use xlink:href=\"#stars-8\" \/>\n\t\t<use xlink:href=\"#stars-half-star\" transform=\"translate(84)\" \/>\n\t<\/symbol>\n\n\t<symbol id=\"stars-10\" viewBox=\"0 0 102 18\">\n\t\t<use xlink:href=\"#stars-all-star\" fill=\"#ffdc0f\" \/>\n\t<\/symbol>\n<\/svg>\n\n<h2><span class=\"ez-toc-section\" id=\"Coberturas_de_los_seguros_de_decesos_para_Italia\"><\/span>Coberturas de los seguros de decesos para Italia<span class=\"ez-toc-section-end\"><\/span><\/h2>\n<p>Todo seguro de decesos debe tener como cobertura principal la prestaci\u00f3n del servicio f\u00fanebre. Adem\u00e1s, en estos seguros de decesos con repatriaci\u00f3n, este servicio es la clave para que aquellas personas que vivan en nuestro pa\u00eds <strong>puedan descansar en su pa\u00eds de origen.<\/strong><\/p>\n<p>Adem\u00e1s, muchas aseguradoras permiten la contrataci\u00f3n de ciertas coberturas complementarias. Y por si fuera poco, con la contrataci\u00f3n de tu seguro de decesos con repatriaci\u00f3n puedes adquirir ciertos <strong>descuentos en gimnasios, balnearios o ventajas como servicios dentales o l\u00edneas m\u00e9dicas gratuitas.<\/strong><\/p>\n<div class=\"tipo2 \"  ><div class=\"cuadro_tipo\"><div class=\"tipo_icon\"><i class=\"fas fa-cubes\"><\/i><!--span class=\"dashicons dashicons-image-filter\"><\/span--><\/div><div class=\"titulo_tipo titulo\">Coberturas Obligatorias<\/div><div class=\"texto_tipo\">\n<p>Servicio f\u00fanebre completo<br \/>\nTraslado y libre elecci\u00f3n de cementerio<br \/>\nDefensa jur\u00eddica<br \/>\nTestamento vital<br \/>\nAsistencia en viajes<br \/>\nBillete de ida y vuelta de un acompa\u00f1ante<\/p>\n<p><\/div><hr>Valoraci\u00f3n en iDecesos.com<div class=\"tipo_estrellas\">\n\t\t\t<svg class=\"icon\">\t\t<use xlink:href=\"#stars-9\">\t<\/svg>\n\t\t\t<!--img src=\"https:\/\/idecesos.com\/img\/stars_9.png\" alt=\"9\/10\" style=\"height:auto; width:120px; color:white; font-weight:700; box-sizing:border-box; border:0; vertical-align: middle;  \"-->\n\t\t\t<\/div><hr><div class=\"enlace_tipo\"><button type=\"button\" class=\"\" data-bs-toggle=\"modal\" data-bs-target=\"#comparadorModal\">\n\t\t\t\t\t\t<span class=\"\">Ver Precios<\/span>\t\t\t\t\n\t\t\t\t\t<\/button><\/div><\/div><\/div> <div class=\"tipo2 \"  ><div class=\"cuadro_tipo\"><div class=\"tipo_icon\"><i class=\"fas fa-cubes\"><\/i><!--span class=\"dashicons dashicons-image-filter\"><\/span--><\/div><div class=\"titulo_tipo titulo\">Coberturas Opcionales<\/div><div class=\"texto_tipo\"><\/p>\n<p>Accidentes<br \/>\nOdontolog\u00eda<br \/>\nConservaci\u00f3n ADN<br \/>\nIndemnizaci\u00f3n por hospitalizaci\u00f3n<br \/>\nAyuda psicol\u00f3gica<br \/>\nSegundo diagn\u00f3stico m\u00e9dico<\/p>\n<p><\/div><hr>Valoraci\u00f3n en iDecesos.com<div class=\"tipo_estrellas\">\n\t\t\t<svg class=\"icon\">\t\t<use xlink:href=\"#stars-10\">\t<\/svg>\n\t\t\t<!--img src=\"https:\/\/idecesos.com\/img\/stars_10.png\" alt=\"10\/10\" style=\"height:auto; width:120px; color:white; font-weight:700; box-sizing:border-box; border:0; vertical-align: middle;  \"-->\n\t\t\t<\/div><hr><div class=\"enlace_tipo\"><button type=\"button\" class=\"\" data-bs-toggle=\"modal\" data-bs-target=\"#comparadorModal\">\n\t\t\t\t\t\t<span class=\"\">Ver Precios<\/span>\t\t\t\t\n\t\t\t\t\t<\/button><\/div><\/div><\/div><\/p>\n<p>En un mercado cada vez m\u00e1s competitivo, la mayor\u00eda de las aseguradoras compiten por ofrecer los mejores servicios y a la mejor calidad posible. Para ello, incorporan a sus equipos a <strong>grandes profesionales<\/strong> dispuestos a ofrecerte las mejores soluciones.<\/p>\n<p>Son muchas las compa\u00f1\u00edas como Caser Seguros, DKV o Generali que ya ofertan seguros de decesos con repatriaci\u00f3n y a precios asequibles.<\/p>\n<p>Sin embargo, nuestra recomendaci\u00f3n es que uses el <strong>comparador de iDecesos<\/strong> para que est\u00e9s m\u00e1s seguro de la compa\u00f1\u00eda que se adapta a ti.<\/p>\n<\/div><\/div><\/div><\/div>\n<h2><span class=\"ez-toc-section\" id=\"Ventajas_de_contratar_un_seguro_de_decesos_para_Italia\"><\/span>Ventajas de contratar un seguro de decesos para Italia<span class=\"ez-toc-section-end\"><\/span><\/h2>\n<p>Si eres nuevo en el mundo de los seguros de decesos, es normal que te sigan surgiendo dudas. Sin embargo, queremos comentarte que con la contrataci\u00f3n de tu p\u00f3liza de decesos todo son ventajas. <strong>Te ahorrar\u00e1s mucho dinero y tiempo<\/strong> al tenerlo todo bien atado en el momento de tu defunci\u00f3n.<\/p>\n<p>Adem\u00e1s, tus familiares quedar\u00e1n m\u00e1s aliviados al conocer que no tendr\u00e1n que hacer frente a los gastos de repatriaci\u00f3n. En algunos casos,<strong> llegan a superar los 7.000 euros.<\/strong><\/p>\n<p>Ser\u00e1n las aseguradoras las que se encarguen de todo el proceso prest\u00e1ndole la ayuda necesaria a los familiares. Adem\u00e1s, <strong>podr\u00e1s beneficiarte de ciertas ayudas como la asistencia jur\u00eddica y familiar.<\/strong><\/p>\n<div class=\"colorf\"><div class=\"container clearfix\"><div class=\"col-md-7\">\n<h2><span class=\"ez-toc-section\" id=\"Precios_de_seguros_de_decesos_para_Italia\"><\/span>Precios de seguros de decesos para Italia<span class=\"ez-toc-section-end\"><\/span><\/h2>\n<p>Los precios que podemos encontrar sobre los seguros de decesos son econ\u00f3micos comparados con todas las coberturas que se incluyen.<\/p>\n<p>Sin embargo, <strong>los precios variar\u00e1n<\/strong> dependiendo de cada aseguradora y de las coberturas complementarias a\u00f1adidas.<\/p>\n<p>Adem\u00e1s, hay otros factores que influyen en el precio como son <strong>la edad, el capital asegurado o la localidad de residencia.<\/strong><\/p>\n<p>Para que elijas el mejor seguro para ti y para los tuyos, usa el comparador de iDecesos. Encontrar\u00e1s los mejores precios y las mejores coberturas <strong>desde tan solo 1,90 euros al mes.<\/strong><\/p>\n<p>[\/bloque] <\/div><\/div><\/div><\/div><\/p>\n<div class=\"oficinas\">\n<h3><span class=\"ez-toc-section\" id=\"Paginas_relacionadas\"><\/span>P\u00e1ginas relacionadas<span class=\"ez-toc-section-end\"><\/span><\/h3>\n<ul><li><a href=\"https:\/\/idecesos.com\/seguros\/paises\/america\/\"><span>Seguro Decesos Am\u00e9rica<\/span><\/a><\/li><li><a href=\"https:\/\/idecesos.com\/seguros\/paises\/argentina\/\"><span>Seguro Decesos Argentina<\/span><\/a><\/li><li><a href=\"https:\/\/idecesos.com\/seguros\/paises\/rumania\/\"><span>Seguro Decesos para Rumania<\/span><\/a><\/li><li><a href=\"https:\/\/idecesos.com\/seguros\/paises\/venezuela\/\"><span>Seguro Decesos para Venezuela<\/span><\/a><\/li><li><a href=\"https:\/\/idecesos.com\/seguros\/paises\/chile\/\"><span>Seguro de Decesos para Chile<\/span><\/a><\/li><li><a href=\"https:\/\/idecesos.com\/seguros\/paises\/colombia\/\"><span>Seguro de Decesos para Colombia<\/span><\/a><\/li><li><a href=\"https:\/\/idecesos.com\/seguros\/paises\/estados-unidos\/\"><span>Seguro de Decesos para EEUU<\/span><\/a><\/li><li><a href=\"https:\/\/idecesos.com\/seguros\/paises\/francia\/\"><span>Seguro de Decesos para Francia<\/span><\/a><\/li><li><a href=\"https:\/\/idecesos.com\/seguros\/paises\/irlanda\/\"><span>Seguro de Decesos para Irlanda<\/span><\/a><\/li><li><a href=\"https:\/\/idecesos.com\/seguros\/paises\/mexico\/\"><span>Seguro de Decesos para Mexicanos<\/span><\/a><\/li><\/ul>\n","protected":false},"excerpt":{"rendered":"<p>Cada d\u00eda recibimos muchos mensajes de personas que quieren informarse sobre los seguros de decesos. Es uno de los seguros m\u00e1s contratados despu\u00e9s del seguro del autom\u00f3vil. Cuando llegamos a una cierta edad, es recomendable ir pensando en contratar un seguro de decesos. Sobre todo para aquellas personas que viven en nuestro pa\u00eds pero quieran&hellip; <\/p>\n","protected":false},"author":2,"featured_media":0,"parent":531,"menu_order":0,"comment_status":"open","ping_status":"closed","template":"single.php","meta":{"footnotes":""},"class_list":["post-579","page","type-page","status-publish","hentry"],"yoast_head":"<!-- This site is optimized with the Yoast SEO plugin v27.3 - https:\/\/yoast.com\/product\/yoast-seo-wordpress\/ -->\n<title>Seguro de Decesos para Italia \u25b7 Calcular Coberturas y Precios 2026<\/title>\n<meta name=\"description\" content=\"Calcula aqu\u00ed el mejor\u3010seguro de decesos para Italia\u3011\u2611\ufe0fCoberturas, precios y con comunicaci\u00f3n fallecimiento pensionista Italia de iDecesos\u00ae\" \/>\n<meta name=\"robots\" content=\"index, follow, max-snippet:-1, max-image-preview:large, max-video-preview:-1\" \/>\n<link rel=\"canonical\" href=\"https:\/\/idecesos.com\/seguros\/paises\/italia\/\" \/>\n<meta property=\"og:locale\" content=\"es_ES\" \/>\n<meta property=\"og:type\" content=\"article\" \/>\n<meta property=\"og:title\" content=\"Seguro de Decesos para Italia \u25b7 Calcular Coberturas y Precios 2026\" \/>\n<meta property=\"og:description\" content=\"Calcula aqu\u00ed el mejor\u3010seguro de decesos para Italia\u3011\u2611\ufe0fCoberturas, precios y con comunicaci\u00f3n fallecimiento pensionista Italia de iDecesos\u00ae\" \/>\n<meta property=\"og:url\" content=\"https:\/\/idecesos.com\/seguros\/paises\/italia\/\" \/>\n<meta property=\"article:modified_time\" content=\"2022-01-18T09:46:32+00:00\" \/>\n<meta name=\"twitter:card\" content=\"summary_large_image\" \/>\n<meta name=\"twitter:label1\" content=\"Tiempo de lectura\" \/>\n\t<meta name=\"twitter:data1\" content=\"5 minutos\" \/>\n<script type=\"application\/ld+json\" class=\"yoast-schema-graph\">{\"@context\":\"https:\\\/\\\/schema.org\",\"@graph\":[{\"@type\":\"WebPage\",\"@id\":\"https:\\\/\\\/idecesos.com\\\/seguros\\\/paises\\\/italia\\\/\",\"url\":\"https:\\\/\\\/idecesos.com\\\/seguros\\\/paises\\\/italia\\\/\",\"name\":\"Seguro de Decesos para Italia \u25b7 Calcular Coberturas y Precios 2026\",\"isPartOf\":{\"@id\":\"https:\\\/\\\/idecesos.com\\\/seguros\\\/#website\"},\"datePublished\":\"2021-07-12T11:59:08+00:00\",\"dateModified\":\"2022-01-18T09:46:32+00:00\",\"description\":\"Calcula aqu\u00ed el mejor\u3010seguro de decesos para Italia\u3011\u2611\ufe0fCoberturas, precios y con comunicaci\u00f3n fallecimiento pensionista Italia de iDecesos\u00ae\",\"breadcrumb\":{\"@id\":\"https:\\\/\\\/idecesos.com\\\/seguros\\\/paises\\\/italia\\\/#breadcrumb\"},\"inLanguage\":\"es\",\"potentialAction\":[{\"@type\":\"ReadAction\",\"target\":[\"https:\\\/\\\/idecesos.com\\\/seguros\\\/paises\\\/italia\\\/\"]}]},{\"@type\":\"BreadcrumbList\",\"@id\":\"https:\\\/\\\/idecesos.com\\\/seguros\\\/paises\\\/italia\\\/#breadcrumb\",\"itemListElement\":[{\"@type\":\"ListItem\",\"position\":1,\"name\":\"Portada\",\"item\":\"https:\\\/\\\/idecesos.com\\\/seguros\\\/\"},{\"@type\":\"ListItem\",\"position\":2,\"name\":\"Seguro Decesos Extranjeros\",\"item\":\"https:\\\/\\\/idecesos.com\\\/seguros\\\/paises\\\/\"},{\"@type\":\"ListItem\",\"position\":3,\"name\":\"Seguro de Decesos para Italia\"}]},{\"@type\":\"WebSite\",\"@id\":\"https:\\\/\\\/idecesos.com\\\/seguros\\\/#website\",\"url\":\"https:\\\/\\\/idecesos.com\\\/seguros\\\/\",\"name\":\"\",\"description\":\"\",\"potentialAction\":[{\"@type\":\"SearchAction\",\"target\":{\"@type\":\"EntryPoint\",\"urlTemplate\":\"https:\\\/\\\/idecesos.com\\\/seguros\\\/?s={search_term_string}\"},\"query-input\":{\"@type\":\"PropertyValueSpecification\",\"valueRequired\":true,\"valueName\":\"search_term_string\"}}],\"inLanguage\":\"es\"}]}<\/script>\n<!-- \/ Yoast SEO plugin. -->","yoast_head_json":{"title":"Seguro de Decesos para Italia \u25b7 Calcular Coberturas y Precios 2026","description":"Calcula aqu\u00ed el mejor\u3010seguro de decesos para Italia\u3011\u2611\ufe0fCoberturas, precios y con comunicaci\u00f3n fallecimiento pensionista Italia de iDecesos\u00ae","robots":{"index":"index","follow":"follow","max-snippet":"max-snippet:-1","max-image-preview":"max-image-preview:large","max-video-preview":"max-video-preview:-1"},"canonical":"https:\/\/idecesos.com\/seguros\/paises\/italia\/","og_locale":"es_ES","og_type":"article","og_title":"Seguro de Decesos para Italia \u25b7 Calcular Coberturas y Precios 2026","og_description":"Calcula aqu\u00ed el mejor\u3010seguro de decesos para Italia\u3011\u2611\ufe0fCoberturas, precios y con comunicaci\u00f3n fallecimiento pensionista Italia de iDecesos\u00ae","og_url":"https:\/\/idecesos.com\/seguros\/paises\/italia\/","article_modified_time":"2022-01-18T09:46:32+00:00","twitter_card":"summary_large_image","twitter_misc":{"Tiempo de lectura":"5 minutos"},"schema":{"@context":"https:\/\/schema.org","@graph":[{"@type":"WebPage","@id":"https:\/\/idecesos.com\/seguros\/paises\/italia\/","url":"https:\/\/idecesos.com\/seguros\/paises\/italia\/","name":"Seguro de Decesos para Italia \u25b7 Calcular Coberturas y Precios 2026","isPartOf":{"@id":"https:\/\/idecesos.com\/seguros\/#website"},"datePublished":"2021-07-12T11:59:08+00:00","dateModified":"2022-01-18T09:46:32+00:00","description":"Calcula aqu\u00ed el mejor\u3010seguro de decesos para Italia\u3011\u2611\ufe0fCoberturas, precios y con comunicaci\u00f3n fallecimiento pensionista Italia de iDecesos\u00ae","breadcrumb":{"@id":"https:\/\/idecesos.com\/seguros\/paises\/italia\/#breadcrumb"},"inLanguage":"es","potentialAction":[{"@type":"ReadAction","target":["https:\/\/idecesos.com\/seguros\/paises\/italia\/"]}]},{"@type":"BreadcrumbList","@id":"https:\/\/idecesos.com\/seguros\/paises\/italia\/#breadcrumb","itemListElement":[{"@type":"ListItem","position":1,"name":"Portada","item":"https:\/\/idecesos.com\/seguros\/"},{"@type":"ListItem","position":2,"name":"Seguro Decesos Extranjeros","item":"https:\/\/idecesos.com\/seguros\/paises\/"},{"@type":"ListItem","position":3,"name":"Seguro de Decesos para Italia"}]},{"@type":"WebSite","@id":"https:\/\/idecesos.com\/seguros\/#website","url":"https:\/\/idecesos.com\/seguros\/","name":"","description":"","potentialAction":[{"@type":"SearchAction","target":{"@type":"EntryPoint","urlTemplate":"https:\/\/idecesos.com\/seguros\/?s={search_term_string}"},"query-input":{"@type":"PropertyValueSpecification","valueRequired":true,"valueName":"search_term_string"}}],"inLanguage":"es"}]}},"_links":{"self":[{"href":"https:\/\/idecesos.com\/seguros\/wp-json\/wp\/v2\/pages\/579","targetHints":{"allow":["GET"]}}],"collection":[{"href":"https:\/\/idecesos.com\/seguros\/wp-json\/wp\/v2\/pages"}],"about":[{"href":"https:\/\/idecesos.com\/seguros\/wp-json\/wp\/v2\/types\/page"}],"author":[{"embeddable":true,"href":"https:\/\/idecesos.com\/seguros\/wp-json\/wp\/v2\/users\/2"}],"replies":[{"embeddable":true,"href":"https:\/\/idecesos.com\/seguros\/wp-json\/wp\/v2\/comments?post=579"}],"version-history":[{"count":8,"href":"https:\/\/idecesos.com\/seguros\/wp-json\/wp\/v2\/pages\/579\/revisions"}],"predecessor-version":[{"id":18698,"href":"https:\/\/idecesos.com\/seguros\/wp-json\/wp\/v2\/pages\/579\/revisions\/18698"}],"up":[{"embeddable":true,"href":"https:\/\/idecesos.com\/seguros\/wp-json\/wp\/v2\/pages\/531"}],"wp:attachment":[{"href":"https:\/\/idecesos.com\/seguros\/wp-json\/wp\/v2\/media?parent=579"}],"curies":[{"name":"wp","href":"https:\/\/api.w.org\/{rel}","templated":true}]}}