{"id":586,"date":"2021-07-12T12:03:56","date_gmt":"2021-07-12T12:03:56","guid":{"rendered":"https:\/\/idecesos.com\/seguros\/?page_id=586"},"modified":"2021-11-23T08:34:31","modified_gmt":"2021-11-23T08:34:31","slug":"tipo","status":"publish","type":"page","link":"https:\/\/idecesos.com\/seguros\/tipo\/","title":{"rendered":"Tipos de seguros de decesos"},"content":{"rendered":"<div id=\"ez-toc-container\" class=\"ez-toc-v2_0_83 ez-toc-wrap-center counter-hierarchy ez-toc-counter ez-toc-custom ez-toc-container-direction\">\n<div class=\"ez-toc-title-container\">\n<p class=\"ez-toc-title\" style=\"cursor:inherit\">Tabla de Contenido<\/p>\n<span class=\"ez-toc-title-toggle\"><a href=\"#\" class=\"ez-toc-pull-right ez-toc-btn ez-toc-btn-xs ez-toc-btn-default ez-toc-toggle\" aria-label=\"Alternar tabla de contenidos\"><span class=\"ez-toc-js-icon-con\"><span class=\"\"><span class=\"eztoc-hide\" style=\"display:none;\">Toggle<\/span><span class=\"ez-toc-icon-toggle-span\"><svg style=\"fill: #db6415;color:#db6415\" xmlns=\"http:\/\/www.w3.org\/2000\/svg\" class=\"list-377408\" width=\"20px\" height=\"20px\" viewBox=\"0 0 24 24\" fill=\"none\"><path d=\"M6 6H4v2h2V6zm14 0H8v2h12V6zM4 11h2v2H4v-2zm16 0H8v2h12v-2zM4 16h2v2H4v-2zm16 0H8v2h12v-2z\" fill=\"currentColor\"><\/path><\/svg><svg style=\"fill: #db6415;color:#db6415\" class=\"arrow-unsorted-368013\" xmlns=\"http:\/\/www.w3.org\/2000\/svg\" width=\"10px\" height=\"10px\" viewBox=\"0 0 24 24\" version=\"1.2\" baseProfile=\"tiny\"><path d=\"M18.2 9.3l-6.2-6.3-6.2 6.3c-.2.2-.3.4-.3.7s.1.5.3.7c.2.2.4.3.7.3h11c.3 0 .5-.1.7-.3.2-.2.3-.5.3-.7s-.1-.5-.3-.7zM5.8 14.7l6.2 6.3 6.2-6.3c.2-.2.3-.5.3-.7s-.1-.5-.3-.7c-.2-.2-.4-.3-.7-.3h-11c-.3 0-.5.1-.7.3-.2.2-.3.5-.3.7s.1.5.3.7z\"\/><\/svg><\/span><\/span><\/span><\/a><\/span><\/div>\n<nav><ul class='ez-toc-list ez-toc-list-level-1 ' ><li class='ez-toc-page-1 ez-toc-heading-level-2'><a class=\"ez-toc-link ez-toc-heading-1\" href=\"https:\/\/idecesos.com\/seguros\/tipo\/#Las_diferentes_modalidades_de_seguros_de_decesos\" >Las diferentes modalidades de seguros de decesos<\/a><ul class='ez-toc-list-level-3' ><li class='ez-toc-heading-level-3'><a class=\"ez-toc-link ez-toc-heading-2\" href=\"https:\/\/idecesos.com\/seguros\/tipo\/#Primas\" >Primas:<\/a><ul class='ez-toc-list-level-4' ><li class='ez-toc-heading-level-4'><a class=\"ez-toc-link ez-toc-heading-3\" href=\"https:\/\/idecesos.com\/seguros\/tipo\/#Seguro_de_Decesos_de_Prima_Unica\" >Seguro de Decesos de Prima \u00danica<\/a><\/li><li class='ez-toc-page-1 ez-toc-heading-level-4'><a class=\"ez-toc-link ez-toc-heading-4\" href=\"https:\/\/idecesos.com\/seguros\/tipo\/#Seguro_de_Prima_Nivelada\" >Seguro de Prima Nivelada<\/a><\/li><li class='ez-toc-page-1 ez-toc-heading-level-4'><a class=\"ez-toc-link ez-toc-heading-5\" href=\"https:\/\/idecesos.com\/seguros\/tipo\/#Seguro_de_Prima_Natural\" >Seguro de Prima Natural<\/a><\/li><li class='ez-toc-page-1 ez-toc-heading-level-4'><a class=\"ez-toc-link ez-toc-heading-6\" href=\"https:\/\/idecesos.com\/seguros\/tipo\/#Seguro_de_Prima_Seminatural\" >Seguro de Prima Seminatural<\/a><\/li><li class='ez-toc-page-1 ez-toc-heading-level-4'><a class=\"ez-toc-link ez-toc-heading-7\" href=\"https:\/\/idecesos.com\/seguros\/tipo\/#Seguro_de_Prima_Mixta\" >Seguro de Prima Mixta<\/a><\/li><\/ul><\/li><li class='ez-toc-page-1 ez-toc-heading-level-3'><a class=\"ez-toc-link ez-toc-heading-8\" href=\"https:\/\/idecesos.com\/seguros\/tipo\/#Seguro_de_decesos_familiar\" >Seguro de decesos familiar<\/a><\/li><li class='ez-toc-page-1 ez-toc-heading-level-3'><a class=\"ez-toc-link ez-toc-heading-9\" href=\"https:\/\/idecesos.com\/seguros\/tipo\/#Seguro_de_decesos_para_extranjeros\" >Seguro de decesos para extranjeros<\/a><\/li><li class='ez-toc-page-1 ez-toc-heading-level-3'><a class=\"ez-toc-link ez-toc-heading-10\" href=\"https:\/\/idecesos.com\/seguros\/tipo\/#Seguro_de_decesos_para_mayores\" >Seguro de decesos para mayores<\/a><\/li><li class='ez-toc-page-1 ez-toc-heading-level-3'><a class=\"ez-toc-link ez-toc-heading-11\" href=\"https:\/\/idecesos.com\/seguros\/tipo\/#Otros_tipos_de_seguros\" >Otros tipos de seguros:<\/a><\/li><li class='ez-toc-page-1 ez-toc-heading-level-3'><a class=\"ez-toc-link ez-toc-heading-12\" href=\"https:\/\/idecesos.com\/seguros\/tipo\/#Paginas_relacionadas\" >P\u00e1ginas relacionadas<\/a><\/li><\/ul><\/li><\/ul><\/nav><\/div>\n\r\n\r\n<p>Queremos que tengas claros los distintos tipos de decesos que existen y con lo que puedes contar, veras todas las modalidades a la mejor que se adapt\u00e9 a ti y a tus necesidades. Una vez conociendo toda esta informaci\u00f3n no surgir\u00e1 ning\u00fan problema a la hora de adquirir la p\u00f3liza. Conociendo todas sus ventajas.\u00a0<\/p>\r\n<p>Lo que tenemos que tener claro es que el seguro de decesos es un tipo de seguro que en el momento que ocurra el siniestro debe responder y ya no s\u00f3lo cubra toda la gesti\u00f3n del sepelio sino que de un servicio de calidad y que ese momento tan doloroso se desarrolle de la forma m\u00e1s natural y con el mayor profesionalidad por el equipo de asistencia de cada uno de los integrantes de la compa\u00f1\u00eda de decesos.<\/p>\r\n\r\n\r\n\r\n\r\n\r\n<p>Existen m\u00faltiples variables y tipos de seguros de decesos. Sin embargo, los m\u00e1s comunes son los seguros b\u00e1sicos que son los que \u00fanicamente cubren la gesti\u00f3n del sepelio, desde la corona de flores, coche f\u00fanebre, velatorio, ata\u00fad, nicho, sala, organizaci\u00f3n de la misa por el difunto, gesti\u00f3n y tr\u00e1mites ante la administraci\u00f3n en ese momento. Este tipo de seguro es muy demandado por el perfil de persona que quiere un precio muy competitivo y que \u00fanicamente quiere pagar su entierro y tenerlo todo previsto cuando se muera sin dejar ning\u00fan cabo suelto.<\/p>\r\n<p>El segundo tipo de seguro de decesos m\u00e1s demandado es que te cubre la gesti\u00f3n del sepelio m\u00e1s las coberturas de limpieza bucal, consulta de pediatra, descuento preferentes en centenares de centros hospitalarios y especialistas. Asimismo, te env\u00edan a tu domicilio una tarjeta de seguros con la cual vas al m\u00e9dico donde te aplica el descuento o directamente es gratuito. Tambi\u00e9n tienen las garant\u00edas de borrado de la huella digital, gesti\u00f3n de testamento online tambi\u00e9n es una cobertura muy utilizada por los clientes. Un a de las grandes ventajas de este seguro que indiferentemente que utilices las coberturas m\u00e9dicas, el precio de la p\u00f3liza no se incrementa al a\u00f1o siguiente.<\/p>\r\n<p>Luego estos tipos de productos hay compa\u00f1\u00edas que le a\u00f1aden la garant\u00eda de accidentes hasta 6.000\u20ac o 12.000\u20ac para el tomador de la p\u00f3liza. Es decir, en una p\u00f3liza de seguro de tipo familiar que existen varios asegurados pero el tomador de la p\u00f3liza es el padre, en este caso cubrir\u00eda exclusivamente al padre.<\/p>\r\n<h2><span class=\"ez-toc-section\" id=\"Las_diferentes_modalidades_de_seguros_de_decesos\"><\/span>Las diferentes modalidades de seguros de decesos<span class=\"ez-toc-section-end\"><\/span><\/h2>\r\n<p>El seguro de decesos es un tipo de seguro que es contratado porque en Espa\u00f1a afrontamos ese momento con mucho temor y deseamos que todo est\u00e9 muy bien gestionado. Porque ya que estamos pas\u00e1ndolo mal por la p\u00e9rdida familiar no queremos a\u00f1adir encima pedir dinero a los familiares directos para costear el entierro y adem\u00e1s negociar con las funerarias que tienen un precio muy superior que por ejemplo pagar una prima \u00fanica con una aseguradora debido a la capacidad de negociaci\u00f3n que tiene esta aseguradora y la econom\u00eda de escalas que puede aplicar a toda la cadena de proveedores de servicios de asistencia funeraria, pagar los impuestos correspondientes, tr\u00e1mites etc.<\/p>\r\n<p>Existen diferentes de modalidades que te iremos explicando en detalle un poco m\u00e1s adelante, te nombramos para que te vayan sonando, al existir distintas modalidades, te las explicamos una a una detalladamente, para que no te quedes en ning\u00fan momento con alguna duda.\u00a0<\/p>\r\n<ul>\r\n<li><strong>Modalidad nivelada o constante\u00a0<\/strong><\/li>\r\n<li><strong>Modalidad natural o variable<\/strong><\/li>\r\n<li><strong>Modalidad Mixta\u00a0<\/strong><\/li>\r\n<li><strong>Modalidad seminatural\u00a0<\/strong><\/li>\r\n<li><strong>Modalidad de prima \u00fanica<\/strong><\/li>\r\n<\/ul>\r\n\r\n\n\t\t<hr class=\"separador\">\n\t\t<div class=\"bloque-accion\">\n\t\t<p class=\"txt-accion\">Calcula el precio de tu seguro de decesos en menos de 1 minuto<\/p>\n\t\t<a class=\"btn-accion\" href=\"https:\/\/idecesos.com\/\">CALCULAR<\/a>\n\t\t<\/div>\n\t\t<hr class=\"separador\">\n\t\t\r\n\r\n<h3><span class=\"ez-toc-section\" id=\"Primas\"><\/span>Primas:<span class=\"ez-toc-section-end\"><\/span><\/h3>\r\n<p>En la actualidad obtener una p\u00f3liza de decesos, el asegurador puede seleccionar entre diferentes modalidades de contrataci\u00f3n, dentro de las mas habituales son pagos de manera peri\u00f3dicamente, despu\u00e9s de ellas se encuentran la nivelada, natural y \u00fanica.<\/p>\r\n<p>Si a la compa\u00f1\u00eda le interesa tambi\u00e9n puedes optar a suscribirte en modalidad mixta o seminatural. Cada compa\u00f1\u00eda cuentan con ciertas modalidad, no todas llevan las diferentes nombradas. Pueden llevar solo una hasta 2 de ellas.\u00a0<\/p>\r\n<h4><span class=\"ez-toc-section\" id=\"Seguro_de_Decesos_de_Prima_Unica\"><\/span>Seguro de Decesos de Prima \u00danica<span class=\"ez-toc-section-end\"><\/span><\/h4>\r\n<p>Va dirigido a las personas mayores de 60-75 a\u00f1os. Resulta que es de las mas contratadas debido a la cobertura de la p\u00f3liza de decesos. Teniendo la ventaja que se realiza de un pago \u00fanico, ahorr\u00e1ndote el abono peri\u00f3dicamente.<\/p>\r\n<p>Dentro de las diferentes compa\u00f1\u00edas de seguros esta puede ser la \u00fanica modalidad que se puede contratar para las personas mayores de 60 o 70 a\u00f1os, por lo que siempre depender\u00e1 de la aseguradora. Por lo cual no tendr\u00eda que volver hacer cargo a ese gasto.\u00a0<\/p>\r\n<p>Dejando claro que esta enfocado para aquellas personas de m\u00e1s de 60 a\u00f1os, donde jam\u00e1s han contando con una p\u00f3liza de decesos.\u00a0<\/p>\r\n<h4><span class=\"ez-toc-section\" id=\"Seguro_de_Prima_Nivelada\"><\/span>Seguro de Prima Nivelada<span class=\"ez-toc-section-end\"><\/span><\/h4>\r\n<p>Esta modalidad es denominada constante ya que el asegurado hace el pago de la prima de manera constante a lo largo de su vida, en esta caso siendo relevante la edad del asegurado. Por lo cual siempre pagara la misma cuota, lo \u00fanico destacable es que puede surgir una peque\u00f1a variable de los servicios que vayan a contratar.\u00a0<\/p>\r\n<p>La regulaci\u00f3n que se lleva a cabo cuando se contrate el seguro, es la cuant\u00eda que se deber\u00e1 abonar a lo largo de toda la vida aunque siempre se esta de manera constante, contratarlo cuando se tiene m\u00e1s de 50 a\u00f1os ser\u00e1 m\u00e1s alto que si lo haces con 18.<\/p>\r\n<p>Aunque parezca que tiene un precio m\u00e1s elevado, verdaderamente cuando van pasando los a\u00f1os ser\u00e1 de las m\u00e1s econ\u00f3micas.\u00a0<\/p>\r\n<p>Esta p\u00f3liza estar\u00e1 en constante renovaci\u00f3n con el motivo de que encaje a los precios actuales de los diferentes servicios f\u00fanebres.\u00a0<\/p>\r\n<h4><span class=\"ez-toc-section\" id=\"Seguro_de_Prima_Natural\"><\/span>Seguro de Prima Natural<span class=\"ez-toc-section-end\"><\/span><\/h4>\r\n<p>Concretamente esta modalidad lleva al pie de la letra que a mayor riesgo m\u00e1s mayor es la prima, por lo que el asegurado siendo joven y se va haciendo con el tiempo m\u00e1s mayor, resumiendo la prima se abonara en funci\u00f3n vaya creciendo en edad hasta el momento del fallecimiento ya que el riesgo de siniestro va incrementado de manera mas constante,\u00a0<\/p>\r\n<p>Depende de como lo mires puede ser una de m\u00e1s econ\u00f3micas cuando se realiza de con una edad temprana, aunque cuenta con el aumento de costes sobre el servicio funerario.\u00a0<\/p>\r\n<h4><span class=\"ez-toc-section\" id=\"Seguro_de_Prima_Seminatural\"><\/span>Seguro de Prima Seminatural<span class=\"ez-toc-section-end\"><\/span><\/h4>\r\n<p>Se podr\u00eda decir que act\u00faa de manera muy parecida a la\u00a0 mixta, ya que es una mezcla de modalidad natural y nivelada.\u00a0<\/p>\r\n<p>Con esta modalidad contando con la contrataci\u00f3n en una edad temprana en el momento del pago resulta m\u00e1s econ\u00f3mica y reducida. Al principio de cuando se hace la regulaci\u00f3n se vuelve progresiva. Se realizara entre 3 o 5 a\u00f1os depender\u00e1 siempre de de la compa\u00f1\u00eda.\u00a0<\/p>\r\n<h4><span class=\"ez-toc-section\" id=\"Seguro_de_Prima_Mixta\"><\/span>Seguro de Prima Mixta<span class=\"ez-toc-section-end\"><\/span><\/h4>\r\n<p>Es una mezcla de diferentes t\u00e9cnicas de calculo de prima, seria la natural o la nivelada. Por lo que el asegurado realiza el pago de manera acuerdo a su edad, pero una vez que llegue a una cierta edad determinada seta prima se mantendr\u00e1 constante.\u00a0<\/p>\r\n<p>Finalmente se dice que abona de manera anual, hasta el momento de una regulaci\u00f3n y despu\u00e9s de ello la cuant\u00eda se mantendr\u00e1 de manera fija.\u00a0<\/p>\r\n<h3><span class=\"ez-toc-section\" id=\"Seguro_de_decesos_familiar\"><\/span>Seguro de decesos familiar<span class=\"ez-toc-section-end\"><\/span><\/h3>\r\n<p>Es aquello donde la aseguradora le das coberturas cuando haya fallecido la persona, entre gestion\u00e1ndolo de ayuda psicol\u00f3gica, como en la gesti\u00f3n de los tramites burocr\u00e1ticos, arreglo funerario, cubriendo todos los gastos que ha ocurrido en el momento del fallecimiento, en esos momentos tan dif\u00edciles de manejar.\u00a0<\/p>\r\n<h3><span class=\"ez-toc-section\" id=\"Seguro_de_decesos_para_extranjeros\"><\/span>Seguro de decesos para extranjeros<span class=\"ez-toc-section-end\"><\/span><\/h3>\r\n<p><span style=\"font-weight: 400;\">Los extranjeros tambi\u00e9n pueden beneficiarse de la comodidad de contratar su p\u00f3liza de decesos a trav\u00e9s de iDecesos.com y disfrutar de las mismas coberturas que los asegurados espa\u00f1oles e incluso de la cobertura del servicio completo de repatriaci\u00f3n a su pa\u00eds.<\/span><\/p>\r\n<h3><span class=\"ez-toc-section\" id=\"Seguro_de_decesos_para_mayores\"><\/span>Seguro de decesos para mayores<span class=\"ez-toc-section-end\"><\/span><\/h3>\r\n<p>El seguro m\u00e1s adaptable para para las personas m\u00e1s mayores es la modalidad de prima \u00fanica ya que adapta genial a sus necesidad y cuentas con las coberturas b\u00e1sicas pudiendo as\u00ed contratar m\u00e1s variante dentro de la p\u00f3liza.\u00a0\u00a0<\/p>\r\n<h3><span class=\"ez-toc-section\" id=\"Otros_tipos_de_seguros\"><\/span>Otros tipos de seguros:<span class=\"ez-toc-section-end\"><\/span><\/h3>\r\n<p><strong>Seguro de deceso de repatriaci\u00f3n.\u00a0<\/strong><\/p>\r\n<p>\u00bfQui\u00e9n puede optar por este servicio? Este servicio cuenta que si la persona fallecida se encuentra lejos de donde realizo la contrataci\u00f3n de la p\u00f3liza, se encargara de la gesti\u00f3n de la repatriaci\u00f3n a donde reside para llevar a cabo el funeral.\u00a0<\/p>\r\n<p>Esta p\u00f3liza cuenta con la total garant\u00eda del traslado del cuerpo del fallecido hasta su pa\u00eds de origen, teniendo en cuenta el servicio f\u00fanebre donde eso estar\u00e1 indicado dentro de la p\u00f3liza. No todos pueden adquirir este tipo seguro, ya que es para personas de m\u00e1s de 75 a\u00f1os . Por lo que se renovara de manera anual hasta el final de sus d\u00edas.\u00a0<\/p><div class=\"oficinas\">\r\n<h3><span class=\"ez-toc-section\" id=\"Paginas_relacionadas\"><\/span>P\u00e1ginas relacionadas<span class=\"ez-toc-section-end\"><\/span><\/h3>\r\n<ul><li><a href=\"https:\/\/idecesos.com\/seguros\/tipo\/mayores\/\"><span>Seguro Decesos Para Mayores<\/span><\/a><\/li><li><a href=\"https:\/\/idecesos.com\/seguros\/tipo\/extranjeros-repatriacion\/\"><span>Seguro Decesos para Extranjeros y Repatriaci\u00f3n<\/span><\/a><\/li><li><a href=\"https:\/\/idecesos.com\/seguros\/tipo\/basico\/\"><span>Seguro de Decesos B\u00e1sico<\/span><\/a><\/li><li><a href=\"https:\/\/idecesos.com\/seguros\/tipo\/hogar\/\"><span>Seguro de Decesos Combinado con Seguro de Hogar<\/span><\/a><\/li><li><a href=\"https:\/\/idecesos.com\/seguros\/tipo\/familiar\/\"><span>Seguro de Decesos Familiar<\/span><\/a><\/li><li><a href=\"https:\/\/idecesos.com\/seguros\/tipo\/sucesiones\/\"><span>Seguro de Decesos Impuesto de Sucesiones<\/span><\/a><\/li><li><a href=\"https:\/\/idecesos.com\/seguros\/tipo\/internacional\/\"><span>Seguro de Decesos Internacional<\/span><\/a><\/li><li><a href=\"https:\/\/idecesos.com\/seguros\/tipo\/judiciales\/\"><span>Seguro de Decesos Judiciales<\/span><\/a><\/li><li><a href=\"https:\/\/idecesos.com\/seguros\/tipo\/nicho\/\"><span>Seguro de Decesos Nicho<\/span><\/a><\/li><li><a href=\"https:\/\/idecesos.com\/seguros\/tipo\/mixta\/\"><span>Seguro de Decesos Prima Mixta<\/span><\/a><\/li><li><a href=\"https:\/\/idecesos.com\/seguros\/tipo\/natural\/\"><span>Seguro de Decesos Prima Natural<\/span><\/a><\/li><li><a href=\"https:\/\/idecesos.com\/seguros\/tipo\/nivelada\/\"><span>Seguro de Decesos Prima Nivelada<\/span><\/a><\/li><li><a href=\"https:\/\/idecesos.com\/seguros\/tipo\/constante\/\"><span>Seguro de Decesos Prima constante<\/span><\/a><\/li><li><a href=\"https:\/\/idecesos.com\/seguros\/tipo\/prima-unica\/\"><span>Seguro de Decesos Prima \u00danica<\/span><\/a><\/li><li><a href=\"https:\/\/idecesos.com\/seguros\/tipo\/todo-previsto\/\"><span>Seguro de Decesos Todo Previsto<\/span><\/a><\/li><li><a href=\"https:\/\/idecesos.com\/seguros\/tipo\/previsto\/\"><span>Seguro de Decesos Todo previsto<\/span><\/a><\/li><li><a href=\"https:\/\/idecesos.com\/seguros\/tipo\/vitalicio\/\"><span>Seguro de Decesos Vitalicio<\/span><\/a><\/li><li><a href=\"https:\/\/idecesos.com\/seguros\/tipo\/dental\/\"><span>Seguro de Decesos con Cobertura Dental<\/span><\/a><\/li><li><a href=\"https:\/\/idecesos.com\/seguros\/tipo\/enfermedad\/\"><span>Seguro de Decesos con Enfermedad Grave<\/span><\/a><\/li><li><a href=\"https:\/\/idecesos.com\/seguros\/tipo\/incineracion\/\"><span>Seguro de Decesos con Incineraci\u00f3n<\/span><\/a><\/li><li><a href=\"https:\/\/idecesos.com\/seguros\/tipo\/adultos\/\"><span>Seguro de Decesos para Adultos<\/span><\/a><\/li><li><a href=\"https:\/\/idecesos.com\/seguros\/tipo\/bebe\/\"><span>Seguro de Decesos para Beb\u00e9s<\/span><\/a><\/li><li><a href=\"https:\/\/idecesos.com\/seguros\/tipo\/accidentes\/\"><span>Seguro de Decesos y Accidentes<\/span><\/a><\/li><li><a href=\"https:\/\/idecesos.com\/seguros\/tipo\/medicos\/\"><span>Seguro de Decesos y M\u00e9dicos<\/span><\/a><\/li><li><a href=\"https:\/\/idecesos.com\/seguros\/tipo\/vida\/\"><span>Seguro de Decesos y Vida<\/span><\/a><\/li><li><a href=\"https:\/\/idecesos.com\/seguros\/tipo\/sepelio\/\"><span>Seguro de Sepelio<\/span><\/a><\/li><\/ul>\r\n<\/div>","protected":false},"excerpt":{"rendered":"<p>Queremos que tengas claros los distintos tipos de decesos que existen y con lo que puedes contar, veras todas las modalidades a la mejor que se adapt\u00e9 a ti y a tus necesidades. Una vez conociendo toda esta informaci\u00f3n no surgir\u00e1 ning\u00fan problema a la hora de adquirir la p\u00f3liza. Conociendo todas sus ventajas.\u00a0 Lo&hellip; <\/p>\n","protected":false},"author":2,"featured_media":0,"parent":0,"menu_order":0,"comment_status":"closed","ping_status":"closed","template":"page-templates\/companies.php","meta":{"footnotes":""},"class_list":["post-586","page","type-page","status-publish","hentry"],"yoast_head":"<!-- This site is optimized with the Yoast SEO plugin v27.6 - https:\/\/yoast.com\/product\/yoast-seo-wordpress\/ -->\n<title>Tipos de seguros de decesos -<\/title>\n<meta name=\"robots\" content=\"index, follow, max-snippet:-1, max-image-preview:large, max-video-preview:-1\" \/>\n<link rel=\"canonical\" href=\"https:\/\/idecesos.com\/seguros\/tipo\/\" \/>\n<meta property=\"og:locale\" content=\"es_ES\" \/>\n<meta property=\"og:type\" content=\"article\" \/>\n<meta property=\"og:title\" content=\"Tipos de seguros de decesos -\" \/>\n<meta property=\"og:description\" content=\"Queremos que tengas claros los distintos tipos de decesos que existen y con lo que puedes contar, veras todas las modalidades a la mejor que se adapt\u00e9 a ti y a tus necesidades. Una vez conociendo toda esta informaci\u00f3n no surgir\u00e1 ning\u00fan problema a la hora de adquirir la p\u00f3liza. Conociendo todas sus ventajas.\u00a0 Lo&hellip;\" \/>\n<meta property=\"og:url\" content=\"https:\/\/idecesos.com\/seguros\/tipo\/\" \/>\n<meta property=\"article:modified_time\" content=\"2021-11-23T08:34:31+00:00\" \/>\n<meta name=\"twitter:card\" content=\"summary_large_image\" \/>\n<meta name=\"twitter:label1\" content=\"Tiempo de lectura\" \/>\n\t<meta name=\"twitter:data1\" content=\"7 minutos\" \/>\n<script type=\"application\/ld+json\" class=\"yoast-schema-graph\">{\"@context\":\"https:\\\/\\\/schema.org\",\"@graph\":[{\"@type\":\"WebPage\",\"@id\":\"https:\\\/\\\/idecesos.com\\\/seguros\\\/tipo\\\/\",\"url\":\"https:\\\/\\\/idecesos.com\\\/seguros\\\/tipo\\\/\",\"name\":\"Tipos de seguros de decesos -\",\"isPartOf\":{\"@id\":\"https:\\\/\\\/idecesos.com\\\/seguros\\\/#website\"},\"datePublished\":\"2021-07-12T12:03:56+00:00\",\"dateModified\":\"2021-11-23T08:34:31+00:00\",\"breadcrumb\":{\"@id\":\"https:\\\/\\\/idecesos.com\\\/seguros\\\/tipo\\\/#breadcrumb\"},\"inLanguage\":\"es\",\"potentialAction\":[{\"@type\":\"ReadAction\",\"target\":[\"https:\\\/\\\/idecesos.com\\\/seguros\\\/tipo\\\/\"]}]},{\"@type\":\"BreadcrumbList\",\"@id\":\"https:\\\/\\\/idecesos.com\\\/seguros\\\/tipo\\\/#breadcrumb\",\"itemListElement\":[{\"@type\":\"ListItem\",\"position\":1,\"name\":\"Portada\",\"item\":\"https:\\\/\\\/idecesos.com\\\/seguros\\\/\"},{\"@type\":\"ListItem\",\"position\":2,\"name\":\"Tipos de seguros de decesos\"}]},{\"@type\":\"WebSite\",\"@id\":\"https:\\\/\\\/idecesos.com\\\/seguros\\\/#website\",\"url\":\"https:\\\/\\\/idecesos.com\\\/seguros\\\/\",\"name\":\"\",\"description\":\"\",\"potentialAction\":[{\"@type\":\"SearchAction\",\"target\":{\"@type\":\"EntryPoint\",\"urlTemplate\":\"https:\\\/\\\/idecesos.com\\\/seguros\\\/?s={search_term_string}\"},\"query-input\":{\"@type\":\"PropertyValueSpecification\",\"valueRequired\":true,\"valueName\":\"search_term_string\"}}],\"inLanguage\":\"es\"}]}<\/script>\n<!-- \/ Yoast SEO plugin. -->","yoast_head_json":{"title":"Tipos de seguros de decesos -","robots":{"index":"index","follow":"follow","max-snippet":"max-snippet:-1","max-image-preview":"max-image-preview:large","max-video-preview":"max-video-preview:-1"},"canonical":"https:\/\/idecesos.com\/seguros\/tipo\/","og_locale":"es_ES","og_type":"article","og_title":"Tipos de seguros de decesos -","og_description":"Queremos que tengas claros los distintos tipos de decesos que existen y con lo que puedes contar, veras todas las modalidades a la mejor que se adapt\u00e9 a ti y a tus necesidades. Una vez conociendo toda esta informaci\u00f3n no surgir\u00e1 ning\u00fan problema a la hora de adquirir la p\u00f3liza. Conociendo todas sus ventajas.\u00a0 Lo&hellip;","og_url":"https:\/\/idecesos.com\/seguros\/tipo\/","article_modified_time":"2021-11-23T08:34:31+00:00","twitter_card":"summary_large_image","twitter_misc":{"Tiempo de lectura":"7 minutos"},"schema":{"@context":"https:\/\/schema.org","@graph":[{"@type":"WebPage","@id":"https:\/\/idecesos.com\/seguros\/tipo\/","url":"https:\/\/idecesos.com\/seguros\/tipo\/","name":"Tipos de seguros de decesos -","isPartOf":{"@id":"https:\/\/idecesos.com\/seguros\/#website"},"datePublished":"2021-07-12T12:03:56+00:00","dateModified":"2021-11-23T08:34:31+00:00","breadcrumb":{"@id":"https:\/\/idecesos.com\/seguros\/tipo\/#breadcrumb"},"inLanguage":"es","potentialAction":[{"@type":"ReadAction","target":["https:\/\/idecesos.com\/seguros\/tipo\/"]}]},{"@type":"BreadcrumbList","@id":"https:\/\/idecesos.com\/seguros\/tipo\/#breadcrumb","itemListElement":[{"@type":"ListItem","position":1,"name":"Portada","item":"https:\/\/idecesos.com\/seguros\/"},{"@type":"ListItem","position":2,"name":"Tipos de seguros de decesos"}]},{"@type":"WebSite","@id":"https:\/\/idecesos.com\/seguros\/#website","url":"https:\/\/idecesos.com\/seguros\/","name":"","description":"","potentialAction":[{"@type":"SearchAction","target":{"@type":"EntryPoint","urlTemplate":"https:\/\/idecesos.com\/seguros\/?s={search_term_string}"},"query-input":{"@type":"PropertyValueSpecification","valueRequired":true,"valueName":"search_term_string"}}],"inLanguage":"es"}]}},"_links":{"self":[{"href":"https:\/\/idecesos.com\/seguros\/wp-json\/wp\/v2\/pages\/586","targetHints":{"allow":["GET"]}}],"collection":[{"href":"https:\/\/idecesos.com\/seguros\/wp-json\/wp\/v2\/pages"}],"about":[{"href":"https:\/\/idecesos.com\/seguros\/wp-json\/wp\/v2\/types\/page"}],"author":[{"embeddable":true,"href":"https:\/\/idecesos.com\/seguros\/wp-json\/wp\/v2\/users\/2"}],"replies":[{"embeddable":true,"href":"https:\/\/idecesos.com\/seguros\/wp-json\/wp\/v2\/comments?post=586"}],"version-history":[{"count":29,"href":"https:\/\/idecesos.com\/seguros\/wp-json\/wp\/v2\/pages\/586\/revisions"}],"predecessor-version":[{"id":15029,"href":"https:\/\/idecesos.com\/seguros\/wp-json\/wp\/v2\/pages\/586\/revisions\/15029"}],"wp:attachment":[{"href":"https:\/\/idecesos.com\/seguros\/wp-json\/wp\/v2\/media?parent=586"}],"curies":[{"name":"wp","href":"https:\/\/api.w.org\/{rel}","templated":true}]}}