{"id":589,"date":"2021-07-12T12:05:05","date_gmt":"2021-07-12T12:05:05","guid":{"rendered":"https:\/\/idecesos.com\/seguros\/?page_id=589"},"modified":"2022-01-03T12:30:10","modified_gmt":"2022-01-03T12:30:10","slug":"enfermedad","status":"publish","type":"page","link":"https:\/\/idecesos.com\/seguros\/tipo\/enfermedad\/","title":{"rendered":"Seguro de Decesos con Enfermedad Grave"},"content":{"rendered":"<div id=\"ez-toc-container\" class=\"ez-toc-v2_0_82_2 ez-toc-wrap-center counter-hierarchy ez-toc-counter ez-toc-custom ez-toc-container-direction\">\n<div class=\"ez-toc-title-container\">\n<p class=\"ez-toc-title\" style=\"cursor:inherit\">Tabla de Contenido<\/p>\n<span class=\"ez-toc-title-toggle\"><a href=\"#\" class=\"ez-toc-pull-right ez-toc-btn ez-toc-btn-xs ez-toc-btn-default ez-toc-toggle\" aria-label=\"Alternar tabla de contenidos\"><span class=\"ez-toc-js-icon-con\"><span class=\"\"><span class=\"eztoc-hide\" style=\"display:none;\">Toggle<\/span><span class=\"ez-toc-icon-toggle-span\"><svg style=\"fill: #db6415;color:#db6415\" xmlns=\"http:\/\/www.w3.org\/2000\/svg\" class=\"list-377408\" width=\"20px\" height=\"20px\" viewBox=\"0 0 24 24\" fill=\"none\"><path d=\"M6 6H4v2h2V6zm14 0H8v2h12V6zM4 11h2v2H4v-2zm16 0H8v2h12v-2zM4 16h2v2H4v-2zm16 0H8v2h12v-2z\" fill=\"currentColor\"><\/path><\/svg><svg style=\"fill: #db6415;color:#db6415\" class=\"arrow-unsorted-368013\" xmlns=\"http:\/\/www.w3.org\/2000\/svg\" width=\"10px\" height=\"10px\" viewBox=\"0 0 24 24\" version=\"1.2\" baseProfile=\"tiny\"><path d=\"M18.2 9.3l-6.2-6.3-6.2 6.3c-.2.2-.3.4-.3.7s.1.5.3.7c.2.2.4.3.7.3h11c.3 0 .5-.1.7-.3.2-.2.3-.5.3-.7s-.1-.5-.3-.7zM5.8 14.7l6.2 6.3 6.2-6.3c.2-.2.3-.5.3-.7s-.1-.5-.3-.7c-.2-.2-.4-.3-.7-.3h-11c-.3 0-.5.1-.7.3-.2.2-.3.5-.3.7s.1.5.3.7z\"\/><\/svg><\/span><\/span><\/span><\/a><\/span><\/div>\n<nav><ul class='ez-toc-list ez-toc-list-level-1 ' ><li class='ez-toc-page-1 ez-toc-heading-level-2'><a class=\"ez-toc-link ez-toc-heading-1\" href=\"https:\/\/idecesos.com\/seguros\/tipo\/enfermedad\/#%C2%BFCuales_son_las_enfermedades_catalogadas_como_graves\" >\u00bfCu\u00e1les son las enfermedades catalogadas c\u00f3mo graves?<\/a><\/li><li class='ez-toc-page-1 ez-toc-heading-level-2'><a class=\"ez-toc-link ez-toc-heading-2\" href=\"https:\/\/idecesos.com\/seguros\/tipo\/enfermedad\/#%C2%BFPuedo_Contratar_un_seguro_de_Decesos_con_enfermedad_grave\" >\u00bfPuedo Contratar un seguro de Decesos con enfermedad grave?<\/a><ul class='ez-toc-list-level-3' ><li class='ez-toc-heading-level-3'><a class=\"ez-toc-link ez-toc-heading-3\" href=\"https:\/\/idecesos.com\/seguros\/tipo\/enfermedad\/#%C2%BFQue_ocurre_si_contraigo_una_enfermedad_grave_despues_de_contratar_un_seguro_de_decesos\" >\u00bfQu\u00e9 ocurre si contraigo una enfermedad grave despu\u00e9s de contratar un seguro de decesos?<\/a><\/li><\/ul><\/li><li class='ez-toc-page-1 ez-toc-heading-level-2'><a class=\"ez-toc-link ez-toc-heading-4\" href=\"https:\/\/idecesos.com\/seguros\/tipo\/enfermedad\/#%C2%BFCual_es_el_mejor_seguro_de_decesos_con_enfermedad_grave\" >\u00bfCu\u00e1l es el mejor seguro de decesos con enfermedad grave?<\/a><ul class='ez-toc-list-level-3' ><li class='ez-toc-heading-level-3'><a class=\"ez-toc-link ez-toc-heading-5\" href=\"https:\/\/idecesos.com\/seguros\/tipo\/enfermedad\/#Paginas_relacionadas\" >P\u00e1ginas relacionadas<\/a><\/li><\/ul><\/li><\/ul><\/nav><\/div>\n\r\n\r\n<p>Hay multitud de personas que desean tener un seguro contratado que cubra todo el sepelio, pero se encuentran con el agravante de que tienen una enfermedad grave que les imposibilita para su contrataci\u00f3n. Es por ello que vamos a explicar que es una enfermedad grave y que cubre y que no cuando se contrata con dicho perfil m\u00e9dico.<\/p>\r\n\r\n\r\n\r\n<h2 class=\"wp-block-heading\"><span class=\"ez-toc-section\" id=\"%C2%BFCuales_son_las_enfermedades_catalogadas_como_graves\"><\/span>\u00bfCu\u00e1les son las enfermedades catalogadas c\u00f3mo graves?<span class=\"ez-toc-section-end\"><\/span><\/h2>\r\n\r\n\r\n\r\n<p>Son catalogadas como enfermedades graves, aquellas que por su sistemas o alcance de la enfermedad, supongan un alto riesgo de fallecer a la persona que lo padece. Estas enfermedades graves suelen estar prescritas por el m\u00e9dico y el asegurado debe de conocerlas, ya que suponen un riesgo a su propia vida.<\/p>\r\n\r\n\r\n\r\n<p>Estas enfermedades no siempre son diagnosticadas desde fases tempranas en edad del asegurado, si no que pueden ser contra\u00eddas durante nuestra vida y eso influye directamente en nuestro d\u00eda a d\u00eda. Son consideradas enfermedades graves la siguientes:<\/p>\r\n\r\n\r\n\r\n<ul class=\"wp-block-list\">\r\n<li>C\u00e1ncer: Cualquier tipo de c\u00e1ncer.<\/li>\r\n<li>Insuficiencia renal.<\/li>\r\n<li>Accidente celebro vascular.<\/li>\r\n<li>Enfermedades de miocardio.<\/li>\r\n<\/ul>\r\n\r\n\r\n\r\n<p>Esto no significa que el seguro de decesos no lo cubra, ya que existen enfermedades graves que, si se indica al principio de la contrataci\u00f3n y finalmente el asegurado fallece de dicha enfermedad, es cubierto por la misma. En este sentido lo m\u00e1s importante es sin duda, informarse bien antes de contratar y que quede bien especificada la enfermedad en la p\u00f3liza de contrataci\u00f3n.<\/p>\r\n\r\n\r\n\r\n<p>No obstante existen otras enfermedades, consideradas como graves, en las que las aseguradoras no tienen ning\u00fan tipo de objeci\u00f3n a la p\u00f3liza. Estas enfermedades son aquellas que, a pesar de ser graves, no interfieren directamente con la longevidad del ser humano.<\/p>\r\n\r\n\r\n\r\n<h2 class=\"wp-block-heading\"><span class=\"ez-toc-section\" id=\"%C2%BFPuedo_Contratar_un_seguro_de_Decesos_con_enfermedad_grave\"><\/span>\u00bfPuedo Contratar un seguro de Decesos con enfermedad grave?<span class=\"ez-toc-section-end\"><\/span><\/h2>\r\n\r\n\r\n\r\n<p>Como hemos comentado, depender\u00e1 del tipo de enfermedad grave. El tipo de enfermedad con el que nos dejar\u00e1n contratar, depende del seguro, ya que cada aseguradora marca lo que considera o no agravante para la vida.<\/p>\r\n\r\n\r\n\r\n<p>De igual forma, hay enfermedades como pueden ser El Parkinson, el Alzheimer o enfermedades de tipo pulmonares que la mayor\u00eda de los seguros las catalogan como grave asegurable, por lo que no pondr\u00e1n problema u oposici\u00f3n a la hora de tramitar el seguro de decesos.<\/p>\r\n\r\n\r\n\r\n<p>En resumidas cuentas, y respondiendo a la pregunta principal que nos concierne, si se puede contratar un seguro de decesos teniendo una enfermedad grave, y dicha contrataci\u00f3n est\u00e1 supeditada a la compa\u00f1\u00eda aseguradora.<\/p>\r\n\r\n\r\n\r\n<p>En la mayor\u00eda de los casos, para contratar un seguro padeciendo una enfermedad grave, las compa\u00f1\u00edas le solicitar\u00e1n informe m\u00e9dicos o similares, que puedan ser estudiados en cada caso a fin de conocer en la medida de lo posible, hasta donde llega el riesgo de fallecimiento prematuro.<\/p>\r\n\r\n\r\n\r\n\n\t\t<hr class=\"separador\">\n\t\t<div class=\"bloque-accion\">\n\t\t<p class=\"txt-accion\">Calcula el precio de tu seguro de decesos en menos de 1 minuto<\/p>\n\t\t<a class=\"btn-accion\" href=\"https:\/\/idecesos.com\/\">CALCULAR<\/a>\n\t\t<\/div>\n\t\t<hr class=\"separador\">\n\t\t\r\n\r\n\r\n\r\n<h3 class=\"wp-block-heading\"><span class=\"ez-toc-section\" id=\"%C2%BFQue_ocurre_si_contraigo_una_enfermedad_grave_despues_de_contratar_un_seguro_de_decesos\"><\/span>\u00bfQu\u00e9 ocurre si contraigo una enfermedad grave despu\u00e9s de contratar un seguro de decesos?<span class=\"ez-toc-section-end\"><\/span><\/h3>\r\n\r\n\r\n\r\n<p>Las contrataciones de los seguros de decesos tienen una fecha de alta, es decir, se realiza un marcado de la contrataci\u00f3n. Cuando contratamos un seguro de decesos, tendremos que realizar un cuestionario previo que indicar\u00e1 todas las enfermedades que tenemos en ese momento. Es importante que el asegurado confirme a la compa\u00f1\u00eda todas las que tiene diagnosticadas para no tener problemas. Si bien la respuesta a la pregunta es que si la enfermedad se contrae y <strong>diagnostica posteriormente a la contrataci\u00f3n del seguro, estar\u00e1 completamente asegurado.<\/strong> Cuando fallezca la persona, el m\u00e9dico expedir\u00e1 un certificado de defunci\u00f3n, este certificado indica el motivo de la muerte y es ah\u00ed, en caso de que esta sea por enfermedad grave, donde el seguro le va a requerir que el diagnostico sea posterior y no anterior a la contrataci\u00f3n del seguro. La aseguradora le podr\u00e1 requerir informes m\u00e9dicos del diagnostico para verificar la fecha del inicio de la enfermedad. Por eso la importancia de no ocultar esta informaci\u00f3n a la hora de contratar la p\u00f3liza para no tener ning\u00fan problema.<\/p>\r\n\r\n\r\n\r\n<h2 class=\"wp-block-heading\"><span class=\"ez-toc-section\" id=\"%C2%BFCual_es_el_mejor_seguro_de_decesos_con_enfermedad_grave\"><\/span>\u00bfCu\u00e1l es el mejor seguro de decesos con enfermedad grave?<span class=\"ez-toc-section-end\"><\/span><\/h2>\r\n\r\n\r\n\r\n<p>El concepto de mejor depende del perfil del asegurado y de sus necesidades. Existen multitud de seguros que cubren a la persona con este tipo de enfermedades, pero depender\u00e1 de cada persona el valorar si es mejor contratar por precio, por coberturas o un mix de ambos, ya que hay seguros muy completos a unos precios bastante asequibles. Helvetia o Fiact son de las compa\u00f1\u00edas que m\u00e1s seguros de este tipo realizan en Espa\u00f1a al cabo del a\u00f1o, ya que tienen grandes capitales a sus espaldas y pueden responder ante una muerte repentina.<\/p>\r\n\r\n<div class=\"oficinas\">\r\n<h3><span class=\"ez-toc-section\" id=\"Paginas_relacionadas\"><\/span>P\u00e1ginas relacionadas<span class=\"ez-toc-section-end\"><\/span><\/h3>\r\n<ul><li><a href=\"https:\/\/idecesos.com\/seguros\/tipo\/mayores\/\"><span>Seguro Decesos Para Mayores<\/span><\/a><\/li><li><a href=\"https:\/\/idecesos.com\/seguros\/tipo\/extranjeros-repatriacion\/\"><span>Seguro Decesos para Extranjeros y Repatriaci\u00f3n<\/span><\/a><\/li><li><a href=\"https:\/\/idecesos.com\/seguros\/tipo\/basico\/\"><span>Seguro de Decesos B\u00e1sico<\/span><\/a><\/li><li><a href=\"https:\/\/idecesos.com\/seguros\/tipo\/hogar\/\"><span>Seguro de Decesos Combinado con Seguro de Hogar<\/span><\/a><\/li><li><a href=\"https:\/\/idecesos.com\/seguros\/tipo\/familiar\/\"><span>Seguro de Decesos Familiar<\/span><\/a><\/li><li><a href=\"https:\/\/idecesos.com\/seguros\/tipo\/sucesiones\/\"><span>Seguro de Decesos Impuesto de Sucesiones<\/span><\/a><\/li><li><a href=\"https:\/\/idecesos.com\/seguros\/tipo\/internacional\/\"><span>Seguro de Decesos Internacional<\/span><\/a><\/li><li><a href=\"https:\/\/idecesos.com\/seguros\/tipo\/judiciales\/\"><span>Seguro de Decesos Judiciales<\/span><\/a><\/li><li><a href=\"https:\/\/idecesos.com\/seguros\/tipo\/nicho\/\"><span>Seguro de Decesos Nicho<\/span><\/a><\/li><li><a href=\"https:\/\/idecesos.com\/seguros\/tipo\/mixta\/\"><span>Seguro de Decesos Prima Mixta<\/span><\/a><\/li><li><a href=\"https:\/\/idecesos.com\/seguros\/tipo\/natural\/\"><span>Seguro de Decesos Prima Natural<\/span><\/a><\/li><li><a href=\"https:\/\/idecesos.com\/seguros\/tipo\/nivelada\/\"><span>Seguro de Decesos Prima Nivelada<\/span><\/a><\/li><li><a href=\"https:\/\/idecesos.com\/seguros\/tipo\/constante\/\"><span>Seguro de Decesos Prima constante<\/span><\/a><\/li><li><a href=\"https:\/\/idecesos.com\/seguros\/tipo\/prima-unica\/\"><span>Seguro de Decesos Prima \u00danica<\/span><\/a><\/li><li><a href=\"https:\/\/idecesos.com\/seguros\/tipo\/todo-previsto\/\"><span>Seguro de Decesos Todo Previsto<\/span><\/a><\/li><li><a href=\"https:\/\/idecesos.com\/seguros\/tipo\/previsto\/\"><span>Seguro de Decesos Todo previsto<\/span><\/a><\/li><li><a href=\"https:\/\/idecesos.com\/seguros\/tipo\/vitalicio\/\"><span>Seguro de Decesos Vitalicio<\/span><\/a><\/li><li><a href=\"https:\/\/idecesos.com\/seguros\/tipo\/dental\/\"><span>Seguro de Decesos con Cobertura Dental<\/span><\/a><\/li><li><a href=\"https:\/\/idecesos.com\/seguros\/tipo\/incineracion\/\"><span>Seguro de Decesos con Incineraci\u00f3n<\/span><\/a><\/li><li><a href=\"https:\/\/idecesos.com\/seguros\/tipo\/adultos\/\"><span>Seguro de Decesos para Adultos<\/span><\/a><\/li><li><a href=\"https:\/\/idecesos.com\/seguros\/tipo\/bebe\/\"><span>Seguro de Decesos para Beb\u00e9s<\/span><\/a><\/li><li><a href=\"https:\/\/idecesos.com\/seguros\/tipo\/accidentes\/\"><span>Seguro de Decesos y Accidentes<\/span><\/a><\/li><li><a href=\"https:\/\/idecesos.com\/seguros\/tipo\/medicos\/\"><span>Seguro de Decesos y M\u00e9dicos<\/span><\/a><\/li><li><a href=\"https:\/\/idecesos.com\/seguros\/tipo\/vida\/\"><span>Seguro de Decesos y Vida<\/span><\/a><\/li><li><a href=\"https:\/\/idecesos.com\/seguros\/tipo\/sepelio\/\"><span>Seguro de Sepelio<\/span><\/a><\/li><\/ul>\r\n<\/div>","protected":false},"excerpt":{"rendered":"<p>Hay multitud de personas que desean tener un seguro contratado que cubra todo el sepelio, pero se encuentran con el agravante de que tienen una enfermedad grave que les imposibilita para su contrataci\u00f3n. Es por ello que vamos a explicar que es una enfermedad grave y que cubre y que no cuando se contrata con&hellip; <\/p>\n","protected":false},"author":2,"featured_media":0,"parent":586,"menu_order":0,"comment_status":"open","ping_status":"closed","template":"single.php","meta":{"footnotes":""},"class_list":["post-589","page","type-page","status-publish","hentry"],"yoast_head":"<!-- This site is optimized with the Yoast SEO plugin v27.5 - https:\/\/yoast.com\/product\/yoast-seo-wordpress\/ -->\n<title>Seguro de Decesos con Enfermedad Grave \u25b7 10% Descuento Final 2026<\/title>\n<meta name=\"description\" content=\"Calcula aqu\u00ed el mejor\u3010seguro de decesos con enfermedad grave\u3011 y m\u00e1s econ\u00f3mico \u2611\ufe0fOferta exclusiva para Prima \u00danica en iDecesos\u00ae\" \/>\n<meta name=\"robots\" content=\"index, follow, max-snippet:-1, max-image-preview:large, max-video-preview:-1\" \/>\n<link rel=\"canonical\" href=\"https:\/\/idecesos.com\/seguros\/tipo\/enfermedad\/\" \/>\n<meta property=\"og:locale\" content=\"es_ES\" \/>\n<meta property=\"og:type\" content=\"article\" \/>\n<meta property=\"og:title\" content=\"Seguro de Decesos con Enfermedad Grave \u25b7 10% Descuento Final 2026\" \/>\n<meta property=\"og:description\" content=\"Calcula aqu\u00ed el mejor\u3010seguro de decesos con enfermedad grave\u3011 y m\u00e1s econ\u00f3mico \u2611\ufe0fOferta exclusiva para Prima \u00danica en iDecesos\u00ae\" \/>\n<meta property=\"og:url\" content=\"https:\/\/idecesos.com\/seguros\/tipo\/enfermedad\/\" \/>\n<meta property=\"article:modified_time\" content=\"2022-01-03T12:30:10+00:00\" \/>\n<meta name=\"twitter:card\" content=\"summary_large_image\" \/>\n<meta name=\"twitter:label1\" content=\"Tiempo de lectura\" \/>\n\t<meta name=\"twitter:data1\" content=\"4 minutos\" \/>\n<script type=\"application\/ld+json\" class=\"yoast-schema-graph\">{\"@context\":\"https:\\\/\\\/schema.org\",\"@graph\":[{\"@type\":\"WebPage\",\"@id\":\"https:\\\/\\\/idecesos.com\\\/seguros\\\/tipo\\\/enfermedad\\\/\",\"url\":\"https:\\\/\\\/idecesos.com\\\/seguros\\\/tipo\\\/enfermedad\\\/\",\"name\":\"Seguro de Decesos con Enfermedad Grave \u25b7 10% Descuento Final 2026\",\"isPartOf\":{\"@id\":\"https:\\\/\\\/idecesos.com\\\/seguros\\\/#website\"},\"datePublished\":\"2021-07-12T12:05:05+00:00\",\"dateModified\":\"2022-01-03T12:30:10+00:00\",\"description\":\"Calcula aqu\u00ed el mejor\u3010seguro de decesos con enfermedad grave\u3011 y m\u00e1s econ\u00f3mico \u2611\ufe0fOferta exclusiva para Prima \u00danica en iDecesos\u00ae\",\"breadcrumb\":{\"@id\":\"https:\\\/\\\/idecesos.com\\\/seguros\\\/tipo\\\/enfermedad\\\/#breadcrumb\"},\"inLanguage\":\"es\",\"potentialAction\":[{\"@type\":\"ReadAction\",\"target\":[\"https:\\\/\\\/idecesos.com\\\/seguros\\\/tipo\\\/enfermedad\\\/\"]}]},{\"@type\":\"BreadcrumbList\",\"@id\":\"https:\\\/\\\/idecesos.com\\\/seguros\\\/tipo\\\/enfermedad\\\/#breadcrumb\",\"itemListElement\":[{\"@type\":\"ListItem\",\"position\":1,\"name\":\"Portada\",\"item\":\"https:\\\/\\\/idecesos.com\\\/seguros\\\/\"},{\"@type\":\"ListItem\",\"position\":2,\"name\":\"Tipos de seguros de decesos\",\"item\":\"https:\\\/\\\/idecesos.com\\\/seguros\\\/tipo\\\/\"},{\"@type\":\"ListItem\",\"position\":3,\"name\":\"Seguro de Decesos con Enfermedad Grave\"}]},{\"@type\":\"WebSite\",\"@id\":\"https:\\\/\\\/idecesos.com\\\/seguros\\\/#website\",\"url\":\"https:\\\/\\\/idecesos.com\\\/seguros\\\/\",\"name\":\"\",\"description\":\"\",\"potentialAction\":[{\"@type\":\"SearchAction\",\"target\":{\"@type\":\"EntryPoint\",\"urlTemplate\":\"https:\\\/\\\/idecesos.com\\\/seguros\\\/?s={search_term_string}\"},\"query-input\":{\"@type\":\"PropertyValueSpecification\",\"valueRequired\":true,\"valueName\":\"search_term_string\"}}],\"inLanguage\":\"es\"}]}<\/script>\n<!-- \/ Yoast SEO plugin. -->","yoast_head_json":{"title":"Seguro de Decesos con Enfermedad Grave \u25b7 10% Descuento Final 2026","description":"Calcula aqu\u00ed el mejor\u3010seguro de decesos con enfermedad grave\u3011 y m\u00e1s econ\u00f3mico \u2611\ufe0fOferta exclusiva para Prima \u00danica en iDecesos\u00ae","robots":{"index":"index","follow":"follow","max-snippet":"max-snippet:-1","max-image-preview":"max-image-preview:large","max-video-preview":"max-video-preview:-1"},"canonical":"https:\/\/idecesos.com\/seguros\/tipo\/enfermedad\/","og_locale":"es_ES","og_type":"article","og_title":"Seguro de Decesos con Enfermedad Grave \u25b7 10% Descuento Final 2026","og_description":"Calcula aqu\u00ed el mejor\u3010seguro de decesos con enfermedad grave\u3011 y m\u00e1s econ\u00f3mico \u2611\ufe0fOferta exclusiva para Prima \u00danica en iDecesos\u00ae","og_url":"https:\/\/idecesos.com\/seguros\/tipo\/enfermedad\/","article_modified_time":"2022-01-03T12:30:10+00:00","twitter_card":"summary_large_image","twitter_misc":{"Tiempo de lectura":"4 minutos"},"schema":{"@context":"https:\/\/schema.org","@graph":[{"@type":"WebPage","@id":"https:\/\/idecesos.com\/seguros\/tipo\/enfermedad\/","url":"https:\/\/idecesos.com\/seguros\/tipo\/enfermedad\/","name":"Seguro de Decesos con Enfermedad Grave \u25b7 10% Descuento Final 2026","isPartOf":{"@id":"https:\/\/idecesos.com\/seguros\/#website"},"datePublished":"2021-07-12T12:05:05+00:00","dateModified":"2022-01-03T12:30:10+00:00","description":"Calcula aqu\u00ed el mejor\u3010seguro de decesos con enfermedad grave\u3011 y m\u00e1s econ\u00f3mico \u2611\ufe0fOferta exclusiva para Prima \u00danica en iDecesos\u00ae","breadcrumb":{"@id":"https:\/\/idecesos.com\/seguros\/tipo\/enfermedad\/#breadcrumb"},"inLanguage":"es","potentialAction":[{"@type":"ReadAction","target":["https:\/\/idecesos.com\/seguros\/tipo\/enfermedad\/"]}]},{"@type":"BreadcrumbList","@id":"https:\/\/idecesos.com\/seguros\/tipo\/enfermedad\/#breadcrumb","itemListElement":[{"@type":"ListItem","position":1,"name":"Portada","item":"https:\/\/idecesos.com\/seguros\/"},{"@type":"ListItem","position":2,"name":"Tipos de seguros de decesos","item":"https:\/\/idecesos.com\/seguros\/tipo\/"},{"@type":"ListItem","position":3,"name":"Seguro de Decesos con Enfermedad Grave"}]},{"@type":"WebSite","@id":"https:\/\/idecesos.com\/seguros\/#website","url":"https:\/\/idecesos.com\/seguros\/","name":"","description":"","potentialAction":[{"@type":"SearchAction","target":{"@type":"EntryPoint","urlTemplate":"https:\/\/idecesos.com\/seguros\/?s={search_term_string}"},"query-input":{"@type":"PropertyValueSpecification","valueRequired":true,"valueName":"search_term_string"}}],"inLanguage":"es"}]}},"_links":{"self":[{"href":"https:\/\/idecesos.com\/seguros\/wp-json\/wp\/v2\/pages\/589","targetHints":{"allow":["GET"]}}],"collection":[{"href":"https:\/\/idecesos.com\/seguros\/wp-json\/wp\/v2\/pages"}],"about":[{"href":"https:\/\/idecesos.com\/seguros\/wp-json\/wp\/v2\/types\/page"}],"author":[{"embeddable":true,"href":"https:\/\/idecesos.com\/seguros\/wp-json\/wp\/v2\/users\/2"}],"replies":[{"embeddable":true,"href":"https:\/\/idecesos.com\/seguros\/wp-json\/wp\/v2\/comments?post=589"}],"version-history":[{"count":16,"href":"https:\/\/idecesos.com\/seguros\/wp-json\/wp\/v2\/pages\/589\/revisions"}],"predecessor-version":[{"id":14996,"href":"https:\/\/idecesos.com\/seguros\/wp-json\/wp\/v2\/pages\/589\/revisions\/14996"}],"up":[{"embeddable":true,"href":"https:\/\/idecesos.com\/seguros\/wp-json\/wp\/v2\/pages\/586"}],"wp:attachment":[{"href":"https:\/\/idecesos.com\/seguros\/wp-json\/wp\/v2\/media?parent=589"}],"curies":[{"name":"wp","href":"https:\/\/api.w.org\/{rel}","templated":true}]}}