{"id":599,"date":"2021-07-12T15:26:43","date_gmt":"2021-07-12T15:26:43","guid":{"rendered":"https:\/\/idecesos.com\/seguros\/?page_id=599"},"modified":"2024-12-11T13:42:19","modified_gmt":"2024-12-11T12:42:19","slug":"coberturas","status":"publish","type":"page","link":"https:\/\/idecesos.com\/seguros\/companias\/caja-rural\/coberturas\/","title":{"rendered":"Coberturas Seguro de Decesos Caja Rural"},"content":{"rendered":"\r\n\r\n<p>Seguros RGA nace a finales de los a\u00f1os 80, concretamente en 1986 y es la filial dedicada expresamente a seguros del Grupo Caja Rural.<\/p>\r\n\r\n\r\n\r\n<p>Si nos centramos en los seguros de decesos de Caja Rural hay que destacar, Seguro de Decesos RGAAsistencia Familiar. Un tipo de seguro dirigido a toda la familia y que se encarga de todo lo referente al sepelio, como gestiones, asistencia a los familiares, traslados\u2026 Como principales coberturas tiene:<\/p>\r\n\r\n\r\n\r\n<p>\u00b7\u00a0 \u00a0 \u00a0 \u00a0 \u00a0Ofrecer el servicio de sepelio que el asegurado posteriormente contrat\u00f3.<\/p>\r\n\r\n\r\n\r\n<p>\u00b7\u00a0 \u00a0 \u00a0 \u00a0 \u00a0En el caso de que la cantidad pagada por el asegurado sea mayor a la necesaria, la compa\u00f1\u00eda cuenta con un canon regulador.<\/p>\r\n\r\n\r\n\r\n<p>\u00b7\u00a0 \u00a0 \u00a0 \u00a0 \u00a0Proporciona la posibilidad de trasladar el cuerpo por los distintos cementerios del pa\u00eds.<\/p>\r\n\r\n\r\n\r\n<p>\u00b7\u00a0 \u00a0 \u00a0 \u00a0 \u00a0En el caso, de que los asegurados sean inmigrantes residentes en Espa\u00f1a, Caja Rural cubre la repatriaci\u00f3n del cad\u00e1ver hasta su lugar de origen.<\/p>\r\n\r\n\r\n\r\n<p>Como otras de sus coberturas o servicios de asistencia, tambi\u00e9n dispone de:<\/p>\r\n\r\n\r\n\r\n<p>\u00b7\u00a0 \u00a0 \u00a0 \u00a0 \u00a0Asistencia Familiar: que se basa en el acompa\u00f1amiento por parte de personal cualificado de la empresa a los familiares del fallecido, ocup\u00e1ndose del acompa\u00f1amiento a los familiares, gestiones diversas, todo ello, bajo una relaci\u00f3n directa con la empresa.<\/p>\r\n\r\n\r\n\r\n<p>\u00b7\u00a0 \u00a0 \u00a0 \u00a0 \u00a0Asistencia jur\u00eddica: incluye asesoramiento telef\u00f3nico y otros tr\u00e1mites legales. En este servicio, est\u00e1 incluido tambi\u00e9n gratuitamente la elaboraci\u00f3n de un testamento de manera on-line.<\/p>\r\n\r\n\r\n\r\n<p>\u00b7\u00a0 \u00a0 \u00a0 \u00a0 \u00a0Asistencia Psicol\u00f3gica: por parte de expertos cualificados hacia la familia afectada.<\/p>\r\n\r\n\r\n\r\n<p>\u00b7\u00a0 \u00a0 \u00a0 \u00a0 \u00a0Asistencia mundial: incluye principalmente, el traslado o repatriaci\u00f3n de heridos o enfermos, vuelta desde el extranjero por el fallecimiento de un familiar, gastos m\u00e9dicos, farmac\u00e9uticos y hospitalizaci\u00f3n por enfermedad o accidente en el extranjero, env\u00edo de medicinas fuera de las fronteras del pa\u00eds, posibilidad de consultor\u00eda m\u00e9dica a distancia, repatriaci\u00f3n de los fallecidos (incluyendo sin l\u00edmites diarios a un acompa\u00f1ante) y por \u00faltimo, en caso de que el fallecido lo hay hecho fuera de las fronteras del pa\u00eds, la compa\u00f1\u00eda cubrir\u00eda ese traslado a cualquier cementerio de la geograf\u00eda espa\u00f1ola.<\/p>\r\n\r\n\r\n\r\n<p>Otro de sus tipos de seguros es el seguro de accidentes RGAPersonalPlus, es un seguro que cubre el fallecimiento o la incapacidad por accidente tanto en su vida personal como laboral, teniendo as\u00ed protegido tanto al asegurado como a su familia. Cuenta con 5 opciones de contrataci\u00f3n, cada una con diferentes garant\u00edas y capitales, para que sea el propio asegurado quien decida lo que m\u00e1s le conviene en cada momento.\u00a0 Estas 5 opciones de cobertura serian fallecimiento por accidente que se sit\u00faa en los 30.000\u20ac, incapacidad permanente absoluta por accidente que tiene como cifra igualitaria en los diferentes m\u00f3dulos 60.000\u20ac, asistencia sanitaria por accidente que est\u00e1 en 6.000\u20ac y hospitalizaci\u00f3n en un accidente que son 60\u20ac<\/p>\r\n\r\n\r\n\r\n<p>Con la modalidad de contrataci\u00f3n RGAPersonalPus Libre, el asegurado podr\u00e1 optar a varias garant\u00edas y hacer un seguro personalizado a su medida. Este tiene como garant\u00eda b\u00e1sica el fallecimiento accidental y como varias como garant\u00edas opcionales: doble capital por fallecimiento en accidente de circulaci\u00f3n, triple por fallecimiento de ambos c\u00f3nyuges en un mismo accidente de circulaci\u00f3n, incapacidad permanente absoluta por accidente, doble capital por incapacidad permanente parcial por accidente, fallecimiento por infarto de miocardio, capital adicional por gran invalidez por accidente, gastos de asistencia sanitaria por accidente, incapacidad temporal por accidente con indemnizaci\u00f3n diaria, hospitalizaci\u00f3n por accidente con indemnizaci\u00f3n diaria, gastos de asistencia sanitaria, incapacidad temporal por accidente con indemnizaci\u00f3n diaria y hospitalizaci\u00f3n por accidente, tambi\u00e9n con indemnizaci\u00f3n diaria.<\/p>\r\n\r\n\r\n\r\n<p>Con el seguro de vida RuralVital, ofrece 4 opciones de contrataci\u00f3n con diferentes capitales para que sea el propio cliente quien elija la opci\u00f3n que m\u00e1s le convenga. Este tiene las siguientes coberturas: Fallecimiento por cualquier causa, incapacidad permanente o absoluta y fallecimiento por accidente, en el que los capitales a percibir ser\u00edan el doble del capital asegurado. Estos oscilan entre los 25.000\u20ac a 100.000\u20ac, seg\u00fan la opci\u00f3n que elija el cliente.<\/p>\r\n\r\n\r\n\r\n<p>Al contratar este servicio, Caja Rural regala el servicio de Asistencia Personal, prestado por Asitur Asistencia, con el que en el caso de sufrir hospitalizaci\u00f3n de 48 horas o m\u00e1s, o inmovilizaci\u00f3n en el domicilio del asegurado durante m\u00e1s de 5 d\u00edas por enfermedad o accidente, la compa\u00f1\u00eda ofrece la posibilidad de optar por el traslado de un familiar hasta el domicilio del afectado o bien, por la ayuda de un auxiliar que se trasladar\u00e1 a la vivienda para ayudar con las tareas b\u00e1sicas. Adem\u00e1s, en el caso de que el afectado tuviese hijos, padres a su cargo o animales dom\u00e9sticos, la compa\u00f1\u00eda tambi\u00e9n se har\u00eda cargo de las mismas.<\/p>\r\n\r\n\r\n\r\n<p>Otro de sus seguros de vida es RuralProtecci\u00f3n, con el que si el cliente tiene hasta un tope de 70 a\u00f1os y desde 30\u20ac al mes, es \u00e9l mismo quien elige las coberturas que quiere contratar, el capital, duraci\u00f3n del seguro y forma de pago. Con este, puede optar por dos tipos de garant\u00edas, B\u00e1sica en el que los beneficiarios reciben el pago del capital en caso de fallecimiento de la persona asegurada por el motivo que sea, y adem\u00e1s pueden disponer de 3.000\u20ac en 24 horas. Con la otra garantia opcional, puede optar a un adelanto del capital asegurado en caso de que se produzca una incapacidad permanente absoluta por cualquier causa y tambi\u00e9n, al doble del capital asegurado en caso de fallecimiento o de gran invalidez por accidente.<\/p>\r\n\r\n\r\n\r\n<p>El \u00faltimo seguro de vida es RuralTap, en donde es la compa\u00f1\u00eda la que se hace cargo de la deuda pendiente ante una situaci\u00f3n de fallecimiento o incapacidad permanente absoluta, cuidando de sus seres queridos.<\/p>\r\n\r\n\r\n\r\n<p>En los seguros de salud, cuenta con DKV donde tiene dos variantes, DKV Modular, donde el asegurado tiene disponibilidad a optar a los mejores especialistas, yendo directamente a ellos, sin necesidad de un m\u00e9dico de cabecera que lo remita. Tendr\u00e1 como m\u00f3dulo de especialistas desde a pediatras, si el asegurado tiene ni\u00f1os a tratamientos de consulta desde revisiones o programas. El cliente podr\u00e1 optar con libre elecci\u00f3n a m\u00e9dicos y todo ello sin listas de espera. Tambi\u00e9n dispone de un m\u00f3dulo de hospitalizaci\u00f3n y de otros servicios que incluir\u00eda tales como el servicio bucodental o de ambulancias.<\/p>\r\n\r\n\r\n\r\n<p>El siguiente de sus servicios es DKVIntegral, un seguro que cuida al asegurado por completo en tres niveles, asistencia primaria, especialistas u hospitalizaci\u00f3n.<\/p>\r\n\r\n\r\n\r\n<p>Adem\u00e1s, cuenta con seguros de accidentes, de incapacidad laboral transitoria y seguros del cazador.<\/p>\r\n\r\n<h3>P\u00e1ginas relacionadas<\/h3><div class=\"enlazado\"><ul> <li><a href=\"https:\/\/idecesos.com\/seguros\/companias\/caja-rural\/coberturas\/\">Coberturas Seguro de Decesos Caja Rural<\/a><\/li> <li><a href=\"https:\/\/idecesos.com\/seguros\/companias\/caja-rural\/opiniones\/\">Opiniones Caja Rural<\/a><\/li> <li><a href=\"https:\/\/idecesos.com\/seguros\/companias\/caja-rural\/precio\/\">Precio seguro Caja Rural<\/a><\/li> <li><a href=\"https:\/\/idecesos.com\/seguros\/companias\/caja-rural\/prima-mixta\/\">Caja Rural Prima Mixta<\/a><\/li> <li><a href=\"https:\/\/idecesos.com\/seguros\/companias\/caja-rural\/prima-natural\/\">Caja Rural Prima Natural<\/a><\/li> <li><a href=\"https:\/\/idecesos.com\/seguros\/companias\/caja-rural\/prima-nivelada\/\">Caja Rural Prima Nivelada<\/a><\/li> <li><a href=\"https:\/\/idecesos.com\/seguros\/companias\/caja-rural\/prima-unica\/\">Caja Rural Prima \u00danica<\/a><\/li> <li><a href=\"https:\/\/idecesos.com\/seguros\/companias\/caja-rural\/repatriacion\/\">Caja Rural Repatriaci\u00f3n<\/a><\/li> <li><a href=\"https:\/\/idecesos.com\/seguros\/companias\/caja-rural\/telefono\/\">Tel\u00e9fono Gratuito Caja Rural<\/a><\/li><\/ul><\/div>","protected":false},"excerpt":{"rendered":"<p>Seguros RGA nace a finales de los a\u00f1os 80, concretamente en 1986 y es la filial dedicada expresamente a seguros del Grupo Caja Rural. Si nos centramos en los seguros de decesos de Caja Rural hay que destacar, Seguro de Decesos RGAAsistencia Familiar. Un tipo de seguro dirigido a toda la familia y que se&hellip; <\/p>\n","protected":false},"author":2,"featured_media":0,"parent":597,"menu_order":0,"comment_status":"closed","ping_status":"closed","template":"single.php","meta":{"footnotes":""},"class_list":["post-599","page","type-page","status-publish","hentry"],"yoast_head":"<!-- This site is optimized with the Yoast SEO plugin v27.3 - https:\/\/yoast.com\/product\/yoast-seo-wordpress\/ -->\n<title>Coberturas Seguro de Decesos Caja Rural | Gu\u00eda 2026<\/title>\n<meta name=\"description\" content=\"Consulta gratis las coberturas y servicios del Seguro de Decesos Caja Rural Informaci\u00f3n actualizada en 2026. Coberturas verificadas por iDecesos.\" \/>\n<meta name=\"robots\" content=\"index, follow, max-snippet:-1, max-image-preview:large, max-video-preview:-1\" \/>\n<link rel=\"canonical\" href=\"https:\/\/idecesos.com\/seguros\/companias\/caja-rural\/coberturas\/\" \/>\n<meta property=\"og:locale\" content=\"es_ES\" \/>\n<meta property=\"og:type\" content=\"article\" \/>\n<meta property=\"og:title\" content=\"Coberturas Seguro de Decesos Caja Rural | Gu\u00eda 2026\" \/>\n<meta property=\"og:description\" content=\"Consulta gratis las coberturas y servicios del Seguro de Decesos Caja Rural Informaci\u00f3n actualizada en 2026. Coberturas verificadas por iDecesos.\" \/>\n<meta property=\"og:url\" content=\"https:\/\/idecesos.com\/seguros\/companias\/caja-rural\/coberturas\/\" \/>\n<meta property=\"article:modified_time\" content=\"2024-12-11T12:42:19+00:00\" \/>\n<meta name=\"twitter:card\" content=\"summary_large_image\" \/>\n<meta name=\"twitter:label1\" content=\"Tiempo de lectura\" \/>\n\t<meta name=\"twitter:data1\" content=\"5 minutos\" \/>\n<script type=\"application\/ld+json\" class=\"yoast-schema-graph\">{\"@context\":\"https:\\\/\\\/schema.org\",\"@graph\":[{\"@type\":\"WebPage\",\"@id\":\"https:\\\/\\\/idecesos.com\\\/seguros\\\/companias\\\/caja-rural\\\/coberturas\\\/\",\"url\":\"https:\\\/\\\/idecesos.com\\\/seguros\\\/companias\\\/caja-rural\\\/coberturas\\\/\",\"name\":\"Coberturas Seguro de Decesos Caja Rural | Gu\u00eda 2026\",\"isPartOf\":{\"@id\":\"https:\\\/\\\/idecesos.com\\\/seguros\\\/#website\"},\"datePublished\":\"2021-07-12T15:26:43+00:00\",\"dateModified\":\"2024-12-11T12:42:19+00:00\",\"description\":\"Consulta gratis las coberturas y servicios del Seguro de Decesos Caja Rural Informaci\u00f3n actualizada en 2026. Coberturas verificadas por iDecesos.\",\"breadcrumb\":{\"@id\":\"https:\\\/\\\/idecesos.com\\\/seguros\\\/companias\\\/caja-rural\\\/coberturas\\\/#breadcrumb\"},\"inLanguage\":\"es\",\"potentialAction\":[{\"@type\":\"ReadAction\",\"target\":[\"https:\\\/\\\/idecesos.com\\\/seguros\\\/companias\\\/caja-rural\\\/coberturas\\\/\"]}]},{\"@type\":\"BreadcrumbList\",\"@id\":\"https:\\\/\\\/idecesos.com\\\/seguros\\\/companias\\\/caja-rural\\\/coberturas\\\/#breadcrumb\",\"itemListElement\":[{\"@type\":\"ListItem\",\"position\":1,\"name\":\"Portada\",\"item\":\"https:\\\/\\\/idecesos.com\\\/seguros\\\/\"},{\"@type\":\"ListItem\",\"position\":2,\"name\":\"Compa\u00f1\u00edas de Seguros de Decesos en Espa\u00f1a\",\"item\":\"https:\\\/\\\/idecesos.com\\\/seguros\\\/companias\\\/\"},{\"@type\":\"ListItem\",\"position\":3,\"name\":\"Seguro de decesos Caja Rural\",\"item\":\"https:\\\/\\\/idecesos.com\\\/seguros\\\/companias\\\/caja-rural\\\/\"},{\"@type\":\"ListItem\",\"position\":4,\"name\":\"Coberturas Seguro de Decesos Caja Rural\"}]},{\"@type\":\"WebSite\",\"@id\":\"https:\\\/\\\/idecesos.com\\\/seguros\\\/#website\",\"url\":\"https:\\\/\\\/idecesos.com\\\/seguros\\\/\",\"name\":\"\",\"description\":\"\",\"potentialAction\":[{\"@type\":\"SearchAction\",\"target\":{\"@type\":\"EntryPoint\",\"urlTemplate\":\"https:\\\/\\\/idecesos.com\\\/seguros\\\/?s={search_term_string}\"},\"query-input\":{\"@type\":\"PropertyValueSpecification\",\"valueRequired\":true,\"valueName\":\"search_term_string\"}}],\"inLanguage\":\"es\"}]}<\/script>\n<!-- \/ Yoast SEO plugin. -->","yoast_head_json":{"title":"Coberturas Seguro de Decesos Caja Rural | Gu\u00eda 2026","description":"Consulta gratis las coberturas y servicios del Seguro de Decesos Caja Rural Informaci\u00f3n actualizada en 2026. Coberturas verificadas por iDecesos.","robots":{"index":"index","follow":"follow","max-snippet":"max-snippet:-1","max-image-preview":"max-image-preview:large","max-video-preview":"max-video-preview:-1"},"canonical":"https:\/\/idecesos.com\/seguros\/companias\/caja-rural\/coberturas\/","og_locale":"es_ES","og_type":"article","og_title":"Coberturas Seguro de Decesos Caja Rural | Gu\u00eda 2026","og_description":"Consulta gratis las coberturas y servicios del Seguro de Decesos Caja Rural Informaci\u00f3n actualizada en 2026. Coberturas verificadas por iDecesos.","og_url":"https:\/\/idecesos.com\/seguros\/companias\/caja-rural\/coberturas\/","article_modified_time":"2024-12-11T12:42:19+00:00","twitter_card":"summary_large_image","twitter_misc":{"Tiempo de lectura":"5 minutos"},"schema":{"@context":"https:\/\/schema.org","@graph":[{"@type":"WebPage","@id":"https:\/\/idecesos.com\/seguros\/companias\/caja-rural\/coberturas\/","url":"https:\/\/idecesos.com\/seguros\/companias\/caja-rural\/coberturas\/","name":"Coberturas Seguro de Decesos Caja Rural | Gu\u00eda 2026","isPartOf":{"@id":"https:\/\/idecesos.com\/seguros\/#website"},"datePublished":"2021-07-12T15:26:43+00:00","dateModified":"2024-12-11T12:42:19+00:00","description":"Consulta gratis las coberturas y servicios del Seguro de Decesos Caja Rural Informaci\u00f3n actualizada en 2026. Coberturas verificadas por iDecesos.","breadcrumb":{"@id":"https:\/\/idecesos.com\/seguros\/companias\/caja-rural\/coberturas\/#breadcrumb"},"inLanguage":"es","potentialAction":[{"@type":"ReadAction","target":["https:\/\/idecesos.com\/seguros\/companias\/caja-rural\/coberturas\/"]}]},{"@type":"BreadcrumbList","@id":"https:\/\/idecesos.com\/seguros\/companias\/caja-rural\/coberturas\/#breadcrumb","itemListElement":[{"@type":"ListItem","position":1,"name":"Portada","item":"https:\/\/idecesos.com\/seguros\/"},{"@type":"ListItem","position":2,"name":"Compa\u00f1\u00edas de Seguros de Decesos en Espa\u00f1a","item":"https:\/\/idecesos.com\/seguros\/companias\/"},{"@type":"ListItem","position":3,"name":"Seguro de decesos Caja Rural","item":"https:\/\/idecesos.com\/seguros\/companias\/caja-rural\/"},{"@type":"ListItem","position":4,"name":"Coberturas Seguro de Decesos Caja Rural"}]},{"@type":"WebSite","@id":"https:\/\/idecesos.com\/seguros\/#website","url":"https:\/\/idecesos.com\/seguros\/","name":"","description":"","potentialAction":[{"@type":"SearchAction","target":{"@type":"EntryPoint","urlTemplate":"https:\/\/idecesos.com\/seguros\/?s={search_term_string}"},"query-input":{"@type":"PropertyValueSpecification","valueRequired":true,"valueName":"search_term_string"}}],"inLanguage":"es"}]}},"_links":{"self":[{"href":"https:\/\/idecesos.com\/seguros\/wp-json\/wp\/v2\/pages\/599","targetHints":{"allow":["GET"]}}],"collection":[{"href":"https:\/\/idecesos.com\/seguros\/wp-json\/wp\/v2\/pages"}],"about":[{"href":"https:\/\/idecesos.com\/seguros\/wp-json\/wp\/v2\/types\/page"}],"author":[{"embeddable":true,"href":"https:\/\/idecesos.com\/seguros\/wp-json\/wp\/v2\/users\/2"}],"replies":[{"embeddable":true,"href":"https:\/\/idecesos.com\/seguros\/wp-json\/wp\/v2\/comments?post=599"}],"version-history":[{"count":4,"href":"https:\/\/idecesos.com\/seguros\/wp-json\/wp\/v2\/pages\/599\/revisions"}],"predecessor-version":[{"id":22149,"href":"https:\/\/idecesos.com\/seguros\/wp-json\/wp\/v2\/pages\/599\/revisions\/22149"}],"up":[{"embeddable":true,"href":"https:\/\/idecesos.com\/seguros\/wp-json\/wp\/v2\/pages\/597"}],"wp:attachment":[{"href":"https:\/\/idecesos.com\/seguros\/wp-json\/wp\/v2\/media?parent=599"}],"curies":[{"name":"wp","href":"https:\/\/api.w.org\/{rel}","templated":true}]}}