{"id":603,"date":"2021-12-15T16:03:39","date_gmt":"2021-07-12T15:31:57","guid":{"rendered":"https:\/\/idecesos.com\/seguros\/?page_id=603"},"modified":"2022-03-10T10:33:24","modified_gmt":"2022-03-10T10:33:24","slug":"precio","status":"publish","type":"page","link":"https:\/\/idecesos.com\/seguros\/companias\/caja-rural\/precio\/","title":{"rendered":"\u00bfCu\u00e1nto cuesta el seguro de decesos Caja Rural?"},"content":{"rendered":"<div id=\"ez-toc-container\" class=\"ez-toc-v2_0_82_2 ez-toc-wrap-center counter-hierarchy ez-toc-counter ez-toc-custom ez-toc-container-direction\">\n<div class=\"ez-toc-title-container\">\n<p class=\"ez-toc-title\" style=\"cursor:inherit\">Tabla de Contenido<\/p>\n<span class=\"ez-toc-title-toggle\"><a href=\"#\" class=\"ez-toc-pull-right ez-toc-btn ez-toc-btn-xs ez-toc-btn-default ez-toc-toggle\" aria-label=\"Alternar tabla de contenidos\"><span class=\"ez-toc-js-icon-con\"><span class=\"\"><span class=\"eztoc-hide\" style=\"display:none;\">Toggle<\/span><span class=\"ez-toc-icon-toggle-span\"><svg style=\"fill: #db6415;color:#db6415\" xmlns=\"http:\/\/www.w3.org\/2000\/svg\" class=\"list-377408\" width=\"20px\" height=\"20px\" viewBox=\"0 0 24 24\" fill=\"none\"><path d=\"M6 6H4v2h2V6zm14 0H8v2h12V6zM4 11h2v2H4v-2zm16 0H8v2h12v-2zM4 16h2v2H4v-2zm16 0H8v2h12v-2z\" fill=\"currentColor\"><\/path><\/svg><svg style=\"fill: #db6415;color:#db6415\" class=\"arrow-unsorted-368013\" xmlns=\"http:\/\/www.w3.org\/2000\/svg\" width=\"10px\" height=\"10px\" viewBox=\"0 0 24 24\" version=\"1.2\" baseProfile=\"tiny\"><path d=\"M18.2 9.3l-6.2-6.3-6.2 6.3c-.2.2-.3.4-.3.7s.1.5.3.7c.2.2.4.3.7.3h11c.3 0 .5-.1.7-.3.2-.2.3-.5.3-.7s-.1-.5-.3-.7zM5.8 14.7l6.2 6.3 6.2-6.3c.2-.2.3-.5.3-.7s-.1-.5-.3-.7c-.2-.2-.4-.3-.7-.3h-11c-.3 0-.5.1-.7.3-.2.2-.3.5-.3.7s.1.5.3.7z\"\/><\/svg><\/span><\/span><\/span><\/a><\/span><\/div>\n<nav><ul class='ez-toc-list ez-toc-list-level-1 ' ><li class='ez-toc-page-1 ez-toc-heading-level-2'><a class=\"ez-toc-link ez-toc-heading-1\" href=\"https:\/\/idecesos.com\/seguros\/companias\/caja-rural\/precio\/#Calcular_precio_seguro_de_decesos_Caja_Rural\" >Calcular precio seguro de decesos Caja Rural<\/a><\/li><li class='ez-toc-page-1 ez-toc-heading-level-2'><a class=\"ez-toc-link ez-toc-heading-2\" href=\"https:\/\/idecesos.com\/seguros\/companias\/caja-rural\/precio\/#Tabla_comparativa_de_precios_Caja_Rural\" >Tabla comparativa de precios Caja Rural<\/a><ul class='ez-toc-list-level-3' ><li class='ez-toc-heading-level-3'><a class=\"ez-toc-link ez-toc-heading-3\" href=\"https:\/\/idecesos.com\/seguros\/companias\/caja-rural\/precio\/#%C2%BFCual_es_la_mejor_tarifa_de_seguros_de_Caja_Rural\" >\u00bfCu\u00e1l es la mejor tarifa de seguros de Caja Rural ?<\/a><\/li><li class='ez-toc-page-1 ez-toc-heading-level-3'><a class=\"ez-toc-link ez-toc-heading-4\" href=\"https:\/\/idecesos.com\/seguros\/companias\/caja-rural\/precio\/#%C2%BFPuede_aumentar_precio_mensual_de_los_seguros_de_Caja_Rural\" >\u00bfPuede aumentar precio mensual de los seguros de Caja Rural ?<\/a><\/li><li class='ez-toc-page-1 ez-toc-heading-level-3'><a class=\"ez-toc-link ez-toc-heading-5\" href=\"https:\/\/idecesos.com\/seguros\/companias\/caja-rural\/precio\/#%C2%BFEl_precio_de_seguros_de_decesos_Caja_Rural_sube_con_la_edad\" >\u00bfEl precio de seguros de decesos Caja Rural sube con la edad?<\/a><\/li><li class='ez-toc-page-1 ez-toc-heading-level-3'><a class=\"ez-toc-link ez-toc-heading-6\" href=\"https:\/\/idecesos.com\/seguros\/companias\/caja-rural\/precio\/#Paginas_relacionadas\" >P\u00e1ginas relacionadas<\/a><\/li><\/ul><\/li><\/ul><\/nav><\/div>\n<p><br \/>\nEl sector de los seguros es muy amplio. Puedes encontrar muchas compa\u00f1\u00edas aseguradoras, coberturas y precios diferentes. Es necesario antes de decidir por qu\u00e9 producto o bien compa\u00f1\u00eda elegir, estar informado de las distintas tarifas que ofrecen. No se preocupe. iDecesos ha trabajado por para facilitarle cada uno de los precios y diferentes modalidades de primas que existen en los seguros de decesos a fin de que en cuesti\u00f3n de minutos puede saber cu\u00e1l es el g\u00e9nero de seguro que necesita y se amolda a sus necesidades.<\/p>\n<div class=\"colorf\"><div class=\"container clearfix\"><div class=\"col-md-7\">\n<h2><span class=\"ez-toc-section\" id=\"Calcular_precio_seguro_de_decesos_Caja_Rural\"><\/span>Calcular precio seguro de decesos Caja Rural<span class=\"ez-toc-section-end\"><\/span><\/h2>\n<p>Caja Rural se hace cargo de llevar un proceso personalizado para cada uno de ellos de sus asegurados ,siguiendo unos pasos muy espec\u00edficos y de manera muy pormenorizada teniendo presente los diferentes factores que rodean al asegurado a fin de que el c\u00e1lculo sea a su medida y en la coyuntura que se halle tenga una tarifa muy equilibrada. Es esencial anticiparse a lo que pueda suceder, estando prevenido. Con Caja Rural podr\u00e1s saber el c\u00e1lcula del precio de tu p\u00f3liza en menos de un minuto. Nosotros te ofrecemos la herramienta m\u00e1s simple del mercado para que encuentres tu tarifa perfecta. Con tan solo rellenar los datos que te solicitamos, iDecesos hace una busca pormenorizada entre todos y cada uno de los seguros para darte la tarifa que mejor se amolde a ti. Adem\u00e1s, podr\u00e1s ver todas las ventajas que tiene sencillamente. Simple, \u00bfcierto?? \u00a1A qu\u00e9 est\u00e1s esperando!Adem\u00e1s de esto, no quedas comprometido en nada y podr\u00e1s efectuar este proceso las veces que necesites completamente sin coste.<br \/>\n<\/div><\/div><\/div><\/p>\n<h2><span class=\"ez-toc-section\" id=\"Tabla_comparativa_de_precios_Caja_Rural\"><\/span>Tabla comparativa de precios Caja Rural<span class=\"ez-toc-section-end\"><\/span><\/h2>\n<p><div class=\"cabecera_tabla_precio\"><table class=\"table table-striped\"><thead><tr><th class=\"nosepara centrado\">Tipo<\/th><th class=\"nosepara centrado nojustificado\">Precio Desde<\/th><th class=\"nosepara dcha\"><\/th><\/tr><\/thead><tbody><tr class=\"fila_tabla_precio\"><td class=\"nosepara izq\">Precio Seguro Decesos Caja Rural<\/td><td class=\"nosepara centro\">1,55 \u20ac\/mes<\/td><td class=\"nosepara derecha\">\t\t\t\t\t\n\t\t\t\t\t\t<span class=\"\" style=\"cursor:pointer\" data-bs-toggle=\"modal\" data-bs-target=\"#comparadorModal\">Calcular<\/span>\t\t\t\t\n\t\t\t\t\t\n\t\t\t\t<\/td><\/tr><\/div><tr class=\"fila_tabla_precio\"><td class=\"nosepara izq\">Precio Prima \u00danica Caja Rural<\/td><td class=\"nosepara centro\">2375 \u20ac<\/td><td class=\"nosepara derecha\">\t\t\t\t\t\n\t\t\t\t\t\t<span class=\"\" style=\"cursor:pointer\" data-bs-toggle=\"modal\" data-bs-target=\"#comparadorModal\">Calcular<\/span>\t\t\t\t\n\t\t\t\t\t\n\t\t\t\t<\/td><\/tr><\/div><tr class=\"fila_tabla_precio\"><td class=\"nosepara izq\">Precio Prima Natural Caja Rural<\/td><td class=\"nosepara centro\">1,42 \u20ac\/mes<\/td><td class=\"nosepara derecha\">\t\t\t\t\t\n\t\t\t\t\t\t<span class=\"\" style=\"cursor:pointer\" data-bs-toggle=\"modal\" data-bs-target=\"#comparadorModal\">Calcular<\/span>\t\t\t\t\n\t\t\t\t\t\n\t\t\t\t<\/td><\/tr><\/div><tr class=\"fila_tabla_precio\"><td class=\"nosepara izq\">Precio Prima Nivelada Caja Rural<\/td><td class=\"nosepara centro\">1,75 \u20ac\/mes<\/td><td class=\"nosepara derecha\">\t\t\t\t\t\n\t\t\t\t\t\t<span class=\"\" style=\"cursor:pointer\" data-bs-toggle=\"modal\" data-bs-target=\"#comparadorModal\">Calcular<\/span>\t\t\t\t\n\t\t\t\t\t\n\t\t\t\t<\/td><\/tr><\/div><tr class=\"fila_tabla_precio\"><td class=\"nosepara izq\">Precio Prima Mixta Caja Rural<\/td><td class=\"nosepara centro\">1,48 \u20ac\/mes<\/td><td class=\"nosepara derecha\">\t\t\t\t\t\n\t\t\t\t\t\t<span class=\"\" style=\"cursor:pointer\" data-bs-toggle=\"modal\" data-bs-target=\"#comparadorModal\">Calcular<\/span>\t\t\t\t\n\t\t\t\t\t\n\t\t\t\t<\/td><\/tr><\/div><tr class=\"fila_tabla_precio\"><td class=\"nosepara izq\">Precio Prima Seminatural Caja Rural<\/td><td class=\"nosepara centro\">1,59 \u20ac\/mes<\/td><td class=\"nosepara derecha\">\t\t\t\t\t\n\t\t\t\t\t\t<span class=\"\" style=\"cursor:pointer\" data-bs-toggle=\"modal\" data-bs-target=\"#comparadorModal\">Calcular<\/span>\t\t\t\t\n\t\t\t\t\t\n\t\t\t\t<\/td><\/tr><\/div><tr class=\"fila_tabla_precio\"><td class=\"nosepara izq\">Precio con Repatriaci\u00f3n Caja Rural<\/td><td class=\"nosepara centro\">0,75 \u20ac a la cuota<\/td><td class=\"nosepara derecha\">\t\t\t\t\t\n\t\t\t\t\t\t<span class=\"\" style=\"cursor:pointer\" data-bs-toggle=\"modal\" data-bs-target=\"#comparadorModal\">Calcular<\/span>\t\t\t\t\n\t\t\t\t\t\n\t\t\t\t<\/td><\/tr><\/div><tr class=\"fila_tabla_precio\"><td class=\"nosepara izq\">Precio Seguro Defunci\u00f3n Caja Rural<\/td><td class=\"nosepara centro\">1,39 \u20ac\/mes<\/td><td class=\"nosepara derecha\">\t\t\t\t\t\n\t\t\t\t\t\t<span class=\"\" style=\"cursor:pointer\" data-bs-toggle=\"modal\" data-bs-target=\"#comparadorModal\">Calcular<\/span>\t\t\t\t\n\t\t\t\t\t\n\t\t\t\t<\/td><\/tr><\/div><tr class=\"fila_tabla_precio\"><td class=\"nosepara izq\">Precio Seguro Fallecimiento Caja Rural<\/td><td class=\"nosepara centro\">1,56 \u20ac\/mes<\/td><td class=\"nosepara derecha\">\t\t\t\t\t\n\t\t\t\t\t\t<span class=\"\" style=\"cursor:pointer\" data-bs-toggle=\"modal\" data-bs-target=\"#comparadorModal\">Calcular<\/span>\t\t\t\t\n\t\t\t\t\t\n\t\t\t\t<\/td><\/tr><\/div><tr class=\"fila_tabla_precio\"><td class=\"nosepara izq\">Precio Seguro Muertos Caja Rural<\/td><td class=\"nosepara centro\">1,46 \u20ac\/mes<\/td><td class=\"nosepara derecha\">\t\t\t\t\t\n\t\t\t\t\t\t<span class=\"\" style=\"cursor:pointer\" data-bs-toggle=\"modal\" data-bs-target=\"#comparadorModal\">Calcular<\/span>\t\t\t\t\n\t\t\t\t\t\n\t\t\t\t<\/td><\/tr><\/div><tr class=\"fila_tabla_precio\"><td class=\"nosepara izq\">Precio Asistencia Familiar Caja Rural<\/td><td class=\"nosepara centro\">1,57 \u20ac\/mes<\/td><td class=\"nosepara derecha\">\t\t\t\t\t\n\t\t\t\t\t\t<span class=\"\" style=\"cursor:pointer\" data-bs-toggle=\"modal\" data-bs-target=\"#comparadorModal\">Calcular<\/span>\t\t\t\t\n\t\t\t\t\t\n\t\t\t\t<\/td><\/tr><\/div><\/tbody><\/table><\/div><\/p>\n<p>En iDecesos deseamos hacerte este proceso m\u00e1s f\u00e1cil. Para esto, ahora te mostramos en detalle el precio estimado de cada p\u00f3liza que es parte del seguro de decesos de Caja Rural. Caja Rural no solo es la encargada de asegurar el cubrimiento del sepelio sino que asimismo se encarga de brindar las mejores coberturas a sus clientes para que puedan estar tranquilos en todo instante. Con todo esto no aseguras solo su tranquilidad sino tambi\u00e9n ayudas a sus familiares a hacer frente a los gastos de su fallecimiento. Este g\u00e9nero de p\u00f3liza es un seguro para que su familia pueda estar apacible en el momento que ocurra cualquier cosa en tanto que nuestros agentes especialistas se encargar\u00e1 de todo. Caja Rural tu compa\u00f1\u00eda aseguradora de confianza a fin de que de vida puedas gozar de todos las coberturas que contiene tu seguro, con unas calidades \u00f3ptimas.<br \/>\n<div class=\"colorf\"><div class=\"container clearfix\"><div class=\"col-md-7\"><\/p>\n<h3><span class=\"ez-toc-section\" id=\"%C2%BFCual_es_la_mejor_tarifa_de_seguros_de_Caja_Rural\"><\/span>\u00bfCu\u00e1l es la mejor tarifa de seguros de Caja Rural ?<span class=\"ez-toc-section-end\"><\/span><\/h3>\n<p>Caja Rural destaca por su gran variedad de tarifas. Vas a poder hallar desde una p\u00f3liza b\u00e1sica hasta una m\u00e1s amoldable a lo que necesite. No tienes porqu\u00e9 preocuparte. Caja Rural tiene diferentes seguros que se adaptan perfectamente a sus necesidades y plan de precios. Con las coberturas m\u00e1s renovadoras del mercado, Caja Rural te ofrece descuentos y ofertas en cada uno de los precios de sus seguros de decesos. Sin embargo te lo hemos puesto m\u00e1s sencillo arriba va a poder ver de forma mucho m\u00e1s detallada una tabla de precios de cada una de las primas. Te asesoramos absolutamente sin coste sin complicaciones.<br \/>\n<\/div><\/div><\/div><\/p>\n<h3><span class=\"ez-toc-section\" id=\"%C2%BFPuede_aumentar_precio_mensual_de_los_seguros_de_Caja_Rural\"><\/span>\u00bfPuede aumentar precio mensual de los seguros de Caja Rural ?<span class=\"ez-toc-section-end\"><\/span><\/h3>\n<p>En Espa\u00f1a, nueve de cada 10 asegurados se han subscrito a un seguro de decesos con prima nivelada. Mas no es solo eso, Caja Rural tiene varios g\u00e9neros de prima a fin de que puedas escoger la que m\u00e1s se amolde a t\u00ed y tus necesidades queden cubiertas. Es por esto, que a continuaci\u00f3n, le mostraremos todos los tipos de primas que existen. \u2022 Prima \u00danica: Esta prima cubre el sepelio de las personas que han superado la edad de jubilaci\u00f3n o que tienen una enfermedad grave y solo tiene que hacer una \u00fanica aportaci\u00f3n en el pago. Este g\u00e9nero de primas acostumbran a ser contratadas por personas mayores que nunca han contratado un seguro. Sin embargo, lo que pague a partir de la edad de su jubilaci\u00f3n se sostendr\u00e1 y no cambiar\u00e1 m\u00e1s en funci\u00f3n de su edad, si bien esta prima se caracteriza por ser constante, puede sufrir alg\u00fan que otro cambio en sus pagos por la actualizaci\u00f3n de los capitales asegurados.<br \/>\n<strong>\u2022 Prima Natural:<\/strong> El pago de esta prima se actualiza anualmente. Este se calcula con los a\u00f1os que tiene en ese instante y lo comparan con el aumento de fallecimiento que pueda tener con el paso del tiempo. Esto causa que todos los a\u00f1os vaya subiendo su precio poco a poco.<\/p>\n<p><strong>\u2022 Prima Mixta:<\/strong> Esta prima combina las modalidades de Prima Nivelada y Prima Natural haciendo un mix de ambas, por una parte, la prima mixta se va recalculando de la misma manera que la prima natural, en dependencia del riesgo de fallecimiento que pueda tener el asegurado en dependencia de sus a\u00f1os, no obstante, superados los 60 a\u00f1os esta prima incorpora una nivelaci\u00f3n de precios que quedar\u00e1 incesante como en la prima nivelada.<\/p>\n<p>Independientemente del g\u00e9nero de prima de decesos que escoja, usted podr\u00e1 flexibilizar su cuota todo lo que quiera porque le ofrecemos todas las comodidades posibles a fin de que le resulte lo m\u00e1s ligero posible el hacerse cargo del recibo y que no le suponga ning\u00fan esmero dejar todo previsto a sus familiares.<br \/>\n<div class=\"colorf\"><div class=\"container clearfix\"><div class=\"col-md-7\"><\/p>\n<h3><span class=\"ez-toc-section\" id=\"%C2%BFEl_precio_de_seguros_de_decesos_Caja_Rural_sube_con_la_edad\"><\/span>\u00bfEl precio de seguros de decesos Caja Rural sube con la edad?<span class=\"ez-toc-section-end\"><\/span><\/h3>\n<p>Si a\u00fan no tienes tu p\u00f3liza, es tu instante de contratar el seguro de decesos con Caja Rural con independencia de la edad que tengas. Puedes estar apacible. Caja Rural no le va a subir el precio seg\u00fan vaya avanzando su edad puesto que la p\u00f3liza se hace en referencia a la edad del asegurado. No se preocupe por su edad, no es una barrera, va a poder contratar con las distintas modalidades como puede ser prima nivelada, natural, mixta, semi natural y \u00fanica. Ahorra tiempo con Caja Rural. Ellos se encargaran de los tr\u00e1mites burocr\u00e1ticos y de todos y cada uno de los gastos de sepelio. Caja Rural te ofrece coberturas de lo m\u00e1s interesantes y actuales para que sus asegurados est\u00e9n en las mejores manos. Si bien contratar un seguro de decesos no tiene edad, seg\u00fan van pasando los a\u00f1os es mejor dejar todo organizado para poder vivir sin preocupaciones y para que su familia tampoco las tenga.<br \/>\n<\/div><\/div><\/div><\/p>\n<h3><span class=\"ez-toc-section\" id=\"Paginas_relacionadas\"><\/span>P\u00e1ginas relacionadas<span class=\"ez-toc-section-end\"><\/span><\/h3><div class=\"enlazado\"><ul> <li><a href=\"https:\/\/idecesos.com\/seguros\/companias\/caja-rural\/coberturas\/\">Coberturas Seguro de Decesos Caja Rural<\/a><\/li> <li><a href=\"https:\/\/idecesos.com\/seguros\/companias\/caja-rural\/opiniones\/\">Opiniones Caja Rural<\/a><\/li> <li><a href=\"https:\/\/idecesos.com\/seguros\/companias\/caja-rural\/precio\/\">Precio seguro Caja Rural<\/a><\/li> <li><a href=\"https:\/\/idecesos.com\/seguros\/companias\/caja-rural\/prima-mixta\/\">Caja Rural Prima Mixta<\/a><\/li> <li><a href=\"https:\/\/idecesos.com\/seguros\/companias\/caja-rural\/prima-natural\/\">Caja Rural Prima Natural<\/a><\/li> <li><a href=\"https:\/\/idecesos.com\/seguros\/companias\/caja-rural\/prima-nivelada\/\">Caja Rural Prima Nivelada<\/a><\/li> <li><a href=\"https:\/\/idecesos.com\/seguros\/companias\/caja-rural\/prima-unica\/\">Caja Rural Prima \u00danica<\/a><\/li> <li><a href=\"https:\/\/idecesos.com\/seguros\/companias\/caja-rural\/repatriacion\/\">Caja Rural Repatriaci\u00f3n<\/a><\/li> <li><a href=\"https:\/\/idecesos.com\/seguros\/companias\/caja-rural\/telefono\/\">Tel\u00e9fono Gratuito Caja Rural<\/a><\/li><\/ul><\/div>\n","protected":false},"excerpt":{"rendered":"<p>El sector de los seguros es muy amplio. Puedes encontrar muchas compa\u00f1\u00edas aseguradoras, coberturas y precios diferentes. Es necesario antes de decidir por qu\u00e9 producto o bien compa\u00f1\u00eda elegir, estar informado de las distintas tarifas que ofrecen. No se preocupe. iDecesos ha trabajado por para facilitarle cada uno de los precios y diferentes modalidades de&hellip; <\/p>\n","protected":false},"author":1,"featured_media":17477,"parent":597,"menu_order":0,"comment_status":"closed","ping_status":"closed","template":"single.php","meta":{"footnotes":""},"class_list":["post-603","page","type-page","status-publish","has-post-thumbnail","hentry"],"yoast_head":"<!-- This site is optimized with the Yoast SEO plugin v27.3 - https:\/\/yoast.com\/product\/yoast-seo-wordpress\/ -->\n<title>Precio Seguro Decesos Caja Rural \u25b7DTO 25% I Oferta 2026<\/title>\n<meta name=\"description\" content=\"Calcular aqu\u00ed\u3010precio seguro de decesos Caja Rural\u3011Tarifas, oferta y descuento de seguro defunci\u00f3n Caja Rural 2026 \u2611\ufe0fiDecesos\u00ae N\u00ba1 en ahorro\" \/>\n<meta name=\"robots\" content=\"index, follow, max-snippet:-1, max-image-preview:large, max-video-preview:-1\" \/>\n<link rel=\"canonical\" href=\"https:\/\/idecesos.com\/seguros\/companias\/caja-rural\/precio\/\" \/>\n<meta property=\"og:locale\" content=\"es_ES\" \/>\n<meta property=\"og:type\" content=\"article\" \/>\n<meta property=\"og:title\" content=\"Precio Seguro Decesos Caja Rural \u25b7DTO 25% I Oferta 2026\" \/>\n<meta property=\"og:description\" content=\"Calcular aqu\u00ed\u3010precio seguro de decesos Caja Rural\u3011Tarifas, oferta y descuento de seguro defunci\u00f3n Caja Rural 2026 \u2611\ufe0fiDecesos\u00ae N\u00ba1 en ahorro\" \/>\n<meta property=\"og:url\" content=\"https:\/\/idecesos.com\/seguros\/companias\/caja-rural\/precio\/\" \/>\n<meta property=\"article:modified_time\" content=\"2022-03-10T10:33:24+00:00\" \/>\n<meta property=\"og:image\" content=\"https:\/\/idecesos.com\/seguros\/wp-content\/uploads\/2021\/12\/precio-2.jpg-80.jpeg\" \/>\n\t<meta property=\"og:image:width\" content=\"1500\" \/>\n\t<meta property=\"og:image:height\" content=\"559\" \/>\n\t<meta property=\"og:image:type\" content=\"image\/jpeg\" \/>\n<meta name=\"twitter:card\" content=\"summary_large_image\" \/>\n<meta name=\"twitter:label1\" content=\"Tiempo de lectura\" \/>\n\t<meta name=\"twitter:data1\" content=\"75 minutos\" \/>\n<script type=\"application\/ld+json\" class=\"yoast-schema-graph\">{\"@context\":\"https:\\\/\\\/schema.org\",\"@graph\":[{\"@type\":\"WebPage\",\"@id\":\"https:\\\/\\\/idecesos.com\\\/seguros\\\/companias\\\/caja-rural\\\/precio\\\/\",\"url\":\"https:\\\/\\\/idecesos.com\\\/seguros\\\/companias\\\/caja-rural\\\/precio\\\/\",\"name\":\"Precio Seguro Decesos Caja Rural \u25b7DTO 25% I Oferta 2026\",\"isPartOf\":{\"@id\":\"https:\\\/\\\/idecesos.com\\\/seguros\\\/#website\"},\"primaryImageOfPage\":{\"@id\":\"https:\\\/\\\/idecesos.com\\\/seguros\\\/companias\\\/caja-rural\\\/precio\\\/#primaryimage\"},\"image\":{\"@id\":\"https:\\\/\\\/idecesos.com\\\/seguros\\\/companias\\\/caja-rural\\\/precio\\\/#primaryimage\"},\"thumbnailUrl\":\"https:\\\/\\\/idecesos.com\\\/seguros\\\/wp-content\\\/uploads\\\/2021\\\/12\\\/precio-2.jpg-80.jpeg\",\"datePublished\":\"2021-07-12T15:31:57+00:00\",\"dateModified\":\"2022-03-10T10:33:24+00:00\",\"description\":\"Calcular aqu\u00ed\u3010precio seguro de decesos Caja Rural\u3011Tarifas, oferta y descuento de seguro defunci\u00f3n Caja Rural 2026 \u2611\ufe0fiDecesos\u00ae N\u00ba1 en ahorro\",\"breadcrumb\":{\"@id\":\"https:\\\/\\\/idecesos.com\\\/seguros\\\/companias\\\/caja-rural\\\/precio\\\/#breadcrumb\"},\"inLanguage\":\"es\",\"potentialAction\":[{\"@type\":\"ReadAction\",\"target\":[\"https:\\\/\\\/idecesos.com\\\/seguros\\\/companias\\\/caja-rural\\\/precio\\\/\"]}]},{\"@type\":\"ImageObject\",\"inLanguage\":\"es\",\"@id\":\"https:\\\/\\\/idecesos.com\\\/seguros\\\/companias\\\/caja-rural\\\/precio\\\/#primaryimage\",\"url\":\"https:\\\/\\\/idecesos.com\\\/seguros\\\/wp-content\\\/uploads\\\/2021\\\/12\\\/precio-2.jpg-80.jpeg\",\"contentUrl\":\"https:\\\/\\\/idecesos.com\\\/seguros\\\/wp-content\\\/uploads\\\/2021\\\/12\\\/precio-2.jpg-80.jpeg\",\"width\":1500,\"height\":559,\"caption\":\"Precio Caja Rural\"},{\"@type\":\"BreadcrumbList\",\"@id\":\"https:\\\/\\\/idecesos.com\\\/seguros\\\/companias\\\/caja-rural\\\/precio\\\/#breadcrumb\",\"itemListElement\":[{\"@type\":\"ListItem\",\"position\":1,\"name\":\"Portada\",\"item\":\"https:\\\/\\\/idecesos.com\\\/seguros\\\/\"},{\"@type\":\"ListItem\",\"position\":2,\"name\":\"Compa\u00f1\u00edas de Seguros de Decesos en Espa\u00f1a\",\"item\":\"https:\\\/\\\/idecesos.com\\\/seguros\\\/companias\\\/\"},{\"@type\":\"ListItem\",\"position\":3,\"name\":\"Seguro de decesos Caja Rural\",\"item\":\"https:\\\/\\\/idecesos.com\\\/seguros\\\/companias\\\/caja-rural\\\/\"},{\"@type\":\"ListItem\",\"position\":4,\"name\":\"\u00bfCu\u00e1nto cuesta el seguro de decesos Caja Rural?\"}]},{\"@type\":\"WebSite\",\"@id\":\"https:\\\/\\\/idecesos.com\\\/seguros\\\/#website\",\"url\":\"https:\\\/\\\/idecesos.com\\\/seguros\\\/\",\"name\":\"\",\"description\":\"\",\"potentialAction\":[{\"@type\":\"SearchAction\",\"target\":{\"@type\":\"EntryPoint\",\"urlTemplate\":\"https:\\\/\\\/idecesos.com\\\/seguros\\\/?s={search_term_string}\"},\"query-input\":{\"@type\":\"PropertyValueSpecification\",\"valueRequired\":true,\"valueName\":\"search_term_string\"}}],\"inLanguage\":\"es\"}]}<\/script>\n<!-- \/ Yoast SEO plugin. -->","yoast_head_json":{"title":"Precio Seguro Decesos Caja Rural \u25b7DTO 25% I Oferta 2026","description":"Calcular aqu\u00ed\u3010precio seguro de decesos Caja Rural\u3011Tarifas, oferta y descuento de seguro defunci\u00f3n Caja Rural 2026 \u2611\ufe0fiDecesos\u00ae N\u00ba1 en ahorro","robots":{"index":"index","follow":"follow","max-snippet":"max-snippet:-1","max-image-preview":"max-image-preview:large","max-video-preview":"max-video-preview:-1"},"canonical":"https:\/\/idecesos.com\/seguros\/companias\/caja-rural\/precio\/","og_locale":"es_ES","og_type":"article","og_title":"Precio Seguro Decesos Caja Rural \u25b7DTO 25% I Oferta 2026","og_description":"Calcular aqu\u00ed\u3010precio seguro de decesos Caja Rural\u3011Tarifas, oferta y descuento de seguro defunci\u00f3n Caja Rural 2026 \u2611\ufe0fiDecesos\u00ae N\u00ba1 en ahorro","og_url":"https:\/\/idecesos.com\/seguros\/companias\/caja-rural\/precio\/","article_modified_time":"2022-03-10T10:33:24+00:00","og_image":[{"width":1500,"height":559,"url":"https:\/\/idecesos.com\/seguros\/wp-content\/uploads\/2021\/12\/precio-2.jpg-80.jpeg","type":"image\/jpeg"}],"twitter_card":"summary_large_image","twitter_misc":{"Tiempo de lectura":"75 minutos"},"schema":{"@context":"https:\/\/schema.org","@graph":[{"@type":"WebPage","@id":"https:\/\/idecesos.com\/seguros\/companias\/caja-rural\/precio\/","url":"https:\/\/idecesos.com\/seguros\/companias\/caja-rural\/precio\/","name":"Precio Seguro Decesos Caja Rural \u25b7DTO 25% I Oferta 2026","isPartOf":{"@id":"https:\/\/idecesos.com\/seguros\/#website"},"primaryImageOfPage":{"@id":"https:\/\/idecesos.com\/seguros\/companias\/caja-rural\/precio\/#primaryimage"},"image":{"@id":"https:\/\/idecesos.com\/seguros\/companias\/caja-rural\/precio\/#primaryimage"},"thumbnailUrl":"https:\/\/idecesos.com\/seguros\/wp-content\/uploads\/2021\/12\/precio-2.jpg-80.jpeg","datePublished":"2021-07-12T15:31:57+00:00","dateModified":"2022-03-10T10:33:24+00:00","description":"Calcular aqu\u00ed\u3010precio seguro de decesos Caja Rural\u3011Tarifas, oferta y descuento de seguro defunci\u00f3n Caja Rural 2026 \u2611\ufe0fiDecesos\u00ae N\u00ba1 en ahorro","breadcrumb":{"@id":"https:\/\/idecesos.com\/seguros\/companias\/caja-rural\/precio\/#breadcrumb"},"inLanguage":"es","potentialAction":[{"@type":"ReadAction","target":["https:\/\/idecesos.com\/seguros\/companias\/caja-rural\/precio\/"]}]},{"@type":"ImageObject","inLanguage":"es","@id":"https:\/\/idecesos.com\/seguros\/companias\/caja-rural\/precio\/#primaryimage","url":"https:\/\/idecesos.com\/seguros\/wp-content\/uploads\/2021\/12\/precio-2.jpg-80.jpeg","contentUrl":"https:\/\/idecesos.com\/seguros\/wp-content\/uploads\/2021\/12\/precio-2.jpg-80.jpeg","width":1500,"height":559,"caption":"Precio Caja Rural"},{"@type":"BreadcrumbList","@id":"https:\/\/idecesos.com\/seguros\/companias\/caja-rural\/precio\/#breadcrumb","itemListElement":[{"@type":"ListItem","position":1,"name":"Portada","item":"https:\/\/idecesos.com\/seguros\/"},{"@type":"ListItem","position":2,"name":"Compa\u00f1\u00edas de Seguros de Decesos en Espa\u00f1a","item":"https:\/\/idecesos.com\/seguros\/companias\/"},{"@type":"ListItem","position":3,"name":"Seguro de decesos Caja Rural","item":"https:\/\/idecesos.com\/seguros\/companias\/caja-rural\/"},{"@type":"ListItem","position":4,"name":"\u00bfCu\u00e1nto cuesta el seguro de decesos Caja Rural?"}]},{"@type":"WebSite","@id":"https:\/\/idecesos.com\/seguros\/#website","url":"https:\/\/idecesos.com\/seguros\/","name":"","description":"","potentialAction":[{"@type":"SearchAction","target":{"@type":"EntryPoint","urlTemplate":"https:\/\/idecesos.com\/seguros\/?s={search_term_string}"},"query-input":{"@type":"PropertyValueSpecification","valueRequired":true,"valueName":"search_term_string"}}],"inLanguage":"es"}]}},"_links":{"self":[{"href":"https:\/\/idecesos.com\/seguros\/wp-json\/wp\/v2\/pages\/603","targetHints":{"allow":["GET"]}}],"collection":[{"href":"https:\/\/idecesos.com\/seguros\/wp-json\/wp\/v2\/pages"}],"about":[{"href":"https:\/\/idecesos.com\/seguros\/wp-json\/wp\/v2\/types\/page"}],"author":[{"embeddable":true,"href":"https:\/\/idecesos.com\/seguros\/wp-json\/wp\/v2\/users\/1"}],"replies":[{"embeddable":true,"href":"https:\/\/idecesos.com\/seguros\/wp-json\/wp\/v2\/comments?post=603"}],"version-history":[{"count":6,"href":"https:\/\/idecesos.com\/seguros\/wp-json\/wp\/v2\/pages\/603\/revisions"}],"predecessor-version":[{"id":20070,"href":"https:\/\/idecesos.com\/seguros\/wp-json\/wp\/v2\/pages\/603\/revisions\/20070"}],"up":[{"embeddable":true,"href":"https:\/\/idecesos.com\/seguros\/wp-json\/wp\/v2\/pages\/597"}],"wp:featuredmedia":[{"embeddable":true,"href":"https:\/\/idecesos.com\/seguros\/wp-json\/wp\/v2\/media\/17477"}],"wp:attachment":[{"href":"https:\/\/idecesos.com\/seguros\/wp-json\/wp\/v2\/media?parent=603"}],"curies":[{"name":"wp","href":"https:\/\/api.w.org\/{rel}","templated":true}]}}