{"id":6042,"date":"2021-09-07T20:54:45","date_gmt":"2021-09-07T20:50:36","guid":{"rendered":"https:\/\/idecesos.com\/seguros\/companias\/fiatc\/alicante\/"},"modified":"2021-09-07T20:54:45","modified_gmt":"2021-09-07T20:54:45","slug":"alicante","status":"publish","type":"page","link":"https:\/\/idecesos.com\/seguros\/companias\/fiatc\/alicante\/","title":{"rendered":"Oficinas seguros de decesos Fiatc en Alicante"},"content":{"rendered":"<div id=\"ez-toc-container\" class=\"ez-toc-v2_0_82_2 ez-toc-wrap-center counter-hierarchy ez-toc-counter ez-toc-custom ez-toc-container-direction\">\n<div class=\"ez-toc-title-container\">\n<p class=\"ez-toc-title\" style=\"cursor:inherit\">Tabla de Contenido<\/p>\n<span class=\"ez-toc-title-toggle\"><a href=\"#\" class=\"ez-toc-pull-right ez-toc-btn ez-toc-btn-xs ez-toc-btn-default ez-toc-toggle\" aria-label=\"Alternar tabla de contenidos\"><span class=\"ez-toc-js-icon-con\"><span class=\"\"><span class=\"eztoc-hide\" style=\"display:none;\">Toggle<\/span><span class=\"ez-toc-icon-toggle-span\"><svg style=\"fill: #db6415;color:#db6415\" xmlns=\"http:\/\/www.w3.org\/2000\/svg\" class=\"list-377408\" width=\"20px\" height=\"20px\" viewBox=\"0 0 24 24\" fill=\"none\"><path d=\"M6 6H4v2h2V6zm14 0H8v2h12V6zM4 11h2v2H4v-2zm16 0H8v2h12v-2zM4 16h2v2H4v-2zm16 0H8v2h12v-2z\" fill=\"currentColor\"><\/path><\/svg><svg style=\"fill: #db6415;color:#db6415\" class=\"arrow-unsorted-368013\" xmlns=\"http:\/\/www.w3.org\/2000\/svg\" width=\"10px\" height=\"10px\" viewBox=\"0 0 24 24\" version=\"1.2\" baseProfile=\"tiny\"><path d=\"M18.2 9.3l-6.2-6.3-6.2 6.3c-.2.2-.3.4-.3.7s.1.5.3.7c.2.2.4.3.7.3h11c.3 0 .5-.1.7-.3.2-.2.3-.5.3-.7s-.1-.5-.3-.7zM5.8 14.7l6.2 6.3 6.2-6.3c.2-.2.3-.5.3-.7s-.1-.5-.3-.7c-.2-.2-.4-.3-.7-.3h-11c-.3 0-.5.1-.7.3-.2.2-.3.5-.3.7s.1.5.3.7z\"\/><\/svg><\/span><\/span><\/span><\/a><\/span><\/div>\n<nav><ul class='ez-toc-list ez-toc-list-level-1 ' ><li class='ez-toc-page-1 ez-toc-heading-level-2'><a class=\"ez-toc-link ez-toc-heading-1\" href=\"https:\/\/idecesos.com\/seguros\/companias\/fiatc\/alicante\/#Seguro_de_decesos_Fiatc_en_Alicante\" >Seguro de decesos Fiatc en Alicante<\/a><\/li><li class='ez-toc-page-1 ez-toc-heading-level-2'><a class=\"ez-toc-link ez-toc-heading-2\" href=\"https:\/\/idecesos.com\/seguros\/companias\/fiatc\/alicante\/#Mapa_de_agencias_de_seguros_Fiatc_en_Alicante\" >Mapa de agencias de seguros Fiatc en Alicante<\/a><\/li><li class='ez-toc-page-1 ez-toc-heading-level-2'><a class=\"ez-toc-link ez-toc-heading-3\" href=\"https:\/\/idecesos.com\/seguros\/companias\/fiatc\/alicante\/#Listado_de_sucursales_Fiatc_en_Alicante\" >Listado de sucursales Fiatc en Alicante<\/a><\/li><li class='ez-toc-page-1 ez-toc-heading-level-2'><a class=\"ez-toc-link ez-toc-heading-4\" href=\"https:\/\/idecesos.com\/seguros\/companias\/fiatc\/alicante\/#Oficinas_de_seguros_de_decesos_en_Alicante\" >Oficinas de seguros de decesos en Alicante<\/a><ul class='ez-toc-list-level-3' ><li class='ez-toc-heading-level-3'><a class=\"ez-toc-link ez-toc-heading-5\" href=\"https:\/\/idecesos.com\/seguros\/companias\/fiatc\/alicante\/#Listado_de_agencias_Fiatc_en_Espana\" >Listado de agencias Fiatc en Espa\u00f1a<\/a><\/li><\/ul><\/li><\/ul><\/nav><\/div>\n\n<p><a href=\"https:\/\/idecesos.com\/seguros\/companias\/fiatc\/\"><img decoding=\"async\" class=\"size-medium alignleft\" src=\"https:\/\/idecesos.com\/img\/decesos_fiatc.png\" alt=\"Seguro de decesos Fiatc\" \/><\/a>\u00bfSabes que cuentas con diferentes <strong>oficinas de Fiatc en Alicante<\/strong>? donde te prestaran servicios de calidad, contando en todo instante una atenci\u00f3n adaptada, dentro de los horarios marcados de cada compa\u00f1\u00eda aseguradora. Es de m\u00e1xima importancia saber d\u00f3nde se encuentran ubicados cada oficina de Fiatc a nuestra proximidad Alicante. Te solventaran todos y cada uno de los fallos de una forma m\u00e1s sencilla. <\/p>\n<p>Es complicado algunas veces dar con las sucursales de Fiatc en Alicante que encuentren cerca de ti, y que en el instante administraci\u00f3n cualquier tipo de error, quedando solventado todas las gestiones que puedan llegar suceder. Para realizar de forma correcta el transcurso del contrato de una p\u00f3liza, es donde puedes acudir a su oficina dentro del horario establecido. Ayudando en la grande perdida familiar. <\/p>\n<p>Visita nuestra p\u00e1gina de <a href=\"https:\/\/idecesos.com\/seguros\/companias\/fiatc\/\">seguros de decesos Fiatc<\/a> para m\u00e1s informaci\u00f3n.<br \/>\n<div class=\"colorf \"  ><div class=\"container clearfix\"><div class=\"col-md-7\"><\/p>\n<h2><span class=\"ez-toc-section\" id=\"Seguro_de_decesos_Fiatc_en_Alicante\"><\/span>Seguro de decesos Fiatc en Alicante<span class=\"ez-toc-section-end\"><\/span><\/h2>\n<p>Somos referente en lo que se refiere a la calidad que recibe cada uno de nuestros clientes del servicio, siendo de excelencia un servicio destacable, contando con los diferentes <a href=\"https:\/\/idecesos.com\/seguros\/ciudades\/alicante\/\"><strong>seguro decesos Alicante<\/strong><\/a>. Te damos la alegr\u00eda que con solo acceder conseguir\u00e1s un presupuesto veloz y de f\u00e1cil lectura, ahorr\u00e1ndote tiempo y comederos de cabeza. pide ahora <strong>tu presupuesto de Fiatc en Alicante,<\/strong> obtendr\u00e1s todos y cada uno de los datos que necesites. Sabemos que lograr comprender un presupuesto es todo un reto. <\/p>\n<p>Para esto, a continuaci\u00f3n te facilitamos un formulario a fin de que puedas recibir toda la informaci\u00f3n precisa y oportuna, como pedir cita presencial para poder asistir a sus oficinas m\u00e1s <strong>cercanas de Fiatc en Alicante<\/strong>. Libre de percibir publicidad o que no sea relacionado con lo que se haya solicitado. Merced al formulario que hemos querido facilitarle conseguir\u00e1 de manera f\u00e1cil su cita presencial, as\u00ed como la informaci\u00f3n filtrada de la que vaya a precisar. Donde sus datos van a quedar protegido en todo instante. <\/p>\n<p><\/div><\/div><\/div>\n\t\t<hr class=\"separador\">\n\t\t<div class=\"bloque-accion\">\n\t\t<p class=\"txt-accion\">Calcula el precio de tu seguro de decesos en menos de 1 minuto<\/p>\n\t\t<a class=\"btn-accion\" href=\"https:\/\/idecesos.com\/\">CALCULAR<\/a>\n\t\t<\/div>\n\t\t<hr class=\"separador\">\n\t\t<\/p>\n<h2><span class=\"ez-toc-section\" id=\"Mapa_de_agencias_de_seguros_Fiatc_en_Alicante\"><\/span>Mapa de agencias de seguros Fiatc en Alicante<span class=\"ez-toc-section-end\"><\/span><\/h2>\n<p>Halla de forma r\u00e1pida y simple las oficinas de Fiatc en Alicante teniendo en cuenta la ayuda de mapas por Fiatc en Alicante gestion\u00e1ndolo de manera pr\u00f3xima. Invertir nuestro tiempo a d\u00eda de hoy es un lujo, por esta raz\u00f3n te facilitamos la b\u00fasqueda quedando tiempo para el resto de cosas. Gracias a nosotros, tu tiempo quedara invertido y gestionado de una forma muy eficaz. Sin precisar buscar m\u00e1s, el localizador resuelve y gestiona eficazmente la busca. <\/p>\n<p><iframe class=\"page-generator-pro-map\" width=\"100%\" height=\"400\" frameborder=\"0\" style=\"border:0\" src=\"https:\/\/www.google.com\/maps\/embed\/v1\/place?q=Isabel+La+Cat%C3%B3lica%2C+17%2C+03007+Alacant%2C+Alicante%2C+Espa%C3%B1a&#038;zoom=14&#038;maptype=roadmap&#038;key=AIzaSyCNTEOso0tZG6YMSJFoaJEY5Th1stEWrJI\" allowfullscreen><\/iframe><\/p>\n<p>&nbsp;<br \/>\n<div class=\"colorf\"><div class=\"container clearfix\"><div class=\"col-md-7\"><div class=\"empresas\"><\/p>\n<h2><span class=\"ez-toc-section\" id=\"Listado_de_sucursales_Fiatc_en_Alicante\"><\/span>Listado de sucursales Fiatc en Alicante<span class=\"ez-toc-section-end\"><\/span><\/h2>\n<ul>\n<li><strong>Seguros Fiatc Alicante (Alacant), Espa\u00f1a:<\/strong> Isabel La Cat\u00f3lica, 17, 03007 Alacant, Alicante, Espa\u00f1a<\/li>\n<\/ul>\n<\/div><\/div><\/div><\/div>\n<h2><span class=\"ez-toc-section\" id=\"Oficinas_de_seguros_de_decesos_en_Alicante\"><\/span>Oficinas de seguros de decesos en Alicante<span class=\"ez-toc-section-end\"><\/span><\/h2>\n<p>Te traemos la soluci\u00f3n para aquellos que necesitan conocer <strong>seguros de defunci\u00f3n en Alicante<\/strong>, ahorr\u00e1ndote pasos de registros, te damos el listado a fin de que lo tengas a tu completa disposici\u00f3n pudiendo acceder en cualquier instante, quedara siempre y en todo momento actualizado. Quedar\u00e1 resuelto cualquier clase de cuesti\u00f3n que tengas al respecto, merced a la informaci\u00f3n apartada. <\/p>\n<!-- Shortcode [fiatc] does not exist -->\n<div class=\"colorf\"><div class=\"container clearfix\"><div class=\"col-md-7\"><div class=\"empresas\">\n<h3><span class=\"ez-toc-section\" id=\"Listado_de_agencias_Fiatc_en_Espana\"><\/span>Listado de agencias Fiatc en Espa\u00f1a<span class=\"ez-toc-section-end\"><\/span><\/h3>\n<div class=\"enlazado\"><ul><li><a href=\"https:\/\/idecesos.com\/seguros\/companias\/fiatc\/telefono\/\"><span>Atenci\u00f3n al cliente Fiatc: telefono gratuito, e-mail<\/span><\/a><\/li><li><a href=\"https:\/\/idecesos.com\/seguros\/companias\/fiatc\/almeria\/\"><span>Oficinas seguros de decesos Fiatc en Almer\u00eda<\/span><\/a><\/li><li><a href=\"https:\/\/idecesos.com\/seguros\/companias\/fiatc\/barcelona\/\"><span>Oficinas seguros de decesos Fiatc en Barcelona<\/span><\/a><\/li><li><a href=\"https:\/\/idecesos.com\/seguros\/companias\/fiatc\/castellon\/\"><span>Oficinas seguros de decesos Fiatc en Castell\u00f3n<\/span><\/a><\/li><li><a href=\"https:\/\/idecesos.com\/seguros\/companias\/fiatc\/ciudad-real\/\"><span>Oficinas seguros de decesos Fiatc en Ciudad Real<\/span><\/a><\/li><li><a href=\"https:\/\/idecesos.com\/seguros\/companias\/fiatc\/cadiz\/\"><span>Oficinas seguros de decesos Fiatc en C\u00e1diz<\/span><\/a><\/li><li><a href=\"https:\/\/idecesos.com\/seguros\/companias\/fiatc\/granada\/\"><span>Oficinas seguros de decesos Fiatc en Granada<\/span><\/a><\/li><li><a href=\"https:\/\/idecesos.com\/seguros\/companias\/fiatc\/las-palmas\/\"><span>Oficinas seguros de decesos Fiatc en Las palmas<\/span><\/a><\/li><li><a href=\"https:\/\/idecesos.com\/seguros\/companias\/fiatc\/lugo\/\"><span>Oficinas seguros de decesos Fiatc en Lugo<\/span><\/a><\/li><li><a href=\"https:\/\/idecesos.com\/seguros\/companias\/fiatc\/lerida\/\"><span>Oficinas seguros de decesos Fiatc en L\u00e9rida<\/span><\/a><\/li><li><a href=\"https:\/\/idecesos.com\/seguros\/companias\/fiatc\/alava\/\"><span>Oficinas seguros de decesos Fiatc en \u00c1lava<\/span><\/a><\/li><li><a href=\"https:\/\/idecesos.com\/seguros\/companias\/fiatc\/opiniones\/\"><span>Opiniones Seguro de Decesos FIATC<\/span><\/a><\/li><li><a href=\"https:\/\/idecesos.com\/seguros\/companias\/fiatc\/prima-mixta\/\"><span>Seguro de decesos Fiatc Prima Mixta<\/span><\/a><\/li><li><a href=\"https:\/\/idecesos.com\/seguros\/companias\/fiatc\/prima-natural\/\"><span>Seguro de decesos Fiatc Prima Natural<\/span><\/a><\/li><li><a href=\"https:\/\/idecesos.com\/seguros\/companias\/fiatc\/repatriacion\/\"><span>Seguro de decesos Fiatc con repatriaci\u00f3n<\/span><\/a><\/li><li><a href=\"https:\/\/idecesos.com\/seguros\/companias\/fiatc\/dar-de-baja\/\"><span>\u00bfC\u00f3mo dar de baja seguro Fiatc?<\/span><\/a><\/li><\/ul><\/div>\n<\/div><\/div><\/div><\/div>\n","protected":false},"excerpt":{"rendered":"<p>\u00bfSabes que cuentas con diferentes oficinas de Fiatc en Alicante? donde te prestaran servicios de calidad, contando en todo instante una atenci\u00f3n adaptada, dentro de los horarios marcados de cada compa\u00f1\u00eda aseguradora. Es de m\u00e1xima importancia saber d\u00f3nde se encuentran ubicados cada oficina de Fiatc a nuestra proximidad Alicante. Te solventaran todos y cada uno&hellip; <\/p>\n","protected":false},"author":0,"featured_media":0,"parent":621,"menu_order":0,"comment_status":"closed","ping_status":"closed","template":"page-templates\/companies.php","meta":{"footnotes":""},"class_list":["post-6042","page","type-page","status-publish","hentry"],"yoast_head":"<!-- This site is optimized with the Yoast SEO plugin v27.3 - https:\/\/yoast.com\/product\/yoast-seo-wordpress\/ -->\n<title>Oficinas Fiatc en Alicante | Tel\u00e9fonos, Horarios, Direcci\u00f3n<\/title>\n<meta name=\"description\" content=\"Lista completa de Oficinas Fiatc en Alicante Horarios, \u2706 tel\u00e9fonos y direcciones actualizados en 2026 \u2714 Verificado por iDecesos.\" \/>\n<meta name=\"robots\" content=\"index, follow, max-snippet:-1, max-image-preview:large, max-video-preview:-1\" \/>\n<link rel=\"canonical\" href=\"https:\/\/idecesos.com\/seguros\/companias\/fiatc\/alicante\/\" \/>\n<meta property=\"og:locale\" content=\"es_ES\" \/>\n<meta property=\"og:type\" content=\"article\" \/>\n<meta property=\"og:title\" content=\"Oficinas Fiatc en Alicante | Tel\u00e9fonos, Horarios, Direcci\u00f3n\" \/>\n<meta property=\"og:description\" content=\"Lista completa de Oficinas Fiatc en Alicante Horarios, \u2706 tel\u00e9fonos y direcciones actualizados en 2026 \u2714 Verificado por iDecesos.\" \/>\n<meta property=\"og:url\" content=\"https:\/\/idecesos.com\/seguros\/companias\/fiatc\/alicante\/\" \/>\n<meta property=\"article:modified_time\" content=\"2021-09-07T20:54:45+00:00\" \/>\n<meta property=\"og:image\" content=\"https:\/\/idecesos.com\/img\/decesos_fiatc.png\" \/>\n<meta name=\"twitter:card\" content=\"summary_large_image\" \/>\n<meta name=\"twitter:label1\" content=\"Tiempo de lectura\" \/>\n\t<meta name=\"twitter:data1\" content=\"39 minutos\" \/>\n<script type=\"application\/ld+json\" class=\"yoast-schema-graph\">{\"@context\":\"https:\\\/\\\/schema.org\",\"@graph\":[{\"@type\":\"WebPage\",\"@id\":\"https:\\\/\\\/idecesos.com\\\/seguros\\\/companias\\\/fiatc\\\/alicante\\\/\",\"url\":\"https:\\\/\\\/idecesos.com\\\/seguros\\\/companias\\\/fiatc\\\/alicante\\\/\",\"name\":\"Oficinas Fiatc en Alicante | Tel\u00e9fonos, Horarios, Direcci\u00f3n\",\"isPartOf\":{\"@id\":\"https:\\\/\\\/idecesos.com\\\/seguros\\\/#website\"},\"primaryImageOfPage\":{\"@id\":\"https:\\\/\\\/idecesos.com\\\/seguros\\\/companias\\\/fiatc\\\/alicante\\\/#primaryimage\"},\"image\":{\"@id\":\"https:\\\/\\\/idecesos.com\\\/seguros\\\/companias\\\/fiatc\\\/alicante\\\/#primaryimage\"},\"thumbnailUrl\":\"https:\\\/\\\/idecesos.com\\\/img\\\/decesos_fiatc.png\",\"datePublished\":\"2021-09-07T20:50:36+00:00\",\"dateModified\":\"2021-09-07T20:54:45+00:00\",\"description\":\"Lista completa de Oficinas Fiatc en Alicante Horarios, \u2706 tel\u00e9fonos y direcciones actualizados en 2026 \u2714 Verificado por iDecesos.\",\"breadcrumb\":{\"@id\":\"https:\\\/\\\/idecesos.com\\\/seguros\\\/companias\\\/fiatc\\\/alicante\\\/#breadcrumb\"},\"inLanguage\":\"es\",\"potentialAction\":[{\"@type\":\"ReadAction\",\"target\":[\"https:\\\/\\\/idecesos.com\\\/seguros\\\/companias\\\/fiatc\\\/alicante\\\/\"]}]},{\"@type\":\"ImageObject\",\"inLanguage\":\"es\",\"@id\":\"https:\\\/\\\/idecesos.com\\\/seguros\\\/companias\\\/fiatc\\\/alicante\\\/#primaryimage\",\"url\":\"https:\\\/\\\/idecesos.com\\\/img\\\/decesos_fiatc.png\",\"contentUrl\":\"https:\\\/\\\/idecesos.com\\\/img\\\/decesos_fiatc.png\"},{\"@type\":\"BreadcrumbList\",\"@id\":\"https:\\\/\\\/idecesos.com\\\/seguros\\\/companias\\\/fiatc\\\/alicante\\\/#breadcrumb\",\"itemListElement\":[{\"@type\":\"ListItem\",\"position\":1,\"name\":\"Portada\",\"item\":\"https:\\\/\\\/idecesos.com\\\/seguros\\\/\"},{\"@type\":\"ListItem\",\"position\":2,\"name\":\"Compa\u00f1\u00edas de Seguros de Decesos en Espa\u00f1a\",\"item\":\"https:\\\/\\\/idecesos.com\\\/seguros\\\/companias\\\/\"},{\"@type\":\"ListItem\",\"position\":3,\"name\":\"Seguro de Decesos FIATC\",\"item\":\"https:\\\/\\\/idecesos.com\\\/seguros\\\/companias\\\/fiatc\\\/\"},{\"@type\":\"ListItem\",\"position\":4,\"name\":\"Oficinas seguros de decesos Fiatc en Alicante\"}]},{\"@type\":\"WebSite\",\"@id\":\"https:\\\/\\\/idecesos.com\\\/seguros\\\/#website\",\"url\":\"https:\\\/\\\/idecesos.com\\\/seguros\\\/\",\"name\":\"\",\"description\":\"\",\"potentialAction\":[{\"@type\":\"SearchAction\",\"target\":{\"@type\":\"EntryPoint\",\"urlTemplate\":\"https:\\\/\\\/idecesos.com\\\/seguros\\\/?s={search_term_string}\"},\"query-input\":{\"@type\":\"PropertyValueSpecification\",\"valueRequired\":true,\"valueName\":\"search_term_string\"}}],\"inLanguage\":\"es\"}]}<\/script>\n<!-- \/ Yoast SEO plugin. -->","yoast_head_json":{"title":"Oficinas Fiatc en Alicante | Tel\u00e9fonos, Horarios, Direcci\u00f3n","description":"Lista completa de Oficinas Fiatc en Alicante Horarios, \u2706 tel\u00e9fonos y direcciones actualizados en 2026 \u2714 Verificado por iDecesos.","robots":{"index":"index","follow":"follow","max-snippet":"max-snippet:-1","max-image-preview":"max-image-preview:large","max-video-preview":"max-video-preview:-1"},"canonical":"https:\/\/idecesos.com\/seguros\/companias\/fiatc\/alicante\/","og_locale":"es_ES","og_type":"article","og_title":"Oficinas Fiatc en Alicante | Tel\u00e9fonos, Horarios, Direcci\u00f3n","og_description":"Lista completa de Oficinas Fiatc en Alicante Horarios, \u2706 tel\u00e9fonos y direcciones actualizados en 2026 \u2714 Verificado por iDecesos.","og_url":"https:\/\/idecesos.com\/seguros\/companias\/fiatc\/alicante\/","article_modified_time":"2021-09-07T20:54:45+00:00","og_image":[{"url":"https:\/\/idecesos.com\/img\/decesos_fiatc.png","type":"","width":"","height":""}],"twitter_card":"summary_large_image","twitter_misc":{"Tiempo de lectura":"39 minutos"},"schema":{"@context":"https:\/\/schema.org","@graph":[{"@type":"WebPage","@id":"https:\/\/idecesos.com\/seguros\/companias\/fiatc\/alicante\/","url":"https:\/\/idecesos.com\/seguros\/companias\/fiatc\/alicante\/","name":"Oficinas Fiatc en Alicante | Tel\u00e9fonos, Horarios, Direcci\u00f3n","isPartOf":{"@id":"https:\/\/idecesos.com\/seguros\/#website"},"primaryImageOfPage":{"@id":"https:\/\/idecesos.com\/seguros\/companias\/fiatc\/alicante\/#primaryimage"},"image":{"@id":"https:\/\/idecesos.com\/seguros\/companias\/fiatc\/alicante\/#primaryimage"},"thumbnailUrl":"https:\/\/idecesos.com\/img\/decesos_fiatc.png","datePublished":"2021-09-07T20:50:36+00:00","dateModified":"2021-09-07T20:54:45+00:00","description":"Lista completa de Oficinas Fiatc en Alicante Horarios, \u2706 tel\u00e9fonos y direcciones actualizados en 2026 \u2714 Verificado por iDecesos.","breadcrumb":{"@id":"https:\/\/idecesos.com\/seguros\/companias\/fiatc\/alicante\/#breadcrumb"},"inLanguage":"es","potentialAction":[{"@type":"ReadAction","target":["https:\/\/idecesos.com\/seguros\/companias\/fiatc\/alicante\/"]}]},{"@type":"ImageObject","inLanguage":"es","@id":"https:\/\/idecesos.com\/seguros\/companias\/fiatc\/alicante\/#primaryimage","url":"https:\/\/idecesos.com\/img\/decesos_fiatc.png","contentUrl":"https:\/\/idecesos.com\/img\/decesos_fiatc.png"},{"@type":"BreadcrumbList","@id":"https:\/\/idecesos.com\/seguros\/companias\/fiatc\/alicante\/#breadcrumb","itemListElement":[{"@type":"ListItem","position":1,"name":"Portada","item":"https:\/\/idecesos.com\/seguros\/"},{"@type":"ListItem","position":2,"name":"Compa\u00f1\u00edas de Seguros de Decesos en Espa\u00f1a","item":"https:\/\/idecesos.com\/seguros\/companias\/"},{"@type":"ListItem","position":3,"name":"Seguro de Decesos FIATC","item":"https:\/\/idecesos.com\/seguros\/companias\/fiatc\/"},{"@type":"ListItem","position":4,"name":"Oficinas seguros de decesos Fiatc en Alicante"}]},{"@type":"WebSite","@id":"https:\/\/idecesos.com\/seguros\/#website","url":"https:\/\/idecesos.com\/seguros\/","name":"","description":"","potentialAction":[{"@type":"SearchAction","target":{"@type":"EntryPoint","urlTemplate":"https:\/\/idecesos.com\/seguros\/?s={search_term_string}"},"query-input":{"@type":"PropertyValueSpecification","valueRequired":true,"valueName":"search_term_string"}}],"inLanguage":"es"}]}},"_links":{"self":[{"href":"https:\/\/idecesos.com\/seguros\/wp-json\/wp\/v2\/pages\/6042","targetHints":{"allow":["GET"]}}],"collection":[{"href":"https:\/\/idecesos.com\/seguros\/wp-json\/wp\/v2\/pages"}],"about":[{"href":"https:\/\/idecesos.com\/seguros\/wp-json\/wp\/v2\/types\/page"}],"replies":[{"embeddable":true,"href":"https:\/\/idecesos.com\/seguros\/wp-json\/wp\/v2\/comments?post=6042"}],"version-history":[{"count":1,"href":"https:\/\/idecesos.com\/seguros\/wp-json\/wp\/v2\/pages\/6042\/revisions"}],"predecessor-version":[{"id":6087,"href":"https:\/\/idecesos.com\/seguros\/wp-json\/wp\/v2\/pages\/6042\/revisions\/6087"}],"up":[{"embeddable":true,"href":"https:\/\/idecesos.com\/seguros\/wp-json\/wp\/v2\/pages\/621"}],"wp:attachment":[{"href":"https:\/\/idecesos.com\/seguros\/wp-json\/wp\/v2\/media?parent=6042"}],"curies":[{"name":"wp","href":"https:\/\/api.w.org\/{rel}","templated":true}]}}