{"id":6046,"date":"2021-09-07T20:54:47","date_gmt":"2021-09-07T20:50:38","guid":{"rendered":"https:\/\/idecesos.com\/seguros\/companias\/fiatc\/badajoz\/"},"modified":"2021-09-07T20:54:47","modified_gmt":"2021-09-07T20:54:47","slug":"badajoz","status":"publish","type":"page","link":"https:\/\/idecesos.com\/seguros\/companias\/fiatc\/badajoz\/","title":{"rendered":"Oficinas seguros de decesos Fiatc en Badajoz"},"content":{"rendered":"<div id=\"ez-toc-container\" class=\"ez-toc-v2_0_82_2 ez-toc-wrap-center counter-hierarchy ez-toc-counter ez-toc-custom ez-toc-container-direction\">\n<div class=\"ez-toc-title-container\">\n<p class=\"ez-toc-title\" style=\"cursor:inherit\">Tabla de Contenido<\/p>\n<span class=\"ez-toc-title-toggle\"><a href=\"#\" class=\"ez-toc-pull-right ez-toc-btn ez-toc-btn-xs ez-toc-btn-default ez-toc-toggle\" aria-label=\"Alternar tabla de contenidos\"><span class=\"ez-toc-js-icon-con\"><span class=\"\"><span class=\"eztoc-hide\" style=\"display:none;\">Toggle<\/span><span class=\"ez-toc-icon-toggle-span\"><svg style=\"fill: #db6415;color:#db6415\" xmlns=\"http:\/\/www.w3.org\/2000\/svg\" class=\"list-377408\" width=\"20px\" height=\"20px\" viewBox=\"0 0 24 24\" fill=\"none\"><path d=\"M6 6H4v2h2V6zm14 0H8v2h12V6zM4 11h2v2H4v-2zm16 0H8v2h12v-2zM4 16h2v2H4v-2zm16 0H8v2h12v-2z\" fill=\"currentColor\"><\/path><\/svg><svg style=\"fill: #db6415;color:#db6415\" class=\"arrow-unsorted-368013\" xmlns=\"http:\/\/www.w3.org\/2000\/svg\" width=\"10px\" height=\"10px\" viewBox=\"0 0 24 24\" version=\"1.2\" baseProfile=\"tiny\"><path d=\"M18.2 9.3l-6.2-6.3-6.2 6.3c-.2.2-.3.4-.3.7s.1.5.3.7c.2.2.4.3.7.3h11c.3 0 .5-.1.7-.3.2-.2.3-.5.3-.7s-.1-.5-.3-.7zM5.8 14.7l6.2 6.3 6.2-6.3c.2-.2.3-.5.3-.7s-.1-.5-.3-.7c-.2-.2-.4-.3-.7-.3h-11c-.3 0-.5.1-.7.3-.2.2-.3.5-.3.7s.1.5.3.7z\"\/><\/svg><\/span><\/span><\/span><\/a><\/span><\/div>\n<nav><ul class='ez-toc-list ez-toc-list-level-1 ' ><li class='ez-toc-page-1 ez-toc-heading-level-2'><a class=\"ez-toc-link ez-toc-heading-1\" href=\"https:\/\/idecesos.com\/seguros\/companias\/fiatc\/badajoz\/#Seguro_de_decesos_Fiatc_en_Badajoz\" >Seguro de decesos Fiatc en Badajoz<\/a><\/li><li class='ez-toc-page-1 ez-toc-heading-level-2'><a class=\"ez-toc-link ez-toc-heading-2\" href=\"https:\/\/idecesos.com\/seguros\/companias\/fiatc\/badajoz\/#Mapa_de_oficinas_de_seguros_Fiatc_en_Badajoz\" >Mapa de oficinas de seguros Fiatc en Badajoz<\/a><\/li><li class='ez-toc-page-1 ez-toc-heading-level-2'><a class=\"ez-toc-link ez-toc-heading-3\" href=\"https:\/\/idecesos.com\/seguros\/companias\/fiatc\/badajoz\/#Listado_de_oficinas_Fiatc_en_Badajoz\" >Listado de oficinas Fiatc en Badajoz<\/a><\/li><li class='ez-toc-page-1 ez-toc-heading-level-2'><a class=\"ez-toc-link ez-toc-heading-4\" href=\"https:\/\/idecesos.com\/seguros\/companias\/fiatc\/badajoz\/#Sucursales_de_seguros_de_decesos_en_Badajoz\" >Sucursales de seguros de decesos en Badajoz<\/a><ul class='ez-toc-list-level-3' ><li class='ez-toc-heading-level-3'><a class=\"ez-toc-link ez-toc-heading-5\" href=\"https:\/\/idecesos.com\/seguros\/companias\/fiatc\/badajoz\/#Listado_de_sucursales_Fiatc_en_Espana\" >Listado de sucursales Fiatc en Espa\u00f1a<\/a><\/li><\/ul><\/li><\/ul><\/nav><\/div>\n\n<p><a href=\"https:\/\/idecesos.com\/seguros\/companias\/fiatc\/\"><img decoding=\"async\" class=\"size-medium alignleft\" src=\"https:\/\/idecesos.com\/img\/decesos_fiatc.png\" alt=\"Seguro de decesos Fiatc\" \/><\/a>\u00bfSabes que cuentas con distintas sucursales de Fiatc en Badajoz? pues te contamos que dispones de diferentes, donde gestionaran tus problemas o dudas que tengas sobre tu p\u00f3liza. Cada sucursal tiene un horario diferente. Siempre que depender\u00e1 de la oficina de seguro, es importante poder contar con un servicio m\u00e1s personal y que se halle cerca, a fin de que puedan respaldar tus problemas en cualquier momento. <\/p>\n<p>\u00bfEs necesario conocer su <strong>localizaci\u00f3n de Fiatc<\/strong>? es tan esencial como la calidad de servicio que nos prestan al acudir presencialmente. Con una atenci\u00f3n muy personalizada.<br \/>\nSiendo de estas las que dan ese servicio especial bajo cualquier circunstancia. Siempre con el respaldo de una persona con experiencia, asimismo dispones de poder pedir presupuesto de una manera inmediata. <\/p>\n<p>Visita nuestra p\u00e1gina de <a href=\"https:\/\/idecesos.com\/seguros\/companias\/fiatc\/\">seguros de decesos Fiatc<\/a> para m\u00e1s informaci\u00f3n.<br \/>\n<div class=\"colorf \"  ><div class=\"container clearfix\"><div class=\"col-md-7\"><\/p>\n<h2><span class=\"ez-toc-section\" id=\"Seguro_de_decesos_Fiatc_en_Badajoz\"><\/span>Seguro de decesos Fiatc en Badajoz<span class=\"ez-toc-section-end\"><\/span><\/h2>\n<p>Garantizamos el mejor servicio, contando con los diferentes <a href=\"https:\/\/idecesos.com\/seguros\/ciudades\/badajoz\/\"><strong>seguro decesos Badajoz<\/strong><\/a>. Hay personas que les resulta complicado poder entender un presupuesto y m\u00e1s cuando no se deja comprender, nosotros te damos la soluci\u00f3n a ello, con solo acceder lo vas a tener de forma instant\u00e1nea y con la informaci\u00f3n clar\u00edsima de Fiatc en Badajoz. Sin darte cuenta has ahorrado todo ese tiempo para emplearlo en m\u00e1s cosas. <\/p>\n<p>Nuestro servicio de diferentes sucursales de Fiatc en Badajoz permitir\u00e1 a nuestros clientes del servicio primordiales conseguir un presupuesto al momento. Asegur\u00e1ndote que es todo cuanto estas buscando y con las caracter\u00edsticas esenciales. \u00a0No vas a necesitar ver un tutorial para rellenar el formulario, es m\u00e1s sencillo, que ir de compras. Consiguiendo de este modo la informaci\u00f3n correspondiente. M\u00e1s solvente que proseguir buscando. <\/p>\n<p><\/div><\/div><\/div>\n\t\t<hr class=\"separador\">\n\t\t<div class=\"bloque-accion\">\n\t\t<p class=\"txt-accion\">Calcula el precio de tu seguro de decesos en menos de 1 minuto<\/p>\n\t\t<a class=\"btn-accion\" href=\"https:\/\/idecesos.com\/\">CALCULAR<\/a>\n\t\t<\/div>\n\t\t<hr class=\"separador\">\n\t\t<\/p>\n<h2><span class=\"ez-toc-section\" id=\"Mapa_de_oficinas_de_seguros_Fiatc_en_Badajoz\"><\/span>Mapa de oficinas de seguros Fiatc en Badajoz<span class=\"ez-toc-section-end\"><\/span><\/h2>\n<p>Encuentra de manera r\u00e1pida y simple las oficinas de Fiatc en Badajoz teniendo en cuenta la ayuda de mapas por Fiatc en Badajoz gestion\u00e1ndolo de manera pr\u00f3xima. Con el fin de que en el proceso dure lo menos posible, ahorr\u00e1ndote tiempo y asegur\u00e1ndote que tu tiempo quede invertido. Podr\u00e1s regentar las horas de una manera m\u00e1s productiva. Merced al localizar te ahorra inconvenientes a la hora de la b\u00fasqueda. <\/p>\n<p><iframe class=\"page-generator-pro-map\" width=\"100%\" height=\"400\" frameborder=\"0\" style=\"border:0\" src=\"https:\/\/www.google.com\/maps\/embed\/v1\/place?q=Av.+Villanueva%2C+5%2C+06005+Badajoz%2C+Espa%C3%B1a&#038;zoom=14&#038;maptype=roadmap&#038;key=AIzaSyCNTEOso0tZG6YMSJFoaJEY5Th1stEWrJI\" allowfullscreen><\/iframe><\/p>\n<p>&nbsp;<br \/>\n<div class=\"colorf\"><div class=\"container clearfix\"><div class=\"col-md-7\"><div class=\"empresas\"><\/p>\n<h2><span class=\"ez-toc-section\" id=\"Listado_de_oficinas_Fiatc_en_Badajoz\"><\/span>Listado de oficinas Fiatc en Badajoz<span class=\"ez-toc-section-end\"><\/span><\/h2>\n<ul>\n<li><strong>FIATC Badajoz Badajoz, Espa\u00f1a:<\/strong> Av. Villanueva, 5, 06005 Badajoz, Espa\u00f1a<\/li>\n<\/ul>\n<\/div><\/div><\/div><\/div>\n<h2><span class=\"ez-toc-section\" id=\"Sucursales_de_seguros_de_decesos_en_Badajoz\"><\/span>Sucursales de seguros de decesos en Badajoz<span class=\"ez-toc-section-end\"><\/span><\/h2>\n<p>Con tan solo un paso te mostramos el listado de compa\u00f1\u00edas de seguros de decesos en Badajoz, encontraras toda la informaci\u00f3n relevante a la que precises. Donde lo tramitaras de forma m\u00e1s eficaz. Sera bastante dif\u00edcil de aceptar lo \u00fatil que es y del cual encima obtendr\u00e1s todos y cada uno de los datos de gran importancia para ti. Evita cuestionarlo demasiado, opta por lo m\u00e1s veloz y eficaz que se adapte a tus necesidades. Resolviendo tu b\u00fasqueda de manera m\u00e1s eficiente y con resultados. Tendr\u00e1s en todo instante el conocimiento de las empresas aseguradoras que se sit\u00faan en tu localizaci\u00f3n. <\/p>\n<!-- Shortcode [fiatc] does not exist -->\n<div class=\"colorf\"><div class=\"container clearfix\"><div class=\"col-md-7\"><div class=\"empresas\">\n<h3><span class=\"ez-toc-section\" id=\"Listado_de_sucursales_Fiatc_en_Espana\"><\/span>Listado de sucursales Fiatc en Espa\u00f1a<span class=\"ez-toc-section-end\"><\/span><\/h3>\n<div class=\"enlazado\"><ul><li><a href=\"https:\/\/idecesos.com\/seguros\/companias\/fiatc\/albacete\/\"><span>Oficinas seguros de decesos Fiatc en Albacete<\/span><\/a><\/li><li><a href=\"https:\/\/idecesos.com\/seguros\/companias\/fiatc\/alicante\/\"><span>Oficinas seguros de decesos Fiatc en Alicante<\/span><\/a><\/li><li><a href=\"https:\/\/idecesos.com\/seguros\/companias\/fiatc\/baleares\/\"><span>Oficinas seguros de decesos Fiatc en Baleares<\/span><\/a><\/li><li><a href=\"https:\/\/idecesos.com\/seguros\/companias\/fiatc\/burgos\/\"><span>Oficinas seguros de decesos Fiatc en Burgos<\/span><\/a><\/li><li><a href=\"https:\/\/idecesos.com\/seguros\/companias\/fiatc\/ciudad-real\/\"><span>Oficinas seguros de decesos Fiatc en Ciudad Real<\/span><\/a><\/li><li><a href=\"https:\/\/idecesos.com\/seguros\/companias\/fiatc\/gerona\/\"><span>Oficinas seguros de decesos Fiatc en Gerona<\/span><\/a><\/li><li><a href=\"https:\/\/idecesos.com\/seguros\/companias\/fiatc\/jaen\/\"><span>Oficinas seguros de decesos Fiatc en Ja\u00e9n<\/span><\/a><\/li><li><a href=\"https:\/\/idecesos.com\/seguros\/companias\/fiatc\/la-coruna\/\"><span>Oficinas seguros de decesos Fiatc en La coru\u00f1a<\/span><\/a><\/li><li><a href=\"https:\/\/idecesos.com\/seguros\/companias\/fiatc\/las-palmas\/\"><span>Oficinas seguros de decesos Fiatc en Las palmas<\/span><\/a><\/li><li><a href=\"https:\/\/idecesos.com\/seguros\/companias\/fiatc\/lugo\/\"><span>Oficinas seguros de decesos Fiatc en Lugo<\/span><\/a><\/li><li><a href=\"https:\/\/idecesos.com\/seguros\/companias\/fiatc\/lerida\/\"><span>Oficinas seguros de decesos Fiatc en L\u00e9rida<\/span><\/a><\/li><li><a href=\"https:\/\/idecesos.com\/seguros\/companias\/fiatc\/salamanca\/\"><span>Oficinas seguros de decesos Fiatc en Salamanca<\/span><\/a><\/li><li><a href=\"https:\/\/idecesos.com\/seguros\/companias\/fiatc\/sevilla\/\"><span>Oficinas seguros de decesos Fiatc en Sevilla<\/span><\/a><\/li><li><a href=\"https:\/\/idecesos.com\/seguros\/companias\/fiatc\/prima-mixta\/\"><span>Seguro de decesos Fiatc Prima Mixta<\/span><\/a><\/li><li><a href=\"https:\/\/idecesos.com\/seguros\/companias\/fiatc\/prima-unica\/\"><span>Seguro de decesos Fiatc Prima \u00danica<\/span><\/a><\/li><li><a href=\"https:\/\/idecesos.com\/seguros\/companias\/fiatc\/repatriacion\/\"><span>Seguro de decesos Fiatc con repatriaci\u00f3n<\/span><\/a><\/li><\/ul><\/div>\n<\/div><\/div><\/div><\/div>\n","protected":false},"excerpt":{"rendered":"<p>\u00bfSabes que cuentas con distintas sucursales de Fiatc en Badajoz? pues te contamos que dispones de diferentes, donde gestionaran tus problemas o dudas que tengas sobre tu p\u00f3liza. Cada sucursal tiene un horario diferente. Siempre que depender\u00e1 de la oficina de seguro, es importante poder contar con un servicio m\u00e1s personal y que se halle&hellip; <\/p>\n","protected":false},"author":0,"featured_media":0,"parent":621,"menu_order":0,"comment_status":"closed","ping_status":"closed","template":"page-templates\/companies.php","meta":{"footnotes":""},"class_list":["post-6046","page","type-page","status-publish","hentry"],"yoast_head":"<!-- This site is optimized with the Yoast SEO plugin v27.5 - https:\/\/yoast.com\/product\/yoast-seo-wordpress\/ -->\n<title>Oficinas Fiatc en Badajoz | Tel\u00e9fonos, Horarios, Direcci\u00f3n<\/title>\n<meta name=\"description\" content=\"Lista completa de Oficinas Fiatc en Badajoz Horarios, \u2706 tel\u00e9fonos y direcciones actualizados en 2026 \u2714 Verificado por iDecesos.\" \/>\n<meta name=\"robots\" content=\"index, follow, max-snippet:-1, max-image-preview:large, max-video-preview:-1\" \/>\n<link rel=\"canonical\" href=\"https:\/\/idecesos.com\/seguros\/companias\/fiatc\/badajoz\/\" \/>\n<meta property=\"og:locale\" content=\"es_ES\" \/>\n<meta property=\"og:type\" content=\"article\" \/>\n<meta property=\"og:title\" content=\"Oficinas Fiatc en Badajoz | Tel\u00e9fonos, Horarios, Direcci\u00f3n\" \/>\n<meta property=\"og:description\" content=\"Lista completa de Oficinas Fiatc en Badajoz Horarios, \u2706 tel\u00e9fonos y direcciones actualizados en 2026 \u2714 Verificado por iDecesos.\" \/>\n<meta property=\"og:url\" content=\"https:\/\/idecesos.com\/seguros\/companias\/fiatc\/badajoz\/\" \/>\n<meta property=\"article:modified_time\" content=\"2021-09-07T20:54:47+00:00\" \/>\n<meta property=\"og:image\" content=\"https:\/\/idecesos.com\/img\/decesos_fiatc.png\" \/>\n<meta name=\"twitter:card\" content=\"summary_large_image\" \/>\n<meta name=\"twitter:label1\" content=\"Tiempo de lectura\" \/>\n\t<meta name=\"twitter:data1\" content=\"39 minutos\" \/>\n<script type=\"application\/ld+json\" class=\"yoast-schema-graph\">{\"@context\":\"https:\\\/\\\/schema.org\",\"@graph\":[{\"@type\":\"WebPage\",\"@id\":\"https:\\\/\\\/idecesos.com\\\/seguros\\\/companias\\\/fiatc\\\/badajoz\\\/\",\"url\":\"https:\\\/\\\/idecesos.com\\\/seguros\\\/companias\\\/fiatc\\\/badajoz\\\/\",\"name\":\"Oficinas Fiatc en Badajoz | Tel\u00e9fonos, Horarios, Direcci\u00f3n\",\"isPartOf\":{\"@id\":\"https:\\\/\\\/idecesos.com\\\/seguros\\\/#website\"},\"primaryImageOfPage\":{\"@id\":\"https:\\\/\\\/idecesos.com\\\/seguros\\\/companias\\\/fiatc\\\/badajoz\\\/#primaryimage\"},\"image\":{\"@id\":\"https:\\\/\\\/idecesos.com\\\/seguros\\\/companias\\\/fiatc\\\/badajoz\\\/#primaryimage\"},\"thumbnailUrl\":\"https:\\\/\\\/idecesos.com\\\/img\\\/decesos_fiatc.png\",\"datePublished\":\"2021-09-07T20:50:38+00:00\",\"dateModified\":\"2021-09-07T20:54:47+00:00\",\"description\":\"Lista completa de Oficinas Fiatc en Badajoz Horarios, \u2706 tel\u00e9fonos y direcciones actualizados en 2026 \u2714 Verificado por iDecesos.\",\"breadcrumb\":{\"@id\":\"https:\\\/\\\/idecesos.com\\\/seguros\\\/companias\\\/fiatc\\\/badajoz\\\/#breadcrumb\"},\"inLanguage\":\"es\",\"potentialAction\":[{\"@type\":\"ReadAction\",\"target\":[\"https:\\\/\\\/idecesos.com\\\/seguros\\\/companias\\\/fiatc\\\/badajoz\\\/\"]}]},{\"@type\":\"ImageObject\",\"inLanguage\":\"es\",\"@id\":\"https:\\\/\\\/idecesos.com\\\/seguros\\\/companias\\\/fiatc\\\/badajoz\\\/#primaryimage\",\"url\":\"https:\\\/\\\/idecesos.com\\\/img\\\/decesos_fiatc.png\",\"contentUrl\":\"https:\\\/\\\/idecesos.com\\\/img\\\/decesos_fiatc.png\"},{\"@type\":\"BreadcrumbList\",\"@id\":\"https:\\\/\\\/idecesos.com\\\/seguros\\\/companias\\\/fiatc\\\/badajoz\\\/#breadcrumb\",\"itemListElement\":[{\"@type\":\"ListItem\",\"position\":1,\"name\":\"Portada\",\"item\":\"https:\\\/\\\/idecesos.com\\\/seguros\\\/\"},{\"@type\":\"ListItem\",\"position\":2,\"name\":\"Compa\u00f1\u00edas de Seguros de Decesos en Espa\u00f1a\",\"item\":\"https:\\\/\\\/idecesos.com\\\/seguros\\\/companias\\\/\"},{\"@type\":\"ListItem\",\"position\":3,\"name\":\"Seguro de Decesos FIATC\",\"item\":\"https:\\\/\\\/idecesos.com\\\/seguros\\\/companias\\\/fiatc\\\/\"},{\"@type\":\"ListItem\",\"position\":4,\"name\":\"Oficinas seguros de decesos Fiatc en Badajoz\"}]},{\"@type\":\"WebSite\",\"@id\":\"https:\\\/\\\/idecesos.com\\\/seguros\\\/#website\",\"url\":\"https:\\\/\\\/idecesos.com\\\/seguros\\\/\",\"name\":\"\",\"description\":\"\",\"potentialAction\":[{\"@type\":\"SearchAction\",\"target\":{\"@type\":\"EntryPoint\",\"urlTemplate\":\"https:\\\/\\\/idecesos.com\\\/seguros\\\/?s={search_term_string}\"},\"query-input\":{\"@type\":\"PropertyValueSpecification\",\"valueRequired\":true,\"valueName\":\"search_term_string\"}}],\"inLanguage\":\"es\"}]}<\/script>\n<!-- \/ Yoast SEO plugin. -->","yoast_head_json":{"title":"Oficinas Fiatc en Badajoz | Tel\u00e9fonos, Horarios, Direcci\u00f3n","description":"Lista completa de Oficinas Fiatc en Badajoz Horarios, \u2706 tel\u00e9fonos y direcciones actualizados en 2026 \u2714 Verificado por iDecesos.","robots":{"index":"index","follow":"follow","max-snippet":"max-snippet:-1","max-image-preview":"max-image-preview:large","max-video-preview":"max-video-preview:-1"},"canonical":"https:\/\/idecesos.com\/seguros\/companias\/fiatc\/badajoz\/","og_locale":"es_ES","og_type":"article","og_title":"Oficinas Fiatc en Badajoz | Tel\u00e9fonos, Horarios, Direcci\u00f3n","og_description":"Lista completa de Oficinas Fiatc en Badajoz Horarios, \u2706 tel\u00e9fonos y direcciones actualizados en 2026 \u2714 Verificado por iDecesos.","og_url":"https:\/\/idecesos.com\/seguros\/companias\/fiatc\/badajoz\/","article_modified_time":"2021-09-07T20:54:47+00:00","og_image":[{"url":"https:\/\/idecesos.com\/img\/decesos_fiatc.png","type":"","width":"","height":""}],"twitter_card":"summary_large_image","twitter_misc":{"Tiempo de lectura":"39 minutos"},"schema":{"@context":"https:\/\/schema.org","@graph":[{"@type":"WebPage","@id":"https:\/\/idecesos.com\/seguros\/companias\/fiatc\/badajoz\/","url":"https:\/\/idecesos.com\/seguros\/companias\/fiatc\/badajoz\/","name":"Oficinas Fiatc en Badajoz | Tel\u00e9fonos, Horarios, Direcci\u00f3n","isPartOf":{"@id":"https:\/\/idecesos.com\/seguros\/#website"},"primaryImageOfPage":{"@id":"https:\/\/idecesos.com\/seguros\/companias\/fiatc\/badajoz\/#primaryimage"},"image":{"@id":"https:\/\/idecesos.com\/seguros\/companias\/fiatc\/badajoz\/#primaryimage"},"thumbnailUrl":"https:\/\/idecesos.com\/img\/decesos_fiatc.png","datePublished":"2021-09-07T20:50:38+00:00","dateModified":"2021-09-07T20:54:47+00:00","description":"Lista completa de Oficinas Fiatc en Badajoz Horarios, \u2706 tel\u00e9fonos y direcciones actualizados en 2026 \u2714 Verificado por iDecesos.","breadcrumb":{"@id":"https:\/\/idecesos.com\/seguros\/companias\/fiatc\/badajoz\/#breadcrumb"},"inLanguage":"es","potentialAction":[{"@type":"ReadAction","target":["https:\/\/idecesos.com\/seguros\/companias\/fiatc\/badajoz\/"]}]},{"@type":"ImageObject","inLanguage":"es","@id":"https:\/\/idecesos.com\/seguros\/companias\/fiatc\/badajoz\/#primaryimage","url":"https:\/\/idecesos.com\/img\/decesos_fiatc.png","contentUrl":"https:\/\/idecesos.com\/img\/decesos_fiatc.png"},{"@type":"BreadcrumbList","@id":"https:\/\/idecesos.com\/seguros\/companias\/fiatc\/badajoz\/#breadcrumb","itemListElement":[{"@type":"ListItem","position":1,"name":"Portada","item":"https:\/\/idecesos.com\/seguros\/"},{"@type":"ListItem","position":2,"name":"Compa\u00f1\u00edas de Seguros de Decesos en Espa\u00f1a","item":"https:\/\/idecesos.com\/seguros\/companias\/"},{"@type":"ListItem","position":3,"name":"Seguro de Decesos FIATC","item":"https:\/\/idecesos.com\/seguros\/companias\/fiatc\/"},{"@type":"ListItem","position":4,"name":"Oficinas seguros de decesos Fiatc en Badajoz"}]},{"@type":"WebSite","@id":"https:\/\/idecesos.com\/seguros\/#website","url":"https:\/\/idecesos.com\/seguros\/","name":"","description":"","potentialAction":[{"@type":"SearchAction","target":{"@type":"EntryPoint","urlTemplate":"https:\/\/idecesos.com\/seguros\/?s={search_term_string}"},"query-input":{"@type":"PropertyValueSpecification","valueRequired":true,"valueName":"search_term_string"}}],"inLanguage":"es"}]}},"_links":{"self":[{"href":"https:\/\/idecesos.com\/seguros\/wp-json\/wp\/v2\/pages\/6046","targetHints":{"allow":["GET"]}}],"collection":[{"href":"https:\/\/idecesos.com\/seguros\/wp-json\/wp\/v2\/pages"}],"about":[{"href":"https:\/\/idecesos.com\/seguros\/wp-json\/wp\/v2\/types\/page"}],"replies":[{"embeddable":true,"href":"https:\/\/idecesos.com\/seguros\/wp-json\/wp\/v2\/comments?post=6046"}],"version-history":[{"count":1,"href":"https:\/\/idecesos.com\/seguros\/wp-json\/wp\/v2\/pages\/6046\/revisions"}],"predecessor-version":[{"id":6091,"href":"https:\/\/idecesos.com\/seguros\/wp-json\/wp\/v2\/pages\/6046\/revisions\/6091"}],"up":[{"embeddable":true,"href":"https:\/\/idecesos.com\/seguros\/wp-json\/wp\/v2\/pages\/621"}],"wp:attachment":[{"href":"https:\/\/idecesos.com\/seguros\/wp-json\/wp\/v2\/media?parent=6046"}],"curies":[{"name":"wp","href":"https:\/\/api.w.org\/{rel}","templated":true}]}}