{"id":6053,"date":"2021-09-07T20:54:50","date_gmt":"2021-09-07T20:50:43","guid":{"rendered":"https:\/\/idecesos.com\/seguros\/companias\/fiatc\/ciudad-real\/"},"modified":"2021-09-07T20:54:50","modified_gmt":"2021-09-07T20:54:50","slug":"ciudad-real","status":"publish","type":"page","link":"https:\/\/idecesos.com\/seguros\/companias\/fiatc\/ciudad-real\/","title":{"rendered":"Oficinas seguros de decesos Fiatc en Ciudad Real"},"content":{"rendered":"<div id=\"ez-toc-container\" class=\"ez-toc-v2_0_82_2 ez-toc-wrap-center counter-hierarchy ez-toc-counter ez-toc-custom ez-toc-container-direction\">\n<div class=\"ez-toc-title-container\">\n<p class=\"ez-toc-title\" style=\"cursor:inherit\">Tabla de Contenido<\/p>\n<span class=\"ez-toc-title-toggle\"><a href=\"#\" class=\"ez-toc-pull-right ez-toc-btn ez-toc-btn-xs ez-toc-btn-default ez-toc-toggle\" aria-label=\"Alternar tabla de contenidos\"><span class=\"ez-toc-js-icon-con\"><span class=\"\"><span class=\"eztoc-hide\" style=\"display:none;\">Toggle<\/span><span class=\"ez-toc-icon-toggle-span\"><svg style=\"fill: #db6415;color:#db6415\" xmlns=\"http:\/\/www.w3.org\/2000\/svg\" class=\"list-377408\" width=\"20px\" height=\"20px\" viewBox=\"0 0 24 24\" fill=\"none\"><path d=\"M6 6H4v2h2V6zm14 0H8v2h12V6zM4 11h2v2H4v-2zm16 0H8v2h12v-2zM4 16h2v2H4v-2zm16 0H8v2h12v-2z\" fill=\"currentColor\"><\/path><\/svg><svg style=\"fill: #db6415;color:#db6415\" class=\"arrow-unsorted-368013\" xmlns=\"http:\/\/www.w3.org\/2000\/svg\" width=\"10px\" height=\"10px\" viewBox=\"0 0 24 24\" version=\"1.2\" baseProfile=\"tiny\"><path d=\"M18.2 9.3l-6.2-6.3-6.2 6.3c-.2.2-.3.4-.3.7s.1.5.3.7c.2.2.4.3.7.3h11c.3 0 .5-.1.7-.3.2-.2.3-.5.3-.7s-.1-.5-.3-.7zM5.8 14.7l6.2 6.3 6.2-6.3c.2-.2.3-.5.3-.7s-.1-.5-.3-.7c-.2-.2-.4-.3-.7-.3h-11c-.3 0-.5.1-.7.3-.2.2-.3.5-.3.7s.1.5.3.7z\"\/><\/svg><\/span><\/span><\/span><\/a><\/span><\/div>\n<nav><ul class='ez-toc-list ez-toc-list-level-1 ' ><li class='ez-toc-page-1 ez-toc-heading-level-2'><a class=\"ez-toc-link ez-toc-heading-1\" href=\"https:\/\/idecesos.com\/seguros\/companias\/fiatc\/ciudad-real\/#Seguro_de_decesos_Fiatc_en_Ciudad_Real\" >Seguro de decesos Fiatc en Ciudad Real<\/a><\/li><li class='ez-toc-page-1 ez-toc-heading-level-2'><a class=\"ez-toc-link ez-toc-heading-2\" href=\"https:\/\/idecesos.com\/seguros\/companias\/fiatc\/ciudad-real\/#Mapa_de_agencias_de_seguros_Fiatc_en_Ciudad_Real\" >Mapa de agencias de seguros Fiatc en Ciudad Real<\/a><\/li><li class='ez-toc-page-1 ez-toc-heading-level-2'><a class=\"ez-toc-link ez-toc-heading-3\" href=\"https:\/\/idecesos.com\/seguros\/companias\/fiatc\/ciudad-real\/#Listado_de_oficinas_Fiatc_en_Ciudad_Real\" >Listado de oficinas Fiatc en Ciudad Real<\/a><\/li><li class='ez-toc-page-1 ez-toc-heading-level-2'><a class=\"ez-toc-link ez-toc-heading-4\" href=\"https:\/\/idecesos.com\/seguros\/companias\/fiatc\/ciudad-real\/#Sucursales_de_seguros_de_decesos_en_Ciudad_Real\" >Sucursales de seguros de decesos en Ciudad Real<\/a><ul class='ez-toc-list-level-3' ><li class='ez-toc-heading-level-3'><a class=\"ez-toc-link ez-toc-heading-5\" href=\"https:\/\/idecesos.com\/seguros\/companias\/fiatc\/ciudad-real\/#Listado_de_agencias_Fiatc_en_Espana\" >Listado de agencias Fiatc en Espa\u00f1a<\/a><\/li><\/ul><\/li><\/ul><\/nav><\/div>\n\n<p><a href=\"https:\/\/idecesos.com\/seguros\/companias\/fiatc\/\"><img decoding=\"async\" class=\"size-medium alignleft\" src=\"https:\/\/idecesos.com\/img\/decesos_fiatc.png\" alt=\"Seguro de decesos Fiatc\" \/><\/a>Las sucursales de Fiatc est\u00e1n situadas en distintos lugares, ponemos a tu <strong>disposici\u00f3n de Fiatc en Ciudad Real<\/strong> donde las posibilidades son de las m\u00e1s convenientes y pertinentes para la gesti\u00f3n. En como vas a recibir una atenci\u00f3n personalizada, que cuenta con una experiencia de muchos a\u00f1os en el sector. Siempre y en todo momento queremos que dispongas de nuestros servicios y que puedas acceder a ellos de forma sencilla. \u00bfD\u00f3nde localizar oficinas de Fiatc en Ciudad Real? ya vas a poder saber si est\u00e1 dentro de tu ratio, donde te aseguramos que llegues hasta el punto donde necesites. <\/p>\n<p>Optamos por lo polivalente que resulta la <strong>busca de oficinas de Fiatc en Ciudad Real<\/strong> trataran todos los inconvenientes que puedas suceder quedando resuelto sin inconveniente de forma inmediata. Dando calidad al servicio cerca de ti en cualquier momento. Cuando se precisa de este servicio tan cerca el desarrollo de cada empresa es asesarte en el proceso de la perdida de un familiar, acudiendo a tu oficina m\u00e1s cerca nunca tendr\u00e1s problemas cuando se gestione alg\u00fan tramite sobre la p\u00f3liza. \u00a0<\/p>\n<p>Visita nuestra p\u00e1gina de <a href=\"https:\/\/idecesos.com\/seguros\/companias\/fiatc\/\">seguros de decesos Fiatc<\/a> para m\u00e1s informaci\u00f3n.<br \/>\n<div class=\"colorf \"  ><div class=\"container clearfix\"><div class=\"col-md-7\"><\/p>\n<h2><span class=\"ez-toc-section\" id=\"Seguro_de_decesos_Fiatc_en_Ciudad_Real\"><\/span>Seguro de decesos Fiatc en Ciudad Real<span class=\"ez-toc-section-end\"><\/span><\/h2>\n<p>Siendo una de las lideres en el mercado como empresa aseguradora de decesos, contando con las diferentes aseguradoras de <a href=\"https:\/\/idecesos.com\/seguros\/ciudades\/ciudad-real\/\"><strong>seguro decesos de Ciudad Real<\/strong><\/a>. Deseamos que cuentes con la opci\u00f3n de poder obtener tu presupuesto de seguro cuando lo desees y de forma f\u00e1cil como \u00fatil. \u00bfEs posible conseguirlo en menos de 1 minuto? Por supuesto adem\u00e1s de esto con todo el contenido para su mejor proceso de entendimiento donde vas a poder valorar de una forma m\u00e1s sustancial. <\/p>\n<p>El servicio que damos es aquel m\u00e1s b\u00e1sico, contando con distintas de nuestras sucursales de Fiatc en Ciudad Real, con esto hemos querido que nuestros clientes tengan la oportunidad de obtener un presupuesto de forma inmediata. Asegur\u00e1ndote que es todo lo que estas buscando y con las caracter\u00edsticas fundamentales. \u00a0Evit\u00e1ndote muchos pasos, en solo unos segundos vas a tener el formulario junto con la informaci\u00f3n que necesites en esas circunstancias. Siendo uno de los m\u00e1s r\u00e1pidos. Jam\u00e1s hab\u00eda resultado tan sencillo procurarlo. <\/p>\n<p><\/div><\/div><\/div>\n\t\t<hr class=\"separador\">\n\t\t<div class=\"bloque-accion\">\n\t\t<p class=\"txt-accion\">Calcula el precio de tu seguro de decesos en menos de 1 minuto<\/p>\n\t\t<a class=\"btn-accion\" href=\"https:\/\/idecesos.com\/\">CALCULAR<\/a>\n\t\t<\/div>\n\t\t<hr class=\"separador\">\n\t\t<\/p>\n<h2><span class=\"ez-toc-section\" id=\"Mapa_de_agencias_de_seguros_Fiatc_en_Ciudad_Real\"><\/span>Mapa de agencias de seguros Fiatc en Ciudad Real<span class=\"ez-toc-section-end\"><\/span><\/h2>\n<p>Te resultara c\u00f3modo conocer esta informaci\u00f3n que hemos generado para ti solamente donde veras un listado de oficinas de Fiatc en Ciudad Real que te aporta todos los datos necesarios junto con el <strong>mapa por Ciudad Real<\/strong> de sucursales de Fiatc, haci\u00e9ndote simple el dato de donde se hallan localizados. Cada informaci\u00f3n que te aportamos cuenta con nuestro filtro de seguridad a fin de que sea fiable en todo momento. <\/p>\n<p><iframe class=\"page-generator-pro-map\" width=\"100%\" height=\"400\" frameborder=\"0\" style=\"border:0\" src=\"https:\/\/www.google.com\/maps\/embed\/v1\/place?q=C.+Carlos+V%C3%A1zquez%2C+4%2C+13001+Ciudad+Real%2C+Cdad.+Real%2C+Espa%C3%B1a&#038;zoom=14&#038;maptype=roadmap&#038;key=AIzaSyCNTEOso0tZG6YMSJFoaJEY5Th1stEWrJI\" allowfullscreen><\/iframe><\/p>\n<p>&nbsp;<br \/>\n<div class=\"colorf\"><div class=\"container clearfix\"><div class=\"col-md-7\"><div class=\"empresas\"><\/p>\n<h2><span class=\"ez-toc-section\" id=\"Listado_de_oficinas_Fiatc_en_Ciudad_Real\"><\/span>Listado de oficinas Fiatc en Ciudad Real<span class=\"ez-toc-section-end\"><\/span><\/h2>\n<ul>\n<li><strong>FIATC Ciudad Real Ciudad Real, Espa\u00f1a:<\/strong> C. Carlos V\u00e1zquez, 4, 13001 Ciudad Real, Cdad. Real, Espa\u00f1a<\/li>\n<\/ul>\n<\/div><\/div><\/div><\/div>\n<h2><span class=\"ez-toc-section\" id=\"Sucursales_de_seguros_de_decesos_en_Ciudad_Real\"><\/span>Sucursales de seguros de decesos en Ciudad Real<span class=\"ez-toc-section-end\"><\/span><\/h2>\n<p>Evit\u00e1ndote registros in\u00fatiles, hemos creado un cat\u00e1logo de cada empresa aseguradora de decesos en Ciudad Real facilit\u00e1ndote en todo instante a esta informaci\u00f3n, que dispondr\u00e1n en cualquier circunstancias, donde quedase actualizado. Toda la informaci\u00f3n aportada es para quede resuelto todas las dudas que te puedan surgir a lo largo del proceso. <\/p>\n<!-- Shortcode [fiatc] does not exist -->\n<div class=\"colorf\"><div class=\"container clearfix\"><div class=\"col-md-7\"><div class=\"empresas\">\n<h3><span class=\"ez-toc-section\" id=\"Listado_de_agencias_Fiatc_en_Espana\"><\/span>Listado de agencias Fiatc en Espa\u00f1a<span class=\"ez-toc-section-end\"><\/span><\/h3>\n<div class=\"enlazado\"><ul><li><a href=\"https:\/\/idecesos.com\/seguros\/companias\/fiatc\/barcelona\/\"><span>Oficinas seguros de decesos Fiatc en Barcelona<\/span><\/a><\/li><li><a href=\"https:\/\/idecesos.com\/seguros\/companias\/fiatc\/cantabria\/\"><span>Oficinas seguros de decesos Fiatc en Cantabria<\/span><\/a><\/li><li><a href=\"https:\/\/idecesos.com\/seguros\/companias\/fiatc\/castellon\/\"><span>Oficinas seguros de decesos Fiatc en Castell\u00f3n<\/span><\/a><\/li><li><a href=\"https:\/\/idecesos.com\/seguros\/companias\/fiatc\/cadiz\/\"><span>Oficinas seguros de decesos Fiatc en C\u00e1diz<\/span><\/a><\/li><li><a href=\"https:\/\/idecesos.com\/seguros\/companias\/fiatc\/cordoba\/\"><span>Oficinas seguros de decesos Fiatc en C\u00f3rdoba<\/span><\/a><\/li><li><a href=\"https:\/\/idecesos.com\/seguros\/companias\/fiatc\/gerona\/\"><span>Oficinas seguros de decesos Fiatc en Gerona<\/span><\/a><\/li><li><a href=\"https:\/\/idecesos.com\/seguros\/companias\/fiatc\/granada\/\"><span>Oficinas seguros de decesos Fiatc en Granada<\/span><\/a><\/li><li><a href=\"https:\/\/idecesos.com\/seguros\/companias\/fiatc\/huelva\/\"><span>Oficinas seguros de decesos Fiatc en Huelva<\/span><\/a><\/li><li><a href=\"https:\/\/idecesos.com\/seguros\/companias\/fiatc\/huesca\/\"><span>Oficinas seguros de decesos Fiatc en Huesca<\/span><\/a><\/li><li><a href=\"https:\/\/idecesos.com\/seguros\/companias\/fiatc\/la-coruna\/\"><span>Oficinas seguros de decesos Fiatc en La coru\u00f1a<\/span><\/a><\/li><li><a href=\"https:\/\/idecesos.com\/seguros\/companias\/fiatc\/lugo\/\"><span>Oficinas seguros de decesos Fiatc en Lugo<\/span><\/a><\/li><li><a href=\"https:\/\/idecesos.com\/seguros\/companias\/fiatc\/lerida\/\"><span>Oficinas seguros de decesos Fiatc en L\u00e9rida<\/span><\/a><\/li><li><a href=\"https:\/\/idecesos.com\/seguros\/companias\/fiatc\/pontevedra\/\"><span>Oficinas seguros de decesos Fiatc en Pontevedra<\/span><\/a><\/li><li><a href=\"https:\/\/idecesos.com\/seguros\/companias\/fiatc\/valencia\/\"><span>Oficinas seguros de decesos Fiatc en Valencia<\/span><\/a><\/li><li><a href=\"https:\/\/idecesos.com\/seguros\/companias\/fiatc\/zamora\/\"><span>Oficinas seguros de decesos Fiatc en Zamora<\/span><\/a><\/li><li><a href=\"https:\/\/idecesos.com\/seguros\/companias\/fiatc\/alava\/\"><span>Oficinas seguros de decesos Fiatc en \u00c1lava<\/span><\/a><\/li><\/ul><\/div>\n<\/div><\/div><\/div><\/div>\n","protected":false},"excerpt":{"rendered":"<p>Las sucursales de Fiatc est\u00e1n situadas en distintos lugares, ponemos a tu disposici\u00f3n de Fiatc en Ciudad Real donde las posibilidades son de las m\u00e1s convenientes y pertinentes para la gesti\u00f3n. En como vas a recibir una atenci\u00f3n personalizada, que cuenta con una experiencia de muchos a\u00f1os en el sector. Siempre y en todo momento&hellip; <\/p>\n","protected":false},"author":0,"featured_media":0,"parent":621,"menu_order":0,"comment_status":"closed","ping_status":"closed","template":"page-templates\/companies.php","meta":{"footnotes":""},"class_list":["post-6053","page","type-page","status-publish","hentry"],"yoast_head":"<!-- This site is optimized with the Yoast SEO plugin v27.4 - https:\/\/yoast.com\/product\/yoast-seo-wordpress\/ -->\n<title>Oficinas Fiatc en Ciudad Real | Tel\u00e9fonos, Horarios, Direcci\u00f3n<\/title>\n<meta name=\"description\" content=\"Lista completa de Oficinas Fiatc en Ciudad Real Horarios, \u2706 tel\u00e9fonos y direcciones actualizados en 2026 \u2714 Verificado por iDecesos.\" \/>\n<meta name=\"robots\" content=\"index, follow, max-snippet:-1, max-image-preview:large, max-video-preview:-1\" \/>\n<link rel=\"canonical\" href=\"https:\/\/idecesos.com\/seguros\/companias\/fiatc\/ciudad-real\/\" \/>\n<meta property=\"og:locale\" content=\"es_ES\" \/>\n<meta property=\"og:type\" content=\"article\" \/>\n<meta property=\"og:title\" content=\"Oficinas Fiatc en Ciudad Real | Tel\u00e9fonos, Horarios, Direcci\u00f3n\" \/>\n<meta property=\"og:description\" content=\"Lista completa de Oficinas Fiatc en Ciudad Real Horarios, \u2706 tel\u00e9fonos y direcciones actualizados en 2026 \u2714 Verificado por iDecesos.\" \/>\n<meta property=\"og:url\" content=\"https:\/\/idecesos.com\/seguros\/companias\/fiatc\/ciudad-real\/\" \/>\n<meta property=\"article:modified_time\" content=\"2021-09-07T20:54:50+00:00\" \/>\n<meta property=\"og:image\" content=\"https:\/\/idecesos.com\/img\/decesos_fiatc.png\" \/>\n<meta name=\"twitter:card\" content=\"summary_large_image\" \/>\n<meta name=\"twitter:label1\" content=\"Tiempo de lectura\" \/>\n\t<meta name=\"twitter:data1\" content=\"39 minutos\" \/>\n<script type=\"application\/ld+json\" class=\"yoast-schema-graph\">{\"@context\":\"https:\\\/\\\/schema.org\",\"@graph\":[{\"@type\":\"WebPage\",\"@id\":\"https:\\\/\\\/idecesos.com\\\/seguros\\\/companias\\\/fiatc\\\/ciudad-real\\\/\",\"url\":\"https:\\\/\\\/idecesos.com\\\/seguros\\\/companias\\\/fiatc\\\/ciudad-real\\\/\",\"name\":\"Oficinas Fiatc en Ciudad Real | Tel\u00e9fonos, Horarios, Direcci\u00f3n\",\"isPartOf\":{\"@id\":\"https:\\\/\\\/idecesos.com\\\/seguros\\\/#website\"},\"primaryImageOfPage\":{\"@id\":\"https:\\\/\\\/idecesos.com\\\/seguros\\\/companias\\\/fiatc\\\/ciudad-real\\\/#primaryimage\"},\"image\":{\"@id\":\"https:\\\/\\\/idecesos.com\\\/seguros\\\/companias\\\/fiatc\\\/ciudad-real\\\/#primaryimage\"},\"thumbnailUrl\":\"https:\\\/\\\/idecesos.com\\\/img\\\/decesos_fiatc.png\",\"datePublished\":\"2021-09-07T20:50:43+00:00\",\"dateModified\":\"2021-09-07T20:54:50+00:00\",\"description\":\"Lista completa de Oficinas Fiatc en Ciudad Real Horarios, \u2706 tel\u00e9fonos y direcciones actualizados en 2026 \u2714 Verificado por iDecesos.\",\"breadcrumb\":{\"@id\":\"https:\\\/\\\/idecesos.com\\\/seguros\\\/companias\\\/fiatc\\\/ciudad-real\\\/#breadcrumb\"},\"inLanguage\":\"es\",\"potentialAction\":[{\"@type\":\"ReadAction\",\"target\":[\"https:\\\/\\\/idecesos.com\\\/seguros\\\/companias\\\/fiatc\\\/ciudad-real\\\/\"]}]},{\"@type\":\"ImageObject\",\"inLanguage\":\"es\",\"@id\":\"https:\\\/\\\/idecesos.com\\\/seguros\\\/companias\\\/fiatc\\\/ciudad-real\\\/#primaryimage\",\"url\":\"https:\\\/\\\/idecesos.com\\\/img\\\/decesos_fiatc.png\",\"contentUrl\":\"https:\\\/\\\/idecesos.com\\\/img\\\/decesos_fiatc.png\"},{\"@type\":\"BreadcrumbList\",\"@id\":\"https:\\\/\\\/idecesos.com\\\/seguros\\\/companias\\\/fiatc\\\/ciudad-real\\\/#breadcrumb\",\"itemListElement\":[{\"@type\":\"ListItem\",\"position\":1,\"name\":\"Portada\",\"item\":\"https:\\\/\\\/idecesos.com\\\/seguros\\\/\"},{\"@type\":\"ListItem\",\"position\":2,\"name\":\"Compa\u00f1\u00edas de Seguros de Decesos en Espa\u00f1a\",\"item\":\"https:\\\/\\\/idecesos.com\\\/seguros\\\/companias\\\/\"},{\"@type\":\"ListItem\",\"position\":3,\"name\":\"Seguro de Decesos FIATC\",\"item\":\"https:\\\/\\\/idecesos.com\\\/seguros\\\/companias\\\/fiatc\\\/\"},{\"@type\":\"ListItem\",\"position\":4,\"name\":\"Oficinas seguros de decesos Fiatc en Ciudad Real\"}]},{\"@type\":\"WebSite\",\"@id\":\"https:\\\/\\\/idecesos.com\\\/seguros\\\/#website\",\"url\":\"https:\\\/\\\/idecesos.com\\\/seguros\\\/\",\"name\":\"\",\"description\":\"\",\"potentialAction\":[{\"@type\":\"SearchAction\",\"target\":{\"@type\":\"EntryPoint\",\"urlTemplate\":\"https:\\\/\\\/idecesos.com\\\/seguros\\\/?s={search_term_string}\"},\"query-input\":{\"@type\":\"PropertyValueSpecification\",\"valueRequired\":true,\"valueName\":\"search_term_string\"}}],\"inLanguage\":\"es\"}]}<\/script>\n<!-- \/ Yoast SEO plugin. -->","yoast_head_json":{"title":"Oficinas Fiatc en Ciudad Real | Tel\u00e9fonos, Horarios, Direcci\u00f3n","description":"Lista completa de Oficinas Fiatc en Ciudad Real Horarios, \u2706 tel\u00e9fonos y direcciones actualizados en 2026 \u2714 Verificado por iDecesos.","robots":{"index":"index","follow":"follow","max-snippet":"max-snippet:-1","max-image-preview":"max-image-preview:large","max-video-preview":"max-video-preview:-1"},"canonical":"https:\/\/idecesos.com\/seguros\/companias\/fiatc\/ciudad-real\/","og_locale":"es_ES","og_type":"article","og_title":"Oficinas Fiatc en Ciudad Real | Tel\u00e9fonos, Horarios, Direcci\u00f3n","og_description":"Lista completa de Oficinas Fiatc en Ciudad Real Horarios, \u2706 tel\u00e9fonos y direcciones actualizados en 2026 \u2714 Verificado por iDecesos.","og_url":"https:\/\/idecesos.com\/seguros\/companias\/fiatc\/ciudad-real\/","article_modified_time":"2021-09-07T20:54:50+00:00","og_image":[{"url":"https:\/\/idecesos.com\/img\/decesos_fiatc.png","type":"","width":"","height":""}],"twitter_card":"summary_large_image","twitter_misc":{"Tiempo de lectura":"39 minutos"},"schema":{"@context":"https:\/\/schema.org","@graph":[{"@type":"WebPage","@id":"https:\/\/idecesos.com\/seguros\/companias\/fiatc\/ciudad-real\/","url":"https:\/\/idecesos.com\/seguros\/companias\/fiatc\/ciudad-real\/","name":"Oficinas Fiatc en Ciudad Real | Tel\u00e9fonos, Horarios, Direcci\u00f3n","isPartOf":{"@id":"https:\/\/idecesos.com\/seguros\/#website"},"primaryImageOfPage":{"@id":"https:\/\/idecesos.com\/seguros\/companias\/fiatc\/ciudad-real\/#primaryimage"},"image":{"@id":"https:\/\/idecesos.com\/seguros\/companias\/fiatc\/ciudad-real\/#primaryimage"},"thumbnailUrl":"https:\/\/idecesos.com\/img\/decesos_fiatc.png","datePublished":"2021-09-07T20:50:43+00:00","dateModified":"2021-09-07T20:54:50+00:00","description":"Lista completa de Oficinas Fiatc en Ciudad Real Horarios, \u2706 tel\u00e9fonos y direcciones actualizados en 2026 \u2714 Verificado por iDecesos.","breadcrumb":{"@id":"https:\/\/idecesos.com\/seguros\/companias\/fiatc\/ciudad-real\/#breadcrumb"},"inLanguage":"es","potentialAction":[{"@type":"ReadAction","target":["https:\/\/idecesos.com\/seguros\/companias\/fiatc\/ciudad-real\/"]}]},{"@type":"ImageObject","inLanguage":"es","@id":"https:\/\/idecesos.com\/seguros\/companias\/fiatc\/ciudad-real\/#primaryimage","url":"https:\/\/idecesos.com\/img\/decesos_fiatc.png","contentUrl":"https:\/\/idecesos.com\/img\/decesos_fiatc.png"},{"@type":"BreadcrumbList","@id":"https:\/\/idecesos.com\/seguros\/companias\/fiatc\/ciudad-real\/#breadcrumb","itemListElement":[{"@type":"ListItem","position":1,"name":"Portada","item":"https:\/\/idecesos.com\/seguros\/"},{"@type":"ListItem","position":2,"name":"Compa\u00f1\u00edas de Seguros de Decesos en Espa\u00f1a","item":"https:\/\/idecesos.com\/seguros\/companias\/"},{"@type":"ListItem","position":3,"name":"Seguro de Decesos FIATC","item":"https:\/\/idecesos.com\/seguros\/companias\/fiatc\/"},{"@type":"ListItem","position":4,"name":"Oficinas seguros de decesos Fiatc en Ciudad Real"}]},{"@type":"WebSite","@id":"https:\/\/idecesos.com\/seguros\/#website","url":"https:\/\/idecesos.com\/seguros\/","name":"","description":"","potentialAction":[{"@type":"SearchAction","target":{"@type":"EntryPoint","urlTemplate":"https:\/\/idecesos.com\/seguros\/?s={search_term_string}"},"query-input":{"@type":"PropertyValueSpecification","valueRequired":true,"valueName":"search_term_string"}}],"inLanguage":"es"}]}},"_links":{"self":[{"href":"https:\/\/idecesos.com\/seguros\/wp-json\/wp\/v2\/pages\/6053","targetHints":{"allow":["GET"]}}],"collection":[{"href":"https:\/\/idecesos.com\/seguros\/wp-json\/wp\/v2\/pages"}],"about":[{"href":"https:\/\/idecesos.com\/seguros\/wp-json\/wp\/v2\/types\/page"}],"replies":[{"embeddable":true,"href":"https:\/\/idecesos.com\/seguros\/wp-json\/wp\/v2\/comments?post=6053"}],"version-history":[{"count":1,"href":"https:\/\/idecesos.com\/seguros\/wp-json\/wp\/v2\/pages\/6053\/revisions"}],"predecessor-version":[{"id":6098,"href":"https:\/\/idecesos.com\/seguros\/wp-json\/wp\/v2\/pages\/6053\/revisions\/6098"}],"up":[{"embeddable":true,"href":"https:\/\/idecesos.com\/seguros\/wp-json\/wp\/v2\/pages\/621"}],"wp:attachment":[{"href":"https:\/\/idecesos.com\/seguros\/wp-json\/wp\/v2\/media?parent=6053"}],"curies":[{"name":"wp","href":"https:\/\/api.w.org\/{rel}","templated":true}]}}