{"id":6070,"date":"2021-09-07T20:54:58","date_gmt":"2021-09-07T20:50:53","guid":{"rendered":"https:\/\/idecesos.com\/seguros\/companias\/fiatc\/navarra\/"},"modified":"2021-11-08T11:57:13","modified_gmt":"2021-11-08T11:57:13","slug":"navarra","status":"publish","type":"page","link":"https:\/\/idecesos.com\/seguros\/companias\/fiatc\/navarra\/","title":{"rendered":"Oficinas seguros de decesos Fiatc en Navarra"},"content":{"rendered":"<div id=\"ez-toc-container\" class=\"ez-toc-v2_0_82_2 ez-toc-wrap-center counter-hierarchy ez-toc-counter ez-toc-custom ez-toc-container-direction\">\n<div class=\"ez-toc-title-container\">\n<p class=\"ez-toc-title\" style=\"cursor:inherit\">Tabla de Contenido<\/p>\n<span class=\"ez-toc-title-toggle\"><a href=\"#\" class=\"ez-toc-pull-right ez-toc-btn ez-toc-btn-xs ez-toc-btn-default ez-toc-toggle\" aria-label=\"Alternar tabla de contenidos\"><span class=\"ez-toc-js-icon-con\"><span class=\"\"><span class=\"eztoc-hide\" style=\"display:none;\">Toggle<\/span><span class=\"ez-toc-icon-toggle-span\"><svg style=\"fill: #db6415;color:#db6415\" xmlns=\"http:\/\/www.w3.org\/2000\/svg\" class=\"list-377408\" width=\"20px\" height=\"20px\" viewBox=\"0 0 24 24\" fill=\"none\"><path d=\"M6 6H4v2h2V6zm14 0H8v2h12V6zM4 11h2v2H4v-2zm16 0H8v2h12v-2zM4 16h2v2H4v-2zm16 0H8v2h12v-2z\" fill=\"currentColor\"><\/path><\/svg><svg style=\"fill: #db6415;color:#db6415\" class=\"arrow-unsorted-368013\" xmlns=\"http:\/\/www.w3.org\/2000\/svg\" width=\"10px\" height=\"10px\" viewBox=\"0 0 24 24\" version=\"1.2\" baseProfile=\"tiny\"><path d=\"M18.2 9.3l-6.2-6.3-6.2 6.3c-.2.2-.3.4-.3.7s.1.5.3.7c.2.2.4.3.7.3h11c.3 0 .5-.1.7-.3.2-.2.3-.5.3-.7s-.1-.5-.3-.7zM5.8 14.7l6.2 6.3 6.2-6.3c.2-.2.3-.5.3-.7s-.1-.5-.3-.7c-.2-.2-.4-.3-.7-.3h-11c-.3 0-.5.1-.7.3-.2.2-.3.5-.3.7s.1.5.3.7z\"\/><\/svg><\/span><\/span><\/span><\/a><\/span><\/div>\n<nav><ul class='ez-toc-list ez-toc-list-level-1 ' ><li class='ez-toc-page-1 ez-toc-heading-level-2'><a class=\"ez-toc-link ez-toc-heading-1\" href=\"https:\/\/idecesos.com\/seguros\/companias\/fiatc\/navarra\/#Seguro_de_decesos_Fiatc_en_Navarra\" >Seguro de decesos Fiatc en Navarra<\/a><\/li><li class='ez-toc-page-1 ez-toc-heading-level-2'><a class=\"ez-toc-link ez-toc-heading-2\" href=\"https:\/\/idecesos.com\/seguros\/companias\/fiatc\/navarra\/#Mapa_de_sucursales_de_seguros_Fiatc_en_Navarra\" >Mapa de sucursales de seguros Fiatc en Navarra<\/a><\/li><li class='ez-toc-page-1 ez-toc-heading-level-2'><a class=\"ez-toc-link ez-toc-heading-3\" href=\"https:\/\/idecesos.com\/seguros\/companias\/fiatc\/navarra\/#Listado_de_oficinas_Fiatc_en_Navarra\" >Listado de oficinas Fiatc en Navarra<\/a><\/li><li class='ez-toc-page-1 ez-toc-heading-level-2'><a class=\"ez-toc-link ez-toc-heading-4\" href=\"https:\/\/idecesos.com\/seguros\/companias\/fiatc\/navarra\/#Oficinas_de_seguros_de_decesos_en_Navarra\" >Oficinas de seguros de decesos en Navarra<\/a><ul class='ez-toc-list-level-3' ><li class='ez-toc-heading-level-3'><a class=\"ez-toc-link ez-toc-heading-5\" href=\"https:\/\/idecesos.com\/seguros\/companias\/fiatc\/navarra\/#Listado_de_agencias_Fiatc_en_Espana\" >Listado de agencias Fiatc en Espa\u00f1a<\/a><\/li><\/ul><\/li><\/ul><\/nav><\/div>\n\n<p><a href=\"https:\/\/idecesos.com\/seguros\/companias\/fiatc\/\"><img decoding=\"async\" class=\"size-medium alignleft\" src=\"https:\/\/idecesos.com\/img\/decesos_fiatc.png\" alt=\"Seguro de decesos Fiatc\" \/><\/a>\u00bfSab\u00edas que Navarra tiene a predisposici\u00f3n diferentes delegaciones de Fiatc? En cual ser\u00e1 atendido por una persona con una trayectoria esencial para darle el mejor servicio. Quedando respaldado en todo instante, donde solventar\u00e1n sus problemas a este respecto. Es importante contar con oficinas, de esta forma solventaran tus problemas presencialmente, sabemos que es m\u00e1s eficaz si se trata a la distancia. Por esta raz\u00f3n es importante contar a tu alcance con oficinas de seguros de decesos.<\/p>\n<p><strong>Oficinas de Fiatc en Navarra<\/strong> es bastante dif\u00edcil saber donde se encuentra situado cada uno de ellos, de ah\u00ed que te traemos en exclusiva los que puedes tener cerca de ti, para cuando m\u00e1s lo precises, gestion\u00e1ndote los problemas que que han podido surgir con tu seguro contratado. En el caso de que se necesite asesoramiento, va a tener en toda su posesi\u00f3n del servicio puedan acudir a su aseguradora m\u00e1s cercano para la gesti\u00f3n del mismo.<\/p>\n<p>Visita nuestra p\u00e1gina de <a href=\"https:\/\/idecesos.com\/seguros\/companias\/fiatc\/\">seguros de decesos Fiatc<\/a> para m\u00e1s informaci\u00f3n.<br \/>\n<div class=\"colorf \"  ><div class=\"container clearfix\"><div class=\"col-md-7\"><\/p>\n<h2><span class=\"ez-toc-section\" id=\"Seguro_de_decesos_Fiatc_en_Navarra\"><\/span>Seguro de decesos Fiatc en Navarra<span class=\"ez-toc-section-end\"><\/span><\/h2>\n<p>Prevenir los errores que puedan causar o bien surgir a lo largo de la gesti\u00f3n documentaria. Te damos esa calma de que nunca va a suceder. Acomod\u00e1ndose a su situaci\u00f3n quedando cubierto sus necesidades. \u00bf<strong>Para que sirve el servicio de oficinas de Fiatc en Navarra<\/strong>? est\u00e1 dirigido a aquellas personas que deseen efectuar sus gestiones de forma presencial, es por esta raz\u00f3n que va a poder asistir a la sucursal que m\u00e1s le interese en cualquier instante. En tan s\u00f3lo un minuto el<a href=\"https:\/\/idecesos.com\/seguros\/ciudades\/navarra\/\"> seguro de decesos en Navarra<\/a> m\u00e1s barato y obtendr\u00e1s de forma m\u00e1s productiva la soluci\u00f3n al fallo siendo un proceso m\u00e1s simple y conveniente.<\/p>\n<p>Hemos creado un formulario, donde resolver\u00e1n todos tus problemas, evit\u00e1ndote contrariedades para la soluci\u00f3n del mismo. jam\u00e1s ha sido tan sencillo. Cuando efectuamos un pago, nos gusta saber a d\u00f3nde va nuestro dinero, por ellos te mostramos el desglose donde lo veras de una forma m\u00e1s clara. En todo instante veras los pagos que realizases en los pr\u00f3ximos meses, y de esta forma evitaras cualquier fallo. Plenamente gratis, adaptado a sus necesidades m\u00e1s complejas. haz clic en presupuesto y obt\u00e9n el tuyo sin necesidades de registros. Queremos que tengas todo a tu alcance y de forma veloz toda la informaci\u00f3n necesaria.<\/p>\n<p><\/div><\/div><\/div>\n\t\t<hr class=\"separador\">\n\t\t<div class=\"bloque-accion\">\n\t\t<p class=\"txt-accion\">Calcula el precio de tu seguro de decesos en menos de 1 minuto<\/p>\n\t\t<a class=\"btn-accion\" href=\"https:\/\/idecesos.com\/\">CALCULAR<\/a>\n\t\t<\/div>\n\t\t<hr class=\"separador\">\n\t\t<\/p>\n<h2><span class=\"ez-toc-section\" id=\"Mapa_de_sucursales_de_seguros_Fiatc_en_Navarra\"><\/span>Mapa de sucursales de seguros Fiatc en Navarra<span class=\"ez-toc-section-end\"><\/span><\/h2>\n<p>\u00bfQuieres encontrar una oficina? Se encuentra de forma sencilla y r\u00e1pida gracias a el localizador de oficinas Fiatc en Navarra, contando con la cobertura de mapas por Fiatc en Navarra, gestionando todo a su propio alcance. Con el fin de que en el proceso dure lo menos posible, ahorr\u00e1ndote tiempo y asegur\u00e1ndote que tu tiempo quede invertido. Gracias a nosotros, tu tiempo quedara invertido y gestionado de una manera muy eficiente. Sin precisar buscar m\u00e1s, el localizador soluciona y gestiona de manera eficaz la busca.<\/p>\n<p><iframe class=\"page-generator-pro-map\" style=\"border: 0;\" src=\"https:\/\/www.google.com\/maps\/embed\/v1\/place?q=Av.+de+Sancho+El+Fuerte%2C+27%2C+31007+Pamplona%2C+Navarra%2C+Espa%C3%B1a&amp;zoom=14&amp;maptype=roadmap&amp;key=AIzaSyCNTEOso0tZG6YMSJFoaJEY5Th1stEWrJI\" width=\"100%\" height=\"400\" frameborder=\"0\" allowfullscreen=\"allowfullscreen\"><\/iframe><\/p>\n<div class=\"colorf\"><div class=\"container clearfix\"><div class=\"col-md-7\"><div class=\"empresas\">\n<h2><span class=\"ez-toc-section\" id=\"Listado_de_oficinas_Fiatc_en_Navarra\"><\/span>Listado de oficinas Fiatc en Navarra<span class=\"ez-toc-section-end\"><\/span><\/h2>\n<ul>\n<li><strong>FIATC Pamplona Pamplona, Espa\u00f1a:<\/strong> Av. de Sancho El Fuerte, 27, 31007 Pamplona, Navarra, Espa\u00f1a<\/li>\n<\/ul>\n<\/div><\/div><\/div><\/div>\n<h2><span class=\"ez-toc-section\" id=\"Oficinas_de_seguros_de_decesos_en_Navarra\"><\/span>Oficinas de seguros de decesos en Navarra<span class=\"ez-toc-section-end\"><\/span><\/h2>\n<p>Queremos mostrarte con un sencillo paso el <strong>cat\u00e1logo de empresas aseguradoras de decesos en Navarra<\/strong> donde encontrases toda la informaci\u00f3n necesaria, donde lo vas a poder gestionar de forma m\u00e1s f\u00e1cil. Funcional y eficaz, dando unos resultados incre\u00edble a la informaci\u00f3n que se necesite en el momento que se requiera. Teniendo una psique claro, descubres que lo tienes a tu disposici\u00f3n en cualquier momento que m\u00e1s lo debas utilizar. Siempre y en toda circunstancia pensando en hacerte la busca m\u00e1s f\u00e1cil. Tendr\u00e1s en todo instante el conocimiento de las empresas de seguros que se ubican en tu ubicaci\u00f3n.<\/p>\n<!-- Shortcode [fiatc] does not exist -->\n<div class=\"colorf\"><div class=\"container clearfix\"><div class=\"col-md-7\"><div class=\"empresas\">\n<h3><span class=\"ez-toc-section\" id=\"Listado_de_agencias_Fiatc_en_Espana\"><\/span>Listado de agencias Fiatc en Espa\u00f1a<span class=\"ez-toc-section-end\"><\/span><\/h3>\n<div class=\"enlazado\"><ul><li><a href=\"https:\/\/idecesos.com\/seguros\/companias\/fiatc\/telefono\/\"><span>Atenci\u00f3n al cliente Fiatc: telefono gratuito, e-mail<\/span><\/a><\/li><li><a href=\"https:\/\/idecesos.com\/seguros\/companias\/fiatc\/alicante\/\"><span>Oficinas seguros de decesos Fiatc en Alicante<\/span><\/a><\/li><li><a href=\"https:\/\/idecesos.com\/seguros\/companias\/fiatc\/almeria\/\"><span>Oficinas seguros de decesos Fiatc en Almer\u00eda<\/span><\/a><\/li><li><a href=\"https:\/\/idecesos.com\/seguros\/companias\/fiatc\/cantabria\/\"><span>Oficinas seguros de decesos Fiatc en Cantabria<\/span><\/a><\/li><li><a href=\"https:\/\/idecesos.com\/seguros\/companias\/fiatc\/castellon\/\"><span>Oficinas seguros de decesos Fiatc en Castell\u00f3n<\/span><\/a><\/li><li><a href=\"https:\/\/idecesos.com\/seguros\/companias\/fiatc\/cordoba\/\"><span>Oficinas seguros de decesos Fiatc en C\u00f3rdoba<\/span><\/a><\/li><li><a href=\"https:\/\/idecesos.com\/seguros\/companias\/fiatc\/gerona\/\"><span>Oficinas seguros de decesos Fiatc en Gerona<\/span><\/a><\/li><li><a href=\"https:\/\/idecesos.com\/seguros\/companias\/fiatc\/guipuzcoa\/\"><span>Oficinas seguros de decesos Fiatc en Guip\u00fazcoa<\/span><\/a><\/li><li><a href=\"https:\/\/idecesos.com\/seguros\/companias\/fiatc\/la-rioja\/\"><span>Oficinas seguros de decesos Fiatc en La Rioja<\/span><\/a><\/li><li><a href=\"https:\/\/idecesos.com\/seguros\/companias\/fiatc\/la-coruna\/\"><span>Oficinas seguros de decesos Fiatc en La coru\u00f1a<\/span><\/a><\/li><li><a href=\"https:\/\/idecesos.com\/seguros\/companias\/fiatc\/leon\/\"><span>Oficinas seguros de decesos Fiatc en Le\u00f3n<\/span><\/a><\/li><li><a href=\"https:\/\/idecesos.com\/seguros\/companias\/fiatc\/lerida\/\"><span>Oficinas seguros de decesos Fiatc en L\u00e9rida<\/span><\/a><\/li><li><a href=\"https:\/\/idecesos.com\/seguros\/companias\/fiatc\/pontevedra\/\"><span>Oficinas seguros de decesos Fiatc en Pontevedra<\/span><\/a><\/li><li><a href=\"https:\/\/idecesos.com\/seguros\/companias\/fiatc\/salamanca\/\"><span>Oficinas seguros de decesos Fiatc en Salamanca<\/span><\/a><\/li><li><a href=\"https:\/\/idecesos.com\/seguros\/companias\/fiatc\/valencia\/\"><span>Oficinas seguros de decesos Fiatc en Valencia<\/span><\/a><\/li><li><a href=\"https:\/\/idecesos.com\/seguros\/companias\/fiatc\/prima-unica\/\"><span>Seguro de decesos Fiatc Prima \u00danica<\/span><\/a><\/li><\/ul><\/div>\n<\/div><\/div><\/div><\/div>\n","protected":false},"excerpt":{"rendered":"<p>\u00bfSab\u00edas que Navarra tiene a predisposici\u00f3n diferentes delegaciones de Fiatc? En cual ser\u00e1 atendido por una persona con una trayectoria esencial para darle el mejor servicio. Quedando respaldado en todo instante, donde solventar\u00e1n sus problemas a este respecto. Es importante contar con oficinas, de esta forma solventaran tus problemas presencialmente, sabemos que es m\u00e1s eficaz&hellip; <\/p>\n","protected":false},"author":1,"featured_media":0,"parent":621,"menu_order":0,"comment_status":"closed","ping_status":"closed","template":"page-templates\/companies.php","meta":{"footnotes":""},"class_list":["post-6070","page","type-page","status-publish","hentry"],"yoast_head":"<!-- This site is optimized with the Yoast SEO plugin v27.3 - https:\/\/yoast.com\/product\/yoast-seo-wordpress\/ -->\n<title>Oficinas Fiatc en Navarra | Tel\u00e9fonos, Horarios, Direcci\u00f3n<\/title>\n<meta name=\"description\" content=\"Lista completa de Oficinas Fiatc en Navarra Horarios, \u2706 tel\u00e9fonos y direcciones actualizados en 2026 \u2714 Verificado por iDecesos.\" \/>\n<meta name=\"robots\" content=\"index, follow, max-snippet:-1, max-image-preview:large, max-video-preview:-1\" \/>\n<link rel=\"canonical\" href=\"https:\/\/idecesos.com\/seguros\/companias\/fiatc\/navarra\/\" \/>\n<meta property=\"og:locale\" content=\"es_ES\" \/>\n<meta property=\"og:type\" content=\"article\" \/>\n<meta property=\"og:title\" content=\"Oficinas Fiatc en Navarra | Tel\u00e9fonos, Horarios, Direcci\u00f3n\" \/>\n<meta property=\"og:description\" content=\"Lista completa de Oficinas Fiatc en Navarra Horarios, \u2706 tel\u00e9fonos y direcciones actualizados en 2026 \u2714 Verificado por iDecesos.\" \/>\n<meta property=\"og:url\" content=\"https:\/\/idecesos.com\/seguros\/companias\/fiatc\/navarra\/\" \/>\n<meta property=\"article:modified_time\" content=\"2021-11-08T11:57:13+00:00\" \/>\n<meta property=\"og:image\" content=\"https:\/\/idecesos.com\/img\/decesos_fiatc.png\" \/>\n<meta name=\"twitter:card\" content=\"summary_large_image\" \/>\n<meta name=\"twitter:label1\" content=\"Tiempo de lectura\" \/>\n\t<meta name=\"twitter:data1\" content=\"4 minutos\" \/>\n<script type=\"application\/ld+json\" class=\"yoast-schema-graph\">{\"@context\":\"https:\\\/\\\/schema.org\",\"@graph\":[{\"@type\":\"WebPage\",\"@id\":\"https:\\\/\\\/idecesos.com\\\/seguros\\\/companias\\\/fiatc\\\/navarra\\\/\",\"url\":\"https:\\\/\\\/idecesos.com\\\/seguros\\\/companias\\\/fiatc\\\/navarra\\\/\",\"name\":\"Oficinas Fiatc en Navarra | Tel\u00e9fonos, Horarios, Direcci\u00f3n\",\"isPartOf\":{\"@id\":\"https:\\\/\\\/idecesos.com\\\/seguros\\\/#website\"},\"primaryImageOfPage\":{\"@id\":\"https:\\\/\\\/idecesos.com\\\/seguros\\\/companias\\\/fiatc\\\/navarra\\\/#primaryimage\"},\"image\":{\"@id\":\"https:\\\/\\\/idecesos.com\\\/seguros\\\/companias\\\/fiatc\\\/navarra\\\/#primaryimage\"},\"thumbnailUrl\":\"https:\\\/\\\/idecesos.com\\\/img\\\/decesos_fiatc.png\",\"datePublished\":\"2021-09-07T20:50:53+00:00\",\"dateModified\":\"2021-11-08T11:57:13+00:00\",\"description\":\"Lista completa de Oficinas Fiatc en Navarra Horarios, \u2706 tel\u00e9fonos y direcciones actualizados en 2026 \u2714 Verificado por iDecesos.\",\"breadcrumb\":{\"@id\":\"https:\\\/\\\/idecesos.com\\\/seguros\\\/companias\\\/fiatc\\\/navarra\\\/#breadcrumb\"},\"inLanguage\":\"es\",\"potentialAction\":[{\"@type\":\"ReadAction\",\"target\":[\"https:\\\/\\\/idecesos.com\\\/seguros\\\/companias\\\/fiatc\\\/navarra\\\/\"]}]},{\"@type\":\"ImageObject\",\"inLanguage\":\"es\",\"@id\":\"https:\\\/\\\/idecesos.com\\\/seguros\\\/companias\\\/fiatc\\\/navarra\\\/#primaryimage\",\"url\":\"https:\\\/\\\/idecesos.com\\\/img\\\/decesos_fiatc.png\",\"contentUrl\":\"https:\\\/\\\/idecesos.com\\\/img\\\/decesos_fiatc.png\"},{\"@type\":\"BreadcrumbList\",\"@id\":\"https:\\\/\\\/idecesos.com\\\/seguros\\\/companias\\\/fiatc\\\/navarra\\\/#breadcrumb\",\"itemListElement\":[{\"@type\":\"ListItem\",\"position\":1,\"name\":\"Portada\",\"item\":\"https:\\\/\\\/idecesos.com\\\/seguros\\\/\"},{\"@type\":\"ListItem\",\"position\":2,\"name\":\"Compa\u00f1\u00edas de Seguros de Decesos en Espa\u00f1a\",\"item\":\"https:\\\/\\\/idecesos.com\\\/seguros\\\/companias\\\/\"},{\"@type\":\"ListItem\",\"position\":3,\"name\":\"Seguro de Decesos FIATC\",\"item\":\"https:\\\/\\\/idecesos.com\\\/seguros\\\/companias\\\/fiatc\\\/\"},{\"@type\":\"ListItem\",\"position\":4,\"name\":\"Oficinas seguros de decesos Fiatc en Navarra\"}]},{\"@type\":\"WebSite\",\"@id\":\"https:\\\/\\\/idecesos.com\\\/seguros\\\/#website\",\"url\":\"https:\\\/\\\/idecesos.com\\\/seguros\\\/\",\"name\":\"\",\"description\":\"\",\"potentialAction\":[{\"@type\":\"SearchAction\",\"target\":{\"@type\":\"EntryPoint\",\"urlTemplate\":\"https:\\\/\\\/idecesos.com\\\/seguros\\\/?s={search_term_string}\"},\"query-input\":{\"@type\":\"PropertyValueSpecification\",\"valueRequired\":true,\"valueName\":\"search_term_string\"}}],\"inLanguage\":\"es\"}]}<\/script>\n<!-- \/ Yoast SEO plugin. -->","yoast_head_json":{"title":"Oficinas Fiatc en Navarra | Tel\u00e9fonos, Horarios, Direcci\u00f3n","description":"Lista completa de Oficinas Fiatc en Navarra Horarios, \u2706 tel\u00e9fonos y direcciones actualizados en 2026 \u2714 Verificado por iDecesos.","robots":{"index":"index","follow":"follow","max-snippet":"max-snippet:-1","max-image-preview":"max-image-preview:large","max-video-preview":"max-video-preview:-1"},"canonical":"https:\/\/idecesos.com\/seguros\/companias\/fiatc\/navarra\/","og_locale":"es_ES","og_type":"article","og_title":"Oficinas Fiatc en Navarra | Tel\u00e9fonos, Horarios, Direcci\u00f3n","og_description":"Lista completa de Oficinas Fiatc en Navarra Horarios, \u2706 tel\u00e9fonos y direcciones actualizados en 2026 \u2714 Verificado por iDecesos.","og_url":"https:\/\/idecesos.com\/seguros\/companias\/fiatc\/navarra\/","article_modified_time":"2021-11-08T11:57:13+00:00","og_image":[{"url":"https:\/\/idecesos.com\/img\/decesos_fiatc.png","type":"","width":"","height":""}],"twitter_card":"summary_large_image","twitter_misc":{"Tiempo de lectura":"4 minutos"},"schema":{"@context":"https:\/\/schema.org","@graph":[{"@type":"WebPage","@id":"https:\/\/idecesos.com\/seguros\/companias\/fiatc\/navarra\/","url":"https:\/\/idecesos.com\/seguros\/companias\/fiatc\/navarra\/","name":"Oficinas Fiatc en Navarra | Tel\u00e9fonos, Horarios, Direcci\u00f3n","isPartOf":{"@id":"https:\/\/idecesos.com\/seguros\/#website"},"primaryImageOfPage":{"@id":"https:\/\/idecesos.com\/seguros\/companias\/fiatc\/navarra\/#primaryimage"},"image":{"@id":"https:\/\/idecesos.com\/seguros\/companias\/fiatc\/navarra\/#primaryimage"},"thumbnailUrl":"https:\/\/idecesos.com\/img\/decesos_fiatc.png","datePublished":"2021-09-07T20:50:53+00:00","dateModified":"2021-11-08T11:57:13+00:00","description":"Lista completa de Oficinas Fiatc en Navarra Horarios, \u2706 tel\u00e9fonos y direcciones actualizados en 2026 \u2714 Verificado por iDecesos.","breadcrumb":{"@id":"https:\/\/idecesos.com\/seguros\/companias\/fiatc\/navarra\/#breadcrumb"},"inLanguage":"es","potentialAction":[{"@type":"ReadAction","target":["https:\/\/idecesos.com\/seguros\/companias\/fiatc\/navarra\/"]}]},{"@type":"ImageObject","inLanguage":"es","@id":"https:\/\/idecesos.com\/seguros\/companias\/fiatc\/navarra\/#primaryimage","url":"https:\/\/idecesos.com\/img\/decesos_fiatc.png","contentUrl":"https:\/\/idecesos.com\/img\/decesos_fiatc.png"},{"@type":"BreadcrumbList","@id":"https:\/\/idecesos.com\/seguros\/companias\/fiatc\/navarra\/#breadcrumb","itemListElement":[{"@type":"ListItem","position":1,"name":"Portada","item":"https:\/\/idecesos.com\/seguros\/"},{"@type":"ListItem","position":2,"name":"Compa\u00f1\u00edas de Seguros de Decesos en Espa\u00f1a","item":"https:\/\/idecesos.com\/seguros\/companias\/"},{"@type":"ListItem","position":3,"name":"Seguro de Decesos FIATC","item":"https:\/\/idecesos.com\/seguros\/companias\/fiatc\/"},{"@type":"ListItem","position":4,"name":"Oficinas seguros de decesos Fiatc en Navarra"}]},{"@type":"WebSite","@id":"https:\/\/idecesos.com\/seguros\/#website","url":"https:\/\/idecesos.com\/seguros\/","name":"","description":"","potentialAction":[{"@type":"SearchAction","target":{"@type":"EntryPoint","urlTemplate":"https:\/\/idecesos.com\/seguros\/?s={search_term_string}"},"query-input":{"@type":"PropertyValueSpecification","valueRequired":true,"valueName":"search_term_string"}}],"inLanguage":"es"}]}},"_links":{"self":[{"href":"https:\/\/idecesos.com\/seguros\/wp-json\/wp\/v2\/pages\/6070","targetHints":{"allow":["GET"]}}],"collection":[{"href":"https:\/\/idecesos.com\/seguros\/wp-json\/wp\/v2\/pages"}],"about":[{"href":"https:\/\/idecesos.com\/seguros\/wp-json\/wp\/v2\/types\/page"}],"author":[{"embeddable":true,"href":"https:\/\/idecesos.com\/seguros\/wp-json\/wp\/v2\/users\/1"}],"replies":[{"embeddable":true,"href":"https:\/\/idecesos.com\/seguros\/wp-json\/wp\/v2\/comments?post=6070"}],"version-history":[{"count":3,"href":"https:\/\/idecesos.com\/seguros\/wp-json\/wp\/v2\/pages\/6070\/revisions"}],"predecessor-version":[{"id":13561,"href":"https:\/\/idecesos.com\/seguros\/wp-json\/wp\/v2\/pages\/6070\/revisions\/13561"}],"up":[{"embeddable":true,"href":"https:\/\/idecesos.com\/seguros\/wp-json\/wp\/v2\/pages\/621"}],"wp:attachment":[{"href":"https:\/\/idecesos.com\/seguros\/wp-json\/wp\/v2\/media?parent=6070"}],"curies":[{"name":"wp","href":"https:\/\/api.w.org\/{rel}","templated":true}]}}