{"id":6071,"date":"2021-09-07T20:54:59","date_gmt":"2021-09-07T20:50:53","guid":{"rendered":"https:\/\/idecesos.com\/seguros\/companias\/fiatc\/orense\/"},"modified":"2021-09-07T20:54:59","modified_gmt":"2021-09-07T20:54:59","slug":"orense","status":"publish","type":"page","link":"https:\/\/idecesos.com\/seguros\/companias\/fiatc\/orense\/","title":{"rendered":"Oficinas seguros de decesos Fiatc en Orense"},"content":{"rendered":"<div id=\"ez-toc-container\" class=\"ez-toc-v2_0_82_2 ez-toc-wrap-center counter-hierarchy ez-toc-counter ez-toc-custom ez-toc-container-direction\">\n<div class=\"ez-toc-title-container\">\n<p class=\"ez-toc-title\" style=\"cursor:inherit\">Tabla de Contenido<\/p>\n<span class=\"ez-toc-title-toggle\"><a href=\"#\" class=\"ez-toc-pull-right ez-toc-btn ez-toc-btn-xs ez-toc-btn-default ez-toc-toggle\" aria-label=\"Alternar tabla de contenidos\"><span class=\"ez-toc-js-icon-con\"><span class=\"\"><span class=\"eztoc-hide\" style=\"display:none;\">Toggle<\/span><span class=\"ez-toc-icon-toggle-span\"><svg style=\"fill: #db6415;color:#db6415\" xmlns=\"http:\/\/www.w3.org\/2000\/svg\" class=\"list-377408\" width=\"20px\" height=\"20px\" viewBox=\"0 0 24 24\" fill=\"none\"><path d=\"M6 6H4v2h2V6zm14 0H8v2h12V6zM4 11h2v2H4v-2zm16 0H8v2h12v-2zM4 16h2v2H4v-2zm16 0H8v2h12v-2z\" fill=\"currentColor\"><\/path><\/svg><svg style=\"fill: #db6415;color:#db6415\" class=\"arrow-unsorted-368013\" xmlns=\"http:\/\/www.w3.org\/2000\/svg\" width=\"10px\" height=\"10px\" viewBox=\"0 0 24 24\" version=\"1.2\" baseProfile=\"tiny\"><path d=\"M18.2 9.3l-6.2-6.3-6.2 6.3c-.2.2-.3.4-.3.7s.1.5.3.7c.2.2.4.3.7.3h11c.3 0 .5-.1.7-.3.2-.2.3-.5.3-.7s-.1-.5-.3-.7zM5.8 14.7l6.2 6.3 6.2-6.3c.2-.2.3-.5.3-.7s-.1-.5-.3-.7c-.2-.2-.4-.3-.7-.3h-11c-.3 0-.5.1-.7.3-.2.2-.3.5-.3.7s.1.5.3.7z\"\/><\/svg><\/span><\/span><\/span><\/a><\/span><\/div>\n<nav><ul class='ez-toc-list ez-toc-list-level-1 ' ><li class='ez-toc-page-1 ez-toc-heading-level-2'><a class=\"ez-toc-link ez-toc-heading-1\" href=\"https:\/\/idecesos.com\/seguros\/companias\/fiatc\/orense\/#Seguro_de_decesos_Fiatc_en_Orense\" >Seguro de decesos Fiatc en Orense<\/a><\/li><li class='ez-toc-page-1 ez-toc-heading-level-2'><a class=\"ez-toc-link ez-toc-heading-2\" href=\"https:\/\/idecesos.com\/seguros\/companias\/fiatc\/orense\/#Mapa_de_oficinas_de_seguros_Fiatc_en_Orense\" >Mapa de oficinas de seguros Fiatc en Orense<\/a><\/li><li class='ez-toc-page-1 ez-toc-heading-level-2'><a class=\"ez-toc-link ez-toc-heading-3\" href=\"https:\/\/idecesos.com\/seguros\/companias\/fiatc\/orense\/#Listado_de_agencias_Fiatc_en_Orense\" >Listado de agencias Fiatc en Orense<\/a><\/li><li class='ez-toc-page-1 ez-toc-heading-level-2'><a class=\"ez-toc-link ez-toc-heading-4\" href=\"https:\/\/idecesos.com\/seguros\/companias\/fiatc\/orense\/#Agencias_de_seguros_de_decesos_en_Orense\" >Agencias de seguros de decesos en Orense<\/a><ul class='ez-toc-list-level-3' ><li class='ez-toc-heading-level-3'><a class=\"ez-toc-link ez-toc-heading-5\" href=\"https:\/\/idecesos.com\/seguros\/companias\/fiatc\/orense\/#Listado_de_oficinas_Fiatc_en_Espana\" >Listado de oficinas Fiatc en Espa\u00f1a<\/a><\/li><\/ul><\/li><\/ul><\/nav><\/div>\n\n<p><a href=\"https:\/\/idecesos.com\/seguros\/companias\/fiatc\/\"><img decoding=\"async\" class=\"size-medium alignleft\" src=\"https:\/\/idecesos.com\/img\/decesos_fiatc.png\" alt=\"Seguro de decesos Fiatc\" \/><\/a>Existen diferentes <strong>oficinas de Fiatc en Orense<\/strong> ponemos a tu alcance la que mejor se adapte a las carencias que surjan o bien dudas de su p\u00f3liza contratada. Cada sucursal tiene un horario diferente en todos y cada temporada del a\u00f1o. Siempre que depender\u00e1 de la oficina de seguro, es esencial poder contar con un servicio m\u00e1s personal y que se halle cerca, para que puedan respaldar tus inconvenientes en cualquier instante. <\/p>\n<p>EMPRESA nos proporciona un servicio de calidad con car\u00e1cter m\u00e1s pr\u00f3ximo, con un nivel de comunicaci\u00f3n extraordinaria, merced a contar con su oficina. Es preciso saber d\u00f3nde encontrarlo. Respecto a sus servicios ser\u00e1n puesto en marcha en cualquier situaci\u00f3n. Siempre y en todo momento con el respaldo de una persona con experiencia, tambi\u00e9n dispones de poder solicitar presupuesto de una manera inmediata. <\/p>\n<p>Visita nuestra p\u00e1gina de <a href=\"https:\/\/idecesos.com\/seguros\/companias\/fiatc\/\">seguros de decesos Fiatc<\/a> para m\u00e1s informaci\u00f3n.<br \/>\n<div class=\"colorf \"  ><div class=\"container clearfix\"><div class=\"col-md-7\"><\/p>\n<h2><span class=\"ez-toc-section\" id=\"Seguro_de_decesos_Fiatc_en_Orense\"><\/span>Seguro de decesos Fiatc en Orense<span class=\"ez-toc-section-end\"><\/span><\/h2>\n<p>Empresa aseguradora es aquello donde te aseguran no solo tranquilidad, contando con los diferentes <a href=\"https:\/\/idecesos.com\/seguros\/ciudades\/orense\/\"><strong>seguro decesos de Orense<\/strong><\/a>. Adapt\u00e1ndose a ti y a tus necesidades o bien circunstancias.<br \/>\n\u00bfPara qui\u00e9n est\u00e1 dirigido el servicio de oficinas de Fiatc en Orense? para todas las personas que precisen gestionar de una manera m\u00e1s eficaz y r\u00e1pida, las gestiones oportunas. Obtendr\u00e1s de manera m\u00e1s productiva la soluci\u00f3n al error siendo un proceso m\u00e1s simple y adecuada. <\/p>\n<p>El servicio que damos es aquel m\u00e1s b\u00e1sico, contando con distintas de nuestras sucursales de Fiatc en Orense, con esto hemos querido que nuestros clientes tengan la oportunidad de obtener un presupuesto de manera inmediata. Asegur\u00e1ndote que es todo cuanto estas buscando y con las peculiaridades fundamentales. \u00a0Rellenar nuestro formulario, vas a ser de lo m\u00e1s f\u00e1ciles en tanto que no requiere de muchos procesos, mas conseguir\u00e1s todos y cada uno de los datos precisos. M\u00e1s solvente que proseguir buscando. <\/p>\n<p><\/div><\/div><\/div>\n\t\t<hr class=\"separador\">\n\t\t<div class=\"bloque-accion\">\n\t\t<p class=\"txt-accion\">Calcula el precio de tu seguro de decesos en menos de 1 minuto<\/p>\n\t\t<a class=\"btn-accion\" href=\"https:\/\/idecesos.com\/\">CALCULAR<\/a>\n\t\t<\/div>\n\t\t<hr class=\"separador\">\n\t\t<\/p>\n<h2><span class=\"ez-toc-section\" id=\"Mapa_de_oficinas_de_seguros_Fiatc_en_Orense\"><\/span>Mapa de oficinas de seguros Fiatc en Orense<span class=\"ez-toc-section-end\"><\/span><\/h2>\n<p>Te resultara c\u00f3modo conocer esta informaci\u00f3n que hemos generado para ti solamente donde veras un listado de oficinas de Fiatc en Orense que te aporta todos y cada uno de los datos necesarios as\u00ed como el <strong>mapa por Orense<\/strong> de sucursales de Fiatc, haci\u00e9ndote f\u00e1cil el dato de donde se encuentran localizados. Siendo de las m\u00e1s segura, te da todos los datos necesarios. <\/p>\n<p><iframe class=\"page-generator-pro-map\" width=\"100%\" height=\"400\" frameborder=\"0\" style=\"border:0\" src=\"https:\/\/www.google.com\/maps\/embed\/v1\/place?q=R%C3%BAa+tras+Rampa+Sas%2C+10%2C+32002+Ourense%2C+Espa%C3%B1a&#038;zoom=14&#038;maptype=roadmap&#038;key=AIzaSyCNTEOso0tZG6YMSJFoaJEY5Th1stEWrJI\" allowfullscreen><\/iframe><\/p>\n<p>&nbsp;<br \/>\n<div class=\"colorf\"><div class=\"container clearfix\"><div class=\"col-md-7\"><div class=\"empresas\"><\/p>\n<h2><span class=\"ez-toc-section\" id=\"Listado_de_agencias_Fiatc_en_Orense\"><\/span>Listado de agencias Fiatc en Orense<span class=\"ez-toc-section-end\"><\/span><\/h2>\n<ul>\n<li><strong>Fiatc Seguros Orense, Espa\u00f1a:<\/strong> R\u00faa tras Rampa Sas, 10, 32002 Ourense, Espa\u00f1a<\/li>\n<\/ul>\n<\/div><\/div><\/div><\/div>\n<h2><span class=\"ez-toc-section\" id=\"Agencias_de_seguros_de_decesos_en_Orense\"><\/span>Agencias de seguros de decesos en Orense<span class=\"ez-toc-section-end\"><\/span><\/h2>\n<p>Evit\u00e1ndote registros in\u00fatiles, hemos creado un cat\u00e1logo de cada empresa de seguros de decesos en Orense facilit\u00e1ndote en todo momento a esta informaci\u00f3n, que dispondr\u00e1n en cualquier circunstancias, donde quedara actualizado. Te resultara tan simple, que obtienes todos los datos pertinentes, donde no te quedar\u00e1s con ning\u00fan g\u00e9nero de duda. <\/p>\n<!-- Shortcode [fiatc] does not exist -->\n<div class=\"colorf\"><div class=\"container clearfix\"><div class=\"col-md-7\"><div class=\"empresas\">\n<h3><span class=\"ez-toc-section\" id=\"Listado_de_oficinas_Fiatc_en_Espana\"><\/span>Listado de oficinas Fiatc en Espa\u00f1a<span class=\"ez-toc-section-end\"><\/span><\/h3>\n<div class=\"enlazado\"><ul><li><a href=\"https:\/\/idecesos.com\/seguros\/companias\/fiatc\/albacete\/\"><span>Oficinas seguros de decesos Fiatc en Albacete<\/span><\/a><\/li><li><a href=\"https:\/\/idecesos.com\/seguros\/companias\/fiatc\/baleares\/\"><span>Oficinas seguros de decesos Fiatc en Baleares<\/span><\/a><\/li><li><a href=\"https:\/\/idecesos.com\/seguros\/companias\/fiatc\/cantabria\/\"><span>Oficinas seguros de decesos Fiatc en Cantabria<\/span><\/a><\/li><li><a href=\"https:\/\/idecesos.com\/seguros\/companias\/fiatc\/castellon\/\"><span>Oficinas seguros de decesos Fiatc en Castell\u00f3n<\/span><\/a><\/li><li><a href=\"https:\/\/idecesos.com\/seguros\/companias\/fiatc\/ciudad-real\/\"><span>Oficinas seguros de decesos Fiatc en Ciudad Real<\/span><\/a><\/li><li><a href=\"https:\/\/idecesos.com\/seguros\/companias\/fiatc\/cordoba\/\"><span>Oficinas seguros de decesos Fiatc en C\u00f3rdoba<\/span><\/a><\/li><li><a href=\"https:\/\/idecesos.com\/seguros\/companias\/fiatc\/gerona\/\"><span>Oficinas seguros de decesos Fiatc en Gerona<\/span><\/a><\/li><li><a href=\"https:\/\/idecesos.com\/seguros\/companias\/fiatc\/guipuzcoa\/\"><span>Oficinas seguros de decesos Fiatc en Guip\u00fazcoa<\/span><\/a><\/li><li><a href=\"https:\/\/idecesos.com\/seguros\/companias\/fiatc\/huesca\/\"><span>Oficinas seguros de decesos Fiatc en Huesca<\/span><\/a><\/li><li><a href=\"https:\/\/idecesos.com\/seguros\/companias\/fiatc\/las-palmas\/\"><span>Oficinas seguros de decesos Fiatc en Las palmas<\/span><\/a><\/li><li><a href=\"https:\/\/idecesos.com\/seguros\/companias\/fiatc\/leon\/\"><span>Oficinas seguros de decesos Fiatc en Le\u00f3n<\/span><\/a><\/li><li><a href=\"https:\/\/idecesos.com\/seguros\/companias\/fiatc\/lerida\/\"><span>Oficinas seguros de decesos Fiatc en L\u00e9rida<\/span><\/a><\/li><li><a href=\"https:\/\/idecesos.com\/seguros\/companias\/fiatc\/pontevedra\/\"><span>Oficinas seguros de decesos Fiatc en Pontevedra<\/span><\/a><\/li><li><a href=\"https:\/\/idecesos.com\/seguros\/companias\/fiatc\/valencia\/\"><span>Oficinas seguros de decesos Fiatc en Valencia<\/span><\/a><\/li><li><a href=\"https:\/\/idecesos.com\/seguros\/companias\/fiatc\/zamora\/\"><span>Oficinas seguros de decesos Fiatc en Zamora<\/span><\/a><\/li><li><a href=\"https:\/\/idecesos.com\/seguros\/companias\/fiatc\/dar-de-baja\/\"><span>\u00bfC\u00f3mo dar de baja seguro Fiatc?<\/span><\/a><\/li><\/ul><\/div>\n<\/div><\/div><\/div><\/div>\n","protected":false},"excerpt":{"rendered":"<p>Existen diferentes oficinas de Fiatc en Orense ponemos a tu alcance la que mejor se adapte a las carencias que surjan o bien dudas de su p\u00f3liza contratada. Cada sucursal tiene un horario diferente en todos y cada temporada del a\u00f1o. Siempre que depender\u00e1 de la oficina de seguro, es esencial poder contar con un&hellip; <\/p>\n","protected":false},"author":0,"featured_media":0,"parent":621,"menu_order":0,"comment_status":"closed","ping_status":"closed","template":"page-templates\/companies.php","meta":{"footnotes":""},"class_list":["post-6071","page","type-page","status-publish","hentry"],"yoast_head":"<!-- This site is optimized with the Yoast SEO plugin v27.3 - https:\/\/yoast.com\/product\/yoast-seo-wordpress\/ -->\n<title>Oficinas Fiatc en Orense | Tel\u00e9fonos, Horarios, Direcci\u00f3n<\/title>\n<meta name=\"description\" content=\"Lista completa de Oficinas Fiatc en Orense Horarios, \u2706 tel\u00e9fonos y direcciones actualizados en 2026 \u2714 Verificado por iDecesos.\" \/>\n<meta name=\"robots\" content=\"index, follow, max-snippet:-1, max-image-preview:large, max-video-preview:-1\" \/>\n<link rel=\"canonical\" href=\"https:\/\/idecesos.com\/seguros\/companias\/fiatc\/orense\/\" \/>\n<meta property=\"og:locale\" content=\"es_ES\" \/>\n<meta property=\"og:type\" content=\"article\" \/>\n<meta property=\"og:title\" content=\"Oficinas Fiatc en Orense | Tel\u00e9fonos, Horarios, Direcci\u00f3n\" \/>\n<meta property=\"og:description\" content=\"Lista completa de Oficinas Fiatc en Orense Horarios, \u2706 tel\u00e9fonos y direcciones actualizados en 2026 \u2714 Verificado por iDecesos.\" \/>\n<meta property=\"og:url\" content=\"https:\/\/idecesos.com\/seguros\/companias\/fiatc\/orense\/\" \/>\n<meta property=\"article:modified_time\" content=\"2021-09-07T20:54:59+00:00\" \/>\n<meta property=\"og:image\" content=\"https:\/\/idecesos.com\/img\/decesos_fiatc.png\" \/>\n<meta name=\"twitter:card\" content=\"summary_large_image\" \/>\n<meta name=\"twitter:label1\" content=\"Tiempo de lectura\" \/>\n\t<meta name=\"twitter:data1\" content=\"39 minutos\" \/>\n<script type=\"application\/ld+json\" class=\"yoast-schema-graph\">{\"@context\":\"https:\\\/\\\/schema.org\",\"@graph\":[{\"@type\":\"WebPage\",\"@id\":\"https:\\\/\\\/idecesos.com\\\/seguros\\\/companias\\\/fiatc\\\/orense\\\/\",\"url\":\"https:\\\/\\\/idecesos.com\\\/seguros\\\/companias\\\/fiatc\\\/orense\\\/\",\"name\":\"Oficinas Fiatc en Orense | Tel\u00e9fonos, Horarios, Direcci\u00f3n\",\"isPartOf\":{\"@id\":\"https:\\\/\\\/idecesos.com\\\/seguros\\\/#website\"},\"primaryImageOfPage\":{\"@id\":\"https:\\\/\\\/idecesos.com\\\/seguros\\\/companias\\\/fiatc\\\/orense\\\/#primaryimage\"},\"image\":{\"@id\":\"https:\\\/\\\/idecesos.com\\\/seguros\\\/companias\\\/fiatc\\\/orense\\\/#primaryimage\"},\"thumbnailUrl\":\"https:\\\/\\\/idecesos.com\\\/img\\\/decesos_fiatc.png\",\"datePublished\":\"2021-09-07T20:50:53+00:00\",\"dateModified\":\"2021-09-07T20:54:59+00:00\",\"description\":\"Lista completa de Oficinas Fiatc en Orense Horarios, \u2706 tel\u00e9fonos y direcciones actualizados en 2026 \u2714 Verificado por iDecesos.\",\"breadcrumb\":{\"@id\":\"https:\\\/\\\/idecesos.com\\\/seguros\\\/companias\\\/fiatc\\\/orense\\\/#breadcrumb\"},\"inLanguage\":\"es\",\"potentialAction\":[{\"@type\":\"ReadAction\",\"target\":[\"https:\\\/\\\/idecesos.com\\\/seguros\\\/companias\\\/fiatc\\\/orense\\\/\"]}]},{\"@type\":\"ImageObject\",\"inLanguage\":\"es\",\"@id\":\"https:\\\/\\\/idecesos.com\\\/seguros\\\/companias\\\/fiatc\\\/orense\\\/#primaryimage\",\"url\":\"https:\\\/\\\/idecesos.com\\\/img\\\/decesos_fiatc.png\",\"contentUrl\":\"https:\\\/\\\/idecesos.com\\\/img\\\/decesos_fiatc.png\"},{\"@type\":\"BreadcrumbList\",\"@id\":\"https:\\\/\\\/idecesos.com\\\/seguros\\\/companias\\\/fiatc\\\/orense\\\/#breadcrumb\",\"itemListElement\":[{\"@type\":\"ListItem\",\"position\":1,\"name\":\"Portada\",\"item\":\"https:\\\/\\\/idecesos.com\\\/seguros\\\/\"},{\"@type\":\"ListItem\",\"position\":2,\"name\":\"Compa\u00f1\u00edas de Seguros de Decesos en Espa\u00f1a\",\"item\":\"https:\\\/\\\/idecesos.com\\\/seguros\\\/companias\\\/\"},{\"@type\":\"ListItem\",\"position\":3,\"name\":\"Seguro de Decesos FIATC\",\"item\":\"https:\\\/\\\/idecesos.com\\\/seguros\\\/companias\\\/fiatc\\\/\"},{\"@type\":\"ListItem\",\"position\":4,\"name\":\"Oficinas seguros de decesos Fiatc en Orense\"}]},{\"@type\":\"WebSite\",\"@id\":\"https:\\\/\\\/idecesos.com\\\/seguros\\\/#website\",\"url\":\"https:\\\/\\\/idecesos.com\\\/seguros\\\/\",\"name\":\"\",\"description\":\"\",\"potentialAction\":[{\"@type\":\"SearchAction\",\"target\":{\"@type\":\"EntryPoint\",\"urlTemplate\":\"https:\\\/\\\/idecesos.com\\\/seguros\\\/?s={search_term_string}\"},\"query-input\":{\"@type\":\"PropertyValueSpecification\",\"valueRequired\":true,\"valueName\":\"search_term_string\"}}],\"inLanguage\":\"es\"}]}<\/script>\n<!-- \/ Yoast SEO plugin. -->","yoast_head_json":{"title":"Oficinas Fiatc en Orense | Tel\u00e9fonos, Horarios, Direcci\u00f3n","description":"Lista completa de Oficinas Fiatc en Orense Horarios, \u2706 tel\u00e9fonos y direcciones actualizados en 2026 \u2714 Verificado por iDecesos.","robots":{"index":"index","follow":"follow","max-snippet":"max-snippet:-1","max-image-preview":"max-image-preview:large","max-video-preview":"max-video-preview:-1"},"canonical":"https:\/\/idecesos.com\/seguros\/companias\/fiatc\/orense\/","og_locale":"es_ES","og_type":"article","og_title":"Oficinas Fiatc en Orense | Tel\u00e9fonos, Horarios, Direcci\u00f3n","og_description":"Lista completa de Oficinas Fiatc en Orense Horarios, \u2706 tel\u00e9fonos y direcciones actualizados en 2026 \u2714 Verificado por iDecesos.","og_url":"https:\/\/idecesos.com\/seguros\/companias\/fiatc\/orense\/","article_modified_time":"2021-09-07T20:54:59+00:00","og_image":[{"url":"https:\/\/idecesos.com\/img\/decesos_fiatc.png","type":"","width":"","height":""}],"twitter_card":"summary_large_image","twitter_misc":{"Tiempo de lectura":"39 minutos"},"schema":{"@context":"https:\/\/schema.org","@graph":[{"@type":"WebPage","@id":"https:\/\/idecesos.com\/seguros\/companias\/fiatc\/orense\/","url":"https:\/\/idecesos.com\/seguros\/companias\/fiatc\/orense\/","name":"Oficinas Fiatc en Orense | Tel\u00e9fonos, Horarios, Direcci\u00f3n","isPartOf":{"@id":"https:\/\/idecesos.com\/seguros\/#website"},"primaryImageOfPage":{"@id":"https:\/\/idecesos.com\/seguros\/companias\/fiatc\/orense\/#primaryimage"},"image":{"@id":"https:\/\/idecesos.com\/seguros\/companias\/fiatc\/orense\/#primaryimage"},"thumbnailUrl":"https:\/\/idecesos.com\/img\/decesos_fiatc.png","datePublished":"2021-09-07T20:50:53+00:00","dateModified":"2021-09-07T20:54:59+00:00","description":"Lista completa de Oficinas Fiatc en Orense Horarios, \u2706 tel\u00e9fonos y direcciones actualizados en 2026 \u2714 Verificado por iDecesos.","breadcrumb":{"@id":"https:\/\/idecesos.com\/seguros\/companias\/fiatc\/orense\/#breadcrumb"},"inLanguage":"es","potentialAction":[{"@type":"ReadAction","target":["https:\/\/idecesos.com\/seguros\/companias\/fiatc\/orense\/"]}]},{"@type":"ImageObject","inLanguage":"es","@id":"https:\/\/idecesos.com\/seguros\/companias\/fiatc\/orense\/#primaryimage","url":"https:\/\/idecesos.com\/img\/decesos_fiatc.png","contentUrl":"https:\/\/idecesos.com\/img\/decesos_fiatc.png"},{"@type":"BreadcrumbList","@id":"https:\/\/idecesos.com\/seguros\/companias\/fiatc\/orense\/#breadcrumb","itemListElement":[{"@type":"ListItem","position":1,"name":"Portada","item":"https:\/\/idecesos.com\/seguros\/"},{"@type":"ListItem","position":2,"name":"Compa\u00f1\u00edas de Seguros de Decesos en Espa\u00f1a","item":"https:\/\/idecesos.com\/seguros\/companias\/"},{"@type":"ListItem","position":3,"name":"Seguro de Decesos FIATC","item":"https:\/\/idecesos.com\/seguros\/companias\/fiatc\/"},{"@type":"ListItem","position":4,"name":"Oficinas seguros de decesos Fiatc en Orense"}]},{"@type":"WebSite","@id":"https:\/\/idecesos.com\/seguros\/#website","url":"https:\/\/idecesos.com\/seguros\/","name":"","description":"","potentialAction":[{"@type":"SearchAction","target":{"@type":"EntryPoint","urlTemplate":"https:\/\/idecesos.com\/seguros\/?s={search_term_string}"},"query-input":{"@type":"PropertyValueSpecification","valueRequired":true,"valueName":"search_term_string"}}],"inLanguage":"es"}]}},"_links":{"self":[{"href":"https:\/\/idecesos.com\/seguros\/wp-json\/wp\/v2\/pages\/6071","targetHints":{"allow":["GET"]}}],"collection":[{"href":"https:\/\/idecesos.com\/seguros\/wp-json\/wp\/v2\/pages"}],"about":[{"href":"https:\/\/idecesos.com\/seguros\/wp-json\/wp\/v2\/types\/page"}],"replies":[{"embeddable":true,"href":"https:\/\/idecesos.com\/seguros\/wp-json\/wp\/v2\/comments?post=6071"}],"version-history":[{"count":1,"href":"https:\/\/idecesos.com\/seguros\/wp-json\/wp\/v2\/pages\/6071\/revisions"}],"predecessor-version":[{"id":6116,"href":"https:\/\/idecesos.com\/seguros\/wp-json\/wp\/v2\/pages\/6071\/revisions\/6116"}],"up":[{"embeddable":true,"href":"https:\/\/idecesos.com\/seguros\/wp-json\/wp\/v2\/pages\/621"}],"wp:attachment":[{"href":"https:\/\/idecesos.com\/seguros\/wp-json\/wp\/v2\/media?parent=6071"}],"curies":[{"name":"wp","href":"https:\/\/api.w.org\/{rel}","templated":true}]}}