{"id":611,"date":"2021-07-12T15:47:10","date_gmt":"2021-07-12T15:47:10","guid":{"rendered":"https:\/\/idecesos.com\/seguros\/?page_id=611"},"modified":"2024-12-11T13:37:37","modified_gmt":"2024-12-11T12:37:37","slug":"coberturas","status":"publish","type":"page","link":"https:\/\/idecesos.com\/seguros\/companias\/caser\/coberturas\/","title":{"rendered":"Coberturas Seguro de Decesos Caser"},"content":{"rendered":"\r\n\r\n<p>Los seguros de decesos de Caser, son unos seguros muy completos, porque ofrecen una gran variedad de garant\u00edas y servicios adicionales para el cuidado de usted y los suyos en los momentos m\u00e1s dolorosos de cara al fallecimiento de un familiar o del propio asegurado<\/p>\r\n\r\n\r\n\r\n<p>La compa\u00f1\u00eda tiene dos subtipos de seguros de decesos, por un lado, est\u00e1 el seguro de decesos de Caser Familiar y por otro lado el seguro de Decesos Creciente. La diferencia entre ambos, se basa principalmente en que el segundo, tiene un precio de forma creciente como su propio nombre indica, de esta manera, tendr\u00e1 las mismas coberturas que el primero, pero pagando menos cantidad durante los \u00faltimos a\u00f1os.<\/p>\r\n\r\n\r\n\r\n<p>La garant\u00eda m\u00e1s b\u00e1sica que cubre es todo lo que deriva del servicio f\u00fanebre. La compa\u00f1\u00eda se adapta a las costumbres y necesidades de cada familia, dependiendo de la localidad donde viva, adem\u00e1s no tienen que dejar por escrito en el momento de contrataci\u00f3n de la p\u00f3liza lo que quiere hacer en caso de fallecimiento, si quiere un entierro o si quiere una incineraci\u00f3n. Este seguro incluye un arca f\u00fanebre, servicio de capilla ardiente, acondicionamiento del cuerpo, coche f\u00fanebre y coche de acompa\u00f1amiento, coronas de flores, servicios religiosos o contrataci\u00f3n del servicio de tanatorio, tambi\u00e9n del alquiler o compra del nicho o de la l\u00e1pida y su inscripci\u00f3n, adem\u00e1s cubre todas las gestiones para conseguir los certificados oficiales necesarios, ya sea de defunci\u00f3n, de orfandad, viudedad, etc.<\/p>\r\n\r\n\r\n\r\n<p>En un momento dado, tambi\u00e9n cubre el servicio f\u00fanebre de los hijos del asegurado, tanto si mueren antes de cumplir treinta d\u00edas de vida o si se produce durante la gestaci\u00f3n y el embarazo se interrumpe de forma involuntaria.<\/p>\r\n\r\n\r\n\r\n<p>Hay otra serie de garant\u00edas y servicios que se incluyen dentro del seguro de decesos de Caser. Uno de ellos es la asistencia en traslados, si el asegurado se encuentra en el extranjero y se produce el fallecimiento o el accidente de un familiar cercano, la compa\u00f1\u00eda le cubre los gastos del traslado, desde cualquier parte del mundo hasta Espa\u00f1a. De la misma manera, si el beneficiario fallece en el extranjero, tambi\u00e9n se hace cargo de la repatriaci\u00f3n y ofrece un viaje a un familiar para que pueda acompa\u00f1ar a su ser querido fallecido en este traslado, la \u00fanica excepci\u00f3n que establece es que no se aplica a las personas aseguradas que residan en el extranjero.<\/p>\r\n\r\n\r\n\r\n<p>Otra de las garant\u00edas es que, en caso de accidente, el asegurado no se encontrar\u00e1 solo, pues Caser,\u00a0 con su seguro de decesos tambi\u00e9n se preocupa por los gastos que puede conllevar tal hecho, tanto si \u00e9ste se produce en Espa\u00f1a o si se produce en el extranjero. Si se encuentra en el extranjero, la compa\u00f1\u00eda se responsabiliza de que un familiar viaje hasta donde usted est\u00e9 para que lo pueda acompa\u00f1ar, tanto en la repatriaci\u00f3n en caso de fallecimiento o en caso de hospitalizaci\u00f3n por un accidente de tr\u00e1fico o si tiene una enfermedad grave, por otro lado, si usted se encuentra en Espa\u00f1a, Caser cubre los gastos del traslado dentro del territorio espa\u00f1ol, as\u00ed como que asume los costes de ambulancia en caso de que el asegurado tenga un accidente a m\u00e1s de treinta kil\u00f3metros de su vivienda habitual. De esta manera, garantizan los gastos m\u00e9dicos de urgencia que deriven de una enfermedad grave o de un accidente de tr\u00e1fico, tambi\u00e9n del env\u00edo de medicamentos que se consideren necesarios para poder vivir, como son tratamiento de alergias, asmas u otras enfermedades graves, o bien, se encargan de que un especialista m\u00e9dico visite al asegurado en caso de que \u00e9ste tenga un accidente o una enfermedad. Tambi\u00e9n te ofrece un dep\u00f3sito necesario en caso de que tenga que pagar una fianza judicial como consecuencia de un accidente de tr\u00e1fico, tambi\u00e9n brinda asistencia a menores de edad tanto si viajan con el asegurado como si no lo hacen. Te aseguran obtener toda la informaci\u00f3n necesaria en sus viajes al extranjero, as\u00ed como que se hace cargo de transmitir a sus familiares todos los mensajes urgentes desde el extranjero.<\/p>\r\n\r\n\r\n\r\n<p>Si sufre un accidente de tr\u00e1fico, la compa\u00f1\u00eda Caser Seguros pone a su disposici\u00f3n una cifra de un total de seis mil euros para cada una de las personas que est\u00e1n registradas en la p\u00f3liza de su seguro en forma de indemnizaci\u00f3n, por si sufre en dicho accidente, una invalidez absoluta, permanente total o permanente parcial que le impida ejercer su trabajo durante al menos tres meses, o bien, si en dicho accidente fallece alg\u00fan familiar. Esta garant\u00eda est\u00e1 destinada a las personas mayores de edad. Si usted tiene m\u00e1s de setenta a\u00f1os s\u00f3lo se aplicar\u00e1 la cobertura de fallecimiento por accidente.<\/p>\r\n\r\n\r\n\r\n<p>En los momentos m\u00e1s duros, una compa\u00f1\u00eda como Caser no dejar\u00e1 de estar a tu lado, por ello te ofrece la mejor asistencia psicol\u00f3gica para usted y los suyos, de cara a un fallecimiento, siempre que sea en los seis meses despu\u00e9s del fallecimiento, a un familiar por asegurado fallecido con un m\u00e1ximo de seis sesiones personales en un psic\u00f3logo. De la misma forma, tambi\u00e9n ofrece orientaci\u00f3n en los procesos legales y jur\u00eddicos m\u00e1s importantes como son la redacci\u00f3n del testamento, que puede rehacerse si lo desea con posterioridad o bien, le ayudan para la que pueda obtener los certificados de defunci\u00f3n, de nacimiento, de matrimonio, contratos de coberturas en caso de fallecimiento o el registro de las \u00faltimas voluntades.<\/p>\r\n\r\n\r\n\r\n<p>La compa\u00f1\u00eda tambi\u00e9n ofrece esto \u00faltimo por v\u00eda telef\u00f3nica, ya que puede orientar a usted y a los suyos en c\u00f3mo resolver cualquier de los problemas que tengan que ver con la legalidad, brind\u00e1ndole ayuda jur\u00eddica o administrativas como consecuencia del fallecimiento de la persona asegurada.<\/p>\r\n\r\n\r\n\r\n<p>Una de las garant\u00edas m\u00e1s innovadoras es el borrado de la vida digital en caso de que el asegurado fallezca, por ello, se har\u00e1n responsables de cerrar todas las cuentas que tenga en las redes sociales, correos electr\u00f3nicos o p\u00e1ginas webs, ya sean datos personales que ha usado para completar un formulario online o todas las b\u00fasquedas que realice en los diferentes buscadores, sobre todo en las multas y denuncias que est\u00e9 implicado.<\/p>\r\n\r\n<h3>P\u00e1ginas relacionadas<\/h3><div class=\"enlazado\"><ul> <li><a href=\"https:\/\/idecesos.com\/seguros\/companias\/caser\/coberturas\/\">Coberturas Seguro de Decesos Caser<\/a><\/li> <li><a href=\"https:\/\/idecesos.com\/seguros\/companias\/caser\/opiniones\/\">Opiniones Caser<\/a><\/li> <li><a href=\"https:\/\/idecesos.com\/seguros\/companias\/caser\/precio\/\">Precio seguro Caser<\/a><\/li> <li><a href=\"https:\/\/idecesos.com\/seguros\/companias\/caser\/prima-mixta\/\">Caser Prima Mixta<\/a><\/li> <li><a href=\"https:\/\/idecesos.com\/seguros\/companias\/caser\/prima-natural\/\">Caser Prima Natural<\/a><\/li> <li><a href=\"https:\/\/idecesos.com\/seguros\/companias\/caser\/prima-nivelada\/\">Caser Prima Nivelada<\/a><\/li> <li><a href=\"https:\/\/idecesos.com\/seguros\/companias\/caser\/prima-unica\/\">Caser Prima \u00danica<\/a><\/li> <li><a href=\"https:\/\/idecesos.com\/seguros\/companias\/caser\/repatriacion\/\">Caser Repatriaci\u00f3n<\/a><\/li> <li><a href=\"https:\/\/idecesos.com\/seguros\/companias\/caser\/telefono\/\">Tel\u00e9fono Gratuito Caser<\/a><\/li><\/ul><\/div>","protected":false},"excerpt":{"rendered":"<p>Los seguros de decesos de Caser, son unos seguros muy completos, porque ofrecen una gran variedad de garant\u00edas y servicios adicionales para el cuidado de usted y los suyos en los momentos m\u00e1s dolorosos de cara al fallecimiento de un familiar o del propio asegurado La compa\u00f1\u00eda tiene dos subtipos de seguros de decesos, por&hellip; <\/p>\n","protected":false},"author":2,"featured_media":0,"parent":609,"menu_order":0,"comment_status":"closed","ping_status":"closed","template":"single.php","meta":{"footnotes":""},"class_list":["post-611","page","type-page","status-publish","hentry"],"yoast_head":"<!-- This site is optimized with the Yoast SEO plugin v27.3 - https:\/\/yoast.com\/product\/yoast-seo-wordpress\/ -->\n<title>Coberturas Seguro de Decesos Caser | Gu\u00eda 2026<\/title>\n<meta name=\"description\" content=\"Consulta gratis las coberturas y servicios del Seguro de Decesos Caser Informaci\u00f3n actualizada en 2026. Coberturas verificadas por iDecesos.\" \/>\n<meta name=\"robots\" content=\"index, follow, max-snippet:-1, max-image-preview:large, max-video-preview:-1\" \/>\n<link rel=\"canonical\" href=\"https:\/\/idecesos.com\/seguros\/companias\/caser\/coberturas\/\" \/>\n<meta property=\"og:locale\" content=\"es_ES\" \/>\n<meta property=\"og:type\" content=\"article\" \/>\n<meta property=\"og:title\" content=\"Coberturas Seguro de Decesos Caser | Gu\u00eda 2026\" \/>\n<meta property=\"og:description\" content=\"Consulta gratis las coberturas y servicios del Seguro de Decesos Caser Informaci\u00f3n actualizada en 2026. Coberturas verificadas por iDecesos.\" \/>\n<meta property=\"og:url\" content=\"https:\/\/idecesos.com\/seguros\/companias\/caser\/coberturas\/\" \/>\n<meta property=\"article:modified_time\" content=\"2024-12-11T12:37:37+00:00\" \/>\n<meta name=\"twitter:card\" content=\"summary_large_image\" \/>\n<meta name=\"twitter:label1\" content=\"Tiempo de lectura\" \/>\n\t<meta name=\"twitter:data1\" content=\"5 minutos\" \/>\n<script type=\"application\/ld+json\" class=\"yoast-schema-graph\">{\"@context\":\"https:\\\/\\\/schema.org\",\"@graph\":[{\"@type\":\"WebPage\",\"@id\":\"https:\\\/\\\/idecesos.com\\\/seguros\\\/companias\\\/caser\\\/coberturas\\\/\",\"url\":\"https:\\\/\\\/idecesos.com\\\/seguros\\\/companias\\\/caser\\\/coberturas\\\/\",\"name\":\"Coberturas Seguro de Decesos Caser | Gu\u00eda 2026\",\"isPartOf\":{\"@id\":\"https:\\\/\\\/idecesos.com\\\/seguros\\\/#website\"},\"datePublished\":\"2021-07-12T15:47:10+00:00\",\"dateModified\":\"2024-12-11T12:37:37+00:00\",\"description\":\"Consulta gratis las coberturas y servicios del Seguro de Decesos Caser Informaci\u00f3n actualizada en 2026. Coberturas verificadas por iDecesos.\",\"breadcrumb\":{\"@id\":\"https:\\\/\\\/idecesos.com\\\/seguros\\\/companias\\\/caser\\\/coberturas\\\/#breadcrumb\"},\"inLanguage\":\"es\",\"potentialAction\":[{\"@type\":\"ReadAction\",\"target\":[\"https:\\\/\\\/idecesos.com\\\/seguros\\\/companias\\\/caser\\\/coberturas\\\/\"]}]},{\"@type\":\"BreadcrumbList\",\"@id\":\"https:\\\/\\\/idecesos.com\\\/seguros\\\/companias\\\/caser\\\/coberturas\\\/#breadcrumb\",\"itemListElement\":[{\"@type\":\"ListItem\",\"position\":1,\"name\":\"Portada\",\"item\":\"https:\\\/\\\/idecesos.com\\\/seguros\\\/\"},{\"@type\":\"ListItem\",\"position\":2,\"name\":\"Compa\u00f1\u00edas de Seguros de Decesos en Espa\u00f1a\",\"item\":\"https:\\\/\\\/idecesos.com\\\/seguros\\\/companias\\\/\"},{\"@type\":\"ListItem\",\"position\":3,\"name\":\"Seguro de Decesos Caser\",\"item\":\"https:\\\/\\\/idecesos.com\\\/seguros\\\/companias\\\/caser\\\/\"},{\"@type\":\"ListItem\",\"position\":4,\"name\":\"Coberturas Seguro de Decesos Caser\"}]},{\"@type\":\"WebSite\",\"@id\":\"https:\\\/\\\/idecesos.com\\\/seguros\\\/#website\",\"url\":\"https:\\\/\\\/idecesos.com\\\/seguros\\\/\",\"name\":\"\",\"description\":\"\",\"potentialAction\":[{\"@type\":\"SearchAction\",\"target\":{\"@type\":\"EntryPoint\",\"urlTemplate\":\"https:\\\/\\\/idecesos.com\\\/seguros\\\/?s={search_term_string}\"},\"query-input\":{\"@type\":\"PropertyValueSpecification\",\"valueRequired\":true,\"valueName\":\"search_term_string\"}}],\"inLanguage\":\"es\"}]}<\/script>\n<!-- \/ Yoast SEO plugin. -->","yoast_head_json":{"title":"Coberturas Seguro de Decesos Caser | Gu\u00eda 2026","description":"Consulta gratis las coberturas y servicios del Seguro de Decesos Caser Informaci\u00f3n actualizada en 2026. Coberturas verificadas por iDecesos.","robots":{"index":"index","follow":"follow","max-snippet":"max-snippet:-1","max-image-preview":"max-image-preview:large","max-video-preview":"max-video-preview:-1"},"canonical":"https:\/\/idecesos.com\/seguros\/companias\/caser\/coberturas\/","og_locale":"es_ES","og_type":"article","og_title":"Coberturas Seguro de Decesos Caser | Gu\u00eda 2026","og_description":"Consulta gratis las coberturas y servicios del Seguro de Decesos Caser Informaci\u00f3n actualizada en 2026. Coberturas verificadas por iDecesos.","og_url":"https:\/\/idecesos.com\/seguros\/companias\/caser\/coberturas\/","article_modified_time":"2024-12-11T12:37:37+00:00","twitter_card":"summary_large_image","twitter_misc":{"Tiempo de lectura":"5 minutos"},"schema":{"@context":"https:\/\/schema.org","@graph":[{"@type":"WebPage","@id":"https:\/\/idecesos.com\/seguros\/companias\/caser\/coberturas\/","url":"https:\/\/idecesos.com\/seguros\/companias\/caser\/coberturas\/","name":"Coberturas Seguro de Decesos Caser | Gu\u00eda 2026","isPartOf":{"@id":"https:\/\/idecesos.com\/seguros\/#website"},"datePublished":"2021-07-12T15:47:10+00:00","dateModified":"2024-12-11T12:37:37+00:00","description":"Consulta gratis las coberturas y servicios del Seguro de Decesos Caser Informaci\u00f3n actualizada en 2026. Coberturas verificadas por iDecesos.","breadcrumb":{"@id":"https:\/\/idecesos.com\/seguros\/companias\/caser\/coberturas\/#breadcrumb"},"inLanguage":"es","potentialAction":[{"@type":"ReadAction","target":["https:\/\/idecesos.com\/seguros\/companias\/caser\/coberturas\/"]}]},{"@type":"BreadcrumbList","@id":"https:\/\/idecesos.com\/seguros\/companias\/caser\/coberturas\/#breadcrumb","itemListElement":[{"@type":"ListItem","position":1,"name":"Portada","item":"https:\/\/idecesos.com\/seguros\/"},{"@type":"ListItem","position":2,"name":"Compa\u00f1\u00edas de Seguros de Decesos en Espa\u00f1a","item":"https:\/\/idecesos.com\/seguros\/companias\/"},{"@type":"ListItem","position":3,"name":"Seguro de Decesos Caser","item":"https:\/\/idecesos.com\/seguros\/companias\/caser\/"},{"@type":"ListItem","position":4,"name":"Coberturas Seguro de Decesos Caser"}]},{"@type":"WebSite","@id":"https:\/\/idecesos.com\/seguros\/#website","url":"https:\/\/idecesos.com\/seguros\/","name":"","description":"","potentialAction":[{"@type":"SearchAction","target":{"@type":"EntryPoint","urlTemplate":"https:\/\/idecesos.com\/seguros\/?s={search_term_string}"},"query-input":{"@type":"PropertyValueSpecification","valueRequired":true,"valueName":"search_term_string"}}],"inLanguage":"es"}]}},"_links":{"self":[{"href":"https:\/\/idecesos.com\/seguros\/wp-json\/wp\/v2\/pages\/611","targetHints":{"allow":["GET"]}}],"collection":[{"href":"https:\/\/idecesos.com\/seguros\/wp-json\/wp\/v2\/pages"}],"about":[{"href":"https:\/\/idecesos.com\/seguros\/wp-json\/wp\/v2\/types\/page"}],"author":[{"embeddable":true,"href":"https:\/\/idecesos.com\/seguros\/wp-json\/wp\/v2\/users\/2"}],"replies":[{"embeddable":true,"href":"https:\/\/idecesos.com\/seguros\/wp-json\/wp\/v2\/comments?post=611"}],"version-history":[{"count":4,"href":"https:\/\/idecesos.com\/seguros\/wp-json\/wp\/v2\/pages\/611\/revisions"}],"predecessor-version":[{"id":22137,"href":"https:\/\/idecesos.com\/seguros\/wp-json\/wp\/v2\/pages\/611\/revisions\/22137"}],"up":[{"embeddable":true,"href":"https:\/\/idecesos.com\/seguros\/wp-json\/wp\/v2\/pages\/609"}],"wp:attachment":[{"href":"https:\/\/idecesos.com\/seguros\/wp-json\/wp\/v2\/media?parent=611"}],"curies":[{"name":"wp","href":"https:\/\/api.w.org\/{rel}","templated":true}]}}