{"id":6132,"date":"2021-09-07T21:12:14","date_gmt":"2021-09-07T21:12:14","guid":{"rendered":"https:\/\/idecesos.com\/seguros\/companias\/almudena\/la-coruna\/"},"modified":"2021-09-07T21:12:14","modified_gmt":"2021-09-07T21:12:14","slug":"la-coruna","status":"publish","type":"page","link":"https:\/\/idecesos.com\/seguros\/companias\/almudena\/la-coruna\/","title":{"rendered":"Oficinas seguros de decesos Almudena en La coru\u00f1a"},"content":{"rendered":"<div id=\"ez-toc-container\" class=\"ez-toc-v2_0_83 ez-toc-wrap-center counter-hierarchy ez-toc-counter ez-toc-custom ez-toc-container-direction\">\n<div class=\"ez-toc-title-container\">\n<p class=\"ez-toc-title\" style=\"cursor:inherit\">Tabla de Contenido<\/p>\n<span class=\"ez-toc-title-toggle\"><a href=\"#\" class=\"ez-toc-pull-right ez-toc-btn ez-toc-btn-xs ez-toc-btn-default ez-toc-toggle\" aria-label=\"Alternar tabla de contenidos\"><span class=\"ez-toc-js-icon-con\"><span class=\"\"><span class=\"eztoc-hide\" style=\"display:none;\">Toggle<\/span><span class=\"ez-toc-icon-toggle-span\"><svg style=\"fill: #db6415;color:#db6415\" xmlns=\"http:\/\/www.w3.org\/2000\/svg\" class=\"list-377408\" width=\"20px\" height=\"20px\" viewBox=\"0 0 24 24\" fill=\"none\"><path d=\"M6 6H4v2h2V6zm14 0H8v2h12V6zM4 11h2v2H4v-2zm16 0H8v2h12v-2zM4 16h2v2H4v-2zm16 0H8v2h12v-2z\" fill=\"currentColor\"><\/path><\/svg><svg style=\"fill: #db6415;color:#db6415\" class=\"arrow-unsorted-368013\" xmlns=\"http:\/\/www.w3.org\/2000\/svg\" width=\"10px\" height=\"10px\" viewBox=\"0 0 24 24\" version=\"1.2\" baseProfile=\"tiny\"><path d=\"M18.2 9.3l-6.2-6.3-6.2 6.3c-.2.2-.3.4-.3.7s.1.5.3.7c.2.2.4.3.7.3h11c.3 0 .5-.1.7-.3.2-.2.3-.5.3-.7s-.1-.5-.3-.7zM5.8 14.7l6.2 6.3 6.2-6.3c.2-.2.3-.5.3-.7s-.1-.5-.3-.7c-.2-.2-.4-.3-.7-.3h-11c-.3 0-.5.1-.7.3-.2.2-.3.5-.3.7s.1.5.3.7z\"\/><\/svg><\/span><\/span><\/span><\/a><\/span><\/div>\n<nav><ul class='ez-toc-list ez-toc-list-level-1 ' ><li class='ez-toc-page-1 ez-toc-heading-level-2'><a class=\"ez-toc-link ez-toc-heading-1\" href=\"https:\/\/idecesos.com\/seguros\/companias\/almudena\/la-coruna\/#Seguro_de_decesos_Almudena_en_La_coruna\" >Seguro de decesos Almudena en La coru\u00f1a<\/a><\/li><li class='ez-toc-page-1 ez-toc-heading-level-2'><a class=\"ez-toc-link ez-toc-heading-2\" href=\"https:\/\/idecesos.com\/seguros\/companias\/almudena\/la-coruna\/#Mapa_de_oficinas_de_seguros_Almudena_en_La_coruna\" >Mapa de oficinas de seguros Almudena en La coru\u00f1a<\/a><\/li><li class='ez-toc-page-1 ez-toc-heading-level-2'><a class=\"ez-toc-link ez-toc-heading-3\" href=\"https:\/\/idecesos.com\/seguros\/companias\/almudena\/la-coruna\/#Listado_de_agencias_Almudena_en_La_coruna\" >Listado de agencias Almudena en La coru\u00f1a<\/a><\/li><li class='ez-toc-page-1 ez-toc-heading-level-2'><a class=\"ez-toc-link ez-toc-heading-4\" href=\"https:\/\/idecesos.com\/seguros\/companias\/almudena\/la-coruna\/#Oficinas_de_seguros_de_decesos_en_La_coruna\" >Oficinas de seguros de decesos en La coru\u00f1a<\/a><ul class='ez-toc-list-level-3' ><li class='ez-toc-heading-level-3'><a class=\"ez-toc-link ez-toc-heading-5\" href=\"https:\/\/idecesos.com\/seguros\/companias\/almudena\/la-coruna\/#Listado_de_agencias_Almudena_en_Espana\" >Listado de agencias Almudena en Espa\u00f1a<\/a><\/li><\/ul><\/li><\/ul><\/nav><\/div>\n\n<p><a href=\"https:\/\/idecesos.com\/seguros\/companias\/almudena\/\"><img decoding=\"async\" class=\" alignleft\" src=\"https:\/\/idecesos.com\/seguros\/wp-content\/uploads\/2021\/09\/almudena-seguros.png\" alt=\"Seguro de decesos Almudena\" width=\"336\" height=\"103\" \/><\/a>Existen diversas <strong>oficinas de Almudena en La coru\u00f1a<\/strong> ponemos a tu alcance la que mejor se adapte a las carencias que broten o bien dudas de su p\u00f3liza contratada. Cada sucursal tiene un horario diferente en todos y cada temporada del a\u00f1o. Dentro de cada aseguradora es importante que cuente con una atenci\u00f3n de persona dedicada, y que gesti\u00f3n cualquier fallo cometido en distintas circunstancias. <\/p>\n<p>Resulta complicado conocer en qu\u00e9 sitio se encuentra ciertas oficinas de Almudena en La coru\u00f1a hemos querido facilitarte eso, donde te ayudasen a administrar todos y cada uno de los erros que han pasado o eludiendo que sucedan, de forma m\u00e1s veloz, eludiendo cualquier problema con tu compa\u00f1\u00eda aseguradora. En el caso de que se necesite asesoramiento, tendr\u00e1 en toda su posesi\u00f3n del servicio puedan asistir a su aseguradora m\u00e1s cercano para la administraci\u00f3n del mismo. <\/p>\n<p>Visita nuestra p\u00e1gina de <a href=\"https:\/\/idecesos.com\/seguros\/companias\/almudena\/\">seguros de decesos Almudena<\/a> para m\u00e1s informaci\u00f3n.<br \/>\n<div class=\"colorf \"  ><div class=\"container clearfix\"><div class=\"col-md-7\"><\/p>\n<h2><span class=\"ez-toc-section\" id=\"Seguro_de_decesos_Almudena_en_La_coruna\"><\/span>Seguro de decesos Almudena en La coru\u00f1a<span class=\"ez-toc-section-end\"><\/span><\/h2>\n<p>Somos referente en lo que se refiere a la calidad que recibe cada uno de ellos de nuestros clientes, siendo de excelencia un servicio destacable, contando con las diferentes aseguradoras de <a href=\"https:\/\/idecesos.com\/seguros\/ciudades\/la-coruna\/\"><strong>seguro decesos de La coru\u00f1a<\/strong><\/a>. Hay personas que les resulta complicado poder comprender un presupuesto y m\u00e1s cuando no se deja entender, nosotros te damos la soluci\u00f3n a ello, con solo acceder lo tendr\u00e1s de manera instant\u00e1nea y con la informaci\u00f3n clar\u00edsima de Almudena en La coru\u00f1a. Sin darte cuenta has ahorrado todo ese tiempo para emplearlo en m\u00e1s cosas. <\/p>\n<p>En La coru\u00f1a queremos cubrirte como compa\u00f1\u00eda de seguros lo mejor para ti y tu familia donde cuentes con servicio de \u00edndole, amoldado para ti en todo momento. Ahorras tiempo y inconvenientes, con la soluci\u00f3n que hemos adaptado a ti donde lograr\u00e1s obtener tu cita al instante. \u00bfSolventar tus dudas de Almudena es f\u00e1cil?. Si en alg\u00fan instante te lo has cuestionado, te damos las contestaciones a todo de forma m\u00e1s sencilla. <strong>M\u00e1s simple no te lo hemos podido poner<\/strong>, con este formulario conseguir\u00e1s tu cita o bien presupuesto, conforme lo que precises. Sin necesidad de muchos gestiones, darte la soluci\u00f3n no nos cuesta nada. <\/p>\n<p><\/div><\/div><\/div>\n\t\t<hr class=\"separador\">\n\t\t<div class=\"bloque-accion\">\n\t\t<p class=\"txt-accion\">Calcula el precio de tu seguro de decesos en menos de 1 minuto<\/p>\n\t\t<a class=\"btn-accion\" href=\"https:\/\/idecesos.com\/\">CALCULAR<\/a>\n\t\t<\/div>\n\t\t<hr class=\"separador\">\n\t\t<\/p>\n<h2><span class=\"ez-toc-section\" id=\"Mapa_de_oficinas_de_seguros_Almudena_en_La_coruna\"><\/span>Mapa de oficinas de seguros Almudena en La coru\u00f1a<span class=\"ez-toc-section-end\"><\/span><\/h2>\n<p>Halla de forma veloz y simple las oficinas de Almudena en La coru\u00f1a teniendo presente la ayuda de mapas por Almudena en La coru\u00f1a gestion\u00e1ndolo de forma pr\u00f3xima. Con el fin de que en el proceso dure lo menos posible, ahorr\u00e1ndote tiempo y asegur\u00e1ndote que tu tiempo quede invertido. Te ahorramos perder el tiempo, haci\u00e9ndolo m\u00e1s vers\u00e1til. Solventara todos y cada uno de los inconvenientes en el momento de la b\u00fasqueda merced al localizador. <\/p>\n<p><iframe class=\"page-generator-pro-map\" width=\"100%\" height=\"400\" frameborder=\"0\" style=\"border:0\" src=\"https:\/\/www.google.com\/maps\/embed\/v1\/place?q=R%C3%BAa+Soto%2C+5%2C+15403+Ferrol%2C+A+Coru%C3%B1a%2C+Espa%C3%B1a&#038;zoom=14&#038;maptype=roadmap&#038;key=AIzaSyCNTEOso0tZG6YMSJFoaJEY5Th1stEWrJI\" allowfullscreen><\/iframe><\/p>\n<p>&nbsp;<br \/>\n<div class=\"colorf\"><div class=\"container clearfix\"><div class=\"col-md-7\"><div class=\"empresas\"><\/p>\n<h2><span class=\"ez-toc-section\" id=\"Listado_de_agencias_Almudena_en_La_coruna\"><\/span>Listado de agencias Almudena en La coru\u00f1a<span class=\"ez-toc-section-end\"><\/span><\/h2>\n<ul>\n<li><strong>Compa\u00f1\u00eda de seguros Ferrol, Espa\u00f1a:<\/strong> R\u00faa Soto, 5, 15403 Ferrol, A Coru\u00f1a, Espa\u00f1a<\/li>\n<\/ul>\n<\/div><\/div><\/div><\/div>\n<h2><span class=\"ez-toc-section\" id=\"Oficinas_de_seguros_de_decesos_en_La_coruna\"><\/span>Oficinas de seguros de decesos en La coru\u00f1a<span class=\"ez-toc-section-end\"><\/span><\/h2>\n<p>De una forma m\u00e1s f\u00e1cil vas a poder tener a tu alcance el <strong>listado de empresa de seguros de defunci\u00f3n en La coru\u00f1a<\/strong> en el encontrases toda la informaci\u00f3n oportuna, para una mejora administraci\u00f3n del mismo. M\u00e1s veloz y sencillo danto un resultado a unos datos de m\u00e1xima importancia que resolver\u00e1 tus cuestiones. Evita cuestionarlo demasiado, opta por lo m\u00e1s veloz y eficiente que se adapte a tus necesidades. Damos resultados, aseguramos una b\u00fasqueda eficiente. Conocer\u00e1s las diferentes compa\u00f1\u00edas que se ubiquen en tu zona. <\/p>\n<!-- Shortcode [almudena] does not exist -->\n<div class=\"colorf\"><div class=\"container clearfix\"><div class=\"col-md-7\"><div class=\"empresas\">\n<h3><span class=\"ez-toc-section\" id=\"Listado_de_agencias_Almudena_en_Espana\"><\/span>Listado de agencias Almudena en Espa\u00f1a<span class=\"ez-toc-section-end\"><\/span><\/h3>\n<div class=\"enlazado\"><ul><li><a href=\"https:\/\/idecesos.com\/seguros\/companias\/almudena\/alicante\/\"><span>Oficinas seguros de decesos Almudena en Alicante<\/span><\/a><\/li><li><a href=\"https:\/\/idecesos.com\/seguros\/companias\/almudena\/almeria\/\"><span>Oficinas seguros de decesos Almudena en Almer\u00eda<\/span><\/a><\/li><li><a href=\"https:\/\/idecesos.com\/seguros\/companias\/almudena\/asturias\/\"><span>Oficinas seguros de decesos Almudena en Asturias<\/span><\/a><\/li><li><a href=\"https:\/\/idecesos.com\/seguros\/companias\/almudena\/badajoz\/\"><span>Oficinas seguros de decesos Almudena en Badajoz<\/span><\/a><\/li><li><a href=\"https:\/\/idecesos.com\/seguros\/companias\/almudena\/ciudad-real\/\"><span>Oficinas seguros de decesos Almudena en Ciudad Real<\/span><\/a><\/li><li><a href=\"https:\/\/idecesos.com\/seguros\/companias\/almudena\/caceres\/\"><span>Oficinas seguros de decesos Almudena en C\u00e1ceres<\/span><\/a><\/li><li><a href=\"https:\/\/idecesos.com\/seguros\/companias\/almudena\/cordoba\/\"><span>Oficinas seguros de decesos Almudena en C\u00f3rdoba<\/span><\/a><\/li><li><a href=\"https:\/\/idecesos.com\/seguros\/companias\/almudena\/granada\/\"><span>Oficinas seguros de decesos Almudena en Granada<\/span><\/a><\/li><li><a href=\"https:\/\/idecesos.com\/seguros\/companias\/almudena\/guadalajara\/\"><span>Oficinas seguros de decesos Almudena en Guadalajara<\/span><\/a><\/li><li><a href=\"https:\/\/idecesos.com\/seguros\/companias\/almudena\/huelva\/\"><span>Oficinas seguros de decesos Almudena en Huelva<\/span><\/a><\/li><li><a href=\"https:\/\/idecesos.com\/seguros\/companias\/almudena\/jaen\/\"><span>Oficinas seguros de decesos Almudena en Ja\u00e9n<\/span><\/a><\/li><li><a href=\"https:\/\/idecesos.com\/seguros\/companias\/almudena\/leon\/\"><span>Oficinas seguros de decesos Almudena en Le\u00f3n<\/span><\/a><\/li><li><a href=\"https:\/\/idecesos.com\/seguros\/companias\/almudena\/valladolid\/\"><span>Oficinas seguros de decesos Almudena en Valladolid<\/span><\/a><\/li><li><a href=\"https:\/\/idecesos.com\/seguros\/companias\/almudena\/opiniones\/\"><span>Opiniones Seguro de Decesos Almudena<\/span><\/a><\/li><li><a href=\"https:\/\/idecesos.com\/seguros\/companias\/almudena\/prima-unica\/\"><span>Seguro de decesos La Almudena Prima \u00danica<\/span><\/a><\/li><li><a href=\"https:\/\/idecesos.com\/seguros\/companias\/almudena\/dar-de-baja\/\"><span>\u00bfC\u00f3mo dar de baja seguro La Almudena?<\/span><\/a><\/li><\/ul><\/div>\n<\/div><\/div><\/div><\/div>\n","protected":false},"excerpt":{"rendered":"<p>Existen diversas oficinas de Almudena en La coru\u00f1a ponemos a tu alcance la que mejor se adapte a las carencias que broten o bien dudas de su p\u00f3liza contratada. Cada sucursal tiene un horario diferente en todos y cada temporada del a\u00f1o. Dentro de cada aseguradora es importante que cuente con una atenci\u00f3n de persona&hellip; <\/p>\n","protected":false},"author":0,"featured_media":0,"parent":472,"menu_order":0,"comment_status":"closed","ping_status":"closed","template":"page-templates\/companies.php","meta":{"footnotes":""},"class_list":["post-6132","page","type-page","status-publish","hentry"],"yoast_head":"<!-- This site is optimized with the Yoast SEO plugin v27.6 - https:\/\/yoast.com\/product\/yoast-seo-wordpress\/ -->\n<title>Oficinas Almudena en La coru\u00f1a | Tel\u00e9fonos, Horarios, Direcci\u00f3n<\/title>\n<meta name=\"description\" content=\"Lista completa de Oficinas Almudena en La coru\u00f1a Horarios, \u2706 tel\u00e9fonos y direcciones actualizados en 2026 \u2714 Verificado por iDecesos.\" \/>\n<meta name=\"robots\" content=\"index, follow, max-snippet:-1, max-image-preview:large, max-video-preview:-1\" \/>\n<link rel=\"canonical\" href=\"https:\/\/idecesos.com\/seguros\/companias\/almudena\/la-coruna\/\" \/>\n<meta property=\"og:locale\" content=\"es_ES\" \/>\n<meta property=\"og:type\" content=\"article\" \/>\n<meta property=\"og:title\" content=\"Oficinas Almudena en La coru\u00f1a | Tel\u00e9fonos, Horarios, Direcci\u00f3n\" \/>\n<meta property=\"og:description\" content=\"Lista completa de Oficinas Almudena en La coru\u00f1a Horarios, \u2706 tel\u00e9fonos y direcciones actualizados en 2026 \u2714 Verificado por iDecesos.\" \/>\n<meta property=\"og:url\" content=\"https:\/\/idecesos.com\/seguros\/companias\/almudena\/la-coruna\/\" \/>\n<meta property=\"og:image\" content=\"https:\/\/idecesos.com\/seguros\/wp-content\/uploads\/2021\/09\/almudena-seguros.png\" \/>\n<meta name=\"twitter:card\" content=\"summary_large_image\" \/>\n<meta name=\"twitter:label1\" content=\"Tiempo de lectura\" \/>\n\t<meta name=\"twitter:data1\" content=\"39 minutos\" \/>\n<script type=\"application\/ld+json\" class=\"yoast-schema-graph\">{\"@context\":\"https:\\\/\\\/schema.org\",\"@graph\":[{\"@type\":\"WebPage\",\"@id\":\"https:\\\/\\\/idecesos.com\\\/seguros\\\/companias\\\/almudena\\\/la-coruna\\\/\",\"url\":\"https:\\\/\\\/idecesos.com\\\/seguros\\\/companias\\\/almudena\\\/la-coruna\\\/\",\"name\":\"Oficinas Almudena en La coru\u00f1a | Tel\u00e9fonos, Horarios, Direcci\u00f3n\",\"isPartOf\":{\"@id\":\"https:\\\/\\\/idecesos.com\\\/seguros\\\/#website\"},\"primaryImageOfPage\":{\"@id\":\"https:\\\/\\\/idecesos.com\\\/seguros\\\/companias\\\/almudena\\\/la-coruna\\\/#primaryimage\"},\"image\":{\"@id\":\"https:\\\/\\\/idecesos.com\\\/seguros\\\/companias\\\/almudena\\\/la-coruna\\\/#primaryimage\"},\"thumbnailUrl\":\"https:\\\/\\\/idecesos.com\\\/seguros\\\/wp-content\\\/uploads\\\/2021\\\/09\\\/almudena-seguros.png\",\"datePublished\":\"2021-09-07T21:12:14+00:00\",\"description\":\"Lista completa de Oficinas Almudena en La coru\u00f1a Horarios, \u2706 tel\u00e9fonos y direcciones actualizados en 2026 \u2714 Verificado por iDecesos.\",\"breadcrumb\":{\"@id\":\"https:\\\/\\\/idecesos.com\\\/seguros\\\/companias\\\/almudena\\\/la-coruna\\\/#breadcrumb\"},\"inLanguage\":\"es\",\"potentialAction\":[{\"@type\":\"ReadAction\",\"target\":[\"https:\\\/\\\/idecesos.com\\\/seguros\\\/companias\\\/almudena\\\/la-coruna\\\/\"]}]},{\"@type\":\"ImageObject\",\"inLanguage\":\"es\",\"@id\":\"https:\\\/\\\/idecesos.com\\\/seguros\\\/companias\\\/almudena\\\/la-coruna\\\/#primaryimage\",\"url\":\"https:\\\/\\\/idecesos.com\\\/seguros\\\/wp-content\\\/uploads\\\/2021\\\/09\\\/almudena-seguros.png\",\"contentUrl\":\"https:\\\/\\\/idecesos.com\\\/seguros\\\/wp-content\\\/uploads\\\/2021\\\/09\\\/almudena-seguros.png\",\"width\":470,\"height\":144},{\"@type\":\"BreadcrumbList\",\"@id\":\"https:\\\/\\\/idecesos.com\\\/seguros\\\/companias\\\/almudena\\\/la-coruna\\\/#breadcrumb\",\"itemListElement\":[{\"@type\":\"ListItem\",\"position\":1,\"name\":\"Portada\",\"item\":\"https:\\\/\\\/idecesos.com\\\/seguros\\\/\"},{\"@type\":\"ListItem\",\"position\":2,\"name\":\"Compa\u00f1\u00edas de Seguros de Decesos en Espa\u00f1a\",\"item\":\"https:\\\/\\\/idecesos.com\\\/seguros\\\/companias\\\/\"},{\"@type\":\"ListItem\",\"position\":3,\"name\":\"Seguro de Decesos La Almudena\",\"item\":\"https:\\\/\\\/idecesos.com\\\/seguros\\\/companias\\\/almudena\\\/\"},{\"@type\":\"ListItem\",\"position\":4,\"name\":\"Oficinas seguros de decesos Almudena en La coru\u00f1a\"}]},{\"@type\":\"WebSite\",\"@id\":\"https:\\\/\\\/idecesos.com\\\/seguros\\\/#website\",\"url\":\"https:\\\/\\\/idecesos.com\\\/seguros\\\/\",\"name\":\"\",\"description\":\"\",\"potentialAction\":[{\"@type\":\"SearchAction\",\"target\":{\"@type\":\"EntryPoint\",\"urlTemplate\":\"https:\\\/\\\/idecesos.com\\\/seguros\\\/?s={search_term_string}\"},\"query-input\":{\"@type\":\"PropertyValueSpecification\",\"valueRequired\":true,\"valueName\":\"search_term_string\"}}],\"inLanguage\":\"es\"}]}<\/script>\n<!-- \/ Yoast SEO plugin. -->","yoast_head_json":{"title":"Oficinas Almudena en La coru\u00f1a | Tel\u00e9fonos, Horarios, Direcci\u00f3n","description":"Lista completa de Oficinas Almudena en La coru\u00f1a Horarios, \u2706 tel\u00e9fonos y direcciones actualizados en 2026 \u2714 Verificado por iDecesos.","robots":{"index":"index","follow":"follow","max-snippet":"max-snippet:-1","max-image-preview":"max-image-preview:large","max-video-preview":"max-video-preview:-1"},"canonical":"https:\/\/idecesos.com\/seguros\/companias\/almudena\/la-coruna\/","og_locale":"es_ES","og_type":"article","og_title":"Oficinas Almudena en La coru\u00f1a | Tel\u00e9fonos, Horarios, Direcci\u00f3n","og_description":"Lista completa de Oficinas Almudena en La coru\u00f1a Horarios, \u2706 tel\u00e9fonos y direcciones actualizados en 2026 \u2714 Verificado por iDecesos.","og_url":"https:\/\/idecesos.com\/seguros\/companias\/almudena\/la-coruna\/","og_image":[{"url":"https:\/\/idecesos.com\/seguros\/wp-content\/uploads\/2021\/09\/almudena-seguros.png","type":"","width":"","height":""}],"twitter_card":"summary_large_image","twitter_misc":{"Tiempo de lectura":"39 minutos"},"schema":{"@context":"https:\/\/schema.org","@graph":[{"@type":"WebPage","@id":"https:\/\/idecesos.com\/seguros\/companias\/almudena\/la-coruna\/","url":"https:\/\/idecesos.com\/seguros\/companias\/almudena\/la-coruna\/","name":"Oficinas Almudena en La coru\u00f1a | Tel\u00e9fonos, Horarios, Direcci\u00f3n","isPartOf":{"@id":"https:\/\/idecesos.com\/seguros\/#website"},"primaryImageOfPage":{"@id":"https:\/\/idecesos.com\/seguros\/companias\/almudena\/la-coruna\/#primaryimage"},"image":{"@id":"https:\/\/idecesos.com\/seguros\/companias\/almudena\/la-coruna\/#primaryimage"},"thumbnailUrl":"https:\/\/idecesos.com\/seguros\/wp-content\/uploads\/2021\/09\/almudena-seguros.png","datePublished":"2021-09-07T21:12:14+00:00","description":"Lista completa de Oficinas Almudena en La coru\u00f1a Horarios, \u2706 tel\u00e9fonos y direcciones actualizados en 2026 \u2714 Verificado por iDecesos.","breadcrumb":{"@id":"https:\/\/idecesos.com\/seguros\/companias\/almudena\/la-coruna\/#breadcrumb"},"inLanguage":"es","potentialAction":[{"@type":"ReadAction","target":["https:\/\/idecesos.com\/seguros\/companias\/almudena\/la-coruna\/"]}]},{"@type":"ImageObject","inLanguage":"es","@id":"https:\/\/idecesos.com\/seguros\/companias\/almudena\/la-coruna\/#primaryimage","url":"https:\/\/idecesos.com\/seguros\/wp-content\/uploads\/2021\/09\/almudena-seguros.png","contentUrl":"https:\/\/idecesos.com\/seguros\/wp-content\/uploads\/2021\/09\/almudena-seguros.png","width":470,"height":144},{"@type":"BreadcrumbList","@id":"https:\/\/idecesos.com\/seguros\/companias\/almudena\/la-coruna\/#breadcrumb","itemListElement":[{"@type":"ListItem","position":1,"name":"Portada","item":"https:\/\/idecesos.com\/seguros\/"},{"@type":"ListItem","position":2,"name":"Compa\u00f1\u00edas de Seguros de Decesos en Espa\u00f1a","item":"https:\/\/idecesos.com\/seguros\/companias\/"},{"@type":"ListItem","position":3,"name":"Seguro de Decesos La Almudena","item":"https:\/\/idecesos.com\/seguros\/companias\/almudena\/"},{"@type":"ListItem","position":4,"name":"Oficinas seguros de decesos Almudena en La coru\u00f1a"}]},{"@type":"WebSite","@id":"https:\/\/idecesos.com\/seguros\/#website","url":"https:\/\/idecesos.com\/seguros\/","name":"","description":"","potentialAction":[{"@type":"SearchAction","target":{"@type":"EntryPoint","urlTemplate":"https:\/\/idecesos.com\/seguros\/?s={search_term_string}"},"query-input":{"@type":"PropertyValueSpecification","valueRequired":true,"valueName":"search_term_string"}}],"inLanguage":"es"}]}},"_links":{"self":[{"href":"https:\/\/idecesos.com\/seguros\/wp-json\/wp\/v2\/pages\/6132","targetHints":{"allow":["GET"]}}],"collection":[{"href":"https:\/\/idecesos.com\/seguros\/wp-json\/wp\/v2\/pages"}],"about":[{"href":"https:\/\/idecesos.com\/seguros\/wp-json\/wp\/v2\/types\/page"}],"replies":[{"embeddable":true,"href":"https:\/\/idecesos.com\/seguros\/wp-json\/wp\/v2\/comments?post=6132"}],"version-history":[{"count":0,"href":"https:\/\/idecesos.com\/seguros\/wp-json\/wp\/v2\/pages\/6132\/revisions"}],"up":[{"embeddable":true,"href":"https:\/\/idecesos.com\/seguros\/wp-json\/wp\/v2\/pages\/472"}],"wp:attachment":[{"href":"https:\/\/idecesos.com\/seguros\/wp-json\/wp\/v2\/media?parent=6132"}],"curies":[{"name":"wp","href":"https:\/\/api.w.org\/{rel}","templated":true}]}}