{"id":6141,"date":"2021-09-07T21:12:19","date_gmt":"2021-09-07T21:12:19","guid":{"rendered":"https:\/\/idecesos.com\/seguros\/companias\/almudena\/ciudad-real\/"},"modified":"2021-09-07T21:12:19","modified_gmt":"2021-09-07T21:12:19","slug":"ciudad-real","status":"publish","type":"page","link":"https:\/\/idecesos.com\/seguros\/companias\/almudena\/ciudad-real\/","title":{"rendered":"Oficinas seguros de decesos Almudena en Ciudad Real"},"content":{"rendered":"<div id=\"ez-toc-container\" class=\"ez-toc-v2_0_83 ez-toc-wrap-center counter-hierarchy ez-toc-counter ez-toc-custom ez-toc-container-direction\">\n<div class=\"ez-toc-title-container\">\n<p class=\"ez-toc-title\" style=\"cursor:inherit\">Tabla de Contenido<\/p>\n<span class=\"ez-toc-title-toggle\"><a href=\"#\" class=\"ez-toc-pull-right ez-toc-btn ez-toc-btn-xs ez-toc-btn-default ez-toc-toggle\" aria-label=\"Alternar tabla de contenidos\"><span class=\"ez-toc-js-icon-con\"><span class=\"\"><span class=\"eztoc-hide\" style=\"display:none;\">Toggle<\/span><span class=\"ez-toc-icon-toggle-span\"><svg style=\"fill: #db6415;color:#db6415\" xmlns=\"http:\/\/www.w3.org\/2000\/svg\" class=\"list-377408\" width=\"20px\" height=\"20px\" viewBox=\"0 0 24 24\" fill=\"none\"><path d=\"M6 6H4v2h2V6zm14 0H8v2h12V6zM4 11h2v2H4v-2zm16 0H8v2h12v-2zM4 16h2v2H4v-2zm16 0H8v2h12v-2z\" fill=\"currentColor\"><\/path><\/svg><svg style=\"fill: #db6415;color:#db6415\" class=\"arrow-unsorted-368013\" xmlns=\"http:\/\/www.w3.org\/2000\/svg\" width=\"10px\" height=\"10px\" viewBox=\"0 0 24 24\" version=\"1.2\" baseProfile=\"tiny\"><path d=\"M18.2 9.3l-6.2-6.3-6.2 6.3c-.2.2-.3.4-.3.7s.1.5.3.7c.2.2.4.3.7.3h11c.3 0 .5-.1.7-.3.2-.2.3-.5.3-.7s-.1-.5-.3-.7zM5.8 14.7l6.2 6.3 6.2-6.3c.2-.2.3-.5.3-.7s-.1-.5-.3-.7c-.2-.2-.4-.3-.7-.3h-11c-.3 0-.5.1-.7.3-.2.2-.3.5-.3.7s.1.5.3.7z\"\/><\/svg><\/span><\/span><\/span><\/a><\/span><\/div>\n<nav><ul class='ez-toc-list ez-toc-list-level-1 ' ><li class='ez-toc-page-1 ez-toc-heading-level-2'><a class=\"ez-toc-link ez-toc-heading-1\" href=\"https:\/\/idecesos.com\/seguros\/companias\/almudena\/ciudad-real\/#Seguro_de_decesos_Almudena_en_Ciudad_Real\" >Seguro de decesos Almudena en Ciudad Real<\/a><\/li><li class='ez-toc-page-1 ez-toc-heading-level-2'><a class=\"ez-toc-link ez-toc-heading-2\" href=\"https:\/\/idecesos.com\/seguros\/companias\/almudena\/ciudad-real\/#Mapa_de_agencias_de_seguros_Almudena_en_Ciudad_Real\" >Mapa de agencias de seguros Almudena en Ciudad Real<\/a><\/li><li class='ez-toc-page-1 ez-toc-heading-level-2'><a class=\"ez-toc-link ez-toc-heading-3\" href=\"https:\/\/idecesos.com\/seguros\/companias\/almudena\/ciudad-real\/#Listado_de_agencias_Almudena_en_Ciudad_Real\" >Listado de agencias Almudena en Ciudad Real<\/a><\/li><li class='ez-toc-page-1 ez-toc-heading-level-2'><a class=\"ez-toc-link ez-toc-heading-4\" href=\"https:\/\/idecesos.com\/seguros\/companias\/almudena\/ciudad-real\/#Oficinas_de_seguros_de_decesos_en_Ciudad_Real\" >Oficinas de seguros de decesos en Ciudad Real<\/a><ul class='ez-toc-list-level-3' ><li class='ez-toc-heading-level-3'><a class=\"ez-toc-link ez-toc-heading-5\" href=\"https:\/\/idecesos.com\/seguros\/companias\/almudena\/ciudad-real\/#Listado_de_sucursales_Almudena_en_Espana\" >Listado de sucursales Almudena en Espa\u00f1a<\/a><\/li><\/ul><\/li><\/ul><\/nav><\/div>\n\n<p><a href=\"https:\/\/idecesos.com\/seguros\/companias\/almudena\/\"><img decoding=\"async\" class=\" alignleft\" src=\"https:\/\/idecesos.com\/seguros\/wp-content\/uploads\/2021\/09\/almudena-seguros.png\" alt=\"Seguro de decesos Almudena\" width=\"336\" height=\"103\" \/><\/a>Cuentas con diferentes sucursales de Almudena en Ciudad Real recibiendo en todo momento un asesoramiento detallado con una atenci\u00f3n muy personal. En cual podr\u00e1s asistir dentro de sus horarios marcados. Es de suma importancia saber d\u00f3nde se encuentran situados cada oficina de Almudena a nuestra proximidad Ciudad Real. Resolver\u00e1n cualquier problema, gestion\u00e1ndolo de manera instant\u00e1nea. <\/p>\n<p>Cuentas a tu alcance haya m\u00e1s de 80 sucursales por zonas. Por este motivo te <strong>resultara m\u00e1s sencillo conocer las distintas oficinas de cada Ciudad Real<\/strong>, garantiz\u00e1ndote en todo instante que la experiencia sea la correcta y la que necesites en esos momentos. \u00a0Filtra de forma inmediata y conoce las distintas sucursales de Almudena en todos y cada Ciudad Real con las necesidades que requieres. te dan en todo instante garant\u00eda para la administraci\u00f3n de tu oficina m\u00e1s pr\u00f3xima, d\u00e1ndote la seguridad que necesites. <\/p>\n<p>Visita nuestra p\u00e1gina de <a href=\"https:\/\/idecesos.com\/seguros\/companias\/almudena\/\">seguros de decesos Almudena<\/a> para m\u00e1s informaci\u00f3n.<br \/>\n<div class=\"colorf \"  ><div class=\"container clearfix\"><div class=\"col-md-7\"><\/p>\n<h2><span class=\"ez-toc-section\" id=\"Seguro_de_decesos_Almudena_en_Ciudad_Real\"><\/span>Seguro de decesos Almudena en Ciudad Real<span class=\"ez-toc-section-end\"><\/span><\/h2>\n<p>Somos referente en cuanto a la calidad que recibe cada uno de nuestros clientes, siendo de excelencia un servicio resaltable, contando con los diferentes <a href=\"https:\/\/idecesos.com\/seguros\/ciudades\/ciudad-real\/\"><strong>seguros de decesos Ciudad Real<\/strong><\/a>. Sabemos que es complicado conseguir un presupuesto, donde cuesta entender toda la informaci\u00f3n,  te obsequiamos la oportunidad de poder acceder inmediatamente a solicitar tu presupuesto de Almudena en Ciudad Real, recibir\u00e1s la informaci\u00f3n pedida en el instante ahorr\u00e1ndote tiempo en todo instante. <\/p>\n<p>Como compa\u00f1\u00eda aseguradora nos encargamos de tu tranquilidad y la de tus seres allegados, por ello hemos querido que en Ciudad Real, tengas los mejores servicios de calidad amoldados para satisfacer tus necesidades y queden cubiertos. Queremos que cuentes en todo momento con el poder asistirte con tus inconvenientes, pudiendo de este modo solicitar tu cita previa en menos de 1 segundo. \u00bfQuieres saber lo sencillo que <strong>resolvemos tus cuestiones de Almudena<\/strong>?\u00bfTe cuesta lograr las contestaciones? nosotros te la damos inmediatamente y espec\u00edfica. <strong>M\u00e1s f\u00e1cil no te lo hemos podido poner<\/strong>, con este formulario obtendr\u00e1s tu cita o bien presupuesto, seg\u00fan lo que necesites. Deseamos que sea m\u00e1s f\u00e1cil, te obsequiamos la soluci\u00f3n al instante. <\/p>\n<p><\/div><\/div><\/div>\n\t\t<hr class=\"separador\">\n\t\t<div class=\"bloque-accion\">\n\t\t<p class=\"txt-accion\">Calcula el precio de tu seguro de decesos en menos de 1 minuto<\/p>\n\t\t<a class=\"btn-accion\" href=\"https:\/\/idecesos.com\/\">CALCULAR<\/a>\n\t\t<\/div>\n\t\t<hr class=\"separador\">\n\t\t<\/p>\n<h2><span class=\"ez-toc-section\" id=\"Mapa_de_agencias_de_seguros_Almudena_en_Ciudad_Real\"><\/span>Mapa de agencias de seguros Almudena en Ciudad Real<span class=\"ez-toc-section-end\"><\/span><\/h2>\n<p>Veras que dispones de un <strong>localizador de oficinas en Almudena<\/strong> en Ciudad Real donde conseguir\u00e1s todo lo que necesites, teniendo as\u00ed un mapa por cada Almudena en Ciudad Real. Evit\u00e1ndote muchos pasos, obtendr\u00e1s de forma m\u00e1s sencilla la informaci\u00f3n que precises. Moment\u00e1neamente lograr\u00e1s tenerlo en tus propias manos. Poner soluciones de forma r\u00e1pida es nuestro trabajo, por ello quedara todo solucionado en el instante. <\/p>\n<p><iframe class=\"page-generator-pro-map\" width=\"100%\" height=\"400\" frameborder=\"0\" style=\"border:0\" src=\"https:\/\/www.google.com\/maps\/embed\/v1\/place?q=C.+H%C3%A9roes+del+Seis+de+Junio%2C+27%2C+13300+Valdepe%C3%B1as%2C+Cdad.+Real%2C+Espa%C3%B1a&#038;zoom=14&#038;maptype=roadmap&#038;key=AIzaSyCNTEOso0tZG6YMSJFoaJEY5Th1stEWrJI\" allowfullscreen><\/iframe><\/p>\n<p>&nbsp;<br \/>\n<div class=\"colorf\"><div class=\"container clearfix\"><div class=\"col-md-7\"><div class=\"empresas\"><\/p>\n<h2><span class=\"ez-toc-section\" id=\"Listado_de_agencias_Almudena_en_Ciudad_Real\"><\/span>Listado de agencias Almudena en Ciudad Real<span class=\"ez-toc-section-end\"><\/span><\/h2>\n<ul>\n<li><strong>Compa\u00f1\u00eda de seguros Valdepe\u00f1as, Espa\u00f1a:<\/strong> C. H\u00e9roes del Seis de Junio, 27, 13300 Valdepe\u00f1as, Cdad. Real, Espa\u00f1a<\/li>\n<\/ul>\n<\/div><\/div><\/div><\/div>\n<h2><span class=\"ez-toc-section\" id=\"Oficinas_de_seguros_de_decesos_en_Ciudad_Real\"><\/span>Oficinas de seguros de decesos en Ciudad Real<span class=\"ez-toc-section-end\"><\/span><\/h2>\n<p>Deseamos que cuentes en todo instante con un <strong>listado de aseguradoras de defunci\u00f3n en Ciudad Real<\/strong> mas queremos que lo tengas de manera sencilla y c\u00f3moda. Tendr\u00e1s en mano la informaci\u00f3n de cada uno de ellos de los nombrados. Soluciona todas tus cuestiones con solo presionar un bot\u00f3n, tendr\u00e1s todo lo que precisas. Te facilitamos como nadie m\u00e1s lo hace en el mercado. <\/p>\n<!-- Shortcode [almudena] does not exist -->\n<div class=\"colorf\"><div class=\"container clearfix\"><div class=\"col-md-7\"><div class=\"empresas\">\n<h3><span class=\"ez-toc-section\" id=\"Listado_de_sucursales_Almudena_en_Espana\"><\/span>Listado de sucursales Almudena en Espa\u00f1a<span class=\"ez-toc-section-end\"><\/span><\/h3>\n<div class=\"enlazado\"><ul><li><a href=\"https:\/\/idecesos.com\/seguros\/companias\/almudena\/alicante\/\"><span>Oficinas seguros de decesos Almudena en Alicante<\/span><\/a><\/li><li><a href=\"https:\/\/idecesos.com\/seguros\/companias\/almudena\/almeria\/\"><span>Oficinas seguros de decesos Almudena en Almer\u00eda<\/span><\/a><\/li><li><a href=\"https:\/\/idecesos.com\/seguros\/companias\/almudena\/asturias\/\"><span>Oficinas seguros de decesos Almudena en Asturias<\/span><\/a><\/li><li><a href=\"https:\/\/idecesos.com\/seguros\/companias\/almudena\/badajoz\/\"><span>Oficinas seguros de decesos Almudena en Badajoz<\/span><\/a><\/li><li><a href=\"https:\/\/idecesos.com\/seguros\/companias\/almudena\/caceres\/\"><span>Oficinas seguros de decesos Almudena en C\u00e1ceres<\/span><\/a><\/li><li><a href=\"https:\/\/idecesos.com\/seguros\/companias\/almudena\/cordoba\/\"><span>Oficinas seguros de decesos Almudena en C\u00f3rdoba<\/span><\/a><\/li><li><a href=\"https:\/\/idecesos.com\/seguros\/companias\/almudena\/granada\/\"><span>Oficinas seguros de decesos Almudena en Granada<\/span><\/a><\/li><li><a href=\"https:\/\/idecesos.com\/seguros\/companias\/almudena\/guadalajara\/\"><span>Oficinas seguros de decesos Almudena en Guadalajara<\/span><\/a><\/li><li><a href=\"https:\/\/idecesos.com\/seguros\/companias\/almudena\/huelva\/\"><span>Oficinas seguros de decesos Almudena en Huelva<\/span><\/a><\/li><li><a href=\"https:\/\/idecesos.com\/seguros\/companias\/almudena\/jaen\/\"><span>Oficinas seguros de decesos Almudena en Ja\u00e9n<\/span><\/a><\/li><li><a href=\"https:\/\/idecesos.com\/seguros\/companias\/almudena\/la-coruna\/\"><span>Oficinas seguros de decesos Almudena en La coru\u00f1a<\/span><\/a><\/li><li><a href=\"https:\/\/idecesos.com\/seguros\/companias\/almudena\/navarra\/\"><span>Oficinas seguros de decesos Almudena en Navarra<\/span><\/a><\/li><li><a href=\"https:\/\/idecesos.com\/seguros\/companias\/almudena\/valladolid\/\"><span>Oficinas seguros de decesos Almudena en Valladolid<\/span><\/a><\/li><li><a href=\"https:\/\/idecesos.com\/seguros\/companias\/almudena\/opiniones\/\"><span>Opiniones Seguro de Decesos Almudena<\/span><\/a><\/li><li><a href=\"https:\/\/idecesos.com\/seguros\/companias\/almudena\/prima-unica\/\"><span>Seguro de decesos La Almudena Prima \u00danica<\/span><\/a><\/li><li><a href=\"https:\/\/idecesos.com\/seguros\/companias\/almudena\/dar-de-baja\/\"><span>\u00bfC\u00f3mo dar de baja seguro La Almudena?<\/span><\/a><\/li><\/ul><\/div>\n<\/div><\/div><\/div><\/div>\n","protected":false},"excerpt":{"rendered":"<p>Cuentas con diferentes sucursales de Almudena en Ciudad Real recibiendo en todo momento un asesoramiento detallado con una atenci\u00f3n muy personal. En cual podr\u00e1s asistir dentro de sus horarios marcados. Es de suma importancia saber d\u00f3nde se encuentran situados cada oficina de Almudena a nuestra proximidad Ciudad Real. Resolver\u00e1n cualquier problema, gestion\u00e1ndolo de manera instant\u00e1nea.&hellip; <\/p>\n","protected":false},"author":0,"featured_media":0,"parent":472,"menu_order":0,"comment_status":"closed","ping_status":"closed","template":"page-templates\/companies.php","meta":{"footnotes":""},"class_list":["post-6141","page","type-page","status-publish","hentry"],"yoast_head":"<!-- This site is optimized with the Yoast SEO plugin v27.6 - https:\/\/yoast.com\/product\/yoast-seo-wordpress\/ -->\n<title>Oficinas Almudena en Ciudad Real | Tel\u00e9fonos, Horarios, Direcci\u00f3n<\/title>\n<meta name=\"description\" content=\"Lista completa de Oficinas Almudena en Ciudad Real Horarios, \u2706 tel\u00e9fonos y direcciones actualizados en 2026 \u2714 Verificado por iDecesos.\" \/>\n<meta name=\"robots\" content=\"index, follow, max-snippet:-1, max-image-preview:large, max-video-preview:-1\" \/>\n<link rel=\"canonical\" href=\"https:\/\/idecesos.com\/seguros\/companias\/almudena\/ciudad-real\/\" \/>\n<meta property=\"og:locale\" content=\"es_ES\" \/>\n<meta property=\"og:type\" content=\"article\" \/>\n<meta property=\"og:title\" content=\"Oficinas Almudena en Ciudad Real | Tel\u00e9fonos, Horarios, Direcci\u00f3n\" \/>\n<meta property=\"og:description\" content=\"Lista completa de Oficinas Almudena en Ciudad Real Horarios, \u2706 tel\u00e9fonos y direcciones actualizados en 2026 \u2714 Verificado por iDecesos.\" \/>\n<meta property=\"og:url\" content=\"https:\/\/idecesos.com\/seguros\/companias\/almudena\/ciudad-real\/\" \/>\n<meta property=\"og:image\" content=\"https:\/\/idecesos.com\/seguros\/wp-content\/uploads\/2021\/09\/almudena-seguros.png\" \/>\n<meta name=\"twitter:card\" content=\"summary_large_image\" \/>\n<meta name=\"twitter:label1\" content=\"Tiempo de lectura\" \/>\n\t<meta name=\"twitter:data1\" content=\"39 minutos\" \/>\n<script type=\"application\/ld+json\" class=\"yoast-schema-graph\">{\"@context\":\"https:\\\/\\\/schema.org\",\"@graph\":[{\"@type\":\"WebPage\",\"@id\":\"https:\\\/\\\/idecesos.com\\\/seguros\\\/companias\\\/almudena\\\/ciudad-real\\\/\",\"url\":\"https:\\\/\\\/idecesos.com\\\/seguros\\\/companias\\\/almudena\\\/ciudad-real\\\/\",\"name\":\"Oficinas Almudena en Ciudad Real | Tel\u00e9fonos, Horarios, Direcci\u00f3n\",\"isPartOf\":{\"@id\":\"https:\\\/\\\/idecesos.com\\\/seguros\\\/#website\"},\"primaryImageOfPage\":{\"@id\":\"https:\\\/\\\/idecesos.com\\\/seguros\\\/companias\\\/almudena\\\/ciudad-real\\\/#primaryimage\"},\"image\":{\"@id\":\"https:\\\/\\\/idecesos.com\\\/seguros\\\/companias\\\/almudena\\\/ciudad-real\\\/#primaryimage\"},\"thumbnailUrl\":\"https:\\\/\\\/idecesos.com\\\/seguros\\\/wp-content\\\/uploads\\\/2021\\\/09\\\/almudena-seguros.png\",\"datePublished\":\"2021-09-07T21:12:19+00:00\",\"description\":\"Lista completa de Oficinas Almudena en Ciudad Real Horarios, \u2706 tel\u00e9fonos y direcciones actualizados en 2026 \u2714 Verificado por iDecesos.\",\"breadcrumb\":{\"@id\":\"https:\\\/\\\/idecesos.com\\\/seguros\\\/companias\\\/almudena\\\/ciudad-real\\\/#breadcrumb\"},\"inLanguage\":\"es\",\"potentialAction\":[{\"@type\":\"ReadAction\",\"target\":[\"https:\\\/\\\/idecesos.com\\\/seguros\\\/companias\\\/almudena\\\/ciudad-real\\\/\"]}]},{\"@type\":\"ImageObject\",\"inLanguage\":\"es\",\"@id\":\"https:\\\/\\\/idecesos.com\\\/seguros\\\/companias\\\/almudena\\\/ciudad-real\\\/#primaryimage\",\"url\":\"https:\\\/\\\/idecesos.com\\\/seguros\\\/wp-content\\\/uploads\\\/2021\\\/09\\\/almudena-seguros.png\",\"contentUrl\":\"https:\\\/\\\/idecesos.com\\\/seguros\\\/wp-content\\\/uploads\\\/2021\\\/09\\\/almudena-seguros.png\",\"width\":470,\"height\":144},{\"@type\":\"BreadcrumbList\",\"@id\":\"https:\\\/\\\/idecesos.com\\\/seguros\\\/companias\\\/almudena\\\/ciudad-real\\\/#breadcrumb\",\"itemListElement\":[{\"@type\":\"ListItem\",\"position\":1,\"name\":\"Portada\",\"item\":\"https:\\\/\\\/idecesos.com\\\/seguros\\\/\"},{\"@type\":\"ListItem\",\"position\":2,\"name\":\"Compa\u00f1\u00edas de Seguros de Decesos en Espa\u00f1a\",\"item\":\"https:\\\/\\\/idecesos.com\\\/seguros\\\/companias\\\/\"},{\"@type\":\"ListItem\",\"position\":3,\"name\":\"Seguro de Decesos La Almudena\",\"item\":\"https:\\\/\\\/idecesos.com\\\/seguros\\\/companias\\\/almudena\\\/\"},{\"@type\":\"ListItem\",\"position\":4,\"name\":\"Oficinas seguros de decesos Almudena en Ciudad Real\"}]},{\"@type\":\"WebSite\",\"@id\":\"https:\\\/\\\/idecesos.com\\\/seguros\\\/#website\",\"url\":\"https:\\\/\\\/idecesos.com\\\/seguros\\\/\",\"name\":\"\",\"description\":\"\",\"potentialAction\":[{\"@type\":\"SearchAction\",\"target\":{\"@type\":\"EntryPoint\",\"urlTemplate\":\"https:\\\/\\\/idecesos.com\\\/seguros\\\/?s={search_term_string}\"},\"query-input\":{\"@type\":\"PropertyValueSpecification\",\"valueRequired\":true,\"valueName\":\"search_term_string\"}}],\"inLanguage\":\"es\"}]}<\/script>\n<!-- \/ Yoast SEO plugin. -->","yoast_head_json":{"title":"Oficinas Almudena en Ciudad Real | Tel\u00e9fonos, Horarios, Direcci\u00f3n","description":"Lista completa de Oficinas Almudena en Ciudad Real Horarios, \u2706 tel\u00e9fonos y direcciones actualizados en 2026 \u2714 Verificado por iDecesos.","robots":{"index":"index","follow":"follow","max-snippet":"max-snippet:-1","max-image-preview":"max-image-preview:large","max-video-preview":"max-video-preview:-1"},"canonical":"https:\/\/idecesos.com\/seguros\/companias\/almudena\/ciudad-real\/","og_locale":"es_ES","og_type":"article","og_title":"Oficinas Almudena en Ciudad Real | Tel\u00e9fonos, Horarios, Direcci\u00f3n","og_description":"Lista completa de Oficinas Almudena en Ciudad Real Horarios, \u2706 tel\u00e9fonos y direcciones actualizados en 2026 \u2714 Verificado por iDecesos.","og_url":"https:\/\/idecesos.com\/seguros\/companias\/almudena\/ciudad-real\/","og_image":[{"url":"https:\/\/idecesos.com\/seguros\/wp-content\/uploads\/2021\/09\/almudena-seguros.png","type":"","width":"","height":""}],"twitter_card":"summary_large_image","twitter_misc":{"Tiempo de lectura":"39 minutos"},"schema":{"@context":"https:\/\/schema.org","@graph":[{"@type":"WebPage","@id":"https:\/\/idecesos.com\/seguros\/companias\/almudena\/ciudad-real\/","url":"https:\/\/idecesos.com\/seguros\/companias\/almudena\/ciudad-real\/","name":"Oficinas Almudena en Ciudad Real | Tel\u00e9fonos, Horarios, Direcci\u00f3n","isPartOf":{"@id":"https:\/\/idecesos.com\/seguros\/#website"},"primaryImageOfPage":{"@id":"https:\/\/idecesos.com\/seguros\/companias\/almudena\/ciudad-real\/#primaryimage"},"image":{"@id":"https:\/\/idecesos.com\/seguros\/companias\/almudena\/ciudad-real\/#primaryimage"},"thumbnailUrl":"https:\/\/idecesos.com\/seguros\/wp-content\/uploads\/2021\/09\/almudena-seguros.png","datePublished":"2021-09-07T21:12:19+00:00","description":"Lista completa de Oficinas Almudena en Ciudad Real Horarios, \u2706 tel\u00e9fonos y direcciones actualizados en 2026 \u2714 Verificado por iDecesos.","breadcrumb":{"@id":"https:\/\/idecesos.com\/seguros\/companias\/almudena\/ciudad-real\/#breadcrumb"},"inLanguage":"es","potentialAction":[{"@type":"ReadAction","target":["https:\/\/idecesos.com\/seguros\/companias\/almudena\/ciudad-real\/"]}]},{"@type":"ImageObject","inLanguage":"es","@id":"https:\/\/idecesos.com\/seguros\/companias\/almudena\/ciudad-real\/#primaryimage","url":"https:\/\/idecesos.com\/seguros\/wp-content\/uploads\/2021\/09\/almudena-seguros.png","contentUrl":"https:\/\/idecesos.com\/seguros\/wp-content\/uploads\/2021\/09\/almudena-seguros.png","width":470,"height":144},{"@type":"BreadcrumbList","@id":"https:\/\/idecesos.com\/seguros\/companias\/almudena\/ciudad-real\/#breadcrumb","itemListElement":[{"@type":"ListItem","position":1,"name":"Portada","item":"https:\/\/idecesos.com\/seguros\/"},{"@type":"ListItem","position":2,"name":"Compa\u00f1\u00edas de Seguros de Decesos en Espa\u00f1a","item":"https:\/\/idecesos.com\/seguros\/companias\/"},{"@type":"ListItem","position":3,"name":"Seguro de Decesos La Almudena","item":"https:\/\/idecesos.com\/seguros\/companias\/almudena\/"},{"@type":"ListItem","position":4,"name":"Oficinas seguros de decesos Almudena en Ciudad Real"}]},{"@type":"WebSite","@id":"https:\/\/idecesos.com\/seguros\/#website","url":"https:\/\/idecesos.com\/seguros\/","name":"","description":"","potentialAction":[{"@type":"SearchAction","target":{"@type":"EntryPoint","urlTemplate":"https:\/\/idecesos.com\/seguros\/?s={search_term_string}"},"query-input":{"@type":"PropertyValueSpecification","valueRequired":true,"valueName":"search_term_string"}}],"inLanguage":"es"}]}},"_links":{"self":[{"href":"https:\/\/idecesos.com\/seguros\/wp-json\/wp\/v2\/pages\/6141","targetHints":{"allow":["GET"]}}],"collection":[{"href":"https:\/\/idecesos.com\/seguros\/wp-json\/wp\/v2\/pages"}],"about":[{"href":"https:\/\/idecesos.com\/seguros\/wp-json\/wp\/v2\/types\/page"}],"replies":[{"embeddable":true,"href":"https:\/\/idecesos.com\/seguros\/wp-json\/wp\/v2\/comments?post=6141"}],"version-history":[{"count":0,"href":"https:\/\/idecesos.com\/seguros\/wp-json\/wp\/v2\/pages\/6141\/revisions"}],"up":[{"embeddable":true,"href":"https:\/\/idecesos.com\/seguros\/wp-json\/wp\/v2\/pages\/472"}],"wp:attachment":[{"href":"https:\/\/idecesos.com\/seguros\/wp-json\/wp\/v2\/media?parent=6141"}],"curies":[{"name":"wp","href":"https:\/\/api.w.org\/{rel}","templated":true}]}}