{"id":6145,"date":"2021-09-07T21:12:21","date_gmt":"2021-09-07T21:12:21","guid":{"rendered":"https:\/\/idecesos.com\/seguros\/companias\/almudena\/huelva\/"},"modified":"2021-09-07T21:12:21","modified_gmt":"2021-09-07T21:12:21","slug":"huelva","status":"publish","type":"page","link":"https:\/\/idecesos.com\/seguros\/companias\/almudena\/huelva\/","title":{"rendered":"Oficinas seguros de decesos Almudena en Huelva"},"content":{"rendered":"<div id=\"ez-toc-container\" class=\"ez-toc-v2_0_82_2 ez-toc-wrap-center counter-hierarchy ez-toc-counter ez-toc-custom ez-toc-container-direction\">\n<div class=\"ez-toc-title-container\">\n<p class=\"ez-toc-title\" style=\"cursor:inherit\">Tabla de Contenido<\/p>\n<span class=\"ez-toc-title-toggle\"><a href=\"#\" class=\"ez-toc-pull-right ez-toc-btn ez-toc-btn-xs ez-toc-btn-default ez-toc-toggle\" aria-label=\"Alternar tabla de contenidos\"><span class=\"ez-toc-js-icon-con\"><span class=\"\"><span class=\"eztoc-hide\" style=\"display:none;\">Toggle<\/span><span class=\"ez-toc-icon-toggle-span\"><svg style=\"fill: #db6415;color:#db6415\" xmlns=\"http:\/\/www.w3.org\/2000\/svg\" class=\"list-377408\" width=\"20px\" height=\"20px\" viewBox=\"0 0 24 24\" fill=\"none\"><path d=\"M6 6H4v2h2V6zm14 0H8v2h12V6zM4 11h2v2H4v-2zm16 0H8v2h12v-2zM4 16h2v2H4v-2zm16 0H8v2h12v-2z\" fill=\"currentColor\"><\/path><\/svg><svg style=\"fill: #db6415;color:#db6415\" class=\"arrow-unsorted-368013\" xmlns=\"http:\/\/www.w3.org\/2000\/svg\" width=\"10px\" height=\"10px\" viewBox=\"0 0 24 24\" version=\"1.2\" baseProfile=\"tiny\"><path d=\"M18.2 9.3l-6.2-6.3-6.2 6.3c-.2.2-.3.4-.3.7s.1.5.3.7c.2.2.4.3.7.3h11c.3 0 .5-.1.7-.3.2-.2.3-.5.3-.7s-.1-.5-.3-.7zM5.8 14.7l6.2 6.3 6.2-6.3c.2-.2.3-.5.3-.7s-.1-.5-.3-.7c-.2-.2-.4-.3-.7-.3h-11c-.3 0-.5.1-.7.3-.2.2-.3.5-.3.7s.1.5.3.7z\"\/><\/svg><\/span><\/span><\/span><\/a><\/span><\/div>\n<nav><ul class='ez-toc-list ez-toc-list-level-1 ' ><li class='ez-toc-page-1 ez-toc-heading-level-2'><a class=\"ez-toc-link ez-toc-heading-1\" href=\"https:\/\/idecesos.com\/seguros\/companias\/almudena\/huelva\/#Seguro_de_decesos_Almudena_en_Huelva\" >Seguro de decesos Almudena en Huelva<\/a><\/li><li class='ez-toc-page-1 ez-toc-heading-level-2'><a class=\"ez-toc-link ez-toc-heading-2\" href=\"https:\/\/idecesos.com\/seguros\/companias\/almudena\/huelva\/#Mapa_de_agencias_de_seguros_Almudena_en_Huelva\" >Mapa de agencias de seguros Almudena en Huelva<\/a><\/li><li class='ez-toc-page-1 ez-toc-heading-level-2'><a class=\"ez-toc-link ez-toc-heading-3\" href=\"https:\/\/idecesos.com\/seguros\/companias\/almudena\/huelva\/#Listado_de_sucursales_Almudena_en_Huelva\" >Listado de sucursales Almudena en Huelva<\/a><\/li><li class='ez-toc-page-1 ez-toc-heading-level-2'><a class=\"ez-toc-link ez-toc-heading-4\" href=\"https:\/\/idecesos.com\/seguros\/companias\/almudena\/huelva\/#Sucursales_de_seguros_de_decesos_en_Huelva\" >Sucursales de seguros de decesos en Huelva<\/a><ul class='ez-toc-list-level-3' ><li class='ez-toc-heading-level-3'><a class=\"ez-toc-link ez-toc-heading-5\" href=\"https:\/\/idecesos.com\/seguros\/companias\/almudena\/huelva\/#Listado_de_sucursales_Almudena_en_Espana\" >Listado de sucursales Almudena en Espa\u00f1a<\/a><\/li><\/ul><\/li><\/ul><\/nav><\/div>\n\n<p><a href=\"https:\/\/idecesos.com\/seguros\/companias\/almudena\/\"><img decoding=\"async\" class=\" alignleft\" src=\"https:\/\/idecesos.com\/seguros\/wp-content\/uploads\/2021\/09\/almudena-seguros.png\" alt=\"Seguro de decesos Almudena\" width=\"336\" height=\"103\" \/><\/a>Te dan calidad en servicio como en atenci\u00f3n, puedes acudir a sus distintas sucursales de Almudena en Huelva. Cada horario cambiara conforme la temporada en que se encuentre. Siempre y en toda circunstancia puede ocurrir algo inopinado por ello es de bien saber d\u00f3nde se pueden encontrar las distintas sucursales de Almudena <strong>cerca de nosotros en Huelva. <\/strong>Ellos se encargasen de administrar todos tus problemas de una manera m\u00e1s veloz. \u00a0<\/p>\n<p>\u00bfHas pensando alguna vez las que dispones a tu alrededor?Deben de tomar en consideraci\u00f3n donde est\u00e1n cada una de las distintas sucursales de Huelva para que nos den lo servicios que requerimos en todo el proceso y que te puedan surgir.<br \/>\nAhora encuentra las diferentes <strong>oficinas de Almudena en todos y cada Huelva<\/strong> con las peculiaridades m\u00e1s precisas, donde te garantizan un proceso seguro para dar con tu oficina referente y de confianza. <\/p>\n<p>Visita nuestra p\u00e1gina de <a href=\"https:\/\/idecesos.com\/seguros\/companias\/almudena\/\">seguros de decesos Almudena<\/a> para m\u00e1s informaci\u00f3n.<br \/>\n<div class=\"colorf \"  ><div class=\"container clearfix\"><div class=\"col-md-7\"><\/p>\n<h2><span class=\"ez-toc-section\" id=\"Seguro_de_decesos_Almudena_en_Huelva\"><\/span>Seguro de decesos Almudena en Huelva<span class=\"ez-toc-section-end\"><\/span><\/h2>\n<p>Garantizamos el mejor servicio, contando con las diferentes aseguradoras de <a href=\"https:\/\/idecesos.com\/seguros\/ciudades\/huelva\/\"><strong>seguro decesos de Huelva<\/strong><\/a>. Resulta dif\u00edcil lograr un presupuesto y que se comprenda todos y cada uno de los datos que contiene, por este motivo  te damos la opci\u00f3n que lo tengas de una forma m\u00e1s f\u00e1cil de manera m\u00e1s clara, de <strong>Almudena en Huelva<\/strong>, lo tendr\u00e1n en un tiempo record y ahorr\u00e1ndote tiempo. <\/p>\n<p>Para ello, ahora te facilitamos un formulario para que puedas recibir toda la informaci\u00f3n necesaria y oportuna, como pedir cita presencial para poder acudir a sus oficinas m\u00e1s <strong>pr\u00f3ximas de Almudena en Huelva<\/strong>. Asegur\u00e1ndote la buena administraci\u00f3n de la informaci\u00f3n que necesites, eludiendo que recibas publicidad. Gracias al formulario que hemos querido facilitarle obtendr\u00e1 f\u00e1cilmente su cita presencial, como la informaci\u00f3n filtrada de la que vaya a precisar. Donde sus datos van a quedar protegido en todo instante. <\/p>\n<p><\/div><\/div><\/div>\n\t\t<hr class=\"separador\">\n\t\t<div class=\"bloque-accion\">\n\t\t<p class=\"txt-accion\">Calcula el precio de tu seguro de decesos en menos de 1 minuto<\/p>\n\t\t<a class=\"btn-accion\" href=\"https:\/\/idecesos.com\/\">CALCULAR<\/a>\n\t\t<\/div>\n\t\t<hr class=\"separador\">\n\t\t<\/p>\n<h2><span class=\"ez-toc-section\" id=\"Mapa_de_agencias_de_seguros_Almudena_en_Huelva\"><\/span>Mapa de agencias de seguros Almudena en Huelva<span class=\"ez-toc-section-end\"><\/span><\/h2>\n<p>Un localizador de oficinas Almudena en Huelva ha venido a gestionar todos y cada uno de los inconvenientes de forma m\u00e1s f\u00e1cil, <strong>cuentas con un mapa por Almudena<\/strong> en Huelva, con la realizaci\u00f3n a su proximidad. Con el objetivo de que en el proceso dure lo menos posible, ahorr\u00e1ndote tiempo y asegur\u00e1ndote que tu tiempo quede invertido. Te ahorramos perder el tiempo, haci\u00e9ndolo m\u00e1s polivalente. Gracias al localizar te ahorra inconvenientes a la hora de la b\u00fasqueda. <\/p>\n<p><iframe class=\"page-generator-pro-map\" width=\"100%\" height=\"400\" frameborder=\"0\" style=\"border:0\" src=\"https:\/\/www.google.com\/maps\/embed\/v1\/place?q=21003+Huelva%2C+Espa%C3%B1a&#038;zoom=14&#038;maptype=roadmap&#038;key=AIzaSyCNTEOso0tZG6YMSJFoaJEY5Th1stEWrJI\" allowfullscreen><\/iframe><\/p>\n<p>&nbsp;<br \/>\n<div class=\"colorf\"><div class=\"container clearfix\"><div class=\"col-md-7\"><div class=\"empresas\"><\/p>\n<h2><span class=\"ez-toc-section\" id=\"Listado_de_sucursales_Almudena_en_Huelva\"><\/span>Listado de sucursales Almudena en Huelva<span class=\"ez-toc-section-end\"><\/span><\/h2>\n<ul>\n<li><strong>Compa\u00f1\u00eda de seguros Huelva, Espa\u00f1a:<\/strong> 21003 Huelva, Espa\u00f1a<\/li>\n<\/ul>\n<\/div><\/div><\/div><\/div>\n<h2><span class=\"ez-toc-section\" id=\"Sucursales_de_seguros_de_decesos_en_Huelva\"><\/span>Sucursales de seguros de decesos en Huelva<span class=\"ez-toc-section-end\"><\/span><\/h2>\n<p>Nos agrada ayudarte dante las claves primordiales para que puedas ahorrarte los quebraderos de cabeza, es tan sencillo como acceder aqu\u00ed, conseguir\u00e1s todo el <strong>listado de seguros de decesos en Huelva<\/strong>. No solo cuentas con eso, tambi\u00e9n tendr\u00e1s la informaci\u00f3n referente a cada uno de ellos. Todo que precisas saber en cuesti\u00f3n de un click, resuelve todos tus inconvenientes de inmediato. Nos gusta ponerte las cosas simples, por este motivo cuentas con nosotros. <\/p>\n<!-- Shortcode [almudena] does not exist -->\n<div class=\"colorf\"><div class=\"container clearfix\"><div class=\"col-md-7\"><div class=\"empresas\">\n<h3><span class=\"ez-toc-section\" id=\"Listado_de_sucursales_Almudena_en_Espana\"><\/span>Listado de sucursales Almudena en Espa\u00f1a<span class=\"ez-toc-section-end\"><\/span><\/h3>\n<div class=\"enlazado\"><ul><li><a href=\"https:\/\/idecesos.com\/seguros\/companias\/almudena\/telefono\/\"><span>Atenci\u00f3n al cliente La Almudena: telefono gratuito, e-mail<\/span><\/a><\/li><li><a href=\"https:\/\/idecesos.com\/seguros\/companias\/almudena\/alicante\/\"><span>Oficinas seguros de decesos Almudena en Alicante<\/span><\/a><\/li><li><a href=\"https:\/\/idecesos.com\/seguros\/companias\/almudena\/badajoz\/\"><span>Oficinas seguros de decesos Almudena en Badajoz<\/span><\/a><\/li><li><a href=\"https:\/\/idecesos.com\/seguros\/companias\/almudena\/barcelona\/\"><span>Oficinas seguros de decesos Almudena en Barcelona<\/span><\/a><\/li><li><a href=\"https:\/\/idecesos.com\/seguros\/companias\/almudena\/caceres\/\"><span>Oficinas seguros de decesos Almudena en C\u00e1ceres<\/span><\/a><\/li><li><a href=\"https:\/\/idecesos.com\/seguros\/companias\/almudena\/cadiz\/\"><span>Oficinas seguros de decesos Almudena en C\u00e1diz<\/span><\/a><\/li><li><a href=\"https:\/\/idecesos.com\/seguros\/companias\/almudena\/cordoba\/\"><span>Oficinas seguros de decesos Almudena en C\u00f3rdoba<\/span><\/a><\/li><li><a href=\"https:\/\/idecesos.com\/seguros\/companias\/almudena\/guadalajara\/\"><span>Oficinas seguros de decesos Almudena en Guadalajara<\/span><\/a><\/li><li><a href=\"https:\/\/idecesos.com\/seguros\/companias\/almudena\/la-coruna\/\"><span>Oficinas seguros de decesos Almudena en La coru\u00f1a<\/span><\/a><\/li><li><a href=\"https:\/\/idecesos.com\/seguros\/companias\/almudena\/navarra\/\"><span>Oficinas seguros de decesos Almudena en Navarra<\/span><\/a><\/li><li><a href=\"https:\/\/idecesos.com\/seguros\/companias\/almudena\/tenerife\/\"><span>Oficinas seguros de decesos Almudena en Tenerife<\/span><\/a><\/li><li><a href=\"https:\/\/idecesos.com\/seguros\/companias\/almudena\/valencia\/\"><span>Oficinas seguros de decesos Almudena en Valencia<\/span><\/a><\/li><li><a href=\"https:\/\/idecesos.com\/seguros\/companias\/almudena\/valladolid\/\"><span>Oficinas seguros de decesos Almudena en Valladolid<\/span><\/a><\/li><li><a href=\"https:\/\/idecesos.com\/seguros\/companias\/almudena\/prima-mixta\/\"><span>Seguro de decesos La Almudena Prima Mixta<\/span><\/a><\/li><li><a href=\"https:\/\/idecesos.com\/seguros\/companias\/almudena\/prima-nivelada\/\"><span>Seguro de decesos La Almudena Prima Nivelada<\/span><\/a><\/li><li><a href=\"https:\/\/idecesos.com\/seguros\/companias\/almudena\/prima-unica\/\"><span>Seguro de decesos La Almudena Prima \u00danica<\/span><\/a><\/li><\/ul><\/div>\n<\/div><\/div><\/div><\/div>\n","protected":false},"excerpt":{"rendered":"<p>Te dan calidad en servicio como en atenci\u00f3n, puedes acudir a sus distintas sucursales de Almudena en Huelva. Cada horario cambiara conforme la temporada en que se encuentre. Siempre y en toda circunstancia puede ocurrir algo inopinado por ello es de bien saber d\u00f3nde se pueden encontrar las distintas sucursales de Almudena cerca de nosotros&hellip; <\/p>\n","protected":false},"author":0,"featured_media":0,"parent":472,"menu_order":0,"comment_status":"closed","ping_status":"closed","template":"page-templates\/companies.php","meta":{"footnotes":""},"class_list":["post-6145","page","type-page","status-publish","hentry"],"yoast_head":"<!-- This site is optimized with the Yoast SEO plugin v27.5 - https:\/\/yoast.com\/product\/yoast-seo-wordpress\/ -->\n<title>Oficinas Almudena en Huelva | Tel\u00e9fonos, Horarios, Direcci\u00f3n<\/title>\n<meta name=\"description\" content=\"Lista completa de Oficinas Almudena en Huelva Horarios, \u2706 tel\u00e9fonos y direcciones actualizados en 2026 \u2714 Verificado por iDecesos.\" \/>\n<meta name=\"robots\" content=\"index, follow, max-snippet:-1, max-image-preview:large, max-video-preview:-1\" \/>\n<link rel=\"canonical\" href=\"https:\/\/idecesos.com\/seguros\/companias\/almudena\/huelva\/\" \/>\n<meta property=\"og:locale\" content=\"es_ES\" \/>\n<meta property=\"og:type\" content=\"article\" \/>\n<meta property=\"og:title\" content=\"Oficinas Almudena en Huelva | Tel\u00e9fonos, Horarios, Direcci\u00f3n\" \/>\n<meta property=\"og:description\" content=\"Lista completa de Oficinas Almudena en Huelva Horarios, \u2706 tel\u00e9fonos y direcciones actualizados en 2026 \u2714 Verificado por iDecesos.\" \/>\n<meta property=\"og:url\" content=\"https:\/\/idecesos.com\/seguros\/companias\/almudena\/huelva\/\" \/>\n<meta property=\"og:image\" content=\"https:\/\/idecesos.com\/seguros\/wp-content\/uploads\/2021\/09\/almudena-seguros.png\" \/>\n<meta name=\"twitter:card\" content=\"summary_large_image\" \/>\n<meta name=\"twitter:label1\" content=\"Tiempo de lectura\" \/>\n\t<meta name=\"twitter:data1\" content=\"39 minutos\" \/>\n<script type=\"application\/ld+json\" class=\"yoast-schema-graph\">{\"@context\":\"https:\\\/\\\/schema.org\",\"@graph\":[{\"@type\":\"WebPage\",\"@id\":\"https:\\\/\\\/idecesos.com\\\/seguros\\\/companias\\\/almudena\\\/huelva\\\/\",\"url\":\"https:\\\/\\\/idecesos.com\\\/seguros\\\/companias\\\/almudena\\\/huelva\\\/\",\"name\":\"Oficinas Almudena en Huelva | Tel\u00e9fonos, Horarios, Direcci\u00f3n\",\"isPartOf\":{\"@id\":\"https:\\\/\\\/idecesos.com\\\/seguros\\\/#website\"},\"primaryImageOfPage\":{\"@id\":\"https:\\\/\\\/idecesos.com\\\/seguros\\\/companias\\\/almudena\\\/huelva\\\/#primaryimage\"},\"image\":{\"@id\":\"https:\\\/\\\/idecesos.com\\\/seguros\\\/companias\\\/almudena\\\/huelva\\\/#primaryimage\"},\"thumbnailUrl\":\"https:\\\/\\\/idecesos.com\\\/seguros\\\/wp-content\\\/uploads\\\/2021\\\/09\\\/almudena-seguros.png\",\"datePublished\":\"2021-09-07T21:12:21+00:00\",\"description\":\"Lista completa de Oficinas Almudena en Huelva Horarios, \u2706 tel\u00e9fonos y direcciones actualizados en 2026 \u2714 Verificado por iDecesos.\",\"breadcrumb\":{\"@id\":\"https:\\\/\\\/idecesos.com\\\/seguros\\\/companias\\\/almudena\\\/huelva\\\/#breadcrumb\"},\"inLanguage\":\"es\",\"potentialAction\":[{\"@type\":\"ReadAction\",\"target\":[\"https:\\\/\\\/idecesos.com\\\/seguros\\\/companias\\\/almudena\\\/huelva\\\/\"]}]},{\"@type\":\"ImageObject\",\"inLanguage\":\"es\",\"@id\":\"https:\\\/\\\/idecesos.com\\\/seguros\\\/companias\\\/almudena\\\/huelva\\\/#primaryimage\",\"url\":\"https:\\\/\\\/idecesos.com\\\/seguros\\\/wp-content\\\/uploads\\\/2021\\\/09\\\/almudena-seguros.png\",\"contentUrl\":\"https:\\\/\\\/idecesos.com\\\/seguros\\\/wp-content\\\/uploads\\\/2021\\\/09\\\/almudena-seguros.png\",\"width\":470,\"height\":144},{\"@type\":\"BreadcrumbList\",\"@id\":\"https:\\\/\\\/idecesos.com\\\/seguros\\\/companias\\\/almudena\\\/huelva\\\/#breadcrumb\",\"itemListElement\":[{\"@type\":\"ListItem\",\"position\":1,\"name\":\"Portada\",\"item\":\"https:\\\/\\\/idecesos.com\\\/seguros\\\/\"},{\"@type\":\"ListItem\",\"position\":2,\"name\":\"Compa\u00f1\u00edas de Seguros de Decesos en Espa\u00f1a\",\"item\":\"https:\\\/\\\/idecesos.com\\\/seguros\\\/companias\\\/\"},{\"@type\":\"ListItem\",\"position\":3,\"name\":\"Seguro de Decesos La Almudena\",\"item\":\"https:\\\/\\\/idecesos.com\\\/seguros\\\/companias\\\/almudena\\\/\"},{\"@type\":\"ListItem\",\"position\":4,\"name\":\"Oficinas seguros de decesos Almudena en Huelva\"}]},{\"@type\":\"WebSite\",\"@id\":\"https:\\\/\\\/idecesos.com\\\/seguros\\\/#website\",\"url\":\"https:\\\/\\\/idecesos.com\\\/seguros\\\/\",\"name\":\"\",\"description\":\"\",\"potentialAction\":[{\"@type\":\"SearchAction\",\"target\":{\"@type\":\"EntryPoint\",\"urlTemplate\":\"https:\\\/\\\/idecesos.com\\\/seguros\\\/?s={search_term_string}\"},\"query-input\":{\"@type\":\"PropertyValueSpecification\",\"valueRequired\":true,\"valueName\":\"search_term_string\"}}],\"inLanguage\":\"es\"}]}<\/script>\n<!-- \/ Yoast SEO plugin. -->","yoast_head_json":{"title":"Oficinas Almudena en Huelva | Tel\u00e9fonos, Horarios, Direcci\u00f3n","description":"Lista completa de Oficinas Almudena en Huelva Horarios, \u2706 tel\u00e9fonos y direcciones actualizados en 2026 \u2714 Verificado por iDecesos.","robots":{"index":"index","follow":"follow","max-snippet":"max-snippet:-1","max-image-preview":"max-image-preview:large","max-video-preview":"max-video-preview:-1"},"canonical":"https:\/\/idecesos.com\/seguros\/companias\/almudena\/huelva\/","og_locale":"es_ES","og_type":"article","og_title":"Oficinas Almudena en Huelva | Tel\u00e9fonos, Horarios, Direcci\u00f3n","og_description":"Lista completa de Oficinas Almudena en Huelva Horarios, \u2706 tel\u00e9fonos y direcciones actualizados en 2026 \u2714 Verificado por iDecesos.","og_url":"https:\/\/idecesos.com\/seguros\/companias\/almudena\/huelva\/","og_image":[{"url":"https:\/\/idecesos.com\/seguros\/wp-content\/uploads\/2021\/09\/almudena-seguros.png","type":"","width":"","height":""}],"twitter_card":"summary_large_image","twitter_misc":{"Tiempo de lectura":"39 minutos"},"schema":{"@context":"https:\/\/schema.org","@graph":[{"@type":"WebPage","@id":"https:\/\/idecesos.com\/seguros\/companias\/almudena\/huelva\/","url":"https:\/\/idecesos.com\/seguros\/companias\/almudena\/huelva\/","name":"Oficinas Almudena en Huelva | Tel\u00e9fonos, Horarios, Direcci\u00f3n","isPartOf":{"@id":"https:\/\/idecesos.com\/seguros\/#website"},"primaryImageOfPage":{"@id":"https:\/\/idecesos.com\/seguros\/companias\/almudena\/huelva\/#primaryimage"},"image":{"@id":"https:\/\/idecesos.com\/seguros\/companias\/almudena\/huelva\/#primaryimage"},"thumbnailUrl":"https:\/\/idecesos.com\/seguros\/wp-content\/uploads\/2021\/09\/almudena-seguros.png","datePublished":"2021-09-07T21:12:21+00:00","description":"Lista completa de Oficinas Almudena en Huelva Horarios, \u2706 tel\u00e9fonos y direcciones actualizados en 2026 \u2714 Verificado por iDecesos.","breadcrumb":{"@id":"https:\/\/idecesos.com\/seguros\/companias\/almudena\/huelva\/#breadcrumb"},"inLanguage":"es","potentialAction":[{"@type":"ReadAction","target":["https:\/\/idecesos.com\/seguros\/companias\/almudena\/huelva\/"]}]},{"@type":"ImageObject","inLanguage":"es","@id":"https:\/\/idecesos.com\/seguros\/companias\/almudena\/huelva\/#primaryimage","url":"https:\/\/idecesos.com\/seguros\/wp-content\/uploads\/2021\/09\/almudena-seguros.png","contentUrl":"https:\/\/idecesos.com\/seguros\/wp-content\/uploads\/2021\/09\/almudena-seguros.png","width":470,"height":144},{"@type":"BreadcrumbList","@id":"https:\/\/idecesos.com\/seguros\/companias\/almudena\/huelva\/#breadcrumb","itemListElement":[{"@type":"ListItem","position":1,"name":"Portada","item":"https:\/\/idecesos.com\/seguros\/"},{"@type":"ListItem","position":2,"name":"Compa\u00f1\u00edas de Seguros de Decesos en Espa\u00f1a","item":"https:\/\/idecesos.com\/seguros\/companias\/"},{"@type":"ListItem","position":3,"name":"Seguro de Decesos La Almudena","item":"https:\/\/idecesos.com\/seguros\/companias\/almudena\/"},{"@type":"ListItem","position":4,"name":"Oficinas seguros de decesos Almudena en Huelva"}]},{"@type":"WebSite","@id":"https:\/\/idecesos.com\/seguros\/#website","url":"https:\/\/idecesos.com\/seguros\/","name":"","description":"","potentialAction":[{"@type":"SearchAction","target":{"@type":"EntryPoint","urlTemplate":"https:\/\/idecesos.com\/seguros\/?s={search_term_string}"},"query-input":{"@type":"PropertyValueSpecification","valueRequired":true,"valueName":"search_term_string"}}],"inLanguage":"es"}]}},"_links":{"self":[{"href":"https:\/\/idecesos.com\/seguros\/wp-json\/wp\/v2\/pages\/6145","targetHints":{"allow":["GET"]}}],"collection":[{"href":"https:\/\/idecesos.com\/seguros\/wp-json\/wp\/v2\/pages"}],"about":[{"href":"https:\/\/idecesos.com\/seguros\/wp-json\/wp\/v2\/types\/page"}],"replies":[{"embeddable":true,"href":"https:\/\/idecesos.com\/seguros\/wp-json\/wp\/v2\/comments?post=6145"}],"version-history":[{"count":0,"href":"https:\/\/idecesos.com\/seguros\/wp-json\/wp\/v2\/pages\/6145\/revisions"}],"up":[{"embeddable":true,"href":"https:\/\/idecesos.com\/seguros\/wp-json\/wp\/v2\/pages\/472"}],"wp:attachment":[{"href":"https:\/\/idecesos.com\/seguros\/wp-json\/wp\/v2\/media?parent=6145"}],"curies":[{"name":"wp","href":"https:\/\/api.w.org\/{rel}","templated":true}]}}