{"id":6146,"date":"2021-09-07T21:12:21","date_gmt":"2021-09-07T21:12:21","guid":{"rendered":"https:\/\/idecesos.com\/seguros\/companias\/almudena\/jaen\/"},"modified":"2021-09-07T21:12:21","modified_gmt":"2021-09-07T21:12:21","slug":"jaen","status":"publish","type":"page","link":"https:\/\/idecesos.com\/seguros\/companias\/almudena\/jaen\/","title":{"rendered":"Oficinas seguros de decesos Almudena en Ja\u00e9n"},"content":{"rendered":"<div id=\"ez-toc-container\" class=\"ez-toc-v2_0_82_2 ez-toc-wrap-center counter-hierarchy ez-toc-counter ez-toc-custom ez-toc-container-direction\">\n<div class=\"ez-toc-title-container\">\n<p class=\"ez-toc-title\" style=\"cursor:inherit\">Tabla de Contenido<\/p>\n<span class=\"ez-toc-title-toggle\"><a href=\"#\" class=\"ez-toc-pull-right ez-toc-btn ez-toc-btn-xs ez-toc-btn-default ez-toc-toggle\" aria-label=\"Alternar tabla de contenidos\"><span class=\"ez-toc-js-icon-con\"><span class=\"\"><span class=\"eztoc-hide\" style=\"display:none;\">Toggle<\/span><span class=\"ez-toc-icon-toggle-span\"><svg style=\"fill: #db6415;color:#db6415\" xmlns=\"http:\/\/www.w3.org\/2000\/svg\" class=\"list-377408\" width=\"20px\" height=\"20px\" viewBox=\"0 0 24 24\" fill=\"none\"><path d=\"M6 6H4v2h2V6zm14 0H8v2h12V6zM4 11h2v2H4v-2zm16 0H8v2h12v-2zM4 16h2v2H4v-2zm16 0H8v2h12v-2z\" fill=\"currentColor\"><\/path><\/svg><svg style=\"fill: #db6415;color:#db6415\" class=\"arrow-unsorted-368013\" xmlns=\"http:\/\/www.w3.org\/2000\/svg\" width=\"10px\" height=\"10px\" viewBox=\"0 0 24 24\" version=\"1.2\" baseProfile=\"tiny\"><path d=\"M18.2 9.3l-6.2-6.3-6.2 6.3c-.2.2-.3.4-.3.7s.1.5.3.7c.2.2.4.3.7.3h11c.3 0 .5-.1.7-.3.2-.2.3-.5.3-.7s-.1-.5-.3-.7zM5.8 14.7l6.2 6.3 6.2-6.3c.2-.2.3-.5.3-.7s-.1-.5-.3-.7c-.2-.2-.4-.3-.7-.3h-11c-.3 0-.5.1-.7.3-.2.2-.3.5-.3.7s.1.5.3.7z\"\/><\/svg><\/span><\/span><\/span><\/a><\/span><\/div>\n<nav><ul class='ez-toc-list ez-toc-list-level-1 ' ><li class='ez-toc-page-1 ez-toc-heading-level-2'><a class=\"ez-toc-link ez-toc-heading-1\" href=\"https:\/\/idecesos.com\/seguros\/companias\/almudena\/jaen\/#Seguro_de_decesos_Almudena_en_Jaen\" >Seguro de decesos Almudena en Ja\u00e9n<\/a><\/li><li class='ez-toc-page-1 ez-toc-heading-level-2'><a class=\"ez-toc-link ez-toc-heading-2\" href=\"https:\/\/idecesos.com\/seguros\/companias\/almudena\/jaen\/#Mapa_de_oficinas_de_seguros_Almudena_en_Jaen\" >Mapa de oficinas de seguros Almudena en Ja\u00e9n<\/a><\/li><li class='ez-toc-page-1 ez-toc-heading-level-2'><a class=\"ez-toc-link ez-toc-heading-3\" href=\"https:\/\/idecesos.com\/seguros\/companias\/almudena\/jaen\/#Listado_de_agencias_Almudena_en_Jaen\" >Listado de agencias Almudena en Ja\u00e9n<\/a><\/li><li class='ez-toc-page-1 ez-toc-heading-level-2'><a class=\"ez-toc-link ez-toc-heading-4\" href=\"https:\/\/idecesos.com\/seguros\/companias\/almudena\/jaen\/#Sucursales_de_seguros_de_decesos_en_Jaen\" >Sucursales de seguros de decesos en Ja\u00e9n<\/a><ul class='ez-toc-list-level-3' ><li class='ez-toc-heading-level-3'><a class=\"ez-toc-link ez-toc-heading-5\" href=\"https:\/\/idecesos.com\/seguros\/companias\/almudena\/jaen\/#Listado_de_oficinas_Almudena_en_Espana\" >Listado de oficinas Almudena en Espa\u00f1a<\/a><\/li><\/ul><\/li><\/ul><\/nav><\/div>\n\n<p><a href=\"https:\/\/idecesos.com\/seguros\/companias\/almudena\/\"><img decoding=\"async\" class=\" alignleft\" src=\"https:\/\/idecesos.com\/seguros\/wp-content\/uploads\/2021\/09\/almudena-seguros.png\" alt=\"Seguro de decesos Almudena\" width=\"336\" height=\"103\" \/><\/a>Existen diferentes <strong>oficinas de Almudena en Ja\u00e9n<\/strong> ponemos a tu alcance la que mejor se adapte a las carencias que broten o dudas de su p\u00f3liza contratada. Cada sucursal tiene un horario diferente en cada temporada del a\u00f1o. En cada empresa aseguradora es esencial que cuente con una atenci\u00f3n de persona dedicada, y que gesti\u00f3n cualquier fallo cometido en distintas circunstancias. <\/p>\n<p>EMPRESA nos proporciona un servicio de calidad con car\u00e1cter m\u00e1s cercano, con un nivel de comunicaci\u00f3n excepcional, gracias a contar con su oficina. Es necesario saber d\u00f3nde encontrarlo.<br \/>\nSiendo de estas las que dan ese servicio singular en cualquier circunstancia. Obtener un presupuesto de manera flash, contando con un personal con un recorrido inusual. Donde quedase satisfecho. <\/p>\n<p>Visita nuestra p\u00e1gina de <a href=\"https:\/\/idecesos.com\/seguros\/companias\/almudena\/\">seguros de decesos Almudena<\/a> para m\u00e1s informaci\u00f3n.<br \/>\n<div class=\"colorf \"  ><div class=\"container clearfix\"><div class=\"col-md-7\"><\/p>\n<h2><span class=\"ez-toc-section\" id=\"Seguro_de_decesos_Almudena_en_Jaen\"><\/span>Seguro de decesos Almudena en Ja\u00e9n<span class=\"ez-toc-section-end\"><\/span><\/h2>\n<p>En las diferentes <strong>empresas aseguradoras en Ja\u00e9n,<\/strong> destacamos no solo por el nombre, sobresalimos a la opini\u00f3n y sugerencia de cada usuario, contando con los diferentes <a href=\"https:\/\/idecesos.com\/seguros\/ciudades\/jaen\/\"><strong>seguro decesos Ja\u00e9n<\/strong><\/a>. Hay personas que les resulta complicado poder comprender un presupuesto y m\u00e1s cuando no se deja entender, nosotros te damos la soluci\u00f3n a ello, con solo acceder lo vas a tener de forma instant\u00e1nea y con la informaci\u00f3n clar\u00edsima de Almudena en Ja\u00e9n. Sin darte cuenta has ahorrado todo ese tiempo para usarlo en m\u00e1s cosas. <\/p>\n<p>La calidad que prestamos siempre y en todo momento es de las pero esenciales, teniendo en cuenta nuestras oficinas de Almudena en Ja\u00e9n, por esta raz\u00f3n hemos querido premiar a nuestros clientes del servicio con la obtenci\u00f3n de presupuesto en el momento. Garant\u00eda en el momento de la b\u00fasqueda, con todo lo que buscas. No vas a precisar ver un tutorial para rellenar el formulario, es m\u00e1s sencillo, que ir de compras. Consiguiendo de este modo la informaci\u00f3n pertinente. No hace falta que sigas buscando. <\/p>\n<p><\/div><\/div><\/div>\n\t\t<hr class=\"separador\">\n\t\t<div class=\"bloque-accion\">\n\t\t<p class=\"txt-accion\">Calcula el precio de tu seguro de decesos en menos de 1 minuto<\/p>\n\t\t<a class=\"btn-accion\" href=\"https:\/\/idecesos.com\/\">CALCULAR<\/a>\n\t\t<\/div>\n\t\t<hr class=\"separador\">\n\t\t<\/p>\n<h2><span class=\"ez-toc-section\" id=\"Mapa_de_oficinas_de_seguros_Almudena_en_Jaen\"><\/span>Mapa de oficinas de seguros Almudena en Ja\u00e9n<span class=\"ez-toc-section-end\"><\/span><\/h2>\n<p>Veras que dispones de un <strong>localizador de oficinas en Almudena<\/strong> en Ja\u00e9n donde obtendr\u00e1s todo cuanto precises, teniendo de esta manera un mapa por cada Almudena en Ja\u00e9n. Sabemos lo importante que es poder contar en todo instante con buenos resultados, por ello en todos y cada busca quedase cubierto por calidad. En este caso lo obtendr\u00e1s al momento. Poner soluciones de manera r\u00e1pida es nuestro trabajo, por ello quedara todo solucionado en el momento. <\/p>\n<p><iframe class=\"page-generator-pro-map\" width=\"100%\" height=\"400\" frameborder=\"0\" style=\"border:0\" src=\"https:\/\/www.google.com\/maps\/embed\/v1\/place?q=Calle+Dr.+Eduardo+Garc%C3%ADa-Trivi%C3%B1o+L%C3%B3pez%2C+1%2C+23009+Ja%C3%A9n%2C+Espa%C3%B1a&#038;zoom=14&#038;maptype=roadmap&#038;key=AIzaSyCNTEOso0tZG6YMSJFoaJEY5Th1stEWrJI\" allowfullscreen><\/iframe><\/p>\n<p>&nbsp;<br \/>\n<div class=\"colorf\"><div class=\"container clearfix\"><div class=\"col-md-7\"><div class=\"empresas\"><\/p>\n<h2><span class=\"ez-toc-section\" id=\"Listado_de_agencias_Almudena_en_Jaen\"><\/span>Listado de agencias Almudena en Ja\u00e9n<span class=\"ez-toc-section-end\"><\/span><\/h2>\n<ul>\n<li><strong>Compa\u00f1\u00eda de seguros Ja\u00e9n, Espa\u00f1a:<\/strong> Calle Dr. Eduardo Garc\u00eda-Trivi\u00f1o L\u00f3pez, 1, 23009 Ja\u00e9n, Espa\u00f1a<\/li>\n<\/ul>\n<\/div><\/div><\/div><\/div>\n<h2><span class=\"ez-toc-section\" id=\"Sucursales_de_seguros_de_decesos_en_Jaen\"><\/span>Sucursales de seguros de decesos en Ja\u00e9n<span class=\"ez-toc-section-end\"><\/span><\/h2>\n<p>Con tan solo un paso te mostramos el listado de compa\u00f1\u00edas de seguros de decesos en Ja\u00e9n, encontraras toda la informaci\u00f3n relevante a la que precises. Donde lo tramitaras de manera m\u00e1s eficiente. M\u00e1s veloz y sencillo danto un resultado a unos datos de suma importancia que resolver\u00e1 todas tus cuestiones. No hace falta pensarlo tanto puesto que lo tienes a tu alcance para cualquier momento cuando m\u00e1s lo necesites. Damos resultados, aseguramos una busca eficaz. Conocer\u00e1s las distintas compa\u00f1\u00edas que se ubiquen en tu zona. <\/p>\n<!-- Shortcode [almudena] does not exist -->\n<div class=\"colorf\"><div class=\"container clearfix\"><div class=\"col-md-7\"><div class=\"empresas\">\n<h3><span class=\"ez-toc-section\" id=\"Listado_de_oficinas_Almudena_en_Espana\"><\/span>Listado de oficinas Almudena en Espa\u00f1a<span class=\"ez-toc-section-end\"><\/span><\/h3>\n<div class=\"enlazado\"><ul><li><a href=\"https:\/\/idecesos.com\/seguros\/companias\/almudena\/telefono\/\"><span>Atenci\u00f3n al cliente La Almudena: telefono gratuito, e-mail<\/span><\/a><\/li><li><a href=\"https:\/\/idecesos.com\/seguros\/companias\/almudena\/albacete\/\"><span>Oficinas seguros de decesos Almudena en Albacete<\/span><\/a><\/li><li><a href=\"https:\/\/idecesos.com\/seguros\/companias\/almudena\/almeria\/\"><span>Oficinas seguros de decesos Almudena en Almer\u00eda<\/span><\/a><\/li><li><a href=\"https:\/\/idecesos.com\/seguros\/companias\/almudena\/badajoz\/\"><span>Oficinas seguros de decesos Almudena en Badajoz<\/span><\/a><\/li><li><a href=\"https:\/\/idecesos.com\/seguros\/companias\/almudena\/caceres\/\"><span>Oficinas seguros de decesos Almudena en C\u00e1ceres<\/span><\/a><\/li><li><a href=\"https:\/\/idecesos.com\/seguros\/companias\/almudena\/granada\/\"><span>Oficinas seguros de decesos Almudena en Granada<\/span><\/a><\/li><li><a href=\"https:\/\/idecesos.com\/seguros\/companias\/almudena\/huelva\/\"><span>Oficinas seguros de decesos Almudena en Huelva<\/span><\/a><\/li><li><a href=\"https:\/\/idecesos.com\/seguros\/companias\/almudena\/leon\/\"><span>Oficinas seguros de decesos Almudena en Le\u00f3n<\/span><\/a><\/li><li><a href=\"https:\/\/idecesos.com\/seguros\/companias\/almudena\/madrid\/\"><span>Oficinas seguros de decesos Almudena en Madrid<\/span><\/a><\/li><li><a href=\"https:\/\/idecesos.com\/seguros\/companias\/almudena\/malaga\/\"><span>Oficinas seguros de decesos Almudena en M\u00e1laga<\/span><\/a><\/li><li><a href=\"https:\/\/idecesos.com\/seguros\/companias\/almudena\/toledo\/\"><span>Oficinas seguros de decesos Almudena en Toledo<\/span><\/a><\/li><li><a href=\"https:\/\/idecesos.com\/seguros\/companias\/almudena\/valladolid\/\"><span>Oficinas seguros de decesos Almudena en Valladolid<\/span><\/a><\/li><li><a href=\"https:\/\/idecesos.com\/seguros\/companias\/almudena\/zaragoza\/\"><span>Oficinas seguros de decesos Almudena en Zaragoza<\/span><\/a><\/li><li><a href=\"https:\/\/idecesos.com\/seguros\/companias\/almudena\/prima-natural\/\"><span>Seguro de decesos La Almudena Prima Natural<\/span><\/a><\/li><li><a href=\"https:\/\/idecesos.com\/seguros\/companias\/almudena\/prima-nivelada\/\"><span>Seguro de decesos La Almudena Prima Nivelada<\/span><\/a><\/li><li><a href=\"https:\/\/idecesos.com\/seguros\/companias\/almudena\/repatriacion\/\"><span>Seguro de decesos La Almudena con repatriaci\u00f3n<\/span><\/a><\/li><\/ul><\/div>\n<\/div><\/div><\/div><\/div>\n","protected":false},"excerpt":{"rendered":"<p>Existen diferentes oficinas de Almudena en Ja\u00e9n ponemos a tu alcance la que mejor se adapte a las carencias que broten o dudas de su p\u00f3liza contratada. Cada sucursal tiene un horario diferente en cada temporada del a\u00f1o. En cada empresa aseguradora es esencial que cuente con una atenci\u00f3n de persona dedicada, y que gesti\u00f3n&hellip; <\/p>\n","protected":false},"author":0,"featured_media":0,"parent":472,"menu_order":0,"comment_status":"closed","ping_status":"closed","template":"page-templates\/companies.php","meta":{"footnotes":""},"class_list":["post-6146","page","type-page","status-publish","hentry"],"yoast_head":"<!-- This site is optimized with the Yoast SEO plugin v27.3 - https:\/\/yoast.com\/product\/yoast-seo-wordpress\/ -->\n<title>Oficinas Almudena en Ja\u00e9n | Tel\u00e9fonos, Horarios, Direcci\u00f3n<\/title>\n<meta name=\"description\" content=\"Lista completa de Oficinas Almudena en Ja\u00e9n Horarios, \u2706 tel\u00e9fonos y direcciones actualizados en 2026 \u2714 Verificado por iDecesos.\" \/>\n<meta name=\"robots\" content=\"index, follow, max-snippet:-1, max-image-preview:large, max-video-preview:-1\" \/>\n<link rel=\"canonical\" href=\"https:\/\/idecesos.com\/seguros\/companias\/almudena\/jaen\/\" \/>\n<meta property=\"og:locale\" content=\"es_ES\" \/>\n<meta property=\"og:type\" content=\"article\" \/>\n<meta property=\"og:title\" content=\"Oficinas Almudena en Ja\u00e9n | Tel\u00e9fonos, Horarios, Direcci\u00f3n\" \/>\n<meta property=\"og:description\" content=\"Lista completa de Oficinas Almudena en Ja\u00e9n Horarios, \u2706 tel\u00e9fonos y direcciones actualizados en 2026 \u2714 Verificado por iDecesos.\" \/>\n<meta property=\"og:url\" content=\"https:\/\/idecesos.com\/seguros\/companias\/almudena\/jaen\/\" \/>\n<meta property=\"og:image\" content=\"https:\/\/idecesos.com\/seguros\/wp-content\/uploads\/2021\/09\/almudena-seguros.png\" \/>\n<meta name=\"twitter:card\" content=\"summary_large_image\" \/>\n<meta name=\"twitter:label1\" content=\"Tiempo de lectura\" \/>\n\t<meta name=\"twitter:data1\" content=\"39 minutos\" \/>\n<script type=\"application\/ld+json\" class=\"yoast-schema-graph\">{\"@context\":\"https:\\\/\\\/schema.org\",\"@graph\":[{\"@type\":\"WebPage\",\"@id\":\"https:\\\/\\\/idecesos.com\\\/seguros\\\/companias\\\/almudena\\\/jaen\\\/\",\"url\":\"https:\\\/\\\/idecesos.com\\\/seguros\\\/companias\\\/almudena\\\/jaen\\\/\",\"name\":\"Oficinas Almudena en Ja\u00e9n | Tel\u00e9fonos, Horarios, Direcci\u00f3n\",\"isPartOf\":{\"@id\":\"https:\\\/\\\/idecesos.com\\\/seguros\\\/#website\"},\"primaryImageOfPage\":{\"@id\":\"https:\\\/\\\/idecesos.com\\\/seguros\\\/companias\\\/almudena\\\/jaen\\\/#primaryimage\"},\"image\":{\"@id\":\"https:\\\/\\\/idecesos.com\\\/seguros\\\/companias\\\/almudena\\\/jaen\\\/#primaryimage\"},\"thumbnailUrl\":\"https:\\\/\\\/idecesos.com\\\/seguros\\\/wp-content\\\/uploads\\\/2021\\\/09\\\/almudena-seguros.png\",\"datePublished\":\"2021-09-07T21:12:21+00:00\",\"description\":\"Lista completa de Oficinas Almudena en Ja\u00e9n Horarios, \u2706 tel\u00e9fonos y direcciones actualizados en 2026 \u2714 Verificado por iDecesos.\",\"breadcrumb\":{\"@id\":\"https:\\\/\\\/idecesos.com\\\/seguros\\\/companias\\\/almudena\\\/jaen\\\/#breadcrumb\"},\"inLanguage\":\"es\",\"potentialAction\":[{\"@type\":\"ReadAction\",\"target\":[\"https:\\\/\\\/idecesos.com\\\/seguros\\\/companias\\\/almudena\\\/jaen\\\/\"]}]},{\"@type\":\"ImageObject\",\"inLanguage\":\"es\",\"@id\":\"https:\\\/\\\/idecesos.com\\\/seguros\\\/companias\\\/almudena\\\/jaen\\\/#primaryimage\",\"url\":\"https:\\\/\\\/idecesos.com\\\/seguros\\\/wp-content\\\/uploads\\\/2021\\\/09\\\/almudena-seguros.png\",\"contentUrl\":\"https:\\\/\\\/idecesos.com\\\/seguros\\\/wp-content\\\/uploads\\\/2021\\\/09\\\/almudena-seguros.png\",\"width\":470,\"height\":144},{\"@type\":\"BreadcrumbList\",\"@id\":\"https:\\\/\\\/idecesos.com\\\/seguros\\\/companias\\\/almudena\\\/jaen\\\/#breadcrumb\",\"itemListElement\":[{\"@type\":\"ListItem\",\"position\":1,\"name\":\"Portada\",\"item\":\"https:\\\/\\\/idecesos.com\\\/seguros\\\/\"},{\"@type\":\"ListItem\",\"position\":2,\"name\":\"Compa\u00f1\u00edas de Seguros de Decesos en Espa\u00f1a\",\"item\":\"https:\\\/\\\/idecesos.com\\\/seguros\\\/companias\\\/\"},{\"@type\":\"ListItem\",\"position\":3,\"name\":\"Seguro de Decesos La Almudena\",\"item\":\"https:\\\/\\\/idecesos.com\\\/seguros\\\/companias\\\/almudena\\\/\"},{\"@type\":\"ListItem\",\"position\":4,\"name\":\"Oficinas seguros de decesos Almudena en Ja\u00e9n\"}]},{\"@type\":\"WebSite\",\"@id\":\"https:\\\/\\\/idecesos.com\\\/seguros\\\/#website\",\"url\":\"https:\\\/\\\/idecesos.com\\\/seguros\\\/\",\"name\":\"\",\"description\":\"\",\"potentialAction\":[{\"@type\":\"SearchAction\",\"target\":{\"@type\":\"EntryPoint\",\"urlTemplate\":\"https:\\\/\\\/idecesos.com\\\/seguros\\\/?s={search_term_string}\"},\"query-input\":{\"@type\":\"PropertyValueSpecification\",\"valueRequired\":true,\"valueName\":\"search_term_string\"}}],\"inLanguage\":\"es\"}]}<\/script>\n<!-- \/ Yoast SEO plugin. -->","yoast_head_json":{"title":"Oficinas Almudena en Ja\u00e9n | Tel\u00e9fonos, Horarios, Direcci\u00f3n","description":"Lista completa de Oficinas Almudena en Ja\u00e9n Horarios, \u2706 tel\u00e9fonos y direcciones actualizados en 2026 \u2714 Verificado por iDecesos.","robots":{"index":"index","follow":"follow","max-snippet":"max-snippet:-1","max-image-preview":"max-image-preview:large","max-video-preview":"max-video-preview:-1"},"canonical":"https:\/\/idecesos.com\/seguros\/companias\/almudena\/jaen\/","og_locale":"es_ES","og_type":"article","og_title":"Oficinas Almudena en Ja\u00e9n | Tel\u00e9fonos, Horarios, Direcci\u00f3n","og_description":"Lista completa de Oficinas Almudena en Ja\u00e9n Horarios, \u2706 tel\u00e9fonos y direcciones actualizados en 2026 \u2714 Verificado por iDecesos.","og_url":"https:\/\/idecesos.com\/seguros\/companias\/almudena\/jaen\/","og_image":[{"url":"https:\/\/idecesos.com\/seguros\/wp-content\/uploads\/2021\/09\/almudena-seguros.png","type":"","width":"","height":""}],"twitter_card":"summary_large_image","twitter_misc":{"Tiempo de lectura":"39 minutos"},"schema":{"@context":"https:\/\/schema.org","@graph":[{"@type":"WebPage","@id":"https:\/\/idecesos.com\/seguros\/companias\/almudena\/jaen\/","url":"https:\/\/idecesos.com\/seguros\/companias\/almudena\/jaen\/","name":"Oficinas Almudena en Ja\u00e9n | Tel\u00e9fonos, Horarios, Direcci\u00f3n","isPartOf":{"@id":"https:\/\/idecesos.com\/seguros\/#website"},"primaryImageOfPage":{"@id":"https:\/\/idecesos.com\/seguros\/companias\/almudena\/jaen\/#primaryimage"},"image":{"@id":"https:\/\/idecesos.com\/seguros\/companias\/almudena\/jaen\/#primaryimage"},"thumbnailUrl":"https:\/\/idecesos.com\/seguros\/wp-content\/uploads\/2021\/09\/almudena-seguros.png","datePublished":"2021-09-07T21:12:21+00:00","description":"Lista completa de Oficinas Almudena en Ja\u00e9n Horarios, \u2706 tel\u00e9fonos y direcciones actualizados en 2026 \u2714 Verificado por iDecesos.","breadcrumb":{"@id":"https:\/\/idecesos.com\/seguros\/companias\/almudena\/jaen\/#breadcrumb"},"inLanguage":"es","potentialAction":[{"@type":"ReadAction","target":["https:\/\/idecesos.com\/seguros\/companias\/almudena\/jaen\/"]}]},{"@type":"ImageObject","inLanguage":"es","@id":"https:\/\/idecesos.com\/seguros\/companias\/almudena\/jaen\/#primaryimage","url":"https:\/\/idecesos.com\/seguros\/wp-content\/uploads\/2021\/09\/almudena-seguros.png","contentUrl":"https:\/\/idecesos.com\/seguros\/wp-content\/uploads\/2021\/09\/almudena-seguros.png","width":470,"height":144},{"@type":"BreadcrumbList","@id":"https:\/\/idecesos.com\/seguros\/companias\/almudena\/jaen\/#breadcrumb","itemListElement":[{"@type":"ListItem","position":1,"name":"Portada","item":"https:\/\/idecesos.com\/seguros\/"},{"@type":"ListItem","position":2,"name":"Compa\u00f1\u00edas de Seguros de Decesos en Espa\u00f1a","item":"https:\/\/idecesos.com\/seguros\/companias\/"},{"@type":"ListItem","position":3,"name":"Seguro de Decesos La Almudena","item":"https:\/\/idecesos.com\/seguros\/companias\/almudena\/"},{"@type":"ListItem","position":4,"name":"Oficinas seguros de decesos Almudena en Ja\u00e9n"}]},{"@type":"WebSite","@id":"https:\/\/idecesos.com\/seguros\/#website","url":"https:\/\/idecesos.com\/seguros\/","name":"","description":"","potentialAction":[{"@type":"SearchAction","target":{"@type":"EntryPoint","urlTemplate":"https:\/\/idecesos.com\/seguros\/?s={search_term_string}"},"query-input":{"@type":"PropertyValueSpecification","valueRequired":true,"valueName":"search_term_string"}}],"inLanguage":"es"}]}},"_links":{"self":[{"href":"https:\/\/idecesos.com\/seguros\/wp-json\/wp\/v2\/pages\/6146","targetHints":{"allow":["GET"]}}],"collection":[{"href":"https:\/\/idecesos.com\/seguros\/wp-json\/wp\/v2\/pages"}],"about":[{"href":"https:\/\/idecesos.com\/seguros\/wp-json\/wp\/v2\/types\/page"}],"replies":[{"embeddable":true,"href":"https:\/\/idecesos.com\/seguros\/wp-json\/wp\/v2\/comments?post=6146"}],"version-history":[{"count":0,"href":"https:\/\/idecesos.com\/seguros\/wp-json\/wp\/v2\/pages\/6146\/revisions"}],"up":[{"embeddable":true,"href":"https:\/\/idecesos.com\/seguros\/wp-json\/wp\/v2\/pages\/472"}],"wp:attachment":[{"href":"https:\/\/idecesos.com\/seguros\/wp-json\/wp\/v2\/media?parent=6146"}],"curies":[{"name":"wp","href":"https:\/\/api.w.org\/{rel}","templated":true}]}}