{"id":615,"date":"2021-11-26T09:12:17","date_gmt":"2021-07-12T15:50:22","guid":{"rendered":"https:\/\/idecesos.com\/seguros\/?page_id=615"},"modified":"2022-04-05T09:45:47","modified_gmt":"2022-04-05T09:45:47","slug":"telefono","status":"publish","type":"page","link":"https:\/\/idecesos.com\/seguros\/companias\/caser\/telefono\/","title":{"rendered":"Atenci\u00f3n al cliente Caser: telefono gratuito, e-mail"},"content":{"rendered":"<div id=\"ez-toc-container\" class=\"ez-toc-v2_0_82_2 ez-toc-wrap-center counter-hierarchy ez-toc-counter ez-toc-custom ez-toc-container-direction\">\n<div class=\"ez-toc-title-container\">\n<p class=\"ez-toc-title\" style=\"cursor:inherit\">Tabla de Contenido<\/p>\n<span class=\"ez-toc-title-toggle\"><a href=\"#\" class=\"ez-toc-pull-right ez-toc-btn ez-toc-btn-xs ez-toc-btn-default ez-toc-toggle\" aria-label=\"Alternar tabla de contenidos\"><span class=\"ez-toc-js-icon-con\"><span class=\"\"><span class=\"eztoc-hide\" style=\"display:none;\">Toggle<\/span><span class=\"ez-toc-icon-toggle-span\"><svg style=\"fill: #db6415;color:#db6415\" xmlns=\"http:\/\/www.w3.org\/2000\/svg\" class=\"list-377408\" width=\"20px\" height=\"20px\" viewBox=\"0 0 24 24\" fill=\"none\"><path d=\"M6 6H4v2h2V6zm14 0H8v2h12V6zM4 11h2v2H4v-2zm16 0H8v2h12v-2zM4 16h2v2H4v-2zm16 0H8v2h12v-2z\" fill=\"currentColor\"><\/path><\/svg><svg style=\"fill: #db6415;color:#db6415\" class=\"arrow-unsorted-368013\" xmlns=\"http:\/\/www.w3.org\/2000\/svg\" width=\"10px\" height=\"10px\" viewBox=\"0 0 24 24\" version=\"1.2\" baseProfile=\"tiny\"><path d=\"M18.2 9.3l-6.2-6.3-6.2 6.3c-.2.2-.3.4-.3.7s.1.5.3.7c.2.2.4.3.7.3h11c.3 0 .5-.1.7-.3.2-.2.3-.5.3-.7s-.1-.5-.3-.7zM5.8 14.7l6.2 6.3 6.2-6.3c.2-.2.3-.5.3-.7s-.1-.5-.3-.7c-.2-.2-.4-.3-.7-.3h-11c-.3 0-.5.1-.7.3-.2.2-.3.5-.3.7s.1.5.3.7z\"\/><\/svg><\/span><\/span><\/span><\/a><\/span><\/div>\n<nav><ul class='ez-toc-list ez-toc-list-level-1 ' ><ul class='ez-toc-list-level-4' ><li class='ez-toc-heading-level-4'><ul class='ez-toc-list-level-4' ><li class='ez-toc-heading-level-4'><a class=\"ez-toc-link ez-toc-heading-1\" href=\"https:\/\/idecesos.com\/seguros\/companias\/caser\/telefono\/#Telefono_Contrataciones_951_127_403\" >Tel\u00e9fono Contrataciones \n951 127 403<\/a><\/li><\/ul><\/li><\/ul><\/li><li class='ez-toc-page-1 ez-toc-heading-level-2'><a class=\"ez-toc-link ez-toc-heading-2\" href=\"https:\/\/idecesos.com\/seguros\/companias\/caser\/telefono\/#%C2%BFComo_contactar_con_Caser\" >\u00bfC\u00f3mo contactar con Caser?<\/a><ul class='ez-toc-list-level-3' ><li class='ez-toc-heading-level-3'><a class=\"ez-toc-link ez-toc-heading-3\" href=\"https:\/\/idecesos.com\/seguros\/companias\/caser\/telefono\/#Telefono_gratuito_de_Caser\" >Tel\u00e9fono gratuito de Caser<\/a><\/li><li class='ez-toc-page-1 ez-toc-heading-level-3'><a class=\"ez-toc-link ez-toc-heading-4\" href=\"https:\/\/idecesos.com\/seguros\/companias\/caser\/telefono\/#Horario_de_atencion_al_cliente_de_Caser\" >Horario de atenci\u00f3n al cliente de Caser<\/a><\/li><li class='ez-toc-page-1 ez-toc-heading-level-3'><a class=\"ez-toc-link ez-toc-heading-5\" href=\"https:\/\/idecesos.com\/seguros\/companias\/caser\/telefono\/#Correo_electronico_de_Caser\" >Correo electr\u00f3nico de Caser<\/a><\/li><li class='ez-toc-page-1 ez-toc-heading-level-3'><a class=\"ez-toc-link ez-toc-heading-6\" href=\"https:\/\/idecesos.com\/seguros\/companias\/caser\/telefono\/#Formulario_en_el_sitio_Web_de_Caser\" >Formulario en el sitio Web de Caser<\/a><\/li><li class='ez-toc-page-1 ez-toc-heading-level-3'><a class=\"ez-toc-link ez-toc-heading-7\" href=\"https:\/\/idecesos.com\/seguros\/companias\/caser\/telefono\/#Redes_sociales_de_Caser\" >Redes sociales de Caser<\/a><\/li><li class='ez-toc-page-1 ez-toc-heading-level-3'><a class=\"ez-toc-link ez-toc-heading-8\" href=\"https:\/\/idecesos.com\/seguros\/companias\/caser\/telefono\/#Paginas_relacionadas\" >P\u00e1ginas relacionadas<\/a><\/li><\/ul><\/li><\/ul><\/nav><\/div>\n\n<div class=\"caja\">\n<div class=\"cajaIcono2 \"  ><div class=\"cuadro\" style=\"box-shadow: inset 0 0 0 3px #ff790e\"><div class=\"iconoCircular\" style=\"border: 3px solid #ff790e\">\t\t\n\t\t\t\t\t<div class=\"iconoCirculo\">\n\t\t\t\t\t  <i class=\"fas fa-phone-volume\"><\/i>\n\t\t\t\t\t<\/div>\n\t\t\t\t<\/div><div class=\"\">\n<h4 style=\"text-align: center;\"><span class=\"ez-toc-section\" id=\"Telefono_Contrataciones_951_127_403\"><\/span><strong>Tel\u00e9fono Contrataciones<br \/>\n951 127 403<\/strong><span class=\"ez-toc-section-end\"><\/span><\/h4>\n<p><\/div><\/div><\/div><br \/>\nPara que pueda tener acceso a informaci\u00f3n sobre Caser, tiene disponible m\u00faltiples m\u00e9todos gratis, f\u00e1ciles y f\u00e1ciles. Brinda la oportunidad de poder ser informado, mediante una persona al cargo del servicio de atenci\u00f3n al usuario, sobre los gastos que pueda acarrear cualquier tr\u00e1mite funerario, las orientaciones m\u00e9dicas libres, los diferentes cementerios libres y, otros m\u00e1s. De esta forma, cuando llegue el momento tan complicado y duro, como es la p\u00e9rdida de un ser querido, no deber\u00e1 preocuparse por ninguna gesti\u00f3n y tr\u00e1mite, ya que todo estar\u00e1 cubierto. Va a recibir el mayor respeto posible por parte de los profesionales.<br \/>\n<\/div><\/p>\n<div class=\"colorf \"  ><div class=\"container clearfix\"><div class=\"col-md-7\"><\/p>\n<h2><span class=\"ez-toc-section\" id=\"%C2%BFComo_contactar_con_Caser\"><\/span>\u00bfC\u00f3mo contactar con Caser?<span class=\"ez-toc-section-end\"><\/span><\/h2>\n<p>Puede ponerse en contacto de manera gratuita con Caser mediante un tel\u00e9fono de contacto, que le atender\u00e1 en el horario disponible de atenci\u00f3n al usuario, e mail, formulario en p\u00e1gina web y redes sociales.<br \/>\n<\/div><\/div><\/div>\n<h3><span class=\"ez-toc-section\" id=\"Telefono_gratuito_de_Caser\"><\/span>Tel\u00e9fono gratuito de Caser<span class=\"ez-toc-section-end\"><\/span><\/h3>\n<p>Este es el tel\u00e9fono de contacto <strong>902 158 198<\/strong>. Caser est\u00e1 al tanto de que es uno de los m\u00e9todos m\u00e1s veloces, sencillos y eficientes, en nuestros d\u00edas, para cualquier tipo de cuesti\u00f3n y duda que tenga el usuario, sin precisar desplazarse o bien dejar las tareas que se lo impidan. Es importante que sepas que la llamada a Caser es plenamente gratis por lo que los minutos que est\u00e9s hablando con ellos no repercutir\u00e1n en tu tarifa. La atenci\u00f3n al cliente especialista en seguro de decesos de Caser le atender\u00e1 para que pueda solucionar todas sus cuestiones y no le quede nada en el tintero.<br \/>\n<div class=\"colorf\"><div class=\"container clearfix\"><div class=\"col-md-7\"><\/p>\n<div class=\"cabecera_tabla_ajustada \"  style=\"width:80%\" ><div class=\"row\"><\/div>\n<p><div class=\"fila_tabla4 \"  ><div class=\"row\"><div class=\"col-8 nosepara izq\"><p><strong>Tel\u00e9fono para contrataciones<\/strong><\/p><\/div><div class=\"col-4 nosepara centro\">951 127 403<\/div><\/div><\/div><div class=\"fila_tabla4 \"  ><div class=\"row\"><div class=\"col-8 nosepara izq\"><p><strong>Prestaciones Caser Decesos<\/strong><\/p><\/div><div class=\"col-4 nosepara centro\">91 590 97 19<\/div><\/div><\/div><\/p>\n<div class=\"pie_tabla \"  ><div class=\"row\"><div class=\"col-12 \"><\/div><\/div><\/div><\/div>\n<\/div><\/div><\/div>\n<h3><span class=\"ez-toc-section\" id=\"Horario_de_atencion_al_cliente_de_Caser\"><\/span>Horario de atenci\u00f3n al cliente de Caser<span class=\"ez-toc-section-end\"><\/span><\/h3>\n<p>Al no saber la disponibilidad de las personas, Caser tiene a su disposici\u00f3n un horario, de ma\u00f1ana y de tarde, a fin de que puedas ponerte en contacto. Se le proporcionar\u00e1 la ayuda precisa a fin de que sea de su agrado el trato y la confianza dada por los asesores. El contacto con la empresa es m\u00e1s directo utilizando este m\u00e9todo. Tendr\u00e1 una conversaci\u00f3n armoniosa con uno de los expertos, resolviendo de esta forma, las dudas que le vayan surgiendo en el instante. El horario libre es: <strong>horario Caser<\/strong><br \/>\n<div class=\"colorf\"><div class=\"container clearfix\"><div class=\"col-md-7\"><\/p>\n<h3><span class=\"ez-toc-section\" id=\"Correo_electronico_de_Caser\"><\/span>Correo electr\u00f3nico de Caser<span class=\"ez-toc-section-end\"><\/span><\/h3>\n<p>Tras la llegada de Internet, la creaci\u00f3n de perfiles en plataformas como Hotmail o bien Gmail, hacen f\u00e1cil el env\u00edo y recibo de mensajes y documentos. Caser est\u00e1 al tanto y dispone del siguiente correo <strong>informacion@caser.es<\/strong> a fin de que pueda servirle de hilo conductor hacia los profesionales y viceversa. En todos y cada palabra que reciba del especialista, podr\u00e1 ver la profesionalidad y experiencia que tienen, adem\u00e1s de mostrarle respeto en todo momento cara sus inquietudes respecto al seguro de decesos.<br \/>\n<\/div><\/div><\/div><\/p>\n<h3><span class=\"ez-toc-section\" id=\"Formulario_en_el_sitio_Web_de_Caser\"><\/span>Formulario en el sitio Web de Caser<span class=\"ez-toc-section-end\"><\/span><\/h3>\n<p>Sencillamente pregunt\u00e1ndole al buscador de Internet cuanto quieras saber, en ese instante te lo har\u00e1 saber. Teniendo esto en cuenta, se podr\u00eda decir que es la plataforma m\u00e1s importante y con un gran acceso de las personas. Caser no iba a ser menos, tiene disponible una p\u00e1gina web propia <strong>www.caser.es\/<\/strong>. En el sitio web, va a tener la opci\u00f3n de llenar un formulario con sus datos (nombre, primer y segundo apellido, m\u00f3vil de contacto, direcci\u00f3n de correo electr\u00f3nico\u2026)Tras este paso, un experto contactar\u00e1 con usted para ayudarle en todo lo que necesite.<br \/>\n<div class=\"colorf\"><div class=\"container clearfix\"><div class=\"col-md-7\"><\/p>\n<h3><span class=\"ez-toc-section\" id=\"Redes_sociales_de_Caser\"><\/span>Redes sociales de Caser<span class=\"ez-toc-section-end\"><\/span><\/h3>\n<p>Hoy en d\u00eda, las redes sociales como Twitter, Facebook, Instagram\u2026 tienen gran relevancia para la mayor\u00eda de la poblaci\u00f3n y es, una de las herramientas con m\u00e1s difusi\u00f3n y alcance del planeta. Es normal que cada persona est\u00e9 registrado en alguna de estas apps si no es en las cuatro. En alguna de estas aplicaciones Caser tiene una cuenta. En todos y cada cuenta, Caser ofrece im\u00e1genes, ofertas, v\u00eddeos y considerablemente m\u00e1s acerca de sus servicios con un trato m\u00e1s pr\u00f3ximo al cliente. Adem\u00e1s de esto, a trav\u00e9s de ellas puedes ponerte en contacto con Caser sin la necesidad de telefonear, rellenar un formulario o bien expedir un mail.<br \/>\n<\/div><\/div><\/div><\/p>\n<\/div>\n<p><div class=\"oficinas\"> <h3><span class=\"ez-toc-section\" id=\"Paginas_relacionadas\"><\/span>P\u00e1ginas relacionadas<span class=\"ez-toc-section-end\"><\/span><\/h3><div class=\"enlazado\"><ul> <li><a href=\"https:\/\/idecesos.com\/seguros\/companias\/caser\/coberturas\/\">Coberturas Seguro de Decesos Caser<\/a><\/li> <li><a href=\"https:\/\/idecesos.com\/seguros\/companias\/caser\/opiniones\/\">Opiniones Caser<\/a><\/li> <li><a href=\"https:\/\/idecesos.com\/seguros\/companias\/caser\/precio\/\">Precio seguro Caser<\/a><\/li> <li><a href=\"https:\/\/idecesos.com\/seguros\/companias\/caser\/prima-mixta\/\">Caser Prima Mixta<\/a><\/li> <li><a href=\"https:\/\/idecesos.com\/seguros\/companias\/caser\/prima-natural\/\">Caser Prima Natural<\/a><\/li> <li><a href=\"https:\/\/idecesos.com\/seguros\/companias\/caser\/prima-nivelada\/\">Caser Prima Nivelada<\/a><\/li> <li><a href=\"https:\/\/idecesos.com\/seguros\/companias\/caser\/prima-unica\/\">Caser Prima \u00danica<\/a><\/li> <li><a href=\"https:\/\/idecesos.com\/seguros\/companias\/caser\/repatriacion\/\">Caser Repatriaci\u00f3n<\/a><\/li> <li><a href=\"https:\/\/idecesos.com\/seguros\/companias\/caser\/telefono\/\">Tel\u00e9fono Gratuito Caser<\/a><\/li><\/ul><\/div> <\/div><\/p>\n","protected":false},"excerpt":{"rendered":"<p>Para que pueda tener acceso a informaci\u00f3n sobre Caser, tiene disponible m\u00faltiples m\u00e9todos gratis, f\u00e1ciles y f\u00e1ciles. Brinda la oportunidad de poder ser informado, mediante una persona al cargo del servicio de atenci\u00f3n al usuario, sobre los gastos que pueda acarrear cualquier tr\u00e1mite funerario, las orientaciones m\u00e9dicas libres, los diferentes cementerios libres y, otros m\u00e1s.&hellip; <\/p>\n","protected":false},"author":1,"featured_media":0,"parent":609,"menu_order":0,"comment_status":"closed","ping_status":"closed","template":"single.php","meta":{"footnotes":""},"class_list":["post-615","page","type-page","status-publish","hentry"],"yoast_head":"<!-- This site is optimized with the Yoast SEO plugin v27.5 - https:\/\/yoast.com\/product\/yoast-seo-wordpress\/ -->\n<title>Tel\u00e9fono Gratuito Caser \u25b7Atenci\u00f3n Cliente, Email, RRSS, Web<\/title>\n<meta name=\"description\" content=\"Busca aqu\u00ed\u3010Caser seguros tel\u00e9fono gratuito\u3011Caser Decesos tel\u00e9fono gratis: atenci\u00f3n al cliente y contrataciones \u2611\ufe0fVerificado en 2026\" \/>\n<meta name=\"robots\" content=\"index, follow, max-snippet:-1, max-image-preview:large, max-video-preview:-1\" \/>\n<link rel=\"canonical\" href=\"https:\/\/idecesos.com\/seguros\/companias\/caser\/telefono\/\" \/>\n<meta property=\"og:locale\" content=\"es_ES\" \/>\n<meta property=\"og:type\" content=\"article\" \/>\n<meta property=\"og:title\" content=\"Tel\u00e9fono Gratuito Caser \u25b7Atenci\u00f3n Cliente, Email, RRSS, Web\" \/>\n<meta property=\"og:description\" content=\"Busca aqu\u00ed\u3010Caser seguros tel\u00e9fono gratuito\u3011Caser Decesos tel\u00e9fono gratis: atenci\u00f3n al cliente y contrataciones \u2611\ufe0fVerificado en 2026\" \/>\n<meta property=\"og:url\" content=\"https:\/\/idecesos.com\/seguros\/companias\/caser\/telefono\/\" \/>\n<meta property=\"article:modified_time\" content=\"2022-04-05T09:45:47+00:00\" \/>\n<meta name=\"twitter:card\" content=\"summary_large_image\" \/>\n<meta name=\"twitter:label1\" content=\"Tiempo de lectura\" \/>\n\t<meta name=\"twitter:data1\" content=\"4 minutos\" \/>\n<script type=\"application\/ld+json\" class=\"yoast-schema-graph\">{\"@context\":\"https:\\\/\\\/schema.org\",\"@graph\":[{\"@type\":\"WebPage\",\"@id\":\"https:\\\/\\\/idecesos.com\\\/seguros\\\/companias\\\/caser\\\/telefono\\\/\",\"url\":\"https:\\\/\\\/idecesos.com\\\/seguros\\\/companias\\\/caser\\\/telefono\\\/\",\"name\":\"Tel\u00e9fono Gratuito Caser \u25b7Atenci\u00f3n Cliente, Email, RRSS, Web\",\"isPartOf\":{\"@id\":\"https:\\\/\\\/idecesos.com\\\/seguros\\\/#website\"},\"datePublished\":\"2021-07-12T15:50:22+00:00\",\"dateModified\":\"2022-04-05T09:45:47+00:00\",\"description\":\"Busca aqu\u00ed\u3010Caser seguros tel\u00e9fono gratuito\u3011Caser Decesos tel\u00e9fono gratis: atenci\u00f3n al cliente y contrataciones \u2611\ufe0fVerificado en 2026\",\"breadcrumb\":{\"@id\":\"https:\\\/\\\/idecesos.com\\\/seguros\\\/companias\\\/caser\\\/telefono\\\/#breadcrumb\"},\"inLanguage\":\"es\",\"potentialAction\":[{\"@type\":\"ReadAction\",\"target\":[\"https:\\\/\\\/idecesos.com\\\/seguros\\\/companias\\\/caser\\\/telefono\\\/\"]}]},{\"@type\":\"BreadcrumbList\",\"@id\":\"https:\\\/\\\/idecesos.com\\\/seguros\\\/companias\\\/caser\\\/telefono\\\/#breadcrumb\",\"itemListElement\":[{\"@type\":\"ListItem\",\"position\":1,\"name\":\"Portada\",\"item\":\"https:\\\/\\\/idecesos.com\\\/seguros\\\/\"},{\"@type\":\"ListItem\",\"position\":2,\"name\":\"Compa\u00f1\u00edas de Seguros de Decesos en Espa\u00f1a\",\"item\":\"https:\\\/\\\/idecesos.com\\\/seguros\\\/companias\\\/\"},{\"@type\":\"ListItem\",\"position\":3,\"name\":\"Seguro de Decesos Caser\",\"item\":\"https:\\\/\\\/idecesos.com\\\/seguros\\\/companias\\\/caser\\\/\"},{\"@type\":\"ListItem\",\"position\":4,\"name\":\"Atenci\u00f3n al cliente Caser: telefono gratuito, e-mail\"}]},{\"@type\":\"WebSite\",\"@id\":\"https:\\\/\\\/idecesos.com\\\/seguros\\\/#website\",\"url\":\"https:\\\/\\\/idecesos.com\\\/seguros\\\/\",\"name\":\"\",\"description\":\"\",\"potentialAction\":[{\"@type\":\"SearchAction\",\"target\":{\"@type\":\"EntryPoint\",\"urlTemplate\":\"https:\\\/\\\/idecesos.com\\\/seguros\\\/?s={search_term_string}\"},\"query-input\":{\"@type\":\"PropertyValueSpecification\",\"valueRequired\":true,\"valueName\":\"search_term_string\"}}],\"inLanguage\":\"es\"}]}<\/script>\n<!-- \/ Yoast SEO plugin. -->","yoast_head_json":{"title":"Tel\u00e9fono Gratuito Caser \u25b7Atenci\u00f3n Cliente, Email, RRSS, Web","description":"Busca aqu\u00ed\u3010Caser seguros tel\u00e9fono gratuito\u3011Caser Decesos tel\u00e9fono gratis: atenci\u00f3n al cliente y contrataciones \u2611\ufe0fVerificado en 2026","robots":{"index":"index","follow":"follow","max-snippet":"max-snippet:-1","max-image-preview":"max-image-preview:large","max-video-preview":"max-video-preview:-1"},"canonical":"https:\/\/idecesos.com\/seguros\/companias\/caser\/telefono\/","og_locale":"es_ES","og_type":"article","og_title":"Tel\u00e9fono Gratuito Caser \u25b7Atenci\u00f3n Cliente, Email, RRSS, Web","og_description":"Busca aqu\u00ed\u3010Caser seguros tel\u00e9fono gratuito\u3011Caser Decesos tel\u00e9fono gratis: atenci\u00f3n al cliente y contrataciones \u2611\ufe0fVerificado en 2026","og_url":"https:\/\/idecesos.com\/seguros\/companias\/caser\/telefono\/","article_modified_time":"2022-04-05T09:45:47+00:00","twitter_card":"summary_large_image","twitter_misc":{"Tiempo de lectura":"4 minutos"},"schema":{"@context":"https:\/\/schema.org","@graph":[{"@type":"WebPage","@id":"https:\/\/idecesos.com\/seguros\/companias\/caser\/telefono\/","url":"https:\/\/idecesos.com\/seguros\/companias\/caser\/telefono\/","name":"Tel\u00e9fono Gratuito Caser \u25b7Atenci\u00f3n Cliente, Email, RRSS, Web","isPartOf":{"@id":"https:\/\/idecesos.com\/seguros\/#website"},"datePublished":"2021-07-12T15:50:22+00:00","dateModified":"2022-04-05T09:45:47+00:00","description":"Busca aqu\u00ed\u3010Caser seguros tel\u00e9fono gratuito\u3011Caser Decesos tel\u00e9fono gratis: atenci\u00f3n al cliente y contrataciones \u2611\ufe0fVerificado en 2026","breadcrumb":{"@id":"https:\/\/idecesos.com\/seguros\/companias\/caser\/telefono\/#breadcrumb"},"inLanguage":"es","potentialAction":[{"@type":"ReadAction","target":["https:\/\/idecesos.com\/seguros\/companias\/caser\/telefono\/"]}]},{"@type":"BreadcrumbList","@id":"https:\/\/idecesos.com\/seguros\/companias\/caser\/telefono\/#breadcrumb","itemListElement":[{"@type":"ListItem","position":1,"name":"Portada","item":"https:\/\/idecesos.com\/seguros\/"},{"@type":"ListItem","position":2,"name":"Compa\u00f1\u00edas de Seguros de Decesos en Espa\u00f1a","item":"https:\/\/idecesos.com\/seguros\/companias\/"},{"@type":"ListItem","position":3,"name":"Seguro de Decesos Caser","item":"https:\/\/idecesos.com\/seguros\/companias\/caser\/"},{"@type":"ListItem","position":4,"name":"Atenci\u00f3n al cliente Caser: telefono gratuito, e-mail"}]},{"@type":"WebSite","@id":"https:\/\/idecesos.com\/seguros\/#website","url":"https:\/\/idecesos.com\/seguros\/","name":"","description":"","potentialAction":[{"@type":"SearchAction","target":{"@type":"EntryPoint","urlTemplate":"https:\/\/idecesos.com\/seguros\/?s={search_term_string}"},"query-input":{"@type":"PropertyValueSpecification","valueRequired":true,"valueName":"search_term_string"}}],"inLanguage":"es"}]}},"_links":{"self":[{"href":"https:\/\/idecesos.com\/seguros\/wp-json\/wp\/v2\/pages\/615","targetHints":{"allow":["GET"]}}],"collection":[{"href":"https:\/\/idecesos.com\/seguros\/wp-json\/wp\/v2\/pages"}],"about":[{"href":"https:\/\/idecesos.com\/seguros\/wp-json\/wp\/v2\/types\/page"}],"author":[{"embeddable":true,"href":"https:\/\/idecesos.com\/seguros\/wp-json\/wp\/v2\/users\/1"}],"replies":[{"embeddable":true,"href":"https:\/\/idecesos.com\/seguros\/wp-json\/wp\/v2\/comments?post=615"}],"version-history":[{"count":14,"href":"https:\/\/idecesos.com\/seguros\/wp-json\/wp\/v2\/pages\/615\/revisions"}],"predecessor-version":[{"id":20965,"href":"https:\/\/idecesos.com\/seguros\/wp-json\/wp\/v2\/pages\/615\/revisions\/20965"}],"up":[{"embeddable":true,"href":"https:\/\/idecesos.com\/seguros\/wp-json\/wp\/v2\/pages\/609"}],"wp:attachment":[{"href":"https:\/\/idecesos.com\/seguros\/wp-json\/wp\/v2\/media?parent=615"}],"curies":[{"name":"wp","href":"https:\/\/api.w.org\/{rel}","templated":true}]}}