{"id":6156,"date":"2021-09-07T21:12:26","date_gmt":"2021-09-07T21:12:26","guid":{"rendered":"https:\/\/idecesos.com\/seguros\/companias\/almudena\/valladolid\/"},"modified":"2021-09-07T21:12:26","modified_gmt":"2021-09-07T21:12:26","slug":"valladolid","status":"publish","type":"page","link":"https:\/\/idecesos.com\/seguros\/companias\/almudena\/valladolid\/","title":{"rendered":"Oficinas seguros de decesos Almudena en Valladolid"},"content":{"rendered":"<div id=\"ez-toc-container\" class=\"ez-toc-v2_0_82_2 ez-toc-wrap-center counter-hierarchy ez-toc-counter ez-toc-custom ez-toc-container-direction\">\n<div class=\"ez-toc-title-container\">\n<p class=\"ez-toc-title\" style=\"cursor:inherit\">Tabla de Contenido<\/p>\n<span class=\"ez-toc-title-toggle\"><a href=\"#\" class=\"ez-toc-pull-right ez-toc-btn ez-toc-btn-xs ez-toc-btn-default ez-toc-toggle\" aria-label=\"Alternar tabla de contenidos\"><span class=\"ez-toc-js-icon-con\"><span class=\"\"><span class=\"eztoc-hide\" style=\"display:none;\">Toggle<\/span><span class=\"ez-toc-icon-toggle-span\"><svg style=\"fill: #db6415;color:#db6415\" xmlns=\"http:\/\/www.w3.org\/2000\/svg\" class=\"list-377408\" width=\"20px\" height=\"20px\" viewBox=\"0 0 24 24\" fill=\"none\"><path d=\"M6 6H4v2h2V6zm14 0H8v2h12V6zM4 11h2v2H4v-2zm16 0H8v2h12v-2zM4 16h2v2H4v-2zm16 0H8v2h12v-2z\" fill=\"currentColor\"><\/path><\/svg><svg style=\"fill: #db6415;color:#db6415\" class=\"arrow-unsorted-368013\" xmlns=\"http:\/\/www.w3.org\/2000\/svg\" width=\"10px\" height=\"10px\" viewBox=\"0 0 24 24\" version=\"1.2\" baseProfile=\"tiny\"><path d=\"M18.2 9.3l-6.2-6.3-6.2 6.3c-.2.2-.3.4-.3.7s.1.5.3.7c.2.2.4.3.7.3h11c.3 0 .5-.1.7-.3.2-.2.3-.5.3-.7s-.1-.5-.3-.7zM5.8 14.7l6.2 6.3 6.2-6.3c.2-.2.3-.5.3-.7s-.1-.5-.3-.7c-.2-.2-.4-.3-.7-.3h-11c-.3 0-.5.1-.7.3-.2.2-.3.5-.3.7s.1.5.3.7z\"\/><\/svg><\/span><\/span><\/span><\/a><\/span><\/div>\n<nav><ul class='ez-toc-list ez-toc-list-level-1 ' ><li class='ez-toc-page-1 ez-toc-heading-level-2'><a class=\"ez-toc-link ez-toc-heading-1\" href=\"https:\/\/idecesos.com\/seguros\/companias\/almudena\/valladolid\/#Seguro_de_decesos_Almudena_en_Valladolid\" >Seguro de decesos Almudena en Valladolid<\/a><\/li><li class='ez-toc-page-1 ez-toc-heading-level-2'><a class=\"ez-toc-link ez-toc-heading-2\" href=\"https:\/\/idecesos.com\/seguros\/companias\/almudena\/valladolid\/#Mapa_de_sucursales_de_seguros_Almudena_en_Valladolid\" >Mapa de sucursales de seguros Almudena en Valladolid<\/a><\/li><li class='ez-toc-page-1 ez-toc-heading-level-2'><a class=\"ez-toc-link ez-toc-heading-3\" href=\"https:\/\/idecesos.com\/seguros\/companias\/almudena\/valladolid\/#Listado_de_sucursales_Almudena_en_Valladolid\" >Listado de sucursales Almudena en Valladolid<\/a><\/li><li class='ez-toc-page-1 ez-toc-heading-level-2'><a class=\"ez-toc-link ez-toc-heading-4\" href=\"https:\/\/idecesos.com\/seguros\/companias\/almudena\/valladolid\/#Agencias_de_seguros_de_decesos_en_Valladolid\" >Agencias de seguros de decesos en Valladolid<\/a><ul class='ez-toc-list-level-3' ><li class='ez-toc-heading-level-3'><a class=\"ez-toc-link ez-toc-heading-5\" href=\"https:\/\/idecesos.com\/seguros\/companias\/almudena\/valladolid\/#Listado_de_agencias_Almudena_en_Espana\" >Listado de agencias Almudena en Espa\u00f1a<\/a><\/li><\/ul><\/li><\/ul><\/nav><\/div>\n\n<p><a href=\"https:\/\/idecesos.com\/seguros\/companias\/almudena\/\"><img decoding=\"async\" class=\" alignleft\" src=\"https:\/\/idecesos.com\/seguros\/wp-content\/uploads\/2021\/09\/almudena-seguros.png\" alt=\"Seguro de decesos Almudena\" width=\"336\" height=\"103\" \/><\/a>Te dan calidad en servicio como en atenci\u00f3n, puedes asistir a sus distintas sucursales de Almudena en Valladolid. Cada horario cambiara conforme la temporada en que se halle.<br \/>\nEn momentos esenciales nos resultara \u00fatil poder conocer donde se encuentran las distintas oficinas de Almudena a nuestro alcance en Valladolid. Te solventaran todos y cada uno de los fallos de una forma m\u00e1s sencilla. <\/p>\n<p>Gracias a un servicio de oficina, nos dan la mejor calidad en el momento de solucionar nuestros inconvenientes, Almudena cuenta con una atenci\u00f3n de categor\u00eda, por esta raz\u00f3n es de vital importancia conocer las oficinas que nos den este servicio tan cualificado. Por lo que respecta nos dar\u00e1n una asistencia dedica en cualquier instante. Es de m\u00e1xima importancia contar en todo momento con grandes profesionales en el campo, pudiendo conseguir de forma veloz su presupuesto. <\/p>\n<p>Visita nuestra p\u00e1gina de <a href=\"https:\/\/idecesos.com\/seguros\/companias\/almudena\/\">seguros de decesos Almudena<\/a> para m\u00e1s informaci\u00f3n.<br \/>\n<div class=\"colorf \"  ><div class=\"container clearfix\"><div class=\"col-md-7\"><\/p>\n<h2><span class=\"ez-toc-section\" id=\"Seguro_de_decesos_Almudena_en_Valladolid\"><\/span>Seguro de decesos Almudena en Valladolid<span class=\"ez-toc-section-end\"><\/span><\/h2>\n<p>\u00bfQuieres conseguir en menos de 1 minuto tu presupuesto? te damos la ventaja que lo puedes tener al instante, contando con los diferentes <a href=\"https:\/\/idecesos.com\/seguros\/ciudades\/valladolid\/\"><strong>seguros de decesos Valladolid<\/strong><\/a>. Nos gusta regalar comodidad y calma, por esta raz\u00f3n te damos la ventaja de obtener inmediatamente tu presupuesto de seguro, evit\u00e1ndote todos los inconvenientes. \u00bfC\u00f3mo ahorrar tiempo? Tan sencillo como conseguir la informaci\u00f3n que precises en menos de un 1 minuto, para que lo gestiones de una manera m\u00e1s sencilla. <\/p>\n<p>El servicio que damos es aquel m\u00e1s b\u00e1sico, contando con diferentes de nuestras sucursales de Almudena en Valladolid, con esto hemos querido que nuestros clientes tengan la oportunidad de obtener un presupuesto de manera inmediata. Te damos la calidad que quieres, con los fundamentos necesarios.<br \/>\nNo va a requerir de muchos pasos o bien de enlaces diferentes, es cuesti\u00f3n de rellenar el formulario que te facilitamos, por lo consecuente conseguir\u00e1s lo solicitado, con la informaci\u00f3n que has requerido. No hace falta que prosigas buscando. <\/p>\n<p><\/div><\/div><\/div>\n\t\t<hr class=\"separador\">\n\t\t<div class=\"bloque-accion\">\n\t\t<p class=\"txt-accion\">Calcula el precio de tu seguro de decesos en menos de 1 minuto<\/p>\n\t\t<a class=\"btn-accion\" href=\"https:\/\/idecesos.com\/\">CALCULAR<\/a>\n\t\t<\/div>\n\t\t<hr class=\"separador\">\n\t\t<\/p>\n<h2><span class=\"ez-toc-section\" id=\"Mapa_de_sucursales_de_seguros_Almudena_en_Valladolid\"><\/span>Mapa de sucursales de seguros Almudena en Valladolid<span class=\"ez-toc-section-end\"><\/span><\/h2>\n<p>Oficinas de mapa de Almudena en Valladolid real\u00edzalo de manera f\u00e1cil y en solo menos de 1 minuto. Conocerlo ahora es preciso a la largo nos evita perder nuestro tiempo, y realizar entrar en p\u00e1ginas diferentes. Gestionandolo de forma diferente determinada. Te damos garant\u00eda como calidad a la hora de tu busca. <\/p>\n<p><iframe class=\"page-generator-pro-map\" width=\"100%\" height=\"400\" frameborder=\"0\" style=\"border:0\" src=\"https:\/\/www.google.com\/maps\/embed\/v1\/place?q=C.+San+Lorenzo%2C+9%2C+1%2C+47001+Valladolid%2C+Espa%C3%B1a&#038;zoom=14&#038;maptype=roadmap&#038;key=AIzaSyCNTEOso0tZG6YMSJFoaJEY5Th1stEWrJI\" allowfullscreen><\/iframe><\/p>\n<p>&nbsp;<br \/>\n<div class=\"colorf\"><div class=\"container clearfix\"><div class=\"col-md-7\"><div class=\"empresas\"><\/p>\n<h2><span class=\"ez-toc-section\" id=\"Listado_de_sucursales_Almudena_en_Valladolid\"><\/span>Listado de sucursales Almudena en Valladolid<span class=\"ez-toc-section-end\"><\/span><\/h2>\n<ul>\n<li><strong>Compa\u00f1\u00eda de seguros Valladolid, Espa\u00f1a:<\/strong> C. San Lorenzo, 9, 1, 47001 Valladolid, Espa\u00f1a<\/li>\n<\/ul>\n<\/div><\/div><\/div><\/div>\n<h2><span class=\"ez-toc-section\" id=\"Agencias_de_seguros_de_decesos_en_Valladolid\"><\/span>Agencias de seguros de decesos en Valladolid<span class=\"ez-toc-section-end\"><\/span><\/h2>\n<p>Contases en todo momento con nuestra confianza eficiente, comprometidos contigo en todo instante. \u00bfNo lo tienes claro?, te vamos a dejar a continuaci\u00f3n un cat\u00e1logo de las distintas empresas aseguradoras de defunci\u00f3n en Valladolid, accede por medio de este enlace con solo hacer click y conseguir\u00e1s toda la informaci\u00f3n necesaria y relevante a sus dudas. \u00a0<\/p>\n<!-- Shortcode [almudena] does not exist -->\n<div class=\"colorf\"><div class=\"container clearfix\"><div class=\"col-md-7\"><div class=\"empresas\">\n<h3><span class=\"ez-toc-section\" id=\"Listado_de_agencias_Almudena_en_Espana\"><\/span>Listado de agencias Almudena en Espa\u00f1a<span class=\"ez-toc-section-end\"><\/span><\/h3>\n<div class=\"enlazado\"><ul><li><a href=\"https:\/\/idecesos.com\/seguros\/companias\/almudena\/telefono\/\"><span>Atenci\u00f3n al cliente La Almudena: telefono gratuito, e-mail<\/span><\/a><\/li><li><a href=\"https:\/\/idecesos.com\/seguros\/companias\/almudena\/alicante\/\"><span>Oficinas seguros de decesos Almudena en Alicante<\/span><\/a><\/li><li><a href=\"https:\/\/idecesos.com\/seguros\/companias\/almudena\/asturias\/\"><span>Oficinas seguros de decesos Almudena en Asturias<\/span><\/a><\/li><li><a href=\"https:\/\/idecesos.com\/seguros\/companias\/almudena\/badajoz\/\"><span>Oficinas seguros de decesos Almudena en Badajoz<\/span><\/a><\/li><li><a href=\"https:\/\/idecesos.com\/seguros\/companias\/almudena\/barcelona\/\"><span>Oficinas seguros de decesos Almudena en Barcelona<\/span><\/a><\/li><li><a href=\"https:\/\/idecesos.com\/seguros\/companias\/almudena\/ciudad-real\/\"><span>Oficinas seguros de decesos Almudena en Ciudad Real<\/span><\/a><\/li><li><a href=\"https:\/\/idecesos.com\/seguros\/companias\/almudena\/caceres\/\"><span>Oficinas seguros de decesos Almudena en C\u00e1ceres<\/span><\/a><\/li><li><a href=\"https:\/\/idecesos.com\/seguros\/companias\/almudena\/cadiz\/\"><span>Oficinas seguros de decesos Almudena en C\u00e1diz<\/span><\/a><\/li><li><a href=\"https:\/\/idecesos.com\/seguros\/companias\/almudena\/guadalajara\/\"><span>Oficinas seguros de decesos Almudena en Guadalajara<\/span><\/a><\/li><li><a href=\"https:\/\/idecesos.com\/seguros\/companias\/almudena\/huelva\/\"><span>Oficinas seguros de decesos Almudena en Huelva<\/span><\/a><\/li><li><a href=\"https:\/\/idecesos.com\/seguros\/companias\/almudena\/jaen\/\"><span>Oficinas seguros de decesos Almudena en Ja\u00e9n<\/span><\/a><\/li><li><a href=\"https:\/\/idecesos.com\/seguros\/companias\/almudena\/leon\/\"><span>Oficinas seguros de decesos Almudena en Le\u00f3n<\/span><\/a><\/li><li><a href=\"https:\/\/idecesos.com\/seguros\/companias\/almudena\/murcia\/\"><span>Oficinas seguros de decesos Almudena en Murcia<\/span><\/a><\/li><li><a href=\"https:\/\/idecesos.com\/seguros\/companias\/almudena\/opiniones\/\"><span>Opiniones Seguro de Decesos Almudena<\/span><\/a><\/li><li><a href=\"https:\/\/idecesos.com\/seguros\/companias\/almudena\/repatriacion\/\"><span>Seguro de decesos La Almudena con repatriaci\u00f3n<\/span><\/a><\/li><li><a href=\"https:\/\/idecesos.com\/seguros\/companias\/almudena\/precio\/\"><span>\u00bfCu\u00e1nto cuesta el seguro de decesos La Almudena?<\/span><\/a><\/li><\/ul><\/div>\n<\/div><\/div><\/div><\/div>\n","protected":false},"excerpt":{"rendered":"<p>Te dan calidad en servicio como en atenci\u00f3n, puedes asistir a sus distintas sucursales de Almudena en Valladolid. Cada horario cambiara conforme la temporada en que se halle. En momentos esenciales nos resultara \u00fatil poder conocer donde se encuentran las distintas oficinas de Almudena a nuestro alcance en Valladolid. Te solventaran todos y cada uno&hellip; <\/p>\n","protected":false},"author":0,"featured_media":0,"parent":472,"menu_order":0,"comment_status":"closed","ping_status":"closed","template":"page-templates\/companies.php","meta":{"footnotes":""},"class_list":["post-6156","page","type-page","status-publish","hentry"],"yoast_head":"<!-- This site is optimized with the Yoast SEO plugin v27.3 - https:\/\/yoast.com\/product\/yoast-seo-wordpress\/ -->\n<title>Oficinas Almudena en Valladolid | Tel\u00e9fonos, Horarios, Direcci\u00f3n<\/title>\n<meta name=\"description\" content=\"Lista completa de Oficinas Almudena en Valladolid Horarios, \u2706 tel\u00e9fonos y direcciones actualizados en 2026 \u2714 Verificado por iDecesos.\" \/>\n<meta name=\"robots\" content=\"index, follow, max-snippet:-1, max-image-preview:large, max-video-preview:-1\" \/>\n<link rel=\"canonical\" href=\"https:\/\/idecesos.com\/seguros\/companias\/almudena\/valladolid\/\" \/>\n<meta property=\"og:locale\" content=\"es_ES\" \/>\n<meta property=\"og:type\" content=\"article\" \/>\n<meta property=\"og:title\" content=\"Oficinas Almudena en Valladolid | Tel\u00e9fonos, Horarios, Direcci\u00f3n\" \/>\n<meta property=\"og:description\" content=\"Lista completa de Oficinas Almudena en Valladolid Horarios, \u2706 tel\u00e9fonos y direcciones actualizados en 2026 \u2714 Verificado por iDecesos.\" \/>\n<meta property=\"og:url\" content=\"https:\/\/idecesos.com\/seguros\/companias\/almudena\/valladolid\/\" \/>\n<meta property=\"og:image\" content=\"https:\/\/idecesos.com\/seguros\/wp-content\/uploads\/2021\/09\/almudena-seguros.png\" \/>\n<meta name=\"twitter:card\" content=\"summary_large_image\" \/>\n<meta name=\"twitter:label1\" content=\"Tiempo de lectura\" \/>\n\t<meta name=\"twitter:data1\" content=\"39 minutos\" \/>\n<script type=\"application\/ld+json\" class=\"yoast-schema-graph\">{\"@context\":\"https:\\\/\\\/schema.org\",\"@graph\":[{\"@type\":\"WebPage\",\"@id\":\"https:\\\/\\\/idecesos.com\\\/seguros\\\/companias\\\/almudena\\\/valladolid\\\/\",\"url\":\"https:\\\/\\\/idecesos.com\\\/seguros\\\/companias\\\/almudena\\\/valladolid\\\/\",\"name\":\"Oficinas Almudena en Valladolid | Tel\u00e9fonos, Horarios, Direcci\u00f3n\",\"isPartOf\":{\"@id\":\"https:\\\/\\\/idecesos.com\\\/seguros\\\/#website\"},\"primaryImageOfPage\":{\"@id\":\"https:\\\/\\\/idecesos.com\\\/seguros\\\/companias\\\/almudena\\\/valladolid\\\/#primaryimage\"},\"image\":{\"@id\":\"https:\\\/\\\/idecesos.com\\\/seguros\\\/companias\\\/almudena\\\/valladolid\\\/#primaryimage\"},\"thumbnailUrl\":\"https:\\\/\\\/idecesos.com\\\/seguros\\\/wp-content\\\/uploads\\\/2021\\\/09\\\/almudena-seguros.png\",\"datePublished\":\"2021-09-07T21:12:26+00:00\",\"description\":\"Lista completa de Oficinas Almudena en Valladolid Horarios, \u2706 tel\u00e9fonos y direcciones actualizados en 2026 \u2714 Verificado por iDecesos.\",\"breadcrumb\":{\"@id\":\"https:\\\/\\\/idecesos.com\\\/seguros\\\/companias\\\/almudena\\\/valladolid\\\/#breadcrumb\"},\"inLanguage\":\"es\",\"potentialAction\":[{\"@type\":\"ReadAction\",\"target\":[\"https:\\\/\\\/idecesos.com\\\/seguros\\\/companias\\\/almudena\\\/valladolid\\\/\"]}]},{\"@type\":\"ImageObject\",\"inLanguage\":\"es\",\"@id\":\"https:\\\/\\\/idecesos.com\\\/seguros\\\/companias\\\/almudena\\\/valladolid\\\/#primaryimage\",\"url\":\"https:\\\/\\\/idecesos.com\\\/seguros\\\/wp-content\\\/uploads\\\/2021\\\/09\\\/almudena-seguros.png\",\"contentUrl\":\"https:\\\/\\\/idecesos.com\\\/seguros\\\/wp-content\\\/uploads\\\/2021\\\/09\\\/almudena-seguros.png\",\"width\":470,\"height\":144},{\"@type\":\"BreadcrumbList\",\"@id\":\"https:\\\/\\\/idecesos.com\\\/seguros\\\/companias\\\/almudena\\\/valladolid\\\/#breadcrumb\",\"itemListElement\":[{\"@type\":\"ListItem\",\"position\":1,\"name\":\"Portada\",\"item\":\"https:\\\/\\\/idecesos.com\\\/seguros\\\/\"},{\"@type\":\"ListItem\",\"position\":2,\"name\":\"Compa\u00f1\u00edas de Seguros de Decesos en Espa\u00f1a\",\"item\":\"https:\\\/\\\/idecesos.com\\\/seguros\\\/companias\\\/\"},{\"@type\":\"ListItem\",\"position\":3,\"name\":\"Seguro de Decesos La Almudena\",\"item\":\"https:\\\/\\\/idecesos.com\\\/seguros\\\/companias\\\/almudena\\\/\"},{\"@type\":\"ListItem\",\"position\":4,\"name\":\"Oficinas seguros de decesos Almudena en Valladolid\"}]},{\"@type\":\"WebSite\",\"@id\":\"https:\\\/\\\/idecesos.com\\\/seguros\\\/#website\",\"url\":\"https:\\\/\\\/idecesos.com\\\/seguros\\\/\",\"name\":\"\",\"description\":\"\",\"potentialAction\":[{\"@type\":\"SearchAction\",\"target\":{\"@type\":\"EntryPoint\",\"urlTemplate\":\"https:\\\/\\\/idecesos.com\\\/seguros\\\/?s={search_term_string}\"},\"query-input\":{\"@type\":\"PropertyValueSpecification\",\"valueRequired\":true,\"valueName\":\"search_term_string\"}}],\"inLanguage\":\"es\"}]}<\/script>\n<!-- \/ Yoast SEO plugin. -->","yoast_head_json":{"title":"Oficinas Almudena en Valladolid | Tel\u00e9fonos, Horarios, Direcci\u00f3n","description":"Lista completa de Oficinas Almudena en Valladolid Horarios, \u2706 tel\u00e9fonos y direcciones actualizados en 2026 \u2714 Verificado por iDecesos.","robots":{"index":"index","follow":"follow","max-snippet":"max-snippet:-1","max-image-preview":"max-image-preview:large","max-video-preview":"max-video-preview:-1"},"canonical":"https:\/\/idecesos.com\/seguros\/companias\/almudena\/valladolid\/","og_locale":"es_ES","og_type":"article","og_title":"Oficinas Almudena en Valladolid | Tel\u00e9fonos, Horarios, Direcci\u00f3n","og_description":"Lista completa de Oficinas Almudena en Valladolid Horarios, \u2706 tel\u00e9fonos y direcciones actualizados en 2026 \u2714 Verificado por iDecesos.","og_url":"https:\/\/idecesos.com\/seguros\/companias\/almudena\/valladolid\/","og_image":[{"url":"https:\/\/idecesos.com\/seguros\/wp-content\/uploads\/2021\/09\/almudena-seguros.png","type":"","width":"","height":""}],"twitter_card":"summary_large_image","twitter_misc":{"Tiempo de lectura":"39 minutos"},"schema":{"@context":"https:\/\/schema.org","@graph":[{"@type":"WebPage","@id":"https:\/\/idecesos.com\/seguros\/companias\/almudena\/valladolid\/","url":"https:\/\/idecesos.com\/seguros\/companias\/almudena\/valladolid\/","name":"Oficinas Almudena en Valladolid | Tel\u00e9fonos, Horarios, Direcci\u00f3n","isPartOf":{"@id":"https:\/\/idecesos.com\/seguros\/#website"},"primaryImageOfPage":{"@id":"https:\/\/idecesos.com\/seguros\/companias\/almudena\/valladolid\/#primaryimage"},"image":{"@id":"https:\/\/idecesos.com\/seguros\/companias\/almudena\/valladolid\/#primaryimage"},"thumbnailUrl":"https:\/\/idecesos.com\/seguros\/wp-content\/uploads\/2021\/09\/almudena-seguros.png","datePublished":"2021-09-07T21:12:26+00:00","description":"Lista completa de Oficinas Almudena en Valladolid Horarios, \u2706 tel\u00e9fonos y direcciones actualizados en 2026 \u2714 Verificado por iDecesos.","breadcrumb":{"@id":"https:\/\/idecesos.com\/seguros\/companias\/almudena\/valladolid\/#breadcrumb"},"inLanguage":"es","potentialAction":[{"@type":"ReadAction","target":["https:\/\/idecesos.com\/seguros\/companias\/almudena\/valladolid\/"]}]},{"@type":"ImageObject","inLanguage":"es","@id":"https:\/\/idecesos.com\/seguros\/companias\/almudena\/valladolid\/#primaryimage","url":"https:\/\/idecesos.com\/seguros\/wp-content\/uploads\/2021\/09\/almudena-seguros.png","contentUrl":"https:\/\/idecesos.com\/seguros\/wp-content\/uploads\/2021\/09\/almudena-seguros.png","width":470,"height":144},{"@type":"BreadcrumbList","@id":"https:\/\/idecesos.com\/seguros\/companias\/almudena\/valladolid\/#breadcrumb","itemListElement":[{"@type":"ListItem","position":1,"name":"Portada","item":"https:\/\/idecesos.com\/seguros\/"},{"@type":"ListItem","position":2,"name":"Compa\u00f1\u00edas de Seguros de Decesos en Espa\u00f1a","item":"https:\/\/idecesos.com\/seguros\/companias\/"},{"@type":"ListItem","position":3,"name":"Seguro de Decesos La Almudena","item":"https:\/\/idecesos.com\/seguros\/companias\/almudena\/"},{"@type":"ListItem","position":4,"name":"Oficinas seguros de decesos Almudena en Valladolid"}]},{"@type":"WebSite","@id":"https:\/\/idecesos.com\/seguros\/#website","url":"https:\/\/idecesos.com\/seguros\/","name":"","description":"","potentialAction":[{"@type":"SearchAction","target":{"@type":"EntryPoint","urlTemplate":"https:\/\/idecesos.com\/seguros\/?s={search_term_string}"},"query-input":{"@type":"PropertyValueSpecification","valueRequired":true,"valueName":"search_term_string"}}],"inLanguage":"es"}]}},"_links":{"self":[{"href":"https:\/\/idecesos.com\/seguros\/wp-json\/wp\/v2\/pages\/6156","targetHints":{"allow":["GET"]}}],"collection":[{"href":"https:\/\/idecesos.com\/seguros\/wp-json\/wp\/v2\/pages"}],"about":[{"href":"https:\/\/idecesos.com\/seguros\/wp-json\/wp\/v2\/types\/page"}],"replies":[{"embeddable":true,"href":"https:\/\/idecesos.com\/seguros\/wp-json\/wp\/v2\/comments?post=6156"}],"version-history":[{"count":0,"href":"https:\/\/idecesos.com\/seguros\/wp-json\/wp\/v2\/pages\/6156\/revisions"}],"up":[{"embeddable":true,"href":"https:\/\/idecesos.com\/seguros\/wp-json\/wp\/v2\/pages\/472"}],"wp:attachment":[{"href":"https:\/\/idecesos.com\/seguros\/wp-json\/wp\/v2\/media?parent=6156"}],"curies":[{"name":"wp","href":"https:\/\/api.w.org\/{rel}","templated":true}]}}