{"id":632,"date":"2021-07-12T17:33:14","date_gmt":"2021-07-12T17:33:14","guid":{"rendered":"https:\/\/idecesos.com\/seguros\/?page_id=632"},"modified":"2022-01-03T12:30:16","modified_gmt":"2022-01-03T12:30:16","slug":"toledo","status":"publish","type":"page","link":"https:\/\/idecesos.com\/seguros\/companias\/finisterre\/toledo\/","title":{"rendered":"Seguro de Decesos Finisterre Toledo"},"content":{"rendered":"\r\n<p>Tras la implantaci\u00f3n de Seguros Finisterre en Toledo, en el a\u00f1o 2001 la sociedad Mapfre Seguros Generales compr\u00f3 el Grupo Asegurador Finisterre por 146,6 millones de euros. La compa\u00f1\u00eda Finisterre estaba especializada en la oferta de seguros de decesos, de hogar, de vida, de responsabilidad civil, de accidentes, de enfermedad y de incendios. Sin embargo, su principal negocio era la venta de seguros de decesos, los cuales aportaban 124,4 millones de euros a su cartera de 162,2 millones de euros. Por este motivo, Mapfre quiso adquirir dicha compa\u00f1\u00eda, pues ten\u00eda el objetivo de convertirse en la tercera aseguradora del ramo de decesos.<\/p>\r\n\r\n\r\n\r\n<p>En el a\u00f1o 1999, la compa\u00f1\u00eda Finisterre ocupaba el puesto n\u00famero 49 dentro de la clasificaci\u00f3n del sector del seguro en Espa\u00f1a, con un volumen de primas de 159,44 millones de euros. Por lo tanto, ahora es la sociedad Mapfre Seguros quien ofrece los seguros de decesos de Finisterre.<\/p>\r\n\r\n\r\n\r\n<p>La compa\u00f1\u00eda Mapfre pone a disposici\u00f3n de sus usuarios numerosos productos, de entre los que destacan los seguros de decesos. Son varias las modalidades de p\u00f3lizas de decesos que ofrece dicha entidad, de esta forma se ajusta en la medida de lo posible a las necesidades de sus clientes.<\/p>\r\n\r\n\r\n\r\n<p>En primer lugar, nos encontramos con el seguro de decesos con pago en 5 a\u00f1os de Mapfre, un seguro que podr\u00e1n adquirir todas aquellas personas cuya edad sea inferior a 80 a\u00f1os y que deseen realizar en pago en 5 anualidades. Tambi\u00e9n existe la posibilidad de realizar un pago \u00fanico en el momento de contrataci\u00f3n de la p\u00f3liza, esta opci\u00f3n puede ser adquirida por personas de cualquier edad.<\/p>\r\n\r\n\r\n\r\n<p>Por otro lado, para quienes prefieran optar por un seguro de decesos con prima nivelada tendr\u00e1n a su disposici\u00f3n la p\u00f3liza est\u00e1ndar, que incluye el pago de una prima anual que puede ser fraccionada y que se mantendr\u00e1 equilibrada durante toda la vida del asegurado. Sin embargo, el precio del seguro puede verse ligeramente modificado con el paso del tiempo debido al aumento del coste del servicio funerario.<\/p>\r\n\r\n\r\n\r\n<p>El \u00faltimo seguro de decesos que ofrece Mapfre, compa\u00f1\u00eda que absorbi\u00f3 al Grupo Asegurador Finisterre, es la p\u00f3liza de decesos Esencial Mapfre, la cual incorpora el pago de una prima semi-natural anual, que puede ser fraccionada. Por lo tanto, la prima crece cada a\u00f1o en funci\u00f3n de la edad y de los costes de los servicios funerarios. Este seguro puede ser contratado por aquellas personas cuya edad no supere los 70 a\u00f1os.<\/p>\r\n\r\n\r\n\r\n<p>El seguro de decesos Esencial Mapfre ofrece numerosas coberturas b\u00e1sicas, de entre las que destacan el servicio de decesos adaptado a sus usuarios, un servicio de incineraci\u00f3n o inhumaci\u00f3n, servicio de tanatorio, en nicho o sepultura, y l\u00e1pida; gastos extraordinarios m\u00e9dicos legales, elecci\u00f3n del cementerio y lugar de inhumaci\u00f3n en Espa\u00f1a, servicios de orientaci\u00f3n jur\u00eddica, tramitaci\u00f3n de documentos, gesti\u00f3n del servicio de decesos y atenci\u00f3n psicol\u00f3gica o la conservaci\u00f3n del ADN, dependiendo de lo que se estipule en las condiciones de la p\u00f3liza.<\/p>\r\n\r\n\r\n\r\n<p>Adem\u00e1s, si desea disponer de m\u00e1s garant\u00edas podr\u00e1 contratar una serie coberturas adicionales, que le permitir\u00e1n estar asegurado tambi\u00e9n cuando se encuentre en el extranjero y recibir asistencia y atenci\u00f3n m\u00e9dica en otro pa\u00eds, entre otras ventajas.<\/p>\r\n<h3>P\u00e1ginas relacionadas<\/h3><div class=\"enlazado\"><ul> <li><a href=\"https:\/\/idecesos.com\/seguros\/companias\/finisterre\/precio\/\">Precio seguro Finisterre<\/a><\/li> <li><a href=\"https:\/\/idecesos.com\/seguros\/companias\/finisterre\/prima-mixta\/\">Finisterre Prima Mixta<\/a><\/li> <li><a href=\"https:\/\/idecesos.com\/seguros\/companias\/finisterre\/prima-natural\/\">Finisterre Prima Natural<\/a><\/li> <li><a href=\"https:\/\/idecesos.com\/seguros\/companias\/finisterre\/prima-nivelada\/\">Finisterre Prima Nivelada<\/a><\/li> <li><a href=\"https:\/\/idecesos.com\/seguros\/companias\/finisterre\/prima-unica\/\">Finisterre Prima \u00danica<\/a><\/li> <li><a href=\"https:\/\/idecesos.com\/seguros\/companias\/finisterre\/repatriacion\/\">Finisterre Repatriaci\u00f3n<\/a><\/li> <li><a href=\"https:\/\/idecesos.com\/seguros\/companias\/finisterre\/telefono\/\">Tel\u00e9fono Gratuito Finisterre<\/a><\/li> <li><a href=\"https:\/\/idecesos.com\/seguros\/companias\/finisterre\/toledo\/\">Seguro de Decesos Finisterre Toledo<\/a><\/li><\/ul><\/div>","protected":false},"excerpt":{"rendered":"<p>Tras la implantaci\u00f3n de Seguros Finisterre en Toledo, en el a\u00f1o 2001 la sociedad Mapfre Seguros Generales compr\u00f3 el Grupo Asegurador Finisterre por 146,6 millones de euros. La compa\u00f1\u00eda Finisterre estaba especializada en la oferta de seguros de decesos, de hogar, de vida, de responsabilidad civil, de accidentes, de enfermedad y de incendios. Sin embargo,&hellip; <\/p>\n","protected":false},"author":2,"featured_media":0,"parent":628,"menu_order":0,"comment_status":"closed","ping_status":"closed","template":"single.php","meta":{"footnotes":""},"class_list":["post-632","page","type-page","status-publish","hentry"],"yoast_head":"<!-- This site is optimized with the Yoast SEO plugin v27.5 - https:\/\/yoast.com\/product\/yoast-seo-wordpress\/ -->\n<title>Seguro de Decesos Finisterre Toledo -<\/title>\n<meta name=\"robots\" content=\"index, follow, max-snippet:-1, max-image-preview:large, max-video-preview:-1\" \/>\n<link rel=\"canonical\" href=\"https:\/\/idecesos.com\/seguros\/companias\/finisterre\/toledo\/\" \/>\n<meta property=\"og:locale\" content=\"es_ES\" \/>\n<meta property=\"og:type\" content=\"article\" \/>\n<meta property=\"og:title\" content=\"Seguro de Decesos Finisterre Toledo -\" \/>\n<meta property=\"og:description\" content=\"Tras la implantaci\u00f3n de Seguros Finisterre en Toledo, en el a\u00f1o 2001 la sociedad Mapfre Seguros Generales compr\u00f3 el Grupo Asegurador Finisterre por 146,6 millones de euros. La compa\u00f1\u00eda Finisterre estaba especializada en la oferta de seguros de decesos, de hogar, de vida, de responsabilidad civil, de accidentes, de enfermedad y de incendios. Sin embargo,&hellip;\" \/>\n<meta property=\"og:url\" content=\"https:\/\/idecesos.com\/seguros\/companias\/finisterre\/toledo\/\" \/>\n<meta property=\"article:modified_time\" content=\"2022-01-03T12:30:16+00:00\" \/>\n<meta name=\"twitter:card\" content=\"summary_large_image\" \/>\n<meta name=\"twitter:label1\" content=\"Tiempo de lectura\" \/>\n\t<meta name=\"twitter:data1\" content=\"3 minutos\" \/>\n<script type=\"application\/ld+json\" class=\"yoast-schema-graph\">{\"@context\":\"https:\\\/\\\/schema.org\",\"@graph\":[{\"@type\":\"WebPage\",\"@id\":\"https:\\\/\\\/idecesos.com\\\/seguros\\\/companias\\\/finisterre\\\/toledo\\\/\",\"url\":\"https:\\\/\\\/idecesos.com\\\/seguros\\\/companias\\\/finisterre\\\/toledo\\\/\",\"name\":\"Seguro de Decesos Finisterre Toledo -\",\"isPartOf\":{\"@id\":\"https:\\\/\\\/idecesos.com\\\/seguros\\\/#website\"},\"datePublished\":\"2021-07-12T17:33:14+00:00\",\"dateModified\":\"2022-01-03T12:30:16+00:00\",\"breadcrumb\":{\"@id\":\"https:\\\/\\\/idecesos.com\\\/seguros\\\/companias\\\/finisterre\\\/toledo\\\/#breadcrumb\"},\"inLanguage\":\"es\",\"potentialAction\":[{\"@type\":\"ReadAction\",\"target\":[\"https:\\\/\\\/idecesos.com\\\/seguros\\\/companias\\\/finisterre\\\/toledo\\\/\"]}]},{\"@type\":\"BreadcrumbList\",\"@id\":\"https:\\\/\\\/idecesos.com\\\/seguros\\\/companias\\\/finisterre\\\/toledo\\\/#breadcrumb\",\"itemListElement\":[{\"@type\":\"ListItem\",\"position\":1,\"name\":\"Portada\",\"item\":\"https:\\\/\\\/idecesos.com\\\/seguros\\\/\"},{\"@type\":\"ListItem\",\"position\":2,\"name\":\"Compa\u00f1\u00edas de Seguros de Decesos en Espa\u00f1a\",\"item\":\"https:\\\/\\\/idecesos.com\\\/seguros\\\/companias\\\/\"},{\"@type\":\"ListItem\",\"position\":3,\"name\":\"Seguro de decesos Finisterre\",\"item\":\"https:\\\/\\\/idecesos.com\\\/seguros\\\/companias\\\/finisterre\\\/\"},{\"@type\":\"ListItem\",\"position\":4,\"name\":\"Seguro de Decesos Finisterre Toledo\"}]},{\"@type\":\"WebSite\",\"@id\":\"https:\\\/\\\/idecesos.com\\\/seguros\\\/#website\",\"url\":\"https:\\\/\\\/idecesos.com\\\/seguros\\\/\",\"name\":\"\",\"description\":\"\",\"potentialAction\":[{\"@type\":\"SearchAction\",\"target\":{\"@type\":\"EntryPoint\",\"urlTemplate\":\"https:\\\/\\\/idecesos.com\\\/seguros\\\/?s={search_term_string}\"},\"query-input\":{\"@type\":\"PropertyValueSpecification\",\"valueRequired\":true,\"valueName\":\"search_term_string\"}}],\"inLanguage\":\"es\"}]}<\/script>\n<!-- \/ Yoast SEO plugin. -->","yoast_head_json":{"title":"Seguro de Decesos Finisterre Toledo -","robots":{"index":"index","follow":"follow","max-snippet":"max-snippet:-1","max-image-preview":"max-image-preview:large","max-video-preview":"max-video-preview:-1"},"canonical":"https:\/\/idecesos.com\/seguros\/companias\/finisterre\/toledo\/","og_locale":"es_ES","og_type":"article","og_title":"Seguro de Decesos Finisterre Toledo -","og_description":"Tras la implantaci\u00f3n de Seguros Finisterre en Toledo, en el a\u00f1o 2001 la sociedad Mapfre Seguros Generales compr\u00f3 el Grupo Asegurador Finisterre por 146,6 millones de euros. La compa\u00f1\u00eda Finisterre estaba especializada en la oferta de seguros de decesos, de hogar, de vida, de responsabilidad civil, de accidentes, de enfermedad y de incendios. Sin embargo,&hellip;","og_url":"https:\/\/idecesos.com\/seguros\/companias\/finisterre\/toledo\/","article_modified_time":"2022-01-03T12:30:16+00:00","twitter_card":"summary_large_image","twitter_misc":{"Tiempo de lectura":"3 minutos"},"schema":{"@context":"https:\/\/schema.org","@graph":[{"@type":"WebPage","@id":"https:\/\/idecesos.com\/seguros\/companias\/finisterre\/toledo\/","url":"https:\/\/idecesos.com\/seguros\/companias\/finisterre\/toledo\/","name":"Seguro de Decesos Finisterre Toledo -","isPartOf":{"@id":"https:\/\/idecesos.com\/seguros\/#website"},"datePublished":"2021-07-12T17:33:14+00:00","dateModified":"2022-01-03T12:30:16+00:00","breadcrumb":{"@id":"https:\/\/idecesos.com\/seguros\/companias\/finisterre\/toledo\/#breadcrumb"},"inLanguage":"es","potentialAction":[{"@type":"ReadAction","target":["https:\/\/idecesos.com\/seguros\/companias\/finisterre\/toledo\/"]}]},{"@type":"BreadcrumbList","@id":"https:\/\/idecesos.com\/seguros\/companias\/finisterre\/toledo\/#breadcrumb","itemListElement":[{"@type":"ListItem","position":1,"name":"Portada","item":"https:\/\/idecesos.com\/seguros\/"},{"@type":"ListItem","position":2,"name":"Compa\u00f1\u00edas de Seguros de Decesos en Espa\u00f1a","item":"https:\/\/idecesos.com\/seguros\/companias\/"},{"@type":"ListItem","position":3,"name":"Seguro de decesos Finisterre","item":"https:\/\/idecesos.com\/seguros\/companias\/finisterre\/"},{"@type":"ListItem","position":4,"name":"Seguro de Decesos Finisterre Toledo"}]},{"@type":"WebSite","@id":"https:\/\/idecesos.com\/seguros\/#website","url":"https:\/\/idecesos.com\/seguros\/","name":"","description":"","potentialAction":[{"@type":"SearchAction","target":{"@type":"EntryPoint","urlTemplate":"https:\/\/idecesos.com\/seguros\/?s={search_term_string}"},"query-input":{"@type":"PropertyValueSpecification","valueRequired":true,"valueName":"search_term_string"}}],"inLanguage":"es"}]}},"_links":{"self":[{"href":"https:\/\/idecesos.com\/seguros\/wp-json\/wp\/v2\/pages\/632","targetHints":{"allow":["GET"]}}],"collection":[{"href":"https:\/\/idecesos.com\/seguros\/wp-json\/wp\/v2\/pages"}],"about":[{"href":"https:\/\/idecesos.com\/seguros\/wp-json\/wp\/v2\/types\/page"}],"author":[{"embeddable":true,"href":"https:\/\/idecesos.com\/seguros\/wp-json\/wp\/v2\/users\/2"}],"replies":[{"embeddable":true,"href":"https:\/\/idecesos.com\/seguros\/wp-json\/wp\/v2\/comments?post=632"}],"version-history":[{"count":3,"href":"https:\/\/idecesos.com\/seguros\/wp-json\/wp\/v2\/pages\/632\/revisions"}],"predecessor-version":[{"id":7109,"href":"https:\/\/idecesos.com\/seguros\/wp-json\/wp\/v2\/pages\/632\/revisions\/7109"}],"up":[{"embeddable":true,"href":"https:\/\/idecesos.com\/seguros\/wp-json\/wp\/v2\/pages\/628"}],"wp:attachment":[{"href":"https:\/\/idecesos.com\/seguros\/wp-json\/wp\/v2\/media?parent=632"}],"curies":[{"name":"wp","href":"https:\/\/api.w.org\/{rel}","templated":true}]}}