{"id":656,"date":"2021-07-12T18:49:32","date_gmt":"2021-07-12T18:49:32","guid":{"rendered":"https:\/\/idecesos.com\/seguros\/?page_id=656"},"modified":"2024-12-11T13:39:09","modified_gmt":"2024-12-11T12:39:09","slug":"coberturas","status":"publish","type":"page","link":"https:\/\/idecesos.com\/seguros\/companias\/helvetia\/coberturas\/","title":{"rendered":"Coberturas Seguro de Decesos Helvetia"},"content":{"rendered":"\r\n\r\n<p>Helvetia Seguros es una compa\u00f1\u00eda de seguros que se define como din\u00e1mica y competitiva que opera en todo el territorio nacional. Su sede social se encuentra en Sevilla, adem\u00e1s de pertenecer al grupo asegurador suizo Helvetia. Esta compa\u00f1\u00eda est\u00e1 situada en una posici\u00f3n de gran solvencia dentro del mismo sector asegurador.<\/p>\r\n\r\n\r\n\r\n<p>Desde su fundaci\u00f3n en 1858, se han convertido en un grupo asegurador suizo independiente, al servicio tanto de particulares como de pymes.Conocido por ser proveedores fiables y s\u00f3lidos de soluciones de seguros, Helvetia cuenta con una previsi\u00f3n social de alta calidad.<\/p>\r\n\r\n\r\n\r\n<p>Sus beneficios y el crecimiento lo consiguen a trav\u00e9s de una pr\u00e1ctica de suscripci\u00f3n y una gesti\u00f3n de activos profesionales orientadas principalmente a largo plazo, as\u00ed realizan una organizaci\u00f3n consciente de los costes.<\/p>\r\n\r\n\r\n\r\n<p>Se encargan de crear confianza entre sus asegurados, accionistas y empleados a trav\u00e9s de prestaciones por encima de la media, con una comunicaci\u00f3n activa entre todos los sectores basada en el respeto mutuo.<\/p>\r\n\r\n\r\n\r\n<p>Su principal esfuerzo consta de obtener un alto grado de satisfacci\u00f3n por parte del cliente, practicando una cultura de compromiso y de identificaci\u00f3n personal con la compa\u00f1\u00eda.<\/p>\r\n\r\n\r\n\r\n<p>Sus valores se basan en la confianza, actuando de forma honesta y responsable, tambi\u00e9n en el dinamismo pensando en una empresa moderna y avanzada, y con entusiasmo asumiendo una postura abierta, comprometida e interesada tanto con clientes como con colaboradores.<\/p>\r\n\r\n\r\n\r\n<p>Debemos aclarar que Helvetia Seguros forma parte del grupo asegurador suizo Helvetia, que se form\u00f3 en el a\u00f1o 1992 tras la fusi\u00f3n de Helvetia. Dicho grupo cuenta con cerca de siete mil empleados esto en los principales pa\u00edses de europa, logrando alcanzar el pasado a\u00f1o un volumen de primas de m\u00e1s de ocho millones y medio de francos suizos.<\/p>\r\n\r\n\r\n\r\n<p>El negocio que presentan est\u00e1 muy diversificado en las \u00e1reas de vida y de no vida, contando con una actividad reaseguradora importante en varios pa\u00edses europeos, adem\u00e1s se encuentra entre los primeros puestos en el mercado asegurador suizo. Este grupo asegurador puede considerarse uno de los m\u00e1s s\u00f3lidos de Europa.<\/p>\r\n\r\n\r\n\r\n<p>Considerada como una empresa pr\u00f3xima a sus asegurados con m\u00e1s de 49 sucursales en Espa\u00f1a, contando con un servicio de atenci\u00f3n al cliente 24 horas, y con 150 a\u00f1os de experiencia. Ya son m\u00e1s de 650.000 clientes los que han confiado en Helvetia seguros para una mejor calidad de vida.<\/p>\r\n\r\n\r\n\r\n<p>En Helvetia encontramos el seguro de decesos \u201cPlan de Asistencia Familiar\u201d en el que te encontrar\u00e1s protegido ante los riesgos e imprevistos que pudiesen suceder. Adem\u00e1s con esta innovadora p\u00f3liza establecer\u00e1n el m\u00e1ximo de apoyo a tus seres queridos con una cobertura amplia en caso de fallecimiento, asistencia en viajes, accidentes, asistencia legal y gestor\u00eda.<\/p>\r\n\r\n\r\n\r\n<p>Una de las ventajas que ofrece este tipo de seguro de decesos es que podr\u00e1s disfrutar de una limpieza bucal al a\u00f1o gratis por cada asegurado incluido en la p\u00f3liza. Adem\u00e1s, te ofrecen una asistencia en caso de accidente, enfermedad o cualquier otro imprevisto para que el asegurado pueda disfrutar del viaje, pase lo que pase y pudiendo ampliar hasta seis o doce meses.<\/p>\r\n\r\n\r\n\r\n<p>Las coberturas que presenta esta modalidad de seguro de decesos que presenta Helvetia son una gran cantidad, empezando con la asistencia a personas en caso de fallecimiento con coberturas de servicio de sepelio, el traslado a Espa\u00f1a del fallecido, la libre elecci\u00f3n del lugar de inhumaci\u00f3n en Espa\u00f1a, el acompa\u00f1amiento de los restos mortales, la repatriaci\u00f3n del asegurado y acompa\u00f1antes, el regreso anticipado a causa del fallecimiento de un familiar y la repatriaci\u00f3n de espa\u00f1oles residentes en el extranjero.<\/p>\r\n\r\n\r\n\r\n<p>Otra de las coberturas que ofrecen es la asistencia en viaje mundial con servicio de informaci\u00f3n sobre asistencia m\u00e9dica, el traslado o repatriaci\u00f3n de heridos o enfermos, la inmovilizaci\u00f3n en hotel por enfermedad o accidente, el acompa\u00f1amiento de hijos menores, unas fianzas por hospitalizaci\u00f3n, el env\u00edo de medicamentos, contando con el reenv\u00edo de objetos olvidados en el transcurso del viaje, la ayuda a la localizaci\u00f3n y env\u00edo de equipajes y un servicio de informaci\u00f3n para viajes al extranjero.<\/p>\r\n\r\n\r\n\r\n<p>Contratando este seguro de decesos Helvetia contar\u00e9is con ciertas prestaciones sanitarias y cuidado personal, como una l\u00ednea m\u00e9dica de informaci\u00f3n telef\u00f3nica 24 horas, un segunda opini\u00f3n m\u00e9dica internacional, el acceso a especialistas, la teleasistencia domiciliaria, con una limpieza gratuita al a\u00f1o por asegurado, adem\u00e1s de una consulta gratuita al a\u00f1o para cada asegurado en Pediatr\u00eda, Dermatolog\u00eda, Ginecolog\u00eda y Podolog\u00eda.<\/p>\r\n\r\n\r\n\r\n<p>Las coberturas de asistencia jur\u00eddica y legal son fundamentales en este tipo de seguros, as\u00ed ofrecen asistencia telef\u00f3nica gratuita referida a cualquier tema personal, la primera consulta en despacho gratuita, los tr\u00e1mites de gestor\u00eda en caso de fallecimiento, adem\u00e1s del 25% de descuento en el resto de actuaciones jur\u00eddicas.<\/p>\r\n\r\n\r\n\r\n<p>Cuentan con nuevos servicios disponibles y actuales como testamento online, orientaci\u00f3n psicol\u00f3gica al duelo, orientaci\u00f3n diet\u00e9tica y nutricional telef\u00f3nica y una orientaci\u00f3n m\u00e9dica online por videollamada.<\/p>\r\n\r\n\r\n\r\n<p>Para terminar existen garant\u00edas opcionales como la ampliaci\u00f3n de asistencia en viajes de hasta seis meses, accidentes personales, la hospitalizaci\u00f3n con o sin intervenci\u00f3n quir\u00fargica, la repatriaci\u00f3n de espa\u00f1oles residentes en el extranjero y viceversa.<\/p>\r\n\r\n\r\n\r\n<p>No debemos olvidar comparar los mejores seguros de decesos adaptados a vuestras necesidades con iDecesos.com, de forma r\u00e1pida, sencilla y gratuita.<\/p>\r\n<h3>P\u00e1ginas relacionadas<\/h3><div class=\"enlazado\"><ul> <li><a href=\"https:\/\/idecesos.com\/seguros\/companias\/helvetia\/coberturas\/\">Coberturas Helvetia<\/a><\/li> <li><a href=\"https:\/\/idecesos.com\/seguros\/companias\/helvetia\/dentistas\/\">Dentistas Helvetia<\/a><\/li> <li><a href=\"https:\/\/idecesos.com\/seguros\/companias\/helvetia\/incineracion\/\">Incineraci\u00f3n Helvetia<\/a><\/li> <li><a href=\"https:\/\/idecesos.com\/seguros\/companias\/helvetia\/opiniones\/\">Opiniones Helvetia<\/a><\/li> <li><a href=\"https:\/\/idecesos.com\/seguros\/companias\/helvetia\/precio\/\">Precio seguro Helvetia<\/a><\/li> <li><a href=\"https:\/\/idecesos.com\/seguros\/companias\/helvetia\/prima-mixta\/\">Helvetia Prima Mixta<\/a><\/li> <li><a href=\"https:\/\/idecesos.com\/seguros\/companias\/helvetia\/prima-natural\/\">Helvetia Prima Natural<\/a><\/li> <li><a href=\"https:\/\/idecesos.com\/seguros\/companias\/helvetia\/prima-nivelada\/\">Helvetia Prima Nivelada<\/a><\/li> <li><a href=\"https:\/\/idecesos.com\/seguros\/companias\/helvetia\/prima-unica\/\">Helvetia Prima \u00danica<\/a><\/li> <li><a href=\"https:\/\/idecesos.com\/seguros\/companias\/helvetia\/repatriacion\/\">Helvetia Repatriaci\u00f3n<\/a><\/li> <li><a href=\"https:\/\/idecesos.com\/seguros\/companias\/helvetia\/santa-lucia\/\">DECESOS HELVETIA Vs SANTA LUCIA<\/a><\/li> <li><a href=\"https:\/\/idecesos.com\/seguros\/companias\/helvetia\/telefono\/\">Tel\u00e9fono Gratuito Helvetia<\/a><\/li><\/ul><\/div>\r\n","protected":false},"excerpt":{"rendered":"<p>Helvetia Seguros es una compa\u00f1\u00eda de seguros que se define como din\u00e1mica y competitiva que opera en todo el territorio nacional. Su sede social se encuentra en Sevilla, adem\u00e1s de pertenecer al grupo asegurador suizo Helvetia. Esta compa\u00f1\u00eda est\u00e1 situada en una posici\u00f3n de gran solvencia dentro del mismo sector asegurador. Desde su fundaci\u00f3n en&hellip; <\/p>\n","protected":false},"author":2,"featured_media":0,"parent":652,"menu_order":0,"comment_status":"closed","ping_status":"closed","template":"single.php","meta":{"footnotes":""},"class_list":["post-656","page","type-page","status-publish","hentry"],"yoast_head":"<!-- This site is optimized with the Yoast SEO plugin v27.4 - https:\/\/yoast.com\/product\/yoast-seo-wordpress\/ -->\n<title>Coberturas Seguro de Decesos Helvetia | Gu\u00eda 2026<\/title>\n<meta name=\"description\" content=\"Consulta gratis las coberturas y servicios del Seguro de Decesos Helvetia Informaci\u00f3n actualizada en 2026. Coberturas verificadas por iDecesos.\" \/>\n<meta name=\"robots\" content=\"index, follow, max-snippet:-1, max-image-preview:large, max-video-preview:-1\" \/>\n<link rel=\"canonical\" href=\"https:\/\/idecesos.com\/seguros\/companias\/helvetia\/coberturas\/\" \/>\n<meta property=\"og:locale\" content=\"es_ES\" \/>\n<meta property=\"og:type\" content=\"article\" \/>\n<meta property=\"og:title\" content=\"Coberturas Seguro de Decesos Helvetia | Gu\u00eda 2026\" \/>\n<meta property=\"og:description\" content=\"Consulta gratis las coberturas y servicios del Seguro de Decesos Helvetia Informaci\u00f3n actualizada en 2026. Coberturas verificadas por iDecesos.\" \/>\n<meta property=\"og:url\" content=\"https:\/\/idecesos.com\/seguros\/companias\/helvetia\/coberturas\/\" \/>\n<meta property=\"article:modified_time\" content=\"2024-12-11T12:39:09+00:00\" \/>\n<meta name=\"twitter:card\" content=\"summary_large_image\" \/>\n<meta name=\"twitter:label1\" content=\"Tiempo de lectura\" \/>\n\t<meta name=\"twitter:data1\" content=\"4 minutos\" \/>\n<script type=\"application\/ld+json\" class=\"yoast-schema-graph\">{\"@context\":\"https:\\\/\\\/schema.org\",\"@graph\":[{\"@type\":\"WebPage\",\"@id\":\"https:\\\/\\\/idecesos.com\\\/seguros\\\/companias\\\/helvetia\\\/coberturas\\\/\",\"url\":\"https:\\\/\\\/idecesos.com\\\/seguros\\\/companias\\\/helvetia\\\/coberturas\\\/\",\"name\":\"Coberturas Seguro de Decesos Helvetia | Gu\u00eda 2026\",\"isPartOf\":{\"@id\":\"https:\\\/\\\/idecesos.com\\\/seguros\\\/#website\"},\"datePublished\":\"2021-07-12T18:49:32+00:00\",\"dateModified\":\"2024-12-11T12:39:09+00:00\",\"description\":\"Consulta gratis las coberturas y servicios del Seguro de Decesos Helvetia Informaci\u00f3n actualizada en 2026. Coberturas verificadas por iDecesos.\",\"breadcrumb\":{\"@id\":\"https:\\\/\\\/idecesos.com\\\/seguros\\\/companias\\\/helvetia\\\/coberturas\\\/#breadcrumb\"},\"inLanguage\":\"es\",\"potentialAction\":[{\"@type\":\"ReadAction\",\"target\":[\"https:\\\/\\\/idecesos.com\\\/seguros\\\/companias\\\/helvetia\\\/coberturas\\\/\"]}]},{\"@type\":\"BreadcrumbList\",\"@id\":\"https:\\\/\\\/idecesos.com\\\/seguros\\\/companias\\\/helvetia\\\/coberturas\\\/#breadcrumb\",\"itemListElement\":[{\"@type\":\"ListItem\",\"position\":1,\"name\":\"Portada\",\"item\":\"https:\\\/\\\/idecesos.com\\\/seguros\\\/\"},{\"@type\":\"ListItem\",\"position\":2,\"name\":\"Compa\u00f1\u00edas de Seguros de Decesos en Espa\u00f1a\",\"item\":\"https:\\\/\\\/idecesos.com\\\/seguros\\\/companias\\\/\"},{\"@type\":\"ListItem\",\"position\":3,\"name\":\"Seguro de Decesos Helvetia\",\"item\":\"https:\\\/\\\/idecesos.com\\\/seguros\\\/companias\\\/helvetia\\\/\"},{\"@type\":\"ListItem\",\"position\":4,\"name\":\"Coberturas Seguro de Decesos Helvetia\"}]},{\"@type\":\"WebSite\",\"@id\":\"https:\\\/\\\/idecesos.com\\\/seguros\\\/#website\",\"url\":\"https:\\\/\\\/idecesos.com\\\/seguros\\\/\",\"name\":\"\",\"description\":\"\",\"potentialAction\":[{\"@type\":\"SearchAction\",\"target\":{\"@type\":\"EntryPoint\",\"urlTemplate\":\"https:\\\/\\\/idecesos.com\\\/seguros\\\/?s={search_term_string}\"},\"query-input\":{\"@type\":\"PropertyValueSpecification\",\"valueRequired\":true,\"valueName\":\"search_term_string\"}}],\"inLanguage\":\"es\"}]}<\/script>\n<!-- \/ Yoast SEO plugin. -->","yoast_head_json":{"title":"Coberturas Seguro de Decesos Helvetia | Gu\u00eda 2026","description":"Consulta gratis las coberturas y servicios del Seguro de Decesos Helvetia Informaci\u00f3n actualizada en 2026. Coberturas verificadas por iDecesos.","robots":{"index":"index","follow":"follow","max-snippet":"max-snippet:-1","max-image-preview":"max-image-preview:large","max-video-preview":"max-video-preview:-1"},"canonical":"https:\/\/idecesos.com\/seguros\/companias\/helvetia\/coberturas\/","og_locale":"es_ES","og_type":"article","og_title":"Coberturas Seguro de Decesos Helvetia | Gu\u00eda 2026","og_description":"Consulta gratis las coberturas y servicios del Seguro de Decesos Helvetia Informaci\u00f3n actualizada en 2026. Coberturas verificadas por iDecesos.","og_url":"https:\/\/idecesos.com\/seguros\/companias\/helvetia\/coberturas\/","article_modified_time":"2024-12-11T12:39:09+00:00","twitter_card":"summary_large_image","twitter_misc":{"Tiempo de lectura":"4 minutos"},"schema":{"@context":"https:\/\/schema.org","@graph":[{"@type":"WebPage","@id":"https:\/\/idecesos.com\/seguros\/companias\/helvetia\/coberturas\/","url":"https:\/\/idecesos.com\/seguros\/companias\/helvetia\/coberturas\/","name":"Coberturas Seguro de Decesos Helvetia | Gu\u00eda 2026","isPartOf":{"@id":"https:\/\/idecesos.com\/seguros\/#website"},"datePublished":"2021-07-12T18:49:32+00:00","dateModified":"2024-12-11T12:39:09+00:00","description":"Consulta gratis las coberturas y servicios del Seguro de Decesos Helvetia Informaci\u00f3n actualizada en 2026. Coberturas verificadas por iDecesos.","breadcrumb":{"@id":"https:\/\/idecesos.com\/seguros\/companias\/helvetia\/coberturas\/#breadcrumb"},"inLanguage":"es","potentialAction":[{"@type":"ReadAction","target":["https:\/\/idecesos.com\/seguros\/companias\/helvetia\/coberturas\/"]}]},{"@type":"BreadcrumbList","@id":"https:\/\/idecesos.com\/seguros\/companias\/helvetia\/coberturas\/#breadcrumb","itemListElement":[{"@type":"ListItem","position":1,"name":"Portada","item":"https:\/\/idecesos.com\/seguros\/"},{"@type":"ListItem","position":2,"name":"Compa\u00f1\u00edas de Seguros de Decesos en Espa\u00f1a","item":"https:\/\/idecesos.com\/seguros\/companias\/"},{"@type":"ListItem","position":3,"name":"Seguro de Decesos Helvetia","item":"https:\/\/idecesos.com\/seguros\/companias\/helvetia\/"},{"@type":"ListItem","position":4,"name":"Coberturas Seguro de Decesos Helvetia"}]},{"@type":"WebSite","@id":"https:\/\/idecesos.com\/seguros\/#website","url":"https:\/\/idecesos.com\/seguros\/","name":"","description":"","potentialAction":[{"@type":"SearchAction","target":{"@type":"EntryPoint","urlTemplate":"https:\/\/idecesos.com\/seguros\/?s={search_term_string}"},"query-input":{"@type":"PropertyValueSpecification","valueRequired":true,"valueName":"search_term_string"}}],"inLanguage":"es"}]}},"_links":{"self":[{"href":"https:\/\/idecesos.com\/seguros\/wp-json\/wp\/v2\/pages\/656","targetHints":{"allow":["GET"]}}],"collection":[{"href":"https:\/\/idecesos.com\/seguros\/wp-json\/wp\/v2\/pages"}],"about":[{"href":"https:\/\/idecesos.com\/seguros\/wp-json\/wp\/v2\/types\/page"}],"author":[{"embeddable":true,"href":"https:\/\/idecesos.com\/seguros\/wp-json\/wp\/v2\/users\/2"}],"replies":[{"embeddable":true,"href":"https:\/\/idecesos.com\/seguros\/wp-json\/wp\/v2\/comments?post=656"}],"version-history":[{"count":5,"href":"https:\/\/idecesos.com\/seguros\/wp-json\/wp\/v2\/pages\/656\/revisions"}],"predecessor-version":[{"id":22140,"href":"https:\/\/idecesos.com\/seguros\/wp-json\/wp\/v2\/pages\/656\/revisions\/22140"}],"up":[{"embeddable":true,"href":"https:\/\/idecesos.com\/seguros\/wp-json\/wp\/v2\/pages\/652"}],"wp:attachment":[{"href":"https:\/\/idecesos.com\/seguros\/wp-json\/wp\/v2\/media?parent=656"}],"curies":[{"name":"wp","href":"https:\/\/api.w.org\/{rel}","templated":true}]}}