{"id":658,"date":"2021-07-12T18:51:51","date_gmt":"2021-07-12T18:51:51","guid":{"rendered":"https:\/\/idecesos.com\/seguros\/?page_id=658"},"modified":"2022-01-03T12:32:01","modified_gmt":"2022-01-03T12:32:01","slug":"dentistas","status":"publish","type":"page","link":"https:\/\/idecesos.com\/seguros\/companias\/helvetia\/dentistas\/","title":{"rendered":"SEGURO DECESOS HELVETIA DENTISTAS"},"content":{"rendered":"<div id=\"ez-toc-container\" class=\"ez-toc-v2_0_82_2 ez-toc-wrap-center counter-hierarchy ez-toc-counter ez-toc-custom ez-toc-container-direction\">\n<div class=\"ez-toc-title-container\">\n<p class=\"ez-toc-title\" style=\"cursor:inherit\">Tabla de Contenido<\/p>\n<span class=\"ez-toc-title-toggle\"><a href=\"#\" class=\"ez-toc-pull-right ez-toc-btn ez-toc-btn-xs ez-toc-btn-default ez-toc-toggle\" aria-label=\"Alternar tabla de contenidos\"><span class=\"ez-toc-js-icon-con\"><span class=\"\"><span class=\"eztoc-hide\" style=\"display:none;\">Toggle<\/span><span class=\"ez-toc-icon-toggle-span\"><svg style=\"fill: #db6415;color:#db6415\" xmlns=\"http:\/\/www.w3.org\/2000\/svg\" class=\"list-377408\" width=\"20px\" height=\"20px\" viewBox=\"0 0 24 24\" fill=\"none\"><path d=\"M6 6H4v2h2V6zm14 0H8v2h12V6zM4 11h2v2H4v-2zm16 0H8v2h12v-2zM4 16h2v2H4v-2zm16 0H8v2h12v-2z\" fill=\"currentColor\"><\/path><\/svg><svg style=\"fill: #db6415;color:#db6415\" class=\"arrow-unsorted-368013\" xmlns=\"http:\/\/www.w3.org\/2000\/svg\" width=\"10px\" height=\"10px\" viewBox=\"0 0 24 24\" version=\"1.2\" baseProfile=\"tiny\"><path d=\"M18.2 9.3l-6.2-6.3-6.2 6.3c-.2.2-.3.4-.3.7s.1.5.3.7c.2.2.4.3.7.3h11c.3 0 .5-.1.7-.3.2-.2.3-.5.3-.7s-.1-.5-.3-.7zM5.8 14.7l6.2 6.3 6.2-6.3c.2-.2.3-.5.3-.7s-.1-.5-.3-.7c-.2-.2-.4-.3-.7-.3h-11c-.3 0-.5.1-.7.3-.2.2-.3.5-.3.7s.1.5.3.7z\"\/><\/svg><\/span><\/span><\/span><\/a><\/span><\/div>\n<nav><ul class='ez-toc-list ez-toc-list-level-1 ' ><li class='ez-toc-page-1 ez-toc-heading-level-2'><a class=\"ez-toc-link ez-toc-heading-1\" href=\"https:\/\/idecesos.com\/seguros\/companias\/helvetia\/dentistas\/#Servicios_y_Tratamientos_Dentales\" >Servicios y Tratamientos \u00a0Dentales<\/a><\/li><li class='ez-toc-page-1 ez-toc-heading-level-2'><a class=\"ez-toc-link ez-toc-heading-2\" href=\"https:\/\/idecesos.com\/seguros\/companias\/helvetia\/dentistas\/#Ventajas_del_Seguro_Dental_con_Decesos\" >Ventajas del Seguro Dental con Decesos<\/a><\/li><li class='ez-toc-page-1 ez-toc-heading-level-2'><a class=\"ez-toc-link ez-toc-heading-3\" href=\"https:\/\/idecesos.com\/seguros\/companias\/helvetia\/dentistas\/#Dentista_y_Seguro_de_Decesos\" >Dentista y Seguro de Decesos<\/a><ul class='ez-toc-list-level-3' ><li class='ez-toc-heading-level-3'><a class=\"ez-toc-link ez-toc-heading-4\" href=\"https:\/\/idecesos.com\/seguros\/companias\/helvetia\/dentistas\/#Paginas_relacionadas\" >P\u00e1ginas relacionadas<\/a><\/li><\/ul><\/li><\/ul><\/nav><\/div>\n\n<p>Helvetia se ha encargado, a lo largo de los a\u00f1os, de contar con un seguro llamado <strong>Salud Mental, muy completo y con una amplia gama de servicios y productos gratuitos.<\/strong> De esta manera, el cliente podr\u00e1 obtener, disfrutar y cuidar de su salud buco-dental. Cabe destacar que, siempre que lo desee, habr\u00e1 un profesional de la aseguradora dispuesto a ayudarle en todo lo que necesite y, tratar, de manera eficiente, los problemas odontol\u00f3gicos que tenga y, su prevenci\u00f3n.<\/p>\n<h2><span class=\"ez-toc-section\" id=\"Servicios_y_Tratamientos_Dentales\"><\/span><strong>Servicios y Tratamientos \u00a0Dentales<\/strong><span class=\"ez-toc-section-end\"><\/span><\/h2>\n<p><strong>Helvetia cuenta con m\u00e1s de 60 tratamientos, sin costes adicionales<\/strong>, en su seguro dental. Conoce la importancia de tener h\u00e1bitos sanos y saludables, por lo que debemos de tener la <strong>responsabilidad de intentar evitar infecciones y enfermedades en la boca<\/strong> y, sobre todo, en nuestro organismo.<\/p>\n<p>Cuando acuda al dentista asignado, para empezar,<strong> le realizar\u00e1n un examen oral, un diagn\u00f3stico inicial y, un examen de urgencia.<\/strong> Tampoco le supondr\u00e1 ning\u00fan tipo de coste la consulta profesional y, sus respectivas revisiones.<\/p>\n<p>Para evitar futuras infecciones, la aseguradora ha creado un<strong> programa de prevenci\u00f3n odontol\u00f3gica<\/strong>. Si accede a \u00e9l, obtendr\u00e1 datos clave para poder <strong>realizar un buen cepillado e higiene oral,<\/strong> se realizar\u00e1 una<strong> limpieza dental al a\u00f1o<\/strong>, y otras m\u00e1s ventajas.<\/p>\n<p>Tambi\u00e9n, podr\u00e1 acceder a tratamientos como, por ejemplo, cirug\u00eda oral, ortodoncia, obturaciones, periodoncia, implantolog\u00eda, pr\u00f3tesis removible, radiolog\u00eda y, otros m\u00e1s.<\/p>\n<p><strong>Los menores de 15 a\u00f1os<\/strong>, que cuenten con el seguro dental Helvetia, <strong>disfrutar\u00e1n de servicios adicionales:\u00a0<\/strong>obturaci\u00f3n simple, protecci\u00f3n pulpar, corona pedi\u00e1trica, apicoformaci\u00f3n, y m\u00e1s.<\/p>\n<h2><span class=\"ez-toc-section\" id=\"Ventajas_del_Seguro_Dental_con_Decesos\"><\/span><strong>Ventajas del Seguro Dental con Decesos<\/strong><span class=\"ez-toc-section-end\"><\/span><\/h2>\n<p>Una de las ventajas m\u00e1s importantes y, que supone un plus de felicidad en la vida de las familias, es que <strong>puedes usar todos los servicios<\/strong>, mencionados anteriormente, <strong>desde el primer momento que contrate su seguro<\/strong>. Adem\u00e1s, <strong>no existe l\u00edmite de edad para su contrataci\u00f3n.\u00a0<\/strong><\/p>\n<p>Las personas aseguradas, comprendidas en un rango de edad entre<strong> 0 y 15 a\u00f1os,<\/strong> <strong>podr\u00e1n obtener varios descuentos en su seguro<\/strong>. Se ha creado, espec\u00edficamente, esta ventaja para ellos, debido al estr\u00e9s diario que tienen sus vidas: acudir a los centros educativos, clases particulares, actividades extraescolares, etc. Se crea un cuadro de ansiedad en ellos y, hace que consuman con mayor frecuencia alimentos azucarados o, tambi\u00e9n, puede producirle bruxismo (los dientes rechinan). Por lo tanto, es muy importante que acudan a revisiones m\u00e9dicas en su cl\u00ednica dental, de manera habitual y, prevenir futuras patolog\u00edas.<\/p>\n<p><strong>Cada cliente<\/strong>, sin importar su edad, <strong>podr\u00e1 disfrutar de un descuento del 40%<\/strong> en las ofertas que haya disponibles en sus servicios. Y, para hac\u00e9rselo a\u00fan m\u00e1s f\u00e1cil, podr\u00e1 realizar el pago en diferentes per\u00edodos.<\/p>\n<p>Para su consulta, <strong>si desea el contacto directo con los expertos y asesores de Helvetia<\/strong> y, as\u00ed, poder mantener una conversaci\u00f3n m\u00e1s cercana y fluida, <strong>puede hacerlo acudiendo al centro concertado m\u00e1s cercano.<\/strong> Una vez all\u00ed, el profesional asignado se encargar\u00e1 de explicarle cualquier dato que quiera saber sobre su seguro, como por ejemplo, la limitaci\u00f3n a causa de la preexistencia.<\/p>\n<p><strong>Cl\u00ednicas dentales asociadas <\/strong><\/p>\n<p>Dependiendo del seguro que tenga contratado, tendr\u00e1 acceso a un cuadro m\u00e9dico u otro y, de este modo, conocer\u00e1 el centro m\u00e9dico que le ha sido asignado y, sus especialistas.<\/p>\n<p>Helvetia, dispone de una p\u00e1gina web, en la que podr\u00e1 tener acceso, mediante un enlace directo, a su cuadro m\u00e9dico. Una vez haya accedido, encontrar\u00e1 un servicio llamado <strong>Orientaci\u00f3n Asistencia<\/strong>, en el que <strong>puede elegir a uno de los profesionales que se encuentren disponibles<\/strong>\u00a0y, concertar una cita con \u00e9l. De este modo, su d<strong>entista asignado se adecuar\u00e1 a sus necesidades.\u00a0<\/strong>No debe olvidar, presentar su DNI cada vez que realice una visita a su centro dental y, ser conocedor\/a de las fechas de pago.<\/p>\n<p>Son casi 2.000 cl\u00ednicas dentales disponibles, por lo que es importante que ponga su localidad, provincia y c\u00f3digo postal, el tipo de seguro que ha contratado, la especialidad y, el nombre de su m\u00e9dico o centro.<\/p>\n<h2><span class=\"ez-toc-section\" id=\"Dentista_y_Seguro_de_Decesos\"><\/span><strong>Dentista y Seguro de Decesos <\/strong><span class=\"ez-toc-section-end\"><\/span><\/h2>\n<p>Helvetia conoce muy bien lo importante que es la salud buco-dental de las personas, por lo que ha dotado a su seguro de decesos, de una <strong>amplia gama de servicios odontol\u00f3gicos, sin coste adicional<\/strong>. Algunas de las prestaciones que ofrece son:<\/p>\n<ul>\n<li>Revisi\u00f3n dental cada anual con diagn\u00f3stico cl\u00ednico y su presupuesto.<\/li>\n<li>Tratamiento de fluoraci\u00f3n.<\/li>\n<li>Pulido de amalgama.<\/li>\n<li>Periodoncia: de diagn\u00f3stico y, sondaje.<\/li>\n<li>Limpieza bucal anual.<\/li>\n<li>Retirada de puntos a causa de una sutura bucal.<\/li>\n<li>Radiograf\u00edas.<\/li>\n<li>Estudio implantol\u00f3gico.<\/li>\n<li>M\u00e9todos de estudios sobre su higiene bucal.<\/li>\n<\/ul>\n<p>Los profesionales le informar\u00e1n de las condiciones, particulares y generales, de su seguro, antes de la contrataci\u00f3n. De este modo, podr\u00e1 ser consciente de las ventajas, costes, servicios y, saber si se adapta, o no, a lo que buscaba.<\/p>\n<p>Adem\u00e1s,<strong> le explicar\u00e1n, con todo detalle, cu\u00e1ndo y c\u00f3mo deber\u00e1 efectuar los pagos, cu\u00e1ndo empiezan y acaban las coberturas, aspectos sobre sus obligaciones, etc<\/strong>. Y, <strong>quedar\u00e1 totalmente satisfecho\/a<\/strong> con todas y cada una de las condiciones y, por supuesto, con el trato ofrecido por parte de los trabajadores de Helvetia.<\/p>\n<h3><span class=\"ez-toc-section\" id=\"Paginas_relacionadas\"><\/span>P\u00e1ginas relacionadas<span class=\"ez-toc-section-end\"><\/span><\/h3><div class=\"enlazado\"><ul> <li><a href=\"https:\/\/idecesos.com\/seguros\/companias\/helvetia\/coberturas\/\">Coberturas Helvetia<\/a><\/li> <li><a href=\"https:\/\/idecesos.com\/seguros\/companias\/helvetia\/dentistas\/\">Dentistas Helvetia<\/a><\/li> <li><a href=\"https:\/\/idecesos.com\/seguros\/companias\/helvetia\/incineracion\/\">Incineraci\u00f3n Helvetia<\/a><\/li> <li><a href=\"https:\/\/idecesos.com\/seguros\/companias\/helvetia\/opiniones\/\">Opiniones Helvetia<\/a><\/li> <li><a href=\"https:\/\/idecesos.com\/seguros\/companias\/helvetia\/precio\/\">Precio seguro Helvetia<\/a><\/li> <li><a href=\"https:\/\/idecesos.com\/seguros\/companias\/helvetia\/prima-mixta\/\">Helvetia Prima Mixta<\/a><\/li> <li><a href=\"https:\/\/idecesos.com\/seguros\/companias\/helvetia\/prima-natural\/\">Helvetia Prima Natural<\/a><\/li> <li><a href=\"https:\/\/idecesos.com\/seguros\/companias\/helvetia\/prima-nivelada\/\">Helvetia Prima Nivelada<\/a><\/li> <li><a href=\"https:\/\/idecesos.com\/seguros\/companias\/helvetia\/prima-unica\/\">Helvetia Prima \u00danica<\/a><\/li> <li><a href=\"https:\/\/idecesos.com\/seguros\/companias\/helvetia\/repatriacion\/\">Helvetia Repatriaci\u00f3n<\/a><\/li> <li><a href=\"https:\/\/idecesos.com\/seguros\/companias\/helvetia\/santa-lucia\/\">DECESOS HELVETIA Vs SANTA LUCIA<\/a><\/li> <li><a href=\"https:\/\/idecesos.com\/seguros\/companias\/helvetia\/telefono\/\">Tel\u00e9fono Gratuito Helvetia<\/a><\/li><\/ul><\/div>\n<p>&nbsp;<\/p>\n","protected":false},"excerpt":{"rendered":"<p>Helvetia se ha encargado, a lo largo de los a\u00f1os, de contar con un seguro llamado Salud Mental, muy completo y con una amplia gama de servicios y productos gratuitos. De esta manera, el cliente podr\u00e1 obtener, disfrutar y cuidar de su salud buco-dental. Cabe destacar que, siempre que lo desee, habr\u00e1 un profesional de&hellip; <\/p>\n","protected":false},"author":2,"featured_media":0,"parent":652,"menu_order":0,"comment_status":"open","ping_status":"closed","template":"single.php","meta":{"footnotes":""},"class_list":["post-658","page","type-page","status-publish","hentry"],"yoast_head":"<!-- This site is optimized with the Yoast SEO plugin v27.5 - https:\/\/yoast.com\/product\/yoast-seo-wordpress\/ -->\n<title>SEGURO DECESOS HELVETIA DENTISTAS -<\/title>\n<meta name=\"robots\" content=\"index, follow, max-snippet:-1, max-image-preview:large, max-video-preview:-1\" \/>\n<link rel=\"canonical\" href=\"https:\/\/idecesos.com\/seguros\/companias\/helvetia\/dentistas\/\" \/>\n<meta property=\"og:locale\" content=\"es_ES\" \/>\n<meta property=\"og:type\" content=\"article\" \/>\n<meta property=\"og:title\" content=\"SEGURO DECESOS HELVETIA DENTISTAS -\" \/>\n<meta property=\"og:description\" content=\"Helvetia se ha encargado, a lo largo de los a\u00f1os, de contar con un seguro llamado Salud Mental, muy completo y con una amplia gama de servicios y productos gratuitos. De esta manera, el cliente podr\u00e1 obtener, disfrutar y cuidar de su salud buco-dental. Cabe destacar que, siempre que lo desee, habr\u00e1 un profesional de&hellip;\" \/>\n<meta property=\"og:url\" content=\"https:\/\/idecesos.com\/seguros\/companias\/helvetia\/dentistas\/\" \/>\n<meta property=\"article:modified_time\" content=\"2022-01-03T12:32:01+00:00\" \/>\n<meta name=\"twitter:card\" content=\"summary_large_image\" \/>\n<meta name=\"twitter:label1\" content=\"Tiempo de lectura\" \/>\n\t<meta name=\"twitter:data1\" content=\"4 minutos\" \/>\n<script type=\"application\/ld+json\" class=\"yoast-schema-graph\">{\"@context\":\"https:\\\/\\\/schema.org\",\"@graph\":[{\"@type\":\"WebPage\",\"@id\":\"https:\\\/\\\/idecesos.com\\\/seguros\\\/companias\\\/helvetia\\\/dentistas\\\/\",\"url\":\"https:\\\/\\\/idecesos.com\\\/seguros\\\/companias\\\/helvetia\\\/dentistas\\\/\",\"name\":\"SEGURO DECESOS HELVETIA DENTISTAS -\",\"isPartOf\":{\"@id\":\"https:\\\/\\\/idecesos.com\\\/seguros\\\/#website\"},\"datePublished\":\"2021-07-12T18:51:51+00:00\",\"dateModified\":\"2022-01-03T12:32:01+00:00\",\"breadcrumb\":{\"@id\":\"https:\\\/\\\/idecesos.com\\\/seguros\\\/companias\\\/helvetia\\\/dentistas\\\/#breadcrumb\"},\"inLanguage\":\"es\",\"potentialAction\":[{\"@type\":\"ReadAction\",\"target\":[\"https:\\\/\\\/idecesos.com\\\/seguros\\\/companias\\\/helvetia\\\/dentistas\\\/\"]}]},{\"@type\":\"BreadcrumbList\",\"@id\":\"https:\\\/\\\/idecesos.com\\\/seguros\\\/companias\\\/helvetia\\\/dentistas\\\/#breadcrumb\",\"itemListElement\":[{\"@type\":\"ListItem\",\"position\":1,\"name\":\"Portada\",\"item\":\"https:\\\/\\\/idecesos.com\\\/seguros\\\/\"},{\"@type\":\"ListItem\",\"position\":2,\"name\":\"Compa\u00f1\u00edas de Seguros de Decesos en Espa\u00f1a\",\"item\":\"https:\\\/\\\/idecesos.com\\\/seguros\\\/companias\\\/\"},{\"@type\":\"ListItem\",\"position\":3,\"name\":\"Seguro de Decesos Helvetia\",\"item\":\"https:\\\/\\\/idecesos.com\\\/seguros\\\/companias\\\/helvetia\\\/\"},{\"@type\":\"ListItem\",\"position\":4,\"name\":\"SEGURO DECESOS HELVETIA DENTISTAS\"}]},{\"@type\":\"WebSite\",\"@id\":\"https:\\\/\\\/idecesos.com\\\/seguros\\\/#website\",\"url\":\"https:\\\/\\\/idecesos.com\\\/seguros\\\/\",\"name\":\"\",\"description\":\"\",\"potentialAction\":[{\"@type\":\"SearchAction\",\"target\":{\"@type\":\"EntryPoint\",\"urlTemplate\":\"https:\\\/\\\/idecesos.com\\\/seguros\\\/?s={search_term_string}\"},\"query-input\":{\"@type\":\"PropertyValueSpecification\",\"valueRequired\":true,\"valueName\":\"search_term_string\"}}],\"inLanguage\":\"es\"}]}<\/script>\n<!-- \/ Yoast SEO plugin. -->","yoast_head_json":{"title":"SEGURO DECESOS HELVETIA DENTISTAS -","robots":{"index":"index","follow":"follow","max-snippet":"max-snippet:-1","max-image-preview":"max-image-preview:large","max-video-preview":"max-video-preview:-1"},"canonical":"https:\/\/idecesos.com\/seguros\/companias\/helvetia\/dentistas\/","og_locale":"es_ES","og_type":"article","og_title":"SEGURO DECESOS HELVETIA DENTISTAS -","og_description":"Helvetia se ha encargado, a lo largo de los a\u00f1os, de contar con un seguro llamado Salud Mental, muy completo y con una amplia gama de servicios y productos gratuitos. De esta manera, el cliente podr\u00e1 obtener, disfrutar y cuidar de su salud buco-dental. Cabe destacar que, siempre que lo desee, habr\u00e1 un profesional de&hellip;","og_url":"https:\/\/idecesos.com\/seguros\/companias\/helvetia\/dentistas\/","article_modified_time":"2022-01-03T12:32:01+00:00","twitter_card":"summary_large_image","twitter_misc":{"Tiempo de lectura":"4 minutos"},"schema":{"@context":"https:\/\/schema.org","@graph":[{"@type":"WebPage","@id":"https:\/\/idecesos.com\/seguros\/companias\/helvetia\/dentistas\/","url":"https:\/\/idecesos.com\/seguros\/companias\/helvetia\/dentistas\/","name":"SEGURO DECESOS HELVETIA DENTISTAS -","isPartOf":{"@id":"https:\/\/idecesos.com\/seguros\/#website"},"datePublished":"2021-07-12T18:51:51+00:00","dateModified":"2022-01-03T12:32:01+00:00","breadcrumb":{"@id":"https:\/\/idecesos.com\/seguros\/companias\/helvetia\/dentistas\/#breadcrumb"},"inLanguage":"es","potentialAction":[{"@type":"ReadAction","target":["https:\/\/idecesos.com\/seguros\/companias\/helvetia\/dentistas\/"]}]},{"@type":"BreadcrumbList","@id":"https:\/\/idecesos.com\/seguros\/companias\/helvetia\/dentistas\/#breadcrumb","itemListElement":[{"@type":"ListItem","position":1,"name":"Portada","item":"https:\/\/idecesos.com\/seguros\/"},{"@type":"ListItem","position":2,"name":"Compa\u00f1\u00edas de Seguros de Decesos en Espa\u00f1a","item":"https:\/\/idecesos.com\/seguros\/companias\/"},{"@type":"ListItem","position":3,"name":"Seguro de Decesos Helvetia","item":"https:\/\/idecesos.com\/seguros\/companias\/helvetia\/"},{"@type":"ListItem","position":4,"name":"SEGURO DECESOS HELVETIA DENTISTAS"}]},{"@type":"WebSite","@id":"https:\/\/idecesos.com\/seguros\/#website","url":"https:\/\/idecesos.com\/seguros\/","name":"","description":"","potentialAction":[{"@type":"SearchAction","target":{"@type":"EntryPoint","urlTemplate":"https:\/\/idecesos.com\/seguros\/?s={search_term_string}"},"query-input":{"@type":"PropertyValueSpecification","valueRequired":true,"valueName":"search_term_string"}}],"inLanguage":"es"}]}},"_links":{"self":[{"href":"https:\/\/idecesos.com\/seguros\/wp-json\/wp\/v2\/pages\/658","targetHints":{"allow":["GET"]}}],"collection":[{"href":"https:\/\/idecesos.com\/seguros\/wp-json\/wp\/v2\/pages"}],"about":[{"href":"https:\/\/idecesos.com\/seguros\/wp-json\/wp\/v2\/types\/page"}],"author":[{"embeddable":true,"href":"https:\/\/idecesos.com\/seguros\/wp-json\/wp\/v2\/users\/2"}],"replies":[{"embeddable":true,"href":"https:\/\/idecesos.com\/seguros\/wp-json\/wp\/v2\/comments?post=658"}],"version-history":[{"count":7,"href":"https:\/\/idecesos.com\/seguros\/wp-json\/wp\/v2\/pages\/658\/revisions"}],"predecessor-version":[{"id":18282,"href":"https:\/\/idecesos.com\/seguros\/wp-json\/wp\/v2\/pages\/658\/revisions\/18282"}],"up":[{"embeddable":true,"href":"https:\/\/idecesos.com\/seguros\/wp-json\/wp\/v2\/pages\/652"}],"wp:attachment":[{"href":"https:\/\/idecesos.com\/seguros\/wp-json\/wp\/v2\/media?parent=658"}],"curies":[{"name":"wp","href":"https:\/\/api.w.org\/{rel}","templated":true}]}}