{"id":666,"date":"2021-07-12T19:10:51","date_gmt":"2021-07-12T19:10:51","guid":{"rendered":"https:\/\/idecesos.com\/seguros\/?page_id=666"},"modified":"2022-03-29T10:13:44","modified_gmt":"2022-03-29T10:13:44","slug":"santa-lucia","status":"publish","type":"page","link":"https:\/\/idecesos.com\/seguros\/companias\/helvetia\/santa-lucia\/","title":{"rendered":"Decesos Helvetia VS Santa Lucia"},"content":{"rendered":"<div id=\"ez-toc-container\" class=\"ez-toc-v2_0_83 ez-toc-wrap-center counter-hierarchy ez-toc-counter ez-toc-custom ez-toc-container-direction\">\n<div class=\"ez-toc-title-container\">\n<p class=\"ez-toc-title\" style=\"cursor:inherit\">Tabla de Contenido<\/p>\n<span class=\"ez-toc-title-toggle\"><a href=\"#\" class=\"ez-toc-pull-right ez-toc-btn ez-toc-btn-xs ez-toc-btn-default ez-toc-toggle\" aria-label=\"Alternar tabla de contenidos\"><span class=\"ez-toc-js-icon-con\"><span class=\"\"><span class=\"eztoc-hide\" style=\"display:none;\">Toggle<\/span><span class=\"ez-toc-icon-toggle-span\"><svg style=\"fill: #db6415;color:#db6415\" xmlns=\"http:\/\/www.w3.org\/2000\/svg\" class=\"list-377408\" width=\"20px\" height=\"20px\" viewBox=\"0 0 24 24\" fill=\"none\"><path d=\"M6 6H4v2h2V6zm14 0H8v2h12V6zM4 11h2v2H4v-2zm16 0H8v2h12v-2zM4 16h2v2H4v-2zm16 0H8v2h12v-2z\" fill=\"currentColor\"><\/path><\/svg><svg style=\"fill: #db6415;color:#db6415\" class=\"arrow-unsorted-368013\" xmlns=\"http:\/\/www.w3.org\/2000\/svg\" width=\"10px\" height=\"10px\" viewBox=\"0 0 24 24\" version=\"1.2\" baseProfile=\"tiny\"><path d=\"M18.2 9.3l-6.2-6.3-6.2 6.3c-.2.2-.3.4-.3.7s.1.5.3.7c.2.2.4.3.7.3h11c.3 0 .5-.1.7-.3.2-.2.3-.5.3-.7s-.1-.5-.3-.7zM5.8 14.7l6.2 6.3 6.2-6.3c.2-.2.3-.5.3-.7s-.1-.5-.3-.7c-.2-.2-.4-.3-.7-.3h-11c-.3 0-.5.1-.7.3-.2.2-.3.5-.3.7s.1.5.3.7z\"\/><\/svg><\/span><\/span><\/span><\/a><\/span><\/div>\n<nav><ul class='ez-toc-list ez-toc-list-level-1 ' ><li class='ez-toc-page-1 ez-toc-heading-level-2'><a class=\"ez-toc-link ez-toc-heading-1\" href=\"https:\/\/idecesos.com\/seguros\/companias\/helvetia\/santa-lucia\/#Helvetia_y_Santa_Lucia\" >Helvetia y Santa\u00a0Luc\u00eda<\/a><\/li><li class='ez-toc-page-1 ez-toc-heading-level-2'><a class=\"ez-toc-link ez-toc-heading-2\" href=\"https:\/\/idecesos.com\/seguros\/companias\/helvetia\/santa-lucia\/#Sus_Seguros_de_Decesos\" >Sus Seguros de Decesos<\/a><\/li><li class='ez-toc-page-1 ez-toc-heading-level-2'><a class=\"ez-toc-link ez-toc-heading-3\" href=\"https:\/\/idecesos.com\/seguros\/companias\/helvetia\/santa-lucia\/#Opiniones_de_los_clientes\" >Opiniones de los clientes<\/a><\/li><\/ul><\/nav><\/div>\n<p><br \/>\nEn el siguiente art\u00edculo vas a encontrar una comparativa de los seguros de decesos Helvetia y los de Santa Lucia Seguros. Ambas compa\u00f1\u00edas son punteras en el sector y ofrecen buenos productos a los clientes. Aunque entre ellas <strong>existen algunas diferencias que vamos a mostrarte a continuaci\u00f3n.<\/strong><\/p>\n<p>No obstante, si quieres resolver en profundidad todas tus dudas, en <strong>Idecesos te ofrecemos un comparador inmediato que te mostrar\u00e1 todas las alternativas de diferentes compa\u00f1\u00edas.<\/strong> Tambi\u00e9n contamos con un servicio telef\u00f3nico en el que se gestionar\u00e1 personalmente tu situaci\u00f3n por un agente. Llama al\u00a0 <strong>951 127 403<\/strong> para obtener m\u00e1s informaci\u00f3n.<\/p>\n<h2><span class=\"ez-toc-section\" id=\"Helvetia_y_Santa_Lucia\"><\/span><strong>Helvetia y Santa\u00a0Luc\u00eda<\/strong><span class=\"ez-toc-section-end\"><\/span><\/h2>\n<p>Tanto Helvetia como Santa Lucia son compa\u00f1\u00edas contrastadas y solventes, expertos en seguros y con muchos a\u00f1os de experiencia a sus espaldas.<\/p>\n<p>Helvetia naci\u00f3 en Suiza, hace ya m\u00e1s de 160 a\u00f1os convirti\u00e9ndose en un reconocido nombre internacional, con presencia en multitud de pa\u00edses europeos. Actualmente presta servicio a algo m\u00e1s de 7 millones de clientes, una clara muestra de que <strong>nos encontramos ante una multinacional fiable, robusta y consolidada.<\/strong><\/p>\n<p>Santa Lucia, sin embargo, <strong>tiene su mercado en el \u00e1mbito nacional.<\/strong> Fundada en el a\u00f1o 1922 ha ido convirti\u00e9ndose en otro de los nombres propios cuando pensamos en aseguradoras. <strong>En la actualidad posee unas 400 agencias repartidas por toda Espa\u00f1a y presta servicio a gran cantidad de clientes.<\/strong> No solo ofrece seguros de decesos, tambi\u00e9n cuenta con seguros de Hogar, Salud, Vida, Accidentes, Mascotas o planes espec\u00edficos para empresas.<\/p>\n<h2><span class=\"ez-toc-section\" id=\"Sus_Seguros_de_Decesos\"><\/span><strong>Sus Seguros de Decesos<\/strong><span class=\"ez-toc-section-end\"><\/span><\/h2>\n<p>Si estas interesado en la contrataci\u00f3n de un seguro de decesos de cualquiera de estas dos compa\u00f1\u00edas, no olvides que <strong>en nuestra pagina web est\u00e1n los res\u00famenes detallados de cada una de ellas.<\/strong> Adem\u00e1s, puede utilizar nuestro comparador Idecesos para encontrar la opci\u00f3n que mas te pueda interesar.<\/p>\n<p>Al ser dos aseguradoras de renombre, est\u00e1 garantizado que con la contrataci\u00f3n de una de sus p\u00f3lizas vas a tener aseguradas las coberturas mas esenciales.<\/p>\n<p>En el caso de Santa Lucia, \u00a0nos presenta varias opciones a la hora de contratar un seguro de decesos. Su gama m\u00e1s b\u00e1sica se llama <strong>Asistencia Familiar Esencial<\/strong>\u00a0y como ya hemos dicho, tiene <strong>todo lo necesario para cumplir con las expectativas de un seguro de decesos.<\/strong> Obviamente esta garantizado el servicio f\u00fanebre, un servicio internacional por si el fallecimiento ocurre en otra parte del mundo y los servicios complementarios, como son las ayudas psicol\u00f3gicas y los asesoramientos jur\u00eddicos.<\/p>\n<p>Se puede estar tranquilo con las coberturas m\u00e1s b\u00e1sicas de seguros de decesos Santa Lucia, pero tambi\u00e9n se puede completar con las garant\u00edas que m\u00e1s te interesen. <strong>Con la Asistencia Familiar Plus e Iplus encontrar\u00e1s m\u00e1s ventajas en tu seguro de decesos<\/strong>, aunque tambi\u00e9n conllevar\u00e1 una subida de precio. \u00a0Estas tarifas ya no solo cubren el coste de todo lo que conlleva un fallecimiento. Tambi\u00e9n podr\u00e1s tener un servicio de asistencia a menores de 17 a\u00f1os, a mayores de 65 y an\u00e1lisis gen\u00e9ticos en caso de ser necesarios por el diagnostico de algunas enfermedades. <strong>En Idecesos tenemos todo un art\u00edculo explicando estas p\u00f3lizas en profundidad.<\/strong><\/p>\n<p>Opcionalmente puedes contratar una protecci\u00f3n jur\u00eddica completa, indemnizaciones por hospitalizaci\u00f3n o contar con una gran red de profesionales de la salud.<\/p>\n<p><strong>En Santa Lucia el limite establecido para contratar este seguro es de 65 a\u00f1os.<\/strong><\/p>\n<p>En Helvetia por su parte, te ofrecen su Plan de Asistencia Familiar y no es un simple seguro de decesos. <strong>La primera caracter\u00edstica rese\u00f1able y fuera de lo com\u00fan es que es contratable hasta los 80 a\u00f1os<\/strong>, siendo una de las pocas aseguradoras que te permiten trabajar con este producto mas all\u00e1 de los 70 a\u00f1os.<\/p>\n<p>Pero las ventajas del seguro de decesos de Helvetia no terminan ah\u00ed, en sus coberturas se incluyen la asistencia en viaje de manera internacional, asistencia legal, los gastos de la gestor\u00eda en el proceso a realizar en un fallecimiento y algunos servicios sanitarios. <strong>Y es que con el seguro de Decesos de Helvetia tendr\u00e1s una limpieza bucal incluida al a\u00f1o, asistencia medica telef\u00f3nica 24 horas y otras grandes ventajas sanitarias que Helvetia incluye en su Plan de Asistencia Familiar.<\/strong><\/p>\n<p>Adem\u00e1s de todo esto, la compa\u00f1\u00eda te ofrece sumar la repatriaci\u00f3n a espa\u00f1oles o extranjeros y la asistencia a tus mascotas. Unas coberturas que pueden darte una gran tranquilidad dejando todo bajo control. Como ya hemos dicho, el seguro de decesos de <strong>Helvetia no se limitaba a lo b\u00e1sico, y es que la compa\u00f1\u00eda suiza siempre trata de ir m\u00e1s all\u00e1.<\/strong><\/p>\n<p>Os recordamos que en la web de Idecesos podr\u00e9is encontrar los datos detallados de cada uno de los seguros. Adem\u00e1s os ofrecemos una r\u00e1pida comparaci\u00f3n entre estos y puedes ponerte en manos de nuestros profesionales.<\/p>\n<p>&nbsp;<\/p>\n<h2><span class=\"ez-toc-section\" id=\"Opiniones_de_los_clientes\"><\/span><strong>Opiniones de los clientes<\/strong><span class=\"ez-toc-section-end\"><\/span><\/h2>\n<p>Sobre el papel, toda la informaci\u00f3n que os hemos contado est\u00e1 realmente bien, pero a la hora de contratar un seguro de decesos tambi\u00e9n queremos saber como trabajan realmente. Es por eso, que <strong>en Idecesos contamos con opiniones reales de los clientes<\/strong>, verificando que han usado los seguros de los que hablamos.<\/p>\n<p>En general, ambos seguros hemos recibido <strong>unas criticas muy positivas<\/strong>, en las que se ensalza su compromiso y profesionalidad en los momentos donde las compa\u00f1\u00edas tienen que demostrarlo.<\/p>\n<p>Seg\u00fan la Organizaci\u00f3n de Consumidores y Usuarios, la OCU, ambas aseguradoras tienen un gran porcentaje de clientes fieles a la compa\u00f1\u00eda. Esto es se\u00f1al de que el trato que est\u00e1n recibiendo es satisfactorio para ellos.<\/p>\n<p><strong>Santa Lucia<\/strong> ha conseguido ha conseguido que en la gran mayor\u00eda de sus opiniones se valore su relaci\u00f3n calidad precio. Ofrece unas garant\u00edas de calidad y m\u00e1s importante, tambi\u00e9n<b> cumplen detalladamente lo prometido en su seguro de decesos.<\/b><\/p>\n<p>Por su parte <strong>Helvetia<\/strong>, se est\u00e1 posicionando como <strong>una de las favoritas de los clientes<\/strong>, sus valoraciones positivas han ido aumentado a lo largo de los \u00faltimos a\u00f1os. Valoran que en su seguro de decesos se incluyen otras coberturas muy agradecidas por los usuarios. <b>El <\/b><strong>respeto a la antig\u00fcedad de sus contratos<\/strong>\u00a0es otro de los factores m\u00e1s agradecidos por sus clientes. Helvetia es ahora mismo <strong>una de las opciones preferidas por los usuarios que aconsejamos.<\/strong><\/p>\n<p>Pero como siempre dejamos claro en Idecesos, <strong>cada cliente tiene unas circunstancias diferentes y personales.<\/strong> El seguro de decesos es algo que <strong>merece una atenci\u00f3n personalizada<\/strong> y para eso puedes usar nuestro comparador. Tambi\u00e9n tenemos que recordar que contamos con un gran equipo de profesionales. Nuestros agentes gestionar\u00e1n tu situaci\u00f3n de manera personalizada y <strong>los tendr\u00e1s a tu disposici\u00f3n llamando al 951 127 403.<\/strong><\/p>\n<p>[\/bloque] <div class=\"oficinas\"> <h3>P\u00e1ginas relacionadas<\/h3><div class=\"enlazado\"><ul> <li><a href=\"https:\/\/idecesos.com\/seguros\/companias\/helvetia\/coberturas\/\">Coberturas Helvetia<\/a><\/li> <li><a href=\"https:\/\/idecesos.com\/seguros\/companias\/helvetia\/dentistas\/\">Dentistas Helvetia<\/a><\/li> <li><a href=\"https:\/\/idecesos.com\/seguros\/companias\/helvetia\/incineracion\/\">Incineraci\u00f3n Helvetia<\/a><\/li> <li><a href=\"https:\/\/idecesos.com\/seguros\/companias\/helvetia\/opiniones\/\">Opiniones Helvetia<\/a><\/li> <li><a href=\"https:\/\/idecesos.com\/seguros\/companias\/helvetia\/precio\/\">Precio seguro Helvetia<\/a><\/li> <li><a href=\"https:\/\/idecesos.com\/seguros\/companias\/helvetia\/prima-mixta\/\">Helvetia Prima Mixta<\/a><\/li> <li><a href=\"https:\/\/idecesos.com\/seguros\/companias\/helvetia\/prima-natural\/\">Helvetia Prima Natural<\/a><\/li> <li><a href=\"https:\/\/idecesos.com\/seguros\/companias\/helvetia\/prima-nivelada\/\">Helvetia Prima Nivelada<\/a><\/li> <li><a href=\"https:\/\/idecesos.com\/seguros\/companias\/helvetia\/prima-unica\/\">Helvetia Prima \u00danica<\/a><\/li> <li><a href=\"https:\/\/idecesos.com\/seguros\/companias\/helvetia\/repatriacion\/\">Helvetia Repatriaci\u00f3n<\/a><\/li> <li><a href=\"https:\/\/idecesos.com\/seguros\/companias\/helvetia\/santa-lucia\/\">DECESOS HELVETIA Vs SANTA LUCIA<\/a><\/li> <li><a href=\"https:\/\/idecesos.com\/seguros\/companias\/helvetia\/telefono\/\">Tel\u00e9fono Gratuito Helvetia<\/a><\/li><\/ul><\/div> <\/div><\/p>\n","protected":false},"excerpt":{"rendered":"<p>En el siguiente art\u00edculo vas a encontrar una comparativa de los seguros de decesos Helvetia y los de Santa Lucia Seguros. Ambas compa\u00f1\u00edas son punteras en el sector y ofrecen buenos productos a los clientes. Aunque entre ellas existen algunas diferencias que vamos a mostrarte a continuaci\u00f3n. No obstante, si quieres resolver en profundidad todas&hellip; <\/p>\n","protected":false},"author":2,"featured_media":0,"parent":652,"menu_order":0,"comment_status":"open","ping_status":"closed","template":"single.php","meta":{"footnotes":""},"class_list":["post-666","page","type-page","status-publish","hentry"],"yoast_head":"<!-- This site is optimized with the Yoast SEO plugin v27.5 - https:\/\/yoast.com\/product\/yoast-seo-wordpress\/ -->\n<title>Decesos Helvetia VS Santa Lucia -<\/title>\n<meta name=\"robots\" content=\"index, follow, max-snippet:-1, max-image-preview:large, max-video-preview:-1\" \/>\n<link rel=\"canonical\" href=\"https:\/\/idecesos.com\/seguros\/companias\/helvetia\/santa-lucia\/\" \/>\n<meta property=\"og:locale\" content=\"es_ES\" \/>\n<meta property=\"og:type\" content=\"article\" \/>\n<meta property=\"og:title\" content=\"Decesos Helvetia VS Santa Lucia -\" \/>\n<meta property=\"og:description\" content=\"En el siguiente art\u00edculo vas a encontrar una comparativa de los seguros de decesos Helvetia y los de Santa Lucia Seguros. Ambas compa\u00f1\u00edas son punteras en el sector y ofrecen buenos productos a los clientes. Aunque entre ellas existen algunas diferencias que vamos a mostrarte a continuaci\u00f3n. No obstante, si quieres resolver en profundidad todas&hellip;\" \/>\n<meta property=\"og:url\" content=\"https:\/\/idecesos.com\/seguros\/companias\/helvetia\/santa-lucia\/\" \/>\n<meta property=\"article:modified_time\" content=\"2022-03-29T10:13:44+00:00\" \/>\n<meta name=\"twitter:card\" content=\"summary_large_image\" \/>\n<meta name=\"twitter:label1\" content=\"Tiempo de lectura\" \/>\n\t<meta name=\"twitter:data1\" content=\"5 minutos\" \/>\n<script type=\"application\/ld+json\" class=\"yoast-schema-graph\">{\"@context\":\"https:\\\/\\\/schema.org\",\"@graph\":[{\"@type\":\"WebPage\",\"@id\":\"https:\\\/\\\/idecesos.com\\\/seguros\\\/companias\\\/helvetia\\\/santa-lucia\\\/\",\"url\":\"https:\\\/\\\/idecesos.com\\\/seguros\\\/companias\\\/helvetia\\\/santa-lucia\\\/\",\"name\":\"Decesos Helvetia VS Santa Lucia -\",\"isPartOf\":{\"@id\":\"https:\\\/\\\/idecesos.com\\\/seguros\\\/#website\"},\"datePublished\":\"2021-07-12T19:10:51+00:00\",\"dateModified\":\"2022-03-29T10:13:44+00:00\",\"breadcrumb\":{\"@id\":\"https:\\\/\\\/idecesos.com\\\/seguros\\\/companias\\\/helvetia\\\/santa-lucia\\\/#breadcrumb\"},\"inLanguage\":\"es\",\"potentialAction\":[{\"@type\":\"ReadAction\",\"target\":[\"https:\\\/\\\/idecesos.com\\\/seguros\\\/companias\\\/helvetia\\\/santa-lucia\\\/\"]}]},{\"@type\":\"BreadcrumbList\",\"@id\":\"https:\\\/\\\/idecesos.com\\\/seguros\\\/companias\\\/helvetia\\\/santa-lucia\\\/#breadcrumb\",\"itemListElement\":[{\"@type\":\"ListItem\",\"position\":1,\"name\":\"Portada\",\"item\":\"https:\\\/\\\/idecesos.com\\\/seguros\\\/\"},{\"@type\":\"ListItem\",\"position\":2,\"name\":\"Compa\u00f1\u00edas de Seguros de Decesos en Espa\u00f1a\",\"item\":\"https:\\\/\\\/idecesos.com\\\/seguros\\\/companias\\\/\"},{\"@type\":\"ListItem\",\"position\":3,\"name\":\"Seguro de Decesos Helvetia\",\"item\":\"https:\\\/\\\/idecesos.com\\\/seguros\\\/companias\\\/helvetia\\\/\"},{\"@type\":\"ListItem\",\"position\":4,\"name\":\"Decesos Helvetia VS Santa Lucia\"}]},{\"@type\":\"WebSite\",\"@id\":\"https:\\\/\\\/idecesos.com\\\/seguros\\\/#website\",\"url\":\"https:\\\/\\\/idecesos.com\\\/seguros\\\/\",\"name\":\"\",\"description\":\"\",\"potentialAction\":[{\"@type\":\"SearchAction\",\"target\":{\"@type\":\"EntryPoint\",\"urlTemplate\":\"https:\\\/\\\/idecesos.com\\\/seguros\\\/?s={search_term_string}\"},\"query-input\":{\"@type\":\"PropertyValueSpecification\",\"valueRequired\":true,\"valueName\":\"search_term_string\"}}],\"inLanguage\":\"es\"}]}<\/script>\n<!-- \/ Yoast SEO plugin. -->","yoast_head_json":{"title":"Decesos Helvetia VS Santa Lucia -","robots":{"index":"index","follow":"follow","max-snippet":"max-snippet:-1","max-image-preview":"max-image-preview:large","max-video-preview":"max-video-preview:-1"},"canonical":"https:\/\/idecesos.com\/seguros\/companias\/helvetia\/santa-lucia\/","og_locale":"es_ES","og_type":"article","og_title":"Decesos Helvetia VS Santa Lucia -","og_description":"En el siguiente art\u00edculo vas a encontrar una comparativa de los seguros de decesos Helvetia y los de Santa Lucia Seguros. Ambas compa\u00f1\u00edas son punteras en el sector y ofrecen buenos productos a los clientes. Aunque entre ellas existen algunas diferencias que vamos a mostrarte a continuaci\u00f3n. No obstante, si quieres resolver en profundidad todas&hellip;","og_url":"https:\/\/idecesos.com\/seguros\/companias\/helvetia\/santa-lucia\/","article_modified_time":"2022-03-29T10:13:44+00:00","twitter_card":"summary_large_image","twitter_misc":{"Tiempo de lectura":"5 minutos"},"schema":{"@context":"https:\/\/schema.org","@graph":[{"@type":"WebPage","@id":"https:\/\/idecesos.com\/seguros\/companias\/helvetia\/santa-lucia\/","url":"https:\/\/idecesos.com\/seguros\/companias\/helvetia\/santa-lucia\/","name":"Decesos Helvetia VS Santa Lucia -","isPartOf":{"@id":"https:\/\/idecesos.com\/seguros\/#website"},"datePublished":"2021-07-12T19:10:51+00:00","dateModified":"2022-03-29T10:13:44+00:00","breadcrumb":{"@id":"https:\/\/idecesos.com\/seguros\/companias\/helvetia\/santa-lucia\/#breadcrumb"},"inLanguage":"es","potentialAction":[{"@type":"ReadAction","target":["https:\/\/idecesos.com\/seguros\/companias\/helvetia\/santa-lucia\/"]}]},{"@type":"BreadcrumbList","@id":"https:\/\/idecesos.com\/seguros\/companias\/helvetia\/santa-lucia\/#breadcrumb","itemListElement":[{"@type":"ListItem","position":1,"name":"Portada","item":"https:\/\/idecesos.com\/seguros\/"},{"@type":"ListItem","position":2,"name":"Compa\u00f1\u00edas de Seguros de Decesos en Espa\u00f1a","item":"https:\/\/idecesos.com\/seguros\/companias\/"},{"@type":"ListItem","position":3,"name":"Seguro de Decesos Helvetia","item":"https:\/\/idecesos.com\/seguros\/companias\/helvetia\/"},{"@type":"ListItem","position":4,"name":"Decesos Helvetia VS Santa Lucia"}]},{"@type":"WebSite","@id":"https:\/\/idecesos.com\/seguros\/#website","url":"https:\/\/idecesos.com\/seguros\/","name":"","description":"","potentialAction":[{"@type":"SearchAction","target":{"@type":"EntryPoint","urlTemplate":"https:\/\/idecesos.com\/seguros\/?s={search_term_string}"},"query-input":{"@type":"PropertyValueSpecification","valueRequired":true,"valueName":"search_term_string"}}],"inLanguage":"es"}]}},"_links":{"self":[{"href":"https:\/\/idecesos.com\/seguros\/wp-json\/wp\/v2\/pages\/666","targetHints":{"allow":["GET"]}}],"collection":[{"href":"https:\/\/idecesos.com\/seguros\/wp-json\/wp\/v2\/pages"}],"about":[{"href":"https:\/\/idecesos.com\/seguros\/wp-json\/wp\/v2\/types\/page"}],"author":[{"embeddable":true,"href":"https:\/\/idecesos.com\/seguros\/wp-json\/wp\/v2\/users\/2"}],"replies":[{"embeddable":true,"href":"https:\/\/idecesos.com\/seguros\/wp-json\/wp\/v2\/comments?post=666"}],"version-history":[{"count":5,"href":"https:\/\/idecesos.com\/seguros\/wp-json\/wp\/v2\/pages\/666\/revisions"}],"predecessor-version":[{"id":20885,"href":"https:\/\/idecesos.com\/seguros\/wp-json\/wp\/v2\/pages\/666\/revisions\/20885"}],"up":[{"embeddable":true,"href":"https:\/\/idecesos.com\/seguros\/wp-json\/wp\/v2\/pages\/652"}],"wp:attachment":[{"href":"https:\/\/idecesos.com\/seguros\/wp-json\/wp\/v2\/media?parent=666"}],"curies":[{"name":"wp","href":"https:\/\/api.w.org\/{rel}","templated":true}]}}