{"id":668,"date":"2021-11-26T09:12:17","date_gmt":"2021-07-12T19:16:04","guid":{"rendered":"https:\/\/idecesos.com\/seguros\/?page_id=668"},"modified":"2022-03-29T11:10:30","modified_gmt":"2022-03-29T11:10:30","slug":"telefono","status":"publish","type":"page","link":"https:\/\/idecesos.com\/seguros\/companias\/helvetia\/telefono\/","title":{"rendered":"Atenci\u00f3n al cliente Helvetia: telefono gratuito, e-mail"},"content":{"rendered":"<div id=\"ez-toc-container\" class=\"ez-toc-v2_0_82_2 ez-toc-wrap-center counter-hierarchy ez-toc-counter ez-toc-custom ez-toc-container-direction\">\n<div class=\"ez-toc-title-container\">\n<p class=\"ez-toc-title\" style=\"cursor:inherit\">Tabla de Contenido<\/p>\n<span class=\"ez-toc-title-toggle\"><a href=\"#\" class=\"ez-toc-pull-right ez-toc-btn ez-toc-btn-xs ez-toc-btn-default ez-toc-toggle\" aria-label=\"Alternar tabla de contenidos\"><span class=\"ez-toc-js-icon-con\"><span class=\"\"><span class=\"eztoc-hide\" style=\"display:none;\">Toggle<\/span><span class=\"ez-toc-icon-toggle-span\"><svg style=\"fill: #db6415;color:#db6415\" xmlns=\"http:\/\/www.w3.org\/2000\/svg\" class=\"list-377408\" width=\"20px\" height=\"20px\" viewBox=\"0 0 24 24\" fill=\"none\"><path d=\"M6 6H4v2h2V6zm14 0H8v2h12V6zM4 11h2v2H4v-2zm16 0H8v2h12v-2zM4 16h2v2H4v-2zm16 0H8v2h12v-2z\" fill=\"currentColor\"><\/path><\/svg><svg style=\"fill: #db6415;color:#db6415\" class=\"arrow-unsorted-368013\" xmlns=\"http:\/\/www.w3.org\/2000\/svg\" width=\"10px\" height=\"10px\" viewBox=\"0 0 24 24\" version=\"1.2\" baseProfile=\"tiny\"><path d=\"M18.2 9.3l-6.2-6.3-6.2 6.3c-.2.2-.3.4-.3.7s.1.5.3.7c.2.2.4.3.7.3h11c.3 0 .5-.1.7-.3.2-.2.3-.5.3-.7s-.1-.5-.3-.7zM5.8 14.7l6.2 6.3 6.2-6.3c.2-.2.3-.5.3-.7s-.1-.5-.3-.7c-.2-.2-.4-.3-.7-.3h-11c-.3 0-.5.1-.7.3-.2.2-.3.5-.3.7s.1.5.3.7z\"\/><\/svg><\/span><\/span><\/span><\/a><\/span><\/div>\n<nav><ul class='ez-toc-list ez-toc-list-level-1 ' ><ul class='ez-toc-list-level-4' ><li class='ez-toc-heading-level-4'><ul class='ez-toc-list-level-4' ><li class='ez-toc-heading-level-4'><a class=\"ez-toc-link ez-toc-heading-1\" href=\"https:\/\/idecesos.com\/seguros\/companias\/helvetia\/telefono\/#Telefono_Contrataciones_951_127_403\" >Tel\u00e9fono Contrataciones \n951 127 403<\/a><\/li><\/ul><\/li><\/ul><\/li><li class='ez-toc-page-1 ez-toc-heading-level-2'><a class=\"ez-toc-link ez-toc-heading-2\" href=\"https:\/\/idecesos.com\/seguros\/companias\/helvetia\/telefono\/#%C2%BFComo_contactar_con_Helvetia\" >\u00bfC\u00f3mo contactar con Helvetia?<\/a><ul class='ez-toc-list-level-3' ><li class='ez-toc-heading-level-3'><a class=\"ez-toc-link ez-toc-heading-3\" href=\"https:\/\/idecesos.com\/seguros\/companias\/helvetia\/telefono\/#Telefono_gratuito_de_Helvetia\" >Tel\u00e9fono gratuito de Helvetia<\/a><\/li><li class='ez-toc-page-1 ez-toc-heading-level-3'><a class=\"ez-toc-link ez-toc-heading-4\" href=\"https:\/\/idecesos.com\/seguros\/companias\/helvetia\/telefono\/#Horario_de_atencion_al_cliente_de_Helvetia\" >Horario de atenci\u00f3n al cliente de Helvetia<\/a><\/li><li class='ez-toc-page-1 ez-toc-heading-level-3'><a class=\"ez-toc-link ez-toc-heading-5\" href=\"https:\/\/idecesos.com\/seguros\/companias\/helvetia\/telefono\/#Correo_electronico_de_Helvetia\" >Correo electr\u00f3nico de Helvetia<\/a><\/li><li class='ez-toc-page-1 ez-toc-heading-level-3'><a class=\"ez-toc-link ez-toc-heading-6\" href=\"https:\/\/idecesos.com\/seguros\/companias\/helvetia\/telefono\/#Formulario_en_el_sitio_Web_de_Helvetia\" >Formulario en el sitio Web de Helvetia<\/a><\/li><li class='ez-toc-page-1 ez-toc-heading-level-3'><a class=\"ez-toc-link ez-toc-heading-7\" href=\"https:\/\/idecesos.com\/seguros\/companias\/helvetia\/telefono\/#Redes_sociales_de_Helvetia\" >Redes sociales de Helvetia<\/a><\/li><li class='ez-toc-page-1 ez-toc-heading-level-3'><a class=\"ez-toc-link ez-toc-heading-8\" href=\"https:\/\/idecesos.com\/seguros\/companias\/helvetia\/telefono\/#Paginas_relacionadas\" >P\u00e1ginas relacionadas<\/a><\/li><\/ul><\/li><\/ul><\/nav><\/div>\n\n<div class=\"caja\">\n<div class=\"cajaIcono2 \"  ><div class=\"cuadro\" style=\"box-shadow: inset 0 0 0 3px #ff790e\"><div class=\"iconoCircular\" style=\"border: 3px solid #ff790e\">\t\t\n\t\t\t\t\t<div class=\"iconoCirculo\">\n\t\t\t\t\t  <i class=\"fas fa-phone-volume\"><\/i>\n\t\t\t\t\t<\/div>\n\t\t\t\t<\/div><div class=\"\"><\/p>\n<h4 style=\"text-align: center;\"><span class=\"ez-toc-section\" id=\"Telefono_Contrataciones_951_127_403\"><\/span><strong>Tel\u00e9fono Contrataciones<br \/>\n951 127 403<\/strong><span class=\"ez-toc-section-end\"><\/span><\/h4>\n<p><\/div><\/div><\/div>\n<p>Helvetia le ofrece una atenci\u00f3n al usuario directa y personalizada que le va a ayudar a resolver todas sus dudas sobre los seguros de decesos. Despu\u00e9s de seleccionar un m\u00e9todo. Un asesor experto en el tema le guiar\u00e1 para ayudarle en cuestiones relacionadas con su seguro de decesos. Gracias a su servicio adaptado le ayudar\u00e1 en cuestiones como el servicio de tanatorio, corona, ata\u00fad, atenci\u00f3n psicol\u00f3gica&#8230; y muchas otras coberturas. Siempre y en todo momento se tendr\u00e1 presente la situaci\u00f3n por la que pasa la familia en el momento de p\u00e9rdida del ser querido, por ende, la compa\u00f1\u00eda se ocupar\u00e1 de que todos y cada uno de los tr\u00e1mites est\u00e9n en perfectas condiciones y cerrados.<\/p>\n<\/div>\n<div class=\"colorf \"  ><div class=\"container clearfix\"><div class=\"col-md-7\"><\/p>\n<h2><span class=\"ez-toc-section\" id=\"%C2%BFComo_contactar_con_Helvetia\"><\/span>\u00bfC\u00f3mo contactar con Helvetia?<span class=\"ez-toc-section-end\"><\/span><\/h2>\n<p>Puede ponerse en contacto de manera gratuita con Helvetia mediante un tel\u00e9fono de contacto, que le atender\u00e1 en el horario libre de atenci\u00f3n al usuario, correo electr\u00f3nico, formulario en p\u00e1gina y redes sociales.<br \/>\n<\/div><\/div><\/div>\n<h3><span class=\"ez-toc-section\" id=\"Telefono_gratuito_de_Helvetia\"><\/span>Tel\u00e9fono gratuito de Helvetia<span class=\"ez-toc-section-end\"><\/span><\/h3>\n<p>Este es el tel\u00e9fono de contacto <strong>913 343 168<\/strong>. Helvetia no deseas que pierdas tu tiempo y te facilita esta alternativa a fin de que puedas contactar con ellos de forma r\u00e1pida y f\u00e1cil. Ellos ser\u00e1n los encargados de resolverte cualquier duda o bien cuesti\u00f3n por medio de esta v\u00eda. Es esencial que sepas que la llamada a Helvetia es completamente gratis por lo que los minutos que est\u00e9s hablando con ellos no repercutir\u00e1n en tu tarifa. En todo momento, le atender\u00e1 un asesor y experto en seguros de decesos a fin de que de esta forma pueda quedar satisfecho tras acabar la llamada.<br \/>\n<div class=\"colorf\"><div class=\"container clearfix\"><div class=\"col-md-7\"><\/p>\n<div class=\"cabecera_tabla_ajustada \"  style=\"width:80%\" ><div class=\"row\"><\/div>\n<p><div class=\"fila_tabla4 \"  ><div class=\"row\"><div class=\"col-8 nosepara izq\"><p><strong>Tel\u00e9fono para contrataciones<\/strong><\/p><\/div><div class=\"col-4 nosepara centro\">951 127 403<\/div><\/div><\/div><div class=\"fila_tabla4 \"  ><div class=\"row\"><div class=\"col-8 nosepara izq\"><p><strong>Tel\u00e9fono Decesos<\/strong><\/p><\/div><div class=\"col-4 nosepara centro\">913 939 057<\/div><\/div><\/div><\/p>\n<div class=\"pie_tabla \"  ><div class=\"row\"><div class=\"col-12 \"><\/div><\/div><\/div><\/div>\n<\/div><\/div><\/div>\n<h3><span class=\"ez-toc-section\" id=\"Horario_de_atencion_al_cliente_de_Helvetia\"><\/span>Horario de atenci\u00f3n al cliente de Helvetia<span class=\"ez-toc-section-end\"><\/span><\/h3>\n<p>Debido a el desconocimiento sobre el tiempo libre que dispone cada persona, Helvetia ofrece un horario espec\u00edfico y flexible a fin de que el usuario pueda contactar en diferentes horas a lo largo del d\u00eda, tanto de ma\u00f1ana como de tarde. Se le atender\u00e1 con la mayor sabidur\u00eda, confianza y experiencia posible para que el usuario quede satisfecho. El contacto con la empresa es m\u00e1s directo utilizando este m\u00e9todo. El especialista le responder\u00e1 a cada una de las preguntas que le vayan surgiendo en exactamente el mismo instante, adem\u00e1s de las que ten\u00eda preparadas. El horario libre es: <strong>horario Helvetia<\/strong><br \/>\n<div class=\"colorf\"><div class=\"container clearfix\"><div class=\"col-md-7\"><\/p>\n<h3><span class=\"ez-toc-section\" id=\"Correo_electronico_de_Helvetia\"><\/span>Correo electr\u00f3nico de Helvetia<span class=\"ez-toc-section-end\"><\/span><\/h3>\n<p>Es cierto que Internet est\u00e1 a la orden del d\u00eda y, es ah\u00ed donde se hallan las plataformas de mensajer\u00eda veloz como Hotmail y Gmail. Es por esta raz\u00f3n que Helvetia tiene a su disposici\u00f3n un e-mail<strong> info@helvetia.es<\/strong>, que servir\u00e1 de conexi\u00f3n entre el usuario y uno de los profesionales, que va a estar a su total disposici\u00f3n en todo instante. Cada profesional le responder\u00e1 velozmente, reflejando la experiencia que poseen y el respeto cara el tema que quiera tratar en torno a sus seguro de decesos.<br \/>\n<\/div><\/div><\/div><\/p>\n<h3><span class=\"ez-toc-section\" id=\"Formulario_en_el_sitio_Web_de_Helvetia\"><\/span>Formulario en el sitio Web de Helvetia<span class=\"ez-toc-section-end\"><\/span><\/h3>\n<p>La plataforma m\u00e1s codiciada, hoy, son los buscadores de Internet y la poblaci\u00f3n tiene simple acceso a ellos. Con solo teclear una palabra, el usuario va a poder entrar en un mundo lleno de contestaciones. Helvetia dispone de su propia web, en la que podr\u00e1s encontrar todo g\u00e9nero de informaci\u00f3n gratis sobre su seguro de decesos: recomendaciones, servicios, ventajas, costes, etc\u00e9teraDe este modo, va a recoger amplias notas para un asesoramiento de cara al futuro. La informaci\u00f3n libre que encontrar\u00e1 es general, en dependencia de sus necesidades o bien peculiaridades, se le ajustar\u00e1 a su medida las mejores garant\u00edas. <strong>www.helvetia.es\/<\/strong> corresponde a el sitio web de Helvetia.<br \/>\n<div class=\"colorf\"><div class=\"container clearfix\"><div class=\"col-md-7\"><\/p>\n<h3><span class=\"ez-toc-section\" id=\"Redes_sociales_de_Helvetia\"><\/span>Redes sociales de Helvetia<span class=\"ez-toc-section-end\"><\/span><\/h3>\n<p>Actualmente, las redes sociales como Twitter, Fb, Instagram\u2026 tienen gran relevancia para la mayor parte de la poblaci\u00f3n y es, una de las herramientas con m\u00e1s difusi\u00f3n y alcance del planeta. Es muy normal que cada persona est\u00e9 registrado en alguna de estas apps si no es en las 4. Helvetia tiene su perfil en alguna de estas redes sociales. Helvetia comparte en sus redes sociales ofertas, im\u00e1genes, v\u00eddeos, enlaces y considerablemente m\u00e1s a sus clientes del servicio que pueden gozar de ello con gran facilidad. Gracias a sus perfiles, puedes contactar con ellos mediante su cuenta. Una enorme facilidad que hace que te olvides de mails o bien tel\u00e9fonos.<\/p>\n<\/div><\/div><\/div>\n<\/div>\n<p><div class=\"oficinas\"> <h3><span class=\"ez-toc-section\" id=\"Paginas_relacionadas\"><\/span>P\u00e1ginas relacionadas<span class=\"ez-toc-section-end\"><\/span><\/h3><div class=\"enlazado\"><ul> <li><a href=\"https:\/\/idecesos.com\/seguros\/companias\/helvetia\/coberturas\/\">Coberturas Helvetia<\/a><\/li> <li><a href=\"https:\/\/idecesos.com\/seguros\/companias\/helvetia\/dentistas\/\">Dentistas Helvetia<\/a><\/li> <li><a href=\"https:\/\/idecesos.com\/seguros\/companias\/helvetia\/incineracion\/\">Incineraci\u00f3n Helvetia<\/a><\/li> <li><a href=\"https:\/\/idecesos.com\/seguros\/companias\/helvetia\/opiniones\/\">Opiniones Helvetia<\/a><\/li> <li><a href=\"https:\/\/idecesos.com\/seguros\/companias\/helvetia\/precio\/\">Precio seguro Helvetia<\/a><\/li> <li><a href=\"https:\/\/idecesos.com\/seguros\/companias\/helvetia\/prima-mixta\/\">Helvetia Prima Mixta<\/a><\/li> <li><a href=\"https:\/\/idecesos.com\/seguros\/companias\/helvetia\/prima-natural\/\">Helvetia Prima Natural<\/a><\/li> <li><a href=\"https:\/\/idecesos.com\/seguros\/companias\/helvetia\/prima-nivelada\/\">Helvetia Prima Nivelada<\/a><\/li> <li><a href=\"https:\/\/idecesos.com\/seguros\/companias\/helvetia\/prima-unica\/\">Helvetia Prima \u00danica<\/a><\/li> <li><a href=\"https:\/\/idecesos.com\/seguros\/companias\/helvetia\/repatriacion\/\">Helvetia Repatriaci\u00f3n<\/a><\/li> <li><a href=\"https:\/\/idecesos.com\/seguros\/companias\/helvetia\/santa-lucia\/\">DECESOS HELVETIA Vs SANTA LUCIA<\/a><\/li> <li><a href=\"https:\/\/idecesos.com\/seguros\/companias\/helvetia\/telefono\/\">Tel\u00e9fono Gratuito Helvetia<\/a><\/li><\/ul><\/div> <\/div><\/p>\n","protected":false},"excerpt":{"rendered":"<p>Helvetia le ofrece una atenci\u00f3n al usuario directa y personalizada que le va a ayudar a resolver todas sus dudas sobre los seguros de decesos. Despu\u00e9s de seleccionar un m\u00e9todo. Un asesor experto en el tema le guiar\u00e1 para ayudarle en cuestiones relacionadas con su seguro de decesos. Gracias a su servicio adaptado le ayudar\u00e1&hellip; <\/p>\n","protected":false},"author":1,"featured_media":0,"parent":652,"menu_order":0,"comment_status":"closed","ping_status":"closed","template":"single.php","meta":{"footnotes":""},"class_list":["post-668","page","type-page","status-publish","hentry"],"yoast_head":"<!-- This site is optimized with the Yoast SEO plugin v27.2 - https:\/\/yoast.com\/product\/yoast-seo-wordpress\/ -->\n<title>Tel\u00e9fono Gratuito Helvetia \u25b7Atenci\u00f3n Cliente, Email, RRSS, Web<\/title>\n<meta name=\"description\" content=\"Busca aqu\u00ed\u3010Helvetia seguros tel\u00e9fono gratuito\u3011Helvetia Decesos tel\u00e9fono gratis: atenci\u00f3n al cliente y contrataciones \u2611\ufe0fVerificado en 2026\" \/>\n<meta name=\"robots\" content=\"index, follow, max-snippet:-1, max-image-preview:large, max-video-preview:-1\" \/>\n<link rel=\"canonical\" href=\"https:\/\/idecesos.com\/seguros\/companias\/helvetia\/telefono\/\" \/>\n<meta property=\"og:locale\" content=\"es_ES\" \/>\n<meta property=\"og:type\" content=\"article\" \/>\n<meta property=\"og:title\" content=\"Tel\u00e9fono Gratuito Helvetia \u25b7Atenci\u00f3n Cliente, Email, RRSS, Web\" \/>\n<meta property=\"og:description\" content=\"Busca aqu\u00ed\u3010Helvetia seguros tel\u00e9fono gratuito\u3011Helvetia Decesos tel\u00e9fono gratis: atenci\u00f3n al cliente y contrataciones \u2611\ufe0fVerificado en 2026\" \/>\n<meta property=\"og:url\" content=\"https:\/\/idecesos.com\/seguros\/companias\/helvetia\/telefono\/\" \/>\n<meta property=\"article:modified_time\" content=\"2022-03-29T11:10:30+00:00\" \/>\n<meta name=\"twitter:card\" content=\"summary_large_image\" \/>\n<meta name=\"twitter:label1\" content=\"Tiempo de lectura\" \/>\n\t<meta name=\"twitter:data1\" content=\"4 minutos\" \/>\n<script type=\"application\/ld+json\" class=\"yoast-schema-graph\">{\"@context\":\"https:\/\/schema.org\",\"@graph\":[{\"@type\":\"WebPage\",\"@id\":\"https:\/\/idecesos.com\/seguros\/companias\/helvetia\/telefono\/\",\"url\":\"https:\/\/idecesos.com\/seguros\/companias\/helvetia\/telefono\/\",\"name\":\"Tel\u00e9fono Gratuito Helvetia \u25b7Atenci\u00f3n Cliente, Email, RRSS, Web\",\"isPartOf\":{\"@id\":\"https:\/\/idecesos.com\/seguros\/#website\"},\"datePublished\":\"2021-07-12T19:16:04+00:00\",\"dateModified\":\"2022-03-29T11:10:30+00:00\",\"description\":\"Busca aqu\u00ed\u3010Helvetia seguros tel\u00e9fono gratuito\u3011Helvetia Decesos tel\u00e9fono gratis: atenci\u00f3n al cliente y contrataciones \u2611\ufe0fVerificado en 2026\",\"breadcrumb\":{\"@id\":\"https:\/\/idecesos.com\/seguros\/companias\/helvetia\/telefono\/#breadcrumb\"},\"inLanguage\":\"es\",\"potentialAction\":[{\"@type\":\"ReadAction\",\"target\":[\"https:\/\/idecesos.com\/seguros\/companias\/helvetia\/telefono\/\"]}]},{\"@type\":\"BreadcrumbList\",\"@id\":\"https:\/\/idecesos.com\/seguros\/companias\/helvetia\/telefono\/#breadcrumb\",\"itemListElement\":[{\"@type\":\"ListItem\",\"position\":1,\"name\":\"Portada\",\"item\":\"https:\/\/idecesos.com\/seguros\/\"},{\"@type\":\"ListItem\",\"position\":2,\"name\":\"Compa\u00f1\u00edas de Seguros de Decesos en Espa\u00f1a\",\"item\":\"https:\/\/idecesos.com\/seguros\/companias\/\"},{\"@type\":\"ListItem\",\"position\":3,\"name\":\"Seguro de Decesos Helvetia\",\"item\":\"https:\/\/idecesos.com\/seguros\/companias\/helvetia\/\"},{\"@type\":\"ListItem\",\"position\":4,\"name\":\"Atenci\u00f3n al cliente Helvetia: telefono gratuito, e-mail\"}]},{\"@type\":\"WebSite\",\"@id\":\"https:\/\/idecesos.com\/seguros\/#website\",\"url\":\"https:\/\/idecesos.com\/seguros\/\",\"name\":\"\",\"description\":\"\",\"potentialAction\":[{\"@type\":\"SearchAction\",\"target\":{\"@type\":\"EntryPoint\",\"urlTemplate\":\"https:\/\/idecesos.com\/seguros\/?s={search_term_string}\"},\"query-input\":{\"@type\":\"PropertyValueSpecification\",\"valueRequired\":true,\"valueName\":\"search_term_string\"}}],\"inLanguage\":\"es\"}]}<\/script>\n<!-- \/ Yoast SEO plugin. -->","yoast_head_json":{"title":"Tel\u00e9fono Gratuito Helvetia \u25b7Atenci\u00f3n Cliente, Email, RRSS, Web","description":"Busca aqu\u00ed\u3010Helvetia seguros tel\u00e9fono gratuito\u3011Helvetia Decesos tel\u00e9fono gratis: atenci\u00f3n al cliente y contrataciones \u2611\ufe0fVerificado en 2026","robots":{"index":"index","follow":"follow","max-snippet":"max-snippet:-1","max-image-preview":"max-image-preview:large","max-video-preview":"max-video-preview:-1"},"canonical":"https:\/\/idecesos.com\/seguros\/companias\/helvetia\/telefono\/","og_locale":"es_ES","og_type":"article","og_title":"Tel\u00e9fono Gratuito Helvetia \u25b7Atenci\u00f3n Cliente, Email, RRSS, Web","og_description":"Busca aqu\u00ed\u3010Helvetia seguros tel\u00e9fono gratuito\u3011Helvetia Decesos tel\u00e9fono gratis: atenci\u00f3n al cliente y contrataciones \u2611\ufe0fVerificado en 2026","og_url":"https:\/\/idecesos.com\/seguros\/companias\/helvetia\/telefono\/","article_modified_time":"2022-03-29T11:10:30+00:00","twitter_card":"summary_large_image","twitter_misc":{"Tiempo de lectura":"4 minutos"},"schema":{"@context":"https:\/\/schema.org","@graph":[{"@type":"WebPage","@id":"https:\/\/idecesos.com\/seguros\/companias\/helvetia\/telefono\/","url":"https:\/\/idecesos.com\/seguros\/companias\/helvetia\/telefono\/","name":"Tel\u00e9fono Gratuito Helvetia \u25b7Atenci\u00f3n Cliente, Email, RRSS, Web","isPartOf":{"@id":"https:\/\/idecesos.com\/seguros\/#website"},"datePublished":"2021-07-12T19:16:04+00:00","dateModified":"2022-03-29T11:10:30+00:00","description":"Busca aqu\u00ed\u3010Helvetia seguros tel\u00e9fono gratuito\u3011Helvetia Decesos tel\u00e9fono gratis: atenci\u00f3n al cliente y contrataciones \u2611\ufe0fVerificado en 2026","breadcrumb":{"@id":"https:\/\/idecesos.com\/seguros\/companias\/helvetia\/telefono\/#breadcrumb"},"inLanguage":"es","potentialAction":[{"@type":"ReadAction","target":["https:\/\/idecesos.com\/seguros\/companias\/helvetia\/telefono\/"]}]},{"@type":"BreadcrumbList","@id":"https:\/\/idecesos.com\/seguros\/companias\/helvetia\/telefono\/#breadcrumb","itemListElement":[{"@type":"ListItem","position":1,"name":"Portada","item":"https:\/\/idecesos.com\/seguros\/"},{"@type":"ListItem","position":2,"name":"Compa\u00f1\u00edas de Seguros de Decesos en Espa\u00f1a","item":"https:\/\/idecesos.com\/seguros\/companias\/"},{"@type":"ListItem","position":3,"name":"Seguro de Decesos Helvetia","item":"https:\/\/idecesos.com\/seguros\/companias\/helvetia\/"},{"@type":"ListItem","position":4,"name":"Atenci\u00f3n al cliente Helvetia: telefono gratuito, e-mail"}]},{"@type":"WebSite","@id":"https:\/\/idecesos.com\/seguros\/#website","url":"https:\/\/idecesos.com\/seguros\/","name":"","description":"","potentialAction":[{"@type":"SearchAction","target":{"@type":"EntryPoint","urlTemplate":"https:\/\/idecesos.com\/seguros\/?s={search_term_string}"},"query-input":{"@type":"PropertyValueSpecification","valueRequired":true,"valueName":"search_term_string"}}],"inLanguage":"es"}]}},"_links":{"self":[{"href":"https:\/\/idecesos.com\/seguros\/wp-json\/wp\/v2\/pages\/668","targetHints":{"allow":["GET"]}}],"collection":[{"href":"https:\/\/idecesos.com\/seguros\/wp-json\/wp\/v2\/pages"}],"about":[{"href":"https:\/\/idecesos.com\/seguros\/wp-json\/wp\/v2\/types\/page"}],"author":[{"embeddable":true,"href":"https:\/\/idecesos.com\/seguros\/wp-json\/wp\/v2\/users\/1"}],"replies":[{"embeddable":true,"href":"https:\/\/idecesos.com\/seguros\/wp-json\/wp\/v2\/comments?post=668"}],"version-history":[{"count":23,"href":"https:\/\/idecesos.com\/seguros\/wp-json\/wp\/v2\/pages\/668\/revisions"}],"predecessor-version":[{"id":20892,"href":"https:\/\/idecesos.com\/seguros\/wp-json\/wp\/v2\/pages\/668\/revisions\/20892"}],"up":[{"embeddable":true,"href":"https:\/\/idecesos.com\/seguros\/wp-json\/wp\/v2\/pages\/652"}],"wp:attachment":[{"href":"https:\/\/idecesos.com\/seguros\/wp-json\/wp\/v2\/media?parent=668"}],"curies":[{"name":"wp","href":"https:\/\/api.w.org\/{rel}","templated":true}]}}