{"id":672,"date":"2021-07-13T07:32:36","date_gmt":"2021-07-13T07:32:36","guid":{"rendered":"https:\/\/idecesos.com\/seguros\/?page_id=672"},"modified":"2022-01-03T12:30:14","modified_gmt":"2022-01-03T12:30:14","slug":"familiar","status":"publish","type":"page","link":"https:\/\/idecesos.com\/seguros\/tipo\/familiar\/","title":{"rendered":"Seguro de Decesos Familiar"},"content":{"rendered":"<div id=\"ez-toc-container\" class=\"ez-toc-v2_0_83 ez-toc-wrap-center counter-hierarchy ez-toc-counter ez-toc-custom ez-toc-container-direction\">\n<div class=\"ez-toc-title-container\">\n<p class=\"ez-toc-title\" style=\"cursor:inherit\">Tabla de Contenido<\/p>\n<span class=\"ez-toc-title-toggle\"><a href=\"#\" class=\"ez-toc-pull-right ez-toc-btn ez-toc-btn-xs ez-toc-btn-default ez-toc-toggle\" aria-label=\"Alternar tabla de contenidos\"><span class=\"ez-toc-js-icon-con\"><span class=\"\"><span class=\"eztoc-hide\" style=\"display:none;\">Toggle<\/span><span class=\"ez-toc-icon-toggle-span\"><svg style=\"fill: #db6415;color:#db6415\" xmlns=\"http:\/\/www.w3.org\/2000\/svg\" class=\"list-377408\" width=\"20px\" height=\"20px\" viewBox=\"0 0 24 24\" fill=\"none\"><path d=\"M6 6H4v2h2V6zm14 0H8v2h12V6zM4 11h2v2H4v-2zm16 0H8v2h12v-2zM4 16h2v2H4v-2zm16 0H8v2h12v-2z\" fill=\"currentColor\"><\/path><\/svg><svg style=\"fill: #db6415;color:#db6415\" class=\"arrow-unsorted-368013\" xmlns=\"http:\/\/www.w3.org\/2000\/svg\" width=\"10px\" height=\"10px\" viewBox=\"0 0 24 24\" version=\"1.2\" baseProfile=\"tiny\"><path d=\"M18.2 9.3l-6.2-6.3-6.2 6.3c-.2.2-.3.4-.3.7s.1.5.3.7c.2.2.4.3.7.3h11c.3 0 .5-.1.7-.3.2-.2.3-.5.3-.7s-.1-.5-.3-.7zM5.8 14.7l6.2 6.3 6.2-6.3c.2-.2.3-.5.3-.7s-.1-.5-.3-.7c-.2-.2-.4-.3-.7-.3h-11c-.3 0-.5.1-.7.3-.2.2-.3.5-.3.7s.1.5.3.7z\"\/><\/svg><\/span><\/span><\/span><\/a><\/span><\/div>\n<nav><ul class='ez-toc-list ez-toc-list-level-1 ' ><li class='ez-toc-page-1 ez-toc-heading-level-2'><a class=\"ez-toc-link ez-toc-heading-1\" href=\"https:\/\/idecesos.com\/seguros\/tipo\/familiar\/#Coberturas_y_servicios_del_Seguro_de_Decesos_Familiar\" >Coberturas y servicios del Seguro de Decesos Familiar\u00a0<\/a><\/li><li class='ez-toc-page-1 ez-toc-heading-level-2'><a class=\"ez-toc-link ez-toc-heading-2\" href=\"https:\/\/idecesos.com\/seguros\/tipo\/familiar\/#Ventajas_de_contratar_un_Seguro_de_Decesos_Familiar\" >Ventajas de contratar un Seguro de Decesos Familiar\u00a0<\/a><\/li><li class='ez-toc-page-1 ez-toc-heading-level-2'><a class=\"ez-toc-link ez-toc-heading-3\" href=\"https:\/\/idecesos.com\/seguros\/tipo\/familiar\/#Precio_del_Seguro_de_Decesos_Familiar\" >Precio del Seguro de Decesos Familiar\u00a0<\/a><\/li><li class='ez-toc-page-1 ez-toc-heading-level-2'><a class=\"ez-toc-link ez-toc-heading-4\" href=\"https:\/\/idecesos.com\/seguros\/tipo\/familiar\/#Las_mejores_empresas_con_Seguro_de_Decesos_Familiar\" >Las mejores empresas con Seguro de Decesos Familiar<\/a><ul class='ez-toc-list-level-3' ><li class='ez-toc-heading-level-3'><a class=\"ez-toc-link ez-toc-heading-5\" href=\"https:\/\/idecesos.com\/seguros\/tipo\/familiar\/#Paginas_relacionadas\" >P\u00e1ginas relacionadas<\/a><\/li><\/ul><\/li><\/ul><\/nav><\/div>\n\r\n\r\n<p><strong>El Seguro de Decesos Familiar<\/strong> es muy importante en la vida de las familias, supone un plus de seguridad y tranquilidad para usted y sus seres queridos. <strong>Cubre todos los gastos provenientes de prestaciones f\u00fanebres<\/strong>, en el caso de que la persona asegurada, haya fallecido. E, <strong>incluye, unos recursos muy necesarios para que no tenga que preocuparse de tr\u00e1mites legales y administrativos<\/strong> en esos momentos tan duros.\u00a0<\/p>\r\n<div class=\"g\">\r\n<div data-hveid=\"CAwQAA\" data-ved=\"2ahUKEwjh7vmyvov1AhXawAIHHVyTC8QQFSgAegQIDBAA\">\r\n<h2 class=\"tF2Cxc\"><span class=\"ez-toc-section\" id=\"Coberturas_y_servicios_del_Seguro_de_Decesos_Familiar\"><\/span>Coberturas y servicios del Seguro de Decesos Familiar\u00a0<span class=\"ez-toc-section-end\"><\/span><\/h2>\r\n<p>A continuaci\u00f3n, le mostraremos algunas de las coberturas y servicios que suelen ofrecer la mayor\u00eda de las aseguradoras: servicios f\u00fanebres, asistencia en traslados y en viajes, accidentes familiares, orientaci\u00f3n psicol\u00f3gica, gesti\u00f3n del proceso sucesorio y de tr\u00e1mites, borrado de la vida digital del fallecido y, asesoramiento jur\u00eddico.\u00a0<\/p>\r\n<p><strong>El seguro, le garantizar\u00e1 un servicio f\u00fanebre amplio y completo.<\/strong> No tendr\u00e1 que especificar en el momento de la contrataci\u00f3n si desea entierro o incineraci\u00f3n, podr\u00e1 elegirlo m\u00e1s tarde. Incluye: arca f\u00fanebre, acondicionamiento del cuerpo del fallecido, coche de acompa\u00f1amiento, corona floral, tanatorio, l\u00e1pida, etc.\u00a0<\/p>\r\n<p><strong>La asistencia en traslados quedar\u00e1 totalmente cubierta.<\/strong> \u00a0Su seguro se encargar\u00e1 de trasladar el cuerpo al lugar elegido y, por supuesto, no le acarrear\u00e1 ning\u00fan tipo de coste adicional. Adem\u00e1s, este servicio no tiene una limitaci\u00f3n geogr\u00e1fica.<\/p>\r\n<p>Con respecto a la asistencia en viajes,<strong> no importa en qu\u00e9 lugar del mundo est\u00e9, se le llevar\u00e1 al hospital y se le atender\u00e1 de la mejor manera para su posible recuperaci\u00f3n.<\/strong> Las compa\u00f1\u00edas, garantizan los gastos m\u00e9dicos, el coste del env\u00edo de un m\u00e9dico especializado en el tema, medicamentos&#8230;<\/p>\r\n<p>Dependiendo de la aseguradora que se trate, <strong>pondr\u00e1 a su disposici\u00f3n un capital garantizado para todas las personas que aparezcan en el seguro<\/strong> y, as\u00ed, recibir\u00e1n la indemnizaci\u00f3n pertinente en caso de un accidente familiar.\u00a0<\/p>\r\n<p>Es de vital importancia que, despu\u00e9s del fallecimiento de un ser querido, dar un servicio de <strong>orientaci\u00f3n psicol\u00f3gica al familiar<\/strong> que lo necesite. De este modo, <strong>podr\u00e1 llevar el duelo de la mejor manera posible y, no estar\u00e1 solo\/a.\u00a0<\/strong><\/p>\r\n<p>En torno a la gesti\u00f3n del proceso funerario, debe estar todo, siempre, muy buen preparado: todos los documentos en regla y, el testamento bien terminado. <strong>Habr\u00e1 un experto disponible para asesorarle en la redacci\u00f3n y gesti\u00f3n de su testamento<\/strong>, ya que es uno de los aspectos m\u00e1s importantes. Tambi\u00e9n recibir\u00e1 una atenci\u00f3n personalizada y, ayudar\u00e1 a los familiares a recibir los certificados necesarios, como de nacimiento o defunci\u00f3n, por ejemplo.\u00a0<\/p>\r\n<p>La compa\u00f1\u00eda en la que haya confiado, gestionar\u00e1 tr\u00e1mites como la baja, altas del c\u00f3nyuge, copia del testamento final, declaraci\u00f3n de cada uno de los herederos, tramitaci\u00f3n de carta de pago y, de la pensi\u00f3n de orfandad y viudedad, etc.\u00a0<\/p>\r\n<p>Internet forma parte de la vida de las personas y, casi toda nuestra informaci\u00f3n est\u00e1 ah\u00ed. Por ello,<strong> la aseguradora borrar\u00e1 la vida digital del fallecido<\/strong>: datos personales, redes sociales, correo electr\u00f3nico y b\u00fasquedas en los diferentes buscadores de la plataforma.\u00a0<\/p>\r\n<p><strong>Es necesario que las familias sepan afrontar los problemas legales que surjan, por lo que existe un asesoramiento jur\u00eddico extrajudicial,<\/strong> v\u00eda telef\u00f3nica. Los profesionales le asesorar\u00e1n sobre las sucesiones, pensiones de orfandad, viudedad y defunci\u00f3n, becas de estudio, contratos de seguros y, obtenci\u00f3n de distintos certificados.<\/p>\r\n<p>Cabe destacar que, algunas compa\u00f1\u00edas, tienen un<strong> servicio de orientaci\u00f3n telef\u00f3nica<\/strong> veterinaria en la que <strong>podr\u00e1 hacer consultas sobre el estado de salud de su mascota o, cualquier aspecto que le inquiete sobre esta.\u00a0<\/strong><\/p>\r\n<\/div>\r\n<\/div>\r\n\r\n\r\n\r\n<h2><span class=\"ez-toc-section\" id=\"Ventajas_de_contratar_un_Seguro_de_Decesos_Familiar\"><\/span>Ventajas de contratar un Seguro de Decesos Familiar\u00a0<span class=\"ez-toc-section-end\"><\/span><\/h2>\r\n<p>Existen numerosas ventajas de contratar un Seguro de Decesos Familiar ya que, gracias a \u00e9l, tanto su familia como usted, podr\u00e1n gozar de una vida repleta de tranquilidad, confianza, seguridad y estabilidad.\u00a0<\/p>\r\n<p>Aunque hayan pasado a\u00f1os desde su contrato con la compa\u00f1\u00eda que elija, no influir\u00e1 en el precio. Al final de cada a\u00f1o, el importe de su seguro se ver\u00e1 afectado, solamente, por la evoluci\u00f3n de los costes de su servicio f\u00fanebre, que va de la mano con el incremento del IPC. En resumen, ser\u00e1 muy peque\u00f1a la variaci\u00f3n anual y no se tendr\u00e1 en cuenta el envejecimiento del cliente.\u00a0<\/p>\r\n<p>Adem\u00e1s, siempre tendr\u00e1s la posibilidad de solicitar un reembolso del 25% de los importes, teniendo en cuenta diferentes aspectos que, cada compa\u00f1\u00eda, exija.\u00a0<\/p>\r\n<p>Y, por \u00faltimo, su seguro ser\u00e1 justo y transparente. Durante el proceso de contrataci\u00f3n, los profesionales calcular\u00e1n el coste derivado del fallecimiento del asegurado y, dependiendo de la situaci\u00f3n, la compa\u00f1\u00eda devolver\u00e1 un porcentaje de excedente a sus beneficiaros o, asumir\u00e1n la diferencia si, el coste de la prestaci\u00f3n del servicio, supera su capital.\u00a0<\/p>\r\n<h2><span class=\"ez-toc-section\" id=\"Precio_del_Seguro_de_Decesos_Familiar\"><\/span>Precio del Seguro de Decesos Familiar\u00a0<span class=\"ez-toc-section-end\"><\/span><\/h2>\r\n<p>El precio, var\u00eda de las condiciones y pol\u00edticas de cada empresa, por lo tanto, es aconsejable que acceda a la p\u00e1gina web de las compa\u00f1\u00edas en las que est\u00e9 interesado\/a o, llame al respectivo n\u00famero de tel\u00e9fono.\u00a0<\/p>\r\n<p>Tambi\u00e9n, tendr\u00e1 la posibilidad de acudir a nosotros y, le ayudaremos y aconsejaremos para que encuentre el Seguro de Decesos Familiar que mejor se ajuste a sus necesidades.\u00a0<\/p>\r\n\r\n\r\n\r\n\r\n\r\n\r\n\r\n\r\n\r\n<h2><span class=\"ez-toc-section\" id=\"Las_mejores_empresas_con_Seguro_de_Decesos_Familiar\"><\/span>Las mejores empresas con Seguro de Decesos Familiar<span class=\"ez-toc-section-end\"><\/span><\/h2>\r\n\r\n\r\n\r\n<p>La gran mayor\u00eda de las compa\u00f1\u00edas de nuestro pa\u00eds, tienen un buen Seguro de Decesos Familiar pero, es cierto que, unas destacan sobre otras. A continuaci\u00f3n, le mencionaremos algunas de las compa\u00f1\u00edas m\u00e1s destacas y, en consecuencia, algunas de sus ventajas.\u00a0<\/p>\r\n<p>DKV, tiene unas coberturas que cubren todos los gastos del sepelio, apoyo psicol\u00f3gico a cada miembro de la familia que lo requiera, borrado de la huella digital, y otras muchas m\u00e1s.\u00a0<\/p>\r\n<p>AXA permite a los familiares de la persona fallecida, la opci\u00f3n posible de recuperar el dinero que no se haya gastado en el proceso de la defunci\u00f3n.\u00a0<\/p>\r\n<p>La compa\u00f1\u00eda Santaluc\u00eda tambi\u00e9n oferta un plan que incluye garant\u00edas de asistencia familiar, pensado para proteger a las familias. El seguro de decesos Asistencia Familiar Plus, ofrece completas garant\u00edas a sus clientes para cuidar de ellos en los momentos m\u00e1s dif\u00edciles, y para que no se lleve sorpresas relacionadas con elevados aumentos en el precio de su prima.<\/p>\r\n<p>Otras aseguradoras como Expertia Seguros o Helvetia tambi\u00e9n ofrecen a sus clientes una serie de garant\u00edas de asistencia familiar al contratar un seguro de decesos con ellos.<\/p>\r\n\r\n\r\n\r\n<p>Al fin y al cabo, cada compa\u00f1\u00eda le ofrecer\u00e1 una seria de ventajas pero, todas ellas, mirar\u00e1n por el bienestar de las familias y, estar\u00e1n dotadas de los mejores profesionales para ayudarles y apoyarles en todo lo que necesiten.\u00a0<\/p>\r\n\r\n\r\n\r\n\r\n\r\n\r\n\r\n\r\n\r\n<div class=\"oficinas\">\r\n<h3><span class=\"ez-toc-section\" id=\"Paginas_relacionadas\"><\/span>P\u00e1ginas relacionadas<span class=\"ez-toc-section-end\"><\/span><\/h3>\r\n<ul><li><a href=\"https:\/\/idecesos.com\/seguros\/tipo\/mayores\/\"><span>Seguro Decesos Para Mayores<\/span><\/a><\/li><li><a href=\"https:\/\/idecesos.com\/seguros\/tipo\/extranjeros-repatriacion\/\"><span>Seguro Decesos para Extranjeros y Repatriaci\u00f3n<\/span><\/a><\/li><li><a href=\"https:\/\/idecesos.com\/seguros\/tipo\/basico\/\"><span>Seguro de Decesos B\u00e1sico<\/span><\/a><\/li><li><a href=\"https:\/\/idecesos.com\/seguros\/tipo\/hogar\/\"><span>Seguro de Decesos Combinado con Seguro de Hogar<\/span><\/a><\/li><li><a href=\"https:\/\/idecesos.com\/seguros\/tipo\/sucesiones\/\"><span>Seguro de Decesos Impuesto de Sucesiones<\/span><\/a><\/li><li><a href=\"https:\/\/idecesos.com\/seguros\/tipo\/internacional\/\"><span>Seguro de Decesos Internacional<\/span><\/a><\/li><li><a href=\"https:\/\/idecesos.com\/seguros\/tipo\/judiciales\/\"><span>Seguro de Decesos Judiciales<\/span><\/a><\/li><li><a href=\"https:\/\/idecesos.com\/seguros\/tipo\/nicho\/\"><span>Seguro de Decesos Nicho<\/span><\/a><\/li><li><a href=\"https:\/\/idecesos.com\/seguros\/tipo\/mixta\/\"><span>Seguro de Decesos Prima Mixta<\/span><\/a><\/li><li><a href=\"https:\/\/idecesos.com\/seguros\/tipo\/natural\/\"><span>Seguro de Decesos Prima Natural<\/span><\/a><\/li><li><a href=\"https:\/\/idecesos.com\/seguros\/tipo\/nivelada\/\"><span>Seguro de Decesos Prima Nivelada<\/span><\/a><\/li><li><a href=\"https:\/\/idecesos.com\/seguros\/tipo\/constante\/\"><span>Seguro de Decesos Prima constante<\/span><\/a><\/li><li><a href=\"https:\/\/idecesos.com\/seguros\/tipo\/prima-unica\/\"><span>Seguro de Decesos Prima \u00danica<\/span><\/a><\/li><li><a href=\"https:\/\/idecesos.com\/seguros\/tipo\/todo-previsto\/\"><span>Seguro de Decesos Todo Previsto<\/span><\/a><\/li><li><a href=\"https:\/\/idecesos.com\/seguros\/tipo\/previsto\/\"><span>Seguro de Decesos Todo previsto<\/span><\/a><\/li><li><a href=\"https:\/\/idecesos.com\/seguros\/tipo\/vitalicio\/\"><span>Seguro de Decesos Vitalicio<\/span><\/a><\/li><li><a href=\"https:\/\/idecesos.com\/seguros\/tipo\/dental\/\"><span>Seguro de Decesos con Cobertura Dental<\/span><\/a><\/li><li><a href=\"https:\/\/idecesos.com\/seguros\/tipo\/enfermedad\/\"><span>Seguro de Decesos con Enfermedad Grave<\/span><\/a><\/li><li><a href=\"https:\/\/idecesos.com\/seguros\/tipo\/incineracion\/\"><span>Seguro de Decesos con Incineraci\u00f3n<\/span><\/a><\/li><li><a href=\"https:\/\/idecesos.com\/seguros\/tipo\/adultos\/\"><span>Seguro de Decesos para Adultos<\/span><\/a><\/li><li><a href=\"https:\/\/idecesos.com\/seguros\/tipo\/bebe\/\"><span>Seguro de Decesos para Beb\u00e9s<\/span><\/a><\/li><li><a href=\"https:\/\/idecesos.com\/seguros\/tipo\/accidentes\/\"><span>Seguro de Decesos y Accidentes<\/span><\/a><\/li><li><a href=\"https:\/\/idecesos.com\/seguros\/tipo\/medicos\/\"><span>Seguro de Decesos y M\u00e9dicos<\/span><\/a><\/li><li><a href=\"https:\/\/idecesos.com\/seguros\/tipo\/vida\/\"><span>Seguro de Decesos y Vida<\/span><\/a><\/li><li><a href=\"https:\/\/idecesos.com\/seguros\/tipo\/sepelio\/\"><span>Seguro de Sepelio<\/span><\/a><\/li><\/ul>\r\n<\/div>","protected":false},"excerpt":{"rendered":"<p>El Seguro de Decesos Familiar es muy importante en la vida de las familias, supone un plus de seguridad y tranquilidad para usted y sus seres queridos. Cubre todos los gastos provenientes de prestaciones f\u00fanebres, en el caso de que la persona asegurada, haya fallecido. E, incluye, unos recursos muy necesarios para que no tenga&hellip; <\/p>\n","protected":false},"author":2,"featured_media":0,"parent":586,"menu_order":0,"comment_status":"open","ping_status":"closed","template":"single.php","meta":{"footnotes":""},"class_list":["post-672","page","type-page","status-publish","hentry"],"yoast_head":"<!-- This site is optimized with the Yoast SEO plugin v27.5 - https:\/\/yoast.com\/product\/yoast-seo-wordpress\/ -->\n<title>Seguro Decesos y Asistencia Familiar \u25b7Mejores Coberturas y Precio 2026<\/title>\n<meta name=\"description\" content=\"Calcula aqu\u00ed el mejor\u3010seguro de decesos y asistencia familiar\u3011N\u00ba1: Coberturas, precios y limpieza bucal gratis \u2611\ufe0fOfertas exclusivas iDecesos\u00ae\" \/>\n<meta name=\"robots\" content=\"index, follow, max-snippet:-1, max-image-preview:large, max-video-preview:-1\" \/>\n<link rel=\"canonical\" href=\"https:\/\/idecesos.com\/seguros\/tipo\/familiar\/\" \/>\n<meta property=\"og:locale\" content=\"es_ES\" \/>\n<meta property=\"og:type\" content=\"article\" \/>\n<meta property=\"og:title\" content=\"Seguro Decesos y Asistencia Familiar \u25b7Mejores Coberturas y Precio 2026\" \/>\n<meta property=\"og:description\" content=\"Calcula aqu\u00ed el mejor\u3010seguro de decesos y asistencia familiar\u3011N\u00ba1: Coberturas, precios y limpieza bucal gratis \u2611\ufe0fOfertas exclusivas iDecesos\u00ae\" \/>\n<meta property=\"og:url\" content=\"https:\/\/idecesos.com\/seguros\/tipo\/familiar\/\" \/>\n<meta property=\"article:modified_time\" content=\"2022-01-03T12:30:14+00:00\" \/>\n<meta name=\"twitter:card\" content=\"summary_large_image\" \/>\n<meta name=\"twitter:label1\" content=\"Tiempo de lectura\" \/>\n\t<meta name=\"twitter:data1\" content=\"5 minutos\" \/>\n<script type=\"application\/ld+json\" class=\"yoast-schema-graph\">{\"@context\":\"https:\\\/\\\/schema.org\",\"@graph\":[{\"@type\":\"WebPage\",\"@id\":\"https:\\\/\\\/idecesos.com\\\/seguros\\\/tipo\\\/familiar\\\/\",\"url\":\"https:\\\/\\\/idecesos.com\\\/seguros\\\/tipo\\\/familiar\\\/\",\"name\":\"Seguro Decesos y Asistencia Familiar \u25b7Mejores Coberturas y Precio 2026\",\"isPartOf\":{\"@id\":\"https:\\\/\\\/idecesos.com\\\/seguros\\\/#website\"},\"datePublished\":\"2021-07-13T07:32:36+00:00\",\"dateModified\":\"2022-01-03T12:30:14+00:00\",\"description\":\"Calcula aqu\u00ed el mejor\u3010seguro de decesos y asistencia familiar\u3011N\u00ba1: Coberturas, precios y limpieza bucal gratis \u2611\ufe0fOfertas exclusivas iDecesos\u00ae\",\"breadcrumb\":{\"@id\":\"https:\\\/\\\/idecesos.com\\\/seguros\\\/tipo\\\/familiar\\\/#breadcrumb\"},\"inLanguage\":\"es\",\"potentialAction\":[{\"@type\":\"ReadAction\",\"target\":[\"https:\\\/\\\/idecesos.com\\\/seguros\\\/tipo\\\/familiar\\\/\"]}]},{\"@type\":\"BreadcrumbList\",\"@id\":\"https:\\\/\\\/idecesos.com\\\/seguros\\\/tipo\\\/familiar\\\/#breadcrumb\",\"itemListElement\":[{\"@type\":\"ListItem\",\"position\":1,\"name\":\"Portada\",\"item\":\"https:\\\/\\\/idecesos.com\\\/seguros\\\/\"},{\"@type\":\"ListItem\",\"position\":2,\"name\":\"Tipos de seguros de decesos\",\"item\":\"https:\\\/\\\/idecesos.com\\\/seguros\\\/tipo\\\/\"},{\"@type\":\"ListItem\",\"position\":3,\"name\":\"Seguro de Decesos Familiar\"}]},{\"@type\":\"WebSite\",\"@id\":\"https:\\\/\\\/idecesos.com\\\/seguros\\\/#website\",\"url\":\"https:\\\/\\\/idecesos.com\\\/seguros\\\/\",\"name\":\"\",\"description\":\"\",\"potentialAction\":[{\"@type\":\"SearchAction\",\"target\":{\"@type\":\"EntryPoint\",\"urlTemplate\":\"https:\\\/\\\/idecesos.com\\\/seguros\\\/?s={search_term_string}\"},\"query-input\":{\"@type\":\"PropertyValueSpecification\",\"valueRequired\":true,\"valueName\":\"search_term_string\"}}],\"inLanguage\":\"es\"}]}<\/script>\n<!-- \/ Yoast SEO plugin. -->","yoast_head_json":{"title":"Seguro Decesos y Asistencia Familiar \u25b7Mejores Coberturas y Precio 2026","description":"Calcula aqu\u00ed el mejor\u3010seguro de decesos y asistencia familiar\u3011N\u00ba1: Coberturas, precios y limpieza bucal gratis \u2611\ufe0fOfertas exclusivas iDecesos\u00ae","robots":{"index":"index","follow":"follow","max-snippet":"max-snippet:-1","max-image-preview":"max-image-preview:large","max-video-preview":"max-video-preview:-1"},"canonical":"https:\/\/idecesos.com\/seguros\/tipo\/familiar\/","og_locale":"es_ES","og_type":"article","og_title":"Seguro Decesos y Asistencia Familiar \u25b7Mejores Coberturas y Precio 2026","og_description":"Calcula aqu\u00ed el mejor\u3010seguro de decesos y asistencia familiar\u3011N\u00ba1: Coberturas, precios y limpieza bucal gratis \u2611\ufe0fOfertas exclusivas iDecesos\u00ae","og_url":"https:\/\/idecesos.com\/seguros\/tipo\/familiar\/","article_modified_time":"2022-01-03T12:30:14+00:00","twitter_card":"summary_large_image","twitter_misc":{"Tiempo de lectura":"5 minutos"},"schema":{"@context":"https:\/\/schema.org","@graph":[{"@type":"WebPage","@id":"https:\/\/idecesos.com\/seguros\/tipo\/familiar\/","url":"https:\/\/idecesos.com\/seguros\/tipo\/familiar\/","name":"Seguro Decesos y Asistencia Familiar \u25b7Mejores Coberturas y Precio 2026","isPartOf":{"@id":"https:\/\/idecesos.com\/seguros\/#website"},"datePublished":"2021-07-13T07:32:36+00:00","dateModified":"2022-01-03T12:30:14+00:00","description":"Calcula aqu\u00ed el mejor\u3010seguro de decesos y asistencia familiar\u3011N\u00ba1: Coberturas, precios y limpieza bucal gratis \u2611\ufe0fOfertas exclusivas iDecesos\u00ae","breadcrumb":{"@id":"https:\/\/idecesos.com\/seguros\/tipo\/familiar\/#breadcrumb"},"inLanguage":"es","potentialAction":[{"@type":"ReadAction","target":["https:\/\/idecesos.com\/seguros\/tipo\/familiar\/"]}]},{"@type":"BreadcrumbList","@id":"https:\/\/idecesos.com\/seguros\/tipo\/familiar\/#breadcrumb","itemListElement":[{"@type":"ListItem","position":1,"name":"Portada","item":"https:\/\/idecesos.com\/seguros\/"},{"@type":"ListItem","position":2,"name":"Tipos de seguros de decesos","item":"https:\/\/idecesos.com\/seguros\/tipo\/"},{"@type":"ListItem","position":3,"name":"Seguro de Decesos Familiar"}]},{"@type":"WebSite","@id":"https:\/\/idecesos.com\/seguros\/#website","url":"https:\/\/idecesos.com\/seguros\/","name":"","description":"","potentialAction":[{"@type":"SearchAction","target":{"@type":"EntryPoint","urlTemplate":"https:\/\/idecesos.com\/seguros\/?s={search_term_string}"},"query-input":{"@type":"PropertyValueSpecification","valueRequired":true,"valueName":"search_term_string"}}],"inLanguage":"es"}]}},"_links":{"self":[{"href":"https:\/\/idecesos.com\/seguros\/wp-json\/wp\/v2\/pages\/672","targetHints":{"allow":["GET"]}}],"collection":[{"href":"https:\/\/idecesos.com\/seguros\/wp-json\/wp\/v2\/pages"}],"about":[{"href":"https:\/\/idecesos.com\/seguros\/wp-json\/wp\/v2\/types\/page"}],"author":[{"embeddable":true,"href":"https:\/\/idecesos.com\/seguros\/wp-json\/wp\/v2\/users\/2"}],"replies":[{"embeddable":true,"href":"https:\/\/idecesos.com\/seguros\/wp-json\/wp\/v2\/comments?post=672"}],"version-history":[{"count":8,"href":"https:\/\/idecesos.com\/seguros\/wp-json\/wp\/v2\/pages\/672\/revisions"}],"predecessor-version":[{"id":18284,"href":"https:\/\/idecesos.com\/seguros\/wp-json\/wp\/v2\/pages\/672\/revisions\/18284"}],"up":[{"embeddable":true,"href":"https:\/\/idecesos.com\/seguros\/wp-json\/wp\/v2\/pages\/586"}],"wp:attachment":[{"href":"https:\/\/idecesos.com\/seguros\/wp-json\/wp\/v2\/media?parent=672"}],"curies":[{"name":"wp","href":"https:\/\/api.w.org\/{rel}","templated":true}]}}