{"id":676,"date":"2021-07-13T07:43:42","date_gmt":"2021-07-13T07:43:42","guid":{"rendered":"https:\/\/idecesos.com\/seguros\/?page_id=676"},"modified":"2022-01-03T12:30:11","modified_gmt":"2022-01-03T12:30:11","slug":"incineracion","status":"publish","type":"page","link":"https:\/\/idecesos.com\/seguros\/tipo\/incineracion\/","title":{"rendered":"Seguro de Decesos con Incineraci\u00f3n"},"content":{"rendered":"\r\n\r\n<p>Los seguros de decesos cubren los gastos relacionados con el sepelio del cliente hasta el l\u00edmite del capital asegurado y se encarga de la realizaci\u00f3n de los tr\u00e1mites y gestiones relacionados con el entierro del cliente. Este tipo de p\u00f3liza supone una ayuda para los familiares del fallecido en uno de los momentos m\u00e1s dif\u00edciles, ya que no tendr\u00e1n que preocuparse de dichas cuestiones e incluso podr\u00e1n disfrutar de ciertas ventajas que les ofrecen algunas compa\u00f1\u00edas aseguradoras, como el servicio de atenci\u00f3n psicol\u00f3gica.<\/p>\r\n\r\n\r\n\r\n<p>Adem\u00e1s, las compa\u00f1\u00edas de seguros suelen ofrecer una serie de garant\u00edas que puede a\u00f1adir a su seguro de forma opcional y que completaran su seguro de decesos para que se ajuste en la medida de lo posible a sus necesidades.<\/p>\r\n\r\n\r\n\r\n<p>Con respecto a la prestaci\u00f3n del servicio funerario que ofrecen las p\u00f3lizas de decesos, se incluye el coche f\u00fanebre, el f\u00e9retro, el sudario, el acondicionamiento del cad\u00e1ver, el tanatorio, las flores y el servicio religioso, adem\u00e1s de los gastos de incineraci\u00f3n e inhumaci\u00f3n.<\/p>\r\n\r\n\r\n\r\n<p>Normalmente, los seguros de decesos permiten escoger donde se realizar\u00e1 la inhumaci\u00f3n o incineraci\u00f3n y el lugar en el que tendr\u00e1 lugar el entierro del fallecido. Sin embargo, la elecci\u00f3n de la localidad podr\u00eda suponer una variaci\u00f3n de las coberturas, en funci\u00f3n de \u00e9sta.<\/p>\r\n\r\n\r\n\r\n<p>Algunas aseguradoras tambi\u00e9n incluyen otros servicios como la difusi\u00f3n de esquelas, el catering, la m\u00fasica, el libro de firmas, etc. Los precios del entierro\/incineraci\u00f3n suelen ascender de los 1.000 euros, por ello resulta conveniente adquirir una p\u00f3liza de decesos que le aporte la tranquilidad de saber que se encargar\u00e1n de todos estos aspectos en el momento de su fallecimiento.<\/p>\r\n\r\n\r\n\r\n<p>Por otra parte, los seguros de decesos tambi\u00e9n incluyen la realizaci\u00f3n de las gestiones administrativas posteriores al fallecimiento del asegurado. Esto quiere decir, que los profesionales de las diferentes entidades se har\u00e1n cargo del papeleo relacionados con la defunci\u00f3n y el sepelio. Estas gestiones hacen referencia a la inscripci\u00f3n en el Registro Civil, la solicitud del certificado de defunci\u00f3n, la solicitud de la pensi\u00f3n de viudedad, orfandad, invalidez o jubilaci\u00f3n, la adjudicaci\u00f3n de herencias, la petici\u00f3n del certificado de convivencia o la baja del libro de familia, entre otras.<\/p>\r\n\r\n<div class=\"oficinas\">\r\n<h3>P\u00e1ginas relacionadas<\/h3>\r\n<ul><li><a href=\"https:\/\/idecesos.com\/seguros\/tipo\/mayores\/\"><span>Seguro Decesos Para Mayores<\/span><\/a><\/li><li><a href=\"https:\/\/idecesos.com\/seguros\/tipo\/extranjeros-repatriacion\/\"><span>Seguro Decesos para Extranjeros y Repatriaci\u00f3n<\/span><\/a><\/li><li><a href=\"https:\/\/idecesos.com\/seguros\/tipo\/basico\/\"><span>Seguro de Decesos B\u00e1sico<\/span><\/a><\/li><li><a href=\"https:\/\/idecesos.com\/seguros\/tipo\/hogar\/\"><span>Seguro de Decesos Combinado con Seguro de Hogar<\/span><\/a><\/li><li><a href=\"https:\/\/idecesos.com\/seguros\/tipo\/familiar\/\"><span>Seguro de Decesos Familiar<\/span><\/a><\/li><li><a href=\"https:\/\/idecesos.com\/seguros\/tipo\/sucesiones\/\"><span>Seguro de Decesos Impuesto de Sucesiones<\/span><\/a><\/li><li><a href=\"https:\/\/idecesos.com\/seguros\/tipo\/internacional\/\"><span>Seguro de Decesos Internacional<\/span><\/a><\/li><li><a href=\"https:\/\/idecesos.com\/seguros\/tipo\/judiciales\/\"><span>Seguro de Decesos Judiciales<\/span><\/a><\/li><li><a href=\"https:\/\/idecesos.com\/seguros\/tipo\/nicho\/\"><span>Seguro de Decesos Nicho<\/span><\/a><\/li><li><a href=\"https:\/\/idecesos.com\/seguros\/tipo\/mixta\/\"><span>Seguro de Decesos Prima Mixta<\/span><\/a><\/li><li><a href=\"https:\/\/idecesos.com\/seguros\/tipo\/natural\/\"><span>Seguro de Decesos Prima Natural<\/span><\/a><\/li><li><a href=\"https:\/\/idecesos.com\/seguros\/tipo\/nivelada\/\"><span>Seguro de Decesos Prima Nivelada<\/span><\/a><\/li><li><a href=\"https:\/\/idecesos.com\/seguros\/tipo\/constante\/\"><span>Seguro de Decesos Prima constante<\/span><\/a><\/li><li><a href=\"https:\/\/idecesos.com\/seguros\/tipo\/prima-unica\/\"><span>Seguro de Decesos Prima \u00danica<\/span><\/a><\/li><li><a href=\"https:\/\/idecesos.com\/seguros\/tipo\/todo-previsto\/\"><span>Seguro de Decesos Todo Previsto<\/span><\/a><\/li><li><a href=\"https:\/\/idecesos.com\/seguros\/tipo\/previsto\/\"><span>Seguro de Decesos Todo previsto<\/span><\/a><\/li><li><a href=\"https:\/\/idecesos.com\/seguros\/tipo\/vitalicio\/\"><span>Seguro de Decesos Vitalicio<\/span><\/a><\/li><li><a href=\"https:\/\/idecesos.com\/seguros\/tipo\/dental\/\"><span>Seguro de Decesos con Cobertura Dental<\/span><\/a><\/li><li><a href=\"https:\/\/idecesos.com\/seguros\/tipo\/enfermedad\/\"><span>Seguro de Decesos con Enfermedad Grave<\/span><\/a><\/li><li><a href=\"https:\/\/idecesos.com\/seguros\/tipo\/adultos\/\"><span>Seguro de Decesos para Adultos<\/span><\/a><\/li><li><a href=\"https:\/\/idecesos.com\/seguros\/tipo\/bebe\/\"><span>Seguro de Decesos para Beb\u00e9s<\/span><\/a><\/li><li><a href=\"https:\/\/idecesos.com\/seguros\/tipo\/accidentes\/\"><span>Seguro de Decesos y Accidentes<\/span><\/a><\/li><li><a href=\"https:\/\/idecesos.com\/seguros\/tipo\/medicos\/\"><span>Seguro de Decesos y M\u00e9dicos<\/span><\/a><\/li><li><a href=\"https:\/\/idecesos.com\/seguros\/tipo\/vida\/\"><span>Seguro de Decesos y Vida<\/span><\/a><\/li><li><a href=\"https:\/\/idecesos.com\/seguros\/tipo\/sepelio\/\"><span>Seguro de Sepelio<\/span><\/a><\/li><\/ul>\r\n<\/div>","protected":false},"excerpt":{"rendered":"<p>Los seguros de decesos cubren los gastos relacionados con el sepelio del cliente hasta el l\u00edmite del capital asegurado y se encarga de la realizaci\u00f3n de los tr\u00e1mites y gestiones relacionados con el entierro del cliente. Este tipo de p\u00f3liza supone una ayuda para los familiares del fallecido en uno de los momentos m\u00e1s dif\u00edciles,&hellip; <\/p>\n","protected":false},"author":2,"featured_media":0,"parent":586,"menu_order":0,"comment_status":"closed","ping_status":"closed","template":"single.php","meta":{"footnotes":""},"class_list":["post-676","page","type-page","status-publish","hentry"],"yoast_head":"<!-- This site is optimized with the Yoast SEO plugin v27.6 - https:\/\/yoast.com\/product\/yoast-seo-wordpress\/ -->\n<title>Seguro de Decesos con Incineraci\u00f3n \u25b7Mejores Coberturas y Precios 2026<\/title>\n<meta name=\"description\" content=\"Calcula aqu\u00ed el mejor\u3010seguro de decesos con incineraci\u00f3n\u3011N\u00ba1: Compa\u00f1\u00edas, coberturas, y precios \u2611\ufe0fOfertas exclusivas de iDecesos\u00ae\" \/>\n<meta name=\"robots\" content=\"index, follow, max-snippet:-1, max-image-preview:large, max-video-preview:-1\" \/>\n<link rel=\"canonical\" href=\"https:\/\/idecesos.com\/seguros\/tipo\/incineracion\/\" \/>\n<meta property=\"og:locale\" content=\"es_ES\" \/>\n<meta property=\"og:type\" content=\"article\" \/>\n<meta property=\"og:title\" content=\"Seguro de Decesos con Incineraci\u00f3n \u25b7Mejores Coberturas y Precios 2026\" \/>\n<meta property=\"og:description\" content=\"Calcula aqu\u00ed el mejor\u3010seguro de decesos con incineraci\u00f3n\u3011N\u00ba1: Compa\u00f1\u00edas, coberturas, y precios \u2611\ufe0fOfertas exclusivas de iDecesos\u00ae\" \/>\n<meta property=\"og:url\" content=\"https:\/\/idecesos.com\/seguros\/tipo\/incineracion\/\" \/>\n<meta property=\"article:modified_time\" content=\"2022-01-03T12:30:11+00:00\" \/>\n<meta name=\"twitter:card\" content=\"summary_large_image\" \/>\n<meta name=\"twitter:label1\" content=\"Tiempo de lectura\" \/>\n\t<meta name=\"twitter:data1\" content=\"2 minutos\" \/>\n<script type=\"application\/ld+json\" class=\"yoast-schema-graph\">{\"@context\":\"https:\\\/\\\/schema.org\",\"@graph\":[{\"@type\":\"WebPage\",\"@id\":\"https:\\\/\\\/idecesos.com\\\/seguros\\\/tipo\\\/incineracion\\\/\",\"url\":\"https:\\\/\\\/idecesos.com\\\/seguros\\\/tipo\\\/incineracion\\\/\",\"name\":\"Seguro de Decesos con Incineraci\u00f3n \u25b7Mejores Coberturas y Precios 2026\",\"isPartOf\":{\"@id\":\"https:\\\/\\\/idecesos.com\\\/seguros\\\/#website\"},\"datePublished\":\"2021-07-13T07:43:42+00:00\",\"dateModified\":\"2022-01-03T12:30:11+00:00\",\"description\":\"Calcula aqu\u00ed el mejor\u3010seguro de decesos con incineraci\u00f3n\u3011N\u00ba1: Compa\u00f1\u00edas, coberturas, y precios \u2611\ufe0fOfertas exclusivas de iDecesos\u00ae\",\"breadcrumb\":{\"@id\":\"https:\\\/\\\/idecesos.com\\\/seguros\\\/tipo\\\/incineracion\\\/#breadcrumb\"},\"inLanguage\":\"es\",\"potentialAction\":[{\"@type\":\"ReadAction\",\"target\":[\"https:\\\/\\\/idecesos.com\\\/seguros\\\/tipo\\\/incineracion\\\/\"]}]},{\"@type\":\"BreadcrumbList\",\"@id\":\"https:\\\/\\\/idecesos.com\\\/seguros\\\/tipo\\\/incineracion\\\/#breadcrumb\",\"itemListElement\":[{\"@type\":\"ListItem\",\"position\":1,\"name\":\"Portada\",\"item\":\"https:\\\/\\\/idecesos.com\\\/seguros\\\/\"},{\"@type\":\"ListItem\",\"position\":2,\"name\":\"Tipos de seguros de decesos\",\"item\":\"https:\\\/\\\/idecesos.com\\\/seguros\\\/tipo\\\/\"},{\"@type\":\"ListItem\",\"position\":3,\"name\":\"Seguro de Decesos con Incineraci\u00f3n\"}]},{\"@type\":\"WebSite\",\"@id\":\"https:\\\/\\\/idecesos.com\\\/seguros\\\/#website\",\"url\":\"https:\\\/\\\/idecesos.com\\\/seguros\\\/\",\"name\":\"\",\"description\":\"\",\"potentialAction\":[{\"@type\":\"SearchAction\",\"target\":{\"@type\":\"EntryPoint\",\"urlTemplate\":\"https:\\\/\\\/idecesos.com\\\/seguros\\\/?s={search_term_string}\"},\"query-input\":{\"@type\":\"PropertyValueSpecification\",\"valueRequired\":true,\"valueName\":\"search_term_string\"}}],\"inLanguage\":\"es\"}]}<\/script>\n<!-- \/ Yoast SEO plugin. -->","yoast_head_json":{"title":"Seguro de Decesos con Incineraci\u00f3n \u25b7Mejores Coberturas y Precios 2026","description":"Calcula aqu\u00ed el mejor\u3010seguro de decesos con incineraci\u00f3n\u3011N\u00ba1: Compa\u00f1\u00edas, coberturas, y precios \u2611\ufe0fOfertas exclusivas de iDecesos\u00ae","robots":{"index":"index","follow":"follow","max-snippet":"max-snippet:-1","max-image-preview":"max-image-preview:large","max-video-preview":"max-video-preview:-1"},"canonical":"https:\/\/idecesos.com\/seguros\/tipo\/incineracion\/","og_locale":"es_ES","og_type":"article","og_title":"Seguro de Decesos con Incineraci\u00f3n \u25b7Mejores Coberturas y Precios 2026","og_description":"Calcula aqu\u00ed el mejor\u3010seguro de decesos con incineraci\u00f3n\u3011N\u00ba1: Compa\u00f1\u00edas, coberturas, y precios \u2611\ufe0fOfertas exclusivas de iDecesos\u00ae","og_url":"https:\/\/idecesos.com\/seguros\/tipo\/incineracion\/","article_modified_time":"2022-01-03T12:30:11+00:00","twitter_card":"summary_large_image","twitter_misc":{"Tiempo de lectura":"2 minutos"},"schema":{"@context":"https:\/\/schema.org","@graph":[{"@type":"WebPage","@id":"https:\/\/idecesos.com\/seguros\/tipo\/incineracion\/","url":"https:\/\/idecesos.com\/seguros\/tipo\/incineracion\/","name":"Seguro de Decesos con Incineraci\u00f3n \u25b7Mejores Coberturas y Precios 2026","isPartOf":{"@id":"https:\/\/idecesos.com\/seguros\/#website"},"datePublished":"2021-07-13T07:43:42+00:00","dateModified":"2022-01-03T12:30:11+00:00","description":"Calcula aqu\u00ed el mejor\u3010seguro de decesos con incineraci\u00f3n\u3011N\u00ba1: Compa\u00f1\u00edas, coberturas, y precios \u2611\ufe0fOfertas exclusivas de iDecesos\u00ae","breadcrumb":{"@id":"https:\/\/idecesos.com\/seguros\/tipo\/incineracion\/#breadcrumb"},"inLanguage":"es","potentialAction":[{"@type":"ReadAction","target":["https:\/\/idecesos.com\/seguros\/tipo\/incineracion\/"]}]},{"@type":"BreadcrumbList","@id":"https:\/\/idecesos.com\/seguros\/tipo\/incineracion\/#breadcrumb","itemListElement":[{"@type":"ListItem","position":1,"name":"Portada","item":"https:\/\/idecesos.com\/seguros\/"},{"@type":"ListItem","position":2,"name":"Tipos de seguros de decesos","item":"https:\/\/idecesos.com\/seguros\/tipo\/"},{"@type":"ListItem","position":3,"name":"Seguro de Decesos con Incineraci\u00f3n"}]},{"@type":"WebSite","@id":"https:\/\/idecesos.com\/seguros\/#website","url":"https:\/\/idecesos.com\/seguros\/","name":"","description":"","potentialAction":[{"@type":"SearchAction","target":{"@type":"EntryPoint","urlTemplate":"https:\/\/idecesos.com\/seguros\/?s={search_term_string}"},"query-input":{"@type":"PropertyValueSpecification","valueRequired":true,"valueName":"search_term_string"}}],"inLanguage":"es"}]}},"_links":{"self":[{"href":"https:\/\/idecesos.com\/seguros\/wp-json\/wp\/v2\/pages\/676","targetHints":{"allow":["GET"]}}],"collection":[{"href":"https:\/\/idecesos.com\/seguros\/wp-json\/wp\/v2\/pages"}],"about":[{"href":"https:\/\/idecesos.com\/seguros\/wp-json\/wp\/v2\/types\/page"}],"author":[{"embeddable":true,"href":"https:\/\/idecesos.com\/seguros\/wp-json\/wp\/v2\/users\/2"}],"replies":[{"embeddable":true,"href":"https:\/\/idecesos.com\/seguros\/wp-json\/wp\/v2\/comments?post=676"}],"version-history":[{"count":9,"href":"https:\/\/idecesos.com\/seguros\/wp-json\/wp\/v2\/pages\/676\/revisions"}],"predecessor-version":[{"id":15000,"href":"https:\/\/idecesos.com\/seguros\/wp-json\/wp\/v2\/pages\/676\/revisions\/15000"}],"up":[{"embeddable":true,"href":"https:\/\/idecesos.com\/seguros\/wp-json\/wp\/v2\/pages\/586"}],"wp:attachment":[{"href":"https:\/\/idecesos.com\/seguros\/wp-json\/wp\/v2\/media?parent=676"}],"curies":[{"name":"wp","href":"https:\/\/api.w.org\/{rel}","templated":true}]}}