{"id":678,"date":"2021-07-13T07:44:37","date_gmt":"2021-07-13T07:44:37","guid":{"rendered":"https:\/\/idecesos.com\/seguros\/?page_id=678"},"modified":"2022-01-03T12:31:01","modified_gmt":"2022-01-03T12:31:01","slug":"internacional","status":"publish","type":"page","link":"https:\/\/idecesos.com\/seguros\/tipo\/internacional\/","title":{"rendered":"Seguro de Decesos Internacional"},"content":{"rendered":"\r\n\r\n<p>De entre los m\u00faltiples productos que ofrecen las compa\u00f1\u00edas aseguradoras destaca el seguro de decesos internacional, una p\u00f3liza que le ofrece la mayor protecci\u00f3n para ajustarse a sus necesidades. Este seguro incluye garant\u00edas m\u00e1s amplias que las que suelen incorporar el resto de seguros de decesos.<\/p>\r\n\r\n\r\n\r\n<p>En primer lugar, el seguro de decesos internacional garantiza al cliente su protecci\u00f3n dentro de su pa\u00eds y le ofrece la tranquilidad de estar protegido en cualquier lugar del mundo gracias a que recibir\u00e1 las coberturas de los servicios funerarios se encuentre donde se encuentre.<\/p>\r\n\r\n\r\n\r\n<p>Con respecto al precio del seguro de decesos internacional, se puede apreciar que no es mucho m\u00e1s elevado que el de los seguros de decesos habituales ya que, en la actualidad, cada vez m\u00e1s gente apuesta por contratar un seguro completo que le proteja en cualquier lugar.<\/p>\r\n\r\n\r\n\r\n<p>Adem\u00e1s de que la cuota que el asegurado pagar\u00e1 por dicho seguro ser\u00e1 accesible, no tendr\u00e1 que preocuparse por la repatriaci\u00f3n del cuerpo, ya que mediante la contrataci\u00f3n del seguro de decesos internacional, tendr\u00e1 garantizada esta prestaci\u00f3n.<\/p>\r\n\r\n\r\n\r\n<p>Algunas de las compa\u00f1\u00edas aseguradoras que ofrecen esta modalidad de seguros de decesos son: Adeslas, Caser, Asefa, DKV, Ocaso, Generali Seguros, Mapfre, Santaluc\u00eda Seguros, Norte Hispania Seguros, Sanitas y FIACT Seguros, entre otras.<\/p>\r\n\r\n\r\n\r\n<p>Si desea adquirir un seguro de decesos internacional tambi\u00e9n puede beneficiarse de la comodidad que le ofrecer\u00e1n los distintos comparadores online existentes. Dichas web suponen una herramienta eficaz para encontrar el seguro que busca a una buena relaci\u00f3n calidad-precio sin salir de su hogar y sin dedicar mucho tiempo a esta tarea.<\/p>\r\n\r\n\r\n\r\n<p>Un comparador de calidad al que podr\u00e1 acudir a la hora de buscar su seguro de decesos internacional es iDecesos.com que le ofrecer\u00e1 en una sola b\u00fasqueda las ofertas de seguros que m\u00e1s se ajusten a usted.<\/p>\r\n\r\n<div class=\"oficinas\">\r\n<h3>P\u00e1ginas relacionadas<\/h3>\r\n<ul><li><a href=\"https:\/\/idecesos.com\/seguros\/tipo\/mayores\/\"><span>Seguro Decesos Para Mayores<\/span><\/a><\/li><li><a href=\"https:\/\/idecesos.com\/seguros\/tipo\/extranjeros-repatriacion\/\"><span>Seguro Decesos para Extranjeros y Repatriaci\u00f3n<\/span><\/a><\/li><li><a href=\"https:\/\/idecesos.com\/seguros\/tipo\/basico\/\"><span>Seguro de Decesos B\u00e1sico<\/span><\/a><\/li><li><a href=\"https:\/\/idecesos.com\/seguros\/tipo\/hogar\/\"><span>Seguro de Decesos Combinado con Seguro de Hogar<\/span><\/a><\/li><li><a href=\"https:\/\/idecesos.com\/seguros\/tipo\/familiar\/\"><span>Seguro de Decesos Familiar<\/span><\/a><\/li><li><a href=\"https:\/\/idecesos.com\/seguros\/tipo\/sucesiones\/\"><span>Seguro de Decesos Impuesto de Sucesiones<\/span><\/a><\/li><li><a href=\"https:\/\/idecesos.com\/seguros\/tipo\/judiciales\/\"><span>Seguro de Decesos Judiciales<\/span><\/a><\/li><li><a href=\"https:\/\/idecesos.com\/seguros\/tipo\/nicho\/\"><span>Seguro de Decesos Nicho<\/span><\/a><\/li><li><a href=\"https:\/\/idecesos.com\/seguros\/tipo\/mixta\/\"><span>Seguro de Decesos Prima Mixta<\/span><\/a><\/li><li><a href=\"https:\/\/idecesos.com\/seguros\/tipo\/natural\/\"><span>Seguro de Decesos Prima Natural<\/span><\/a><\/li><li><a href=\"https:\/\/idecesos.com\/seguros\/tipo\/nivelada\/\"><span>Seguro de Decesos Prima Nivelada<\/span><\/a><\/li><li><a href=\"https:\/\/idecesos.com\/seguros\/tipo\/constante\/\"><span>Seguro de Decesos Prima constante<\/span><\/a><\/li><li><a href=\"https:\/\/idecesos.com\/seguros\/tipo\/prima-unica\/\"><span>Seguro de Decesos Prima \u00danica<\/span><\/a><\/li><li><a href=\"https:\/\/idecesos.com\/seguros\/tipo\/todo-previsto\/\"><span>Seguro de Decesos Todo Previsto<\/span><\/a><\/li><li><a href=\"https:\/\/idecesos.com\/seguros\/tipo\/previsto\/\"><span>Seguro de Decesos Todo previsto<\/span><\/a><\/li><li><a href=\"https:\/\/idecesos.com\/seguros\/tipo\/vitalicio\/\"><span>Seguro de Decesos Vitalicio<\/span><\/a><\/li><li><a href=\"https:\/\/idecesos.com\/seguros\/tipo\/dental\/\"><span>Seguro de Decesos con Cobertura Dental<\/span><\/a><\/li><li><a href=\"https:\/\/idecesos.com\/seguros\/tipo\/enfermedad\/\"><span>Seguro de Decesos con Enfermedad Grave<\/span><\/a><\/li><li><a href=\"https:\/\/idecesos.com\/seguros\/tipo\/incineracion\/\"><span>Seguro de Decesos con Incineraci\u00f3n<\/span><\/a><\/li><li><a href=\"https:\/\/idecesos.com\/seguros\/tipo\/adultos\/\"><span>Seguro de Decesos para Adultos<\/span><\/a><\/li><li><a href=\"https:\/\/idecesos.com\/seguros\/tipo\/bebe\/\"><span>Seguro de Decesos para Beb\u00e9s<\/span><\/a><\/li><li><a href=\"https:\/\/idecesos.com\/seguros\/tipo\/accidentes\/\"><span>Seguro de Decesos y Accidentes<\/span><\/a><\/li><li><a href=\"https:\/\/idecesos.com\/seguros\/tipo\/medicos\/\"><span>Seguro de Decesos y M\u00e9dicos<\/span><\/a><\/li><li><a href=\"https:\/\/idecesos.com\/seguros\/tipo\/vida\/\"><span>Seguro de Decesos y Vida<\/span><\/a><\/li><li><a href=\"https:\/\/idecesos.com\/seguros\/tipo\/sepelio\/\"><span>Seguro de Sepelio<\/span><\/a><\/li><\/ul>\r\n<\/div>","protected":false},"excerpt":{"rendered":"<p>De entre los m\u00faltiples productos que ofrecen las compa\u00f1\u00edas aseguradoras destaca el seguro de decesos internacional, una p\u00f3liza que le ofrece la mayor protecci\u00f3n para ajustarse a sus necesidades. Este seguro incluye garant\u00edas m\u00e1s amplias que las que suelen incorporar el resto de seguros de decesos. En primer lugar, el seguro de decesos internacional garantiza&hellip; <\/p>\n","protected":false},"author":2,"featured_media":0,"parent":586,"menu_order":0,"comment_status":"closed","ping_status":"closed","template":"single.php","meta":{"footnotes":""},"class_list":["post-678","page","type-page","status-publish","hentry"],"yoast_head":"<!-- This site is optimized with the Yoast SEO plugin v27.6 - https:\/\/yoast.com\/product\/yoast-seo-wordpress\/ -->\n<title>Seguro de Decesos Internacional \u25b7 Mejores Coberturas y Precios 2026<\/title>\n<meta name=\"description\" content=\"Calcula aqu\u00ed el mejor\u3010seguro de decesos internacional\u3011N\u00ba1: Compa\u00f1\u00edas, coberturas y precios \u2611\ufe0fOfertas y descuentos exclusivos de iDecesos\u00ae\" \/>\n<meta name=\"robots\" content=\"index, follow, max-snippet:-1, max-image-preview:large, max-video-preview:-1\" \/>\n<link rel=\"canonical\" href=\"https:\/\/idecesos.com\/seguros\/tipo\/internacional\/\" \/>\n<meta property=\"og:locale\" content=\"es_ES\" \/>\n<meta property=\"og:type\" content=\"article\" \/>\n<meta property=\"og:title\" content=\"Seguro de Decesos Internacional \u25b7 Mejores Coberturas y Precios 2026\" \/>\n<meta property=\"og:description\" content=\"Calcula aqu\u00ed el mejor\u3010seguro de decesos internacional\u3011N\u00ba1: Compa\u00f1\u00edas, coberturas y precios \u2611\ufe0fOfertas y descuentos exclusivos de iDecesos\u00ae\" \/>\n<meta property=\"og:url\" content=\"https:\/\/idecesos.com\/seguros\/tipo\/internacional\/\" \/>\n<meta property=\"article:modified_time\" content=\"2022-01-03T12:31:01+00:00\" \/>\n<meta name=\"twitter:card\" content=\"summary_large_image\" \/>\n<meta name=\"twitter:label1\" content=\"Tiempo de lectura\" \/>\n\t<meta name=\"twitter:data1\" content=\"2 minutos\" \/>\n<script type=\"application\/ld+json\" class=\"yoast-schema-graph\">{\"@context\":\"https:\\\/\\\/schema.org\",\"@graph\":[{\"@type\":\"WebPage\",\"@id\":\"https:\\\/\\\/idecesos.com\\\/seguros\\\/tipo\\\/internacional\\\/\",\"url\":\"https:\\\/\\\/idecesos.com\\\/seguros\\\/tipo\\\/internacional\\\/\",\"name\":\"Seguro de Decesos Internacional \u25b7 Mejores Coberturas y Precios 2026\",\"isPartOf\":{\"@id\":\"https:\\\/\\\/idecesos.com\\\/seguros\\\/#website\"},\"datePublished\":\"2021-07-13T07:44:37+00:00\",\"dateModified\":\"2022-01-03T12:31:01+00:00\",\"description\":\"Calcula aqu\u00ed el mejor\u3010seguro de decesos internacional\u3011N\u00ba1: Compa\u00f1\u00edas, coberturas y precios \u2611\ufe0fOfertas y descuentos exclusivos de iDecesos\u00ae\",\"breadcrumb\":{\"@id\":\"https:\\\/\\\/idecesos.com\\\/seguros\\\/tipo\\\/internacional\\\/#breadcrumb\"},\"inLanguage\":\"es\",\"potentialAction\":[{\"@type\":\"ReadAction\",\"target\":[\"https:\\\/\\\/idecesos.com\\\/seguros\\\/tipo\\\/internacional\\\/\"]}]},{\"@type\":\"BreadcrumbList\",\"@id\":\"https:\\\/\\\/idecesos.com\\\/seguros\\\/tipo\\\/internacional\\\/#breadcrumb\",\"itemListElement\":[{\"@type\":\"ListItem\",\"position\":1,\"name\":\"Portada\",\"item\":\"https:\\\/\\\/idecesos.com\\\/seguros\\\/\"},{\"@type\":\"ListItem\",\"position\":2,\"name\":\"Tipos de seguros de decesos\",\"item\":\"https:\\\/\\\/idecesos.com\\\/seguros\\\/tipo\\\/\"},{\"@type\":\"ListItem\",\"position\":3,\"name\":\"Seguro de Decesos Internacional\"}]},{\"@type\":\"WebSite\",\"@id\":\"https:\\\/\\\/idecesos.com\\\/seguros\\\/#website\",\"url\":\"https:\\\/\\\/idecesos.com\\\/seguros\\\/\",\"name\":\"\",\"description\":\"\",\"potentialAction\":[{\"@type\":\"SearchAction\",\"target\":{\"@type\":\"EntryPoint\",\"urlTemplate\":\"https:\\\/\\\/idecesos.com\\\/seguros\\\/?s={search_term_string}\"},\"query-input\":{\"@type\":\"PropertyValueSpecification\",\"valueRequired\":true,\"valueName\":\"search_term_string\"}}],\"inLanguage\":\"es\"}]}<\/script>\n<!-- \/ Yoast SEO plugin. -->","yoast_head_json":{"title":"Seguro de Decesos Internacional \u25b7 Mejores Coberturas y Precios 2026","description":"Calcula aqu\u00ed el mejor\u3010seguro de decesos internacional\u3011N\u00ba1: Compa\u00f1\u00edas, coberturas y precios \u2611\ufe0fOfertas y descuentos exclusivos de iDecesos\u00ae","robots":{"index":"index","follow":"follow","max-snippet":"max-snippet:-1","max-image-preview":"max-image-preview:large","max-video-preview":"max-video-preview:-1"},"canonical":"https:\/\/idecesos.com\/seguros\/tipo\/internacional\/","og_locale":"es_ES","og_type":"article","og_title":"Seguro de Decesos Internacional \u25b7 Mejores Coberturas y Precios 2026","og_description":"Calcula aqu\u00ed el mejor\u3010seguro de decesos internacional\u3011N\u00ba1: Compa\u00f1\u00edas, coberturas y precios \u2611\ufe0fOfertas y descuentos exclusivos de iDecesos\u00ae","og_url":"https:\/\/idecesos.com\/seguros\/tipo\/internacional\/","article_modified_time":"2022-01-03T12:31:01+00:00","twitter_card":"summary_large_image","twitter_misc":{"Tiempo de lectura":"2 minutos"},"schema":{"@context":"https:\/\/schema.org","@graph":[{"@type":"WebPage","@id":"https:\/\/idecesos.com\/seguros\/tipo\/internacional\/","url":"https:\/\/idecesos.com\/seguros\/tipo\/internacional\/","name":"Seguro de Decesos Internacional \u25b7 Mejores Coberturas y Precios 2026","isPartOf":{"@id":"https:\/\/idecesos.com\/seguros\/#website"},"datePublished":"2021-07-13T07:44:37+00:00","dateModified":"2022-01-03T12:31:01+00:00","description":"Calcula aqu\u00ed el mejor\u3010seguro de decesos internacional\u3011N\u00ba1: Compa\u00f1\u00edas, coberturas y precios \u2611\ufe0fOfertas y descuentos exclusivos de iDecesos\u00ae","breadcrumb":{"@id":"https:\/\/idecesos.com\/seguros\/tipo\/internacional\/#breadcrumb"},"inLanguage":"es","potentialAction":[{"@type":"ReadAction","target":["https:\/\/idecesos.com\/seguros\/tipo\/internacional\/"]}]},{"@type":"BreadcrumbList","@id":"https:\/\/idecesos.com\/seguros\/tipo\/internacional\/#breadcrumb","itemListElement":[{"@type":"ListItem","position":1,"name":"Portada","item":"https:\/\/idecesos.com\/seguros\/"},{"@type":"ListItem","position":2,"name":"Tipos de seguros de decesos","item":"https:\/\/idecesos.com\/seguros\/tipo\/"},{"@type":"ListItem","position":3,"name":"Seguro de Decesos Internacional"}]},{"@type":"WebSite","@id":"https:\/\/idecesos.com\/seguros\/#website","url":"https:\/\/idecesos.com\/seguros\/","name":"","description":"","potentialAction":[{"@type":"SearchAction","target":{"@type":"EntryPoint","urlTemplate":"https:\/\/idecesos.com\/seguros\/?s={search_term_string}"},"query-input":{"@type":"PropertyValueSpecification","valueRequired":true,"valueName":"search_term_string"}}],"inLanguage":"es"}]}},"_links":{"self":[{"href":"https:\/\/idecesos.com\/seguros\/wp-json\/wp\/v2\/pages\/678","targetHints":{"allow":["GET"]}}],"collection":[{"href":"https:\/\/idecesos.com\/seguros\/wp-json\/wp\/v2\/pages"}],"about":[{"href":"https:\/\/idecesos.com\/seguros\/wp-json\/wp\/v2\/types\/page"}],"author":[{"embeddable":true,"href":"https:\/\/idecesos.com\/seguros\/wp-json\/wp\/v2\/users\/2"}],"replies":[{"embeddable":true,"href":"https:\/\/idecesos.com\/seguros\/wp-json\/wp\/v2\/comments?post=678"}],"version-history":[{"count":6,"href":"https:\/\/idecesos.com\/seguros\/wp-json\/wp\/v2\/pages\/678\/revisions"}],"predecessor-version":[{"id":15001,"href":"https:\/\/idecesos.com\/seguros\/wp-json\/wp\/v2\/pages\/678\/revisions\/15001"}],"up":[{"embeddable":true,"href":"https:\/\/idecesos.com\/seguros\/wp-json\/wp\/v2\/pages\/586"}],"wp:attachment":[{"href":"https:\/\/idecesos.com\/seguros\/wp-json\/wp\/v2\/media?parent=678"}],"curies":[{"name":"wp","href":"https:\/\/api.w.org\/{rel}","templated":true}]}}