{"id":697,"date":"2021-07-13T08:22:42","date_gmt":"2021-07-13T08:22:42","guid":{"rendered":"https:\/\/idecesos.com\/seguros\/?page_id=697"},"modified":"2022-01-03T12:31:13","modified_gmt":"2022-01-03T12:31:13","slug":"de-75","status":"publish","type":"page","link":"https:\/\/idecesos.com\/seguros\/tipo\/mayores\/de-75\/","title":{"rendered":"Seguro de Decesos para Mayores de 75 a\u00f1os"},"content":{"rendered":"<div id=\"ez-toc-container\" class=\"ez-toc-v2_0_83 ez-toc-wrap-center counter-hierarchy ez-toc-counter ez-toc-custom ez-toc-container-direction\">\n<div class=\"ez-toc-title-container\">\n<p class=\"ez-toc-title\" style=\"cursor:inherit\">Tabla de Contenido<\/p>\n<span class=\"ez-toc-title-toggle\"><a href=\"#\" class=\"ez-toc-pull-right ez-toc-btn ez-toc-btn-xs ez-toc-btn-default ez-toc-toggle\" aria-label=\"Alternar tabla de contenidos\"><span class=\"ez-toc-js-icon-con\"><span class=\"\"><span class=\"eztoc-hide\" style=\"display:none;\">Toggle<\/span><span class=\"ez-toc-icon-toggle-span\"><svg style=\"fill: #db6415;color:#db6415\" xmlns=\"http:\/\/www.w3.org\/2000\/svg\" class=\"list-377408\" width=\"20px\" height=\"20px\" viewBox=\"0 0 24 24\" fill=\"none\"><path d=\"M6 6H4v2h2V6zm14 0H8v2h12V6zM4 11h2v2H4v-2zm16 0H8v2h12v-2zM4 16h2v2H4v-2zm16 0H8v2h12v-2z\" fill=\"currentColor\"><\/path><\/svg><svg style=\"fill: #db6415;color:#db6415\" class=\"arrow-unsorted-368013\" xmlns=\"http:\/\/www.w3.org\/2000\/svg\" width=\"10px\" height=\"10px\" viewBox=\"0 0 24 24\" version=\"1.2\" baseProfile=\"tiny\"><path d=\"M18.2 9.3l-6.2-6.3-6.2 6.3c-.2.2-.3.4-.3.7s.1.5.3.7c.2.2.4.3.7.3h11c.3 0 .5-.1.7-.3.2-.2.3-.5.3-.7s-.1-.5-.3-.7zM5.8 14.7l6.2 6.3 6.2-6.3c.2-.2.3-.5.3-.7s-.1-.5-.3-.7c-.2-.2-.4-.3-.7-.3h-11c-.3 0-.5.1-.7.3-.2.2-.3.5-.3.7s.1.5.3.7z\"\/><\/svg><\/span><\/span><\/span><\/a><\/span><\/div>\n<nav><ul class='ez-toc-list ez-toc-list-level-1 ' ><li class='ez-toc-page-1 ez-toc-heading-level-2'><a class=\"ez-toc-link ez-toc-heading-1\" href=\"https:\/\/idecesos.com\/seguros\/tipo\/mayores\/de-75\/#Tipos_de_seguros_de_decesos_para_mayores_de_75_anos\" >Tipos de seguros de decesos para mayores de 75 a\u00f1os<\/a><ul class='ez-toc-list-level-3' ><li class='ez-toc-heading-level-3'><a class=\"ez-toc-link ez-toc-heading-2\" href=\"https:\/\/idecesos.com\/seguros\/tipo\/mayores\/de-75\/#Coberturas\" >Coberturas<\/a><\/li><li class='ez-toc-page-1 ez-toc-heading-level-3'><a class=\"ez-toc-link ez-toc-heading-3\" href=\"https:\/\/idecesos.com\/seguros\/tipo\/mayores\/de-75\/#Requisitos_para_contratar_un_seguro_de_decesos_para_mayores_de_75_anos\" >Requisitos para contratar un seguro de decesos para\u00a0mayores de 75 a\u00f1os<\/a><\/li><\/ul><\/li><li class='ez-toc-page-1 ez-toc-heading-level-2'><a class=\"ez-toc-link ez-toc-heading-4\" href=\"https:\/\/idecesos.com\/seguros\/tipo\/mayores\/de-75\/#%C2%BFQue_compania_de_seguro_de_decesos_elegir_para_mayores_de_75_anos\" >\u00bfQu\u00e9 compa\u00f1\u00eda de seguro de decesos elegir para\u00a0mayores de 75 a\u00f1os?<\/a><ul class='ez-toc-list-level-3' ><li class='ez-toc-heading-level-3'><a class=\"ez-toc-link ez-toc-heading-5\" href=\"https:\/\/idecesos.com\/seguros\/tipo\/mayores\/de-75\/#Paginas_relacionadas\" >P\u00e1ginas relacionadas<\/a><\/li><\/ul><\/li><\/ul><\/nav><\/div>\n\r\n\r\n<p><strong>Los seguros de decesos para personas mayores de 75 a\u00f1os<\/strong>\u00a0son muy demandados, dado que incluyen primas \u00fanicas, es decir, son de pago \u00fanico y el asegurado se olvida del coste de su sepelio para toda la vida. Adem\u00e1s incluye un servicio especializado y con coste mucho mejor que si se pagase en directo a la funeraria.<\/p>\r\n\r\n\r\n\r\n<p>Algunas de sus coberturas m\u00e1s relacionadas con los servicios de sepelio en los seguros para mayores de 75 a\u00f1os son las relativas a disposici\u00f3n de arca, conducci\u00f3n coche f\u00fanebre, servicio profesional de amortajar el cad\u00e1ver, capilla ardiente o sala de tanatorio, tramitaci\u00f3n de la documentaci\u00f3n necesaria para la inscripci\u00f3n de la defunci\u00f3n en el Registro Civil, servicios religiosos (si se desea), servicios a\u00f1adidos (coronas, recordatorios etc.). Derechos de entrada al cementerio, nicho o incineraci\u00f3n y gastos de inhumaci\u00f3n en nicho y acompa\u00f1amiento y asistencia profesional durante la prestaci\u00f3n de todo el servicio.<\/p>\r\n\r\n\r\n\r\n<p>Muchas veces un asegurado mayor de 75 a\u00f1os en buenas condiciones de salud lleva toda la vida pagando una prima de seguros con una aseguradora como tradicional de toda la vida pero le interesa dejar de pagar en muchos de los casos y realizar un pago \u00fanico porque si se hace el c\u00e1lculo de cuanto pagar\u00eda hasta el fin de sus d\u00edas no le salen las n\u00fameros.<\/p>\r\n\r\n\r\n\r\n\r\n\r\n<p>En\u00a0<strong>iDecesos<\/strong>\u00a0puedes ver las<strong> diferentes opciones de seguros de decesos para personas mayores de 75 a\u00f1os<\/strong> de diferentes Aseguradoras. En funci\u00f3n de la edad justa te ofrecemos una comparativa con los mejores precios de compa\u00f1\u00edas l\u00edderes y que se encargar\u00e1n en ese momento tan dif\u00edcil con total solvencia.<\/p>\r\n<div class=\"colorf\"><div class=\"container clearfix\"><div class=\"col-md-7\"><div class=\"tipos\"><svg id=\"stars\" style=\"display: none;\" version=\"1.1\">\n\t<symbol id=\"stars-full-star\" viewBox=\"0 0 102 18\">\n\t\t<path d=\"M9.5 14.25l-5.584 2.936 1.066-6.218L.465 6.564l6.243-.907L9.5 0l2.792 5.657 6.243.907-4.517 4.404 1.066 6.218\" \/>\n\t<\/symbol>\n\n\t<symbol id=\"stars-half-star\" viewBox=\"0 0 102 18\">\n\t\t<path d=\"M9.5 14.25l-5.584 2.936 1.066-6.218L.465 6.564l6.243-.907L9.5 0l2.792\" fill=\"#ffdc0f\" \/>\n\t<\/symbol>\n\n\t<symbol id=\"stars-all-star\" viewBox=\"0 0 102 18\">\n\t\t<use xlink:href=\"#stars-full-star\" \/>\n\t\t<use xlink:href=\"#stars-full-star\" transform=\"translate(21)\" \/>\n\t\t<use xlink:href=\"#stars-full-star\" transform=\"translate(42)\" \/>\n\t\t<use xlink:href=\"#stars-full-star\" transform=\"translate(63)\" \/>\n\t\t<use xlink:href=\"#stars-full-star\" transform=\"translate(84)\" \/>\n\t<\/symbol>\n\n\t<symbol id=\"stars-0\" viewBox=\"0 0 102 18\">\n\t\t<use xlink:href=\"#stars-all-star\" fill=\"#e5e5e5\" \/>\n\t<\/symbol>\n\n\t<symbol id=\"stars-1\" viewBox=\"0 0 102 18\">\n\t\t<use xlink:href=\"#stars-0\" \/>\n\t\t<use xlink:href=\"#stars-half-star\" \/>\n\t<\/symbol>\n\n\t<symbol id=\"stars-2\" viewBox=\"0 0 102 18\">\n\t\t<use xlink:href=\"#stars-0\" \/>\n\t\t<use xlink:href=\"#stars-full-star\" fill=\"#ffdc0f\" \/>\n\t<\/symbol>\n\n\t<symbol id=\"stars-3\" viewBox=\"0 0 102 18\">\n\t\t<use xlink:href=\"#stars-2\" \/>\n\t\t<use xlink:href=\"#stars-half-star\" transform=\"translate(21)\" \/>\n\t<\/symbol>\n\n\t<symbol id=\"stars-4\" viewBox=\"0 0 102 18\">\n\t\t<use xlink:href=\"#stars-2\" \/>\n\t\t<use xlink:href=\"#stars-full-star\" fill=\"#ffdc0f\" transform=\"translate(21)\" \/>\n\t<\/symbol>\n\n\t<symbol id=\"stars-5\" viewBox=\"0 0 102 18\">\n\t\t<use xlink:href=\"#stars-4\" \/>\n\t\t<use xlink:href=\"#stars-half-star\" transform=\"translate(42)\" \/>\n\t<\/symbol>\n\n\t<symbol id=\"stars-6\" viewBox=\"0 0 102 18\">\n\t\t<use xlink:href=\"#stars-4\" \/>\n\t\t<use xlink:href=\"#stars-full-star\" fill=\"#ffdc0f\" transform=\"translate(42)\" \/>\n\t<\/symbol>\n\n\t<symbol id=\"stars-7\" viewBox=\"0 0 102 18\">\n\t\t<use xlink:href=\"#stars-6\" \/>\n\t\t<use xlink:href=\"#stars-half-star\" transform=\"translate(63)\" \/>\n\t<\/symbol>\n\n\t<symbol id=\"stars-8\" viewBox=\"0 0 102 18\">\n\t\t<use xlink:href=\"#stars-6\" \/>\n\t\t<use xlink:href=\"#stars-full-star\" fill=\"#ffdc0f\" transform=\"translate(63)\" \/>\n\t<\/symbol>\n\n\t<symbol id=\"stars-9\" viewBox=\"0 0 102 18\">\n\t\t<use xlink:href=\"#stars-8\" \/>\n\t\t<use xlink:href=\"#stars-half-star\" transform=\"translate(84)\" \/>\n\t<\/symbol>\n\n\t<symbol id=\"stars-10\" viewBox=\"0 0 102 18\">\n\t\t<use xlink:href=\"#stars-all-star\" fill=\"#ffdc0f\" \/>\n\t<\/symbol>\n<\/svg>\n\r\n<h2><span class=\"ez-toc-section\" id=\"Tipos_de_seguros_de_decesos_para_mayores_de_75_anos\"><\/span>Tipos de seguros de decesos para mayores de 75 a\u00f1os<span class=\"ez-toc-section-end\"><\/span><\/h2>\r\n<p>Los <strong>mejores tipos de seguros de decesos para mayores de 75 a\u00f1os <\/strong>son los m\u00e1s adecuados el perfil de uno. Es decir, en la generalidad de las aseguradoras de decesos para los mayores de 75 a\u00f1os tienen un producto llamado de prima \u00fanica que consiste en abonar s\u00f3lo una vez un pago \u00fanico de forma anticipada, en el que es un tipo de la p\u00f3liza que garantiza el servicio de sepelio completo. Tiene dos ventajas:<\/p>\r\n<div class=\"tipo4 \"  ><div class=\"cuadro_tipo\"><div class=\"tipo_icon\"><i class=\"fas fa-cubes\"><\/i><!--span class=\"dashicons dashicons-image-filter\"><\/span--><\/div><div class=\"titulo_tipo titulo\">Comodidad<\/div><div class=\"texto_tipo\"><\/p>\r\n<p>El tomador mayor de 75 a\u00f1os al contratar este tipo de p\u00f3liza de decesos, deja todo solucionado a sus familiares en el momento de su adi\u00f3s. Es decir, cuando ocurra el fallecimiento los familiares simplemente con llamar al tel\u00e9fono de asistencia de la aseguradora e identificando al tomador, se iniciar\u00e1 todo el proceso de servicio f\u00fanebre para la localidad y seg\u00fan las costumbres de los familiares, sin tener que desembolsar nadie ni un euro por los servicios.<\/p>\r\n<p><\/div><\/div><\/div>\r\n<div class=\"tipo4 \"  ><div class=\"cuadro_tipo\"><div class=\"tipo_icon\"><i class=\"fas fa-cubes\"><\/i><!--span class=\"dashicons dashicons-image-filter\"><\/span--><\/div><div class=\"titulo_tipo titulo\">Ahorro<\/div><div class=\"texto_tipo\"><\/p>\r\n<p>El tomador y los familiares al contratar un tipo de seguro de decesos para una persona mayor de 75 a\u00f1os de pago \u00fanico, van a economizar con la prima pagada respecto al pago de un servicio a una funeraria, porque las aseguradoras negocian anualmente los servicios con las funerarias a nivel nacional. Asimismo, evitas que en el momento del deceso, haya un familiar recaudando entre los herederos todo el dinero con lo desagradable del momento.<\/p>\r\n<p><\/div><\/div><\/div>\r\n<p>Sin embargo, en<strong> iDecesos comparamos un tipo de seguro de decesos para personas mayores de 75 a\u00f1os que no es de prima \u00fanica y son de pago fraccionado.<\/strong> Al ser un comparador altamente especializado en seguro de decesos ofrecemos soluciones espec\u00edficas para cada rango de edad y siempre basado en compa\u00f1\u00edas de seguros de alta cualificaci\u00f3n de solvencia y supervisadas por el Ministerio de Econom\u00eda y la Direcci\u00f3n General de Seguros de Espa\u00f1a (DGS).<\/p>\r\n<\/div><\/div><\/div><\/div>\r\n<h3><span class=\"ez-toc-section\" id=\"Coberturas\"><\/span>Coberturas<span class=\"ez-toc-section-end\"><\/span><\/h3>\r\n<p>Todas las coberturas del seguro de decesos para personas mayores de 75 a\u00f1os depender\u00e1s de si tienes una p\u00f3liza de prima \u00fanica o de una prima anual renovable. Es decir, las coberturas de anual renovable para mayores de 75 a\u00f1os adem\u00e1s de cubrir el entierro completamente, si escoges la compa\u00f1\u00eda adecuada te cubrir\u00e1 adem\u00e1s un mont\u00f3n de servicio muy \u00fatiles que podr\u00e1s utilizar durante toda la vigencia de la p\u00f3liza y te har\u00e1n olvidarte de la pregunta \u00bfQu\u00e9 cubre el seguro de decesos para mayores de 75 a\u00f1os?. Algunos de las coberturas a\u00f1adidas son:<\/p>\r\n<div class=\"colorf\"><div class=\"container clearfix\"><div class=\"col-md-7\"><div class=\"tipos\"><svg id=\"stars\" style=\"display: none;\" version=\"1.1\">\n\t<symbol id=\"stars-full-star\" viewBox=\"0 0 102 18\">\n\t\t<path d=\"M9.5 14.25l-5.584 2.936 1.066-6.218L.465 6.564l6.243-.907L9.5 0l2.792 5.657 6.243.907-4.517 4.404 1.066 6.218\" \/>\n\t<\/symbol>\n\n\t<symbol id=\"stars-half-star\" viewBox=\"0 0 102 18\">\n\t\t<path d=\"M9.5 14.25l-5.584 2.936 1.066-6.218L.465 6.564l6.243-.907L9.5 0l2.792\" fill=\"#ffdc0f\" \/>\n\t<\/symbol>\n\n\t<symbol id=\"stars-all-star\" viewBox=\"0 0 102 18\">\n\t\t<use xlink:href=\"#stars-full-star\" \/>\n\t\t<use xlink:href=\"#stars-full-star\" transform=\"translate(21)\" \/>\n\t\t<use xlink:href=\"#stars-full-star\" transform=\"translate(42)\" \/>\n\t\t<use xlink:href=\"#stars-full-star\" transform=\"translate(63)\" \/>\n\t\t<use xlink:href=\"#stars-full-star\" transform=\"translate(84)\" \/>\n\t<\/symbol>\n\n\t<symbol id=\"stars-0\" viewBox=\"0 0 102 18\">\n\t\t<use xlink:href=\"#stars-all-star\" fill=\"#e5e5e5\" \/>\n\t<\/symbol>\n\n\t<symbol id=\"stars-1\" viewBox=\"0 0 102 18\">\n\t\t<use xlink:href=\"#stars-0\" \/>\n\t\t<use xlink:href=\"#stars-half-star\" \/>\n\t<\/symbol>\n\n\t<symbol id=\"stars-2\" viewBox=\"0 0 102 18\">\n\t\t<use xlink:href=\"#stars-0\" \/>\n\t\t<use xlink:href=\"#stars-full-star\" fill=\"#ffdc0f\" \/>\n\t<\/symbol>\n\n\t<symbol id=\"stars-3\" viewBox=\"0 0 102 18\">\n\t\t<use xlink:href=\"#stars-2\" \/>\n\t\t<use xlink:href=\"#stars-half-star\" transform=\"translate(21)\" \/>\n\t<\/symbol>\n\n\t<symbol id=\"stars-4\" viewBox=\"0 0 102 18\">\n\t\t<use xlink:href=\"#stars-2\" \/>\n\t\t<use xlink:href=\"#stars-full-star\" fill=\"#ffdc0f\" transform=\"translate(21)\" \/>\n\t<\/symbol>\n\n\t<symbol id=\"stars-5\" viewBox=\"0 0 102 18\">\n\t\t<use xlink:href=\"#stars-4\" \/>\n\t\t<use xlink:href=\"#stars-half-star\" transform=\"translate(42)\" \/>\n\t<\/symbol>\n\n\t<symbol id=\"stars-6\" viewBox=\"0 0 102 18\">\n\t\t<use xlink:href=\"#stars-4\" \/>\n\t\t<use xlink:href=\"#stars-full-star\" fill=\"#ffdc0f\" transform=\"translate(42)\" \/>\n\t<\/symbol>\n\n\t<symbol id=\"stars-7\" viewBox=\"0 0 102 18\">\n\t\t<use xlink:href=\"#stars-6\" \/>\n\t\t<use xlink:href=\"#stars-half-star\" transform=\"translate(63)\" \/>\n\t<\/symbol>\n\n\t<symbol id=\"stars-8\" viewBox=\"0 0 102 18\">\n\t\t<use xlink:href=\"#stars-6\" \/>\n\t\t<use xlink:href=\"#stars-full-star\" fill=\"#ffdc0f\" transform=\"translate(63)\" \/>\n\t<\/symbol>\n\n\t<symbol id=\"stars-9\" viewBox=\"0 0 102 18\">\n\t\t<use xlink:href=\"#stars-8\" \/>\n\t\t<use xlink:href=\"#stars-half-star\" transform=\"translate(84)\" \/>\n\t<\/symbol>\n\n\t<symbol id=\"stars-10\" viewBox=\"0 0 102 18\">\n\t\t<use xlink:href=\"#stars-all-star\" fill=\"#ffdc0f\" \/>\n\t<\/symbol>\n<\/svg>\n\r\n<div class=\"tipo2 \"  ><div class=\"cuadro_tipo\"><div class=\"tipo_icon\"><i class=\"fas fa-cubes\"><\/i><!--span class=\"dashicons dashicons-image-filter\"><\/span--><\/div><div class=\"titulo_tipo titulo\">Coberturas a\u00f1adidas<\/div><div class=\"texto_tipo\"><\/p>\r\n<ul>\r\n<li>Testamento online<\/li>\r\n<li>Borrado de huella digital<\/li>\r\n<li>Descuentos exclusivos m\u00e9dicos<\/li>\r\n<li>Consultas gratis en multitud de especialidades m\u00e9dicas<\/li>\r\n<li>Asistencia en viajes, ideal para los mayores de 75 a\u00f1os que viajan a nivel nacional con el IMSERSO o de forma privada, o internacional. Viajas de otra manera sabiendo que tienes esta cobertura.<\/li>\r\n<li>Una consulta de asistencia jur\u00eddica gratis.<\/li>\r\n<li>Consulta veterinaria gratis para los due\u00f1os de mascotas que tanta compa\u00f1\u00eda hacen a los mayores de 75 a\u00f1os.<\/li>\r\n<li>Otras coberturas muy interesantes.<\/li>\r\n<\/ul>\r\n<p><\/div><hr>Valoraci\u00f3n en iDecesos.com<div class=\"tipo_estrellas\">\n\t\t\t<svg class=\"icon\">\t\t<use xlink:href=\"#stars-10\">\t<\/svg>\n\t\t\t<!--img src=\"https:\/\/idecesos.com\/img\/stars_10.png\" alt=\"10\/10\" style=\"height:auto; width:120px; color:white; font-weight:700; box-sizing:border-box; border:0; vertical-align: middle;  \"-->\n\t\t\t<\/div><hr><div class=\"enlace_tipo\"><button type=\"button\" class=\"\" data-bs-toggle=\"modal\" data-bs-target=\"#comparadorModal\">\n\t\t\t\t\t\t<span class=\"\">Ver Precios<\/span>\t\t\t\t\n\t\t\t\t\t<\/button><\/div><\/div><\/div>\r\n<p>&nbsp;<\/p>\r\n<p>En resumidas cuentas, en iDecesos podr\u00e1s encontrar multitud de posibilidades de coberturas de diferentes seguros de decesos dise\u00f1ados para personas mayores de 75 a\u00f1os. En la comparativa que te mandamos a tu correo electr\u00f3nico te facilitamos tambi\u00e9n el documento informativo del producto y las condiciones generales de la p\u00f3liza de seguro de decesos para personas mayores a 75 a\u00f1os de cada aseguradora.<\/p>\r\n<\/div><\/div><\/div><\/div>\r\n<h3><span class=\"ez-toc-section\" id=\"Requisitos_para_contratar_un_seguro_de_decesos_para_mayores_de_75_anos\"><\/span>Requisitos para contratar un seguro de decesos para\u00a0mayores de 75 a\u00f1os<span class=\"ez-toc-section-end\"><\/span><\/h3>\r\n<p>Los m\u00e1s <strong>importantes requisitos para contratar un seguro de decesos para\u00a0<span class=\"il\">mayores<\/span> de 75 a\u00f1os <\/strong>son un estado de salud apto seg\u00fan los criterios exclusivos de la compa\u00f1\u00eda aseguradora con la que queramos convenir el contrato. Adem\u00e1s de tener la documentaci\u00f3n identificativa legal en Espa\u00f1a (dni, nif, nie) y una cuenta bancaria de un banco con sede nacional.<\/p>\r\n<p>Si lo que te preguntas si al tener m\u00e1s de 75 a\u00f1os no reunes los requisitos para contratar un seguro de decesos anual renovable con prima nivelada que puedas pagarlo mensualmente o de la forma m\u00e1s c\u00f3moda posible, en nuestro comparador iDecesos ofrecemos con acuerdos especiales con aseguradoras productos espec\u00edficos a estas necesidades. Compara en un minuto y que a pesar de que tengas 75 a\u00f1os ver\u00e1s que tienes todos los requisitos para acceder a un seguro de fallecimiento.<\/p>\r\n<div class=\"colorf\"><div class=\"container clearfix\"><div class=\"col-md-7\">\r\n<h2><span class=\"ez-toc-section\" id=\"%C2%BFQue_compania_de_seguro_de_decesos_elegir_para_mayores_de_75_anos\"><\/span>\u00bfQu\u00e9 compa\u00f1\u00eda de seguro de decesos elegir para\u00a0mayores de 75 a\u00f1os?<span class=\"ez-toc-section-end\"><\/span><\/h2>\r\n<p>En iDecesos nuestros asesores te ayudar\u00e1n a elegir la compa\u00f1\u00eda de seguro de decesos para <span class=\"il\">mayores<\/span> de 75 a\u00f1os. Te ofreceremos una vez identifiquemos tus necesidades una compa\u00f1\u00eda que tenga un producto de seguro de prima nivelada anual renovable o por otro lado una compa\u00f1\u00eda con un seguro de prima \u00fanica para mayores de 75 a\u00f1os con las mejores prestaciones y el precio m\u00e1s barato posible.<\/p>\r\n<p>En conclusi\u00f3n, en iDecesos comparamos la excelencia en cuanto a compa\u00f1\u00edas de seguro de decesos elegir para <span class=\"il\">mayores<\/span> de 75 a\u00f1os con las mejores ofertas y descuentos.<\/p>\r\n<\/div><\/div><\/div>\r\n\r\n<div class=\"oficinas\">\r\n<h3><span class=\"ez-toc-section\" id=\"Paginas_relacionadas\"><\/span>P\u00e1ginas relacionadas<span class=\"ez-toc-section-end\"><\/span><\/h3>\r\n<ul><li><a href=\"https:\/\/idecesos.com\/seguros\/tipo\/mayores\/de-55\/\"><span>Seguro de Decesos para Mayores de 55 a\u00f1os<\/span><\/a><\/li><li><a href=\"https:\/\/idecesos.com\/seguros\/tipo\/mayores\/de-60\/\"><span>Seguro de Decesos para Mayores de 60 a\u00f1os<\/span><\/a><\/li><li><a href=\"https:\/\/idecesos.com\/seguros\/tipo\/mayores\/de-65\/\"><span>Seguro de Decesos para Mayores de 65 a\u00f1os<\/span><\/a><\/li><li><a href=\"https:\/\/idecesos.com\/seguros\/tipo\/mayores\/de-70\/\"><span>Seguro de Decesos para Mayores de 70 a\u00f1os<\/span><\/a><\/li><li><a href=\"https:\/\/idecesos.com\/seguros\/tipo\/mayores\/de-80-85-90\/\"><span>Seguro de Decesos para Mayores de 80, 85 y 90 a\u00f1os<\/span><\/a><\/li><\/ul>\r\n<\/div>","protected":false},"excerpt":{"rendered":"<p>Los seguros de decesos para personas mayores de 75 a\u00f1os\u00a0son muy demandados, dado que incluyen primas \u00fanicas, es decir, son de pago \u00fanico y el asegurado se olvida del coste de su sepelio para toda la vida. Adem\u00e1s incluye un servicio especializado y con coste mucho mejor que si se pagase en directo a la&hellip; <\/p>\n","protected":false},"author":2,"featured_media":0,"parent":688,"menu_order":0,"comment_status":"open","ping_status":"closed","template":"single.php","meta":{"footnotes":""},"class_list":["post-697","page","type-page","status-publish","hentry"],"yoast_head":"<!-- This site is optimized with the Yoast SEO plugin v27.5 - https:\/\/yoast.com\/product\/yoast-seo-wordpress\/ -->\n<title>Seguro de Decesos para Mayores de 75 a\u00f1os \u25b7 Ofertas 2026<\/title>\n<meta name=\"description\" content=\"Busca aqu\u00ed el mejor\u3010seguro de decesos para mayores de 75 a\u00f1os\u3011al precio m\u00e1s barato. Varios tipos, compa\u00f1\u00edas y coberturas \u2611\ufe0fOfertas iDecesos\u00ae\" \/>\n<meta name=\"robots\" content=\"index, follow, max-snippet:-1, max-image-preview:large, max-video-preview:-1\" \/>\n<link rel=\"canonical\" href=\"https:\/\/idecesos.com\/seguros\/tipo\/mayores\/de-75\/\" \/>\n<meta property=\"og:locale\" content=\"es_ES\" \/>\n<meta property=\"og:type\" content=\"article\" \/>\n<meta property=\"og:title\" content=\"Seguro de Decesos para Mayores de 75 a\u00f1os \u25b7 Ofertas 2026\" \/>\n<meta property=\"og:description\" content=\"Busca aqu\u00ed el mejor\u3010seguro de decesos para mayores de 75 a\u00f1os\u3011al precio m\u00e1s barato. Varios tipos, compa\u00f1\u00edas y coberturas \u2611\ufe0fOfertas iDecesos\u00ae\" \/>\n<meta property=\"og:url\" content=\"https:\/\/idecesos.com\/seguros\/tipo\/mayores\/de-75\/\" \/>\n<meta property=\"article:modified_time\" content=\"2022-01-03T12:31:13+00:00\" \/>\n<meta name=\"twitter:card\" content=\"summary_large_image\" \/>\n<meta name=\"twitter:label1\" content=\"Tiempo de lectura\" \/>\n\t<meta name=\"twitter:data1\" content=\"5 minutos\" \/>\n<script type=\"application\/ld+json\" class=\"yoast-schema-graph\">{\"@context\":\"https:\\\/\\\/schema.org\",\"@graph\":[{\"@type\":\"WebPage\",\"@id\":\"https:\\\/\\\/idecesos.com\\\/seguros\\\/tipo\\\/mayores\\\/de-75\\\/\",\"url\":\"https:\\\/\\\/idecesos.com\\\/seguros\\\/tipo\\\/mayores\\\/de-75\\\/\",\"name\":\"Seguro de Decesos para Mayores de 75 a\u00f1os \u25b7 Ofertas 2026\",\"isPartOf\":{\"@id\":\"https:\\\/\\\/idecesos.com\\\/seguros\\\/#website\"},\"datePublished\":\"2021-07-13T08:22:42+00:00\",\"dateModified\":\"2022-01-03T12:31:13+00:00\",\"description\":\"Busca aqu\u00ed el mejor\u3010seguro de decesos para mayores de 75 a\u00f1os\u3011al precio m\u00e1s barato. Varios tipos, compa\u00f1\u00edas y coberturas \u2611\ufe0fOfertas iDecesos\u00ae\",\"breadcrumb\":{\"@id\":\"https:\\\/\\\/idecesos.com\\\/seguros\\\/tipo\\\/mayores\\\/de-75\\\/#breadcrumb\"},\"inLanguage\":\"es\",\"potentialAction\":[{\"@type\":\"ReadAction\",\"target\":[\"https:\\\/\\\/idecesos.com\\\/seguros\\\/tipo\\\/mayores\\\/de-75\\\/\"]}]},{\"@type\":\"BreadcrumbList\",\"@id\":\"https:\\\/\\\/idecesos.com\\\/seguros\\\/tipo\\\/mayores\\\/de-75\\\/#breadcrumb\",\"itemListElement\":[{\"@type\":\"ListItem\",\"position\":1,\"name\":\"Portada\",\"item\":\"https:\\\/\\\/idecesos.com\\\/seguros\\\/\"},{\"@type\":\"ListItem\",\"position\":2,\"name\":\"Tipos de seguros de decesos\",\"item\":\"https:\\\/\\\/idecesos.com\\\/seguros\\\/tipo\\\/\"},{\"@type\":\"ListItem\",\"position\":3,\"name\":\"Seguro Decesos Para Mayores\",\"item\":\"https:\\\/\\\/idecesos.com\\\/seguros\\\/tipo\\\/mayores\\\/\"},{\"@type\":\"ListItem\",\"position\":4,\"name\":\"Seguro de Decesos para Mayores de 75 a\u00f1os\"}]},{\"@type\":\"WebSite\",\"@id\":\"https:\\\/\\\/idecesos.com\\\/seguros\\\/#website\",\"url\":\"https:\\\/\\\/idecesos.com\\\/seguros\\\/\",\"name\":\"\",\"description\":\"\",\"potentialAction\":[{\"@type\":\"SearchAction\",\"target\":{\"@type\":\"EntryPoint\",\"urlTemplate\":\"https:\\\/\\\/idecesos.com\\\/seguros\\\/?s={search_term_string}\"},\"query-input\":{\"@type\":\"PropertyValueSpecification\",\"valueRequired\":true,\"valueName\":\"search_term_string\"}}],\"inLanguage\":\"es\"}]}<\/script>\n<!-- \/ Yoast SEO plugin. -->","yoast_head_json":{"title":"Seguro de Decesos para Mayores de 75 a\u00f1os \u25b7 Ofertas 2026","description":"Busca aqu\u00ed el mejor\u3010seguro de decesos para mayores de 75 a\u00f1os\u3011al precio m\u00e1s barato. Varios tipos, compa\u00f1\u00edas y coberturas \u2611\ufe0fOfertas iDecesos\u00ae","robots":{"index":"index","follow":"follow","max-snippet":"max-snippet:-1","max-image-preview":"max-image-preview:large","max-video-preview":"max-video-preview:-1"},"canonical":"https:\/\/idecesos.com\/seguros\/tipo\/mayores\/de-75\/","og_locale":"es_ES","og_type":"article","og_title":"Seguro de Decesos para Mayores de 75 a\u00f1os \u25b7 Ofertas 2026","og_description":"Busca aqu\u00ed el mejor\u3010seguro de decesos para mayores de 75 a\u00f1os\u3011al precio m\u00e1s barato. Varios tipos, compa\u00f1\u00edas y coberturas \u2611\ufe0fOfertas iDecesos\u00ae","og_url":"https:\/\/idecesos.com\/seguros\/tipo\/mayores\/de-75\/","article_modified_time":"2022-01-03T12:31:13+00:00","twitter_card":"summary_large_image","twitter_misc":{"Tiempo de lectura":"5 minutos"},"schema":{"@context":"https:\/\/schema.org","@graph":[{"@type":"WebPage","@id":"https:\/\/idecesos.com\/seguros\/tipo\/mayores\/de-75\/","url":"https:\/\/idecesos.com\/seguros\/tipo\/mayores\/de-75\/","name":"Seguro de Decesos para Mayores de 75 a\u00f1os \u25b7 Ofertas 2026","isPartOf":{"@id":"https:\/\/idecesos.com\/seguros\/#website"},"datePublished":"2021-07-13T08:22:42+00:00","dateModified":"2022-01-03T12:31:13+00:00","description":"Busca aqu\u00ed el mejor\u3010seguro de decesos para mayores de 75 a\u00f1os\u3011al precio m\u00e1s barato. Varios tipos, compa\u00f1\u00edas y coberturas \u2611\ufe0fOfertas iDecesos\u00ae","breadcrumb":{"@id":"https:\/\/idecesos.com\/seguros\/tipo\/mayores\/de-75\/#breadcrumb"},"inLanguage":"es","potentialAction":[{"@type":"ReadAction","target":["https:\/\/idecesos.com\/seguros\/tipo\/mayores\/de-75\/"]}]},{"@type":"BreadcrumbList","@id":"https:\/\/idecesos.com\/seguros\/tipo\/mayores\/de-75\/#breadcrumb","itemListElement":[{"@type":"ListItem","position":1,"name":"Portada","item":"https:\/\/idecesos.com\/seguros\/"},{"@type":"ListItem","position":2,"name":"Tipos de seguros de decesos","item":"https:\/\/idecesos.com\/seguros\/tipo\/"},{"@type":"ListItem","position":3,"name":"Seguro Decesos Para Mayores","item":"https:\/\/idecesos.com\/seguros\/tipo\/mayores\/"},{"@type":"ListItem","position":4,"name":"Seguro de Decesos para Mayores de 75 a\u00f1os"}]},{"@type":"WebSite","@id":"https:\/\/idecesos.com\/seguros\/#website","url":"https:\/\/idecesos.com\/seguros\/","name":"","description":"","potentialAction":[{"@type":"SearchAction","target":{"@type":"EntryPoint","urlTemplate":"https:\/\/idecesos.com\/seguros\/?s={search_term_string}"},"query-input":{"@type":"PropertyValueSpecification","valueRequired":true,"valueName":"search_term_string"}}],"inLanguage":"es"}]}},"_links":{"self":[{"href":"https:\/\/idecesos.com\/seguros\/wp-json\/wp\/v2\/pages\/697","targetHints":{"allow":["GET"]}}],"collection":[{"href":"https:\/\/idecesos.com\/seguros\/wp-json\/wp\/v2\/pages"}],"about":[{"href":"https:\/\/idecesos.com\/seguros\/wp-json\/wp\/v2\/types\/page"}],"author":[{"embeddable":true,"href":"https:\/\/idecesos.com\/seguros\/wp-json\/wp\/v2\/users\/2"}],"replies":[{"embeddable":true,"href":"https:\/\/idecesos.com\/seguros\/wp-json\/wp\/v2\/comments?post=697"}],"version-history":[{"count":15,"href":"https:\/\/idecesos.com\/seguros\/wp-json\/wp\/v2\/pages\/697\/revisions"}],"predecessor-version":[{"id":15008,"href":"https:\/\/idecesos.com\/seguros\/wp-json\/wp\/v2\/pages\/697\/revisions\/15008"}],"up":[{"embeddable":true,"href":"https:\/\/idecesos.com\/seguros\/wp-json\/wp\/v2\/pages\/688"}],"wp:attachment":[{"href":"https:\/\/idecesos.com\/seguros\/wp-json\/wp\/v2\/media?parent=697"}],"curies":[{"name":"wp","href":"https:\/\/api.w.org\/{rel}","templated":true}]}}