{"id":705,"date":"2021-07-13T08:32:44","date_gmt":"2021-07-13T08:32:44","guid":{"rendered":"https:\/\/idecesos.com\/seguros\/?page_id=705"},"modified":"2022-01-03T12:31:52","modified_gmt":"2022-01-03T12:31:52","slug":"medicos","status":"publish","type":"page","link":"https:\/\/idecesos.com\/seguros\/tipo\/medicos\/","title":{"rendered":"Seguro de Decesos y M\u00e9dicos"},"content":{"rendered":"\r\n\r\n<p>Son m\u00e1s de 20 millones de espa\u00f1oles los que ya optan por contratar un Seguro de Decesos con el principal objetivo de tranquilizar los tr\u00e1mites que se lleven a cabo tras el fallecimiento. De esta manera las familias aseguran que su compa\u00f1\u00eda de seguros responda por ellos en los d\u00edas de luto tanto a nivel econ\u00f3mico como en los aspectos burocr\u00e1ticos.<\/p>\r\n\r\n\r\n\r\n<p>En concreto los seguros de decesos son los encargados de la financiaci\u00f3n de los gastos que suponga el sepelio, as\u00ed como, del traslado del cuerpo a su pa\u00eds de origen, en caso de que fuera necesario. Adem\u00e1s esta p\u00f3liza cubre a aquellos que la hayan contratado la tramitaci\u00f3n de todos los procesos que fueran necesarios una vez fallecido el familiar.<\/p>\r\n\r\n\r\n\r\n<p>Por otro lado, los seguros de decesos pone una especial atenci\u00f3n a la ayuda, compresi\u00f3n y tranquilidad de los familiares mediante la financiaci\u00f3n del gasto del viaje; en caso de que fuera necesario el traslado del cuerpo, ayuda psicol\u00f3gica 24 horas a trav\u00e9s del tel\u00e9fono y resolver los tr\u00e1mites necesarios, entre otras labores.<\/p>\r\n\r\n\r\n\r\n<p>Como consecuencia de garantizar la tranquilidad de los familiares y buscando siempre la demanda que ofrece el mercado, las compa\u00f1\u00edas de seguros ofrecen a sus clientes la posibilidad de un pack que incluya seguro de decesos y asistencia m\u00e9dica. De esta manera las compa\u00f1\u00edas pretenden aumentar su cartera de clientes, as\u00ed como, la calidad de su trabajo y la cobertura ofrecida.<\/p>\r\n\r\n\r\n\r\n<p>Estos packs consisten principalmente en combinar todas las posibilidades que ofrecen los seguros de decesos con asistencia m\u00e9dica familiar para todos los miembros de la familia. De esta manera las aseguradoras ofrecen un seguro mucho m\u00e1s completo destinado principalmente a un perfil familiar que busca garantizar su bienestar y la de los suyos tanto en vida como una vez fallecido.<\/p>\r\n\r\n\r\n\r\n<p>Otra de las principales caracter\u00edsticas es la gran flexibilidad que presentan estas p\u00f3lizas ya que se adaptan, de manera espec\u00edfica, a aquello que demanda o necesita el cliente. Estos supone que exista, cada vez m\u00e1s, una gran variedad de ofertas y posibilidades en cuanto a las ofertas de las compa\u00f1\u00edas aseguradoras.<\/p>\r\n\r\n<div class=\"oficinas\">\r\n<h3>P\u00e1ginas relacionadas<\/h3>\r\n<ul><li><a href=\"https:\/\/idecesos.com\/seguros\/tipo\/mayores\/\"><span>Seguro Decesos Para Mayores<\/span><\/a><\/li><li><a href=\"https:\/\/idecesos.com\/seguros\/tipo\/extranjeros-repatriacion\/\"><span>Seguro Decesos para Extranjeros y Repatriaci\u00f3n<\/span><\/a><\/li><li><a href=\"https:\/\/idecesos.com\/seguros\/tipo\/basico\/\"><span>Seguro de Decesos B\u00e1sico<\/span><\/a><\/li><li><a href=\"https:\/\/idecesos.com\/seguros\/tipo\/hogar\/\"><span>Seguro de Decesos Combinado con Seguro de Hogar<\/span><\/a><\/li><li><a href=\"https:\/\/idecesos.com\/seguros\/tipo\/familiar\/\"><span>Seguro de Decesos Familiar<\/span><\/a><\/li><li><a href=\"https:\/\/idecesos.com\/seguros\/tipo\/sucesiones\/\"><span>Seguro de Decesos Impuesto de Sucesiones<\/span><\/a><\/li><li><a href=\"https:\/\/idecesos.com\/seguros\/tipo\/internacional\/\"><span>Seguro de Decesos Internacional<\/span><\/a><\/li><li><a href=\"https:\/\/idecesos.com\/seguros\/tipo\/judiciales\/\"><span>Seguro de Decesos Judiciales<\/span><\/a><\/li><li><a href=\"https:\/\/idecesos.com\/seguros\/tipo\/nicho\/\"><span>Seguro de Decesos Nicho<\/span><\/a><\/li><li><a href=\"https:\/\/idecesos.com\/seguros\/tipo\/mixta\/\"><span>Seguro de Decesos Prima Mixta<\/span><\/a><\/li><li><a href=\"https:\/\/idecesos.com\/seguros\/tipo\/natural\/\"><span>Seguro de Decesos Prima Natural<\/span><\/a><\/li><li><a href=\"https:\/\/idecesos.com\/seguros\/tipo\/nivelada\/\"><span>Seguro de Decesos Prima Nivelada<\/span><\/a><\/li><li><a href=\"https:\/\/idecesos.com\/seguros\/tipo\/constante\/\"><span>Seguro de Decesos Prima constante<\/span><\/a><\/li><li><a href=\"https:\/\/idecesos.com\/seguros\/tipo\/prima-unica\/\"><span>Seguro de Decesos Prima \u00danica<\/span><\/a><\/li><li><a href=\"https:\/\/idecesos.com\/seguros\/tipo\/todo-previsto\/\"><span>Seguro de Decesos Todo Previsto<\/span><\/a><\/li><li><a href=\"https:\/\/idecesos.com\/seguros\/tipo\/previsto\/\"><span>Seguro de Decesos Todo previsto<\/span><\/a><\/li><li><a href=\"https:\/\/idecesos.com\/seguros\/tipo\/vitalicio\/\"><span>Seguro de Decesos Vitalicio<\/span><\/a><\/li><li><a href=\"https:\/\/idecesos.com\/seguros\/tipo\/dental\/\"><span>Seguro de Decesos con Cobertura Dental<\/span><\/a><\/li><li><a href=\"https:\/\/idecesos.com\/seguros\/tipo\/enfermedad\/\"><span>Seguro de Decesos con Enfermedad Grave<\/span><\/a><\/li><li><a href=\"https:\/\/idecesos.com\/seguros\/tipo\/incineracion\/\"><span>Seguro de Decesos con Incineraci\u00f3n<\/span><\/a><\/li><li><a href=\"https:\/\/idecesos.com\/seguros\/tipo\/adultos\/\"><span>Seguro de Decesos para Adultos<\/span><\/a><\/li><li><a href=\"https:\/\/idecesos.com\/seguros\/tipo\/bebe\/\"><span>Seguro de Decesos para Beb\u00e9s<\/span><\/a><\/li><li><a href=\"https:\/\/idecesos.com\/seguros\/tipo\/accidentes\/\"><span>Seguro de Decesos y Accidentes<\/span><\/a><\/li><li><a href=\"https:\/\/idecesos.com\/seguros\/tipo\/vida\/\"><span>Seguro de Decesos y Vida<\/span><\/a><\/li><li><a href=\"https:\/\/idecesos.com\/seguros\/tipo\/sepelio\/\"><span>Seguro de Sepelio<\/span><\/a><\/li><\/ul>\r\n<\/div>","protected":false},"excerpt":{"rendered":"<p>Son m\u00e1s de 20 millones de espa\u00f1oles los que ya optan por contratar un Seguro de Decesos con el principal objetivo de tranquilizar los tr\u00e1mites que se lleven a cabo tras el fallecimiento. De esta manera las familias aseguran que su compa\u00f1\u00eda de seguros responda por ellos en los d\u00edas de luto tanto a nivel&hellip; <\/p>\n","protected":false},"author":2,"featured_media":0,"parent":586,"menu_order":0,"comment_status":"closed","ping_status":"closed","template":"single.php","meta":{"footnotes":""},"class_list":["post-705","page","type-page","status-publish","hentry"],"yoast_head":"<!-- This site is optimized with the Yoast SEO plugin v27.5 - https:\/\/yoast.com\/product\/yoast-seo-wordpress\/ -->\n<title>Seguro de Decesos y M\u00e9dicos \u25b7 Mejores Coberturas y Precios 2026<\/title>\n<meta name=\"description\" content=\"Calcula aqu\u00ed el mejor\u3010seguro de decesos y m\u00e9dicos\u3011N\u00ba1: Compa\u00f1\u00edas, coberturas y precios \u2611\ufe0fOfertas y descuentos exclusivos de iDecesos\u00ae\" \/>\n<meta name=\"robots\" content=\"index, follow, max-snippet:-1, max-image-preview:large, max-video-preview:-1\" \/>\n<link rel=\"canonical\" href=\"https:\/\/idecesos.com\/seguros\/tipo\/medicos\/\" \/>\n<meta property=\"og:locale\" content=\"es_ES\" \/>\n<meta property=\"og:type\" content=\"article\" \/>\n<meta property=\"og:title\" content=\"Seguro de Decesos y M\u00e9dicos \u25b7 Mejores Coberturas y Precios 2026\" \/>\n<meta property=\"og:description\" content=\"Calcula aqu\u00ed el mejor\u3010seguro de decesos y m\u00e9dicos\u3011N\u00ba1: Compa\u00f1\u00edas, coberturas y precios \u2611\ufe0fOfertas y descuentos exclusivos de iDecesos\u00ae\" \/>\n<meta property=\"og:url\" content=\"https:\/\/idecesos.com\/seguros\/tipo\/medicos\/\" \/>\n<meta property=\"article:modified_time\" content=\"2022-01-03T12:31:52+00:00\" \/>\n<meta name=\"twitter:card\" content=\"summary_large_image\" \/>\n<meta name=\"twitter:label1\" content=\"Tiempo de lectura\" \/>\n\t<meta name=\"twitter:data1\" content=\"2 minutos\" \/>\n<script type=\"application\/ld+json\" class=\"yoast-schema-graph\">{\"@context\":\"https:\\\/\\\/schema.org\",\"@graph\":[{\"@type\":\"WebPage\",\"@id\":\"https:\\\/\\\/idecesos.com\\\/seguros\\\/tipo\\\/medicos\\\/\",\"url\":\"https:\\\/\\\/idecesos.com\\\/seguros\\\/tipo\\\/medicos\\\/\",\"name\":\"Seguro de Decesos y M\u00e9dicos \u25b7 Mejores Coberturas y Precios 2026\",\"isPartOf\":{\"@id\":\"https:\\\/\\\/idecesos.com\\\/seguros\\\/#website\"},\"datePublished\":\"2021-07-13T08:32:44+00:00\",\"dateModified\":\"2022-01-03T12:31:52+00:00\",\"description\":\"Calcula aqu\u00ed el mejor\u3010seguro de decesos y m\u00e9dicos\u3011N\u00ba1: Compa\u00f1\u00edas, coberturas y precios \u2611\ufe0fOfertas y descuentos exclusivos de iDecesos\u00ae\",\"breadcrumb\":{\"@id\":\"https:\\\/\\\/idecesos.com\\\/seguros\\\/tipo\\\/medicos\\\/#breadcrumb\"},\"inLanguage\":\"es\",\"potentialAction\":[{\"@type\":\"ReadAction\",\"target\":[\"https:\\\/\\\/idecesos.com\\\/seguros\\\/tipo\\\/medicos\\\/\"]}]},{\"@type\":\"BreadcrumbList\",\"@id\":\"https:\\\/\\\/idecesos.com\\\/seguros\\\/tipo\\\/medicos\\\/#breadcrumb\",\"itemListElement\":[{\"@type\":\"ListItem\",\"position\":1,\"name\":\"Portada\",\"item\":\"https:\\\/\\\/idecesos.com\\\/seguros\\\/\"},{\"@type\":\"ListItem\",\"position\":2,\"name\":\"Tipos de seguros de decesos\",\"item\":\"https:\\\/\\\/idecesos.com\\\/seguros\\\/tipo\\\/\"},{\"@type\":\"ListItem\",\"position\":3,\"name\":\"Seguro de Decesos y M\u00e9dicos\"}]},{\"@type\":\"WebSite\",\"@id\":\"https:\\\/\\\/idecesos.com\\\/seguros\\\/#website\",\"url\":\"https:\\\/\\\/idecesos.com\\\/seguros\\\/\",\"name\":\"\",\"description\":\"\",\"potentialAction\":[{\"@type\":\"SearchAction\",\"target\":{\"@type\":\"EntryPoint\",\"urlTemplate\":\"https:\\\/\\\/idecesos.com\\\/seguros\\\/?s={search_term_string}\"},\"query-input\":{\"@type\":\"PropertyValueSpecification\",\"valueRequired\":true,\"valueName\":\"search_term_string\"}}],\"inLanguage\":\"es\"}]}<\/script>\n<!-- \/ Yoast SEO plugin. -->","yoast_head_json":{"title":"Seguro de Decesos y M\u00e9dicos \u25b7 Mejores Coberturas y Precios 2026","description":"Calcula aqu\u00ed el mejor\u3010seguro de decesos y m\u00e9dicos\u3011N\u00ba1: Compa\u00f1\u00edas, coberturas y precios \u2611\ufe0fOfertas y descuentos exclusivos de iDecesos\u00ae","robots":{"index":"index","follow":"follow","max-snippet":"max-snippet:-1","max-image-preview":"max-image-preview:large","max-video-preview":"max-video-preview:-1"},"canonical":"https:\/\/idecesos.com\/seguros\/tipo\/medicos\/","og_locale":"es_ES","og_type":"article","og_title":"Seguro de Decesos y M\u00e9dicos \u25b7 Mejores Coberturas y Precios 2026","og_description":"Calcula aqu\u00ed el mejor\u3010seguro de decesos y m\u00e9dicos\u3011N\u00ba1: Compa\u00f1\u00edas, coberturas y precios \u2611\ufe0fOfertas y descuentos exclusivos de iDecesos\u00ae","og_url":"https:\/\/idecesos.com\/seguros\/tipo\/medicos\/","article_modified_time":"2022-01-03T12:31:52+00:00","twitter_card":"summary_large_image","twitter_misc":{"Tiempo de lectura":"2 minutos"},"schema":{"@context":"https:\/\/schema.org","@graph":[{"@type":"WebPage","@id":"https:\/\/idecesos.com\/seguros\/tipo\/medicos\/","url":"https:\/\/idecesos.com\/seguros\/tipo\/medicos\/","name":"Seguro de Decesos y M\u00e9dicos \u25b7 Mejores Coberturas y Precios 2026","isPartOf":{"@id":"https:\/\/idecesos.com\/seguros\/#website"},"datePublished":"2021-07-13T08:32:44+00:00","dateModified":"2022-01-03T12:31:52+00:00","description":"Calcula aqu\u00ed el mejor\u3010seguro de decesos y m\u00e9dicos\u3011N\u00ba1: Compa\u00f1\u00edas, coberturas y precios \u2611\ufe0fOfertas y descuentos exclusivos de iDecesos\u00ae","breadcrumb":{"@id":"https:\/\/idecesos.com\/seguros\/tipo\/medicos\/#breadcrumb"},"inLanguage":"es","potentialAction":[{"@type":"ReadAction","target":["https:\/\/idecesos.com\/seguros\/tipo\/medicos\/"]}]},{"@type":"BreadcrumbList","@id":"https:\/\/idecesos.com\/seguros\/tipo\/medicos\/#breadcrumb","itemListElement":[{"@type":"ListItem","position":1,"name":"Portada","item":"https:\/\/idecesos.com\/seguros\/"},{"@type":"ListItem","position":2,"name":"Tipos de seguros de decesos","item":"https:\/\/idecesos.com\/seguros\/tipo\/"},{"@type":"ListItem","position":3,"name":"Seguro de Decesos y M\u00e9dicos"}]},{"@type":"WebSite","@id":"https:\/\/idecesos.com\/seguros\/#website","url":"https:\/\/idecesos.com\/seguros\/","name":"","description":"","potentialAction":[{"@type":"SearchAction","target":{"@type":"EntryPoint","urlTemplate":"https:\/\/idecesos.com\/seguros\/?s={search_term_string}"},"query-input":{"@type":"PropertyValueSpecification","valueRequired":true,"valueName":"search_term_string"}}],"inLanguage":"es"}]}},"_links":{"self":[{"href":"https:\/\/idecesos.com\/seguros\/wp-json\/wp\/v2\/pages\/705","targetHints":{"allow":["GET"]}}],"collection":[{"href":"https:\/\/idecesos.com\/seguros\/wp-json\/wp\/v2\/pages"}],"about":[{"href":"https:\/\/idecesos.com\/seguros\/wp-json\/wp\/v2\/types\/page"}],"author":[{"embeddable":true,"href":"https:\/\/idecesos.com\/seguros\/wp-json\/wp\/v2\/users\/2"}],"replies":[{"embeddable":true,"href":"https:\/\/idecesos.com\/seguros\/wp-json\/wp\/v2\/comments?post=705"}],"version-history":[{"count":8,"href":"https:\/\/idecesos.com\/seguros\/wp-json\/wp\/v2\/pages\/705\/revisions"}],"predecessor-version":[{"id":15010,"href":"https:\/\/idecesos.com\/seguros\/wp-json\/wp\/v2\/pages\/705\/revisions\/15010"}],"up":[{"embeddable":true,"href":"https:\/\/idecesos.com\/seguros\/wp-json\/wp\/v2\/pages\/586"}],"wp:attachment":[{"href":"https:\/\/idecesos.com\/seguros\/wp-json\/wp\/v2\/media?parent=705"}],"curies":[{"name":"wp","href":"https:\/\/api.w.org\/{rel}","templated":true}]}}