{"id":719,"date":"2021-07-13T09:02:49","date_gmt":"2021-07-13T09:02:49","guid":{"rendered":"https:\/\/idecesos.com\/seguros\/?page_id=719"},"modified":"2022-01-03T12:31:51","modified_gmt":"2022-01-03T12:31:51","slug":"vitalicio","status":"publish","type":"page","link":"https:\/\/idecesos.com\/seguros\/tipo\/vitalicio\/","title":{"rendered":"Seguro de Decesos Vitalicio"},"content":{"rendered":"<div id=\"ez-toc-container\" class=\"ez-toc-v2_0_83 ez-toc-wrap-center counter-hierarchy ez-toc-counter ez-toc-custom ez-toc-container-direction\">\n<div class=\"ez-toc-title-container\">\n<p class=\"ez-toc-title\" style=\"cursor:inherit\">Tabla de Contenido<\/p>\n<span class=\"ez-toc-title-toggle\"><a href=\"#\" class=\"ez-toc-pull-right ez-toc-btn ez-toc-btn-xs ez-toc-btn-default ez-toc-toggle\" aria-label=\"Alternar tabla de contenidos\"><span class=\"ez-toc-js-icon-con\"><span class=\"\"><span class=\"eztoc-hide\" style=\"display:none;\">Toggle<\/span><span class=\"ez-toc-icon-toggle-span\"><svg style=\"fill: #db6415;color:#db6415\" xmlns=\"http:\/\/www.w3.org\/2000\/svg\" class=\"list-377408\" width=\"20px\" height=\"20px\" viewBox=\"0 0 24 24\" fill=\"none\"><path d=\"M6 6H4v2h2V6zm14 0H8v2h12V6zM4 11h2v2H4v-2zm16 0H8v2h12v-2zM4 16h2v2H4v-2zm16 0H8v2h12v-2z\" fill=\"currentColor\"><\/path><\/svg><svg style=\"fill: #db6415;color:#db6415\" class=\"arrow-unsorted-368013\" xmlns=\"http:\/\/www.w3.org\/2000\/svg\" width=\"10px\" height=\"10px\" viewBox=\"0 0 24 24\" version=\"1.2\" baseProfile=\"tiny\"><path d=\"M18.2 9.3l-6.2-6.3-6.2 6.3c-.2.2-.3.4-.3.7s.1.5.3.7c.2.2.4.3.7.3h11c.3 0 .5-.1.7-.3.2-.2.3-.5.3-.7s-.1-.5-.3-.7zM5.8 14.7l6.2 6.3 6.2-6.3c.2-.2.3-.5.3-.7s-.1-.5-.3-.7c-.2-.2-.4-.3-.7-.3h-11c-.3 0-.5.1-.7.3-.2.2-.3.5-.3.7s.1.5.3.7z\"\/><\/svg><\/span><\/span><\/span><\/a><\/span><\/div>\n<nav><ul class='ez-toc-list ez-toc-list-level-1 ' ><li class='ez-toc-page-1 ez-toc-heading-level-2'><a class=\"ez-toc-link ez-toc-heading-1\" href=\"https:\/\/idecesos.com\/seguros\/tipo\/vitalicio\/#CALCULAR_SEGUROS_DECESOS_VITALICIO\" >CALCULAR SEGUROS DECESOS VITALICIO<\/a><ul class='ez-toc-list-level-3' ><li class='ez-toc-heading-level-3'><a class=\"ez-toc-link ez-toc-heading-2\" href=\"https:\/\/idecesos.com\/seguros\/tipo\/vitalicio\/#Paginas_relacionadas\" >P\u00e1ginas relacionadas<\/a><\/li><\/ul><\/li><\/ul><\/nav><\/div>\n\r\n\r\n<p>Desde el a\u00f1o 1992 Banco Vitalicio y Seguros La Estrella pasan a formar parte de Grupo Generali. Desde entonces estas dos compa\u00f1\u00edas han ido de la mano de Generali con el objetivo de proporcionar a sus clientes la mayor ayuda posible a trav\u00e9s de seguros en veh\u00edculos, hogar, vida y accidentes, salud, ahorro y decesos. En 2010 Vitalicio y Generali firman un convenio por el cual Vitalicio se integra para operar bajo la marca Generali Seguros.<\/p>\r\n\r\n\r\n\r\n<p>Ante la gran demanda que existe actualmente con respecto a las p\u00f3lizas de decesos, Generali pone especial \u00e9nfasis en este servicio a trav\u00e9s de numerosas coberturas que proporcionan a los clientes la tranquilidad necesaria en los d\u00edas de luto.<\/p>\r\n\r\n\r\n\r\n<p>Generali Seguros ofrece hasta 5 modalidades de p\u00f3lizas de decesos con el objetivo de adaptarse de manera exacta a cada una de las necesidades que puedan presentar los clientes. La primera de ellas, conocida como Generali Protecci\u00f3n Familiar se basa en las siguientes coberturas: A trav\u00e9s de una simple llamada un equipo de profesionales especializados se encargar\u00e1 de llevar a cabo todos los tr\u00e1mites inherentes al duelo, garantizan los capitales adecuados, los familiares ser\u00e1n los encargados los distintos componentes del servicio, en caso de que el coste utilizado sea menor al utilizar garantizan la devoluci\u00f3n del mismo. Por otro lado, a trav\u00e9s de esta modalidad, podr\u00e1s elegir entre una Prima Mixta o Nivelada.<\/p>\r\n\r\n\r\n\r\n<p>El seguro Generali Express decesos garantiza la gesti\u00f3n y gastos del sepelio, asistencia por fallecimiento, capital adicional para gastos del sepelio, servicios complementarios m\u00e9dicos asistenciales, capital por invalidez absoluta o permanente por accidente, hospitalizaci\u00f3n por enfermedad y accidente y repatriaci\u00f3n para extranjeros residentes en Espa\u00f1a. Mediante una llamada telef\u00f3nica o de manera online podr\u00e1s contratar todas las coberturas que protejan a ti y a los tuyos ante un fallecimiento.<\/p>\r\n\r\n\r\n\r\n<p>Para aquellas personas extranjeras que viven en Espa\u00f1a, Generali Seguros ofrece la modalidad Generali Protecci\u00f3n Residentes se encarga de proporcionar un amplio servicio de sepelio y un servicio de repatriaci\u00f3n que garantiza el traslado del fallecido a su lugar de origen. Adem\u00e1s, a trav\u00e9s de esta p\u00f3liza podr\u00e1s contar con las siguientes coberturas: servicio de gestor\u00eda, asistencia en viaje, servicio de orientaci\u00f3n telef\u00f3nica, teleasistencia, segunda opini\u00f3n m\u00e9dica, servicios de ayuda a domicilio y acceso a red de servicios m\u00e9dicos, entre otras muchas m\u00e1s.<\/p>\r\n\r\n\r\n\r\n<p>Pensando en las personas mayores, esta compa\u00f1\u00eda ofrece Generali Protecci\u00f3n Edad Oro, a trav\u00e9s de esta modalidad garantizan ofrecer ayuda a todos los clientes,independientemente de cual sea la edad del asegurado. Aquellas personas que decidan contratar Protecci\u00f3n Edad Oro contar\u00e1n con las siguientes coberturas: Gesti\u00f3n y gastos de Sepelio, Traslado Nacional e Internacional, Servicio de Gestor\u00eda, Servicio de Orientaci\u00f3n telef\u00f3nica, Teleasistencia y Servicios de Ayuda a Domicilio.<\/p>\r\n\r\n\r\n\r\n<p>Por \u00faltimo, aquellas personas j\u00f3venes que dedican contratar un seguro de decesos, Generali presente la modalidad Generali Protecci\u00f3n Single. A trav\u00e9s de esta modalidad los asegurados contar\u00e1n con las siguientes coberturas: asistencia en viaje, servicios de orientaci\u00f3n telef\u00f3nica, servicios de orientaci\u00f3n m\u00e9dica online, servicios m\u00e9dicos, servicios dentales, visita m\u00e9dica a domicilio, asistencia jur\u00eddica, teleasistencia y segunda opini\u00f3n p\u00fablica, entre otras muchas m\u00e1s.<\/p>\r\n\r\n\r\n\r\n<p>Si usted est\u00e1 pensando en contratar una p\u00f3liza de decesos, no dude en contactar con Generali Seguros, ellos se encargar\u00e1n de ofrecerte de manera exacta y espec\u00edfica lo que buscas.<br \/><br \/><\/p>\r\n\r\n\r\n\r\n<h2 class=\"wp-block-heading\"><span class=\"ez-toc-section\" id=\"CALCULAR_SEGUROS_DECESOS_VITALICIO\"><\/span>CALCULAR SEGUROS DECESOS VITALICIO<span class=\"ez-toc-section-end\"><\/span><\/h2>\r\n\r\n\r\n\r\n<p>Vitalicio ahora Generali seguros es una compa\u00f1\u00eda que cuenta con m\u00e1s de 170 a\u00f1os de historia, que ha evolucionado y ha sabido adaptarse a las medidas del mercado, convirti\u00e9ndose en el l\u00edder actual de los seguros, incluyendo el de decesos, considerado uno de los m\u00e1s esenciales.\u00a0<\/p>\r\n\r\n\r\n\r\n<p>Este grupo tiene presencia en m\u00e1s de 60 pa\u00edses, y tiene operaciones de seguros en m\u00e1s de cincuenta mercados, a trav\u00e9s de unas ciento cuarenta sucursales.<\/p>\r\n\r\n\r\n\r\n<p>En Espa\u00f1a est\u00e1 presente desde 1834, ofreciendo a cada cliente una experiencia perfecta. Cuentan con seguros de vida, como de no vida; decesos, hogar, accidente, etc.\u00a0<\/p>\r\n\r\n\r\n\r\n<p>Tienen como objetivo la creaci\u00f3n de valor, tanto social como ambiental, no solo centr\u00e1ndose en lo econ\u00f3mico. Se proponen ayudar a mejorar la vida de las personas, ofreciendo productos y servicios de calidad que satisfagan la protecci\u00f3n de sus clientes en todo momento.<\/p>\r\n\r\n\r\n\r\n<p>En el \u00e1mbito de los seguros, no tiene mucha dificultad calcular un presupuesto, aunque antes debemos saber con todos los que cuenta esta compa\u00f1\u00eda, centr\u00e1ndonos en el seguro de decesos, del cual hablamos en este post.\u00a0<\/p>\r\n\r\n\r\n\r\n<p>Primero encontramos el seguro Generali Protecci\u00f3n Familiar; que cuenta con una asistencia garantizada, incluso para todos los miembros de su familia. Cuenta con un servicio 24 horas, asistencia online, un servicio \u00edntegro y de alta calidad, incluyendo que cada una de las garant\u00edas contratadas se revalorice anualmente, garantizando tu m\u00e1xima tranquilidad.<\/p>\r\n\r\n\r\n\r\n<p>En este seguro se puede optar por una tarifa nivelada y otra mixta, a\u00f1adiendo en esta \u00faltima la misma prima durante las tres primera anualidades, lo que lo diferencia de otros productos del mercado.<\/p>\r\n\r\n\r\n\r\n<p>El seguro Generali Express Decesos, se puede realizar de forma online y por tel\u00e9fono, como el que pod\u00e9is realizar en la p\u00e1gina Idecesos.com, de forma clara,f\u00e1cil y directa, para obtener tu mejor seguro de decesos al mejor precio de mercado.\u00a0<\/p>\r\n\r\n\r\n\r\n<p>Generali protecci\u00f3n Residentes te ofrece un buen servicio de repatriaci\u00f3n en caso de fallecimiento. Adem\u00e1s contar\u00e1s con los privilegios del \u00e1rea e-cliente, donde podr\u00e1s visualizar, gestionar y consultar tus p\u00f3lizas. Cuenta con una cobertura en todo el mundo, adem\u00e1s de la devoluci\u00f3n del capital asegurado sobrante. Esto \u00faltimo podemos explicarlo de forma m\u00e1s sencilla, alguien que cuenta con un capital asegurado total y en los gastos del sepelio hay una cantidad sobrante, ya que no ha sido necesario el total de ese capital. En este caso hay compa\u00f1\u00edas que no disponen la devoluci\u00f3n de esa cifra restante, sin embargo si accede\u00eds a Idecesos.com pod\u00e9is comparar y encontrar ofertas como seguros Helvetia que si se encargan de devolver esa cifra.<\/p>\r\n\r\n\r\n\r\n<p>Generali protecci\u00f3n de oro, es un seguro centrado para personas mayores, contando con una prestaci\u00f3n del servicio \u00edntegro, garantizando los capitales adecuados, y te devuelven el capital asegurado sobrante, adem\u00e1s de un buen plan de previsi\u00f3n familiar.<\/p>\r\n\r\n\r\n\r\n<p>Para ir terminando, encontramos un seguro para los m\u00e1s j\u00f3venes que vivan en el extranjero, con el Generali Protecci\u00f3n Single, un seguro de decesos con coberturas y servicios dise\u00f1ados para ellos. Se le a\u00f1aden todas las caracter\u00edsticas que hemos comentado en los diferentes tipos de seguros anteriores.<\/p>\r\n\r\n\r\n\r\n<p>Es de relevancia a\u00f1adir que todos estos productos ofrecen servicios a lo largo de su contrataci\u00f3n, como la gestor\u00eda por fallecimiento, el servicio m\u00e9dico de asistencia familiar, un cuadro m\u00e9dico dental, e incluso un programa de bienestar.\u00a0<\/p>\r\n\r\n\r\n\r\n<p>Existen diferentes modalidades de pago a la hora de contratar un seguro de decesos, el cliente habitualmente puede seleccionar una de las cinco modalidades de contrataci\u00f3n, seg\u00fan la cual se establece la prima que se tendr\u00e1 que pagar en cada per\u00edodo.\u00a0<\/p>\r\n\r\n\r\n\r\n<p>Las m\u00e1s comunes en los seguros de decesos son la forma de pago nivelada, natural, y \u00fanica. Aunque actualmente tambi\u00e9n ofrecen la posibilidad de suscribirlo de forma mixta o seminatural. Os contamos un poco en qu\u00e9 consiste cada modalidad.<\/p>\r\n\r\n\r\n\r\n<p>\u00a0 \u00a0 En la modalidad nivelada, el asegurado paga una prima o cuota constante durante toda su vida, es decir hasta que pueda ocurrir alg\u00fan siniestro, teniendo que abonar, seg\u00fan la opci\u00f3n cada 3,6 o 12 meses, una cuota \u00fanica pudiendo variar seg\u00fan el IPC, el \u00edndice de precio de consumo. Podr\u00e1 ser m\u00e1s alta o m\u00e1s baja dependiendo de la edad con la que se contrate el seguro, siendo m\u00e1s baja en torno a los 18 a\u00f1os, y siendo m\u00e1s alta a partir de los 50 a\u00f1os. Existe una competencia m\u00e1s atractiva entre las aseguradoras en est\u00e1 modalidad.<\/p>\r\n\r\n\r\n\r\n<p>En la modalidad natural, el asegurado paga menos de j\u00f3ven y m\u00e1s a medida que se va haciendo mayor. Resulta muy econ\u00f3mica a edades tempranas pero sin embargo se vuelve realmente costosa a medida que entras en un rango de edad mayor.<\/p>\r\n\r\n\r\n\r\n<p>Tiene que quedar claro que tu puedes cambiar el concepto o la forma de modalidad seg\u00fan te vaya interesando m\u00e1s.\u00a0<\/p>\r\n\r\n\r\n\r\n<p>La modalidad mixta es una mezcla entre la natural y la nivelada. En un principio se pagar\u00eda en funci\u00f3n de su edad y a medida que pasara el tiempo la prima se nivelara y se mantendr\u00e1 constante.<\/p>\r\n\r\n\r\n\r\n<p>La prima \u00fanica est\u00e1 destinada a las personas que rondan la edad de los 65 a 70 a\u00f1os, tambi\u00e9n dependiendo de la compa\u00f1\u00eda aseguradora.Se obtiene la cobertura de decesos en un pago \u00fanico.<\/p>\r\n\r\n<div class=\"oficinas\">\r\n<h3><span class=\"ez-toc-section\" id=\"Paginas_relacionadas\"><\/span>P\u00e1ginas relacionadas<span class=\"ez-toc-section-end\"><\/span><\/h3>\r\n<ul><li><a href=\"https:\/\/idecesos.com\/seguros\/tipo\/mayores\/\"><span>Seguro Decesos Para Mayores<\/span><\/a><\/li><li><a href=\"https:\/\/idecesos.com\/seguros\/tipo\/extranjeros-repatriacion\/\"><span>Seguro Decesos para Extranjeros y Repatriaci\u00f3n<\/span><\/a><\/li><li><a href=\"https:\/\/idecesos.com\/seguros\/tipo\/basico\/\"><span>Seguro de Decesos B\u00e1sico<\/span><\/a><\/li><li><a href=\"https:\/\/idecesos.com\/seguros\/tipo\/hogar\/\"><span>Seguro de Decesos Combinado con Seguro de Hogar<\/span><\/a><\/li><li><a href=\"https:\/\/idecesos.com\/seguros\/tipo\/familiar\/\"><span>Seguro de Decesos Familiar<\/span><\/a><\/li><li><a href=\"https:\/\/idecesos.com\/seguros\/tipo\/sucesiones\/\"><span>Seguro de Decesos Impuesto de Sucesiones<\/span><\/a><\/li><li><a href=\"https:\/\/idecesos.com\/seguros\/tipo\/internacional\/\"><span>Seguro de Decesos Internacional<\/span><\/a><\/li><li><a href=\"https:\/\/idecesos.com\/seguros\/tipo\/judiciales\/\"><span>Seguro de Decesos Judiciales<\/span><\/a><\/li><li><a href=\"https:\/\/idecesos.com\/seguros\/tipo\/nicho\/\"><span>Seguro de Decesos Nicho<\/span><\/a><\/li><li><a href=\"https:\/\/idecesos.com\/seguros\/tipo\/mixta\/\"><span>Seguro de Decesos Prima Mixta<\/span><\/a><\/li><li><a href=\"https:\/\/idecesos.com\/seguros\/tipo\/natural\/\"><span>Seguro de Decesos Prima Natural<\/span><\/a><\/li><li><a href=\"https:\/\/idecesos.com\/seguros\/tipo\/nivelada\/\"><span>Seguro de Decesos Prima Nivelada<\/span><\/a><\/li><li><a href=\"https:\/\/idecesos.com\/seguros\/tipo\/constante\/\"><span>Seguro de Decesos Prima constante<\/span><\/a><\/li><li><a href=\"https:\/\/idecesos.com\/seguros\/tipo\/prima-unica\/\"><span>Seguro de Decesos Prima \u00danica<\/span><\/a><\/li><li><a href=\"https:\/\/idecesos.com\/seguros\/tipo\/todo-previsto\/\"><span>Seguro de Decesos Todo Previsto<\/span><\/a><\/li><li><a href=\"https:\/\/idecesos.com\/seguros\/tipo\/previsto\/\"><span>Seguro de Decesos Todo previsto<\/span><\/a><\/li><li><a href=\"https:\/\/idecesos.com\/seguros\/tipo\/dental\/\"><span>Seguro de Decesos con Cobertura Dental<\/span><\/a><\/li><li><a href=\"https:\/\/idecesos.com\/seguros\/tipo\/enfermedad\/\"><span>Seguro de Decesos con Enfermedad Grave<\/span><\/a><\/li><li><a href=\"https:\/\/idecesos.com\/seguros\/tipo\/incineracion\/\"><span>Seguro de Decesos con Incineraci\u00f3n<\/span><\/a><\/li><li><a href=\"https:\/\/idecesos.com\/seguros\/tipo\/adultos\/\"><span>Seguro de Decesos para Adultos<\/span><\/a><\/li><li><a href=\"https:\/\/idecesos.com\/seguros\/tipo\/bebe\/\"><span>Seguro de Decesos para Beb\u00e9s<\/span><\/a><\/li><li><a href=\"https:\/\/idecesos.com\/seguros\/tipo\/accidentes\/\"><span>Seguro de Decesos y Accidentes<\/span><\/a><\/li><li><a href=\"https:\/\/idecesos.com\/seguros\/tipo\/medicos\/\"><span>Seguro de Decesos y M\u00e9dicos<\/span><\/a><\/li><li><a href=\"https:\/\/idecesos.com\/seguros\/tipo\/vida\/\"><span>Seguro de Decesos y Vida<\/span><\/a><\/li><li><a href=\"https:\/\/idecesos.com\/seguros\/tipo\/sepelio\/\"><span>Seguro de Sepelio<\/span><\/a><\/li><\/ul>\r\n<\/div>","protected":false},"excerpt":{"rendered":"<p>Desde el a\u00f1o 1992 Banco Vitalicio y Seguros La Estrella pasan a formar parte de Grupo Generali. Desde entonces estas dos compa\u00f1\u00edas han ido de la mano de Generali con el objetivo de proporcionar a sus clientes la mayor ayuda posible a trav\u00e9s de seguros en veh\u00edculos, hogar, vida y accidentes, salud, ahorro y decesos.&hellip; <\/p>\n","protected":false},"author":2,"featured_media":0,"parent":586,"menu_order":0,"comment_status":"closed","ping_status":"closed","template":"single.php","meta":{"footnotes":""},"class_list":["post-719","page","type-page","status-publish","hentry"],"yoast_head":"<!-- This site is optimized with the Yoast SEO plugin v27.5 - https:\/\/yoast.com\/product\/yoast-seo-wordpress\/ -->\n<title>Seguro de Decesos Vitalicio -<\/title>\n<meta name=\"robots\" content=\"index, follow, max-snippet:-1, max-image-preview:large, max-video-preview:-1\" \/>\n<link rel=\"canonical\" href=\"https:\/\/idecesos.com\/seguros\/tipo\/vitalicio\/\" \/>\n<meta property=\"og:locale\" content=\"es_ES\" \/>\n<meta property=\"og:type\" content=\"article\" \/>\n<meta property=\"og:title\" content=\"Seguro de Decesos Vitalicio -\" \/>\n<meta property=\"og:description\" content=\"Desde el a\u00f1o 1992 Banco Vitalicio y Seguros La Estrella pasan a formar parte de Grupo Generali. Desde entonces estas dos compa\u00f1\u00edas han ido de la mano de Generali con el objetivo de proporcionar a sus clientes la mayor ayuda posible a trav\u00e9s de seguros en veh\u00edculos, hogar, vida y accidentes, salud, ahorro y decesos.&hellip;\" \/>\n<meta property=\"og:url\" content=\"https:\/\/idecesos.com\/seguros\/tipo\/vitalicio\/\" \/>\n<meta property=\"article:modified_time\" content=\"2022-01-03T12:31:51+00:00\" \/>\n<meta name=\"twitter:card\" content=\"summary_large_image\" \/>\n<meta name=\"twitter:label1\" content=\"Tiempo de lectura\" \/>\n\t<meta name=\"twitter:data1\" content=\"7 minutos\" \/>\n<script type=\"application\/ld+json\" class=\"yoast-schema-graph\">{\"@context\":\"https:\\\/\\\/schema.org\",\"@graph\":[{\"@type\":\"WebPage\",\"@id\":\"https:\\\/\\\/idecesos.com\\\/seguros\\\/tipo\\\/vitalicio\\\/\",\"url\":\"https:\\\/\\\/idecesos.com\\\/seguros\\\/tipo\\\/vitalicio\\\/\",\"name\":\"Seguro de Decesos Vitalicio -\",\"isPartOf\":{\"@id\":\"https:\\\/\\\/idecesos.com\\\/seguros\\\/#website\"},\"datePublished\":\"2021-07-13T09:02:49+00:00\",\"dateModified\":\"2022-01-03T12:31:51+00:00\",\"breadcrumb\":{\"@id\":\"https:\\\/\\\/idecesos.com\\\/seguros\\\/tipo\\\/vitalicio\\\/#breadcrumb\"},\"inLanguage\":\"es\",\"potentialAction\":[{\"@type\":\"ReadAction\",\"target\":[\"https:\\\/\\\/idecesos.com\\\/seguros\\\/tipo\\\/vitalicio\\\/\"]}]},{\"@type\":\"BreadcrumbList\",\"@id\":\"https:\\\/\\\/idecesos.com\\\/seguros\\\/tipo\\\/vitalicio\\\/#breadcrumb\",\"itemListElement\":[{\"@type\":\"ListItem\",\"position\":1,\"name\":\"Portada\",\"item\":\"https:\\\/\\\/idecesos.com\\\/seguros\\\/\"},{\"@type\":\"ListItem\",\"position\":2,\"name\":\"Tipos de seguros de decesos\",\"item\":\"https:\\\/\\\/idecesos.com\\\/seguros\\\/tipo\\\/\"},{\"@type\":\"ListItem\",\"position\":3,\"name\":\"Seguro de Decesos Vitalicio\"}]},{\"@type\":\"WebSite\",\"@id\":\"https:\\\/\\\/idecesos.com\\\/seguros\\\/#website\",\"url\":\"https:\\\/\\\/idecesos.com\\\/seguros\\\/\",\"name\":\"\",\"description\":\"\",\"potentialAction\":[{\"@type\":\"SearchAction\",\"target\":{\"@type\":\"EntryPoint\",\"urlTemplate\":\"https:\\\/\\\/idecesos.com\\\/seguros\\\/?s={search_term_string}\"},\"query-input\":{\"@type\":\"PropertyValueSpecification\",\"valueRequired\":true,\"valueName\":\"search_term_string\"}}],\"inLanguage\":\"es\"}]}<\/script>\n<!-- \/ Yoast SEO plugin. -->","yoast_head_json":{"title":"Seguro de Decesos Vitalicio -","robots":{"index":"index","follow":"follow","max-snippet":"max-snippet:-1","max-image-preview":"max-image-preview:large","max-video-preview":"max-video-preview:-1"},"canonical":"https:\/\/idecesos.com\/seguros\/tipo\/vitalicio\/","og_locale":"es_ES","og_type":"article","og_title":"Seguro de Decesos Vitalicio -","og_description":"Desde el a\u00f1o 1992 Banco Vitalicio y Seguros La Estrella pasan a formar parte de Grupo Generali. Desde entonces estas dos compa\u00f1\u00edas han ido de la mano de Generali con el objetivo de proporcionar a sus clientes la mayor ayuda posible a trav\u00e9s de seguros en veh\u00edculos, hogar, vida y accidentes, salud, ahorro y decesos.&hellip;","og_url":"https:\/\/idecesos.com\/seguros\/tipo\/vitalicio\/","article_modified_time":"2022-01-03T12:31:51+00:00","twitter_card":"summary_large_image","twitter_misc":{"Tiempo de lectura":"7 minutos"},"schema":{"@context":"https:\/\/schema.org","@graph":[{"@type":"WebPage","@id":"https:\/\/idecesos.com\/seguros\/tipo\/vitalicio\/","url":"https:\/\/idecesos.com\/seguros\/tipo\/vitalicio\/","name":"Seguro de Decesos Vitalicio -","isPartOf":{"@id":"https:\/\/idecesos.com\/seguros\/#website"},"datePublished":"2021-07-13T09:02:49+00:00","dateModified":"2022-01-03T12:31:51+00:00","breadcrumb":{"@id":"https:\/\/idecesos.com\/seguros\/tipo\/vitalicio\/#breadcrumb"},"inLanguage":"es","potentialAction":[{"@type":"ReadAction","target":["https:\/\/idecesos.com\/seguros\/tipo\/vitalicio\/"]}]},{"@type":"BreadcrumbList","@id":"https:\/\/idecesos.com\/seguros\/tipo\/vitalicio\/#breadcrumb","itemListElement":[{"@type":"ListItem","position":1,"name":"Portada","item":"https:\/\/idecesos.com\/seguros\/"},{"@type":"ListItem","position":2,"name":"Tipos de seguros de decesos","item":"https:\/\/idecesos.com\/seguros\/tipo\/"},{"@type":"ListItem","position":3,"name":"Seguro de Decesos Vitalicio"}]},{"@type":"WebSite","@id":"https:\/\/idecesos.com\/seguros\/#website","url":"https:\/\/idecesos.com\/seguros\/","name":"","description":"","potentialAction":[{"@type":"SearchAction","target":{"@type":"EntryPoint","urlTemplate":"https:\/\/idecesos.com\/seguros\/?s={search_term_string}"},"query-input":{"@type":"PropertyValueSpecification","valueRequired":true,"valueName":"search_term_string"}}],"inLanguage":"es"}]}},"_links":{"self":[{"href":"https:\/\/idecesos.com\/seguros\/wp-json\/wp\/v2\/pages\/719","targetHints":{"allow":["GET"]}}],"collection":[{"href":"https:\/\/idecesos.com\/seguros\/wp-json\/wp\/v2\/pages"}],"about":[{"href":"https:\/\/idecesos.com\/seguros\/wp-json\/wp\/v2\/types\/page"}],"author":[{"embeddable":true,"href":"https:\/\/idecesos.com\/seguros\/wp-json\/wp\/v2\/users\/2"}],"replies":[{"embeddable":true,"href":"https:\/\/idecesos.com\/seguros\/wp-json\/wp\/v2\/comments?post=719"}],"version-history":[{"count":7,"href":"https:\/\/idecesos.com\/seguros\/wp-json\/wp\/v2\/pages\/719\/revisions"}],"predecessor-version":[{"id":15021,"href":"https:\/\/idecesos.com\/seguros\/wp-json\/wp\/v2\/pages\/719\/revisions\/15021"}],"up":[{"embeddable":true,"href":"https:\/\/idecesos.com\/seguros\/wp-json\/wp\/v2\/pages\/586"}],"wp:attachment":[{"href":"https:\/\/idecesos.com\/seguros\/wp-json\/wp\/v2\/media?parent=719"}],"curies":[{"name":"wp","href":"https:\/\/api.w.org\/{rel}","templated":true}]}}