{"id":722,"date":"2021-07-13T09:05:06","date_gmt":"2021-07-13T09:05:06","guid":{"rendered":"https:\/\/idecesos.com\/seguros\/?page_id=722"},"modified":"2022-01-03T12:31:52","modified_gmt":"2022-01-03T12:31:52","slug":"vida","status":"publish","type":"page","link":"https:\/\/idecesos.com\/seguros\/tipo\/vida\/","title":{"rendered":"Seguro de Decesos y Vida"},"content":{"rendered":"<div id=\"ez-toc-container\" class=\"ez-toc-v2_0_83 ez-toc-wrap-center counter-hierarchy ez-toc-counter ez-toc-custom ez-toc-container-direction\">\n<div class=\"ez-toc-title-container\">\n<p class=\"ez-toc-title\" style=\"cursor:inherit\">Tabla de Contenido<\/p>\n<span class=\"ez-toc-title-toggle\"><a href=\"#\" class=\"ez-toc-pull-right ez-toc-btn ez-toc-btn-xs ez-toc-btn-default ez-toc-toggle\" aria-label=\"Alternar tabla de contenidos\"><span class=\"ez-toc-js-icon-con\"><span class=\"\"><span class=\"eztoc-hide\" style=\"display:none;\">Toggle<\/span><span class=\"ez-toc-icon-toggle-span\"><svg style=\"fill: #db6415;color:#db6415\" xmlns=\"http:\/\/www.w3.org\/2000\/svg\" class=\"list-377408\" width=\"20px\" height=\"20px\" viewBox=\"0 0 24 24\" fill=\"none\"><path d=\"M6 6H4v2h2V6zm14 0H8v2h12V6zM4 11h2v2H4v-2zm16 0H8v2h12v-2zM4 16h2v2H4v-2zm16 0H8v2h12v-2z\" fill=\"currentColor\"><\/path><\/svg><svg style=\"fill: #db6415;color:#db6415\" class=\"arrow-unsorted-368013\" xmlns=\"http:\/\/www.w3.org\/2000\/svg\" width=\"10px\" height=\"10px\" viewBox=\"0 0 24 24\" version=\"1.2\" baseProfile=\"tiny\"><path d=\"M18.2 9.3l-6.2-6.3-6.2 6.3c-.2.2-.3.4-.3.7s.1.5.3.7c.2.2.4.3.7.3h11c.3 0 .5-.1.7-.3.2-.2.3-.5.3-.7s-.1-.5-.3-.7zM5.8 14.7l6.2 6.3 6.2-6.3c.2-.2.3-.5.3-.7s-.1-.5-.3-.7c-.2-.2-.4-.3-.7-.3h-11c-.3 0-.5.1-.7.3-.2.2-.3.5-.3.7s.1.5.3.7z\"\/><\/svg><\/span><\/span><\/span><\/a><\/span><\/div>\n<nav><ul class='ez-toc-list ez-toc-list-level-1 ' ><li class='ez-toc-page-1 ez-toc-heading-level-2'><a class=\"ez-toc-link ez-toc-heading-1\" href=\"https:\/\/idecesos.com\/seguros\/tipo\/vida\/#SEGURO_DECESOS_VIDA\" >SEGURO DECESOS VIDA<\/a><ul class='ez-toc-list-level-3' ><li class='ez-toc-heading-level-3'><a class=\"ez-toc-link ez-toc-heading-2\" href=\"https:\/\/idecesos.com\/seguros\/tipo\/vida\/#Paginas_relacionadas\" >P\u00e1ginas relacionadas<\/a><\/li><\/ul><\/li><\/ul><\/nav><\/div>\n\r\n\r\n<p>Tanto los Seguros Decesos como los Seguros de Vida est\u00e1n destinados a cubrir las necesidades de las familias en caso de fallecimiento de un familiar, sin embargo, presentan cuentan con algunos detalles como por ejemplo los motivos de contrataci\u00f3n que hacen que sean diferentes.<\/p>\r\n\r\n\r\n\r\n<p>Estos dos seguros coinciden en muchos aspectos, hasta el punto que a menudo se confunden. Uno de los aspectos en los que coinciden que es ambos est\u00e1n destinados a ayudar a las familias en caso de fallecimiento de familiar. Adem\u00e1s ambos seguros comparten alguna prestaci\u00f3n como por ejemplo la asistencia telef\u00f3nica o la repatriaci\u00f3n del cuerpo, en caso de que fuera necesario.<\/p>\r\n\r\n\r\n\r\n<p>Sin embargo, a pesar de que cuentan con una amplia gama de similitudes, ambos tienen aspectos que hacen que sean seguros diferentes. En primer lugar las personas que contratan un Seguro de Deceso buscan que la compa\u00f1\u00eda aseguradora lleve a cabo una actividad que ellos no desean hacer d\u00edas posteriores al fallecimiento mientras que aquellas que deciden contratar las P\u00f3lizas de Vida tienen como objetivo principal una compensaci\u00f3n econ\u00f3mica. Otra de las diferencias destacables entre estos dos seguros, que aparentemente podr\u00edan resultar iguales, es la mayor amplitud de garant\u00edas opcionales que presentan los Seguros de vida. Por ejemplo aquellos accidentes que desemboquen en la invalidez del cliente los Seguros de Vida s\u00ed los cubrir\u00e1n mientras que los Seguros de Decesos no.<\/p>\r\n\r\n\r\n\r\n<p>Por otro lado tambi\u00e9n se encuentran diferencias a la hora de la contrataci\u00f3n de los estos seguros. Las p\u00f3lizas de Vida por su parte no permiten la contrataci\u00f3n de personas menores de 14 a\u00f1os, sin embargo los Seguros de Decesos s\u00ed.<\/p>\r\n\r\n\r\n\r\n<p>Adem\u00e1s, aunque pueda resultar extra\u00f1o, tambi\u00e9n se diferencia el proceso que se debe de seguir para comunicar el siniestro. En el caso de las los Seguros de Vida el tomador, el asegurado o el beneficiario dispone de 7 d\u00edas h\u00e1biles para la comunicaci\u00f3n del siniestro, en el caso del Seguro de Decesos, no importa no importa qui\u00e9n sea el encargado de ponerse en contacto con la compa\u00f1\u00eda aseguradora para dar parte del siniestro.<\/p>\r\n\r\n\r\n\r\n<p>De esta manera comprobamos que, a pesar de que cuentan con una finalidad principal que es ayudar a los familiares en el caso del fallecimiento de un familiar, presentan diferencias que hacen que hablemos de seguros distintos.<\/p>\r\n\r\n\r\n\r\n<h2 class=\"wp-block-heading\"><span class=\"ez-toc-section\" id=\"SEGURO_DECESOS_VIDA\"><\/span>SEGURO DECESOS VIDA<span class=\"ez-toc-section-end\"><\/span><\/h2>\r\n\r\n\r\n\r\n<p>A menudo se tiende a confundir los Seguros de Decesos con los Seguros de Vida ya que ambos se activan tras el fallecimiento de un familiar o ser querido, sin embargo, a trav\u00e9s de este post veremos que presentan claras diferencias. La principal diferencia entre ambas p\u00f3lizas es que el Seguro de Vida ayuda a sus clientes a trav\u00e9s de cuant\u00edas econ\u00f3micas y los Seguros de Decesos se encargan de proporcionar un servicio de sepelio y tramitaci\u00f3n burocr\u00e1tica. Vamos a desgranar estas dos p\u00f3lizas para ver cu\u00e1l es su funcionamiento.<\/p>\r\n\r\n\r\n\r\n<p>La p\u00f3liza de decesos basa su funcionamiento en ofrecer a sus clientes diferentes coberturas que garantizan tu tranquilidad y la de los tuyos en los d\u00edas de luto. Las principales coberturas que ofrece este seguro es proporcionar un amplio servicio de sepelio, as\u00ed como, financiaci\u00f3n de los gastos que suponga el mismo y tramitaci\u00f3n de las gestiones burocr\u00e1ticas inherentes al duelo. Tambi\u00e9n se encargan de ofrecer un servicio de repatriaci\u00f3n, es decir, la compa\u00f1\u00eda aseguradora se encargar\u00e1 del traslado del fallecido a su lugar de origen y de la financiaci\u00f3n del viaje de un acompa\u00f1ante.<\/p>\r\n\r\n\r\n\r\n<p>La prima de las p\u00f3lizas de decesos se fija en funci\u00f3n de las coberturas contratadas y la edad del asegurado. La cuant\u00eda est\u00e1 destinada a cubrir los costes funerarios por lo que el coste a pagar por el asegurado podr\u00e1 sufrir actualizaciones como consecuencia del importe de la funeraria. Adem\u00e1s el cliente podr\u00e1 elegir entre diferentes modalidades de prima (\u00danica, Nivelada, Natural, Mixta, Semi-Natural) en funci\u00f3n de la que m\u00e1s se adapte a sus necesidades. S\u00f3lo la Prima \u00danica no est\u00e1 expuesta a sufrir variaciones por los costes de los servicios funerarios.<\/p>\r\n\r\n\r\n\r\n<p>Por su parte, el Seguro de Vida, fundamenta su trabajo en proporcionar a los clientes una cuant\u00eda econ\u00f3mica que les permita afrontar aquellos problemas que puedan surgir tras el fallecimiento de un familiar. Las p\u00f3lizas de vida no ofrecen un servicio de sepelio ni se encargan de la tramitaci\u00f3n burocr\u00e1tica, est\u00e1n pensandos para ayudar a los asegurados a trav\u00e9s de coberturas econ\u00f3mica.<\/p>\r\n\r\n\r\n\r\n<p>Los clientes que decidan contratar la p\u00f3liza de vida tendr\u00e1n libertad a la hora de elegir el capital contratado y en funci\u00f3n del mismo la compa\u00f1\u00eda aseguradora fija la prima. Esta prima solo variar\u00e1 si el cliente decide reducir o aumentar el capital contratado.<\/p>\r\n\r\n\r\n\r\n<p>En los seguros de vida el asegurado, el beneficiario o el tomador ser\u00e1 el encargado de la comunicaci\u00f3n del siniestro en un plazo de 7 d\u00edas. En el caso de los seguros decesos no importa quien realice la comunicaci\u00f3n del siniestro.<\/p>\r\n\r\n\r\n\r\n<p>Otra de las principales diferencias entre ambas p\u00f3lizas es la edad de contrataci\u00f3n, es decir, en el caso de los seguros de vida no se podr\u00e1 incluir a personas menores de 14 a\u00f1os mientras en los seguros de decesos se puede incluir a personas de todas las edades.<\/p>\r\n\r\n\r\n\r\n<p>En definitiva, si usted est\u00e1 pensando en contratar un seguro que se encargue de proporcionar ayuda tras el fallecimiento de un familiar tendr\u00e1 que elegir entre p\u00f3lizas de vida o de decesos. Si necesita recibir ayuda econ\u00f3mica, el seguro que usted busca es el de vida mientras que si desea recibir ayuda para organizar el sepelio y solucionar los tr\u00e1mites burocr\u00e1ticos no dude en contratar un seguro de decesos.<\/p>\r\n\r\n<div class=\"oficinas\">\r\n<h3><span class=\"ez-toc-section\" id=\"Paginas_relacionadas\"><\/span>P\u00e1ginas relacionadas<span class=\"ez-toc-section-end\"><\/span><\/h3>\r\n<ul><li><a href=\"https:\/\/idecesos.com\/seguros\/tipo\/mayores\/\"><span>Seguro Decesos Para Mayores<\/span><\/a><\/li><li><a href=\"https:\/\/idecesos.com\/seguros\/tipo\/extranjeros-repatriacion\/\"><span>Seguro Decesos para Extranjeros y Repatriaci\u00f3n<\/span><\/a><\/li><li><a href=\"https:\/\/idecesos.com\/seguros\/tipo\/basico\/\"><span>Seguro de Decesos B\u00e1sico<\/span><\/a><\/li><li><a href=\"https:\/\/idecesos.com\/seguros\/tipo\/hogar\/\"><span>Seguro de Decesos Combinado con Seguro de Hogar<\/span><\/a><\/li><li><a href=\"https:\/\/idecesos.com\/seguros\/tipo\/familiar\/\"><span>Seguro de Decesos Familiar<\/span><\/a><\/li><li><a href=\"https:\/\/idecesos.com\/seguros\/tipo\/sucesiones\/\"><span>Seguro de Decesos Impuesto de Sucesiones<\/span><\/a><\/li><li><a href=\"https:\/\/idecesos.com\/seguros\/tipo\/internacional\/\"><span>Seguro de Decesos Internacional<\/span><\/a><\/li><li><a href=\"https:\/\/idecesos.com\/seguros\/tipo\/judiciales\/\"><span>Seguro de Decesos Judiciales<\/span><\/a><\/li><li><a href=\"https:\/\/idecesos.com\/seguros\/tipo\/nicho\/\"><span>Seguro de Decesos Nicho<\/span><\/a><\/li><li><a href=\"https:\/\/idecesos.com\/seguros\/tipo\/mixta\/\"><span>Seguro de Decesos Prima Mixta<\/span><\/a><\/li><li><a href=\"https:\/\/idecesos.com\/seguros\/tipo\/natural\/\"><span>Seguro de Decesos Prima Natural<\/span><\/a><\/li><li><a href=\"https:\/\/idecesos.com\/seguros\/tipo\/nivelada\/\"><span>Seguro de Decesos Prima Nivelada<\/span><\/a><\/li><li><a href=\"https:\/\/idecesos.com\/seguros\/tipo\/constante\/\"><span>Seguro de Decesos Prima constante<\/span><\/a><\/li><li><a href=\"https:\/\/idecesos.com\/seguros\/tipo\/prima-unica\/\"><span>Seguro de Decesos Prima \u00danica<\/span><\/a><\/li><li><a href=\"https:\/\/idecesos.com\/seguros\/tipo\/todo-previsto\/\"><span>Seguro de Decesos Todo Previsto<\/span><\/a><\/li><li><a href=\"https:\/\/idecesos.com\/seguros\/tipo\/previsto\/\"><span>Seguro de Decesos Todo previsto<\/span><\/a><\/li><li><a href=\"https:\/\/idecesos.com\/seguros\/tipo\/vitalicio\/\"><span>Seguro de Decesos Vitalicio<\/span><\/a><\/li><li><a href=\"https:\/\/idecesos.com\/seguros\/tipo\/dental\/\"><span>Seguro de Decesos con Cobertura Dental<\/span><\/a><\/li><li><a href=\"https:\/\/idecesos.com\/seguros\/tipo\/enfermedad\/\"><span>Seguro de Decesos con Enfermedad Grave<\/span><\/a><\/li><li><a href=\"https:\/\/idecesos.com\/seguros\/tipo\/incineracion\/\"><span>Seguro de Decesos con Incineraci\u00f3n<\/span><\/a><\/li><li><a href=\"https:\/\/idecesos.com\/seguros\/tipo\/adultos\/\"><span>Seguro de Decesos para Adultos<\/span><\/a><\/li><li><a href=\"https:\/\/idecesos.com\/seguros\/tipo\/bebe\/\"><span>Seguro de Decesos para Beb\u00e9s<\/span><\/a><\/li><li><a href=\"https:\/\/idecesos.com\/seguros\/tipo\/accidentes\/\"><span>Seguro de Decesos y Accidentes<\/span><\/a><\/li><li><a href=\"https:\/\/idecesos.com\/seguros\/tipo\/medicos\/\"><span>Seguro de Decesos y M\u00e9dicos<\/span><\/a><\/li><li><a href=\"https:\/\/idecesos.com\/seguros\/tipo\/sepelio\/\"><span>Seguro de Sepelio<\/span><\/a><\/li><\/ul>\r\n<\/div>","protected":false},"excerpt":{"rendered":"<p>Tanto los Seguros Decesos como los Seguros de Vida est\u00e1n destinados a cubrir las necesidades de las familias en caso de fallecimiento de un familiar, sin embargo, presentan cuentan con algunos detalles como por ejemplo los motivos de contrataci\u00f3n que hacen que sean diferentes. Estos dos seguros coinciden en muchos aspectos, hasta el punto que&hellip; <\/p>\n","protected":false},"author":2,"featured_media":0,"parent":586,"menu_order":0,"comment_status":"closed","ping_status":"closed","template":"single.php","meta":{"footnotes":""},"class_list":["post-722","page","type-page","status-publish","hentry"],"yoast_head":"<!-- This site is optimized with the Yoast SEO plugin v27.6 - https:\/\/yoast.com\/product\/yoast-seo-wordpress\/ -->\n<title>Seguro de Decesos y Vida \u25b7 Calcular Mejores Coberturas y Precios 2026<\/title>\n<meta name=\"description\" content=\"Calcula aqu\u00ed el mejor\u3010Seguro de Decesos y Vida\u3011Coberturas, precios y condiciones generales \u2611\ufe0fOferta 2026 seguro de decesos y vida, iDecesos\u00ae\" \/>\n<meta name=\"robots\" content=\"index, follow, max-snippet:-1, max-image-preview:large, max-video-preview:-1\" \/>\n<link rel=\"canonical\" href=\"https:\/\/idecesos.com\/seguros\/tipo\/vida\/\" \/>\n<meta property=\"og:locale\" content=\"es_ES\" \/>\n<meta property=\"og:type\" content=\"article\" \/>\n<meta property=\"og:title\" content=\"Seguro de Decesos y Vida \u25b7 Calcular Mejores Coberturas y Precios 2026\" \/>\n<meta property=\"og:description\" content=\"Calcula aqu\u00ed el mejor\u3010Seguro de Decesos y Vida\u3011Coberturas, precios y condiciones generales \u2611\ufe0fOferta 2026 seguro de decesos y vida, iDecesos\u00ae\" \/>\n<meta property=\"og:url\" content=\"https:\/\/idecesos.com\/seguros\/tipo\/vida\/\" \/>\n<meta property=\"article:modified_time\" content=\"2022-01-03T12:31:52+00:00\" \/>\n<meta name=\"twitter:card\" content=\"summary_large_image\" \/>\n<meta name=\"twitter:label1\" content=\"Tiempo de lectura\" \/>\n\t<meta name=\"twitter:data1\" content=\"5 minutos\" \/>\n<script type=\"application\/ld+json\" class=\"yoast-schema-graph\">{\"@context\":\"https:\\\/\\\/schema.org\",\"@graph\":[{\"@type\":\"WebPage\",\"@id\":\"https:\\\/\\\/idecesos.com\\\/seguros\\\/tipo\\\/vida\\\/\",\"url\":\"https:\\\/\\\/idecesos.com\\\/seguros\\\/tipo\\\/vida\\\/\",\"name\":\"Seguro de Decesos y Vida \u25b7 Calcular Mejores Coberturas y Precios 2026\",\"isPartOf\":{\"@id\":\"https:\\\/\\\/idecesos.com\\\/seguros\\\/#website\"},\"datePublished\":\"2021-07-13T09:05:06+00:00\",\"dateModified\":\"2022-01-03T12:31:52+00:00\",\"description\":\"Calcula aqu\u00ed el mejor\u3010Seguro de Decesos y Vida\u3011Coberturas, precios y condiciones generales \u2611\ufe0fOferta 2026 seguro de decesos y vida, iDecesos\u00ae\",\"breadcrumb\":{\"@id\":\"https:\\\/\\\/idecesos.com\\\/seguros\\\/tipo\\\/vida\\\/#breadcrumb\"},\"inLanguage\":\"es\",\"potentialAction\":[{\"@type\":\"ReadAction\",\"target\":[\"https:\\\/\\\/idecesos.com\\\/seguros\\\/tipo\\\/vida\\\/\"]}]},{\"@type\":\"BreadcrumbList\",\"@id\":\"https:\\\/\\\/idecesos.com\\\/seguros\\\/tipo\\\/vida\\\/#breadcrumb\",\"itemListElement\":[{\"@type\":\"ListItem\",\"position\":1,\"name\":\"Portada\",\"item\":\"https:\\\/\\\/idecesos.com\\\/seguros\\\/\"},{\"@type\":\"ListItem\",\"position\":2,\"name\":\"Tipos de seguros de decesos\",\"item\":\"https:\\\/\\\/idecesos.com\\\/seguros\\\/tipo\\\/\"},{\"@type\":\"ListItem\",\"position\":3,\"name\":\"Seguro de Decesos y Vida\"}]},{\"@type\":\"WebSite\",\"@id\":\"https:\\\/\\\/idecesos.com\\\/seguros\\\/#website\",\"url\":\"https:\\\/\\\/idecesos.com\\\/seguros\\\/\",\"name\":\"\",\"description\":\"\",\"potentialAction\":[{\"@type\":\"SearchAction\",\"target\":{\"@type\":\"EntryPoint\",\"urlTemplate\":\"https:\\\/\\\/idecesos.com\\\/seguros\\\/?s={search_term_string}\"},\"query-input\":{\"@type\":\"PropertyValueSpecification\",\"valueRequired\":true,\"valueName\":\"search_term_string\"}}],\"inLanguage\":\"es\"}]}<\/script>\n<!-- \/ Yoast SEO plugin. -->","yoast_head_json":{"title":"Seguro de Decesos y Vida \u25b7 Calcular Mejores Coberturas y Precios 2026","description":"Calcula aqu\u00ed el mejor\u3010Seguro de Decesos y Vida\u3011Coberturas, precios y condiciones generales \u2611\ufe0fOferta 2026 seguro de decesos y vida, iDecesos\u00ae","robots":{"index":"index","follow":"follow","max-snippet":"max-snippet:-1","max-image-preview":"max-image-preview:large","max-video-preview":"max-video-preview:-1"},"canonical":"https:\/\/idecesos.com\/seguros\/tipo\/vida\/","og_locale":"es_ES","og_type":"article","og_title":"Seguro de Decesos y Vida \u25b7 Calcular Mejores Coberturas y Precios 2026","og_description":"Calcula aqu\u00ed el mejor\u3010Seguro de Decesos y Vida\u3011Coberturas, precios y condiciones generales \u2611\ufe0fOferta 2026 seguro de decesos y vida, iDecesos\u00ae","og_url":"https:\/\/idecesos.com\/seguros\/tipo\/vida\/","article_modified_time":"2022-01-03T12:31:52+00:00","twitter_card":"summary_large_image","twitter_misc":{"Tiempo de lectura":"5 minutos"},"schema":{"@context":"https:\/\/schema.org","@graph":[{"@type":"WebPage","@id":"https:\/\/idecesos.com\/seguros\/tipo\/vida\/","url":"https:\/\/idecesos.com\/seguros\/tipo\/vida\/","name":"Seguro de Decesos y Vida \u25b7 Calcular Mejores Coberturas y Precios 2026","isPartOf":{"@id":"https:\/\/idecesos.com\/seguros\/#website"},"datePublished":"2021-07-13T09:05:06+00:00","dateModified":"2022-01-03T12:31:52+00:00","description":"Calcula aqu\u00ed el mejor\u3010Seguro de Decesos y Vida\u3011Coberturas, precios y condiciones generales \u2611\ufe0fOferta 2026 seguro de decesos y vida, iDecesos\u00ae","breadcrumb":{"@id":"https:\/\/idecesos.com\/seguros\/tipo\/vida\/#breadcrumb"},"inLanguage":"es","potentialAction":[{"@type":"ReadAction","target":["https:\/\/idecesos.com\/seguros\/tipo\/vida\/"]}]},{"@type":"BreadcrumbList","@id":"https:\/\/idecesos.com\/seguros\/tipo\/vida\/#breadcrumb","itemListElement":[{"@type":"ListItem","position":1,"name":"Portada","item":"https:\/\/idecesos.com\/seguros\/"},{"@type":"ListItem","position":2,"name":"Tipos de seguros de decesos","item":"https:\/\/idecesos.com\/seguros\/tipo\/"},{"@type":"ListItem","position":3,"name":"Seguro de Decesos y Vida"}]},{"@type":"WebSite","@id":"https:\/\/idecesos.com\/seguros\/#website","url":"https:\/\/idecesos.com\/seguros\/","name":"","description":"","potentialAction":[{"@type":"SearchAction","target":{"@type":"EntryPoint","urlTemplate":"https:\/\/idecesos.com\/seguros\/?s={search_term_string}"},"query-input":{"@type":"PropertyValueSpecification","valueRequired":true,"valueName":"search_term_string"}}],"inLanguage":"es"}]}},"_links":{"self":[{"href":"https:\/\/idecesos.com\/seguros\/wp-json\/wp\/v2\/pages\/722","targetHints":{"allow":["GET"]}}],"collection":[{"href":"https:\/\/idecesos.com\/seguros\/wp-json\/wp\/v2\/pages"}],"about":[{"href":"https:\/\/idecesos.com\/seguros\/wp-json\/wp\/v2\/types\/page"}],"author":[{"embeddable":true,"href":"https:\/\/idecesos.com\/seguros\/wp-json\/wp\/v2\/users\/2"}],"replies":[{"embeddable":true,"href":"https:\/\/idecesos.com\/seguros\/wp-json\/wp\/v2\/comments?post=722"}],"version-history":[{"count":8,"href":"https:\/\/idecesos.com\/seguros\/wp-json\/wp\/v2\/pages\/722\/revisions"}],"predecessor-version":[{"id":15020,"href":"https:\/\/idecesos.com\/seguros\/wp-json\/wp\/v2\/pages\/722\/revisions\/15020"}],"up":[{"embeddable":true,"href":"https:\/\/idecesos.com\/seguros\/wp-json\/wp\/v2\/pages\/586"}],"wp:attachment":[{"href":"https:\/\/idecesos.com\/seguros\/wp-json\/wp\/v2\/media?parent=722"}],"curies":[{"name":"wp","href":"https:\/\/api.w.org\/{rel}","templated":true}]}}