{"id":726,"date":"2021-07-13T09:06:51","date_gmt":"2021-07-13T09:06:51","guid":{"rendered":"https:\/\/idecesos.com\/seguros\/?page_id=726"},"modified":"2022-01-03T12:30:59","modified_gmt":"2022-01-03T12:30:59","slug":"sucesiones","status":"publish","type":"page","link":"https:\/\/idecesos.com\/seguros\/tipo\/sucesiones\/","title":{"rendered":"Seguro de Decesos Impuesto de Sucesiones"},"content":{"rendered":"\r\n\r\n<p>El seguro de decesos no s\u00f3lo se presenta como una gesti\u00f3n \u00fatil a la hora de cubrir los gastos que suponga el sepelio y la tramitaci\u00f3n de los aspectos burocr\u00e1ticos sino tambi\u00e9n a la hora de hacer frente al impuesto de sucesiones.<\/p>\r\n\r\n\r\n\r\n<p>Tras el fallecimiento de un familiar se lleva a cabo un inventario con todos los bienes que pose\u00eda el fallecido, tanto los bienes pasivos como los bienes activos. Al hablar de bienes activos hacemos referencia a aquellos bienes que la persona fallecida pose\u00eda en el banco, propiedades inmobiliarias o cualquier otra posesi\u00f3n material o financiera. Por su parte, los bienes financieros pasivos se refieren a aquellas deudas que el difunto pudiera tener como por ejemplo pr\u00e9stamos.<\/p>\r\n\r\n\r\n\r\n<p>Los seguros de decesos pueden ser \u00fatiles para hacerse cargo del Impuesto de Sucesiones. Todos aquellos gastos que se deriven del fallecimiento ser\u00e1n considerados como parte de la herencia. Mediante los seguros de decesos se evita que la herencia se vea afectada por los gastos del sepelio, as\u00ed como, de aquellos gastos que suponen los tr\u00e1mites burocr\u00e1ticos.<\/p>\r\n\r\n\r\n\r\n<p>La cobertura adicional seguro de vida en seguros de decesos es de gran ayuda a la hora del pago del impuesto de sucesiones ya que ser\u00e1 la encargada de proporcionarnos una liquidez adicional. De esta manera aquel dinero que se recibe como consecuencia de tener contratada esta cobertura adicional podr\u00e1 ser utilizado para hacer frente a aquellos gastos que deriven del impuesto de sucesiones.<\/p>\r\n\r\n\r\n\r\n<p>En definitiva, es conveniente estudiar bien nuestro caso a la hora de contratar una p\u00f3liza de seguros, ya que una cobertura adicional puede hacer frente a posibles gastos que supongan el fallecimiento de un familiar. Como consecuencia de esto las compa\u00f1\u00edas aseguradoras buscan siempre dar a sus clientes la cobertura m\u00e1s precisa para cubrir lo que ellos necesitan.<\/p>\r\n\r\n<div class=\"oficinas\">\r\n<h3>P\u00e1ginas relacionadas<\/h3>\r\n<ul><li><a href=\"https:\/\/idecesos.com\/seguros\/tipo\/mayores\/\"><span>Seguro Decesos Para Mayores<\/span><\/a><\/li><li><a href=\"https:\/\/idecesos.com\/seguros\/tipo\/extranjeros-repatriacion\/\"><span>Seguro Decesos para Extranjeros y Repatriaci\u00f3n<\/span><\/a><\/li><li><a href=\"https:\/\/idecesos.com\/seguros\/tipo\/basico\/\"><span>Seguro de Decesos B\u00e1sico<\/span><\/a><\/li><li><a href=\"https:\/\/idecesos.com\/seguros\/tipo\/hogar\/\"><span>Seguro de Decesos Combinado con Seguro de Hogar<\/span><\/a><\/li><li><a href=\"https:\/\/idecesos.com\/seguros\/tipo\/familiar\/\"><span>Seguro de Decesos Familiar<\/span><\/a><\/li><li><a href=\"https:\/\/idecesos.com\/seguros\/tipo\/internacional\/\"><span>Seguro de Decesos Internacional<\/span><\/a><\/li><li><a href=\"https:\/\/idecesos.com\/seguros\/tipo\/judiciales\/\"><span>Seguro de Decesos Judiciales<\/span><\/a><\/li><li><a href=\"https:\/\/idecesos.com\/seguros\/tipo\/nicho\/\"><span>Seguro de Decesos Nicho<\/span><\/a><\/li><li><a href=\"https:\/\/idecesos.com\/seguros\/tipo\/mixta\/\"><span>Seguro de Decesos Prima Mixta<\/span><\/a><\/li><li><a href=\"https:\/\/idecesos.com\/seguros\/tipo\/natural\/\"><span>Seguro de Decesos Prima Natural<\/span><\/a><\/li><li><a href=\"https:\/\/idecesos.com\/seguros\/tipo\/nivelada\/\"><span>Seguro de Decesos Prima Nivelada<\/span><\/a><\/li><li><a href=\"https:\/\/idecesos.com\/seguros\/tipo\/constante\/\"><span>Seguro de Decesos Prima constante<\/span><\/a><\/li><li><a href=\"https:\/\/idecesos.com\/seguros\/tipo\/prima-unica\/\"><span>Seguro de Decesos Prima \u00danica<\/span><\/a><\/li><li><a href=\"https:\/\/idecesos.com\/seguros\/tipo\/todo-previsto\/\"><span>Seguro de Decesos Todo Previsto<\/span><\/a><\/li><li><a href=\"https:\/\/idecesos.com\/seguros\/tipo\/previsto\/\"><span>Seguro de Decesos Todo previsto<\/span><\/a><\/li><li><a href=\"https:\/\/idecesos.com\/seguros\/tipo\/vitalicio\/\"><span>Seguro de Decesos Vitalicio<\/span><\/a><\/li><li><a href=\"https:\/\/idecesos.com\/seguros\/tipo\/dental\/\"><span>Seguro de Decesos con Cobertura Dental<\/span><\/a><\/li><li><a href=\"https:\/\/idecesos.com\/seguros\/tipo\/enfermedad\/\"><span>Seguro de Decesos con Enfermedad Grave<\/span><\/a><\/li><li><a href=\"https:\/\/idecesos.com\/seguros\/tipo\/incineracion\/\"><span>Seguro de Decesos con Incineraci\u00f3n<\/span><\/a><\/li><li><a href=\"https:\/\/idecesos.com\/seguros\/tipo\/adultos\/\"><span>Seguro de Decesos para Adultos<\/span><\/a><\/li><li><a href=\"https:\/\/idecesos.com\/seguros\/tipo\/bebe\/\"><span>Seguro de Decesos para Beb\u00e9s<\/span><\/a><\/li><li><a href=\"https:\/\/idecesos.com\/seguros\/tipo\/accidentes\/\"><span>Seguro de Decesos y Accidentes<\/span><\/a><\/li><li><a href=\"https:\/\/idecesos.com\/seguros\/tipo\/medicos\/\"><span>Seguro de Decesos y M\u00e9dicos<\/span><\/a><\/li><li><a href=\"https:\/\/idecesos.com\/seguros\/tipo\/vida\/\"><span>Seguro de Decesos y Vida<\/span><\/a><\/li><li><a href=\"https:\/\/idecesos.com\/seguros\/tipo\/sepelio\/\"><span>Seguro de Sepelio<\/span><\/a><\/li><\/ul>\r\n<\/div>","protected":false},"excerpt":{"rendered":"<p>El seguro de decesos no s\u00f3lo se presenta como una gesti\u00f3n \u00fatil a la hora de cubrir los gastos que suponga el sepelio y la tramitaci\u00f3n de los aspectos burocr\u00e1ticos sino tambi\u00e9n a la hora de hacer frente al impuesto de sucesiones. Tras el fallecimiento de un familiar se lleva a cabo un inventario con&hellip; <\/p>\n","protected":false},"author":2,"featured_media":0,"parent":586,"menu_order":0,"comment_status":"closed","ping_status":"closed","template":"single.php","meta":{"footnotes":""},"class_list":["post-726","page","type-page","status-publish","hentry"],"yoast_head":"<!-- This site is optimized with the Yoast SEO plugin v27.5 - https:\/\/yoast.com\/product\/yoast-seo-wordpress\/ -->\n<title>Seguro de Decesos Impuesto de Sucesiones \u25b7 Tipo y Precios 2026<\/title>\n<meta name=\"description\" content=\"Busca aqu\u00ed si desgrava el\u3010Seguro de Decesos Impuesto de Sucesiones\u3011Tipos y precios actualizados \u2611\ufe0fOfertas exclusivas de iDecesos\u00ae\" \/>\n<meta name=\"robots\" content=\"index, follow, max-snippet:-1, max-image-preview:large, max-video-preview:-1\" \/>\n<link rel=\"canonical\" href=\"https:\/\/idecesos.com\/seguros\/tipo\/sucesiones\/\" \/>\n<meta property=\"og:locale\" content=\"es_ES\" \/>\n<meta property=\"og:type\" content=\"article\" \/>\n<meta property=\"og:title\" content=\"Seguro de Decesos Impuesto de Sucesiones \u25b7 Tipo y Precios 2026\" \/>\n<meta property=\"og:description\" content=\"Busca aqu\u00ed si desgrava el\u3010Seguro de Decesos Impuesto de Sucesiones\u3011Tipos y precios actualizados \u2611\ufe0fOfertas exclusivas de iDecesos\u00ae\" \/>\n<meta property=\"og:url\" content=\"https:\/\/idecesos.com\/seguros\/tipo\/sucesiones\/\" \/>\n<meta property=\"article:modified_time\" content=\"2022-01-03T12:30:59+00:00\" \/>\n<meta name=\"twitter:card\" content=\"summary_large_image\" \/>\n<meta name=\"twitter:label1\" content=\"Tiempo de lectura\" \/>\n\t<meta name=\"twitter:data1\" content=\"2 minutos\" \/>\n<script type=\"application\/ld+json\" class=\"yoast-schema-graph\">{\"@context\":\"https:\\\/\\\/schema.org\",\"@graph\":[{\"@type\":\"WebPage\",\"@id\":\"https:\\\/\\\/idecesos.com\\\/seguros\\\/tipo\\\/sucesiones\\\/\",\"url\":\"https:\\\/\\\/idecesos.com\\\/seguros\\\/tipo\\\/sucesiones\\\/\",\"name\":\"Seguro de Decesos Impuesto de Sucesiones \u25b7 Tipo y Precios 2026\",\"isPartOf\":{\"@id\":\"https:\\\/\\\/idecesos.com\\\/seguros\\\/#website\"},\"datePublished\":\"2021-07-13T09:06:51+00:00\",\"dateModified\":\"2022-01-03T12:30:59+00:00\",\"description\":\"Busca aqu\u00ed si desgrava el\u3010Seguro de Decesos Impuesto de Sucesiones\u3011Tipos y precios actualizados \u2611\ufe0fOfertas exclusivas de iDecesos\u00ae\",\"breadcrumb\":{\"@id\":\"https:\\\/\\\/idecesos.com\\\/seguros\\\/tipo\\\/sucesiones\\\/#breadcrumb\"},\"inLanguage\":\"es\",\"potentialAction\":[{\"@type\":\"ReadAction\",\"target\":[\"https:\\\/\\\/idecesos.com\\\/seguros\\\/tipo\\\/sucesiones\\\/\"]}]},{\"@type\":\"BreadcrumbList\",\"@id\":\"https:\\\/\\\/idecesos.com\\\/seguros\\\/tipo\\\/sucesiones\\\/#breadcrumb\",\"itemListElement\":[{\"@type\":\"ListItem\",\"position\":1,\"name\":\"Portada\",\"item\":\"https:\\\/\\\/idecesos.com\\\/seguros\\\/\"},{\"@type\":\"ListItem\",\"position\":2,\"name\":\"Tipos de seguros de decesos\",\"item\":\"https:\\\/\\\/idecesos.com\\\/seguros\\\/tipo\\\/\"},{\"@type\":\"ListItem\",\"position\":3,\"name\":\"Seguro de Decesos Impuesto de Sucesiones\"}]},{\"@type\":\"WebSite\",\"@id\":\"https:\\\/\\\/idecesos.com\\\/seguros\\\/#website\",\"url\":\"https:\\\/\\\/idecesos.com\\\/seguros\\\/\",\"name\":\"\",\"description\":\"\",\"potentialAction\":[{\"@type\":\"SearchAction\",\"target\":{\"@type\":\"EntryPoint\",\"urlTemplate\":\"https:\\\/\\\/idecesos.com\\\/seguros\\\/?s={search_term_string}\"},\"query-input\":{\"@type\":\"PropertyValueSpecification\",\"valueRequired\":true,\"valueName\":\"search_term_string\"}}],\"inLanguage\":\"es\"}]}<\/script>\n<!-- \/ Yoast SEO plugin. -->","yoast_head_json":{"title":"Seguro de Decesos Impuesto de Sucesiones \u25b7 Tipo y Precios 2026","description":"Busca aqu\u00ed si desgrava el\u3010Seguro de Decesos Impuesto de Sucesiones\u3011Tipos y precios actualizados \u2611\ufe0fOfertas exclusivas de iDecesos\u00ae","robots":{"index":"index","follow":"follow","max-snippet":"max-snippet:-1","max-image-preview":"max-image-preview:large","max-video-preview":"max-video-preview:-1"},"canonical":"https:\/\/idecesos.com\/seguros\/tipo\/sucesiones\/","og_locale":"es_ES","og_type":"article","og_title":"Seguro de Decesos Impuesto de Sucesiones \u25b7 Tipo y Precios 2026","og_description":"Busca aqu\u00ed si desgrava el\u3010Seguro de Decesos Impuesto de Sucesiones\u3011Tipos y precios actualizados \u2611\ufe0fOfertas exclusivas de iDecesos\u00ae","og_url":"https:\/\/idecesos.com\/seguros\/tipo\/sucesiones\/","article_modified_time":"2022-01-03T12:30:59+00:00","twitter_card":"summary_large_image","twitter_misc":{"Tiempo de lectura":"2 minutos"},"schema":{"@context":"https:\/\/schema.org","@graph":[{"@type":"WebPage","@id":"https:\/\/idecesos.com\/seguros\/tipo\/sucesiones\/","url":"https:\/\/idecesos.com\/seguros\/tipo\/sucesiones\/","name":"Seguro de Decesos Impuesto de Sucesiones \u25b7 Tipo y Precios 2026","isPartOf":{"@id":"https:\/\/idecesos.com\/seguros\/#website"},"datePublished":"2021-07-13T09:06:51+00:00","dateModified":"2022-01-03T12:30:59+00:00","description":"Busca aqu\u00ed si desgrava el\u3010Seguro de Decesos Impuesto de Sucesiones\u3011Tipos y precios actualizados \u2611\ufe0fOfertas exclusivas de iDecesos\u00ae","breadcrumb":{"@id":"https:\/\/idecesos.com\/seguros\/tipo\/sucesiones\/#breadcrumb"},"inLanguage":"es","potentialAction":[{"@type":"ReadAction","target":["https:\/\/idecesos.com\/seguros\/tipo\/sucesiones\/"]}]},{"@type":"BreadcrumbList","@id":"https:\/\/idecesos.com\/seguros\/tipo\/sucesiones\/#breadcrumb","itemListElement":[{"@type":"ListItem","position":1,"name":"Portada","item":"https:\/\/idecesos.com\/seguros\/"},{"@type":"ListItem","position":2,"name":"Tipos de seguros de decesos","item":"https:\/\/idecesos.com\/seguros\/tipo\/"},{"@type":"ListItem","position":3,"name":"Seguro de Decesos Impuesto de Sucesiones"}]},{"@type":"WebSite","@id":"https:\/\/idecesos.com\/seguros\/#website","url":"https:\/\/idecesos.com\/seguros\/","name":"","description":"","potentialAction":[{"@type":"SearchAction","target":{"@type":"EntryPoint","urlTemplate":"https:\/\/idecesos.com\/seguros\/?s={search_term_string}"},"query-input":{"@type":"PropertyValueSpecification","valueRequired":true,"valueName":"search_term_string"}}],"inLanguage":"es"}]}},"_links":{"self":[{"href":"https:\/\/idecesos.com\/seguros\/wp-json\/wp\/v2\/pages\/726","targetHints":{"allow":["GET"]}}],"collection":[{"href":"https:\/\/idecesos.com\/seguros\/wp-json\/wp\/v2\/pages"}],"about":[{"href":"https:\/\/idecesos.com\/seguros\/wp-json\/wp\/v2\/types\/page"}],"author":[{"embeddable":true,"href":"https:\/\/idecesos.com\/seguros\/wp-json\/wp\/v2\/users\/2"}],"replies":[{"embeddable":true,"href":"https:\/\/idecesos.com\/seguros\/wp-json\/wp\/v2\/comments?post=726"}],"version-history":[{"count":8,"href":"https:\/\/idecesos.com\/seguros\/wp-json\/wp\/v2\/pages\/726\/revisions"}],"predecessor-version":[{"id":15018,"href":"https:\/\/idecesos.com\/seguros\/wp-json\/wp\/v2\/pages\/726\/revisions\/15018"}],"up":[{"embeddable":true,"href":"https:\/\/idecesos.com\/seguros\/wp-json\/wp\/v2\/pages\/586"}],"wp:attachment":[{"href":"https:\/\/idecesos.com\/seguros\/wp-json\/wp\/v2\/media?parent=726"}],"curies":[{"name":"wp","href":"https:\/\/api.w.org\/{rel}","templated":true}]}}