{"id":733,"date":"2021-07-13T09:15:57","date_gmt":"2021-07-13T09:15:57","guid":{"rendered":"https:\/\/idecesos.com\/seguros\/?page_id=733"},"modified":"2022-01-03T12:31:48","modified_gmt":"2022-01-03T12:31:48","slug":"previsto","status":"publish","type":"page","link":"https:\/\/idecesos.com\/seguros\/tipo\/previsto\/","title":{"rendered":"Seguro de Decesos Todo previsto"},"content":{"rendered":"\r\n\r\n<p>A pesar de los momentos maravillosos que nos brinda la vida, desgraciadamente, tambi\u00e9n vivimos momentos muy duros ante los que resulta conveniente estar prevenido. Mediante la contrataci\u00f3n de un seguro de decesos sus seres queridos no tendr\u00e1n que preocuparse por los gastos y los tr\u00e1mites que suponen el entierro de un fallecido.<\/p>\r\n\r\n\r\n\r\n<p>Son numerosas las aseguradoras que ofertan seguros de decesos en nuestro pa\u00eds, por lo tanto resulta sencillo adquirir el que mejor se ajuste a sus necesidades a un precio atractivo. De entre las m\u00faltiples ofertas de este servicio disponibles en el mercado, destaca el Seguro de Decesos Todo Previsto.<\/p>\r\n\r\n\r\n\r\n<p>Algunas entidades como Segurcaixa Adeslas y Mutua Madrile\u00f1a, ofrecen este tipo de seguro, caracterizado por las amplias coberturas que incluye. Mediante la contrataci\u00f3n de un seguro de decesos Todo Previsto, la compa\u00f1\u00eda aseguradora le cubrir\u00e1 las prestaciones del servicio funerario de forma integral, le simplificar\u00e1 los tr\u00e1mites burocr\u00e1ticos de sepelio y entierro y le garantizar\u00e1 el traslado nacional e internacional del asegurado, con la limitaci\u00f3n de que los viajes en el extranjero no alcancen los 60 d\u00edas.<\/p>\r\n\r\n\r\n\r\n<p>Los tr\u00e1mites como el certificado de \u00faltimas voluntades, el certificado de nacimiento, el certificado de defunci\u00f3n o el certificado de matrimonio est\u00e1n incluidos dentro de las coberturas de este seguro de decesos.<\/p>\r\n\r\n\r\n\r\n<p>Adem\u00e1s, tambi\u00e9n le brindar\u00e1n orientaci\u00f3n legal y gestor\u00eda en decesos, al igual que dispondr\u00e1 de un servicio de atenci\u00f3n telef\u00f3nica durante las 24 horas del d\u00eda. Tanto el Seguro de Decesos Todo Previsto de SegurCaixa Adeslas como el que ofrece la compa\u00f1\u00eda Mutua Madrile\u00f1a otorgan todas las garant\u00edas comentadas anteriormente.<\/p>\r\n\r\n\r\n\r\n<p>Con respecto a la forma de buscar su Seguro de Decesos Todo Previsto, puede acudir a los diferentes comparadores de seguros que le aportar\u00e1n una gran ayuda para que encuentre el seguro que desea de forma r\u00e1pida, c\u00f3moda y eficaz. Un ejemplo de comparador que incluye dicha oferta de seguros es iDecesos.com, una web en la que encontrar\u00e1 su Seguro de Decesos Todo Previsto a una buena relaci\u00f3n calidad-precio.<\/p>\r\n\r\n<div class=\"oficinas\">\r\n<h3>P\u00e1ginas relacionadas<\/h3>\r\n<ul><li><a href=\"https:\/\/idecesos.com\/seguros\/tipo\/mayores\/\"><span>Seguro Decesos Para Mayores<\/span><\/a><\/li><li><a href=\"https:\/\/idecesos.com\/seguros\/tipo\/extranjeros-repatriacion\/\"><span>Seguro Decesos para Extranjeros y Repatriaci\u00f3n<\/span><\/a><\/li><li><a href=\"https:\/\/idecesos.com\/seguros\/tipo\/basico\/\"><span>Seguro de Decesos B\u00e1sico<\/span><\/a><\/li><li><a href=\"https:\/\/idecesos.com\/seguros\/tipo\/hogar\/\"><span>Seguro de Decesos Combinado con Seguro de Hogar<\/span><\/a><\/li><li><a href=\"https:\/\/idecesos.com\/seguros\/tipo\/familiar\/\"><span>Seguro de Decesos Familiar<\/span><\/a><\/li><li><a href=\"https:\/\/idecesos.com\/seguros\/tipo\/sucesiones\/\"><span>Seguro de Decesos Impuesto de Sucesiones<\/span><\/a><\/li><li><a href=\"https:\/\/idecesos.com\/seguros\/tipo\/internacional\/\"><span>Seguro de Decesos Internacional<\/span><\/a><\/li><li><a href=\"https:\/\/idecesos.com\/seguros\/tipo\/judiciales\/\"><span>Seguro de Decesos Judiciales<\/span><\/a><\/li><li><a href=\"https:\/\/idecesos.com\/seguros\/tipo\/nicho\/\"><span>Seguro de Decesos Nicho<\/span><\/a><\/li><li><a href=\"https:\/\/idecesos.com\/seguros\/tipo\/mixta\/\"><span>Seguro de Decesos Prima Mixta<\/span><\/a><\/li><li><a href=\"https:\/\/idecesos.com\/seguros\/tipo\/natural\/\"><span>Seguro de Decesos Prima Natural<\/span><\/a><\/li><li><a href=\"https:\/\/idecesos.com\/seguros\/tipo\/nivelada\/\"><span>Seguro de Decesos Prima Nivelada<\/span><\/a><\/li><li><a href=\"https:\/\/idecesos.com\/seguros\/tipo\/constante\/\"><span>Seguro de Decesos Prima constante<\/span><\/a><\/li><li><a href=\"https:\/\/idecesos.com\/seguros\/tipo\/prima-unica\/\"><span>Seguro de Decesos Prima \u00danica<\/span><\/a><\/li><li><a href=\"https:\/\/idecesos.com\/seguros\/tipo\/todo-previsto\/\"><span>Seguro de Decesos Todo Previsto<\/span><\/a><\/li><li><a href=\"https:\/\/idecesos.com\/seguros\/tipo\/vitalicio\/\"><span>Seguro de Decesos Vitalicio<\/span><\/a><\/li><li><a href=\"https:\/\/idecesos.com\/seguros\/tipo\/dental\/\"><span>Seguro de Decesos con Cobertura Dental<\/span><\/a><\/li><li><a href=\"https:\/\/idecesos.com\/seguros\/tipo\/enfermedad\/\"><span>Seguro de Decesos con Enfermedad Grave<\/span><\/a><\/li><li><a href=\"https:\/\/idecesos.com\/seguros\/tipo\/incineracion\/\"><span>Seguro de Decesos con Incineraci\u00f3n<\/span><\/a><\/li><li><a href=\"https:\/\/idecesos.com\/seguros\/tipo\/adultos\/\"><span>Seguro de Decesos para Adultos<\/span><\/a><\/li><li><a href=\"https:\/\/idecesos.com\/seguros\/tipo\/bebe\/\"><span>Seguro de Decesos para Beb\u00e9s<\/span><\/a><\/li><li><a href=\"https:\/\/idecesos.com\/seguros\/tipo\/accidentes\/\"><span>Seguro de Decesos y Accidentes<\/span><\/a><\/li><li><a href=\"https:\/\/idecesos.com\/seguros\/tipo\/medicos\/\"><span>Seguro de Decesos y M\u00e9dicos<\/span><\/a><\/li><li><a href=\"https:\/\/idecesos.com\/seguros\/tipo\/vida\/\"><span>Seguro de Decesos y Vida<\/span><\/a><\/li><li><a href=\"https:\/\/idecesos.com\/seguros\/tipo\/sepelio\/\"><span>Seguro de Sepelio<\/span><\/a><\/li><\/ul>\r\n<\/div>","protected":false},"excerpt":{"rendered":"<p>A pesar de los momentos maravillosos que nos brinda la vida, desgraciadamente, tambi\u00e9n vivimos momentos muy duros ante los que resulta conveniente estar prevenido. Mediante la contrataci\u00f3n de un seguro de decesos sus seres queridos no tendr\u00e1n que preocuparse por los gastos y los tr\u00e1mites que suponen el entierro de un fallecido. Son numerosas las&hellip; <\/p>\n","protected":false},"author":2,"featured_media":0,"parent":586,"menu_order":0,"comment_status":"closed","ping_status":"closed","template":"single.php","meta":{"footnotes":""},"class_list":["post-733","page","type-page","status-publish","hentry"],"yoast_head":"<!-- This site is optimized with the Yoast SEO plugin v27.5 - https:\/\/yoast.com\/product\/yoast-seo-wordpress\/ -->\n<title>Seguro de Decesos Todo previsto -<\/title>\n<meta name=\"robots\" content=\"index, follow, max-snippet:-1, max-image-preview:large, max-video-preview:-1\" \/>\n<link rel=\"canonical\" href=\"https:\/\/idecesos.com\/seguros\/tipo\/previsto\/\" \/>\n<meta property=\"og:locale\" content=\"es_ES\" \/>\n<meta property=\"og:type\" content=\"article\" \/>\n<meta property=\"og:title\" content=\"Seguro de Decesos Todo previsto -\" \/>\n<meta property=\"og:description\" content=\"A pesar de los momentos maravillosos que nos brinda la vida, desgraciadamente, tambi\u00e9n vivimos momentos muy duros ante los que resulta conveniente estar prevenido. Mediante la contrataci\u00f3n de un seguro de decesos sus seres queridos no tendr\u00e1n que preocuparse por los gastos y los tr\u00e1mites que suponen el entierro de un fallecido. Son numerosas las&hellip;\" \/>\n<meta property=\"og:url\" content=\"https:\/\/idecesos.com\/seguros\/tipo\/previsto\/\" \/>\n<meta property=\"article:modified_time\" content=\"2022-01-03T12:31:48+00:00\" \/>\n<meta name=\"twitter:card\" content=\"summary_large_image\" \/>\n<meta name=\"twitter:label1\" content=\"Tiempo de lectura\" \/>\n\t<meta name=\"twitter:data1\" content=\"2 minutos\" \/>\n<script type=\"application\/ld+json\" class=\"yoast-schema-graph\">{\"@context\":\"https:\\\/\\\/schema.org\",\"@graph\":[{\"@type\":\"WebPage\",\"@id\":\"https:\\\/\\\/idecesos.com\\\/seguros\\\/tipo\\\/previsto\\\/\",\"url\":\"https:\\\/\\\/idecesos.com\\\/seguros\\\/tipo\\\/previsto\\\/\",\"name\":\"Seguro de Decesos Todo previsto -\",\"isPartOf\":{\"@id\":\"https:\\\/\\\/idecesos.com\\\/seguros\\\/#website\"},\"datePublished\":\"2021-07-13T09:15:57+00:00\",\"dateModified\":\"2022-01-03T12:31:48+00:00\",\"breadcrumb\":{\"@id\":\"https:\\\/\\\/idecesos.com\\\/seguros\\\/tipo\\\/previsto\\\/#breadcrumb\"},\"inLanguage\":\"es\",\"potentialAction\":[{\"@type\":\"ReadAction\",\"target\":[\"https:\\\/\\\/idecesos.com\\\/seguros\\\/tipo\\\/previsto\\\/\"]}]},{\"@type\":\"BreadcrumbList\",\"@id\":\"https:\\\/\\\/idecesos.com\\\/seguros\\\/tipo\\\/previsto\\\/#breadcrumb\",\"itemListElement\":[{\"@type\":\"ListItem\",\"position\":1,\"name\":\"Portada\",\"item\":\"https:\\\/\\\/idecesos.com\\\/seguros\\\/\"},{\"@type\":\"ListItem\",\"position\":2,\"name\":\"Tipos de seguros de decesos\",\"item\":\"https:\\\/\\\/idecesos.com\\\/seguros\\\/tipo\\\/\"},{\"@type\":\"ListItem\",\"position\":3,\"name\":\"Seguro de Decesos Todo previsto\"}]},{\"@type\":\"WebSite\",\"@id\":\"https:\\\/\\\/idecesos.com\\\/seguros\\\/#website\",\"url\":\"https:\\\/\\\/idecesos.com\\\/seguros\\\/\",\"name\":\"\",\"description\":\"\",\"potentialAction\":[{\"@type\":\"SearchAction\",\"target\":{\"@type\":\"EntryPoint\",\"urlTemplate\":\"https:\\\/\\\/idecesos.com\\\/seguros\\\/?s={search_term_string}\"},\"query-input\":{\"@type\":\"PropertyValueSpecification\",\"valueRequired\":true,\"valueName\":\"search_term_string\"}}],\"inLanguage\":\"es\"}]}<\/script>\n<!-- \/ Yoast SEO plugin. -->","yoast_head_json":{"title":"Seguro de Decesos Todo previsto -","robots":{"index":"index","follow":"follow","max-snippet":"max-snippet:-1","max-image-preview":"max-image-preview:large","max-video-preview":"max-video-preview:-1"},"canonical":"https:\/\/idecesos.com\/seguros\/tipo\/previsto\/","og_locale":"es_ES","og_type":"article","og_title":"Seguro de Decesos Todo previsto -","og_description":"A pesar de los momentos maravillosos que nos brinda la vida, desgraciadamente, tambi\u00e9n vivimos momentos muy duros ante los que resulta conveniente estar prevenido. Mediante la contrataci\u00f3n de un seguro de decesos sus seres queridos no tendr\u00e1n que preocuparse por los gastos y los tr\u00e1mites que suponen el entierro de un fallecido. Son numerosas las&hellip;","og_url":"https:\/\/idecesos.com\/seguros\/tipo\/previsto\/","article_modified_time":"2022-01-03T12:31:48+00:00","twitter_card":"summary_large_image","twitter_misc":{"Tiempo de lectura":"2 minutos"},"schema":{"@context":"https:\/\/schema.org","@graph":[{"@type":"WebPage","@id":"https:\/\/idecesos.com\/seguros\/tipo\/previsto\/","url":"https:\/\/idecesos.com\/seguros\/tipo\/previsto\/","name":"Seguro de Decesos Todo previsto -","isPartOf":{"@id":"https:\/\/idecesos.com\/seguros\/#website"},"datePublished":"2021-07-13T09:15:57+00:00","dateModified":"2022-01-03T12:31:48+00:00","breadcrumb":{"@id":"https:\/\/idecesos.com\/seguros\/tipo\/previsto\/#breadcrumb"},"inLanguage":"es","potentialAction":[{"@type":"ReadAction","target":["https:\/\/idecesos.com\/seguros\/tipo\/previsto\/"]}]},{"@type":"BreadcrumbList","@id":"https:\/\/idecesos.com\/seguros\/tipo\/previsto\/#breadcrumb","itemListElement":[{"@type":"ListItem","position":1,"name":"Portada","item":"https:\/\/idecesos.com\/seguros\/"},{"@type":"ListItem","position":2,"name":"Tipos de seguros de decesos","item":"https:\/\/idecesos.com\/seguros\/tipo\/"},{"@type":"ListItem","position":3,"name":"Seguro de Decesos Todo previsto"}]},{"@type":"WebSite","@id":"https:\/\/idecesos.com\/seguros\/#website","url":"https:\/\/idecesos.com\/seguros\/","name":"","description":"","potentialAction":[{"@type":"SearchAction","target":{"@type":"EntryPoint","urlTemplate":"https:\/\/idecesos.com\/seguros\/?s={search_term_string}"},"query-input":{"@type":"PropertyValueSpecification","valueRequired":true,"valueName":"search_term_string"}}],"inLanguage":"es"}]}},"_links":{"self":[{"href":"https:\/\/idecesos.com\/seguros\/wp-json\/wp\/v2\/pages\/733","targetHints":{"allow":["GET"]}}],"collection":[{"href":"https:\/\/idecesos.com\/seguros\/wp-json\/wp\/v2\/pages"}],"about":[{"href":"https:\/\/idecesos.com\/seguros\/wp-json\/wp\/v2\/types\/page"}],"author":[{"embeddable":true,"href":"https:\/\/idecesos.com\/seguros\/wp-json\/wp\/v2\/users\/2"}],"replies":[{"embeddable":true,"href":"https:\/\/idecesos.com\/seguros\/wp-json\/wp\/v2\/comments?post=733"}],"version-history":[{"count":6,"href":"https:\/\/idecesos.com\/seguros\/wp-json\/wp\/v2\/pages\/733\/revisions"}],"predecessor-version":[{"id":15016,"href":"https:\/\/idecesos.com\/seguros\/wp-json\/wp\/v2\/pages\/733\/revisions\/15016"}],"up":[{"embeddable":true,"href":"https:\/\/idecesos.com\/seguros\/wp-json\/wp\/v2\/pages\/586"}],"wp:attachment":[{"href":"https:\/\/idecesos.com\/seguros\/wp-json\/wp\/v2\/media?parent=733"}],"curies":[{"name":"wp","href":"https:\/\/api.w.org\/{rel}","templated":true}]}}