{"id":739,"date":"2021-07-13T09:24:31","date_gmt":"2021-07-13T09:24:31","guid":{"rendered":"https:\/\/idecesos.com\/seguros\/?page_id=739"},"modified":"2021-11-04T13:24:45","modified_gmt":"2021-11-04T13:24:45","slug":"precio","status":"publish","type":"page","link":"https:\/\/idecesos.com\/seguros\/tipo\/prima-unica\/precio\/","title":{"rendered":"Precio Seguro de Decesos Prima \u00fanica"},"content":{"rendered":"\r\n\r\n<p>La primera distinci\u00f3n importante que tenemos que hacer es entre los seguros de vida y los de decesos. Mucha gente los confunde y no tienen la misma funci\u00f3n ni cubren los mismos servicios. Por un lado est\u00e1 el seguro de vida, que principalmente lo que va a consistir es en cubrir el funeral de la persona asegurada en lo que se refiere a lo econ\u00f3mico. Es decir, pone la compa\u00f1\u00eda de seguros el dinero en funci\u00f3n de la p\u00f3liza que se tenga contratada, se paga el duelo, el funeral, los servicios que implica todo esto, el sepelio, la incineraci\u00f3n en el caso que se quisiera, etc. Aunque todo es puramente econ\u00f3mico, entonces las gestiones las tienes que hacer t\u00fa. Si un familiar querido tuyo fallece y tiene un seguro de vida, la entidad pondr\u00e1 el dinero, cubrir\u00e1 econ\u00f3micamente todo lo que se haya contratado, pero no se encargar\u00e1 de nada. En el sentido de que no administra ni organiza nada.\u00a0<\/p>\r\n\r\n\r\n\r\n<p>Por consiguiente esta es la diferencia fundamental entre un seguro de vida y uno de decesos. El de decesos, aparte de poner el dinero para todos los gastos que conlleva la defunci\u00f3n de una persona, gestiona todos los tr\u00e1mites, en la compa\u00f1\u00eda se encargan de todo, del sepelio, de hablar con la funeraria, de la l\u00e1pida, del entierro o de la incineraci\u00f3n seg\u00fan cada caso, de organizar el duelo, de las flores,\u2026 de todo. Esto quiere decir que cuando una persona tiene la p\u00e9rdida de un familiar o de un allegado, no tiene que preocuparse por todas esas situaciones, siendo todo este tr\u00e1mite lo \u00faltimo que le puede apetecer en ese momento a esta persona. Adem\u00e1s hay que tener en cuenta que evitas todas las llamadas, las discusiones que gestionar un servicio u otro te pueden acarrear, los regateos y reajustes econ\u00f3micos,\u2026 En este sentido son numerosas las ventajas.<\/p>\r\n\r\n\r\n\r\n<p>Una vez hecha esta distinci\u00f3n, vamos a pasar a ver los tipos de primas que hay dentro de los seguros de decesos. Dentro de este tipo de seguros vamos a encontrar cinco modalidades de primas distintas. Est\u00e1 por un lado la prima nivelada, por otro la prima natural, la prima mixta, la prima seminatural y, por \u00faltimo, est\u00e1 la prima \u00fanica, que es la que veremos espec\u00edficamente en este art\u00edculo.<\/p>\r\n\r\n\r\n\r\n<p>Todas estas primas suelen seguir unos mismos patrones en las diferentes compa\u00f1\u00edas de seguros que existen. Sin embargo, alg\u00fan tipo de variaci\u00f3n van a tener en unas aseguradoras con respecto a las otras empresas de seguros distintas. Vamos a ir viendo en cada una de nuestras compa\u00f1\u00edas colaboradoras la prima \u00fanica. En este art\u00edculo vamos a ver en concreto las aseguradoras m\u00e1s importantes que comparamos como son Helvetia, el de Caser Seguros y SegurCaixa Adeslas.\u00a0<\/p>\r\n\r\n\r\n\r\n<p>Empecemos por Helvetia. En esta aseguradora tienen \u00fanicamente un tipo de seguro, se llama plan de asistencia familiar. Por tanto, con este tipo de seguro de decesos puedes hacer tu prima \u00fanica. El precio de la p\u00f3liza de seguros va a depender exclusivamente de tu edad, cuanta menos edad tengas esta prima \u00fanica se va a encarecer y de la localidad del entierro por el coste del entierro. Helvetia es una de las aseguradoras l\u00edderes en prima \u00fanica y tiene unas valoraciones muy buena de servicio postventa y de relaci\u00f3n calidad-precio.<\/p>\r\n\r\n\r\n\r\n<p>El punto m\u00e1s interesante de la prima \u00fanica es que haces un \u00fanico pago y te olvidas para siempre de ese seguro y de esa p\u00f3liza contratada. Ahora bien, el precio va a ser elevado, en el sentido de que una prima que se contrate mensualmente o anualmente, que sea por ejemplo nivelada, va a llevar un coste menor, la cantidad a pagar va a ser inferior. Es normal porque en la prima \u00fanica es un solo pago el que se hace a lo largo de tu vida.<\/p>\r\n\r\n\r\n\r\n<p>En Caser Seguro nos ofrecen varias modalidades de seguros de decesos. Esta Caser seguro de decesos familiar y Caser decesos creciente. Entre estas dos opciones, escoge la que mejor te vaya o la que m\u00e1s te guste. En iDecesos.com te comparamos toda esta informaci\u00f3n gratuitamente, trabajamos con varias compa\u00f1\u00edas de seguros entre las que comparamos los decesos y te damos la alternativa que m\u00e1s se ajuste a ti. \u00a1Pru\u00e9balo!<\/p>\r\n\r\n\r\n\r\n<p>En Metr\u00f3polis ahora Fiatc son muchas las opciones que tenemos en los seguros de decesos, vamos a comentarlos. El primero es el de asistencia familiar Metr\u00f3polis, la segunda alternativa que te dan es asistencia familiar premium Metr\u00f3polis, la tercera vida ahorro, la cuarta vida previsi\u00f3n, la quinta estudios y la sexta y \u00faltima, integral accidentes. Hay que tener en cuenta que algunos de estos seguros no son espec\u00edficamente de decesos, quiero decir que a veces algunos son seguros de vida con coberturas especiales. Ya hemos hecho al principio de este mismo art\u00edculo la distinci\u00f3n b\u00e1sica que hay entre un seguro de decesos y uno de vida, por lo que ya no hace falta hacer m\u00e1s hincapi\u00e9 en esto.<\/p>\r\n\r\n\r\n\r\n<p>En SegurCaixa Adeslas nos ofrecen un tipo de seguro de decesos llamado SegurCaixa todo previsto decesos. Es el seguro que nos va a cubrir el entierro, el duelo, el sepelio, con asistencia telef\u00f3nica y muchas otras coberturas. Con \u00e9l, como con la mayor\u00eda de los seguros de decesos se puede contratar la prima \u00fanica. La ventaja fundamental de este tipo de prima, como ya se ha comentado por encima, es que haces un pago y te olvidas para siempre. Es un pago algo m\u00e1s elevado pero te da la ventaja de que ya te vas a desentender del coste de ese seguro el resto de tu vida.\u00a0<\/p>\r\n\r\n<h3>P\u00e1ginas relacionadas<\/h3>\r\n<ul><\/ul>","protected":false},"excerpt":{"rendered":"<p>La primera distinci\u00f3n importante que tenemos que hacer es entre los seguros de vida y los de decesos. Mucha gente los confunde y no tienen la misma funci\u00f3n ni cubren los mismos servicios. Por un lado est\u00e1 el seguro de vida, que principalmente lo que va a consistir es en cubrir el funeral de la&hellip; <\/p>\n","protected":false},"author":2,"featured_media":0,"parent":736,"menu_order":0,"comment_status":"open","ping_status":"closed","template":"page-templates\/companies.php","meta":{"footnotes":""},"class_list":["post-739","page","type-page","status-publish","hentry"],"yoast_head":"<!-- This site is optimized with the Yoast SEO plugin v27.3 - https:\/\/yoast.com\/product\/yoast-seo-wordpress\/ -->\n<title>Precio Seguro de Decesos Prima \u00fanica -<\/title>\n<meta name=\"robots\" content=\"index, follow, max-snippet:-1, max-image-preview:large, max-video-preview:-1\" \/>\n<link rel=\"canonical\" href=\"https:\/\/idecesos.com\/seguros\/tipo\/prima-unica\/precio\/\" \/>\n<meta property=\"og:locale\" content=\"es_ES\" \/>\n<meta property=\"og:type\" content=\"article\" \/>\n<meta property=\"og:title\" content=\"Precio Seguro de Decesos Prima \u00fanica -\" \/>\n<meta property=\"og:description\" content=\"La primera distinci\u00f3n importante que tenemos que hacer es entre los seguros de vida y los de decesos. Mucha gente los confunde y no tienen la misma funci\u00f3n ni cubren los mismos servicios. Por un lado est\u00e1 el seguro de vida, que principalmente lo que va a consistir es en cubrir el funeral de la&hellip;\" \/>\n<meta property=\"og:url\" content=\"https:\/\/idecesos.com\/seguros\/tipo\/prima-unica\/precio\/\" \/>\n<meta property=\"article:modified_time\" content=\"2021-11-04T13:24:45+00:00\" \/>\n<meta name=\"twitter:card\" content=\"summary_large_image\" \/>\n<meta name=\"twitter:label1\" content=\"Tiempo de lectura\" \/>\n\t<meta name=\"twitter:data1\" content=\"5 minutos\" \/>\n<script type=\"application\/ld+json\" class=\"yoast-schema-graph\">{\"@context\":\"https:\\\/\\\/schema.org\",\"@graph\":[{\"@type\":\"WebPage\",\"@id\":\"https:\\\/\\\/idecesos.com\\\/seguros\\\/tipo\\\/prima-unica\\\/precio\\\/\",\"url\":\"https:\\\/\\\/idecesos.com\\\/seguros\\\/tipo\\\/prima-unica\\\/precio\\\/\",\"name\":\"Precio Seguro de Decesos Prima \u00fanica -\",\"isPartOf\":{\"@id\":\"https:\\\/\\\/idecesos.com\\\/seguros\\\/#website\"},\"datePublished\":\"2021-07-13T09:24:31+00:00\",\"dateModified\":\"2021-11-04T13:24:45+00:00\",\"breadcrumb\":{\"@id\":\"https:\\\/\\\/idecesos.com\\\/seguros\\\/tipo\\\/prima-unica\\\/precio\\\/#breadcrumb\"},\"inLanguage\":\"es\",\"potentialAction\":[{\"@type\":\"ReadAction\",\"target\":[\"https:\\\/\\\/idecesos.com\\\/seguros\\\/tipo\\\/prima-unica\\\/precio\\\/\"]}]},{\"@type\":\"BreadcrumbList\",\"@id\":\"https:\\\/\\\/idecesos.com\\\/seguros\\\/tipo\\\/prima-unica\\\/precio\\\/#breadcrumb\",\"itemListElement\":[{\"@type\":\"ListItem\",\"position\":1,\"name\":\"Portada\",\"item\":\"https:\\\/\\\/idecesos.com\\\/seguros\\\/\"},{\"@type\":\"ListItem\",\"position\":2,\"name\":\"Tipos de seguros de decesos\",\"item\":\"https:\\\/\\\/idecesos.com\\\/seguros\\\/tipo\\\/\"},{\"@type\":\"ListItem\",\"position\":3,\"name\":\"Seguro de Decesos Prima \u00danica\",\"item\":\"https:\\\/\\\/idecesos.com\\\/seguros\\\/tipo\\\/prima-unica\\\/\"},{\"@type\":\"ListItem\",\"position\":4,\"name\":\"Precio Seguro de Decesos Prima \u00fanica\"}]},{\"@type\":\"WebSite\",\"@id\":\"https:\\\/\\\/idecesos.com\\\/seguros\\\/#website\",\"url\":\"https:\\\/\\\/idecesos.com\\\/seguros\\\/\",\"name\":\"\",\"description\":\"\",\"potentialAction\":[{\"@type\":\"SearchAction\",\"target\":{\"@type\":\"EntryPoint\",\"urlTemplate\":\"https:\\\/\\\/idecesos.com\\\/seguros\\\/?s={search_term_string}\"},\"query-input\":{\"@type\":\"PropertyValueSpecification\",\"valueRequired\":true,\"valueName\":\"search_term_string\"}}],\"inLanguage\":\"es\"}]}<\/script>\n<!-- \/ Yoast SEO plugin. -->","yoast_head_json":{"title":"Precio Seguro de Decesos Prima \u00fanica -","robots":{"index":"index","follow":"follow","max-snippet":"max-snippet:-1","max-image-preview":"max-image-preview:large","max-video-preview":"max-video-preview:-1"},"canonical":"https:\/\/idecesos.com\/seguros\/tipo\/prima-unica\/precio\/","og_locale":"es_ES","og_type":"article","og_title":"Precio Seguro de Decesos Prima \u00fanica -","og_description":"La primera distinci\u00f3n importante que tenemos que hacer es entre los seguros de vida y los de decesos. Mucha gente los confunde y no tienen la misma funci\u00f3n ni cubren los mismos servicios. Por un lado est\u00e1 el seguro de vida, que principalmente lo que va a consistir es en cubrir el funeral de la&hellip;","og_url":"https:\/\/idecesos.com\/seguros\/tipo\/prima-unica\/precio\/","article_modified_time":"2021-11-04T13:24:45+00:00","twitter_card":"summary_large_image","twitter_misc":{"Tiempo de lectura":"5 minutos"},"schema":{"@context":"https:\/\/schema.org","@graph":[{"@type":"WebPage","@id":"https:\/\/idecesos.com\/seguros\/tipo\/prima-unica\/precio\/","url":"https:\/\/idecesos.com\/seguros\/tipo\/prima-unica\/precio\/","name":"Precio Seguro de Decesos Prima \u00fanica -","isPartOf":{"@id":"https:\/\/idecesos.com\/seguros\/#website"},"datePublished":"2021-07-13T09:24:31+00:00","dateModified":"2021-11-04T13:24:45+00:00","breadcrumb":{"@id":"https:\/\/idecesos.com\/seguros\/tipo\/prima-unica\/precio\/#breadcrumb"},"inLanguage":"es","potentialAction":[{"@type":"ReadAction","target":["https:\/\/idecesos.com\/seguros\/tipo\/prima-unica\/precio\/"]}]},{"@type":"BreadcrumbList","@id":"https:\/\/idecesos.com\/seguros\/tipo\/prima-unica\/precio\/#breadcrumb","itemListElement":[{"@type":"ListItem","position":1,"name":"Portada","item":"https:\/\/idecesos.com\/seguros\/"},{"@type":"ListItem","position":2,"name":"Tipos de seguros de decesos","item":"https:\/\/idecesos.com\/seguros\/tipo\/"},{"@type":"ListItem","position":3,"name":"Seguro de Decesos Prima \u00danica","item":"https:\/\/idecesos.com\/seguros\/tipo\/prima-unica\/"},{"@type":"ListItem","position":4,"name":"Precio Seguro de Decesos Prima \u00fanica"}]},{"@type":"WebSite","@id":"https:\/\/idecesos.com\/seguros\/#website","url":"https:\/\/idecesos.com\/seguros\/","name":"","description":"","potentialAction":[{"@type":"SearchAction","target":{"@type":"EntryPoint","urlTemplate":"https:\/\/idecesos.com\/seguros\/?s={search_term_string}"},"query-input":{"@type":"PropertyValueSpecification","valueRequired":true,"valueName":"search_term_string"}}],"inLanguage":"es"}]}},"_links":{"self":[{"href":"https:\/\/idecesos.com\/seguros\/wp-json\/wp\/v2\/pages\/739","targetHints":{"allow":["GET"]}}],"collection":[{"href":"https:\/\/idecesos.com\/seguros\/wp-json\/wp\/v2\/pages"}],"about":[{"href":"https:\/\/idecesos.com\/seguros\/wp-json\/wp\/v2\/types\/page"}],"author":[{"embeddable":true,"href":"https:\/\/idecesos.com\/seguros\/wp-json\/wp\/v2\/users\/2"}],"replies":[{"embeddable":true,"href":"https:\/\/idecesos.com\/seguros\/wp-json\/wp\/v2\/comments?post=739"}],"version-history":[{"count":5,"href":"https:\/\/idecesos.com\/seguros\/wp-json\/wp\/v2\/pages\/739\/revisions"}],"predecessor-version":[{"id":13435,"href":"https:\/\/idecesos.com\/seguros\/wp-json\/wp\/v2\/pages\/739\/revisions\/13435"}],"up":[{"embeddable":true,"href":"https:\/\/idecesos.com\/seguros\/wp-json\/wp\/v2\/pages\/736"}],"wp:attachment":[{"href":"https:\/\/idecesos.com\/seguros\/wp-json\/wp\/v2\/media?parent=739"}],"curies":[{"name":"wp","href":"https:\/\/api.w.org\/{rel}","templated":true}]}}