{"id":740,"date":"2021-07-13T09:24:31","date_gmt":"2021-07-13T09:24:31","guid":{"rendered":"https:\/\/idecesos.com\/seguros\/?page_id=740"},"modified":"2021-11-01T10:07:24","modified_gmt":"2021-11-01T10:07:24","slug":"coberturas","status":"publish","type":"page","link":"https:\/\/idecesos.com\/seguros\/companias\/meridiano\/coberturas\/","title":{"rendered":"Coberturas Seguro de Decesos Meridiano"},"content":{"rendered":"\r\n\r\n<p>El seguro de decesos de la compa\u00f1\u00eda de seguros Meridiano, se basa principalmente en la protecci\u00f3n a prima \u00fanica, esto quiere decir, que sus clientes tienen que hacer un solo pago para adquirir su p\u00f3liza de seguros y por adelantado. Esta modalidad de pago est\u00e1 dirigida a las personas mayores de setenta a\u00f1os que viven en Espa\u00f1a, y que no ha contratado todav\u00eda su seguro de decesos.<\/p>\r\n\r\n\r\n\r\n<p>Por ello, Meridiano, quiere ocuparse de los tr\u00e1mites y gestiones que se tienen que realizar en caso de que se produzca el fallecimiento de los asegurados, para que los familiares no tengan que responsabilizarse de estas cuestiones en los momentos de dolor, de manera que usted lo puede dejar en manos de esta compa\u00f1\u00eda especialista que lleva ofreciendo sus servicios m\u00e1s de cincuenta a\u00f1os.<\/p>\r\n<div class=\"colorf\"><div class=\"container clearfix\"><div class=\"col-md-7\">\r\n\r\n\r\n\r\n<p>Por lo tanto, la principal garant\u00eda que cubre esta aseguradora es todo lo que concierne al fallecimiento y el servicio de sepelio, incineraci\u00f3n o inhumaci\u00f3n de los asegurados, pero usted puede contratar una serie de garant\u00edas opcionales si lo desea.<\/p>\r\n\r\n\r\n\r\n<p>Con la prestaci\u00f3n complementaria o reguladora, los asegurados, seg\u00fan lo que acordasen en el contrato, podr\u00e1 elegir otras garant\u00edas de servicios que no se incluyen en el seguro de decesos, con el l\u00edmite del capital m\u00e1ximo contratado para esta garant\u00eda y en funci\u00f3n del municipio en el que se quiera hacer el servicio f\u00fanebre, por lo tanto, la compa\u00f1\u00eda da la oportunidad de personalizar las garant\u00edas de su seguro de decesos en funci\u00f3n de sus gustos.<\/p>\r\n\r\n\r\n\r\n<p>En cuanto a la asistencia m\u00e9dica, el asegurado podr\u00e1 acceder a una segunda opini\u00f3n m\u00e9dica de mano de los excelentes especialistas a nivel internacional que tiene la compa\u00f1\u00eda y sin coste adicional. Al mismo tiempo podr\u00e1 acceder a cuadros m\u00e9dicos y a centros concertados con los precios m\u00e1s competitivos, as\u00ed como que el asegurado podr\u00e1 disfrutar de un servicio telef\u00f3nico de orientaci\u00f3n m\u00e9dica gratuito, con un gran equipo de expertos especialistas en distintas ramas de medicina y salud, durante las veinticuatro horas durante todo el a\u00f1o.<\/p>\r\n<\/div><\/div><\/div>\r\n\r\n\r\n\r\n<p>El seguro de decesos de meridiano, tambi\u00e9n le garantiza la asistencia en viaje, de tal forma que el asegurado tendr\u00e1 derecho a una gran variedad de coberturas de utilidad en cuanto a los desplazamientos y viajes, as\u00ed como los gastos m\u00e9dicos de urgencias en caso de que se produzca un accidente de tr\u00e1fico o una enfermedad grave si el asegurado se encuentra fuera de Espa\u00f1a con un capital de hasta 18.000 euros. Del mismo modo, la compa\u00f1\u00eda cubre los gastos de desplazamiento y estancia de un familiar para acompa\u00f1ar al asegurado si \u00e9ste se encuentra hospitalizado. Si por el contrario, si el asegurado tiene que desplazarse desde extranjero a causa del fallecimiento de un familiar que resida en Espa\u00f1a, la aseguradora le paga el viaje de ida.<\/p>\r\n<div class=\"cobertura \"  ><div class=\"borde_cobertura\"><div class=\"titulo_cobertura titulo\"><\/div><div class=\"texto_cobertura\"><\/p>\r\n\r\n\r\n\r\n<p>Adem\u00e1s de todo esto, el seguro de decesos de Meridiano, tiene otras muchas garant\u00edas para cubrir peque\u00f1os imprevistos, como los env\u00edos de documentos y objetos personales que se puedan olvidar en un viaje, as\u00ed como la b\u00fasqueda y la localizaci\u00f3n del equipaje, o el env\u00edo de medicamentos al extranjero.<\/p>\r\n<p><\/div><\/div><\/div>\r\n<div class=\"cobertura \"  ><div class=\"borde_cobertura\"><div class=\"titulo_cobertura titulo\"><\/div><div class=\"texto_cobertura\"><\/p>\r\n\r\n\r\n\r\n<p>Cabe destacar que las cuatro \u00faltimas garant\u00edas entran dentro de la prima anual renovable, mientras que la primera se cubre solamente con el pago de la prima \u00fanica.<\/p>\r\n\r\n\r\n\r\n<p>Desde que Seguros Meridiano se fund\u00f3 en 1966 en Andaluc\u00eda, ha estado ofreciendo sus servicios de seguro de decesos. Actualmente cuenta con una red de m\u00e1s de 1000 trabajadores repartidos por toda Andaluc\u00eda y el Levante. Esta compa\u00f1\u00eda se caracteriza por tener una cultura empresarial que la que se fomentan los principios \u00e9ticos y un gran principio inversor por el que la aseguradora ha podido incrementar su evoluci\u00f3n a nivel empresarial y ha podido expandirse hacia otras comunidades aut\u00f3nomas para ofrecer sus servicios.<\/p>\r\n<p><\/div><\/div><\/div>\r\n\r\n\r\n\r\n<p>El objetivo de Meridiano Compa\u00f1\u00eda de Seguros, es poder ayudar a las personas, garantizandoles la confianza y tranquilidad necesaria con sus servicios y productos de calidad apoy\u00e1ndose en una serie de valores, que hacen que cada d\u00eda pueda confiar m\u00e1s gente en ellos.<\/p>\r\n\r\n\r\n\r\n<p>Estos valores son la humildad, pues reconocen que actuar con modestia y tranquilidad, enfocando las energ\u00edas de vocaci\u00f3n en la compa\u00f1\u00eda y hacia sus clientes, ya que ser humilde es compartir el \u00e9xito de su compa\u00f1\u00eda con todos los que la conforma. Otros de los valores principales es el respeto, b\u00e1sico en las relaciones humanas que consiste en aceptar y tener empat\u00eda por los dem\u00e1s, garantizando el trato digno que se merece cualquier persona, ya sean trabajadores o clientes. Sin duda el valor que m\u00e1s caracteriza a la compa\u00f1\u00eda es el trabajo en equipo, ya que asumen que, desde la colaboraci\u00f3n entre todos, los proyectos de la compa\u00f1\u00eda se har\u00e1n posibles, por ello, se apoyan unos en los otros, compartiendo responsabilidades y soluciones. Tambi\u00e9n tienen una gran responsabilidad en afrontar las consecuencias de un hecho cuando se produce un error. Adem\u00e1s de todo ello, quieren ayudar y satisfacer todas las necesidades de sus clientes, ofreci\u00e9ndoles un mejor servicio de calidad.<\/p>\r\n<div class=\"colorf\"><div class=\"container clearfix\"><div class=\"col-md-7\">\r\n\r\n\r\n\r\n<p>En resumen, Meridiano se caracterizan por tener la orientaci\u00f3n y el compromiso necesarios con sus clientes, de la manera m\u00e1s cercana posible, ya que solo as\u00ed consiguen satisfacer sus necesidades de una manera plena, por ello cuentan con asistentes en diferentes \u00e1reas que te brindan su apoyo, tanto en las familias como a los m\u00e1s allegado en los momentos m\u00e1s dif\u00edciles, de esta manera, la compa\u00f1\u00eda reconoce su papel para mejorar la sociedad y este convencimiento se ha transformado en un compromiso con los dem\u00e1s, reflejados en sus valores.<\/p>\r\n<p>[\/bloque]<\/p>\r\n\r\n<h3>P\u00e1ginas relacionadas<\/h3><div class=\"enlazado\"><ul> <li><a href=\"https:\/\/idecesos.com\/seguros\/companias\/meridiano\/coberturas\/\">Coberturas Seguro de Decesos Meridiano<\/a><\/li> <li><a href=\"https:\/\/idecesos.com\/seguros\/companias\/meridiano\/opiniones\/\">Opiniones Meridiano<\/a><\/li> <li><a href=\"https:\/\/idecesos.com\/seguros\/companias\/meridiano\/precio\/\">Precio seguro Meridiano<\/a><\/li> <li><a href=\"https:\/\/idecesos.com\/seguros\/companias\/meridiano\/prima-mixta\/\">Meridiano Prima Mixta<\/a><\/li> <li><a href=\"https:\/\/idecesos.com\/seguros\/companias\/meridiano\/prima-natural\/\">Meridiano Prima Natural<\/a><\/li> <li><a href=\"https:\/\/idecesos.com\/seguros\/companias\/meridiano\/prima-nivelada\/\">Meridiano Prima Nivelada<\/a><\/li> <li><a href=\"https:\/\/idecesos.com\/seguros\/companias\/meridiano\/prima-unica\/\">Meridiano Prima \u00danica<\/a><\/li> <li><a href=\"https:\/\/idecesos.com\/seguros\/companias\/meridiano\/repatriacion\/\">Meridiano Repatriaci\u00f3n<\/a><\/li> <li><a href=\"https:\/\/idecesos.com\/seguros\/companias\/meridiano\/telefono\/\">Tel\u00e9fono Gratuito Meridiano<\/a><\/li>   <\/ul><\/div>","protected":false},"excerpt":{"rendered":"<p>El seguro de decesos de la compa\u00f1\u00eda de seguros Meridiano, se basa principalmente en la protecci\u00f3n a prima \u00fanica, esto quiere decir, que sus clientes tienen que hacer un solo pago para adquirir su p\u00f3liza de seguros y por adelantado. Esta modalidad de pago est\u00e1 dirigida a las personas mayores de setenta a\u00f1os que viven&hellip; <\/p>\n","protected":false},"author":2,"featured_media":0,"parent":735,"menu_order":0,"comment_status":"closed","ping_status":"closed","template":"page-templates\/companies.php","meta":{"footnotes":""},"class_list":["post-740","page","type-page","status-publish","hentry"],"yoast_head":"<!-- This site is optimized with the Yoast SEO plugin v27.5 - https:\/\/yoast.com\/product\/yoast-seo-wordpress\/ -->\n<title>Coberturas Seguro de Decesos Meridiano | Gu\u00eda 2026<\/title>\n<meta name=\"description\" content=\"Consulta gratis las coberturas y servicios del Seguro de Decesos Meridiano Informaci\u00f3n actualizada en 2026. Coberturas verificadas por iDecesos.\" \/>\n<meta name=\"robots\" content=\"index, follow, max-snippet:-1, max-image-preview:large, max-video-preview:-1\" \/>\n<link rel=\"canonical\" href=\"https:\/\/idecesos.com\/seguros\/companias\/meridiano\/coberturas\/\" \/>\n<meta property=\"og:locale\" content=\"es_ES\" \/>\n<meta property=\"og:type\" content=\"article\" \/>\n<meta property=\"og:title\" content=\"Coberturas Seguro de Decesos Meridiano | Gu\u00eda 2026\" \/>\n<meta property=\"og:description\" content=\"Consulta gratis las coberturas y servicios del Seguro de Decesos Meridiano Informaci\u00f3n actualizada en 2026. Coberturas verificadas por iDecesos.\" \/>\n<meta property=\"og:url\" content=\"https:\/\/idecesos.com\/seguros\/companias\/meridiano\/coberturas\/\" \/>\n<meta property=\"article:modified_time\" content=\"2021-11-01T10:07:24+00:00\" \/>\n<meta name=\"twitter:card\" content=\"summary_large_image\" \/>\n<meta name=\"twitter:label1\" content=\"Tiempo de lectura\" \/>\n\t<meta name=\"twitter:data1\" content=\"5 minutos\" \/>\n<script type=\"application\/ld+json\" class=\"yoast-schema-graph\">{\"@context\":\"https:\\\/\\\/schema.org\",\"@graph\":[{\"@type\":\"WebPage\",\"@id\":\"https:\\\/\\\/idecesos.com\\\/seguros\\\/companias\\\/meridiano\\\/coberturas\\\/\",\"url\":\"https:\\\/\\\/idecesos.com\\\/seguros\\\/companias\\\/meridiano\\\/coberturas\\\/\",\"name\":\"Coberturas Seguro de Decesos Meridiano | Gu\u00eda 2026\",\"isPartOf\":{\"@id\":\"https:\\\/\\\/idecesos.com\\\/seguros\\\/#website\"},\"datePublished\":\"2021-07-13T09:24:31+00:00\",\"dateModified\":\"2021-11-01T10:07:24+00:00\",\"description\":\"Consulta gratis las coberturas y servicios del Seguro de Decesos Meridiano Informaci\u00f3n actualizada en 2026. Coberturas verificadas por iDecesos.\",\"breadcrumb\":{\"@id\":\"https:\\\/\\\/idecesos.com\\\/seguros\\\/companias\\\/meridiano\\\/coberturas\\\/#breadcrumb\"},\"inLanguage\":\"es\",\"potentialAction\":[{\"@type\":\"ReadAction\",\"target\":[\"https:\\\/\\\/idecesos.com\\\/seguros\\\/companias\\\/meridiano\\\/coberturas\\\/\"]}]},{\"@type\":\"BreadcrumbList\",\"@id\":\"https:\\\/\\\/idecesos.com\\\/seguros\\\/companias\\\/meridiano\\\/coberturas\\\/#breadcrumb\",\"itemListElement\":[{\"@type\":\"ListItem\",\"position\":1,\"name\":\"Portada\",\"item\":\"https:\\\/\\\/idecesos.com\\\/seguros\\\/\"},{\"@type\":\"ListItem\",\"position\":2,\"name\":\"Compa\u00f1\u00edas de Seguros de Decesos en Espa\u00f1a\",\"item\":\"https:\\\/\\\/idecesos.com\\\/seguros\\\/companias\\\/\"},{\"@type\":\"ListItem\",\"position\":3,\"name\":\"Seguro de decesos Meridiano\",\"item\":\"https:\\\/\\\/idecesos.com\\\/seguros\\\/companias\\\/meridiano\\\/\"},{\"@type\":\"ListItem\",\"position\":4,\"name\":\"Coberturas Seguro de Decesos Meridiano\"}]},{\"@type\":\"WebSite\",\"@id\":\"https:\\\/\\\/idecesos.com\\\/seguros\\\/#website\",\"url\":\"https:\\\/\\\/idecesos.com\\\/seguros\\\/\",\"name\":\"\",\"description\":\"\",\"potentialAction\":[{\"@type\":\"SearchAction\",\"target\":{\"@type\":\"EntryPoint\",\"urlTemplate\":\"https:\\\/\\\/idecesos.com\\\/seguros\\\/?s={search_term_string}\"},\"query-input\":{\"@type\":\"PropertyValueSpecification\",\"valueRequired\":true,\"valueName\":\"search_term_string\"}}],\"inLanguage\":\"es\"}]}<\/script>\n<!-- \/ Yoast SEO plugin. -->","yoast_head_json":{"title":"Coberturas Seguro de Decesos Meridiano | Gu\u00eda 2026","description":"Consulta gratis las coberturas y servicios del Seguro de Decesos Meridiano Informaci\u00f3n actualizada en 2026. Coberturas verificadas por iDecesos.","robots":{"index":"index","follow":"follow","max-snippet":"max-snippet:-1","max-image-preview":"max-image-preview:large","max-video-preview":"max-video-preview:-1"},"canonical":"https:\/\/idecesos.com\/seguros\/companias\/meridiano\/coberturas\/","og_locale":"es_ES","og_type":"article","og_title":"Coberturas Seguro de Decesos Meridiano | Gu\u00eda 2026","og_description":"Consulta gratis las coberturas y servicios del Seguro de Decesos Meridiano Informaci\u00f3n actualizada en 2026. Coberturas verificadas por iDecesos.","og_url":"https:\/\/idecesos.com\/seguros\/companias\/meridiano\/coberturas\/","article_modified_time":"2021-11-01T10:07:24+00:00","twitter_card":"summary_large_image","twitter_misc":{"Tiempo de lectura":"5 minutos"},"schema":{"@context":"https:\/\/schema.org","@graph":[{"@type":"WebPage","@id":"https:\/\/idecesos.com\/seguros\/companias\/meridiano\/coberturas\/","url":"https:\/\/idecesos.com\/seguros\/companias\/meridiano\/coberturas\/","name":"Coberturas Seguro de Decesos Meridiano | Gu\u00eda 2026","isPartOf":{"@id":"https:\/\/idecesos.com\/seguros\/#website"},"datePublished":"2021-07-13T09:24:31+00:00","dateModified":"2021-11-01T10:07:24+00:00","description":"Consulta gratis las coberturas y servicios del Seguro de Decesos Meridiano Informaci\u00f3n actualizada en 2026. Coberturas verificadas por iDecesos.","breadcrumb":{"@id":"https:\/\/idecesos.com\/seguros\/companias\/meridiano\/coberturas\/#breadcrumb"},"inLanguage":"es","potentialAction":[{"@type":"ReadAction","target":["https:\/\/idecesos.com\/seguros\/companias\/meridiano\/coberturas\/"]}]},{"@type":"BreadcrumbList","@id":"https:\/\/idecesos.com\/seguros\/companias\/meridiano\/coberturas\/#breadcrumb","itemListElement":[{"@type":"ListItem","position":1,"name":"Portada","item":"https:\/\/idecesos.com\/seguros\/"},{"@type":"ListItem","position":2,"name":"Compa\u00f1\u00edas de Seguros de Decesos en Espa\u00f1a","item":"https:\/\/idecesos.com\/seguros\/companias\/"},{"@type":"ListItem","position":3,"name":"Seguro de decesos Meridiano","item":"https:\/\/idecesos.com\/seguros\/companias\/meridiano\/"},{"@type":"ListItem","position":4,"name":"Coberturas Seguro de Decesos Meridiano"}]},{"@type":"WebSite","@id":"https:\/\/idecesos.com\/seguros\/#website","url":"https:\/\/idecesos.com\/seguros\/","name":"","description":"","potentialAction":[{"@type":"SearchAction","target":{"@type":"EntryPoint","urlTemplate":"https:\/\/idecesos.com\/seguros\/?s={search_term_string}"},"query-input":{"@type":"PropertyValueSpecification","valueRequired":true,"valueName":"search_term_string"}}],"inLanguage":"es"}]}},"_links":{"self":[{"href":"https:\/\/idecesos.com\/seguros\/wp-json\/wp\/v2\/pages\/740","targetHints":{"allow":["GET"]}}],"collection":[{"href":"https:\/\/idecesos.com\/seguros\/wp-json\/wp\/v2\/pages"}],"about":[{"href":"https:\/\/idecesos.com\/seguros\/wp-json\/wp\/v2\/types\/page"}],"author":[{"embeddable":true,"href":"https:\/\/idecesos.com\/seguros\/wp-json\/wp\/v2\/users\/2"}],"replies":[{"embeddable":true,"href":"https:\/\/idecesos.com\/seguros\/wp-json\/wp\/v2\/comments?post=740"}],"version-history":[{"count":6,"href":"https:\/\/idecesos.com\/seguros\/wp-json\/wp\/v2\/pages\/740\/revisions"}],"predecessor-version":[{"id":12550,"href":"https:\/\/idecesos.com\/seguros\/wp-json\/wp\/v2\/pages\/740\/revisions\/12550"}],"up":[{"embeddable":true,"href":"https:\/\/idecesos.com\/seguros\/wp-json\/wp\/v2\/pages\/735"}],"wp:attachment":[{"href":"https:\/\/idecesos.com\/seguros\/wp-json\/wp\/v2\/media?parent=740"}],"curies":[{"name":"wp","href":"https:\/\/api.w.org\/{rel}","templated":true}]}}