{"id":745,"date":"2021-07-13T09:28:59","date_gmt":"2021-07-13T09:28:59","guid":{"rendered":"https:\/\/idecesos.com\/seguros\/?page_id=745"},"modified":"2022-01-03T12:30:10","modified_gmt":"2022-01-03T12:30:10","slug":"dental","status":"publish","type":"page","link":"https:\/\/idecesos.com\/seguros\/tipo\/dental\/","title":{"rendered":"Seguro de Decesos con Cobertura Dental"},"content":{"rendered":"\r\n\r\n<p>En los \u00faltimos a\u00f1os la est\u00e9tica se ha convertido en uno de los pilares fundamentales en nuestra sociedad, para ello, ante la imagen que proporciona una buena dentadura, muchas personas recurren a los seguros bucodentales con la finalidad de cubrir los problemas que puedan surgir. Adem\u00e1s de, l\u00f3gicamente, por motivos de salud.<\/p>\r\n\r\n\r\n\r\n<p>Como consecuencia de este aumento de la preocupaci\u00f3n de la sociedad por tener una correcta dentadura, las compa\u00f1\u00edas se han especializado en este tipo de p\u00f3lizas. En concreto estos servicios bucodentales se basan en un amplio cat\u00e1logo de servicios, garantizar la asistencia integral, as\u00ed como, servicios telef\u00f3nicos que garantizan la resoluci\u00f3n de dudas las 24 horas del d\u00eda. Otra de las caracter\u00edsticas principales de los Seguros Dentales son su bajo coste con respecto a la amplia gama de servicios que se pueden llegar a prestar en funci\u00f3n de lo contratado. De esta manera las aseguradoras adaptan su mercado a lo que la poblaci\u00f3n demanda.<\/p>\r\n\r\n\r\n\r\n<p>Por otro lado las compa\u00f1\u00edas aseguradoras, siguiendo con su \u00edmpetu de ayudar a sus clientes en todo lo que fuera necesario, no olvidan los Seguros de Decesos. Estas p\u00f3lizas est\u00e1n destinadas a proporcionar la tranquilidad necesaria a familiares que han perdido a un ser querido mediante todo tipo de ayudas que abarcan todos los \u00e1mbitos posibles desde financiaci\u00f3n econ\u00f3mica hasta la resoluci\u00f3n de todos los problemas burocr\u00e1ticos que puedan surgir a ra\u00edz del fallecimiento. Adem\u00e1s cubren la asistencia mundial, en caso de que fuera necesaria.<\/p>\r\n\r\n\r\n\r\n<p>Ante la creciente demanda de estos dos seguros, muchas compa\u00f1\u00edas realizan packs para familias que cubren tanto las prestaciones de los Seguros de Decesos como los Seguros destinados a la salud bucodental. Estas p\u00f3lizas est\u00e1n destinadas a un perfil familiar que busca un seguro amplio con numerosas coberturas abarcando desde la financiaci\u00f3n econ\u00f3mica del sepelio hasta un servicio de asesoramiento nutricional<\/p>\r\n\r\n\r\n\r\n<p>De esta forma las compa\u00f1\u00edas aseguradoras buscan adaptarse a los servicios que m\u00e1s demanda la poblaci\u00f3n y as\u00ed proporcionar la ayuda y la tranquilidad necesaria en todos los aspectos de la vida.<\/p>\r\n\r\n<div class=\"oficinas\">\r\n<h3>P\u00e1ginas relacionadas<\/h3>\r\n<ul><li><a href=\"https:\/\/idecesos.com\/seguros\/tipo\/mayores\/\"><span>Seguro Decesos Para Mayores<\/span><\/a><\/li><li><a href=\"https:\/\/idecesos.com\/seguros\/tipo\/extranjeros-repatriacion\/\"><span>Seguro Decesos para Extranjeros y Repatriaci\u00f3n<\/span><\/a><\/li><li><a href=\"https:\/\/idecesos.com\/seguros\/tipo\/basico\/\"><span>Seguro de Decesos B\u00e1sico<\/span><\/a><\/li><li><a href=\"https:\/\/idecesos.com\/seguros\/tipo\/hogar\/\"><span>Seguro de Decesos Combinado con Seguro de Hogar<\/span><\/a><\/li><li><a href=\"https:\/\/idecesos.com\/seguros\/tipo\/familiar\/\"><span>Seguro de Decesos Familiar<\/span><\/a><\/li><li><a href=\"https:\/\/idecesos.com\/seguros\/tipo\/sucesiones\/\"><span>Seguro de Decesos Impuesto de Sucesiones<\/span><\/a><\/li><li><a href=\"https:\/\/idecesos.com\/seguros\/tipo\/internacional\/\"><span>Seguro de Decesos Internacional<\/span><\/a><\/li><li><a href=\"https:\/\/idecesos.com\/seguros\/tipo\/judiciales\/\"><span>Seguro de Decesos Judiciales<\/span><\/a><\/li><li><a href=\"https:\/\/idecesos.com\/seguros\/tipo\/nicho\/\"><span>Seguro de Decesos Nicho<\/span><\/a><\/li><li><a href=\"https:\/\/idecesos.com\/seguros\/tipo\/mixta\/\"><span>Seguro de Decesos Prima Mixta<\/span><\/a><\/li><li><a href=\"https:\/\/idecesos.com\/seguros\/tipo\/natural\/\"><span>Seguro de Decesos Prima Natural<\/span><\/a><\/li><li><a href=\"https:\/\/idecesos.com\/seguros\/tipo\/nivelada\/\"><span>Seguro de Decesos Prima Nivelada<\/span><\/a><\/li><li><a href=\"https:\/\/idecesos.com\/seguros\/tipo\/constante\/\"><span>Seguro de Decesos Prima constante<\/span><\/a><\/li><li><a href=\"https:\/\/idecesos.com\/seguros\/tipo\/prima-unica\/\"><span>Seguro de Decesos Prima \u00danica<\/span><\/a><\/li><li><a href=\"https:\/\/idecesos.com\/seguros\/tipo\/todo-previsto\/\"><span>Seguro de Decesos Todo Previsto<\/span><\/a><\/li><li><a href=\"https:\/\/idecesos.com\/seguros\/tipo\/previsto\/\"><span>Seguro de Decesos Todo previsto<\/span><\/a><\/li><li><a href=\"https:\/\/idecesos.com\/seguros\/tipo\/vitalicio\/\"><span>Seguro de Decesos Vitalicio<\/span><\/a><\/li><li><a href=\"https:\/\/idecesos.com\/seguros\/tipo\/enfermedad\/\"><span>Seguro de Decesos con Enfermedad Grave<\/span><\/a><\/li><li><a href=\"https:\/\/idecesos.com\/seguros\/tipo\/incineracion\/\"><span>Seguro de Decesos con Incineraci\u00f3n<\/span><\/a><\/li><li><a href=\"https:\/\/idecesos.com\/seguros\/tipo\/adultos\/\"><span>Seguro de Decesos para Adultos<\/span><\/a><\/li><li><a href=\"https:\/\/idecesos.com\/seguros\/tipo\/bebe\/\"><span>Seguro de Decesos para Beb\u00e9s<\/span><\/a><\/li><li><a href=\"https:\/\/idecesos.com\/seguros\/tipo\/accidentes\/\"><span>Seguro de Decesos y Accidentes<\/span><\/a><\/li><li><a href=\"https:\/\/idecesos.com\/seguros\/tipo\/medicos\/\"><span>Seguro de Decesos y M\u00e9dicos<\/span><\/a><\/li><li><a href=\"https:\/\/idecesos.com\/seguros\/tipo\/vida\/\"><span>Seguro de Decesos y Vida<\/span><\/a><\/li><li><a href=\"https:\/\/idecesos.com\/seguros\/tipo\/sepelio\/\"><span>Seguro de Sepelio<\/span><\/a><\/li><\/ul>\r\n<\/div>","protected":false},"excerpt":{"rendered":"<p>En los \u00faltimos a\u00f1os la est\u00e9tica se ha convertido en uno de los pilares fundamentales en nuestra sociedad, para ello, ante la imagen que proporciona una buena dentadura, muchas personas recurren a los seguros bucodentales con la finalidad de cubrir los problemas que puedan surgir. Adem\u00e1s de, l\u00f3gicamente, por motivos de salud. Como consecuencia de&hellip; <\/p>\n","protected":false},"author":2,"featured_media":0,"parent":586,"menu_order":0,"comment_status":"open","ping_status":"closed","template":"single.php","meta":{"footnotes":""},"class_list":["post-745","page","type-page","status-publish","hentry"],"yoast_head":"<!-- This site is optimized with the Yoast SEO plugin v27.6 - https:\/\/yoast.com\/product\/yoast-seo-wordpress\/ -->\n<title>Seguro de Decesos con Cobertura Dental \u25b7 Limpieza Bucal Gratis: 2026<\/title>\n<meta name=\"description\" content=\"Calcula aqu\u00ed el mejor\u3010seguro de decesos con cobertura dental\u3011N\u00ba1: Coberturas, precios y limpieza bucal gratis \u2611\ufe0fOfertas exclusivas iDecesos\u00ae\" \/>\n<meta name=\"robots\" content=\"index, follow, max-snippet:-1, max-image-preview:large, max-video-preview:-1\" \/>\n<link rel=\"canonical\" href=\"https:\/\/idecesos.com\/seguros\/tipo\/dental\/\" \/>\n<meta property=\"og:locale\" content=\"es_ES\" \/>\n<meta property=\"og:type\" content=\"article\" \/>\n<meta property=\"og:title\" content=\"Seguro de Decesos con Cobertura Dental \u25b7 Limpieza Bucal Gratis: 2026\" \/>\n<meta property=\"og:description\" content=\"Calcula aqu\u00ed el mejor\u3010seguro de decesos con cobertura dental\u3011N\u00ba1: Coberturas, precios y limpieza bucal gratis \u2611\ufe0fOfertas exclusivas iDecesos\u00ae\" \/>\n<meta property=\"og:url\" content=\"https:\/\/idecesos.com\/seguros\/tipo\/dental\/\" \/>\n<meta property=\"article:modified_time\" content=\"2022-01-03T12:30:10+00:00\" \/>\n<meta name=\"twitter:card\" content=\"summary_large_image\" \/>\n<meta name=\"twitter:label1\" content=\"Tiempo de lectura\" \/>\n\t<meta name=\"twitter:data1\" content=\"2 minutos\" \/>\n<script type=\"application\/ld+json\" class=\"yoast-schema-graph\">{\"@context\":\"https:\\\/\\\/schema.org\",\"@graph\":[{\"@type\":\"WebPage\",\"@id\":\"https:\\\/\\\/idecesos.com\\\/seguros\\\/tipo\\\/dental\\\/\",\"url\":\"https:\\\/\\\/idecesos.com\\\/seguros\\\/tipo\\\/dental\\\/\",\"name\":\"Seguro de Decesos con Cobertura Dental \u25b7 Limpieza Bucal Gratis: 2026\",\"isPartOf\":{\"@id\":\"https:\\\/\\\/idecesos.com\\\/seguros\\\/#website\"},\"datePublished\":\"2021-07-13T09:28:59+00:00\",\"dateModified\":\"2022-01-03T12:30:10+00:00\",\"description\":\"Calcula aqu\u00ed el mejor\u3010seguro de decesos con cobertura dental\u3011N\u00ba1: Coberturas, precios y limpieza bucal gratis \u2611\ufe0fOfertas exclusivas iDecesos\u00ae\",\"breadcrumb\":{\"@id\":\"https:\\\/\\\/idecesos.com\\\/seguros\\\/tipo\\\/dental\\\/#breadcrumb\"},\"inLanguage\":\"es\",\"potentialAction\":[{\"@type\":\"ReadAction\",\"target\":[\"https:\\\/\\\/idecesos.com\\\/seguros\\\/tipo\\\/dental\\\/\"]}]},{\"@type\":\"BreadcrumbList\",\"@id\":\"https:\\\/\\\/idecesos.com\\\/seguros\\\/tipo\\\/dental\\\/#breadcrumb\",\"itemListElement\":[{\"@type\":\"ListItem\",\"position\":1,\"name\":\"Portada\",\"item\":\"https:\\\/\\\/idecesos.com\\\/seguros\\\/\"},{\"@type\":\"ListItem\",\"position\":2,\"name\":\"Tipos de seguros de decesos\",\"item\":\"https:\\\/\\\/idecesos.com\\\/seguros\\\/tipo\\\/\"},{\"@type\":\"ListItem\",\"position\":3,\"name\":\"Seguro de Decesos con Cobertura Dental\"}]},{\"@type\":\"WebSite\",\"@id\":\"https:\\\/\\\/idecesos.com\\\/seguros\\\/#website\",\"url\":\"https:\\\/\\\/idecesos.com\\\/seguros\\\/\",\"name\":\"\",\"description\":\"\",\"potentialAction\":[{\"@type\":\"SearchAction\",\"target\":{\"@type\":\"EntryPoint\",\"urlTemplate\":\"https:\\\/\\\/idecesos.com\\\/seguros\\\/?s={search_term_string}\"},\"query-input\":{\"@type\":\"PropertyValueSpecification\",\"valueRequired\":true,\"valueName\":\"search_term_string\"}}],\"inLanguage\":\"es\"}]}<\/script>\n<!-- \/ Yoast SEO plugin. -->","yoast_head_json":{"title":"Seguro de Decesos con Cobertura Dental \u25b7 Limpieza Bucal Gratis: 2026","description":"Calcula aqu\u00ed el mejor\u3010seguro de decesos con cobertura dental\u3011N\u00ba1: Coberturas, precios y limpieza bucal gratis \u2611\ufe0fOfertas exclusivas iDecesos\u00ae","robots":{"index":"index","follow":"follow","max-snippet":"max-snippet:-1","max-image-preview":"max-image-preview:large","max-video-preview":"max-video-preview:-1"},"canonical":"https:\/\/idecesos.com\/seguros\/tipo\/dental\/","og_locale":"es_ES","og_type":"article","og_title":"Seguro de Decesos con Cobertura Dental \u25b7 Limpieza Bucal Gratis: 2026","og_description":"Calcula aqu\u00ed el mejor\u3010seguro de decesos con cobertura dental\u3011N\u00ba1: Coberturas, precios y limpieza bucal gratis \u2611\ufe0fOfertas exclusivas iDecesos\u00ae","og_url":"https:\/\/idecesos.com\/seguros\/tipo\/dental\/","article_modified_time":"2022-01-03T12:30:10+00:00","twitter_card":"summary_large_image","twitter_misc":{"Tiempo de lectura":"2 minutos"},"schema":{"@context":"https:\/\/schema.org","@graph":[{"@type":"WebPage","@id":"https:\/\/idecesos.com\/seguros\/tipo\/dental\/","url":"https:\/\/idecesos.com\/seguros\/tipo\/dental\/","name":"Seguro de Decesos con Cobertura Dental \u25b7 Limpieza Bucal Gratis: 2026","isPartOf":{"@id":"https:\/\/idecesos.com\/seguros\/#website"},"datePublished":"2021-07-13T09:28:59+00:00","dateModified":"2022-01-03T12:30:10+00:00","description":"Calcula aqu\u00ed el mejor\u3010seguro de decesos con cobertura dental\u3011N\u00ba1: Coberturas, precios y limpieza bucal gratis \u2611\ufe0fOfertas exclusivas iDecesos\u00ae","breadcrumb":{"@id":"https:\/\/idecesos.com\/seguros\/tipo\/dental\/#breadcrumb"},"inLanguage":"es","potentialAction":[{"@type":"ReadAction","target":["https:\/\/idecesos.com\/seguros\/tipo\/dental\/"]}]},{"@type":"BreadcrumbList","@id":"https:\/\/idecesos.com\/seguros\/tipo\/dental\/#breadcrumb","itemListElement":[{"@type":"ListItem","position":1,"name":"Portada","item":"https:\/\/idecesos.com\/seguros\/"},{"@type":"ListItem","position":2,"name":"Tipos de seguros de decesos","item":"https:\/\/idecesos.com\/seguros\/tipo\/"},{"@type":"ListItem","position":3,"name":"Seguro de Decesos con Cobertura Dental"}]},{"@type":"WebSite","@id":"https:\/\/idecesos.com\/seguros\/#website","url":"https:\/\/idecesos.com\/seguros\/","name":"","description":"","potentialAction":[{"@type":"SearchAction","target":{"@type":"EntryPoint","urlTemplate":"https:\/\/idecesos.com\/seguros\/?s={search_term_string}"},"query-input":{"@type":"PropertyValueSpecification","valueRequired":true,"valueName":"search_term_string"}}],"inLanguage":"es"}]}},"_links":{"self":[{"href":"https:\/\/idecesos.com\/seguros\/wp-json\/wp\/v2\/pages\/745","targetHints":{"allow":["GET"]}}],"collection":[{"href":"https:\/\/idecesos.com\/seguros\/wp-json\/wp\/v2\/pages"}],"about":[{"href":"https:\/\/idecesos.com\/seguros\/wp-json\/wp\/v2\/types\/page"}],"author":[{"embeddable":true,"href":"https:\/\/idecesos.com\/seguros\/wp-json\/wp\/v2\/users\/2"}],"replies":[{"embeddable":true,"href":"https:\/\/idecesos.com\/seguros\/wp-json\/wp\/v2\/comments?post=745"}],"version-history":[{"count":8,"href":"https:\/\/idecesos.com\/seguros\/wp-json\/wp\/v2\/pages\/745\/revisions"}],"predecessor-version":[{"id":22201,"href":"https:\/\/idecesos.com\/seguros\/wp-json\/wp\/v2\/pages\/745\/revisions\/22201"}],"up":[{"embeddable":true,"href":"https:\/\/idecesos.com\/seguros\/wp-json\/wp\/v2\/pages\/586"}],"wp:attachment":[{"href":"https:\/\/idecesos.com\/seguros\/wp-json\/wp\/v2\/media?parent=745"}],"curies":[{"name":"wp","href":"https:\/\/api.w.org\/{rel}","templated":true}]}}