{"id":747,"date":"2021-12-15T16:03:04","date_gmt":"2021-07-13T09:35:31","guid":{"rendered":"https:\/\/idecesos.com\/seguros\/?page_id=747"},"modified":"2022-03-10T11:20:39","modified_gmt":"2022-03-10T11:20:39","slug":"precio","status":"publish","type":"page","link":"https:\/\/idecesos.com\/seguros\/companias\/meridiano\/precio\/","title":{"rendered":"\u00bfCu\u00e1nto cuesta el seguro de decesos Meridiano?"},"content":{"rendered":"<div id=\"ez-toc-container\" class=\"ez-toc-v2_0_82_2 ez-toc-wrap-center counter-hierarchy ez-toc-counter ez-toc-custom ez-toc-container-direction\">\n<div class=\"ez-toc-title-container\">\n<p class=\"ez-toc-title\" style=\"cursor:inherit\">Tabla de Contenido<\/p>\n<span class=\"ez-toc-title-toggle\"><a href=\"#\" class=\"ez-toc-pull-right ez-toc-btn ez-toc-btn-xs ez-toc-btn-default ez-toc-toggle\" aria-label=\"Alternar tabla de contenidos\"><span class=\"ez-toc-js-icon-con\"><span class=\"\"><span class=\"eztoc-hide\" style=\"display:none;\">Toggle<\/span><span class=\"ez-toc-icon-toggle-span\"><svg style=\"fill: #db6415;color:#db6415\" xmlns=\"http:\/\/www.w3.org\/2000\/svg\" class=\"list-377408\" width=\"20px\" height=\"20px\" viewBox=\"0 0 24 24\" fill=\"none\"><path d=\"M6 6H4v2h2V6zm14 0H8v2h12V6zM4 11h2v2H4v-2zm16 0H8v2h12v-2zM4 16h2v2H4v-2zm16 0H8v2h12v-2z\" fill=\"currentColor\"><\/path><\/svg><svg style=\"fill: #db6415;color:#db6415\" class=\"arrow-unsorted-368013\" xmlns=\"http:\/\/www.w3.org\/2000\/svg\" width=\"10px\" height=\"10px\" viewBox=\"0 0 24 24\" version=\"1.2\" baseProfile=\"tiny\"><path d=\"M18.2 9.3l-6.2-6.3-6.2 6.3c-.2.2-.3.4-.3.7s.1.5.3.7c.2.2.4.3.7.3h11c.3 0 .5-.1.7-.3.2-.2.3-.5.3-.7s-.1-.5-.3-.7zM5.8 14.7l6.2 6.3 6.2-6.3c.2-.2.3-.5.3-.7s-.1-.5-.3-.7c-.2-.2-.4-.3-.7-.3h-11c-.3 0-.5.1-.7.3-.2.2-.3.5-.3.7s.1.5.3.7z\"\/><\/svg><\/span><\/span><\/span><\/a><\/span><\/div>\n<nav><ul class='ez-toc-list ez-toc-list-level-1 ' ><li class='ez-toc-page-1 ez-toc-heading-level-2'><a class=\"ez-toc-link ez-toc-heading-1\" href=\"https:\/\/idecesos.com\/seguros\/companias\/meridiano\/precio\/#Calcular_precio_seguro_de_decesos_Meridiano\" >Calcular precio seguro de decesos Meridiano<\/a><\/li><li class='ez-toc-page-1 ez-toc-heading-level-2'><a class=\"ez-toc-link ez-toc-heading-2\" href=\"https:\/\/idecesos.com\/seguros\/companias\/meridiano\/precio\/#Tabla_comparativa_de_precios_Meridiano\" >Tabla comparativa de precios Meridiano<\/a><ul class='ez-toc-list-level-3' ><li class='ez-toc-heading-level-3'><a class=\"ez-toc-link ez-toc-heading-3\" href=\"https:\/\/idecesos.com\/seguros\/companias\/meridiano\/precio\/#%C2%BFCual_es_la_mejor_tarifa_de_seguros_de_Meridiano\" >\u00bfCu\u00e1l es la mejor tarifa de seguros de Meridiano ?<\/a><\/li><li class='ez-toc-page-1 ez-toc-heading-level-3'><a class=\"ez-toc-link ez-toc-heading-4\" href=\"https:\/\/idecesos.com\/seguros\/companias\/meridiano\/precio\/#%C2%BFPuede_aumentar_precio_mensual_de_los_seguros_de_Meridiano\" >\u00bfPuede aumentar precio mensual de los seguros de Meridiano ?<\/a><\/li><li class='ez-toc-page-1 ez-toc-heading-level-3'><a class=\"ez-toc-link ez-toc-heading-5\" href=\"https:\/\/idecesos.com\/seguros\/companias\/meridiano\/precio\/#%C2%BFEl_precio_de_seguros_de_decesos_Meridiano_sube_con_la_edad\" >\u00bfEl precio de seguros de decesos Meridiano sube con la edad?<\/a><\/li><li class='ez-toc-page-1 ez-toc-heading-level-3'><a class=\"ez-toc-link ez-toc-heading-6\" href=\"https:\/\/idecesos.com\/seguros\/companias\/meridiano\/precio\/#Paginas_relacionadas\" >P\u00e1ginas relacionadas<\/a><\/li><\/ul><\/li><\/ul><\/nav><\/div>\n<p><br \/>\nEl \u00e1mbito de los seguros de decesos es muy amplio. Existen muchas empresas aseguradoras, coberturas y precios diferentes entre los que optar. Ya antes de escoger un seguro, es mejor estar informado de los diferentes productos y compa\u00f1\u00edas que hay en el mercado para ver qu\u00e9 tarifas se adaptan mejor a tus necesidades. No tiene que preocuparse por nada. En iDecesos le vamos a facilitar cada uno de los precios y diferentes modalidades de primas ahora par que de una simple ojeada pueda saber como es m\u00e1s af\u00edn a y pueda seleccionar la que mejor se adapte a sus necesidades.<\/p>\n<div class=\"colorf\"><div class=\"container clearfix\"><div class=\"col-md-7\">\n<h2><span class=\"ez-toc-section\" id=\"Calcular_precio_seguro_de_decesos_Meridiano\"><\/span>Calcular precio seguro de decesos Meridiano<span class=\"ez-toc-section-end\"><\/span><\/h2>\n<p>Meridiano calcula a su medida y mirando la circunstancia en la que se halle la tarifa id\u00f3nea para . Con un proceso personalizado, siguiendo unos pasos muy concretos y de forma pormenorizada, sus profesionales se encargan de ponerlo todo en regla acomod\u00e1ndose a sus necesidades. Es mejor estar prevenido y cubrirse en salud por lo que pueda ocurrir en un futuro. Meridiano te asegura el c\u00e1lculo del precio de tu p\u00f3liza en menos de un minuto conocer\u00e1s la tarifa de seguro de decesos. Cuentas con la herramienta m\u00e1s f\u00e1cil que puede existir a d\u00eda de hoy en iDecesos con solo rellenar los datos m\u00e1s esenciales conseguir\u00e1s tu tarifa en cuesti\u00f3n de segundos aparte de ello vas a poder visualizar todas los beneficios como el presupuesto que contiene cada una de la p\u00f3liza. As\u00ed de sencillo y veloz. Dejando en claro que no quedas comprometido a nada y vas a poder realizarlo las veces que sea necesario totalmente sin coste.<br \/>\n<\/div><\/div><\/div><\/p>\n<h2><span class=\"ez-toc-section\" id=\"Tabla_comparativa_de_precios_Meridiano\"><\/span>Tabla comparativa de precios Meridiano<span class=\"ez-toc-section-end\"><\/span><\/h2>\n<p><div class=\"cabecera_tabla_precio\"><table class=\"table table-striped\"><thead><tr><th class=\"nosepara centrado\">Tipo<\/th><th class=\"nosepara centrado nojustificado\">Precio Desde<\/th><th class=\"nosepara dcha\"><\/th><\/tr><\/thead><tbody><tr class=\"fila_tabla_precio\"><td class=\"nosepara izq\">Precio Seguro Decesos Meridiano<\/td><td class=\"nosepara centro\">1,44 \u20ac\/mes<\/td><td class=\"nosepara derecha\">\t\t\t\t\t\n\t\t\t\t\t\t<span class=\"\" style=\"cursor:pointer\" data-bs-toggle=\"modal\" data-bs-target=\"#comparadorModal\">Calcular<\/span>\t\t\t\t\n\t\t\t\t\t\n\t\t\t\t<\/td><\/tr><\/div><tr class=\"fila_tabla_precio\"><td class=\"nosepara izq\">Precio Prima \u00danica Meridiano<\/td><td class=\"nosepara centro\">2330 \u20ac<\/td><td class=\"nosepara derecha\">\t\t\t\t\t\n\t\t\t\t\t\t<span class=\"\" style=\"cursor:pointer\" data-bs-toggle=\"modal\" data-bs-target=\"#comparadorModal\">Calcular<\/span>\t\t\t\t\n\t\t\t\t\t\n\t\t\t\t<\/td><\/tr><\/div><tr class=\"fila_tabla_precio\"><td class=\"nosepara izq\">Precio Prima Natural Meridiano<\/td><td class=\"nosepara centro\">1,45 \u20ac\/mes<\/td><td class=\"nosepara derecha\">\t\t\t\t\t\n\t\t\t\t\t\t<span class=\"\" style=\"cursor:pointer\" data-bs-toggle=\"modal\" data-bs-target=\"#comparadorModal\">Calcular<\/span>\t\t\t\t\n\t\t\t\t\t\n\t\t\t\t<\/td><\/tr><\/div><tr class=\"fila_tabla_precio\"><td class=\"nosepara izq\">Precio Prima Nivelada Meridiano<\/td><td class=\"nosepara centro\">1,60 \u20ac\/mes<\/td><td class=\"nosepara derecha\">\t\t\t\t\t\n\t\t\t\t\t\t<span class=\"\" style=\"cursor:pointer\" data-bs-toggle=\"modal\" data-bs-target=\"#comparadorModal\">Calcular<\/span>\t\t\t\t\n\t\t\t\t\t\n\t\t\t\t<\/td><\/tr><\/div><tr class=\"fila_tabla_precio\"><td class=\"nosepara izq\">Precio Prima Mixta Meridiano<\/td><td class=\"nosepara centro\">1,35 \u20ac\/mes<\/td><td class=\"nosepara derecha\">\t\t\t\t\t\n\t\t\t\t\t\t<span class=\"\" style=\"cursor:pointer\" data-bs-toggle=\"modal\" data-bs-target=\"#comparadorModal\">Calcular<\/span>\t\t\t\t\n\t\t\t\t\t\n\t\t\t\t<\/td><\/tr><\/div><tr class=\"fila_tabla_precio\"><td class=\"nosepara izq\">Precio Prima Seminatural Meridiano<\/td><td class=\"nosepara centro\">1,60 \u20ac\/mes<\/td><td class=\"nosepara derecha\">\t\t\t\t\t\n\t\t\t\t\t\t<span class=\"\" style=\"cursor:pointer\" data-bs-toggle=\"modal\" data-bs-target=\"#comparadorModal\">Calcular<\/span>\t\t\t\t\n\t\t\t\t\t\n\t\t\t\t<\/td><\/tr><\/div><tr class=\"fila_tabla_precio\"><td class=\"nosepara izq\">Precio con Repatriaci\u00f3n Meridiano<\/td><td class=\"nosepara centro\">0,78 \u20ac a la cuota<\/td><td class=\"nosepara derecha\">\t\t\t\t\t\n\t\t\t\t\t\t<span class=\"\" style=\"cursor:pointer\" data-bs-toggle=\"modal\" data-bs-target=\"#comparadorModal\">Calcular<\/span>\t\t\t\t\n\t\t\t\t\t\n\t\t\t\t<\/td><\/tr><\/div><tr class=\"fila_tabla_precio\"><td class=\"nosepara izq\">Precio Seguro Defunci\u00f3n Meridiano<\/td><td class=\"nosepara centro\">1,46 \u20ac\/mes<\/td><td class=\"nosepara derecha\">\t\t\t\t\t\n\t\t\t\t\t\t<span class=\"\" style=\"cursor:pointer\" data-bs-toggle=\"modal\" data-bs-target=\"#comparadorModal\">Calcular<\/span>\t\t\t\t\n\t\t\t\t\t\n\t\t\t\t<\/td><\/tr><\/div><tr class=\"fila_tabla_precio\"><td class=\"nosepara izq\">Precio Seguro Fallecimiento Meridiano<\/td><td class=\"nosepara centro\">1,45 \u20ac\/mes<\/td><td class=\"nosepara derecha\">\t\t\t\t\t\n\t\t\t\t\t\t<span class=\"\" style=\"cursor:pointer\" data-bs-toggle=\"modal\" data-bs-target=\"#comparadorModal\">Calcular<\/span>\t\t\t\t\n\t\t\t\t\t\n\t\t\t\t<\/td><\/tr><\/div><tr class=\"fila_tabla_precio\"><td class=\"nosepara izq\">Precio Seguro Muertos Meridiano<\/td><td class=\"nosepara centro\">1,40 \u20ac\/mes<\/td><td class=\"nosepara derecha\">\t\t\t\t\t\n\t\t\t\t\t\t<span class=\"\" style=\"cursor:pointer\" data-bs-toggle=\"modal\" data-bs-target=\"#comparadorModal\">Calcular<\/span>\t\t\t\t\n\t\t\t\t\t\n\t\t\t\t<\/td><\/tr><\/div><tr class=\"fila_tabla_precio\"><td class=\"nosepara izq\">Precio Asistencia Familiar Meridiano<\/td><td class=\"nosepara centro\">1,49 \u20ac\/mes<\/td><td class=\"nosepara derecha\">\t\t\t\t\t\n\t\t\t\t\t\t<span class=\"\" style=\"cursor:pointer\" data-bs-toggle=\"modal\" data-bs-target=\"#comparadorModal\">Calcular<\/span>\t\t\t\t\n\t\t\t\t\t\n\t\t\t\t<\/td><\/tr><\/div><\/tbody><\/table><\/div><\/p>\n<p>Con la tabla comparativa vas a poder ver las diferentes tarifas de Meridiano que cuenta cada p\u00f3liza. De este modo te van a facilitar tu elecci\u00f3n y no deber\u00e1s preocuparte por nada. Meridiano asegura que quede todo cubierto en el sepelio y no debas preocuparte de nada tanto t\u00fa como tus familiares, donde no te salva nadie de la muerte ni de los obst\u00e1culos, te tienes a ti mismo para poder asegurar tu tranquilidad en el instante del \u00f3bito. Meridiano te recuerda que hoy puede estar todo bien mas que ma\u00f1ana puede suceder cualquier imprevisible y debes estar preparado. No es el momento de que pierdas tu tiempo y cuenta con tu seguro de decesos de Meridiano.<br \/>\n<div class=\"colorf\"><div class=\"container clearfix\"><div class=\"col-md-7\"><\/p>\n<h3><span class=\"ez-toc-section\" id=\"%C2%BFCual_es_la_mejor_tarifa_de_seguros_de_Meridiano\"><\/span>\u00bfCu\u00e1l es la mejor tarifa de seguros de Meridiano ?<span class=\"ez-toc-section-end\"><\/span><\/h3>\n<p>Tiene delante la soluci\u00f3n a todas sus exigencias para un seguro de defunci\u00f3n con MeridianoLa serie completa que conforma el seguro de decesos con unas garant\u00edas agregadas que hacen de estas p\u00f3lizas un producto singular y con una alta ventaja a nivel competitivo sobre sus principales contrincantes aseguradores, aparte de gozar de los costes m\u00e1s econ\u00f3micos para usted. Gracias a iDecesos todo este trabajo te ser\u00e1 m\u00e1s f\u00e1cil, puesto que te asistiremos a hallar lo que verdaderamente precisas.<br \/>\n<\/div><\/div><\/div><\/p>\n<h3><span class=\"ez-toc-section\" id=\"%C2%BFPuede_aumentar_precio_mensual_de_los_seguros_de_Meridiano\"><\/span>\u00bfPuede aumentar precio mensual de los seguros de Meridiano ?<span class=\"ez-toc-section-end\"><\/span><\/h3>\n<p>Hay muchos g\u00e9neros de prima que Meridiano ha ideado para ti y a fin de que puedas seleccionar la que mejor se amolde a sus necesidades. En Espa\u00f1a, nueve de cada 10 personas que han contratado un seguro de decesos se han subscrito a la prima nivelada. Ahora le mostramos los diferentes tipos de primas. <strong>\u2022 Prima \u00fanica:<\/strong> Con una sola aportaci\u00f3n en el pago, este tipo de primas suelen ser contratadas por personas de edad avanzada que jam\u00e1s antes han contratado un seguro. Esta prima cubre el fallecimiento de personas que han pasado la edad de jubilaci\u00f3n o que tengan la existencia de una enfermedad grave. A partir de la edad de jubilaci\u00f3n el pago de esta prima se mantendr\u00e1 y no cambiar\u00e1. Aunque puede sufrir alg\u00fan cambio en sus pagos por la actualizaci\u00f3n de los capitales asegurados si bien se caracteriza por ser constante. <strong>\u2022 Prima Natural:<\/strong> El pago de esta prima se actualiza de a\u00f1o en a\u00f1o. Su precio va subiendo con el paso del tiempo paulatinamente puesto que su precio se calcula con los a\u00f1os que tiene usted en el momento de su contrataci\u00f3n y lo van comparando con el aumento de fallecimiento que pueda tener con el paso del tiempo.<\/p>\n<p><strong>\u2022 Prima Mixta:<\/strong> Esta prima es una combinaci\u00f3n de la Prima Nivelada y la Prima Natural.<\/p>\n<p>Da igual la modalidad de prima que escoja, que podr\u00e1 fraccionar el pago a lo que m\u00e1s le interese, o sea, si desea pagarlo mes a mes, cada tres meses, cada 6 meses, cada a\u00f1o o bien en una sola vez y esto no ver\u00e1 perjudicado a ninguna de las coberturas contratadas y con las tarifas m\u00e1s asequibles posibles.<br \/>\n<div class=\"colorf\"><div class=\"container clearfix\"><div class=\"col-md-7\"><\/p>\n<h3><span class=\"ez-toc-section\" id=\"%C2%BFEl_precio_de_seguros_de_decesos_Meridiano_sube_con_la_edad\"><\/span>\u00bfEl precio de seguros de decesos Meridiano sube con la edad?<span class=\"ez-toc-section-end\"><\/span><\/h3>\n<p>Con qu\u00e9 facilidad los seres queridos se vuelven polvo, Meridiano no contempla subidas en sus tarifas por la edad del asegurado. Aunque el incremento de su p\u00f3liza puede ocasionarse, no tiene porqu\u00e9 preocuparse, es realmente dif\u00edcil que esto ocurra con lo que puede estar sosegado. En tanto que en el instante de que se realiza una p\u00f3liza lo primero que se hace es en referencia a la edad de la persona asegurada. Meridiano tiene diferentes modalidades que son la prima nivelada, prima natural, prima mixta, prima seminatural y prima \u00fanica. Contratar un seguro de decesos no tiene una edad limitada por lo que las coberturas que da la empresa aseguradora son m\u00e1s valoradas por sus clientes. No lo pienses m\u00e1s, Meridiano es la empresa de seguros id\u00f3nea para contratar su seguro de decesos.<br \/>\n<\/div><\/div><\/div><\/p>\n<h3><span class=\"ez-toc-section\" id=\"Paginas_relacionadas\"><\/span>P\u00e1ginas relacionadas<span class=\"ez-toc-section-end\"><\/span><\/h3><div class=\"enlazado\"><ul> <li><a href=\"https:\/\/idecesos.com\/seguros\/companias\/meridiano\/coberturas\/\">Coberturas Seguro de Decesos Meridiano<\/a><\/li> <li><a href=\"https:\/\/idecesos.com\/seguros\/companias\/meridiano\/opiniones\/\">Opiniones Meridiano<\/a><\/li> <li><a href=\"https:\/\/idecesos.com\/seguros\/companias\/meridiano\/precio\/\">Precio seguro Meridiano<\/a><\/li> <li><a href=\"https:\/\/idecesos.com\/seguros\/companias\/meridiano\/prima-mixta\/\">Meridiano Prima Mixta<\/a><\/li> <li><a href=\"https:\/\/idecesos.com\/seguros\/companias\/meridiano\/prima-natural\/\">Meridiano Prima Natural<\/a><\/li> <li><a href=\"https:\/\/idecesos.com\/seguros\/companias\/meridiano\/prima-nivelada\/\">Meridiano Prima Nivelada<\/a><\/li> <li><a href=\"https:\/\/idecesos.com\/seguros\/companias\/meridiano\/prima-unica\/\">Meridiano Prima \u00danica<\/a><\/li> <li><a href=\"https:\/\/idecesos.com\/seguros\/companias\/meridiano\/repatriacion\/\">Meridiano Repatriaci\u00f3n<\/a><\/li> <li><a href=\"https:\/\/idecesos.com\/seguros\/companias\/meridiano\/telefono\/\">Tel\u00e9fono Gratuito Meridiano<\/a><\/li>   <\/ul><\/div>\n","protected":false},"excerpt":{"rendered":"<p>El \u00e1mbito de los seguros de decesos es muy amplio. Existen muchas empresas aseguradoras, coberturas y precios diferentes entre los que optar. Ya antes de escoger un seguro, es mejor estar informado de los diferentes productos y compa\u00f1\u00edas que hay en el mercado para ver qu\u00e9 tarifas se adaptan mejor a tus necesidades. No tiene&hellip; <\/p>\n","protected":false},"author":1,"featured_media":17383,"parent":735,"menu_order":0,"comment_status":"closed","ping_status":"closed","template":"single.php","meta":{"footnotes":""},"class_list":["post-747","page","type-page","status-publish","has-post-thumbnail","hentry"],"yoast_head":"<!-- This site is optimized with the Yoast SEO plugin v27.3 - https:\/\/yoast.com\/product\/yoast-seo-wordpress\/ -->\n<title>Precio Seguro Decesos Meridiano \u25b7DTO 25% I Oferta 2026<\/title>\n<meta name=\"description\" content=\"Calcular aqu\u00ed\u3010precio seguro de decesos Meridiano\u3011Tarifas, oferta y descuento de seguro defunci\u00f3n Meridiano 2026 \u2611\ufe0fiDecesos\u00ae N\u00ba1 en ahorro\" \/>\n<meta name=\"robots\" content=\"index, follow, max-snippet:-1, max-image-preview:large, max-video-preview:-1\" \/>\n<link rel=\"canonical\" href=\"https:\/\/idecesos.com\/seguros\/companias\/meridiano\/precio\/\" \/>\n<meta property=\"og:locale\" content=\"es_ES\" \/>\n<meta property=\"og:type\" content=\"article\" \/>\n<meta property=\"og:title\" content=\"Precio Seguro Decesos Meridiano \u25b7DTO 25% I Oferta 2026\" \/>\n<meta property=\"og:description\" content=\"Calcular aqu\u00ed\u3010precio seguro de decesos Meridiano\u3011Tarifas, oferta y descuento de seguro defunci\u00f3n Meridiano 2026 \u2611\ufe0fiDecesos\u00ae N\u00ba1 en ahorro\" \/>\n<meta property=\"og:url\" content=\"https:\/\/idecesos.com\/seguros\/companias\/meridiano\/precio\/\" \/>\n<meta property=\"article:modified_time\" content=\"2022-03-10T11:20:39+00:00\" \/>\n<meta property=\"og:image\" content=\"https:\/\/idecesos.com\/seguros\/wp-content\/uploads\/2021\/12\/precio-2.jpg-33.jpeg\" \/>\n\t<meta property=\"og:image:width\" content=\"1500\" \/>\n\t<meta property=\"og:image:height\" content=\"559\" \/>\n\t<meta property=\"og:image:type\" content=\"image\/jpeg\" \/>\n<meta name=\"twitter:card\" content=\"summary_large_image\" \/>\n<meta name=\"twitter:label1\" content=\"Tiempo de lectura\" \/>\n\t<meta name=\"twitter:data1\" content=\"75 minutos\" \/>\n<script type=\"application\/ld+json\" class=\"yoast-schema-graph\">{\"@context\":\"https:\\\/\\\/schema.org\",\"@graph\":[{\"@type\":\"WebPage\",\"@id\":\"https:\\\/\\\/idecesos.com\\\/seguros\\\/companias\\\/meridiano\\\/precio\\\/\",\"url\":\"https:\\\/\\\/idecesos.com\\\/seguros\\\/companias\\\/meridiano\\\/precio\\\/\",\"name\":\"Precio Seguro Decesos Meridiano \u25b7DTO 25% I Oferta 2026\",\"isPartOf\":{\"@id\":\"https:\\\/\\\/idecesos.com\\\/seguros\\\/#website\"},\"primaryImageOfPage\":{\"@id\":\"https:\\\/\\\/idecesos.com\\\/seguros\\\/companias\\\/meridiano\\\/precio\\\/#primaryimage\"},\"image\":{\"@id\":\"https:\\\/\\\/idecesos.com\\\/seguros\\\/companias\\\/meridiano\\\/precio\\\/#primaryimage\"},\"thumbnailUrl\":\"https:\\\/\\\/idecesos.com\\\/seguros\\\/wp-content\\\/uploads\\\/2021\\\/12\\\/precio-2.jpg-33.jpeg\",\"datePublished\":\"2021-07-13T09:35:31+00:00\",\"dateModified\":\"2022-03-10T11:20:39+00:00\",\"description\":\"Calcular aqu\u00ed\u3010precio seguro de decesos Meridiano\u3011Tarifas, oferta y descuento de seguro defunci\u00f3n Meridiano 2026 \u2611\ufe0fiDecesos\u00ae N\u00ba1 en ahorro\",\"breadcrumb\":{\"@id\":\"https:\\\/\\\/idecesos.com\\\/seguros\\\/companias\\\/meridiano\\\/precio\\\/#breadcrumb\"},\"inLanguage\":\"es\",\"potentialAction\":[{\"@type\":\"ReadAction\",\"target\":[\"https:\\\/\\\/idecesos.com\\\/seguros\\\/companias\\\/meridiano\\\/precio\\\/\"]}]},{\"@type\":\"ImageObject\",\"inLanguage\":\"es\",\"@id\":\"https:\\\/\\\/idecesos.com\\\/seguros\\\/companias\\\/meridiano\\\/precio\\\/#primaryimage\",\"url\":\"https:\\\/\\\/idecesos.com\\\/seguros\\\/wp-content\\\/uploads\\\/2021\\\/12\\\/precio-2.jpg-33.jpeg\",\"contentUrl\":\"https:\\\/\\\/idecesos.com\\\/seguros\\\/wp-content\\\/uploads\\\/2021\\\/12\\\/precio-2.jpg-33.jpeg\",\"width\":1500,\"height\":559,\"caption\":\"Precio Meridiano\"},{\"@type\":\"BreadcrumbList\",\"@id\":\"https:\\\/\\\/idecesos.com\\\/seguros\\\/companias\\\/meridiano\\\/precio\\\/#breadcrumb\",\"itemListElement\":[{\"@type\":\"ListItem\",\"position\":1,\"name\":\"Portada\",\"item\":\"https:\\\/\\\/idecesos.com\\\/seguros\\\/\"},{\"@type\":\"ListItem\",\"position\":2,\"name\":\"Compa\u00f1\u00edas de Seguros de Decesos en Espa\u00f1a\",\"item\":\"https:\\\/\\\/idecesos.com\\\/seguros\\\/companias\\\/\"},{\"@type\":\"ListItem\",\"position\":3,\"name\":\"Seguro de decesos Meridiano\",\"item\":\"https:\\\/\\\/idecesos.com\\\/seguros\\\/companias\\\/meridiano\\\/\"},{\"@type\":\"ListItem\",\"position\":4,\"name\":\"\u00bfCu\u00e1nto cuesta el seguro de decesos Meridiano?\"}]},{\"@type\":\"WebSite\",\"@id\":\"https:\\\/\\\/idecesos.com\\\/seguros\\\/#website\",\"url\":\"https:\\\/\\\/idecesos.com\\\/seguros\\\/\",\"name\":\"\",\"description\":\"\",\"potentialAction\":[{\"@type\":\"SearchAction\",\"target\":{\"@type\":\"EntryPoint\",\"urlTemplate\":\"https:\\\/\\\/idecesos.com\\\/seguros\\\/?s={search_term_string}\"},\"query-input\":{\"@type\":\"PropertyValueSpecification\",\"valueRequired\":true,\"valueName\":\"search_term_string\"}}],\"inLanguage\":\"es\"}]}<\/script>\n<!-- \/ Yoast SEO plugin. -->","yoast_head_json":{"title":"Precio Seguro Decesos Meridiano \u25b7DTO 25% I Oferta 2026","description":"Calcular aqu\u00ed\u3010precio seguro de decesos Meridiano\u3011Tarifas, oferta y descuento de seguro defunci\u00f3n Meridiano 2026 \u2611\ufe0fiDecesos\u00ae N\u00ba1 en ahorro","robots":{"index":"index","follow":"follow","max-snippet":"max-snippet:-1","max-image-preview":"max-image-preview:large","max-video-preview":"max-video-preview:-1"},"canonical":"https:\/\/idecesos.com\/seguros\/companias\/meridiano\/precio\/","og_locale":"es_ES","og_type":"article","og_title":"Precio Seguro Decesos Meridiano \u25b7DTO 25% I Oferta 2026","og_description":"Calcular aqu\u00ed\u3010precio seguro de decesos Meridiano\u3011Tarifas, oferta y descuento de seguro defunci\u00f3n Meridiano 2026 \u2611\ufe0fiDecesos\u00ae N\u00ba1 en ahorro","og_url":"https:\/\/idecesos.com\/seguros\/companias\/meridiano\/precio\/","article_modified_time":"2022-03-10T11:20:39+00:00","og_image":[{"width":1500,"height":559,"url":"https:\/\/idecesos.com\/seguros\/wp-content\/uploads\/2021\/12\/precio-2.jpg-33.jpeg","type":"image\/jpeg"}],"twitter_card":"summary_large_image","twitter_misc":{"Tiempo de lectura":"75 minutos"},"schema":{"@context":"https:\/\/schema.org","@graph":[{"@type":"WebPage","@id":"https:\/\/idecesos.com\/seguros\/companias\/meridiano\/precio\/","url":"https:\/\/idecesos.com\/seguros\/companias\/meridiano\/precio\/","name":"Precio Seguro Decesos Meridiano \u25b7DTO 25% I Oferta 2026","isPartOf":{"@id":"https:\/\/idecesos.com\/seguros\/#website"},"primaryImageOfPage":{"@id":"https:\/\/idecesos.com\/seguros\/companias\/meridiano\/precio\/#primaryimage"},"image":{"@id":"https:\/\/idecesos.com\/seguros\/companias\/meridiano\/precio\/#primaryimage"},"thumbnailUrl":"https:\/\/idecesos.com\/seguros\/wp-content\/uploads\/2021\/12\/precio-2.jpg-33.jpeg","datePublished":"2021-07-13T09:35:31+00:00","dateModified":"2022-03-10T11:20:39+00:00","description":"Calcular aqu\u00ed\u3010precio seguro de decesos Meridiano\u3011Tarifas, oferta y descuento de seguro defunci\u00f3n Meridiano 2026 \u2611\ufe0fiDecesos\u00ae N\u00ba1 en ahorro","breadcrumb":{"@id":"https:\/\/idecesos.com\/seguros\/companias\/meridiano\/precio\/#breadcrumb"},"inLanguage":"es","potentialAction":[{"@type":"ReadAction","target":["https:\/\/idecesos.com\/seguros\/companias\/meridiano\/precio\/"]}]},{"@type":"ImageObject","inLanguage":"es","@id":"https:\/\/idecesos.com\/seguros\/companias\/meridiano\/precio\/#primaryimage","url":"https:\/\/idecesos.com\/seguros\/wp-content\/uploads\/2021\/12\/precio-2.jpg-33.jpeg","contentUrl":"https:\/\/idecesos.com\/seguros\/wp-content\/uploads\/2021\/12\/precio-2.jpg-33.jpeg","width":1500,"height":559,"caption":"Precio Meridiano"},{"@type":"BreadcrumbList","@id":"https:\/\/idecesos.com\/seguros\/companias\/meridiano\/precio\/#breadcrumb","itemListElement":[{"@type":"ListItem","position":1,"name":"Portada","item":"https:\/\/idecesos.com\/seguros\/"},{"@type":"ListItem","position":2,"name":"Compa\u00f1\u00edas de Seguros de Decesos en Espa\u00f1a","item":"https:\/\/idecesos.com\/seguros\/companias\/"},{"@type":"ListItem","position":3,"name":"Seguro de decesos Meridiano","item":"https:\/\/idecesos.com\/seguros\/companias\/meridiano\/"},{"@type":"ListItem","position":4,"name":"\u00bfCu\u00e1nto cuesta el seguro de decesos Meridiano?"}]},{"@type":"WebSite","@id":"https:\/\/idecesos.com\/seguros\/#website","url":"https:\/\/idecesos.com\/seguros\/","name":"","description":"","potentialAction":[{"@type":"SearchAction","target":{"@type":"EntryPoint","urlTemplate":"https:\/\/idecesos.com\/seguros\/?s={search_term_string}"},"query-input":{"@type":"PropertyValueSpecification","valueRequired":true,"valueName":"search_term_string"}}],"inLanguage":"es"}]}},"_links":{"self":[{"href":"https:\/\/idecesos.com\/seguros\/wp-json\/wp\/v2\/pages\/747","targetHints":{"allow":["GET"]}}],"collection":[{"href":"https:\/\/idecesos.com\/seguros\/wp-json\/wp\/v2\/pages"}],"about":[{"href":"https:\/\/idecesos.com\/seguros\/wp-json\/wp\/v2\/types\/page"}],"author":[{"embeddable":true,"href":"https:\/\/idecesos.com\/seguros\/wp-json\/wp\/v2\/users\/1"}],"replies":[{"embeddable":true,"href":"https:\/\/idecesos.com\/seguros\/wp-json\/wp\/v2\/comments?post=747"}],"version-history":[{"count":6,"href":"https:\/\/idecesos.com\/seguros\/wp-json\/wp\/v2\/pages\/747\/revisions"}],"predecessor-version":[{"id":20118,"href":"https:\/\/idecesos.com\/seguros\/wp-json\/wp\/v2\/pages\/747\/revisions\/20118"}],"up":[{"embeddable":true,"href":"https:\/\/idecesos.com\/seguros\/wp-json\/wp\/v2\/pages\/735"}],"wp:featuredmedia":[{"embeddable":true,"href":"https:\/\/idecesos.com\/seguros\/wp-json\/wp\/v2\/media\/17383"}],"wp:attachment":[{"href":"https:\/\/idecesos.com\/seguros\/wp-json\/wp\/v2\/media?parent=747"}],"curies":[{"name":"wp","href":"https:\/\/api.w.org\/{rel}","templated":true}]}}