{"id":748,"date":"2021-07-13T09:32:10","date_gmt":"2021-07-13T09:32:10","guid":{"rendered":"https:\/\/idecesos.com\/seguros\/?page_id=748"},"modified":"2022-01-03T12:31:16","modified_gmt":"2022-01-03T12:31:16","slug":"constante","status":"publish","type":"page","link":"https:\/\/idecesos.com\/seguros\/tipo\/constante\/","title":{"rendered":"Seguro de Decesos Prima constante"},"content":{"rendered":"\r\n\r\n<p>Dentro de los seguros de decesos tenemos distintas modalidades. Existen en estos tipos de seguros cuatro primas diferentes, entre las que est\u00e1 la p\u00f3liza est\u00e1ndar constante. Los cuatro tipos distintos de primas son la natural, la nivelada o est\u00e1ndar constante, pudi\u00e9ndola encontrar en las aseguradoras con estos dos nombres diferentes, la mixta o seminatural y la modalidad de prima \u00fanica.<\/p>\r\n\r\n\r\n\r\n<p>La importancia de los seguros de decesos y de tenerlos actualizados radica en la preocupaci\u00f3n de la mayor\u00eda de los espa\u00f1oles de proteger a su familia y a sus seres queridos ante los pagos y gastos que supondr\u00eda un futuro entierro y todo lo que ello implica, las labores administrativas, los tr\u00e1mites, etc. Por eso en Espa\u00f1a m\u00e1s de un cincuenta por ciento de la poblaci\u00f3n ya tiene su p\u00f3liza de seguro de decesos, trat\u00e1ndose este del tercer seguro con mayor penetraci\u00f3n en los hogares del pa\u00eds. La principal ventaja que vamos a encontrar en tener este tipo de seguro contratado es que se van a ir pudiendo pagar poco a poco, y de un modo anticipado, los gastos que un sepelio y un funeral conllevan. Es muy c\u00f3modo y pr\u00e1ctico que cuando llegue el momento de la defunci\u00f3n, tu familia, tus amigos y tus seres queridos no tengan que organizar, gestionar ni encargarse de nada. Piensa que todo lo montar\u00eda y lo llevar\u00eda la compa\u00f1\u00eda aseguradora, aparte de que el factor econ\u00f3mico estar\u00eda en principio tambi\u00e9n ya cubierto.<\/p>\r\n\r\n\r\n\r\n<p>Normalmente son numerosas, aparte de las coberturas b\u00e1sicas, las coberturas adicionales. El mundo de los seguros de decesos es un mercado que crece cada d\u00eda por lo que las opciones que te dan las corporaciones aseguradoras son m\u00faltiples. Tienes desde peque\u00f1as p\u00f3lizas que te cuestan unos cinco euros al mes o menos, hasta grandes p\u00f3lizas que te suponen un coste alto pero que pagas quiz\u00e1s una vez en la vida. Vamos a ver los distintos tipos de primas que hay, centr\u00e1ndonos en la est\u00e1ndar constante, igualmente llamada nivelada.<\/p>\r\n\r\n\r\n\r\n<p>Antes de ver cada modalidad, estar\u00eda bien poder aclarar que dependiendo de la p\u00f3liza que se contrate ser\u00e1 m\u00e1s caro el precio si se tiene menos edad, as\u00ed mismo hay p\u00f3lizas que cuestan menos cuando eres m\u00e1s joven. Todo va a depender del tipo de contrato que elijas e ir\u00e1 en funci\u00f3n de tus necesidades. Para realizar la tediosa tarea de comparar, existen ya empresas y portales que lo hacen por nosotros. Una de las que est\u00e1 pisando fuerte en este campo de los decesos es iDecesos.com. Te invitamos a entrar en nuestro portal y a comparar, trabajamos con las principales compa\u00f1\u00edas aseguradoras de Espa\u00f1a y hacer la comparativa te supondr\u00e1 tan solo dos minutos de tu tiempo, \u00a1pru\u00e9bala!<\/p>\r\n\r\n\r\n\r\n<p>Una vez que se elige la modalidad de prima, se escoge la modalidad de pago que com\u00fanmente podr\u00e1 ser mensual, bimensual, trimestral, semestral o anual. Si se escoge una prima \u00fanica solo se realizar\u00e1 un pago y ya el cliente puede desentenderse de este coste y de esta p\u00f3liza por el resto de su vida, asegur\u00e1ndole a su familia la mayor protecci\u00f3n y un gran respaldo en todos los sentidos. El precio de la prima que vaya a contratarse, va a variar esencialmente en funci\u00f3n de las coberturas escogidas, de la edad de la persona que desea asegurarse y del coste de los servicios f\u00fanebre en la localidad que se elija.<\/p>\r\n\r\n\r\n\r\n<p>Centr\u00e9monos entonces en la prima est\u00e1ndar constante. Con esta modalidad, la persona que contrata el seguro, y hasta que llegue el momento del fallecimiento del asegurado, va a pagar la misma cantidad de dinero siempre. Dependiendo de su contrataci\u00f3n ser\u00e1 cada tres, cada seis o cada doce meses, seg\u00fan prefiera la persona interesada. Lo \u00fanico que puede hacer variar este pago, es el cambio que se produzca en el coste de los servicios contratados. Este cambio se produce y est\u00e1 condicionado por el \u00cdndice del Precio al Consumidor (IPC), que es un \u00edndice econ\u00f3mico en el que se valoran los precios de un predeterminado conjunto de bienes y servicios. El \u00edndice se determina por una base de encuesta continua de presupuestos familiares en Espa\u00f1a.<\/p>\r\n\r\n\r\n\r\n<p>La nivelaci\u00f3n de la p\u00f3liza se hace considerando la edad de la persona que contrata la p\u00f3liza, manteni\u00e9ndose la cantidad que esa persona tiene que pagar durante toda la vida. Solo hay que tener en cuenta que ser\u00e1 m\u00e1s alta la cuota si se contrata a los cuarenta que si se hace a los veinte a\u00f1os. Este tipo de p\u00f3liza, puede, al principio, resultar m\u00e1s caro que otras modalidades de primas con la misma edad. Sin embargo, cuantos m\u00e1s a\u00f1os alguien tiene m\u00e1s barato le va a salir la p\u00f3liza del seguro de decesos.<\/p>\r\n\r\n\r\n\r\n<p>Por \u00faltimo, vamos a ver por encima en qu\u00e9 consisten los dem\u00e1s tipos de primas que existen. La natural o variable va a hacer que el asegurado pague una prima m\u00e1s cuantiosa a medida que avance su edad. La modalidad mixta, tambi\u00e9n llamada seminatural, es la opci\u00f3n que hay entre la nivelada y la natural y consiste en el aumento progresivo del coste de la prima en relaci\u00f3n con el incremento de los a\u00f1os de la persona asegurada, aunque esto sucede hasta los sesenta a\u00f1os. A partir de entonces la prima se convierte en constante y ya siempre se va a pagar lo mismo hasta el momento de la defunci\u00f3n del cliente. Finalmente est\u00e1 la prima \u00fanica, que te da la alternativa de realizar un \u00fanico pago, teniendo a ra\u00edz de ese pago una cobertura vitalicia, o lo que es lo mismo, de por vida.<br \/><br \/>El Seguro Decesos Est\u00e1ndar Constante, conocido com\u00fanmente como seguros de decesos de prima nivelada, son aquellos mediante el que se calcula la tasa a aplicar sobre el capital asegurado cuando se realiza la contrataci\u00f3n del seguro. De este modo, dicha tasa se mantendr\u00e1 constante con el paso de los a\u00f1os.<\/p>\r\n\r\n\r\n\r\n<p>Esta modalidad de seguro est\u00e1 destinada a todas aquellas personas que no quieran que su seguro vaya aumentado de precio conforme van teniendo una edad m\u00e1s avanzada.<\/p>\r\n\r\n\r\n\r\n<p>Sin embargo, no todos los a\u00f1os se paga la misma prima con el Seguro Decesos Est\u00e1ndar Constante debido a dos factores destacables. El primero de ellos resulta del incremento anual del capital asegurado que se realiza para evitar que \u00e9ste quede desfasado, pues el precio del servicio aumenta cada a\u00f1o. En segundo lugar, dicha prima se ve incrementada como consecuencia del crecimiento de la tasa media del contrato, ya que a medida que van pasando los a\u00f1os, a los incrementos anuales de capital se le aplica la tasa que corresponda cada a\u00f1o.<\/p>\r\n\r\n\r\n\r\n<p>A pesar de dicho incremento, el Seguro Decesos Est\u00e1ndar Constante presenta una serie de ventajas con respecto a la prima natural, caracterizada por un aumento progresivo del precio de la p\u00f3liza conforme el cliente se va haciendo mayor. En este sentido, los clientes que opten por este tipo de seguro pagar\u00e1n sus primas de manera m\u00e1s uniforme, por lo que cuando sean mayores el coste de la p\u00f3liza ser\u00e1 menor que si hubieran optado por uno de prima natural. Sin embargo, pagar\u00e1n bastante m\u00e1s mientras seas joven.<\/p>\r\n\r\n\r\n\r\n<p>Asimismo, no resulta conveniente realizar un cambio de compa\u00f1\u00eda si contrata un Seguro Decesos Est\u00e1ndar Constante pues perder\u00eda la tasa que le establecieron en la compa\u00f1\u00eda anterior por lo que no se tendr\u00eda en cuenta todo lo que habr\u00eda pagado de m\u00e1s en su antigua aseguradora.<\/p>\r\n\r\n\r\n\r\n<p>Esta modalidad de prima suele darse en los seguros de decesos y de vida. De este modo, podemos encontrar seguros de vida temporales de prima nivelada, en los que el asegurado paga una cantidad fija hasta que se termina el per\u00edodo de tiempo fijado y se da de baja la p\u00f3liza.<\/p>\r\n\r\n\r\n\r\n<p>Algunas aseguradoras otorgan la posibilidad de adquirir un seguro de prima mixta, que resulta de la combinaci\u00f3n de la prima natural y el Seguro Decesos Est\u00e1ndar Constante. Son numerosas las aseguradoras que ofrecen este tipo de seguro de decesos por lo que s\u00f3lo tiene que comparar y elegir el que m\u00e1s se ajuste a sus necesidades.<\/p>\r\n\r\n<div class=\"oficinas\">\r\n<h3>P\u00e1ginas relacionadas<\/h3>\r\n<ul><li><a href=\"https:\/\/idecesos.com\/seguros\/tipo\/mayores\/\"><span>Seguro Decesos Para Mayores<\/span><\/a><\/li><li><a href=\"https:\/\/idecesos.com\/seguros\/tipo\/extranjeros-repatriacion\/\"><span>Seguro Decesos para Extranjeros y Repatriaci\u00f3n<\/span><\/a><\/li><li><a href=\"https:\/\/idecesos.com\/seguros\/tipo\/basico\/\"><span>Seguro de Decesos B\u00e1sico<\/span><\/a><\/li><li><a href=\"https:\/\/idecesos.com\/seguros\/tipo\/hogar\/\"><span>Seguro de Decesos Combinado con Seguro de Hogar<\/span><\/a><\/li><li><a href=\"https:\/\/idecesos.com\/seguros\/tipo\/familiar\/\"><span>Seguro de Decesos Familiar<\/span><\/a><\/li><li><a href=\"https:\/\/idecesos.com\/seguros\/tipo\/sucesiones\/\"><span>Seguro de Decesos Impuesto de Sucesiones<\/span><\/a><\/li><li><a href=\"https:\/\/idecesos.com\/seguros\/tipo\/internacional\/\"><span>Seguro de Decesos Internacional<\/span><\/a><\/li><li><a href=\"https:\/\/idecesos.com\/seguros\/tipo\/judiciales\/\"><span>Seguro de Decesos Judiciales<\/span><\/a><\/li><li><a href=\"https:\/\/idecesos.com\/seguros\/tipo\/nicho\/\"><span>Seguro de Decesos Nicho<\/span><\/a><\/li><li><a href=\"https:\/\/idecesos.com\/seguros\/tipo\/mixta\/\"><span>Seguro de Decesos Prima Mixta<\/span><\/a><\/li><li><a href=\"https:\/\/idecesos.com\/seguros\/tipo\/natural\/\"><span>Seguro de Decesos Prima Natural<\/span><\/a><\/li><li><a href=\"https:\/\/idecesos.com\/seguros\/tipo\/nivelada\/\"><span>Seguro de Decesos Prima Nivelada<\/span><\/a><\/li><li><a href=\"https:\/\/idecesos.com\/seguros\/tipo\/prima-unica\/\"><span>Seguro de Decesos Prima \u00danica<\/span><\/a><\/li><li><a href=\"https:\/\/idecesos.com\/seguros\/tipo\/todo-previsto\/\"><span>Seguro de Decesos Todo Previsto<\/span><\/a><\/li><li><a href=\"https:\/\/idecesos.com\/seguros\/tipo\/previsto\/\"><span>Seguro de Decesos Todo previsto<\/span><\/a><\/li><li><a href=\"https:\/\/idecesos.com\/seguros\/tipo\/vitalicio\/\"><span>Seguro de Decesos Vitalicio<\/span><\/a><\/li><li><a href=\"https:\/\/idecesos.com\/seguros\/tipo\/dental\/\"><span>Seguro de Decesos con Cobertura Dental<\/span><\/a><\/li><li><a href=\"https:\/\/idecesos.com\/seguros\/tipo\/enfermedad\/\"><span>Seguro de Decesos con Enfermedad Grave<\/span><\/a><\/li><li><a href=\"https:\/\/idecesos.com\/seguros\/tipo\/incineracion\/\"><span>Seguro de Decesos con Incineraci\u00f3n<\/span><\/a><\/li><li><a href=\"https:\/\/idecesos.com\/seguros\/tipo\/adultos\/\"><span>Seguro de Decesos para Adultos<\/span><\/a><\/li><li><a href=\"https:\/\/idecesos.com\/seguros\/tipo\/bebe\/\"><span>Seguro de Decesos para Beb\u00e9s<\/span><\/a><\/li><li><a href=\"https:\/\/idecesos.com\/seguros\/tipo\/accidentes\/\"><span>Seguro de Decesos y Accidentes<\/span><\/a><\/li><li><a href=\"https:\/\/idecesos.com\/seguros\/tipo\/medicos\/\"><span>Seguro de Decesos y M\u00e9dicos<\/span><\/a><\/li><li><a href=\"https:\/\/idecesos.com\/seguros\/tipo\/vida\/\"><span>Seguro de Decesos y Vida<\/span><\/a><\/li><li><a href=\"https:\/\/idecesos.com\/seguros\/tipo\/sepelio\/\"><span>Seguro de Sepelio<\/span><\/a><\/li><\/ul>\r\n<\/div>","protected":false},"excerpt":{"rendered":"<p>Dentro de los seguros de decesos tenemos distintas modalidades. Existen en estos tipos de seguros cuatro primas diferentes, entre las que est\u00e1 la p\u00f3liza est\u00e1ndar constante. Los cuatro tipos distintos de primas son la natural, la nivelada o est\u00e1ndar constante, pudi\u00e9ndola encontrar en las aseguradoras con estos dos nombres diferentes, la mixta o seminatural y&hellip; <\/p>\n","protected":false},"author":2,"featured_media":0,"parent":586,"menu_order":0,"comment_status":"closed","ping_status":"closed","template":"single.php","meta":{"footnotes":""},"class_list":["post-748","page","type-page","status-publish","hentry"],"yoast_head":"<!-- This site is optimized with the Yoast SEO plugin v27.5 - https:\/\/yoast.com\/product\/yoast-seo-wordpress\/ -->\n<title>Seguro de Decesos Prima constante -<\/title>\n<meta name=\"robots\" content=\"index, follow, max-snippet:-1, max-image-preview:large, max-video-preview:-1\" \/>\n<link rel=\"canonical\" href=\"https:\/\/idecesos.com\/seguros\/tipo\/constante\/\" \/>\n<meta property=\"og:locale\" content=\"es_ES\" \/>\n<meta property=\"og:type\" content=\"article\" \/>\n<meta property=\"og:title\" content=\"Seguro de Decesos Prima constante -\" \/>\n<meta property=\"og:description\" content=\"Dentro de los seguros de decesos tenemos distintas modalidades. Existen en estos tipos de seguros cuatro primas diferentes, entre las que est\u00e1 la p\u00f3liza est\u00e1ndar constante. Los cuatro tipos distintos de primas son la natural, la nivelada o est\u00e1ndar constante, pudi\u00e9ndola encontrar en las aseguradoras con estos dos nombres diferentes, la mixta o seminatural y&hellip;\" \/>\n<meta property=\"og:url\" content=\"https:\/\/idecesos.com\/seguros\/tipo\/constante\/\" \/>\n<meta property=\"article:modified_time\" content=\"2022-01-03T12:31:16+00:00\" \/>\n<meta name=\"twitter:card\" content=\"summary_large_image\" \/>\n<meta name=\"twitter:label1\" content=\"Tiempo de lectura\" \/>\n\t<meta name=\"twitter:data1\" content=\"6 minutos\" \/>\n<script type=\"application\/ld+json\" class=\"yoast-schema-graph\">{\"@context\":\"https:\\\/\\\/schema.org\",\"@graph\":[{\"@type\":\"WebPage\",\"@id\":\"https:\\\/\\\/idecesos.com\\\/seguros\\\/tipo\\\/constante\\\/\",\"url\":\"https:\\\/\\\/idecesos.com\\\/seguros\\\/tipo\\\/constante\\\/\",\"name\":\"Seguro de Decesos Prima constante -\",\"isPartOf\":{\"@id\":\"https:\\\/\\\/idecesos.com\\\/seguros\\\/#website\"},\"datePublished\":\"2021-07-13T09:32:10+00:00\",\"dateModified\":\"2022-01-03T12:31:16+00:00\",\"breadcrumb\":{\"@id\":\"https:\\\/\\\/idecesos.com\\\/seguros\\\/tipo\\\/constante\\\/#breadcrumb\"},\"inLanguage\":\"es\",\"potentialAction\":[{\"@type\":\"ReadAction\",\"target\":[\"https:\\\/\\\/idecesos.com\\\/seguros\\\/tipo\\\/constante\\\/\"]}]},{\"@type\":\"BreadcrumbList\",\"@id\":\"https:\\\/\\\/idecesos.com\\\/seguros\\\/tipo\\\/constante\\\/#breadcrumb\",\"itemListElement\":[{\"@type\":\"ListItem\",\"position\":1,\"name\":\"Portada\",\"item\":\"https:\\\/\\\/idecesos.com\\\/seguros\\\/\"},{\"@type\":\"ListItem\",\"position\":2,\"name\":\"Tipos de seguros de decesos\",\"item\":\"https:\\\/\\\/idecesos.com\\\/seguros\\\/tipo\\\/\"},{\"@type\":\"ListItem\",\"position\":3,\"name\":\"Seguro de Decesos Prima constante\"}]},{\"@type\":\"WebSite\",\"@id\":\"https:\\\/\\\/idecesos.com\\\/seguros\\\/#website\",\"url\":\"https:\\\/\\\/idecesos.com\\\/seguros\\\/\",\"name\":\"\",\"description\":\"\",\"potentialAction\":[{\"@type\":\"SearchAction\",\"target\":{\"@type\":\"EntryPoint\",\"urlTemplate\":\"https:\\\/\\\/idecesos.com\\\/seguros\\\/?s={search_term_string}\"},\"query-input\":{\"@type\":\"PropertyValueSpecification\",\"valueRequired\":true,\"valueName\":\"search_term_string\"}}],\"inLanguage\":\"es\"}]}<\/script>\n<!-- \/ Yoast SEO plugin. -->","yoast_head_json":{"title":"Seguro de Decesos Prima constante -","robots":{"index":"index","follow":"follow","max-snippet":"max-snippet:-1","max-image-preview":"max-image-preview:large","max-video-preview":"max-video-preview:-1"},"canonical":"https:\/\/idecesos.com\/seguros\/tipo\/constante\/","og_locale":"es_ES","og_type":"article","og_title":"Seguro de Decesos Prima constante -","og_description":"Dentro de los seguros de decesos tenemos distintas modalidades. Existen en estos tipos de seguros cuatro primas diferentes, entre las que est\u00e1 la p\u00f3liza est\u00e1ndar constante. Los cuatro tipos distintos de primas son la natural, la nivelada o est\u00e1ndar constante, pudi\u00e9ndola encontrar en las aseguradoras con estos dos nombres diferentes, la mixta o seminatural y&hellip;","og_url":"https:\/\/idecesos.com\/seguros\/tipo\/constante\/","article_modified_time":"2022-01-03T12:31:16+00:00","twitter_card":"summary_large_image","twitter_misc":{"Tiempo de lectura":"6 minutos"},"schema":{"@context":"https:\/\/schema.org","@graph":[{"@type":"WebPage","@id":"https:\/\/idecesos.com\/seguros\/tipo\/constante\/","url":"https:\/\/idecesos.com\/seguros\/tipo\/constante\/","name":"Seguro de Decesos Prima constante -","isPartOf":{"@id":"https:\/\/idecesos.com\/seguros\/#website"},"datePublished":"2021-07-13T09:32:10+00:00","dateModified":"2022-01-03T12:31:16+00:00","breadcrumb":{"@id":"https:\/\/idecesos.com\/seguros\/tipo\/constante\/#breadcrumb"},"inLanguage":"es","potentialAction":[{"@type":"ReadAction","target":["https:\/\/idecesos.com\/seguros\/tipo\/constante\/"]}]},{"@type":"BreadcrumbList","@id":"https:\/\/idecesos.com\/seguros\/tipo\/constante\/#breadcrumb","itemListElement":[{"@type":"ListItem","position":1,"name":"Portada","item":"https:\/\/idecesos.com\/seguros\/"},{"@type":"ListItem","position":2,"name":"Tipos de seguros de decesos","item":"https:\/\/idecesos.com\/seguros\/tipo\/"},{"@type":"ListItem","position":3,"name":"Seguro de Decesos Prima constante"}]},{"@type":"WebSite","@id":"https:\/\/idecesos.com\/seguros\/#website","url":"https:\/\/idecesos.com\/seguros\/","name":"","description":"","potentialAction":[{"@type":"SearchAction","target":{"@type":"EntryPoint","urlTemplate":"https:\/\/idecesos.com\/seguros\/?s={search_term_string}"},"query-input":{"@type":"PropertyValueSpecification","valueRequired":true,"valueName":"search_term_string"}}],"inLanguage":"es"}]}},"_links":{"self":[{"href":"https:\/\/idecesos.com\/seguros\/wp-json\/wp\/v2\/pages\/748","targetHints":{"allow":["GET"]}}],"collection":[{"href":"https:\/\/idecesos.com\/seguros\/wp-json\/wp\/v2\/pages"}],"about":[{"href":"https:\/\/idecesos.com\/seguros\/wp-json\/wp\/v2\/types\/page"}],"author":[{"embeddable":true,"href":"https:\/\/idecesos.com\/seguros\/wp-json\/wp\/v2\/users\/2"}],"replies":[{"embeddable":true,"href":"https:\/\/idecesos.com\/seguros\/wp-json\/wp\/v2\/comments?post=748"}],"version-history":[{"count":6,"href":"https:\/\/idecesos.com\/seguros\/wp-json\/wp\/v2\/pages\/748\/revisions"}],"predecessor-version":[{"id":14994,"href":"https:\/\/idecesos.com\/seguros\/wp-json\/wp\/v2\/pages\/748\/revisions\/14994"}],"up":[{"embeddable":true,"href":"https:\/\/idecesos.com\/seguros\/wp-json\/wp\/v2\/pages\/586"}],"wp:attachment":[{"href":"https:\/\/idecesos.com\/seguros\/wp-json\/wp\/v2\/media?parent=748"}],"curies":[{"name":"wp","href":"https:\/\/api.w.org\/{rel}","templated":true}]}}