{"id":753,"date":"2021-07-13T09:36:41","date_gmt":"2021-07-13T09:36:41","guid":{"rendered":"https:\/\/idecesos.com\/seguros\/?page_id=753"},"modified":"2022-01-03T12:30:01","modified_gmt":"2022-01-03T12:30:01","slug":"basico","status":"publish","type":"page","link":"https:\/\/idecesos.com\/seguros\/tipo\/basico\/","title":{"rendered":"Seguro de Decesos B\u00e1sico"},"content":{"rendered":"\r\n\r\n<p>El seguro de decesos b\u00e1sico es aquel que, a grandes rasgos, cubre los gastos derivados del entierro del asegurado, adem\u00e1s suele incluir todos los tr\u00e1mites y gestiones que son necesarios realizar en el momento del fallecimiento. Este tipo de seguros da un poco de recelo a la hora de adquirirlo, adem\u00e1s del desconocimiento que existe de \u00e9l mismo, con lo cual se tarda mucho m\u00e1s en contratarlo, a una edad m\u00e1s tard\u00eda, sin tener en cuenta los gastos que supone tramitar este tipo de seguros.<\/p>\r\n\r\n\r\n\r\n<p>El seguro de decesos lo contratan aquellas personas que quieren prevenir algunas de las consecuencias econ\u00f3micas prolongadas del propio fallecimiento, con el fin de prevenir a sus familiares de hacerse cargo con los gastos funerarios necesarios. Cuando se contrata un capital para gastos de este tipo, de entierro y funeral, en la propia p\u00f3liza se desglosan todos los servicios que se incluyen. De esta forma encontramos el modelo y la calidad del ata\u00fad, el nicho, la l\u00e1pida, la corona, innumerables cuestiones que el asegurado debe elegir, o en algunos casos, dependiendo del seguro adquirido, la propia familia.<\/p>\r\n\r\n\r\n\r\n<p>En cuanto al capital, el precio de la p\u00f3liza suele estar en consonancia con los precios de mercado en cada momento, de esta forma aunque al contratar un seguro de decesos el primer a\u00f1o paguemos un prima concreta, ya sea anual o trimestral, los siguientes a\u00f1os puede variar ese precio y elevarse en un m\u00ednimo porcentaje, debido en gran parte a la variaci\u00f3n del \u00edndice de precios de consumo. En esta direcci\u00f3n, debemos saber que no es lo mismo un entierro en Madrid que en C\u00e1diz, var\u00edan muchas cuestiones.<\/p>\r\n\r\n\r\n\r\n<p>Hablando de los tipos de primas o p\u00f3lizas, debemos reconocer que existen diferentes modalidades de pago a la hora de contratar un seguro de decesos, el cliente habitualmente puede seleccionar una de las variadas modalidades de contrataci\u00f3n, seg\u00fan la cual se establece la prima que se tendr\u00e1 que pagar en cada per\u00edodo. Las m\u00e1s comunes en este tipo de seguros son la forma de pago nivelada, natural, y \u00fanica, ofreciendo la posibilidad de suscribirlo de forma mixta o seminatural. Os planteamos en qu\u00e9 consiste cada modalidad.<\/p>\r\n\r\n\r\n\r\n<p>En la modalidad nivelada, el asegurado paga una prima o cuota constante durante toda su vida, es decir hasta que pueda ocurrir alg\u00fan siniestro, teniendo que abonar, seg\u00fan la opci\u00f3n cada 3,6 o 12 meses, una cuota \u00fanica pudiendo variar seg\u00fan el IPC, el \u00edndice de precio de consumo. Podr\u00e1 ser m\u00e1s alta o m\u00e1s baja dependiendo de la edad con la que se contrate el seguro, siendo m\u00e1s baja en torno a los 18 a\u00f1os, y siendo m\u00e1s alta a partir de los 50 a\u00f1os, ya que a partir de esa edad hay un porcentaje mayor de accidente mortal o fallecimiento, a\u00fan as\u00ed suele ser una cuota generalmente fija. Actualmente existe una competencia m\u00e1s atractiva entre las aseguradoras en esta modalidad.<\/p>\r\n\r\n\r\n\r\n<p>En la modalidad natural, el asegurado paga menos de j\u00f3ven y m\u00e1s a medida que se va haciendo mayor. Resulta muy econ\u00f3mica a edades tempranas pero sin embargo se vuelve realmente costosa a medida que entras en un rango de edad mayor. Hay que dejar claro que tu puedes cambiar el concepto o la forma de modalidad seg\u00fan te vaya interesando m\u00e1s.<\/p>\r\n\r\n\r\n\r\n<p>La modalidad mixta es una mezcla entre la natural y la nivelada. En un principio se pagar\u00eda en funci\u00f3n de la edad del asegurado y a medida que se cumpliese esa mayor\u00eda de edad donde el riesgo es mayor, que suele ser a partir de los 60 a\u00f1os, esa prima se vuelve constante.<\/p>\r\n\r\n\r\n\r\n<p>Para terminar las posibles cantidades a pagar en una p\u00f3liza de decesos, encontramos la prima \u00fanica, que est\u00e1 destinada a personas que rondan la edad de los 65 a 70 a\u00f1os, tambi\u00e9n dependiendo de la compa\u00f1\u00eda aseguradora. Se obtiene este seguro en un pago \u00fanico y sin fraccionar.<\/p>\r\n\r\n\r\n\r\n<p>Actualmente el seguro de decesos es cada vez m\u00e1s contratado, no dejarle un cargo a la familia y evitar los tr\u00e1mites de gesti\u00f3n en el momento del fallecimiento hace que cada vez m\u00e1s personas se encarguen de contratar una p\u00f3liza de este tipo. Cada vez son m\u00e1s las aseguradoras que compiten en este sector y ampl\u00edan sus servicios de forma f\u00e1cil y sencilla.<\/p>\r\n\r\n\r\n\r\n<p>Recuerdo, que si en alg\u00fan momento se plantean dudas a la hora de contratar una p\u00f3liza de seguros de decesos, o incluso no saben por d\u00f3nde empezar, en la web Idecesos.com podr\u00e1n comparar diferentes aseguradoras que se ajusten a sus necesidades y a su modelo de vida.<\/p>\r\n\r\n\r\n\r\n<p>Hay que dejar claro que un seguro de decesos lo puede contratar cualquier persona con residencia en Espa\u00f1a, adem\u00e1s existen muchos otros seguros de asistencia familiar que incluye la p\u00f3liza de decesos e incluso pueden a\u00f1adir a m\u00e1s miembros del mismo n\u00facleo de la familia.<\/p>\r\n\r\n\r\n\r\n<p>Estos seguros suelen garantizar una organizaci\u00f3n del sepelio completo en Espa\u00f1a, en muchos casos, como es el caso de Helvetia, ofrecen asistencia en viaje global, repatriaci\u00f3n del fallecido, una orientaci\u00f3n m\u00e9dica online, y una caracter\u00edstica que ya muchas compa\u00f1\u00edas aseguradoras ofrecen, como es el caso del testamento online, muy \u00fatil y corregible cada a\u00f1o.<\/p>\r\n\r\n\r\n\r\n<p>Este tipo de seguros permite que la familia se olvide del papeleo cuando llegue la hora de realizar los tr\u00e1mites de gesti\u00f3n del servicio post mortem. Asimismo, son profesionales de las compa\u00f1\u00edas aseguradoras los que se encargan de concluir estas gestiones, en las cuales habr\u00eda que obtener un certificado de defunci\u00f3n, una inscripci\u00f3n del registro civil, la obtenci\u00f3n de la baja del libro de familia, una adjudicaci\u00f3n de herencias, la baja del instituto nacional de la Seguridad Social y la fe de vida, entre otras cuestiones.<\/p>\r\n\r\n\r\n\r\n<p>Para terminar, las compa\u00f1\u00edas aseguradoras no son como anta\u00f1o que se dedicaban solo y exclusivamente a gestionar el sepelio, si no que ahora se actualizan constantemente y ofrecen coberturas opcionales, como ser\u00eda el traslado nacional del fallecido, una cobertura de asistencia en viaje, otros tratamientos como el testamento online e incluso una cobertura por accidentes, en la cual se indemniza al asegurado por invalidez.<\/p>\r\n\r\n<div class=\"oficinas\">\r\n<h3>P\u00e1ginas relacionadas<\/h3>\r\n<ul><li><a href=\"https:\/\/idecesos.com\/seguros\/tipo\/mayores\/\"><span>Seguro Decesos Para Mayores<\/span><\/a><\/li><li><a href=\"https:\/\/idecesos.com\/seguros\/tipo\/extranjeros-repatriacion\/\"><span>Seguro Decesos para Extranjeros y Repatriaci\u00f3n<\/span><\/a><\/li><li><a href=\"https:\/\/idecesos.com\/seguros\/tipo\/hogar\/\"><span>Seguro de Decesos Combinado con Seguro de Hogar<\/span><\/a><\/li><li><a href=\"https:\/\/idecesos.com\/seguros\/tipo\/familiar\/\"><span>Seguro de Decesos Familiar<\/span><\/a><\/li><li><a href=\"https:\/\/idecesos.com\/seguros\/tipo\/sucesiones\/\"><span>Seguro de Decesos Impuesto de Sucesiones<\/span><\/a><\/li><li><a href=\"https:\/\/idecesos.com\/seguros\/tipo\/internacional\/\"><span>Seguro de Decesos Internacional<\/span><\/a><\/li><li><a href=\"https:\/\/idecesos.com\/seguros\/tipo\/judiciales\/\"><span>Seguro de Decesos Judiciales<\/span><\/a><\/li><li><a href=\"https:\/\/idecesos.com\/seguros\/tipo\/nicho\/\"><span>Seguro de Decesos Nicho<\/span><\/a><\/li><li><a href=\"https:\/\/idecesos.com\/seguros\/tipo\/mixta\/\"><span>Seguro de Decesos Prima Mixta<\/span><\/a><\/li><li><a href=\"https:\/\/idecesos.com\/seguros\/tipo\/natural\/\"><span>Seguro de Decesos Prima Natural<\/span><\/a><\/li><li><a href=\"https:\/\/idecesos.com\/seguros\/tipo\/nivelada\/\"><span>Seguro de Decesos Prima Nivelada<\/span><\/a><\/li><li><a href=\"https:\/\/idecesos.com\/seguros\/tipo\/constante\/\"><span>Seguro de Decesos Prima constante<\/span><\/a><\/li><li><a href=\"https:\/\/idecesos.com\/seguros\/tipo\/prima-unica\/\"><span>Seguro de Decesos Prima \u00danica<\/span><\/a><\/li><li><a href=\"https:\/\/idecesos.com\/seguros\/tipo\/todo-previsto\/\"><span>Seguro de Decesos Todo Previsto<\/span><\/a><\/li><li><a href=\"https:\/\/idecesos.com\/seguros\/tipo\/previsto\/\"><span>Seguro de Decesos Todo previsto<\/span><\/a><\/li><li><a href=\"https:\/\/idecesos.com\/seguros\/tipo\/vitalicio\/\"><span>Seguro de Decesos Vitalicio<\/span><\/a><\/li><li><a href=\"https:\/\/idecesos.com\/seguros\/tipo\/dental\/\"><span>Seguro de Decesos con Cobertura Dental<\/span><\/a><\/li><li><a href=\"https:\/\/idecesos.com\/seguros\/tipo\/enfermedad\/\"><span>Seguro de Decesos con Enfermedad Grave<\/span><\/a><\/li><li><a href=\"https:\/\/idecesos.com\/seguros\/tipo\/incineracion\/\"><span>Seguro de Decesos con Incineraci\u00f3n<\/span><\/a><\/li><li><a href=\"https:\/\/idecesos.com\/seguros\/tipo\/adultos\/\"><span>Seguro de Decesos para Adultos<\/span><\/a><\/li><li><a href=\"https:\/\/idecesos.com\/seguros\/tipo\/bebe\/\"><span>Seguro de Decesos para Beb\u00e9s<\/span><\/a><\/li><li><a href=\"https:\/\/idecesos.com\/seguros\/tipo\/accidentes\/\"><span>Seguro de Decesos y Accidentes<\/span><\/a><\/li><li><a href=\"https:\/\/idecesos.com\/seguros\/tipo\/medicos\/\"><span>Seguro de Decesos y M\u00e9dicos<\/span><\/a><\/li><li><a href=\"https:\/\/idecesos.com\/seguros\/tipo\/vida\/\"><span>Seguro de Decesos y Vida<\/span><\/a><\/li><li><a href=\"https:\/\/idecesos.com\/seguros\/tipo\/sepelio\/\"><span>Seguro de Sepelio<\/span><\/a><\/li><\/ul>\r\n<\/div>","protected":false},"excerpt":{"rendered":"<p>El seguro de decesos b\u00e1sico es aquel que, a grandes rasgos, cubre los gastos derivados del entierro del asegurado, adem\u00e1s suele incluir todos los tr\u00e1mites y gestiones que son necesarios realizar en el momento del fallecimiento. Este tipo de seguros da un poco de recelo a la hora de adquirirlo, adem\u00e1s del desconocimiento que existe&hellip; <\/p>\n","protected":false},"author":2,"featured_media":0,"parent":586,"menu_order":0,"comment_status":"closed","ping_status":"closed","template":"single.php","meta":{"footnotes":""},"class_list":["post-753","page","type-page","status-publish","hentry"],"yoast_head":"<!-- This site is optimized with the Yoast SEO plugin v27.6 - https:\/\/yoast.com\/product\/yoast-seo-wordpress\/ -->\n<title>Seguro de Decesos B\u00e1sico \u25b7 Mejores Coberturas y Precios 2026<\/title>\n<meta name=\"description\" content=\"Calcula aqu\u00ed el mejor\u3010seguro de decesos b\u00e1sico\u3011Coberturas de entierro completo y precios econ\u00f3micos \u2611\ufe0fOfertas de seguro b\u00e1sico de iDecesos\u00ae\" \/>\n<meta name=\"robots\" content=\"index, follow, max-snippet:-1, max-image-preview:large, max-video-preview:-1\" \/>\n<link rel=\"canonical\" href=\"https:\/\/idecesos.com\/seguros\/tipo\/basico\/\" \/>\n<meta property=\"og:locale\" content=\"es_ES\" \/>\n<meta property=\"og:type\" content=\"article\" \/>\n<meta property=\"og:title\" content=\"Seguro de Decesos B\u00e1sico \u25b7 Mejores Coberturas y Precios 2026\" \/>\n<meta property=\"og:description\" content=\"Calcula aqu\u00ed el mejor\u3010seguro de decesos b\u00e1sico\u3011Coberturas de entierro completo y precios econ\u00f3micos \u2611\ufe0fOfertas de seguro b\u00e1sico de iDecesos\u00ae\" \/>\n<meta property=\"og:url\" content=\"https:\/\/idecesos.com\/seguros\/tipo\/basico\/\" \/>\n<meta property=\"article:modified_time\" content=\"2022-01-03T12:30:01+00:00\" \/>\n<meta name=\"twitter:card\" content=\"summary_large_image\" \/>\n<meta name=\"twitter:label1\" content=\"Tiempo de lectura\" \/>\n\t<meta name=\"twitter:data1\" content=\"5 minutos\" \/>\n<script type=\"application\/ld+json\" class=\"yoast-schema-graph\">{\"@context\":\"https:\\\/\\\/schema.org\",\"@graph\":[{\"@type\":\"WebPage\",\"@id\":\"https:\\\/\\\/idecesos.com\\\/seguros\\\/tipo\\\/basico\\\/\",\"url\":\"https:\\\/\\\/idecesos.com\\\/seguros\\\/tipo\\\/basico\\\/\",\"name\":\"Seguro de Decesos B\u00e1sico \u25b7 Mejores Coberturas y Precios 2026\",\"isPartOf\":{\"@id\":\"https:\\\/\\\/idecesos.com\\\/seguros\\\/#website\"},\"datePublished\":\"2021-07-13T09:36:41+00:00\",\"dateModified\":\"2022-01-03T12:30:01+00:00\",\"description\":\"Calcula aqu\u00ed el mejor\u3010seguro de decesos b\u00e1sico\u3011Coberturas de entierro completo y precios econ\u00f3micos \u2611\ufe0fOfertas de seguro b\u00e1sico de iDecesos\u00ae\",\"breadcrumb\":{\"@id\":\"https:\\\/\\\/idecesos.com\\\/seguros\\\/tipo\\\/basico\\\/#breadcrumb\"},\"inLanguage\":\"es\",\"potentialAction\":[{\"@type\":\"ReadAction\",\"target\":[\"https:\\\/\\\/idecesos.com\\\/seguros\\\/tipo\\\/basico\\\/\"]}]},{\"@type\":\"BreadcrumbList\",\"@id\":\"https:\\\/\\\/idecesos.com\\\/seguros\\\/tipo\\\/basico\\\/#breadcrumb\",\"itemListElement\":[{\"@type\":\"ListItem\",\"position\":1,\"name\":\"Portada\",\"item\":\"https:\\\/\\\/idecesos.com\\\/seguros\\\/\"},{\"@type\":\"ListItem\",\"position\":2,\"name\":\"Tipos de seguros de decesos\",\"item\":\"https:\\\/\\\/idecesos.com\\\/seguros\\\/tipo\\\/\"},{\"@type\":\"ListItem\",\"position\":3,\"name\":\"Seguro de Decesos B\u00e1sico\"}]},{\"@type\":\"WebSite\",\"@id\":\"https:\\\/\\\/idecesos.com\\\/seguros\\\/#website\",\"url\":\"https:\\\/\\\/idecesos.com\\\/seguros\\\/\",\"name\":\"\",\"description\":\"\",\"potentialAction\":[{\"@type\":\"SearchAction\",\"target\":{\"@type\":\"EntryPoint\",\"urlTemplate\":\"https:\\\/\\\/idecesos.com\\\/seguros\\\/?s={search_term_string}\"},\"query-input\":{\"@type\":\"PropertyValueSpecification\",\"valueRequired\":true,\"valueName\":\"search_term_string\"}}],\"inLanguage\":\"es\"}]}<\/script>\n<!-- \/ Yoast SEO plugin. -->","yoast_head_json":{"title":"Seguro de Decesos B\u00e1sico \u25b7 Mejores Coberturas y Precios 2026","description":"Calcula aqu\u00ed el mejor\u3010seguro de decesos b\u00e1sico\u3011Coberturas de entierro completo y precios econ\u00f3micos \u2611\ufe0fOfertas de seguro b\u00e1sico de iDecesos\u00ae","robots":{"index":"index","follow":"follow","max-snippet":"max-snippet:-1","max-image-preview":"max-image-preview:large","max-video-preview":"max-video-preview:-1"},"canonical":"https:\/\/idecesos.com\/seguros\/tipo\/basico\/","og_locale":"es_ES","og_type":"article","og_title":"Seguro de Decesos B\u00e1sico \u25b7 Mejores Coberturas y Precios 2026","og_description":"Calcula aqu\u00ed el mejor\u3010seguro de decesos b\u00e1sico\u3011Coberturas de entierro completo y precios econ\u00f3micos \u2611\ufe0fOfertas de seguro b\u00e1sico de iDecesos\u00ae","og_url":"https:\/\/idecesos.com\/seguros\/tipo\/basico\/","article_modified_time":"2022-01-03T12:30:01+00:00","twitter_card":"summary_large_image","twitter_misc":{"Tiempo de lectura":"5 minutos"},"schema":{"@context":"https:\/\/schema.org","@graph":[{"@type":"WebPage","@id":"https:\/\/idecesos.com\/seguros\/tipo\/basico\/","url":"https:\/\/idecesos.com\/seguros\/tipo\/basico\/","name":"Seguro de Decesos B\u00e1sico \u25b7 Mejores Coberturas y Precios 2026","isPartOf":{"@id":"https:\/\/idecesos.com\/seguros\/#website"},"datePublished":"2021-07-13T09:36:41+00:00","dateModified":"2022-01-03T12:30:01+00:00","description":"Calcula aqu\u00ed el mejor\u3010seguro de decesos b\u00e1sico\u3011Coberturas de entierro completo y precios econ\u00f3micos \u2611\ufe0fOfertas de seguro b\u00e1sico de iDecesos\u00ae","breadcrumb":{"@id":"https:\/\/idecesos.com\/seguros\/tipo\/basico\/#breadcrumb"},"inLanguage":"es","potentialAction":[{"@type":"ReadAction","target":["https:\/\/idecesos.com\/seguros\/tipo\/basico\/"]}]},{"@type":"BreadcrumbList","@id":"https:\/\/idecesos.com\/seguros\/tipo\/basico\/#breadcrumb","itemListElement":[{"@type":"ListItem","position":1,"name":"Portada","item":"https:\/\/idecesos.com\/seguros\/"},{"@type":"ListItem","position":2,"name":"Tipos de seguros de decesos","item":"https:\/\/idecesos.com\/seguros\/tipo\/"},{"@type":"ListItem","position":3,"name":"Seguro de Decesos B\u00e1sico"}]},{"@type":"WebSite","@id":"https:\/\/idecesos.com\/seguros\/#website","url":"https:\/\/idecesos.com\/seguros\/","name":"","description":"","potentialAction":[{"@type":"SearchAction","target":{"@type":"EntryPoint","urlTemplate":"https:\/\/idecesos.com\/seguros\/?s={search_term_string}"},"query-input":{"@type":"PropertyValueSpecification","valueRequired":true,"valueName":"search_term_string"}}],"inLanguage":"es"}]}},"_links":{"self":[{"href":"https:\/\/idecesos.com\/seguros\/wp-json\/wp\/v2\/pages\/753","targetHints":{"allow":["GET"]}}],"collection":[{"href":"https:\/\/idecesos.com\/seguros\/wp-json\/wp\/v2\/pages"}],"about":[{"href":"https:\/\/idecesos.com\/seguros\/wp-json\/wp\/v2\/types\/page"}],"author":[{"embeddable":true,"href":"https:\/\/idecesos.com\/seguros\/wp-json\/wp\/v2\/users\/2"}],"replies":[{"embeddable":true,"href":"https:\/\/idecesos.com\/seguros\/wp-json\/wp\/v2\/comments?post=753"}],"version-history":[{"count":6,"href":"https:\/\/idecesos.com\/seguros\/wp-json\/wp\/v2\/pages\/753\/revisions"}],"predecessor-version":[{"id":14992,"href":"https:\/\/idecesos.com\/seguros\/wp-json\/wp\/v2\/pages\/753\/revisions\/14992"}],"up":[{"embeddable":true,"href":"https:\/\/idecesos.com\/seguros\/wp-json\/wp\/v2\/pages\/586"}],"wp:attachment":[{"href":"https:\/\/idecesos.com\/seguros\/wp-json\/wp\/v2\/media?parent=753"}],"curies":[{"name":"wp","href":"https:\/\/api.w.org\/{rel}","templated":true}]}}