{"id":765,"date":"2021-07-13T09:44:53","date_gmt":"2021-07-13T09:44:53","guid":{"rendered":"https:\/\/idecesos.com\/seguros\/?page_id=765"},"modified":"2024-12-11T13:41:28","modified_gmt":"2024-12-11T12:41:28","slug":"coberturas","status":"publish","type":"page","link":"https:\/\/idecesos.com\/seguros\/companias\/nederlanden\/coberturas\/","title":{"rendered":"Coberturas Seguro de Decesos Nederlanden"},"content":{"rendered":"\r\n\r\n<p>Nationale Nederlanden no tiene un seguro de decesos, tiene seguros de vida, es decir, cubre los gastos y gestiones que conlleva un servicio f\u00fanebre pero todos los tr\u00e1mites que conlleva ese servicio los tiene que hacer el cliente, por otro lado, en un seguro de decesos, es la compa\u00f1\u00eda la que se encarga de los gastos y los tr\u00e1mites para que en un momento tan doloroso, las familias no tengan que hacerse responsables de los mismos, es mucho m\u00e1s c\u00f3modo, por tanto contratar un seguro de decesos que un seguro de vida.<\/p>\r\n\r\n\r\n\r\n<p>En cuanto a los seguros de vida de los que dispone Nationale Nederlanden, hay uno que est\u00e1 dirigido a las mujeres, se define como ForYouWoman. Principalmente cubre todas las coberturas de cara a un c\u00e1ncer de mama. Hay otro tipo de seguro que se llama Plan de Previsi\u00f3n Familiar y est\u00e1 designado a la protecci\u00f3n de las familias si el asegurado fallece o no puede trabajar, garantiz\u00e1ndole un capital. En este \u00faltimo modelo de seguro el asegurado puede elegir el modo de prima, ya sea decreciente, creciente o una prima anual renovable.<\/p>\r\n\r\n\r\n\r\n<p>El primer tipo de seguro destinado a las mujeres, cubre las siguientes circunstancias:<\/p>\r\n\r\n\r\n\r\n<p>\u2013\u00a0 \u00a0 \u00a0 \u00a0 \u00a0 Si se produce el fallecimiento, la aseguradora cubre con un capital de hasta setenta mil euros, sea cual sea la causa.<\/p>\r\n\r\n\r\n\r\n<p>\u2013\u00a0 \u00a0 \u00a0 \u00a0 \u00a0 Paga una cantidad de 30.000 euros en caso de que a una mujer le diagnostiquen c\u00e1ncer de mama, es decir, si le diagnostican un tumor maligno en la mama y este empieza a crecer de manera incontrolada, destruyendo los dem\u00e1s tejidos. Adem\u00e1s, tiene que estar diagnosticado por un informe especialista oncol\u00f3gico.<\/p>\r\n\r\n\r\n\r\n<p>Hay unos servicios adicionales en el caso de que le diagnostiquen por primera vez un c\u00e1ncer de mama. Estos son, una segunda opini\u00f3n m\u00e9dica con Best Doctors, que le asesorar\u00e1 medicamente para acceder a la mejor tecnolog\u00eda m\u00e9dica internacional y por otro lado, ofrece un servicio de ayuda a domicilio para ayudarle en las tareas del hogar o el cuidado de los hijos si fuera necesario.<\/p>\r\n\r\n\r\n\r\n<p>Sin embargo, no tiene garant\u00eda si el primer diagn\u00f3stico de c\u00e1ncer de mama se hace antes de los tres meses de la entrada en vigor del contrato, tampoco las operaciones quir\u00fargicas que hayan servido para el diagn\u00f3stico, tales como biopsias u otras t\u00e9cnicas y si el c\u00e1ncer se produce en otro lado que no sea la mama.\u00a0 Otras de las situaciones que no cubre es si se produce un fallecimiento por las diferentes causas: un suicidio o su muerte como consecuencia de un suicidio, una enfermedad o accidente ocurrido con anterioridad, una guerra, mot\u00edn, revoluci\u00f3n o cualquier hecho catastr\u00f3fico, una reacci\u00f3n nuclear o una contaminaci\u00f3n radioactiva, por lesiones producidas por el propio asegurado o como consecuencia de un intento de suicidio, por las influencias del alcohol y\/o drogas, acciones intencionadas con mala fe, si hace uso o pilota aeronaves, si practica alg\u00fan deporte de manera profesional o si el asegurado ocasiona riesgos en otras personas.<\/p>\r\n\r\n\r\n\r\n<p>El Plan de Asistencia Familiar tiene coberturas en caso de fallecimiento o en caso de invalidez permanente y absoluta.<\/p>\r\n\r\n\r\n\r\n<p>La compa\u00f1\u00eda Nationale Nederlande pertenece al grupo de ING Direct, es por ello por lo que es necesario saber cu\u00e1les son las garant\u00edas que tiene contratar un seguro en este grupo bancario que tiene empresas aseguradoras y los conceptos b\u00e1sicos con los que trabaja.<\/p>\r\n\r\n\r\n\r\n<p>En primer lugar, lo definen como un Seguro de Vida Naranja, esto es en relaci\u00f3n a que usted puede contratar este tipo de seguros proviene directamente de una entidad bancaria que utiliza el banco de datos de sus clientes para ofrecerle un seguro. Normalmente el contrato se renueva de forma anual, hasta que el beneficiario cumple 65-70 a\u00f1os, dependiendo de la garant\u00eda de invalidez o fallecimiento respectivamente. Como ya hemos aclarado anteriormente, no es un seguro de decesos en los que la compa\u00f1\u00eda se ocupa de los tr\u00e1mites y los gastos del servicio f\u00fanebre, sino que da una cantidad de dinero para que una persona pueda cubrirse los gastos por s\u00ed misma.<\/p>\r\n\r\n\r\n\r\n<p>Hay dos opciones de seguros de vida Naranja. El primero se define como una \u201cmini cuota\u201d, es decir, la entidad paga entre 50.000 y 300.000 euros en caso de que el beneficiario de la p\u00f3liza fallezca, por otro lado, hay una \u201ccobertura extra\u201d que a continuaci\u00f3n le detallamos:<\/p>\r\n\r\n\r\n\r\n<p>\u2013\u00a0 \u00a0 \u00a0 \u00a0 \u00a0 Si fallece el asegurado, se le pagar\u00e1 una cantidad de un m\u00ednimo de 50.000 euros hasta 250.000 euros de m\u00e1ximo.<\/p>\r\n\r\n\r\n\r\n<p>\u2013\u00a0 \u00a0 \u00a0 \u00a0 \u00a0 Si tiene una invalidez permanente y absoluta, se le pagar\u00e1 el mismo capital que en el caso de fallecimiento en esta modalidad.<\/p>\r\n\r\n\r\n\r\n<p>\u2013\u00a0 \u00a0 \u00a0 \u00a0 \u00a0 En caso de que ocurran las dos circunstancias anteriores, se le pagar\u00e1 una cantidad extra durante los dos a\u00f1os posteriores al da\u00f1o, pero siempre con un m\u00e1ximo de una cantidad de 50.000 euros.<\/p>\r\n\r\n\r\n\r\n<p>\u2013\u00a0 \u00a0 \u00a0 \u00a0 \u00a0 Si le paga una cantidad porque ocurra o un fallecimiento o una invalidez, se excluye el pago de la otra, cancelando as\u00ed, de forma autom\u00e1tica el pago de una de las garant\u00edas, en funci\u00f3n de la que haya ocurrido primero.<\/p>\r\n\r\n\r\n\r\n<p>ING Direct es una entidad bancaria que se caracteriza por tener un desarrollo transparente en sus gestiones, por ser flexibles en los plazos de pago, pues puede pagar de forma anual o mensual sin recargo por fraccionamiento. Adem\u00e1s, no exige ning\u00fan tipo de compromiso para poder cancelar los seguros. Son muy r\u00e1pidos en actualizar las garant\u00edas de sus seguros al d\u00eda siguiente de ser contratado y sin ning\u00fan tipo de reconocimiento m\u00e9dico, solamente tiene que hacer una declaraci\u00f3n de salud, pero exigen como \u00fanico requisito que seas cliente de una de sus cuentas, Cuenta Naranja, Cuenta N\u00f3mina o Cuenta Sin N\u00f3mina.<\/p>\r\n\r\n\r\n\r\n<p>Por \u00faltimo, mencionar que la compa\u00f1\u00eda da la posibilidad de calcular online tu tipo de prima, en funci\u00f3n de si solo le interesa una cobertura (fallecimiento) o si le interesan las dos (fallecimiento e incapacidad permanente y absoluta). Adem\u00e1s, su precio puede variar en funci\u00f3n del capital que quiera asegurar, desde los 50.000 euros hasta los 30.000 euros y de la edad del cliente hasta los 65 a\u00f1os.<\/p>\r\n\r\n<p><!-- Shortcode [nederlanden-hijas] does not exist --> <h3>P\u00e1ginas relacionadas<\/h3><div class=\"enlazado\"><ul> <li><a href=\"https:\/\/idecesos.com\/seguros\/companias\/nederlanden\/coberturas\/\">Coberturas Seguro de Decesos Nederlanden<\/a><\/li> <li><a href=\"https:\/\/idecesos.com\/seguros\/companias\/nederlanden\/opiniones\/\">Opiniones Nationale Nederlanden<\/a><\/li> <li><a href=\"https:\/\/idecesos.com\/seguros\/companias\/nederlanden\/precio\/\">Precio seguro Nationale Nederlanden<\/a><\/li> <li><a href=\"https:\/\/idecesos.com\/seguros\/companias\/nederlanden\/prima-mixta\/\">Nationale Nederlanden Prima Mixta<\/a><\/li> <li><a href=\"https:\/\/idecesos.com\/seguros\/companias\/nederlanden\/prima-natural\/\">Nationale Nederlanden Prima Natural<\/a><\/li> <li><a href=\"https:\/\/idecesos.com\/seguros\/companias\/nederlanden\/prima-nivelada\/\">Nationale Nederlanden Prima Nivelada<\/a><\/li> <li><a href=\"https:\/\/idecesos.com\/seguros\/companias\/nederlanden\/prima-unica\/\">Nationale Nederlanden Prima \u00danica<\/a><\/li> <li><a href=\"https:\/\/idecesos.com\/seguros\/companias\/nederlanden\/repatriacion\/\">Nationale Nederlanden Repatriaci\u00f3n<\/a><\/li> <li><a href=\"https:\/\/idecesos.com\/seguros\/companias\/nederlanden\/telefono\/\">Tel\u00e9fono Gratuito Nationale Nederlanden<\/a><\/li>   <\/ul><\/div><\/p>","protected":false},"excerpt":{"rendered":"<p>Nationale Nederlanden no tiene un seguro de decesos, tiene seguros de vida, es decir, cubre los gastos y gestiones que conlleva un servicio f\u00fanebre pero todos los tr\u00e1mites que conlleva ese servicio los tiene que hacer el cliente, por otro lado, en un seguro de decesos, es la compa\u00f1\u00eda la que se encarga de los&hellip; <\/p>\n","protected":false},"author":2,"featured_media":0,"parent":758,"menu_order":0,"comment_status":"closed","ping_status":"closed","template":"single.php","meta":{"footnotes":""},"class_list":["post-765","page","type-page","status-publish","hentry"],"yoast_head":"<!-- This site is optimized with the Yoast SEO plugin v27.3 - https:\/\/yoast.com\/product\/yoast-seo-wordpress\/ -->\n<title>Coberturas Seguro de Decesos Nederlanden | Gu\u00eda 2026<\/title>\n<meta name=\"description\" content=\"Consulta gratis las coberturas y servicios del Seguro de Decesos Nederlanden Informaci\u00f3n actualizada en 2026. Coberturas verificadas por iDecesos.\" \/>\n<meta name=\"robots\" content=\"index, follow, max-snippet:-1, max-image-preview:large, max-video-preview:-1\" \/>\n<link rel=\"canonical\" href=\"https:\/\/idecesos.com\/seguros\/companias\/nederlanden\/coberturas\/\" \/>\n<meta property=\"og:locale\" content=\"es_ES\" \/>\n<meta property=\"og:type\" content=\"article\" \/>\n<meta property=\"og:title\" content=\"Coberturas Seguro de Decesos Nederlanden | Gu\u00eda 2026\" \/>\n<meta property=\"og:description\" content=\"Consulta gratis las coberturas y servicios del Seguro de Decesos Nederlanden Informaci\u00f3n actualizada en 2026. Coberturas verificadas por iDecesos.\" \/>\n<meta property=\"og:url\" content=\"https:\/\/idecesos.com\/seguros\/companias\/nederlanden\/coberturas\/\" \/>\n<meta property=\"article:modified_time\" content=\"2024-12-11T12:41:28+00:00\" \/>\n<meta name=\"twitter:card\" content=\"summary_large_image\" \/>\n<meta name=\"twitter:label1\" content=\"Tiempo de lectura\" \/>\n\t<meta name=\"twitter:data1\" content=\"5 minutos\" \/>\n<script type=\"application\/ld+json\" class=\"yoast-schema-graph\">{\"@context\":\"https:\\\/\\\/schema.org\",\"@graph\":[{\"@type\":\"WebPage\",\"@id\":\"https:\\\/\\\/idecesos.com\\\/seguros\\\/companias\\\/nederlanden\\\/coberturas\\\/\",\"url\":\"https:\\\/\\\/idecesos.com\\\/seguros\\\/companias\\\/nederlanden\\\/coberturas\\\/\",\"name\":\"Coberturas Seguro de Decesos Nederlanden | Gu\u00eda 2026\",\"isPartOf\":{\"@id\":\"https:\\\/\\\/idecesos.com\\\/seguros\\\/#website\"},\"datePublished\":\"2021-07-13T09:44:53+00:00\",\"dateModified\":\"2024-12-11T12:41:28+00:00\",\"description\":\"Consulta gratis las coberturas y servicios del Seguro de Decesos Nederlanden Informaci\u00f3n actualizada en 2026. Coberturas verificadas por iDecesos.\",\"breadcrumb\":{\"@id\":\"https:\\\/\\\/idecesos.com\\\/seguros\\\/companias\\\/nederlanden\\\/coberturas\\\/#breadcrumb\"},\"inLanguage\":\"es\",\"potentialAction\":[{\"@type\":\"ReadAction\",\"target\":[\"https:\\\/\\\/idecesos.com\\\/seguros\\\/companias\\\/nederlanden\\\/coberturas\\\/\"]}]},{\"@type\":\"BreadcrumbList\",\"@id\":\"https:\\\/\\\/idecesos.com\\\/seguros\\\/companias\\\/nederlanden\\\/coberturas\\\/#breadcrumb\",\"itemListElement\":[{\"@type\":\"ListItem\",\"position\":1,\"name\":\"Portada\",\"item\":\"https:\\\/\\\/idecesos.com\\\/seguros\\\/\"},{\"@type\":\"ListItem\",\"position\":2,\"name\":\"Compa\u00f1\u00edas de Seguros de Decesos en Espa\u00f1a\",\"item\":\"https:\\\/\\\/idecesos.com\\\/seguros\\\/companias\\\/\"},{\"@type\":\"ListItem\",\"position\":3,\"name\":\"Seguro de decesos Nationale Nederlanden\",\"item\":\"https:\\\/\\\/idecesos.com\\\/seguros\\\/companias\\\/nederlanden\\\/\"},{\"@type\":\"ListItem\",\"position\":4,\"name\":\"Coberturas Seguro de Decesos Nederlanden\"}]},{\"@type\":\"WebSite\",\"@id\":\"https:\\\/\\\/idecesos.com\\\/seguros\\\/#website\",\"url\":\"https:\\\/\\\/idecesos.com\\\/seguros\\\/\",\"name\":\"\",\"description\":\"\",\"potentialAction\":[{\"@type\":\"SearchAction\",\"target\":{\"@type\":\"EntryPoint\",\"urlTemplate\":\"https:\\\/\\\/idecesos.com\\\/seguros\\\/?s={search_term_string}\"},\"query-input\":{\"@type\":\"PropertyValueSpecification\",\"valueRequired\":true,\"valueName\":\"search_term_string\"}}],\"inLanguage\":\"es\"}]}<\/script>\n<!-- \/ Yoast SEO plugin. -->","yoast_head_json":{"title":"Coberturas Seguro de Decesos Nederlanden | Gu\u00eda 2026","description":"Consulta gratis las coberturas y servicios del Seguro de Decesos Nederlanden Informaci\u00f3n actualizada en 2026. Coberturas verificadas por iDecesos.","robots":{"index":"index","follow":"follow","max-snippet":"max-snippet:-1","max-image-preview":"max-image-preview:large","max-video-preview":"max-video-preview:-1"},"canonical":"https:\/\/idecesos.com\/seguros\/companias\/nederlanden\/coberturas\/","og_locale":"es_ES","og_type":"article","og_title":"Coberturas Seguro de Decesos Nederlanden | Gu\u00eda 2026","og_description":"Consulta gratis las coberturas y servicios del Seguro de Decesos Nederlanden Informaci\u00f3n actualizada en 2026. Coberturas verificadas por iDecesos.","og_url":"https:\/\/idecesos.com\/seguros\/companias\/nederlanden\/coberturas\/","article_modified_time":"2024-12-11T12:41:28+00:00","twitter_card":"summary_large_image","twitter_misc":{"Tiempo de lectura":"5 minutos"},"schema":{"@context":"https:\/\/schema.org","@graph":[{"@type":"WebPage","@id":"https:\/\/idecesos.com\/seguros\/companias\/nederlanden\/coberturas\/","url":"https:\/\/idecesos.com\/seguros\/companias\/nederlanden\/coberturas\/","name":"Coberturas Seguro de Decesos Nederlanden | Gu\u00eda 2026","isPartOf":{"@id":"https:\/\/idecesos.com\/seguros\/#website"},"datePublished":"2021-07-13T09:44:53+00:00","dateModified":"2024-12-11T12:41:28+00:00","description":"Consulta gratis las coberturas y servicios del Seguro de Decesos Nederlanden Informaci\u00f3n actualizada en 2026. Coberturas verificadas por iDecesos.","breadcrumb":{"@id":"https:\/\/idecesos.com\/seguros\/companias\/nederlanden\/coberturas\/#breadcrumb"},"inLanguage":"es","potentialAction":[{"@type":"ReadAction","target":["https:\/\/idecesos.com\/seguros\/companias\/nederlanden\/coberturas\/"]}]},{"@type":"BreadcrumbList","@id":"https:\/\/idecesos.com\/seguros\/companias\/nederlanden\/coberturas\/#breadcrumb","itemListElement":[{"@type":"ListItem","position":1,"name":"Portada","item":"https:\/\/idecesos.com\/seguros\/"},{"@type":"ListItem","position":2,"name":"Compa\u00f1\u00edas de Seguros de Decesos en Espa\u00f1a","item":"https:\/\/idecesos.com\/seguros\/companias\/"},{"@type":"ListItem","position":3,"name":"Seguro de decesos Nationale Nederlanden","item":"https:\/\/idecesos.com\/seguros\/companias\/nederlanden\/"},{"@type":"ListItem","position":4,"name":"Coberturas Seguro de Decesos Nederlanden"}]},{"@type":"WebSite","@id":"https:\/\/idecesos.com\/seguros\/#website","url":"https:\/\/idecesos.com\/seguros\/","name":"","description":"","potentialAction":[{"@type":"SearchAction","target":{"@type":"EntryPoint","urlTemplate":"https:\/\/idecesos.com\/seguros\/?s={search_term_string}"},"query-input":{"@type":"PropertyValueSpecification","valueRequired":true,"valueName":"search_term_string"}}],"inLanguage":"es"}]}},"_links":{"self":[{"href":"https:\/\/idecesos.com\/seguros\/wp-json\/wp\/v2\/pages\/765","targetHints":{"allow":["GET"]}}],"collection":[{"href":"https:\/\/idecesos.com\/seguros\/wp-json\/wp\/v2\/pages"}],"about":[{"href":"https:\/\/idecesos.com\/seguros\/wp-json\/wp\/v2\/types\/page"}],"author":[{"embeddable":true,"href":"https:\/\/idecesos.com\/seguros\/wp-json\/wp\/v2\/users\/2"}],"replies":[{"embeddable":true,"href":"https:\/\/idecesos.com\/seguros\/wp-json\/wp\/v2\/comments?post=765"}],"version-history":[{"count":5,"href":"https:\/\/idecesos.com\/seguros\/wp-json\/wp\/v2\/pages\/765\/revisions"}],"predecessor-version":[{"id":22146,"href":"https:\/\/idecesos.com\/seguros\/wp-json\/wp\/v2\/pages\/765\/revisions\/22146"}],"up":[{"embeddable":true,"href":"https:\/\/idecesos.com\/seguros\/wp-json\/wp\/v2\/pages\/758"}],"wp:attachment":[{"href":"https:\/\/idecesos.com\/seguros\/wp-json\/wp\/v2\/media?parent=765"}],"curies":[{"name":"wp","href":"https:\/\/api.w.org\/{rel}","templated":true}]}}