{"id":779,"date":"2021-07-13T10:09:47","date_gmt":"2021-07-13T10:09:47","guid":{"rendered":"https:\/\/idecesos.com\/seguros\/?page_id=779"},"modified":"2024-12-11T13:45:05","modified_gmt":"2024-12-11T12:45:05","slug":"coberturas","status":"publish","type":"page","link":"https:\/\/idecesos.com\/seguros\/companias\/ocaso\/coberturas\/","title":{"rendered":"Coberturas Seguro de Decesos Ocaso"},"content":{"rendered":"<div id=\"ez-toc-container\" class=\"ez-toc-v2_0_82_2 ez-toc-wrap-center counter-hierarchy ez-toc-counter ez-toc-custom ez-toc-container-direction\">\n<div class=\"ez-toc-title-container\">\n<p class=\"ez-toc-title\" style=\"cursor:inherit\">Tabla de Contenido<\/p>\n<span class=\"ez-toc-title-toggle\"><a href=\"#\" class=\"ez-toc-pull-right ez-toc-btn ez-toc-btn-xs ez-toc-btn-default ez-toc-toggle\" aria-label=\"Alternar tabla de contenidos\"><span class=\"ez-toc-js-icon-con\"><span class=\"\"><span class=\"eztoc-hide\" style=\"display:none;\">Toggle<\/span><span class=\"ez-toc-icon-toggle-span\"><svg style=\"fill: #db6415;color:#db6415\" xmlns=\"http:\/\/www.w3.org\/2000\/svg\" class=\"list-377408\" width=\"20px\" height=\"20px\" viewBox=\"0 0 24 24\" fill=\"none\"><path d=\"M6 6H4v2h2V6zm14 0H8v2h12V6zM4 11h2v2H4v-2zm16 0H8v2h12v-2zM4 16h2v2H4v-2zm16 0H8v2h12v-2z\" fill=\"currentColor\"><\/path><\/svg><svg style=\"fill: #db6415;color:#db6415\" class=\"arrow-unsorted-368013\" xmlns=\"http:\/\/www.w3.org\/2000\/svg\" width=\"10px\" height=\"10px\" viewBox=\"0 0 24 24\" version=\"1.2\" baseProfile=\"tiny\"><path d=\"M18.2 9.3l-6.2-6.3-6.2 6.3c-.2.2-.3.4-.3.7s.1.5.3.7c.2.2.4.3.7.3h11c.3 0 .5-.1.7-.3.2-.2.3-.5.3-.7s-.1-.5-.3-.7zM5.8 14.7l6.2 6.3 6.2-6.3c.2-.2.3-.5.3-.7s-.1-.5-.3-.7c-.2-.2-.4-.3-.7-.3h-11c-.3 0-.5.1-.7.3-.2.2-.3.5-.3.7s.1.5.3.7z\"\/><\/svg><\/span><\/span><\/span><\/a><\/span><\/div>\n<nav><ul class='ez-toc-list ez-toc-list-level-1 ' ><li class='ez-toc-page-1 ez-toc-heading-level-2'><a class=\"ez-toc-link ez-toc-heading-1\" href=\"https:\/\/idecesos.com\/seguros\/companias\/ocaso\/coberturas\/#Coberturas_en_las_polizas_de_Ocaso\" >Coberturas en las p\u00f3lizas de Ocaso<\/a><ul class='ez-toc-list-level-3' ><li class='ez-toc-heading-level-3'><a class=\"ez-toc-link ez-toc-heading-2\" href=\"https:\/\/idecesos.com\/seguros\/companias\/ocaso\/coberturas\/#Poliza_Ocaso_Asistencia_Familiar_Integral\" >P\u00f3liza Ocaso Asistencia Familiar Integral<\/a><\/li><li class='ez-toc-page-1 ez-toc-heading-level-3'><a class=\"ez-toc-link ez-toc-heading-3\" href=\"https:\/\/idecesos.com\/seguros\/companias\/ocaso\/coberturas\/#Poliza_Oro_Integral\" >P\u00f3liza Oro Integral<\/a><\/li><li class='ez-toc-page-1 ez-toc-heading-level-3'><a class=\"ez-toc-link ez-toc-heading-4\" href=\"https:\/\/idecesos.com\/seguros\/companias\/ocaso\/coberturas\/#Poliza_Oro_Senior\" >P\u00f3liza Oro Senior<\/a><\/li><li class='ez-toc-page-1 ez-toc-heading-level-3'><a class=\"ez-toc-link ez-toc-heading-5\" href=\"https:\/\/idecesos.com\/seguros\/companias\/ocaso\/coberturas\/#Paginas_relacionadas\" >P\u00e1ginas relacionadas<\/a><\/li><\/ul><\/li><\/ul><\/nav><\/div>\n\r\n\r\n<h2><span class=\"ez-toc-section\" id=\"Coberturas_en_las_polizas_de_Ocaso\"><\/span><strong>Coberturas en las p\u00f3lizas de Ocaso<\/strong><span class=\"ez-toc-section-end\"><\/span><\/h2>\r\n<p>Ocaso es una de las compa\u00f1\u00edas l\u00edderes en su sector en Espa\u00f1a. Fue fundada en 1920, lo que significa que lleva m\u00e1s de 100 a\u00f1os operando en el mundo de los seguros. Su nombre se ha convertido en sin\u00f3nimo de seguros de decesos. Cuentan con m\u00e1s de 1600 empleados y en tienen m\u00e1s de 400 oficinas repartidas por el terriotio espa\u00f1ol. Todo esto hace que seguros Ocaso se consolide como una empresa de\u00a0referencia con m\u00e1s de 6 millones de clientes.<\/p>\r\n<p>En Ocaso, destacan sus seguros de decesos por sus amplias coberturas. En este sentido, podemos encontrar tres modalidades de p\u00f3lizas de decesos diferentes.<\/p>\r\n<h3><span class=\"ez-toc-section\" id=\"Poliza_Ocaso_Asistencia_Familiar_Integral\"><\/span><strong>P\u00f3liza Ocaso Asistencia Familiar Integral<\/strong><span class=\"ez-toc-section-end\"><\/span><\/h3>\r\n<p>En primer lugar ofrecen la p\u00f3liza \u00a0Ocaso Asistencia Familiar Integral, este seguro ofrece al cliente gran flexibilidad y transparencia, adem\u00e1s apuesta por la prima nivelada de forma creciente. En este seguro podremos contar con bastantes garant\u00edas interesantes, obviamente <strong>la aseguradora cubrir\u00e1 todos los gastos del funeral<\/strong>. No tendr\u00e1s que preocuparte de nada relacionado con el entierro o incineraci\u00f3n, este es el principal cometido de un seguro de decesos. Recuerda que un funeral se compone normalmente de tanatorio, coche f\u00fanebre, recordatorios, l\u00e1pidas y nichos. Lo que lo convierte en un proceso poco econ\u00f3mico.<\/p>\r\n<p>Tambi\u00e9n contar\u00e1s con el <strong>traslado del fallecido, de manera nacional o internacional.<\/strong> <strong>La asistencia en un viaje<\/strong> de este tipo quedar\u00e1 tambi\u00e9n cubierta por la aseguradora, sin importar en que lugar del mundo se necesite. Ocaso tambi\u00e9n garantiza un <strong>asesoramiento legal por sus profesionales<\/strong> para cualquier tr\u00e1mite burocr\u00e1tico pertinente. Algo m\u00e1s excepcional es su <strong>cobertura economica de hasta 15.000 euros por accidentes del asegurado.<\/strong><\/p>\r\n<p>Estas son todas las garant\u00edas que ofrecen desde el primer momento, no hay que olvidar que <strong>puedes complementar tu seguro con coberturas adicionales.<\/strong> Estas aumentar\u00e1n el precio de la p\u00f3liza, pero tambi\u00e9n te dar\u00e1n una seguridad extra en relaci\u00f3n con el seguro base. Las garant\u00edas que puedes contratar son <strong>la atenci\u00f3n m\u00e9dica, el servicio dental o la protecci\u00f3n digital del menor.<\/strong><\/p>\r\n\r\n\r\n\r\n<p>Estos asegurados podr\u00e1n gozar de la cobertura de <strong>Asistencia M\u00e9dica Telef\u00f3nica<\/strong>, tambi\u00e9n \u00a0dispondr\u00e1n de varios servicios gratuitos de odontolog\u00eda anuales. Encontrar\u00e1n multitud de <strong>descuentos y promociones en las numerosas cl\u00ednicas<\/strong> que ha seleccionado la compa\u00f1\u00eda. Podr\u00e1n obtener ventajas en cuanto al ahorro de tiempo y dinero gracias a la posibilidad de asistir a <strong>consultas m\u00e9dicas de cualquier especialidad, pruebas diagn\u00f3sticas y otros servicios exclusivos.<\/strong><\/p>\r\n<h3><span class=\"ez-toc-section\" id=\"Poliza_Oro_Integral\"><\/span><strong>P\u00f3liza Oro Integral<\/strong><span class=\"ez-toc-section-end\"><\/span><\/h3>\r\n\r\n\r\n\r\n<p>Ocaso tambi\u00e9n ha pensado en la protecci\u00f3n de las <strong>familias y de los aut\u00f3nomos<\/strong> dise\u00f1ando un seguro de decesos que se adapte a sus necesidades. Para ello, les ofrece el seguro Ocaso Oro Integral, una p\u00f3liza completa y eficaz, que incluye un gran volumen de coberturas. Obviamente,<strong> te garantizan todas las coberturas que se han citado en la parte anterior del art\u00edculo.<\/strong> La diferencia es que <strong>la cobertura econ\u00f3mica debido a accidentes laborales aumenta hasta los 40.000 euros.<\/strong> Esto es perfecto para personas como los aut\u00f3nomos, a los que garantiza una indemnizaci\u00f3n mayor para darles m\u00e1s tranquilidad.<\/p>\r\n<p>Tambi\u00e9n es posible complementar esta p\u00f3liza, adem\u00e1s te da acceso a m\u00e1s coberturas adicionales. A las mencionadas en el seguro anterior hay que <strong>sumar el subsidio diario por accidentes<\/strong>, <strong>la asistencia sanitaria total tambi\u00e9n por accidente y la defensa jur\u00eddica y de la responsabilidad civil de la familia.<\/strong><\/p>\r\n<h3><span class=\"ez-toc-section\" id=\"Poliza_Oro_Senior\"><\/span><strong>P\u00f3liza Oro Senior<\/strong><span class=\"ez-toc-section-end\"><\/span><\/h3>\r\n<p>En Seguros Ocaso tambi\u00e9n han pensado en las personas m\u00e1s mayores. La Asistencia a Prima \u00danica Integral est\u00e1 dise\u00f1ada para todas las <strong>personas mayores de 70 a\u00f1os.<\/strong> Normalmente llegados a esta edad no hay muchas compa\u00f1\u00edas que te permitan contratar un seguro de decesos. Esto significa que si un residente en Espa\u00f1a que no haya contratado previamente un seguro de decesos y que tenga m\u00e1s de 70 a\u00f1os podr\u00e1 contratar sin problemas est\u00e1 p\u00f3liza.<\/p>\r\n<p>Eso s\u00ed, ten en cuenta que este seguro tiene unas <strong>coberturas m\u00e1s escasas en comparaci\u00f3n con los otros.<\/strong> Si no se a\u00f1ade ninguna otra cobertura la p\u00f3liza contar\u00e1 con lo b\u00e1sico. Todos los gastos del sepelio correr\u00e1n de parte de la compa\u00f1\u00eda, el asegurado no tendr\u00e1 que preocuparse por ningna de estas tarifas. Tambi\u00e9n contar\u00e1 con el asesoramiento legal que la compa\u00f1\u00eda ofrece en caso de necesitar realizar cualquier tipo de tr\u00e1mite burocr\u00e1tico.<\/p>\r\n<p>Recuerda que tendr\u00e1s la disponibilidad de aumentar las garant\u00edas de tu seguro, con un coste adocional. <strong>Tu p\u00f3liza tambi\u00e9n podr\u00e1 incluir atenci\u00f3n m\u00e9dica, servicios dentales, asistencia en carretera y traslados al domicilio.<\/strong><\/p>\r\n<p>Estas son las tres p\u00f3lizas m\u00e1s relevantes y sus coberturas de Seguros Ocaso. Tambi\u00e9n existen algunas opciones en las que se combinan unas garant\u00edas con otras.<\/p>\r\n<p>No obstante, no olvides que puedes <strong>usar el comparador de seguros de IDecesos<\/strong>, en unos instantes podr\u00e1s comparar las mejores ofertas del mercado de mano de las grandes compa\u00f1\u00edas aseguradoras.<\/p>\r\n<p>Tambi\u00e9n puedes contactar con nosotros a trav\u00e9s del <strong>951 127 403<\/strong>, nuestros agentes te atender\u00e1n personalmente, gestionando tus dudas y acompa\u00f1\u00e1ndote en los tr\u00e1mites que sean necesarios. No lo dudes m\u00e1s y consigue esa tranquilidad que aporta saber que est\u00e1 todo controlado gracias a un seguro de decesos. <h3><span class=\"ez-toc-section\" id=\"Paginas_relacionadas\"><\/span>P\u00e1ginas relacionadas<span class=\"ez-toc-section-end\"><\/span><\/h3><div class=\"enlazado\"><ul> <li><a href=\"https:\/\/idecesos.com\/seguros\/companias\/ocaso\/coberturas\/\">Coberturas Seguro de Decesos Ocaso<\/a><\/li> <li><a href=\"https:\/\/idecesos.com\/seguros\/companias\/ocaso\/opiniones\/\">Opiniones Ocaso<\/a><\/li> <li><a href=\"https:\/\/idecesos.com\/seguros\/companias\/ocaso\/oro\/\">Ocaso Oro<\/a><\/li> <li><a href=\"https:\/\/idecesos.com\/seguros\/companias\/ocaso\/poliza\/\">P\u00f3liza Ocaso<\/a><\/li> <li><a href=\"https:\/\/idecesos.com\/seguros\/companias\/ocaso\/precio\/\">Precio seguro Ocaso<\/a><\/li> <li><a href=\"https:\/\/idecesos.com\/seguros\/companias\/ocaso\/prima-mixta\/\">Ocaso Prima Mixta<\/a><\/li> <li><a href=\"https:\/\/idecesos.com\/seguros\/companias\/ocaso\/prima-natural\/\">Ocaso Prima Natural<\/a><\/li> <li><a href=\"https:\/\/idecesos.com\/seguros\/companias\/ocaso\/prima-nivelada\/\">Ocaso Prima Nivelada<\/a><\/li> <li><a href=\"https:\/\/idecesos.com\/seguros\/companias\/ocaso\/prima-unica\/\">Ocaso Prima \u00danica<\/a><\/li> <li><a href=\"https:\/\/idecesos.com\/seguros\/companias\/ocaso\/repatriacion\/\">Ocaso Repatriaci\u00f3n<\/a><\/li> <li><a href=\"https:\/\/idecesos.com\/seguros\/companias\/ocaso\/telefono\/\">Tel\u00e9fono Gratuito Ocaso<\/a><\/li> <\/ul><\/div><\/p>\r\n","protected":false},"excerpt":{"rendered":"<p>Coberturas en las p\u00f3lizas de Ocaso Ocaso es una de las compa\u00f1\u00edas l\u00edderes en su sector en Espa\u00f1a. Fue fundada en 1920, lo que significa que lleva m\u00e1s de 100 a\u00f1os operando en el mundo de los seguros. Su nombre se ha convertido en sin\u00f3nimo de seguros de decesos. Cuentan con m\u00e1s de 1600 empleados&hellip; <\/p>\n","protected":false},"author":2,"featured_media":0,"parent":777,"menu_order":0,"comment_status":"closed","ping_status":"closed","template":"single.php","meta":{"footnotes":""},"class_list":["post-779","page","type-page","status-publish","hentry"],"yoast_head":"<!-- This site is optimized with the Yoast SEO plugin v27.3 - https:\/\/yoast.com\/product\/yoast-seo-wordpress\/ -->\n<title>Coberturas Seguro de Decesos Ocaso | Gu\u00eda 2026<\/title>\n<meta name=\"description\" content=\"Consulta gratis las coberturas y servicios del Seguro de Decesos Ocaso Informaci\u00f3n actualizada en 2026. Coberturas verificadas por iDecesos.\" \/>\n<meta name=\"robots\" content=\"index, follow, max-snippet:-1, max-image-preview:large, max-video-preview:-1\" \/>\n<link rel=\"canonical\" href=\"https:\/\/idecesos.com\/seguros\/companias\/ocaso\/coberturas\/\" \/>\n<meta property=\"og:locale\" content=\"es_ES\" \/>\n<meta property=\"og:type\" content=\"article\" \/>\n<meta property=\"og:title\" content=\"Coberturas Seguro de Decesos Ocaso | Gu\u00eda 2026\" \/>\n<meta property=\"og:description\" content=\"Consulta gratis las coberturas y servicios del Seguro de Decesos Ocaso Informaci\u00f3n actualizada en 2026. Coberturas verificadas por iDecesos.\" \/>\n<meta property=\"og:url\" content=\"https:\/\/idecesos.com\/seguros\/companias\/ocaso\/coberturas\/\" \/>\n<meta property=\"article:modified_time\" content=\"2024-12-11T12:45:05+00:00\" \/>\n<meta name=\"twitter:card\" content=\"summary_large_image\" \/>\n<meta name=\"twitter:label1\" content=\"Tiempo de lectura\" \/>\n\t<meta name=\"twitter:data1\" content=\"4 minutos\" \/>\n<script type=\"application\/ld+json\" class=\"yoast-schema-graph\">{\"@context\":\"https:\\\/\\\/schema.org\",\"@graph\":[{\"@type\":\"WebPage\",\"@id\":\"https:\\\/\\\/idecesos.com\\\/seguros\\\/companias\\\/ocaso\\\/coberturas\\\/\",\"url\":\"https:\\\/\\\/idecesos.com\\\/seguros\\\/companias\\\/ocaso\\\/coberturas\\\/\",\"name\":\"Coberturas Seguro de Decesos Ocaso | Gu\u00eda 2026\",\"isPartOf\":{\"@id\":\"https:\\\/\\\/idecesos.com\\\/seguros\\\/#website\"},\"datePublished\":\"2021-07-13T10:09:47+00:00\",\"dateModified\":\"2024-12-11T12:45:05+00:00\",\"description\":\"Consulta gratis las coberturas y servicios del Seguro de Decesos Ocaso Informaci\u00f3n actualizada en 2026. Coberturas verificadas por iDecesos.\",\"breadcrumb\":{\"@id\":\"https:\\\/\\\/idecesos.com\\\/seguros\\\/companias\\\/ocaso\\\/coberturas\\\/#breadcrumb\"},\"inLanguage\":\"es\",\"potentialAction\":[{\"@type\":\"ReadAction\",\"target\":[\"https:\\\/\\\/idecesos.com\\\/seguros\\\/companias\\\/ocaso\\\/coberturas\\\/\"]}]},{\"@type\":\"BreadcrumbList\",\"@id\":\"https:\\\/\\\/idecesos.com\\\/seguros\\\/companias\\\/ocaso\\\/coberturas\\\/#breadcrumb\",\"itemListElement\":[{\"@type\":\"ListItem\",\"position\":1,\"name\":\"Portada\",\"item\":\"https:\\\/\\\/idecesos.com\\\/seguros\\\/\"},{\"@type\":\"ListItem\",\"position\":2,\"name\":\"Compa\u00f1\u00edas de Seguros de Decesos en Espa\u00f1a\",\"item\":\"https:\\\/\\\/idecesos.com\\\/seguros\\\/companias\\\/\"},{\"@type\":\"ListItem\",\"position\":3,\"name\":\"Seguro de Decesos Ocaso\",\"item\":\"https:\\\/\\\/idecesos.com\\\/seguros\\\/companias\\\/ocaso\\\/\"},{\"@type\":\"ListItem\",\"position\":4,\"name\":\"Coberturas Seguro de Decesos Ocaso\"}]},{\"@type\":\"WebSite\",\"@id\":\"https:\\\/\\\/idecesos.com\\\/seguros\\\/#website\",\"url\":\"https:\\\/\\\/idecesos.com\\\/seguros\\\/\",\"name\":\"\",\"description\":\"\",\"potentialAction\":[{\"@type\":\"SearchAction\",\"target\":{\"@type\":\"EntryPoint\",\"urlTemplate\":\"https:\\\/\\\/idecesos.com\\\/seguros\\\/?s={search_term_string}\"},\"query-input\":{\"@type\":\"PropertyValueSpecification\",\"valueRequired\":true,\"valueName\":\"search_term_string\"}}],\"inLanguage\":\"es\"}]}<\/script>\n<!-- \/ Yoast SEO plugin. -->","yoast_head_json":{"title":"Coberturas Seguro de Decesos Ocaso | Gu\u00eda 2026","description":"Consulta gratis las coberturas y servicios del Seguro de Decesos Ocaso Informaci\u00f3n actualizada en 2026. Coberturas verificadas por iDecesos.","robots":{"index":"index","follow":"follow","max-snippet":"max-snippet:-1","max-image-preview":"max-image-preview:large","max-video-preview":"max-video-preview:-1"},"canonical":"https:\/\/idecesos.com\/seguros\/companias\/ocaso\/coberturas\/","og_locale":"es_ES","og_type":"article","og_title":"Coberturas Seguro de Decesos Ocaso | Gu\u00eda 2026","og_description":"Consulta gratis las coberturas y servicios del Seguro de Decesos Ocaso Informaci\u00f3n actualizada en 2026. Coberturas verificadas por iDecesos.","og_url":"https:\/\/idecesos.com\/seguros\/companias\/ocaso\/coberturas\/","article_modified_time":"2024-12-11T12:45:05+00:00","twitter_card":"summary_large_image","twitter_misc":{"Tiempo de lectura":"4 minutos"},"schema":{"@context":"https:\/\/schema.org","@graph":[{"@type":"WebPage","@id":"https:\/\/idecesos.com\/seguros\/companias\/ocaso\/coberturas\/","url":"https:\/\/idecesos.com\/seguros\/companias\/ocaso\/coberturas\/","name":"Coberturas Seguro de Decesos Ocaso | Gu\u00eda 2026","isPartOf":{"@id":"https:\/\/idecesos.com\/seguros\/#website"},"datePublished":"2021-07-13T10:09:47+00:00","dateModified":"2024-12-11T12:45:05+00:00","description":"Consulta gratis las coberturas y servicios del Seguro de Decesos Ocaso Informaci\u00f3n actualizada en 2026. Coberturas verificadas por iDecesos.","breadcrumb":{"@id":"https:\/\/idecesos.com\/seguros\/companias\/ocaso\/coberturas\/#breadcrumb"},"inLanguage":"es","potentialAction":[{"@type":"ReadAction","target":["https:\/\/idecesos.com\/seguros\/companias\/ocaso\/coberturas\/"]}]},{"@type":"BreadcrumbList","@id":"https:\/\/idecesos.com\/seguros\/companias\/ocaso\/coberturas\/#breadcrumb","itemListElement":[{"@type":"ListItem","position":1,"name":"Portada","item":"https:\/\/idecesos.com\/seguros\/"},{"@type":"ListItem","position":2,"name":"Compa\u00f1\u00edas de Seguros de Decesos en Espa\u00f1a","item":"https:\/\/idecesos.com\/seguros\/companias\/"},{"@type":"ListItem","position":3,"name":"Seguro de Decesos Ocaso","item":"https:\/\/idecesos.com\/seguros\/companias\/ocaso\/"},{"@type":"ListItem","position":4,"name":"Coberturas Seguro de Decesos Ocaso"}]},{"@type":"WebSite","@id":"https:\/\/idecesos.com\/seguros\/#website","url":"https:\/\/idecesos.com\/seguros\/","name":"","description":"","potentialAction":[{"@type":"SearchAction","target":{"@type":"EntryPoint","urlTemplate":"https:\/\/idecesos.com\/seguros\/?s={search_term_string}"},"query-input":{"@type":"PropertyValueSpecification","valueRequired":true,"valueName":"search_term_string"}}],"inLanguage":"es"}]}},"_links":{"self":[{"href":"https:\/\/idecesos.com\/seguros\/wp-json\/wp\/v2\/pages\/779","targetHints":{"allow":["GET"]}}],"collection":[{"href":"https:\/\/idecesos.com\/seguros\/wp-json\/wp\/v2\/pages"}],"about":[{"href":"https:\/\/idecesos.com\/seguros\/wp-json\/wp\/v2\/types\/page"}],"author":[{"embeddable":true,"href":"https:\/\/idecesos.com\/seguros\/wp-json\/wp\/v2\/users\/2"}],"replies":[{"embeddable":true,"href":"https:\/\/idecesos.com\/seguros\/wp-json\/wp\/v2\/comments?post=779"}],"version-history":[{"count":8,"href":"https:\/\/idecesos.com\/seguros\/wp-json\/wp\/v2\/pages\/779\/revisions"}],"predecessor-version":[{"id":22156,"href":"https:\/\/idecesos.com\/seguros\/wp-json\/wp\/v2\/pages\/779\/revisions\/22156"}],"up":[{"embeddable":true,"href":"https:\/\/idecesos.com\/seguros\/wp-json\/wp\/v2\/pages\/777"}],"wp:attachment":[{"href":"https:\/\/idecesos.com\/seguros\/wp-json\/wp\/v2\/media?parent=779"}],"curies":[{"name":"wp","href":"https:\/\/api.w.org\/{rel}","templated":true}]}}