{"id":781,"date":"2021-07-13T10:10:06","date_gmt":"2021-07-13T10:10:06","guid":{"rendered":"https:\/\/idecesos.com\/seguros\/?page_id=781"},"modified":"2022-02-15T16:26:27","modified_gmt":"2022-02-15T16:26:27","slug":"precio","status":"publish","type":"page","link":"https:\/\/idecesos.com\/seguros\/precio\/","title":{"rendered":"Precio Seguro de Decesos"},"content":{"rendered":"<div id=\"ez-toc-container\" class=\"ez-toc-v2_0_83 ez-toc-wrap-center counter-hierarchy ez-toc-counter ez-toc-custom ez-toc-container-direction\">\n<div class=\"ez-toc-title-container\">\n<p class=\"ez-toc-title\" style=\"cursor:inherit\">Tabla de Contenido<\/p>\n<span class=\"ez-toc-title-toggle\"><a href=\"#\" class=\"ez-toc-pull-right ez-toc-btn ez-toc-btn-xs ez-toc-btn-default ez-toc-toggle\" aria-label=\"Alternar tabla de contenidos\"><span class=\"ez-toc-js-icon-con\"><span class=\"\"><span class=\"eztoc-hide\" style=\"display:none;\">Toggle<\/span><span class=\"ez-toc-icon-toggle-span\"><svg style=\"fill: #db6415;color:#db6415\" xmlns=\"http:\/\/www.w3.org\/2000\/svg\" class=\"list-377408\" width=\"20px\" height=\"20px\" viewBox=\"0 0 24 24\" fill=\"none\"><path d=\"M6 6H4v2h2V6zm14 0H8v2h12V6zM4 11h2v2H4v-2zm16 0H8v2h12v-2zM4 16h2v2H4v-2zm16 0H8v2h12v-2z\" fill=\"currentColor\"><\/path><\/svg><svg style=\"fill: #db6415;color:#db6415\" class=\"arrow-unsorted-368013\" xmlns=\"http:\/\/www.w3.org\/2000\/svg\" width=\"10px\" height=\"10px\" viewBox=\"0 0 24 24\" version=\"1.2\" baseProfile=\"tiny\"><path d=\"M18.2 9.3l-6.2-6.3-6.2 6.3c-.2.2-.3.4-.3.7s.1.5.3.7c.2.2.4.3.7.3h11c.3 0 .5-.1.7-.3.2-.2.3-.5.3-.7s-.1-.5-.3-.7zM5.8 14.7l6.2 6.3 6.2-6.3c.2-.2.3-.5.3-.7s-.1-.5-.3-.7c-.2-.2-.4-.3-.7-.3h-11c-.3 0-.5.1-.7.3-.2.2-.3.5-.3.7s.1.5.3.7z\"\/><\/svg><\/span><\/span><\/span><\/a><\/span><\/div>\n<nav><ul class='ez-toc-list ez-toc-list-level-1 ' ><li class='ez-toc-page-1 ez-toc-heading-level-2'><a class=\"ez-toc-link ez-toc-heading-1\" href=\"https:\/\/idecesos.com\/seguros\/precio\/#Tarifas_de_seguro_de_decesos\" >Tarifas de seguro de decesos<\/a><ul class='ez-toc-list-level-3' ><li class='ez-toc-heading-level-3'><a class=\"ez-toc-link ez-toc-heading-2\" href=\"https:\/\/idecesos.com\/seguros\/precio\/#Paginas_relacionadas\" >P\u00e1ginas relacionadas<\/a><\/li><\/ul><\/li><\/ul><\/nav><\/div>\n\r\n\r\n<p>A la hora de buscar su seguro de decesos debe tener en cuenta varios aspectos como el tipo de prima de la p\u00f3liza o la compa\u00f1\u00eda con la que vaya a obtener su seguro, entre otros. Adem\u00e1s, resulta muy \u00fatil comparar el precio de los distintos seguros existentes en el mercado a trav\u00e9s de comparadores online.<\/p>\r\n\r\n\r\n\r\n<p>Normalmente, encontramos cinco tipos de primas diferentes en el mercado de los seguros de decesos. En primer lugar, destaca la prima natural, una modalidad de contrataci\u00f3n mediante la que realizar\u00e1 un pago anual, que depender\u00e1 del capital contratado para afrontar los gastos y los tr\u00e1mites del sepelio y de la edad del asegurado. Esta p\u00f3liza se adquiere por un per\u00edodo de un a\u00f1o y se renueva al finalizar dicho tiempo.<\/p>\r\n\r\n\r\n\r\n<p>Por otro lado, el seguro de decesos a prima seminatural es parecido a la anterior, sin embargo, con dicha prima el precio de su seguro aumentar\u00e1 en tramos de 5 a\u00f1os, aunque la p\u00f3liza se renueve cada a\u00f1o.<\/p>\r\n\r\n\r\n\r\n<p>La prima nivelada tambi\u00e9n supone una forma de contrataci\u00f3n anual, sin embargo, las aseguradoras realizan una media de la prima a pagar durante un cierto n\u00famero de a\u00f1os. Por lo tanto, se diferencia de las anteriores en que el precio a pagar a trav\u00e9s de esta modalidad ser\u00e1 m\u00e1s constante y no se llevar\u00e1 sorpresas.<\/p>\r\n\r\n\r\n\r\n<p>Para los que prefieran una combinaci\u00f3n de la prima natural y de la prima nivelada podr\u00e1n decantarse por un seguro de decesos a prima mixta. Debido a la mezcla de ambas primas, la compa\u00f1\u00eda de seguros dividir\u00e1 el capital contratado en la p\u00f3liza, por lo que prestar\u00e1 el servicio funerario a sus asegurados en dos partes, una se pagar\u00e1 mediante prima natural y la otra a trav\u00e9s de la prima nivelada. De este modo, se consigue que el precio del seguro aumente de forma m\u00e1s suave con el paso de los a\u00f1os.<\/p>\r\n\r\n\r\n\r\n<p>Por \u00faltimo, las compa\u00f1\u00edas ofrecen un seguro de decesos pensado especialmente para las personas mayores de 70 a\u00f1os. Se trata del Seguro de decesos vitalicio a prima \u00fanica, a trav\u00e9s del cual el servicio funerario del cliente quedar\u00e1 garantizado de por vida al realizar un \u00fanico pago. Normalmente, esta es la \u00fanica modalidad de prima que pueden contratar las personas que superen dicha edad.<\/p>\r\n<h2><span class=\"ez-toc-section\" id=\"Tarifas_de_seguro_de_decesos\"><\/span>Tarifas de seguro de decesos<span class=\"ez-toc-section-end\"><\/span><\/h2>\r\n\r\n\r\n\r\n\r\n\r\n<p>Gracias al gran n\u00famero de aseguradoras que ofrecen seguros de decesos y a las diferentes herramientas que existen en la actualidad para informarse y comparar acerca de estos servicios resulta sencillo conseguir su seguro a buen precio. Las tarifas que se ofrecen pueden ser de niveladas, es decir, constantes a lo largo de la vida de la p\u00f3liza con una leve subida del IPC (\u00cdndice de precios al consumo) anual. Tambi\u00e9n existe otra tarifa denominada como natural que va increment\u00e1ndose seg\u00fan los tramos de edad, por consiguiente cuando uno es m\u00e1s joven y hasta los 40 a\u00f1os aproximadamente le sale m\u00e1s barato el seguro de decesos pero justo cuando da el salto ese salto de edad tambi\u00e9n existe un incremento en la tarifa importante. Otra tarifa tambi\u00e9n muy com\u00fan es la tarifa mixta o semi natural que es un conjunto de las tarifas anteriormente mencionadas y que es m\u00e1s econ\u00f3mica que la nivelada pero dentro de la prima camufla prorrateada la subida llegado el escal\u00f3n del tramo de edad que se incrementa. Existe mucha confusi\u00f3n con la tarifa que se nos aplica, pero lo que tenemos que buscar es un seguro de decesos que cubra mis necesidades y con una compa\u00f1\u00eda de solvencia, tambi\u00e9n existe una revoluci\u00f3n en el mundo del deceso porque m\u00e1s de la mitad del mercado de este seguro se lo reparten 3 Compa\u00f1\u00edas que en muchos de los casos al tener tanto volumen tienen unas tarifas elevadas y la competencia se ha dado cuenta de este hecho y les est\u00e1 atacando de forma muy agresiva con productos muy competitivos, aseguradoras de solvencia contrastada y precios espectaculares.<\/p>\r\n\r\n\r\n\r\n<p>Hablar de tarifas en seguros de decesos despierta el hambre de captar p\u00f3lizas a cualquier precio aseguradoras de perfiles muy bajos y casi desconocidas que van a precios de derribo. Pero debemos de tener en cuenta que este seguro no lo vamos a disfrutar a lo largo de las renovaciones de la p\u00f3liza en el supuesto de que se contrate las garant\u00edas b\u00e1sicas de gesti\u00f3n de sepelio. Por lo tanto vamos a estar pagando una p\u00f3liza que no vamos a disfrutar de ella hasta que muramos en muchos a\u00f1os y se puede dar el caso que llegado ese momento la compa\u00f1\u00eda en cuesti\u00f3n se declare en bancarrota.<\/p>\r\n\r\n\r\n\r\n<p>En conclusi\u00f3n, despu\u00e9s de diversos estudios las actuales aseguradoras que tienen la mayor\u00eda del mercado deben ajustar las tarifas a las necesidades de sus clientes sino ver\u00e1n seriamente amenazadas sus carteras de clientes debido a la entrada de nuevos players de grand\u00edsimo nivel en este producto.<\/p>\r\n\r\n<h3><span class=\"ez-toc-section\" id=\"Paginas_relacionadas\"><\/span>P\u00e1ginas relacionadas<span class=\"ez-toc-section-end\"><\/span><\/h3>\r\n<ul><li><a href=\"https:\/\/idecesos.com\/seguros\/precio\/barato\/\"><span>Seguro de Decesos m\u00e1s Barato<\/span><\/a><\/li><\/ul>","protected":false},"excerpt":{"rendered":"<p>A la hora de buscar su seguro de decesos debe tener en cuenta varios aspectos como el tipo de prima de la p\u00f3liza o la compa\u00f1\u00eda con la que vaya a obtener su seguro, entre otros. Adem\u00e1s, resulta muy \u00fatil comparar el precio de los distintos seguros existentes en el mercado a trav\u00e9s de comparadores&hellip; <\/p>\n","protected":false},"author":2,"featured_media":0,"parent":0,"menu_order":0,"comment_status":"open","ping_status":"closed","template":"single.php","meta":{"footnotes":""},"class_list":["post-781","page","type-page","status-publish","hentry"],"yoast_head":"<!-- This site is optimized with the Yoast SEO plugin v27.5 - https:\/\/yoast.com\/product\/yoast-seo-wordpress\/ -->\n<title>Precio Seguros de Decesos desde 1,90\u20ac\/mes \u25b7Calcula 20 Precios<\/title>\n<meta name=\"description\" content=\"Compara aqu\u00ed \u3010precio seguro de decesos\u3011\u2611\ufe0fMejores tarifas, descuentos y ofertas de seguro de decesos 2026, exclusivos de iDecesos\u00ae\" \/>\n<meta name=\"robots\" content=\"index, follow, max-snippet:-1, max-image-preview:large, max-video-preview:-1\" \/>\n<link rel=\"canonical\" href=\"https:\/\/idecesos.com\/seguros\/precio\/\" \/>\n<meta property=\"og:locale\" content=\"es_ES\" \/>\n<meta property=\"og:type\" content=\"article\" \/>\n<meta property=\"og:title\" content=\"Precio Seguros de Decesos desde 1,90\u20ac\/mes \u25b7Calcula 20 Precios\" \/>\n<meta property=\"og:description\" content=\"Compara aqu\u00ed \u3010precio seguro de decesos\u3011\u2611\ufe0fMejores tarifas, descuentos y ofertas de seguro de decesos 2026, exclusivos de iDecesos\u00ae\" \/>\n<meta property=\"og:url\" content=\"https:\/\/idecesos.com\/seguros\/precio\/\" \/>\n<meta property=\"article:modified_time\" content=\"2022-02-15T16:26:27+00:00\" \/>\n<meta name=\"twitter:card\" content=\"summary_large_image\" \/>\n<meta name=\"twitter:label1\" content=\"Tiempo de lectura\" \/>\n\t<meta name=\"twitter:data1\" content=\"4 minutos\" \/>\n<script type=\"application\/ld+json\" class=\"yoast-schema-graph\">{\"@context\":\"https:\\\/\\\/schema.org\",\"@graph\":[{\"@type\":\"WebPage\",\"@id\":\"https:\\\/\\\/idecesos.com\\\/seguros\\\/precio\\\/\",\"url\":\"https:\\\/\\\/idecesos.com\\\/seguros\\\/precio\\\/\",\"name\":\"Precio Seguros de Decesos desde 1,90\u20ac\\\/mes \u25b7Calcula 20 Precios\",\"isPartOf\":{\"@id\":\"https:\\\/\\\/idecesos.com\\\/seguros\\\/#website\"},\"datePublished\":\"2021-07-13T10:10:06+00:00\",\"dateModified\":\"2022-02-15T16:26:27+00:00\",\"description\":\"Compara aqu\u00ed \u3010precio seguro de decesos\u3011\u2611\ufe0fMejores tarifas, descuentos y ofertas de seguro de decesos 2026, exclusivos de iDecesos\u00ae\",\"breadcrumb\":{\"@id\":\"https:\\\/\\\/idecesos.com\\\/seguros\\\/precio\\\/#breadcrumb\"},\"inLanguage\":\"es\",\"potentialAction\":[{\"@type\":\"ReadAction\",\"target\":[\"https:\\\/\\\/idecesos.com\\\/seguros\\\/precio\\\/\"]}]},{\"@type\":\"BreadcrumbList\",\"@id\":\"https:\\\/\\\/idecesos.com\\\/seguros\\\/precio\\\/#breadcrumb\",\"itemListElement\":[{\"@type\":\"ListItem\",\"position\":1,\"name\":\"Portada\",\"item\":\"https:\\\/\\\/idecesos.com\\\/seguros\\\/\"},{\"@type\":\"ListItem\",\"position\":2,\"name\":\"Precio Seguro de Decesos\"}]},{\"@type\":\"WebSite\",\"@id\":\"https:\\\/\\\/idecesos.com\\\/seguros\\\/#website\",\"url\":\"https:\\\/\\\/idecesos.com\\\/seguros\\\/\",\"name\":\"\",\"description\":\"\",\"potentialAction\":[{\"@type\":\"SearchAction\",\"target\":{\"@type\":\"EntryPoint\",\"urlTemplate\":\"https:\\\/\\\/idecesos.com\\\/seguros\\\/?s={search_term_string}\"},\"query-input\":{\"@type\":\"PropertyValueSpecification\",\"valueRequired\":true,\"valueName\":\"search_term_string\"}}],\"inLanguage\":\"es\"}]}<\/script>\n<!-- \/ Yoast SEO plugin. -->","yoast_head_json":{"title":"Precio Seguros de Decesos desde 1,90\u20ac\/mes \u25b7Calcula 20 Precios","description":"Compara aqu\u00ed \u3010precio seguro de decesos\u3011\u2611\ufe0fMejores tarifas, descuentos y ofertas de seguro de decesos 2026, exclusivos de iDecesos\u00ae","robots":{"index":"index","follow":"follow","max-snippet":"max-snippet:-1","max-image-preview":"max-image-preview:large","max-video-preview":"max-video-preview:-1"},"canonical":"https:\/\/idecesos.com\/seguros\/precio\/","og_locale":"es_ES","og_type":"article","og_title":"Precio Seguros de Decesos desde 1,90\u20ac\/mes \u25b7Calcula 20 Precios","og_description":"Compara aqu\u00ed \u3010precio seguro de decesos\u3011\u2611\ufe0fMejores tarifas, descuentos y ofertas de seguro de decesos 2026, exclusivos de iDecesos\u00ae","og_url":"https:\/\/idecesos.com\/seguros\/precio\/","article_modified_time":"2022-02-15T16:26:27+00:00","twitter_card":"summary_large_image","twitter_misc":{"Tiempo de lectura":"4 minutos"},"schema":{"@context":"https:\/\/schema.org","@graph":[{"@type":"WebPage","@id":"https:\/\/idecesos.com\/seguros\/precio\/","url":"https:\/\/idecesos.com\/seguros\/precio\/","name":"Precio Seguros de Decesos desde 1,90\u20ac\/mes \u25b7Calcula 20 Precios","isPartOf":{"@id":"https:\/\/idecesos.com\/seguros\/#website"},"datePublished":"2021-07-13T10:10:06+00:00","dateModified":"2022-02-15T16:26:27+00:00","description":"Compara aqu\u00ed \u3010precio seguro de decesos\u3011\u2611\ufe0fMejores tarifas, descuentos y ofertas de seguro de decesos 2026, exclusivos de iDecesos\u00ae","breadcrumb":{"@id":"https:\/\/idecesos.com\/seguros\/precio\/#breadcrumb"},"inLanguage":"es","potentialAction":[{"@type":"ReadAction","target":["https:\/\/idecesos.com\/seguros\/precio\/"]}]},{"@type":"BreadcrumbList","@id":"https:\/\/idecesos.com\/seguros\/precio\/#breadcrumb","itemListElement":[{"@type":"ListItem","position":1,"name":"Portada","item":"https:\/\/idecesos.com\/seguros\/"},{"@type":"ListItem","position":2,"name":"Precio Seguro de Decesos"}]},{"@type":"WebSite","@id":"https:\/\/idecesos.com\/seguros\/#website","url":"https:\/\/idecesos.com\/seguros\/","name":"","description":"","potentialAction":[{"@type":"SearchAction","target":{"@type":"EntryPoint","urlTemplate":"https:\/\/idecesos.com\/seguros\/?s={search_term_string}"},"query-input":{"@type":"PropertyValueSpecification","valueRequired":true,"valueName":"search_term_string"}}],"inLanguage":"es"}]}},"_links":{"self":[{"href":"https:\/\/idecesos.com\/seguros\/wp-json\/wp\/v2\/pages\/781","targetHints":{"allow":["GET"]}}],"collection":[{"href":"https:\/\/idecesos.com\/seguros\/wp-json\/wp\/v2\/pages"}],"about":[{"href":"https:\/\/idecesos.com\/seguros\/wp-json\/wp\/v2\/types\/page"}],"author":[{"embeddable":true,"href":"https:\/\/idecesos.com\/seguros\/wp-json\/wp\/v2\/users\/2"}],"replies":[{"embeddable":true,"href":"https:\/\/idecesos.com\/seguros\/wp-json\/wp\/v2\/comments?post=781"}],"version-history":[{"count":10,"href":"https:\/\/idecesos.com\/seguros\/wp-json\/wp\/v2\/pages\/781\/revisions"}],"predecessor-version":[{"id":19770,"href":"https:\/\/idecesos.com\/seguros\/wp-json\/wp\/v2\/pages\/781\/revisions\/19770"}],"wp:attachment":[{"href":"https:\/\/idecesos.com\/seguros\/wp-json\/wp\/v2\/media?parent=781"}],"curies":[{"name":"wp","href":"https:\/\/api.w.org\/{rel}","templated":true}]}}