{"id":787,"date":"2021-07-13T10:17:03","date_gmt":"2021-07-13T10:17:03","guid":{"rendered":"https:\/\/idecesos.com\/seguros\/?page_id=787"},"modified":"2022-04-06T18:24:52","modified_gmt":"2022-04-06T18:24:52","slug":"oro","status":"publish","type":"page","link":"https:\/\/idecesos.com\/seguros\/companias\/ocaso\/oro\/","title":{"rendered":"Seguro Decesos OCASO ORO"},"content":{"rendered":"\r\n\r\n<p>Ocaso se ha posicionado como una de las compa\u00f1\u00edas de seguros de decesos m\u00e1s relevantes del sector. Desde su fundaci\u00f3n en 1920 garantizan que sus clientes reciban el mejor servicio y atenci\u00f3n en cualquier momento y lugar.<br \/>Esta compa\u00f1\u00eda ofrece numerosos servicios y promociones. Ofreciendo desde seguros de decesos hasta seguros de hogar y para su mascota.<\/p>\r\n<p>El seguros Ocaso Oro se presenta como un producto estrella en una compa\u00f1\u00eda l\u00edder en el sector, con m\u00e1s de 95 a\u00f1os de experiencia garantiza el bienestar de sus clientes a trav\u00e9s de todo tipo de p\u00f3lizas y servicios tras los que se encuentran un amplio equipo de profesionales en cada uno de los sectores necesarios. Adem\u00e1s busca adaptarse a todos los p\u00fablicos mediante ofertas y coberturas adicionales.<\/p>\r\n\r\n\r\n\r\n<p>En su af\u00e1n por abarcar todo tipo de clientes Seguros Ocaso ofrece el Seguro de Decesos Oro integral, una p\u00f3liza destinada a familias o profesionales aut\u00f3nomos que busca una amplia gama de coberturas y servicios. En concreto este seguro de decesos se encarga de la asistencia de decesos a trav\u00e9s de la financiaci\u00f3n de los gastos que suponga el fallecimiento. Adem\u00e1s se encargan del traslado del cuerpo en caso de que el fallecimiento se produjera en un lugar distinto al de origen, as\u00ed como, de cubrir los gastos que suponga el viaje de un acompa\u00f1ante.<\/p>\r\n\r\n\r\n\r\n<p>Por otro lado el seguro de decesos Ocaso Oro proporciona a sus clientes teleasistencia domiciliaria temporal, adem\u00e1s de, atenci\u00f3n m\u00e9dica a trav\u00e9s de un tel\u00e9fono 24 horas. Otro de los aspectos que se cuida desde esta compa\u00f1\u00eda es el tema burocr\u00e1tico, para ello se encargan del asesoramiento legal necesario tras la muerte de un familiar, as\u00ed como, de poner a disposici\u00f3n de la familia un abogado especialista en este tipo de \u00e1mbitos.<\/p>\r\n\r\n\r\n\r\n<p>Esta p\u00f3liza tambi\u00e9n ofrece a sus compradores una ayuda econ\u00f3mica tras el fallecimiento de un familiar. Esta ayuda oscila entre 5.000\u20ac y 40.000\u20ac en funci\u00f3n de cada caso. Tambi\u00e9n se proporcionar\u00e1 ayuda econ\u00f3mica en caso de que ocurra un accidente que suponga la invalidez del asegurado. Esta cuenta con el mismo rango de oscilaci\u00f3n que la anterior (5.000\u20ac y 40.000).<\/p>\r\n\r\n\r\n\r\n<p>Ocaso Seguros, buscando siempre adaptarse a lo que su cliente pide, da la posibilidad de complementar esta p\u00f3liza con coberturas adicionales como por ejemplo asistencia a residentes en Europa o asistencia a residentes a escala mundial.<\/p>\r\n\r\n\r\n\r\n<p>Por \u00faltimo, el seguro de decesos Oro ofrece a sus clientes garant\u00edas en caso de incapacidad por accidente o por enfermedad. Ambas garant\u00edas oscilan entre 5 y 30 euros diarios.<\/p>\r\n<p>Y es que no tener contratado un seguro de decesos puede suponer un problema para ti o para tu familia ya que se tendr\u00e1n que hacer cargo de temas como el ata\u00fad, el tanatorio, el coche f\u00fanebre, el traslado nacional o internacional en el caso de que el fallecimiento se produzca en otra ciudad o pa\u00eds y el alquiler del nicho. Todo esto sin contar con las flores, los recordatorios, esquelas, entre otras cosas t\u00edpicas de la ceremonia. De esta manera, Ocaso te lo pone f\u00e1cil y te tiende la mano para caminar junto a sus familiares y seres queridos en uno de los momentos m\u00e1s duros como es la p\u00e9rdida de un familiar o amigo.<\/p>\r\n<p>Si a\u00fan est\u00e1s indeciso y cansado de indagar sobre qu\u00e9 seguro es el mejor para ti, no te preocupes, tenemos la soluci\u00f3n. Puedes usar nuestro comparador de iDecesos que aparece en la parte superior o inferior de su pantalla. Con tan solo rellenar los datos que le pedemos, encontrar\u00e1s el mejor seguro y al mejor precio de la manera m\u00e1s f\u00e1cil y r\u00e1pida. Adem\u00e1s, sabr\u00e1s que coberturas est\u00e1n incluidas y cu\u00e1les no para que no tengas ning\u00fan susto despu\u00e9s.<\/p>\r\n<p>Si a\u00fan necesita resolver alguna duda que tenga pendiente contacte con nosotros a trav\u00e9s del 951 127 403 y estaremos encantados de ayudarte en todo lo que necesite.<\/p>\r\n<h3>P\u00e1ginas relacionadas<\/h3><div class=\"enlazado\"><ul> <li><a href=\"https:\/\/idecesos.com\/seguros\/companias\/ocaso\/coberturas\/\">Coberturas Seguro de Decesos Ocaso<\/a><\/li> <li><a href=\"https:\/\/idecesos.com\/seguros\/companias\/ocaso\/opiniones\/\">Opiniones Ocaso<\/a><\/li> <li><a href=\"https:\/\/idecesos.com\/seguros\/companias\/ocaso\/oro\/\">Ocaso Oro<\/a><\/li> <li><a href=\"https:\/\/idecesos.com\/seguros\/companias\/ocaso\/poliza\/\">P\u00f3liza Ocaso<\/a><\/li> <li><a href=\"https:\/\/idecesos.com\/seguros\/companias\/ocaso\/precio\/\">Precio seguro Ocaso<\/a><\/li> <li><a href=\"https:\/\/idecesos.com\/seguros\/companias\/ocaso\/prima-mixta\/\">Ocaso Prima Mixta<\/a><\/li> <li><a href=\"https:\/\/idecesos.com\/seguros\/companias\/ocaso\/prima-natural\/\">Ocaso Prima Natural<\/a><\/li> <li><a href=\"https:\/\/idecesos.com\/seguros\/companias\/ocaso\/prima-nivelada\/\">Ocaso Prima Nivelada<\/a><\/li> <li><a href=\"https:\/\/idecesos.com\/seguros\/companias\/ocaso\/prima-unica\/\">Ocaso Prima \u00danica<\/a><\/li> <li><a href=\"https:\/\/idecesos.com\/seguros\/companias\/ocaso\/repatriacion\/\">Ocaso Repatriaci\u00f3n<\/a><\/li> <li><a href=\"https:\/\/idecesos.com\/seguros\/companias\/ocaso\/telefono\/\">Tel\u00e9fono Gratuito Ocaso<\/a><\/li> <\/ul><\/div>\r\n","protected":false},"excerpt":{"rendered":"<p>Ocaso se ha posicionado como una de las compa\u00f1\u00edas de seguros de decesos m\u00e1s relevantes del sector. Desde su fundaci\u00f3n en 1920 garantizan que sus clientes reciban el mejor servicio y atenci\u00f3n en cualquier momento y lugar.Esta compa\u00f1\u00eda ofrece numerosos servicios y promociones. Ofreciendo desde seguros de decesos hasta seguros de hogar y para su&hellip; <\/p>\n","protected":false},"author":2,"featured_media":0,"parent":777,"menu_order":0,"comment_status":"closed","ping_status":"closed","template":"single.php","meta":{"footnotes":""},"class_list":["post-787","page","type-page","status-publish","hentry"],"yoast_head":"<!-- This site is optimized with the Yoast SEO plugin v27.3 - https:\/\/yoast.com\/product\/yoast-seo-wordpress\/ -->\n<title>Seguro Decesos OCASO ORO -<\/title>\n<meta name=\"robots\" content=\"index, follow, max-snippet:-1, max-image-preview:large, max-video-preview:-1\" \/>\n<link rel=\"canonical\" href=\"https:\/\/idecesos.com\/seguros\/companias\/ocaso\/oro\/\" \/>\n<meta property=\"og:locale\" content=\"es_ES\" \/>\n<meta property=\"og:type\" content=\"article\" \/>\n<meta property=\"og:title\" content=\"Seguro Decesos OCASO ORO -\" \/>\n<meta property=\"og:description\" content=\"Ocaso se ha posicionado como una de las compa\u00f1\u00edas de seguros de decesos m\u00e1s relevantes del sector. Desde su fundaci\u00f3n en 1920 garantizan que sus clientes reciban el mejor servicio y atenci\u00f3n en cualquier momento y lugar.Esta compa\u00f1\u00eda ofrece numerosos servicios y promociones. Ofreciendo desde seguros de decesos hasta seguros de hogar y para su&hellip;\" \/>\n<meta property=\"og:url\" content=\"https:\/\/idecesos.com\/seguros\/companias\/ocaso\/oro\/\" \/>\n<meta property=\"article:modified_time\" content=\"2022-04-06T18:24:52+00:00\" \/>\n<meta name=\"twitter:card\" content=\"summary_large_image\" \/>\n<meta name=\"twitter:label1\" content=\"Tiempo de lectura\" \/>\n\t<meta name=\"twitter:data1\" content=\"3 minutos\" \/>\n<script type=\"application\/ld+json\" class=\"yoast-schema-graph\">{\"@context\":\"https:\\\/\\\/schema.org\",\"@graph\":[{\"@type\":\"WebPage\",\"@id\":\"https:\\\/\\\/idecesos.com\\\/seguros\\\/companias\\\/ocaso\\\/oro\\\/\",\"url\":\"https:\\\/\\\/idecesos.com\\\/seguros\\\/companias\\\/ocaso\\\/oro\\\/\",\"name\":\"Seguro Decesos OCASO ORO -\",\"isPartOf\":{\"@id\":\"https:\\\/\\\/idecesos.com\\\/seguros\\\/#website\"},\"datePublished\":\"2021-07-13T10:17:03+00:00\",\"dateModified\":\"2022-04-06T18:24:52+00:00\",\"breadcrumb\":{\"@id\":\"https:\\\/\\\/idecesos.com\\\/seguros\\\/companias\\\/ocaso\\\/oro\\\/#breadcrumb\"},\"inLanguage\":\"es\",\"potentialAction\":[{\"@type\":\"ReadAction\",\"target\":[\"https:\\\/\\\/idecesos.com\\\/seguros\\\/companias\\\/ocaso\\\/oro\\\/\"]}]},{\"@type\":\"BreadcrumbList\",\"@id\":\"https:\\\/\\\/idecesos.com\\\/seguros\\\/companias\\\/ocaso\\\/oro\\\/#breadcrumb\",\"itemListElement\":[{\"@type\":\"ListItem\",\"position\":1,\"name\":\"Portada\",\"item\":\"https:\\\/\\\/idecesos.com\\\/seguros\\\/\"},{\"@type\":\"ListItem\",\"position\":2,\"name\":\"Compa\u00f1\u00edas de Seguros de Decesos en Espa\u00f1a\",\"item\":\"https:\\\/\\\/idecesos.com\\\/seguros\\\/companias\\\/\"},{\"@type\":\"ListItem\",\"position\":3,\"name\":\"Seguro de Decesos Ocaso\",\"item\":\"https:\\\/\\\/idecesos.com\\\/seguros\\\/companias\\\/ocaso\\\/\"},{\"@type\":\"ListItem\",\"position\":4,\"name\":\"Seguro Decesos OCASO ORO\"}]},{\"@type\":\"WebSite\",\"@id\":\"https:\\\/\\\/idecesos.com\\\/seguros\\\/#website\",\"url\":\"https:\\\/\\\/idecesos.com\\\/seguros\\\/\",\"name\":\"\",\"description\":\"\",\"potentialAction\":[{\"@type\":\"SearchAction\",\"target\":{\"@type\":\"EntryPoint\",\"urlTemplate\":\"https:\\\/\\\/idecesos.com\\\/seguros\\\/?s={search_term_string}\"},\"query-input\":{\"@type\":\"PropertyValueSpecification\",\"valueRequired\":true,\"valueName\":\"search_term_string\"}}],\"inLanguage\":\"es\"}]}<\/script>\n<!-- \/ Yoast SEO plugin. -->","yoast_head_json":{"title":"Seguro Decesos OCASO ORO -","robots":{"index":"index","follow":"follow","max-snippet":"max-snippet:-1","max-image-preview":"max-image-preview:large","max-video-preview":"max-video-preview:-1"},"canonical":"https:\/\/idecesos.com\/seguros\/companias\/ocaso\/oro\/","og_locale":"es_ES","og_type":"article","og_title":"Seguro Decesos OCASO ORO -","og_description":"Ocaso se ha posicionado como una de las compa\u00f1\u00edas de seguros de decesos m\u00e1s relevantes del sector. Desde su fundaci\u00f3n en 1920 garantizan que sus clientes reciban el mejor servicio y atenci\u00f3n en cualquier momento y lugar.Esta compa\u00f1\u00eda ofrece numerosos servicios y promociones. Ofreciendo desde seguros de decesos hasta seguros de hogar y para su&hellip;","og_url":"https:\/\/idecesos.com\/seguros\/companias\/ocaso\/oro\/","article_modified_time":"2022-04-06T18:24:52+00:00","twitter_card":"summary_large_image","twitter_misc":{"Tiempo de lectura":"3 minutos"},"schema":{"@context":"https:\/\/schema.org","@graph":[{"@type":"WebPage","@id":"https:\/\/idecesos.com\/seguros\/companias\/ocaso\/oro\/","url":"https:\/\/idecesos.com\/seguros\/companias\/ocaso\/oro\/","name":"Seguro Decesos OCASO ORO -","isPartOf":{"@id":"https:\/\/idecesos.com\/seguros\/#website"},"datePublished":"2021-07-13T10:17:03+00:00","dateModified":"2022-04-06T18:24:52+00:00","breadcrumb":{"@id":"https:\/\/idecesos.com\/seguros\/companias\/ocaso\/oro\/#breadcrumb"},"inLanguage":"es","potentialAction":[{"@type":"ReadAction","target":["https:\/\/idecesos.com\/seguros\/companias\/ocaso\/oro\/"]}]},{"@type":"BreadcrumbList","@id":"https:\/\/idecesos.com\/seguros\/companias\/ocaso\/oro\/#breadcrumb","itemListElement":[{"@type":"ListItem","position":1,"name":"Portada","item":"https:\/\/idecesos.com\/seguros\/"},{"@type":"ListItem","position":2,"name":"Compa\u00f1\u00edas de Seguros de Decesos en Espa\u00f1a","item":"https:\/\/idecesos.com\/seguros\/companias\/"},{"@type":"ListItem","position":3,"name":"Seguro de Decesos Ocaso","item":"https:\/\/idecesos.com\/seguros\/companias\/ocaso\/"},{"@type":"ListItem","position":4,"name":"Seguro Decesos OCASO ORO"}]},{"@type":"WebSite","@id":"https:\/\/idecesos.com\/seguros\/#website","url":"https:\/\/idecesos.com\/seguros\/","name":"","description":"","potentialAction":[{"@type":"SearchAction","target":{"@type":"EntryPoint","urlTemplate":"https:\/\/idecesos.com\/seguros\/?s={search_term_string}"},"query-input":{"@type":"PropertyValueSpecification","valueRequired":true,"valueName":"search_term_string"}}],"inLanguage":"es"}]}},"_links":{"self":[{"href":"https:\/\/idecesos.com\/seguros\/wp-json\/wp\/v2\/pages\/787","targetHints":{"allow":["GET"]}}],"collection":[{"href":"https:\/\/idecesos.com\/seguros\/wp-json\/wp\/v2\/pages"}],"about":[{"href":"https:\/\/idecesos.com\/seguros\/wp-json\/wp\/v2\/types\/page"}],"author":[{"embeddable":true,"href":"https:\/\/idecesos.com\/seguros\/wp-json\/wp\/v2\/users\/2"}],"replies":[{"embeddable":true,"href":"https:\/\/idecesos.com\/seguros\/wp-json\/wp\/v2\/comments?post=787"}],"version-history":[{"count":6,"href":"https:\/\/idecesos.com\/seguros\/wp-json\/wp\/v2\/pages\/787\/revisions"}],"predecessor-version":[{"id":21028,"href":"https:\/\/idecesos.com\/seguros\/wp-json\/wp\/v2\/pages\/787\/revisions\/21028"}],"up":[{"embeddable":true,"href":"https:\/\/idecesos.com\/seguros\/wp-json\/wp\/v2\/pages\/777"}],"wp:attachment":[{"href":"https:\/\/idecesos.com\/seguros\/wp-json\/wp\/v2\/media?parent=787"}],"curies":[{"name":"wp","href":"https:\/\/api.w.org\/{rel}","templated":true}]}}