{"id":792,"date":"2021-12-15T16:02:50","date_gmt":"2021-07-13T10:22:32","guid":{"rendered":"https:\/\/idecesos.com\/seguros\/?page_id=792"},"modified":"2022-03-10T11:25:38","modified_gmt":"2022-03-10T11:25:38","slug":"precio","status":"publish","type":"page","link":"https:\/\/idecesos.com\/seguros\/companias\/ocaso\/precio\/","title":{"rendered":"\u00bfCu\u00e1nto cuesta el seguro de decesos Ocaso?"},"content":{"rendered":"<div id=\"ez-toc-container\" class=\"ez-toc-v2_0_82_2 ez-toc-wrap-center counter-hierarchy ez-toc-counter ez-toc-custom ez-toc-container-direction\">\n<div class=\"ez-toc-title-container\">\n<p class=\"ez-toc-title\" style=\"cursor:inherit\">Tabla de Contenido<\/p>\n<span class=\"ez-toc-title-toggle\"><a href=\"#\" class=\"ez-toc-pull-right ez-toc-btn ez-toc-btn-xs ez-toc-btn-default ez-toc-toggle\" aria-label=\"Alternar tabla de contenidos\"><span class=\"ez-toc-js-icon-con\"><span class=\"\"><span class=\"eztoc-hide\" style=\"display:none;\">Toggle<\/span><span class=\"ez-toc-icon-toggle-span\"><svg style=\"fill: #db6415;color:#db6415\" xmlns=\"http:\/\/www.w3.org\/2000\/svg\" class=\"list-377408\" width=\"20px\" height=\"20px\" viewBox=\"0 0 24 24\" fill=\"none\"><path d=\"M6 6H4v2h2V6zm14 0H8v2h12V6zM4 11h2v2H4v-2zm16 0H8v2h12v-2zM4 16h2v2H4v-2zm16 0H8v2h12v-2z\" fill=\"currentColor\"><\/path><\/svg><svg style=\"fill: #db6415;color:#db6415\" class=\"arrow-unsorted-368013\" xmlns=\"http:\/\/www.w3.org\/2000\/svg\" width=\"10px\" height=\"10px\" viewBox=\"0 0 24 24\" version=\"1.2\" baseProfile=\"tiny\"><path d=\"M18.2 9.3l-6.2-6.3-6.2 6.3c-.2.2-.3.4-.3.7s.1.5.3.7c.2.2.4.3.7.3h11c.3 0 .5-.1.7-.3.2-.2.3-.5.3-.7s-.1-.5-.3-.7zM5.8 14.7l6.2 6.3 6.2-6.3c.2-.2.3-.5.3-.7s-.1-.5-.3-.7c-.2-.2-.4-.3-.7-.3h-11c-.3 0-.5.1-.7.3-.2.2-.3.5-.3.7s.1.5.3.7z\"\/><\/svg><\/span><\/span><\/span><\/a><\/span><\/div>\n<nav><ul class='ez-toc-list ez-toc-list-level-1 ' ><li class='ez-toc-page-1 ez-toc-heading-level-2'><a class=\"ez-toc-link ez-toc-heading-1\" href=\"https:\/\/idecesos.com\/seguros\/companias\/ocaso\/precio\/#Calcular_precio_seguro_de_decesos_Ocaso\" >Calcular precio seguro de decesos Ocaso<\/a><\/li><li class='ez-toc-page-1 ez-toc-heading-level-2'><a class=\"ez-toc-link ez-toc-heading-2\" href=\"https:\/\/idecesos.com\/seguros\/companias\/ocaso\/precio\/#Tabla_comparativa_de_precios_Ocaso\" >Tabla comparativa de precios Ocaso<\/a><ul class='ez-toc-list-level-3' ><li class='ez-toc-heading-level-3'><a class=\"ez-toc-link ez-toc-heading-3\" href=\"https:\/\/idecesos.com\/seguros\/companias\/ocaso\/precio\/#%C2%BFCual_es_la_mejor_tarifa_de_seguros_de_Ocaso\" >\u00bfCu\u00e1l es la mejor tarifa de seguros de Ocaso ?<\/a><\/li><li class='ez-toc-page-1 ez-toc-heading-level-3'><a class=\"ez-toc-link ez-toc-heading-4\" href=\"https:\/\/idecesos.com\/seguros\/companias\/ocaso\/precio\/#%C2%BFPuede_aumentar_precio_mensual_de_los_seguros_de_Ocaso\" >\u00bfPuede aumentar precio mensual de los seguros de Ocaso ?<\/a><\/li><li class='ez-toc-page-1 ez-toc-heading-level-3'><a class=\"ez-toc-link ez-toc-heading-5\" href=\"https:\/\/idecesos.com\/seguros\/companias\/ocaso\/precio\/#%C2%BFEl_precio_de_seguros_de_decesos_Ocaso_sube_con_la_edad\" >\u00bfEl precio de seguros de decesos Ocaso sube con la edad?<\/a><\/li><li class='ez-toc-page-1 ez-toc-heading-level-3'><a class=\"ez-toc-link ez-toc-heading-6\" href=\"https:\/\/idecesos.com\/seguros\/companias\/ocaso\/precio\/#Paginas_relacionadas\" >P\u00e1ginas relacionadas<\/a><\/li><\/ul><\/li><\/ul><\/nav><\/div>\n<p><br \/>\nEl campo de los seguros es ampl\u00edsimo. Puedes localizar muchas aseguradoras, coberturas y precios diferentes. Es preciso ya antes de decidir por qu\u00e9 producto o compa\u00f1\u00eda seleccionar, estar informado de las distintas tarifas que ofrecen. No tiene que preocuparse por nada. En iDecesos le facilitaremos cada uno de los precios y diferentes modalidades de primas ahora par que de una simple ojeada pueda saber cual es m\u00e1s similar a usted y pueda seleccionar la que mejor se adapte a sus necesidades.<\/p>\n<div class=\"colorf\"><div class=\"container clearfix\"><div class=\"col-md-7\">\n<h2><span class=\"ez-toc-section\" id=\"Calcular_precio_seguro_de_decesos_Ocaso\"><\/span>Calcular precio seguro de decesos Ocaso<span class=\"ez-toc-section-end\"><\/span><\/h2>\n<p>Merced a iDecesos calcular el precio de su seguro de decesos es muy sencillo. Rellene los campos que le solicitamos y nos encargaremos de filtrar los mejores resultados que mejor se amolden a usted. Contratar una p\u00f3liza de decesos de Ocaso tiene muchos beneficios. Primeramente va a poder gozar de la calma que le ofrecen a usted y a su familia. Por otra parte, su profesionalidad. En Ocaso est\u00e1n listos para facilitarte todos y cada uno de los tr\u00e1mites en ese duro instante que es la muerte de un ser querido y estar\u00e1n a tu lado para asistirte con los mejores profesionales del campo.<br \/>\n<\/div><\/div><\/div><\/p>\n<h2><span class=\"ez-toc-section\" id=\"Tabla_comparativa_de_precios_Ocaso\"><\/span>Tabla comparativa de precios Ocaso<span class=\"ez-toc-section-end\"><\/span><\/h2>\n<p><div class=\"cabecera_tabla_precio\"><table class=\"table table-striped\"><thead><tr><th class=\"nosepara centrado\">Tipo<\/th><th class=\"nosepara centrado nojustificado\">Precio Desde<\/th><th class=\"nosepara dcha\"><\/th><\/tr><\/thead><tbody><tr class=\"fila_tabla_precio\"><td class=\"nosepara izq\">Precio Seguro Decesos Ocaso<\/td><td class=\"nosepara centro\">1,43 \u20ac\/mes<\/td><td class=\"nosepara derecha\">\t\t\t\t\t\n\t\t\t\t\t\t<span class=\"\" style=\"cursor:pointer\" data-bs-toggle=\"modal\" data-bs-target=\"#comparadorModal\">Calcular<\/span>\t\t\t\t\n\t\t\t\t\t\n\t\t\t\t<\/td><\/tr><\/div><tr class=\"fila_tabla_precio\"><td class=\"nosepara izq\">Precio Prima \u00danica Ocaso<\/td><td class=\"nosepara centro\">2400 \u20ac<\/td><td class=\"nosepara derecha\">\t\t\t\t\t\n\t\t\t\t\t\t<span class=\"\" style=\"cursor:pointer\" data-bs-toggle=\"modal\" data-bs-target=\"#comparadorModal\">Calcular<\/span>\t\t\t\t\n\t\t\t\t\t\n\t\t\t\t<\/td><\/tr><\/div><tr class=\"fila_tabla_precio\"><td class=\"nosepara izq\">Precio Prima Natural Ocaso<\/td><td class=\"nosepara centro\">1,44 \u20ac\/mes<\/td><td class=\"nosepara derecha\">\t\t\t\t\t\n\t\t\t\t\t\t<span class=\"\" style=\"cursor:pointer\" data-bs-toggle=\"modal\" data-bs-target=\"#comparadorModal\">Calcular<\/span>\t\t\t\t\n\t\t\t\t\t\n\t\t\t\t<\/td><\/tr><\/div><tr class=\"fila_tabla_precio\"><td class=\"nosepara izq\">Precio Prima Nivelada Ocaso<\/td><td class=\"nosepara centro\">1,48 \u20ac\/mes<\/td><td class=\"nosepara derecha\">\t\t\t\t\t\n\t\t\t\t\t\t<span class=\"\" style=\"cursor:pointer\" data-bs-toggle=\"modal\" data-bs-target=\"#comparadorModal\">Calcular<\/span>\t\t\t\t\n\t\t\t\t\t\n\t\t\t\t<\/td><\/tr><\/div><tr class=\"fila_tabla_precio\"><td class=\"nosepara izq\">Precio Prima Mixta Ocaso<\/td><td class=\"nosepara centro\">1,31 \u20ac\/mes<\/td><td class=\"nosepara derecha\">\t\t\t\t\t\n\t\t\t\t\t\t<span class=\"\" style=\"cursor:pointer\" data-bs-toggle=\"modal\" data-bs-target=\"#comparadorModal\">Calcular<\/span>\t\t\t\t\n\t\t\t\t\t\n\t\t\t\t<\/td><\/tr><\/div><tr class=\"fila_tabla_precio\"><td class=\"nosepara izq\">Precio Prima Seminatural Ocaso<\/td><td class=\"nosepara centro\">1,58 \u20ac\/mes<\/td><td class=\"nosepara derecha\">\t\t\t\t\t\n\t\t\t\t\t\t<span class=\"\" style=\"cursor:pointer\" data-bs-toggle=\"modal\" data-bs-target=\"#comparadorModal\">Calcular<\/span>\t\t\t\t\n\t\t\t\t\t\n\t\t\t\t<\/td><\/tr><\/div><tr class=\"fila_tabla_precio\"><td class=\"nosepara izq\">Precio con Repatriaci\u00f3n Ocaso<\/td><td class=\"nosepara centro\">0,97 \u20ac a la cuota<\/td><td class=\"nosepara derecha\">\t\t\t\t\t\n\t\t\t\t\t\t<span class=\"\" style=\"cursor:pointer\" data-bs-toggle=\"modal\" data-bs-target=\"#comparadorModal\">Calcular<\/span>\t\t\t\t\n\t\t\t\t\t\n\t\t\t\t<\/td><\/tr><\/div><tr class=\"fila_tabla_precio\"><td class=\"nosepara izq\">Precio Seguro Defunci\u00f3n Ocaso<\/td><td class=\"nosepara centro\">1,50 \u20ac\/mes<\/td><td class=\"nosepara derecha\">\t\t\t\t\t\n\t\t\t\t\t\t<span class=\"\" style=\"cursor:pointer\" data-bs-toggle=\"modal\" data-bs-target=\"#comparadorModal\">Calcular<\/span>\t\t\t\t\n\t\t\t\t\t\n\t\t\t\t<\/td><\/tr><\/div><tr class=\"fila_tabla_precio\"><td class=\"nosepara izq\">Precio Seguro Fallecimiento Ocaso<\/td><td class=\"nosepara centro\">1,63 \u20ac\/mes<\/td><td class=\"nosepara derecha\">\t\t\t\t\t\n\t\t\t\t\t\t<span class=\"\" style=\"cursor:pointer\" data-bs-toggle=\"modal\" data-bs-target=\"#comparadorModal\">Calcular<\/span>\t\t\t\t\n\t\t\t\t\t\n\t\t\t\t<\/td><\/tr><\/div><tr class=\"fila_tabla_precio\"><td class=\"nosepara izq\">Precio Seguro Muertos Ocaso<\/td><td class=\"nosepara centro\">1,61 \u20ac\/mes<\/td><td class=\"nosepara derecha\">\t\t\t\t\t\n\t\t\t\t\t\t<span class=\"\" style=\"cursor:pointer\" data-bs-toggle=\"modal\" data-bs-target=\"#comparadorModal\">Calcular<\/span>\t\t\t\t\n\t\t\t\t\t\n\t\t\t\t<\/td><\/tr><\/div><tr class=\"fila_tabla_precio\"><td class=\"nosepara izq\">Precio Asistencia Familiar Ocaso<\/td><td class=\"nosepara centro\">1,64 \u20ac\/mes<\/td><td class=\"nosepara derecha\">\t\t\t\t\t\n\t\t\t\t\t\t<span class=\"\" style=\"cursor:pointer\" data-bs-toggle=\"modal\" data-bs-target=\"#comparadorModal\">Calcular<\/span>\t\t\t\t\n\t\t\t\t\t\n\t\t\t\t<\/td><\/tr><\/div><\/tbody><\/table><\/div><\/p>\n<p>Aqu\u00ed abajo le mostramos una tabla con todas las tarifas de cada g\u00e9nero de prima que le brinda Ocaso con su seguro de decesos. Ocaso piensa en todos y cada cliente del servicio, por este motivo ha concebido estas primas para que pueda elegir la que m\u00e1s se amolde a . Estos son los diferentes g\u00e9neros de precios de las primas que brinda Ocaso.<br \/>\n<div class=\"colorf\"><div class=\"container clearfix\"><div class=\"col-md-7\"><\/p>\n<h3><span class=\"ez-toc-section\" id=\"%C2%BFCual_es_la_mejor_tarifa_de_seguros_de_Ocaso\"><\/span>\u00bfCu\u00e1l es la mejor tarifa de seguros de Ocaso ?<span class=\"ez-toc-section-end\"><\/span><\/h3>\n<p>El seguro de decesos Ocaso se diferencia en el mercado de las aseguradoras por tener una enorme pluralidad en cuesti\u00f3n de las tarifas de sus distintas p\u00f3lizas con diferentes modalidades de pagos. Ocaso se encargar\u00e1 de que todos se adapte a las circunstancias de cada uno de ellos de sus asegurados y que cuenten con las mejores coberturas y servicios. Puedes estar sosegado, Ocaso incluye unas garant\u00edas en cada una de sus cl\u00e1usulas a fin de que no te debas preocupar por nada.<br \/>\n<\/div><\/div><\/div><\/p>\n<h3><span class=\"ez-toc-section\" id=\"%C2%BFPuede_aumentar_precio_mensual_de_los_seguros_de_Ocaso\"><\/span>\u00bfPuede aumentar precio mensual de los seguros de Ocaso ?<span class=\"ez-toc-section-end\"><\/span><\/h3>\n<p>A continuaci\u00f3n le explicamos los diferentes g\u00e9neros de primas que existen. Ocaso tiene una gran variedad para que puedas seleccionar la que m\u00e1s se amolde a tus necesidades. En Espa\u00f1a, 9 de cada 10 asegurados en decesos se ha subscrito a un seguro con prima nivelada. <strong>\u2022 Prima \u00fanica:<\/strong> Con una sola aportaci\u00f3n en el pago, esta clase de primas acostumbran a ser contratadas por personas de edad avanzada que nunca antes han contratado un seguro. Esta prima cubre el fallecimiento de personas que han pasado la edad de jubilaci\u00f3n o bien que tengan la existencia de una enfermedad grave. No obstante, lo que pague desde la edad de su jubilaci\u00f3n se mantendr\u00e1 y no cambiar\u00e1 m\u00e1s en funci\u00f3n de su edad, aunque esta prima se caracteriza por ser incesante, puede padecer alg\u00fan cambio en sus pagos por la actualizaci\u00f3n de los capitales asegurados.<br \/>\n<strong>\u2022 Prima Natural:<\/strong> El pago de esta prima se actualiza anualmente. Este se calcula con los a\u00f1os que tiene en ese momento y lo equiparan con el incremento de fallecimiento que pueda tener con el paso del tiempo. Esto causa que cada a\u00f1o vaya subiendo su precio poco a poco.<\/p>\n<p><strong>\u2022 Prima Mixta:<\/strong> Esta prima es una combinaci\u00f3n de la Prima Nivelada y la Prima Natural.<\/p>\n<p>Da lo mismo la modalidad de prima que elija, que va a poder fraccionar el pago a lo que m\u00e1s le interese, o sea, si quiere pagarlo mes a mes, cada tres meses, cada seis meses, cada a\u00f1o o bien en una sola vez y esto no ver\u00e1 afectado a ninguna de las coberturas contratadas y con las tarifas m\u00e1s asequibles posibles.<br \/>\n<div class=\"colorf\"><div class=\"container clearfix\"><div class=\"col-md-7\"><\/p>\n<h3><span class=\"ez-toc-section\" id=\"%C2%BFEl_precio_de_seguros_de_decesos_Ocaso_sube_con_la_edad\"><\/span>\u00bfEl precio de seguros de decesos Ocaso sube con la edad?<span class=\"ez-toc-section-end\"><\/span><\/h3>\n<p>\u00bfA\u00fan est\u00e1 dudando sobre qu\u00e9 coberturas precisa o bien qu\u00e9 plan de precios seleccionar? Ocaso te ofrece un seguro de decesos de Prima \u00danica que le ayudar\u00e1 para que pueda vivir sosegado el resto de sus d\u00edas, se encargar\u00e1n ir agilizando todos y cada uno de los tr\u00e1mites de la mano de los mejores expertos que te ofrecer\u00e1n la mejor calidad de los servicios que haya contratado. Pueden existir fluctuaciones m\u00ednimos en las primas debido a la subida de precios de los elementos y servicios que componen la gesti\u00f3n completa del sepelio, y es esencial efectuar esta subida para que llegado el momento del siniestro los familiares no tengan que pagar nada. Es de manera directa proporcional el costo de la prima a las coberturas a\u00f1adidas que contrate y tipo de prima que escoja. Tiene la posibilidad de dividir el pago de la manera que le sea m\u00e1s conveniente a su econom\u00eda. Con Decesos miles y miles de clientes se han favorecido del servicio gratuito de nuestro comparador y asesores altamente especializados a fin de que le asistan a elegir el g\u00e9nero de prima, cobertura, y precio que m\u00e1s se amolde a su perfil con las empresas de seguros m\u00e1s renovadoras y s\u00f3lidas de Espa\u00f1a. Contratando con Ocaso deja todo resuelto a sus familiares, allegados y herederos de que cuando llegue su fallecimiento ellos no van a tener ninguna preocupaci\u00f3n econ\u00f3mica ni de organizaci\u00f3n de su entierro.<br \/>\n<\/div><\/div><\/div><\/p>\n<h3><span class=\"ez-toc-section\" id=\"Paginas_relacionadas\"><\/span>P\u00e1ginas relacionadas<span class=\"ez-toc-section-end\"><\/span><\/h3><div class=\"enlazado\"><ul> <li><a href=\"https:\/\/idecesos.com\/seguros\/companias\/ocaso\/coberturas\/\">Coberturas Seguro de Decesos Ocaso<\/a><\/li> <li><a href=\"https:\/\/idecesos.com\/seguros\/companias\/ocaso\/opiniones\/\">Opiniones Ocaso<\/a><\/li> <li><a href=\"https:\/\/idecesos.com\/seguros\/companias\/ocaso\/oro\/\">Ocaso Oro<\/a><\/li> <li><a href=\"https:\/\/idecesos.com\/seguros\/companias\/ocaso\/poliza\/\">P\u00f3liza Ocaso<\/a><\/li> <li><a href=\"https:\/\/idecesos.com\/seguros\/companias\/ocaso\/precio\/\">Precio seguro Ocaso<\/a><\/li> <li><a href=\"https:\/\/idecesos.com\/seguros\/companias\/ocaso\/prima-mixta\/\">Ocaso Prima Mixta<\/a><\/li> <li><a href=\"https:\/\/idecesos.com\/seguros\/companias\/ocaso\/prima-natural\/\">Ocaso Prima Natural<\/a><\/li> <li><a href=\"https:\/\/idecesos.com\/seguros\/companias\/ocaso\/prima-nivelada\/\">Ocaso Prima Nivelada<\/a><\/li> <li><a href=\"https:\/\/idecesos.com\/seguros\/companias\/ocaso\/prima-unica\/\">Ocaso Prima \u00danica<\/a><\/li> <li><a href=\"https:\/\/idecesos.com\/seguros\/companias\/ocaso\/repatriacion\/\">Ocaso Repatriaci\u00f3n<\/a><\/li> <li><a href=\"https:\/\/idecesos.com\/seguros\/companias\/ocaso\/telefono\/\">Tel\u00e9fono Gratuito Ocaso<\/a><\/li> <\/ul><\/div>\n","protected":false},"excerpt":{"rendered":"<p>El campo de los seguros es ampl\u00edsimo. Puedes localizar muchas aseguradoras, coberturas y precios diferentes. Es preciso ya antes de decidir por qu\u00e9 producto o compa\u00f1\u00eda seleccionar, estar informado de las distintas tarifas que ofrecen. No tiene que preocuparse por nada. En iDecesos le facilitaremos cada uno de los precios y diferentes modalidades de primas&hellip; <\/p>\n","protected":false},"author":1,"featured_media":17343,"parent":777,"menu_order":0,"comment_status":"closed","ping_status":"closed","template":"single.php","meta":{"footnotes":""},"class_list":["post-792","page","type-page","status-publish","has-post-thumbnail","hentry"],"yoast_head":"<!-- This site is optimized with the Yoast SEO plugin v27.5 - https:\/\/yoast.com\/product\/yoast-seo-wordpress\/ -->\n<title>Precio Seguro Decesos Ocaso \u25b7DTO 25% I Oferta 2026<\/title>\n<meta name=\"description\" content=\"Calcular aqu\u00ed\u3010precio seguro de decesos Ocaso\u3011Tarifas, oferta y descuento de seguro defunci\u00f3n Ocaso 2026 \u2611\ufe0fiDecesos\u00ae N\u00ba1 en ahorro\" \/>\n<meta name=\"robots\" content=\"index, follow, max-snippet:-1, max-image-preview:large, max-video-preview:-1\" \/>\n<link rel=\"canonical\" href=\"https:\/\/idecesos.com\/seguros\/companias\/ocaso\/precio\/\" \/>\n<meta property=\"og:locale\" content=\"es_ES\" \/>\n<meta property=\"og:type\" content=\"article\" \/>\n<meta property=\"og:title\" content=\"Precio Seguro Decesos Ocaso \u25b7DTO 25% I Oferta 2026\" \/>\n<meta property=\"og:description\" content=\"Calcular aqu\u00ed\u3010precio seguro de decesos Ocaso\u3011Tarifas, oferta y descuento de seguro defunci\u00f3n Ocaso 2026 \u2611\ufe0fiDecesos\u00ae N\u00ba1 en ahorro\" \/>\n<meta property=\"og:url\" content=\"https:\/\/idecesos.com\/seguros\/companias\/ocaso\/precio\/\" \/>\n<meta property=\"article:modified_time\" content=\"2022-03-10T11:25:38+00:00\" \/>\n<meta property=\"og:image\" content=\"https:\/\/idecesos.com\/seguros\/wp-content\/uploads\/2021\/12\/precio-2.jpg-13.jpeg\" \/>\n\t<meta property=\"og:image:width\" content=\"1500\" \/>\n\t<meta property=\"og:image:height\" content=\"559\" \/>\n\t<meta property=\"og:image:type\" content=\"image\/jpeg\" \/>\n<meta name=\"twitter:card\" content=\"summary_large_image\" \/>\n<meta name=\"twitter:label1\" content=\"Tiempo de lectura\" \/>\n\t<meta name=\"twitter:data1\" content=\"75 minutos\" \/>\n<script type=\"application\/ld+json\" class=\"yoast-schema-graph\">{\"@context\":\"https:\\\/\\\/schema.org\",\"@graph\":[{\"@type\":\"WebPage\",\"@id\":\"https:\\\/\\\/idecesos.com\\\/seguros\\\/companias\\\/ocaso\\\/precio\\\/\",\"url\":\"https:\\\/\\\/idecesos.com\\\/seguros\\\/companias\\\/ocaso\\\/precio\\\/\",\"name\":\"Precio Seguro Decesos Ocaso \u25b7DTO 25% I Oferta 2026\",\"isPartOf\":{\"@id\":\"https:\\\/\\\/idecesos.com\\\/seguros\\\/#website\"},\"primaryImageOfPage\":{\"@id\":\"https:\\\/\\\/idecesos.com\\\/seguros\\\/companias\\\/ocaso\\\/precio\\\/#primaryimage\"},\"image\":{\"@id\":\"https:\\\/\\\/idecesos.com\\\/seguros\\\/companias\\\/ocaso\\\/precio\\\/#primaryimage\"},\"thumbnailUrl\":\"https:\\\/\\\/idecesos.com\\\/seguros\\\/wp-content\\\/uploads\\\/2021\\\/12\\\/precio-2.jpg-13.jpeg\",\"datePublished\":\"2021-07-13T10:22:32+00:00\",\"dateModified\":\"2022-03-10T11:25:38+00:00\",\"description\":\"Calcular aqu\u00ed\u3010precio seguro de decesos Ocaso\u3011Tarifas, oferta y descuento de seguro defunci\u00f3n Ocaso 2026 \u2611\ufe0fiDecesos\u00ae N\u00ba1 en ahorro\",\"breadcrumb\":{\"@id\":\"https:\\\/\\\/idecesos.com\\\/seguros\\\/companias\\\/ocaso\\\/precio\\\/#breadcrumb\"},\"inLanguage\":\"es\",\"potentialAction\":[{\"@type\":\"ReadAction\",\"target\":[\"https:\\\/\\\/idecesos.com\\\/seguros\\\/companias\\\/ocaso\\\/precio\\\/\"]}]},{\"@type\":\"ImageObject\",\"inLanguage\":\"es\",\"@id\":\"https:\\\/\\\/idecesos.com\\\/seguros\\\/companias\\\/ocaso\\\/precio\\\/#primaryimage\",\"url\":\"https:\\\/\\\/idecesos.com\\\/seguros\\\/wp-content\\\/uploads\\\/2021\\\/12\\\/precio-2.jpg-13.jpeg\",\"contentUrl\":\"https:\\\/\\\/idecesos.com\\\/seguros\\\/wp-content\\\/uploads\\\/2021\\\/12\\\/precio-2.jpg-13.jpeg\",\"width\":1500,\"height\":559,\"caption\":\"Precio Ocaso\"},{\"@type\":\"BreadcrumbList\",\"@id\":\"https:\\\/\\\/idecesos.com\\\/seguros\\\/companias\\\/ocaso\\\/precio\\\/#breadcrumb\",\"itemListElement\":[{\"@type\":\"ListItem\",\"position\":1,\"name\":\"Portada\",\"item\":\"https:\\\/\\\/idecesos.com\\\/seguros\\\/\"},{\"@type\":\"ListItem\",\"position\":2,\"name\":\"Compa\u00f1\u00edas de Seguros de Decesos en Espa\u00f1a\",\"item\":\"https:\\\/\\\/idecesos.com\\\/seguros\\\/companias\\\/\"},{\"@type\":\"ListItem\",\"position\":3,\"name\":\"Seguro de Decesos Ocaso\",\"item\":\"https:\\\/\\\/idecesos.com\\\/seguros\\\/companias\\\/ocaso\\\/\"},{\"@type\":\"ListItem\",\"position\":4,\"name\":\"\u00bfCu\u00e1nto cuesta el seguro de decesos Ocaso?\"}]},{\"@type\":\"WebSite\",\"@id\":\"https:\\\/\\\/idecesos.com\\\/seguros\\\/#website\",\"url\":\"https:\\\/\\\/idecesos.com\\\/seguros\\\/\",\"name\":\"\",\"description\":\"\",\"potentialAction\":[{\"@type\":\"SearchAction\",\"target\":{\"@type\":\"EntryPoint\",\"urlTemplate\":\"https:\\\/\\\/idecesos.com\\\/seguros\\\/?s={search_term_string}\"},\"query-input\":{\"@type\":\"PropertyValueSpecification\",\"valueRequired\":true,\"valueName\":\"search_term_string\"}}],\"inLanguage\":\"es\"}]}<\/script>\n<!-- \/ Yoast SEO plugin. -->","yoast_head_json":{"title":"Precio Seguro Decesos Ocaso \u25b7DTO 25% I Oferta 2026","description":"Calcular aqu\u00ed\u3010precio seguro de decesos Ocaso\u3011Tarifas, oferta y descuento de seguro defunci\u00f3n Ocaso 2026 \u2611\ufe0fiDecesos\u00ae N\u00ba1 en ahorro","robots":{"index":"index","follow":"follow","max-snippet":"max-snippet:-1","max-image-preview":"max-image-preview:large","max-video-preview":"max-video-preview:-1"},"canonical":"https:\/\/idecesos.com\/seguros\/companias\/ocaso\/precio\/","og_locale":"es_ES","og_type":"article","og_title":"Precio Seguro Decesos Ocaso \u25b7DTO 25% I Oferta 2026","og_description":"Calcular aqu\u00ed\u3010precio seguro de decesos Ocaso\u3011Tarifas, oferta y descuento de seguro defunci\u00f3n Ocaso 2026 \u2611\ufe0fiDecesos\u00ae N\u00ba1 en ahorro","og_url":"https:\/\/idecesos.com\/seguros\/companias\/ocaso\/precio\/","article_modified_time":"2022-03-10T11:25:38+00:00","og_image":[{"width":1500,"height":559,"url":"https:\/\/idecesos.com\/seguros\/wp-content\/uploads\/2021\/12\/precio-2.jpg-13.jpeg","type":"image\/jpeg"}],"twitter_card":"summary_large_image","twitter_misc":{"Tiempo de lectura":"75 minutos"},"schema":{"@context":"https:\/\/schema.org","@graph":[{"@type":"WebPage","@id":"https:\/\/idecesos.com\/seguros\/companias\/ocaso\/precio\/","url":"https:\/\/idecesos.com\/seguros\/companias\/ocaso\/precio\/","name":"Precio Seguro Decesos Ocaso \u25b7DTO 25% I Oferta 2026","isPartOf":{"@id":"https:\/\/idecesos.com\/seguros\/#website"},"primaryImageOfPage":{"@id":"https:\/\/idecesos.com\/seguros\/companias\/ocaso\/precio\/#primaryimage"},"image":{"@id":"https:\/\/idecesos.com\/seguros\/companias\/ocaso\/precio\/#primaryimage"},"thumbnailUrl":"https:\/\/idecesos.com\/seguros\/wp-content\/uploads\/2021\/12\/precio-2.jpg-13.jpeg","datePublished":"2021-07-13T10:22:32+00:00","dateModified":"2022-03-10T11:25:38+00:00","description":"Calcular aqu\u00ed\u3010precio seguro de decesos Ocaso\u3011Tarifas, oferta y descuento de seguro defunci\u00f3n Ocaso 2026 \u2611\ufe0fiDecesos\u00ae N\u00ba1 en ahorro","breadcrumb":{"@id":"https:\/\/idecesos.com\/seguros\/companias\/ocaso\/precio\/#breadcrumb"},"inLanguage":"es","potentialAction":[{"@type":"ReadAction","target":["https:\/\/idecesos.com\/seguros\/companias\/ocaso\/precio\/"]}]},{"@type":"ImageObject","inLanguage":"es","@id":"https:\/\/idecesos.com\/seguros\/companias\/ocaso\/precio\/#primaryimage","url":"https:\/\/idecesos.com\/seguros\/wp-content\/uploads\/2021\/12\/precio-2.jpg-13.jpeg","contentUrl":"https:\/\/idecesos.com\/seguros\/wp-content\/uploads\/2021\/12\/precio-2.jpg-13.jpeg","width":1500,"height":559,"caption":"Precio Ocaso"},{"@type":"BreadcrumbList","@id":"https:\/\/idecesos.com\/seguros\/companias\/ocaso\/precio\/#breadcrumb","itemListElement":[{"@type":"ListItem","position":1,"name":"Portada","item":"https:\/\/idecesos.com\/seguros\/"},{"@type":"ListItem","position":2,"name":"Compa\u00f1\u00edas de Seguros de Decesos en Espa\u00f1a","item":"https:\/\/idecesos.com\/seguros\/companias\/"},{"@type":"ListItem","position":3,"name":"Seguro de Decesos Ocaso","item":"https:\/\/idecesos.com\/seguros\/companias\/ocaso\/"},{"@type":"ListItem","position":4,"name":"\u00bfCu\u00e1nto cuesta el seguro de decesos Ocaso?"}]},{"@type":"WebSite","@id":"https:\/\/idecesos.com\/seguros\/#website","url":"https:\/\/idecesos.com\/seguros\/","name":"","description":"","potentialAction":[{"@type":"SearchAction","target":{"@type":"EntryPoint","urlTemplate":"https:\/\/idecesos.com\/seguros\/?s={search_term_string}"},"query-input":{"@type":"PropertyValueSpecification","valueRequired":true,"valueName":"search_term_string"}}],"inLanguage":"es"}]}},"_links":{"self":[{"href":"https:\/\/idecesos.com\/seguros\/wp-json\/wp\/v2\/pages\/792","targetHints":{"allow":["GET"]}}],"collection":[{"href":"https:\/\/idecesos.com\/seguros\/wp-json\/wp\/v2\/pages"}],"about":[{"href":"https:\/\/idecesos.com\/seguros\/wp-json\/wp\/v2\/types\/page"}],"author":[{"embeddable":true,"href":"https:\/\/idecesos.com\/seguros\/wp-json\/wp\/v2\/users\/1"}],"replies":[{"embeddable":true,"href":"https:\/\/idecesos.com\/seguros\/wp-json\/wp\/v2\/comments?post=792"}],"version-history":[{"count":4,"href":"https:\/\/idecesos.com\/seguros\/wp-json\/wp\/v2\/pages\/792\/revisions"}],"predecessor-version":[{"id":20128,"href":"https:\/\/idecesos.com\/seguros\/wp-json\/wp\/v2\/pages\/792\/revisions\/20128"}],"up":[{"embeddable":true,"href":"https:\/\/idecesos.com\/seguros\/wp-json\/wp\/v2\/pages\/777"}],"wp:featuredmedia":[{"embeddable":true,"href":"https:\/\/idecesos.com\/seguros\/wp-json\/wp\/v2\/media\/17343"}],"wp:attachment":[{"href":"https:\/\/idecesos.com\/seguros\/wp-json\/wp\/v2\/media?parent=792"}],"curies":[{"name":"wp","href":"https:\/\/api.w.org\/{rel}","templated":true}]}}