{"id":794,"date":"2021-10-28T00:00:00","date_gmt":"2021-07-13T10:26:29","guid":{"rendered":"https:\/\/idecesos.com\/seguros\/?page_id=794"},"modified":"2022-01-03T12:31:12","modified_gmt":"2022-01-03T12:31:12","slug":"prima-unica","status":"publish","type":"page","link":"https:\/\/idecesos.com\/seguros\/companias\/ocaso\/prima-unica\/","title":{"rendered":"Seguro de decesos Ocaso Prima \u00danica"},"content":{"rendered":"<div id=\"ez-toc-container\" class=\"ez-toc-v2_0_82_2 ez-toc-wrap-center counter-hierarchy ez-toc-counter ez-toc-custom ez-toc-container-direction\">\n<div class=\"ez-toc-title-container\">\n<p class=\"ez-toc-title\" style=\"cursor:inherit\">Tabla de Contenido<\/p>\n<span class=\"ez-toc-title-toggle\"><a href=\"#\" class=\"ez-toc-pull-right ez-toc-btn ez-toc-btn-xs ez-toc-btn-default ez-toc-toggle\" aria-label=\"Alternar tabla de contenidos\"><span class=\"ez-toc-js-icon-con\"><span class=\"\"><span class=\"eztoc-hide\" style=\"display:none;\">Toggle<\/span><span class=\"ez-toc-icon-toggle-span\"><svg style=\"fill: #db6415;color:#db6415\" xmlns=\"http:\/\/www.w3.org\/2000\/svg\" class=\"list-377408\" width=\"20px\" height=\"20px\" viewBox=\"0 0 24 24\" fill=\"none\"><path d=\"M6 6H4v2h2V6zm14 0H8v2h12V6zM4 11h2v2H4v-2zm16 0H8v2h12v-2zM4 16h2v2H4v-2zm16 0H8v2h12v-2z\" fill=\"currentColor\"><\/path><\/svg><svg style=\"fill: #db6415;color:#db6415\" class=\"arrow-unsorted-368013\" xmlns=\"http:\/\/www.w3.org\/2000\/svg\" width=\"10px\" height=\"10px\" viewBox=\"0 0 24 24\" version=\"1.2\" baseProfile=\"tiny\"><path d=\"M18.2 9.3l-6.2-6.3-6.2 6.3c-.2.2-.3.4-.3.7s.1.5.3.7c.2.2.4.3.7.3h11c.3 0 .5-.1.7-.3.2-.2.3-.5.3-.7s-.1-.5-.3-.7zM5.8 14.7l6.2 6.3 6.2-6.3c.2-.2.3-.5.3-.7s-.1-.5-.3-.7c-.2-.2-.4-.3-.7-.3h-11c-.3 0-.5.1-.7.3-.2.2-.3.5-.3.7s.1.5.3.7z\"\/><\/svg><\/span><\/span><\/span><\/a><\/span><\/div>\n<nav><ul class='ez-toc-list ez-toc-list-level-1 ' ><li class='ez-toc-page-1 ez-toc-heading-level-2'><a class=\"ez-toc-link ez-toc-heading-1\" href=\"https:\/\/idecesos.com\/seguros\/companias\/ocaso\/prima-unica\/#Coberturas_seguro_Prima_Unica_Ocaso\" >Coberturas seguro Prima \u00danica Ocaso<\/a><ul class='ez-toc-list-level-3' ><li class='ez-toc-heading-level-3'><a class=\"ez-toc-link ez-toc-heading-2\" href=\"https:\/\/idecesos.com\/seguros\/companias\/ocaso\/prima-unica\/#%C2%BFA_quien_va_dirigido_el_seguro_de_decesos_Prima_Unica_de_Ocaso\" >\u00bfA qui\u00e9n va dirigido el seguro de decesos Prima \u00danica de Ocaso?<\/a><\/li><\/ul><\/li><li class='ez-toc-page-1 ez-toc-heading-level-2'><a class=\"ez-toc-link ez-toc-heading-3\" href=\"https:\/\/idecesos.com\/seguros\/companias\/ocaso\/prima-unica\/#Precio_de_seguro_de_decesos_Prima_Unica_Ocaso\" >Precio de seguro de decesos Prima \u00danica Ocaso<\/a><\/li><li class='ez-toc-page-1 ez-toc-heading-level-2'><a class=\"ez-toc-link ez-toc-heading-4\" href=\"https:\/\/idecesos.com\/seguros\/companias\/ocaso\/prima-unica\/#Productos_Prima_Unica_Ocaso\" >Productos Prima \u00danica Ocaso<\/a><\/li><li class='ez-toc-page-1 ez-toc-heading-level-2'><a class=\"ez-toc-link ez-toc-heading-5\" href=\"https:\/\/idecesos.com\/seguros\/companias\/ocaso\/prima-unica\/#Opiniones_del_seguro_de_decesos_de_Prima_Unica_de_Ocaso\" >Opiniones del seguro de decesos de Prima \u00danica de Ocaso<\/a><ul class='ez-toc-list-level-3' ><li class='ez-toc-heading-level-3'><a class=\"ez-toc-link ez-toc-heading-6\" href=\"https:\/\/idecesos.com\/seguros\/companias\/ocaso\/prima-unica\/#Paginas_relacionadas\" >P\u00e1ginas relacionadas<\/a><\/li><\/ul><\/li><\/ul><\/nav><\/div>\n<p><br \/>\nOcaso es el seguro perfecto para todas y cada una de las personas mayores ya que cuentan con un \u00fanico pago, por lo que en la p\u00f3liza cuenta con las garant\u00edas de que quede todo cubierto en el servicio funerario. El seguro de prima \u00fanica de Ocaso es el mejor del mercado que cuenta con todas y cada una de las garant\u00edas de solventar los tr\u00e1mites burocr\u00e1ticos y el servicio funerario al completo. <\/p>\n<p>Leer m\u00e1s: <a href=\"https:\/\/idecesos.com\/seguros\/tipo\/prima-unica\/\">Seguro de decesos Prima \u00danica<\/a><br \/>\n<div class=\"colorf \"  ><div class=\"container clearfix\"><div class=\"col-md-7\"><\/p>\n<h2><span class=\"ez-toc-section\" id=\"Coberturas_seguro_Prima_Unica_Ocaso\"><\/span>Coberturas seguro Prima \u00danica Ocaso<span class=\"ez-toc-section-end\"><\/span><\/h2>\n<p>Las primordiales coberturas del seguro de prima \u00fanica Ocaso son la administraci\u00f3n completa del sepelio y los tr\u00e1mites ante la administraci\u00f3n p\u00fablica en Espa\u00f1a para el correcto registro del fallecido. La gesti\u00f3n del sepelio garantiza desde el traslado, tanatorio, acto religioso, velatorio, flores, funeraria, esquela, cementerio, tambi\u00e9n la libre elecci\u00f3n de inhumaci\u00f3n o crematorio. Por otra parte, el servicio de asistencia de Ocaso efectuar\u00e1 la gesti\u00f3n del certificado m\u00e9dico de defunci\u00f3n, pago de tributos, inscripci\u00f3n en el Registro Civil del fallecido y dem\u00e1s burocracia. Se caracteriza por la asistencia de Ocaso que una vez te pongas en contacto con ellos, en inmediato se pondr\u00e1n a cubrir todo el proceso de sepelio dejando todo a cargo de los expertos sin que ocurra ninguna incidencia. Para mayor informaci\u00f3n debe consultar el condicionado general de la p\u00f3liza de prima \u00fanica de Ocaso donde indica con precisi\u00f3n las coberturas generales y particulares, y donde corroboraron la informaci\u00f3n ofrecida.<br \/>\n<\/div><\/div><\/div><\/p>\n<h3><span class=\"ez-toc-section\" id=\"%C2%BFA_quien_va_dirigido_el_seguro_de_decesos_Prima_Unica_de_Ocaso\"><\/span>\u00bfA qui\u00e9n va dirigido el seguro de decesos Prima \u00danica de Ocaso?<span class=\"ez-toc-section-end\"><\/span><\/h3>\n<p>En el rango de edad las personas de m\u00e1s de 70 a\u00f1os prefiere el seguro de prima \u00fanica de Ocaso por que cubre sus necesidades contando con \u00fanico pago de la prima, por lo que dejar\u00e1n todo solucionado y dando serenidad a su familia. Asimismo, el seguro de pago \u00fanico de Ocaso est\u00e1 enfocado para dar soluciones con m\u00e1s y menos posibilidades econ\u00f3micas, porque en el momento del fallecimiento y pese a tener dinero, el familiar no desea organizar, gestionar, tramitar cada uno de ellos de los servicios de un sepelio completo. El seguro de prima \u00fanica de Ocaso es la soluci\u00f3n m\u00e1s conveniente en ese instante puesto que acudiendo a ellos de manera telef\u00f3nica, se encargan de gestionarlo todo con inmediatez. Por otra parte, si no dispones de posibilidades econ\u00f3micas el seguro de prima \u00fanica de Ocaso ayuda a los familiares de reunir de forma anticipada entre todos y cada uno de los familiares la suma de la prima y dejarlo contratado, para que llegado el instante del fallecimiento del asegurado no deban buscar funeraria y negociar en un momento tan doloroso y con tanto desamparo.<br \/>\n<div class=\"colorf \"  ><div class=\"container clearfix\"><div class=\"col-md-7\"><\/p>\n<h2><span class=\"ez-toc-section\" id=\"Precio_de_seguro_de_decesos_Prima_Unica_Ocaso\"><\/span>Precio de seguro de decesos Prima \u00danica Ocaso<span class=\"ez-toc-section-end\"><\/span><\/h2>\n<p>El m\u00e1s conveniente de Ocaso el seguro de prima \u00fanica como el precio es de 3200\u20ac encargado del sepelio, aparte del asegurado en cuenta la edad y donde radique en el momento. En Ocaso el seguro de decesos de prima \u00fanica cuenta con un precio bastante econ\u00f3mico de todo el mercado de Espa\u00f1a. En Ocaso el seguro de prima \u00fanica, gracias a iDecesos vas a tener las mejores comparaciones del mercado.<br \/>\n<\/div><\/div><\/div><\/p>\n<h2><span class=\"ez-toc-section\" id=\"Productos_Prima_Unica_Ocaso\"><\/span>Productos Prima \u00danica Ocaso<span class=\"ez-toc-section-end\"><\/span><\/h2>\n<div class=\"colorf\"><div class=\"container clearfix\"><div class=\"col-md-7\"><div class=\"opiniones\">\n<h2><span class=\"ez-toc-section\" id=\"Opiniones_del_seguro_de_decesos_de_Prima_Unica_de_Ocaso\"><\/span>Opiniones del seguro de decesos de Prima \u00danica de Ocaso<span class=\"ez-toc-section-end\"><\/span><\/h2>\n<div class=\"opinion \"  >\n\t\t\t<div class=\"cabecera_opinion\">\n\t\t\t\t<div class=\"avatar\">J A N <\/div>\n\t\t\t\t<div class=\"datos_opinion\">\n\t\t\t\t\t<div class=\"nombre_opinion\">Jose Angel Narciso<\/div>\n\t\t\t\t\t<div class=\"info_opinion\">\t\t\t\t\t\t\n\t\t\t\t\t\t<div class=\"cuenta_opinion\"><i class=\"fas fa-pencil-alt\"><\/i><!--span class=\"dashicons dashicons-edit\" style=\"font-size:20px\"><\/span--><span>1 Opini\u00f3n<\/span><\/div>\t\t\t\t\t\t\n\t\t\t\t\t\t<div class=\"localizacion_opinion\">\n\t\t\t\t\t\t\t<i class=\"fas fa-map-marker-alt\"><\/i><!--span class=\"dashicons dashicons-location\" style=\"font-size:20px\"><\/span-->\n\t\t\t\t\t\t\t<span>ES<\/span>\n\t\t\t\t\t\t<\/div>\t\n\t\t\t\t\t<\/div>\n\t\t\t\t<\/div>\n\t\t\t<\/div><div class=\"texto_opinion\"><\/p>\n<p>Aconsejo el seguro de decesos de prima \u00fanica de Ocaso, lo contratamos para mi difunto padre y nos dieron un servicio muy apropiado.<\/p>\n<p><\/div><\/div>\n<div class=\"opinion \"  >\n\t\t\t<div class=\"cabecera_opinion\">\n\t\t\t\t<div class=\"avatar\">T R <\/div>\n\t\t\t\t<div class=\"datos_opinion\">\n\t\t\t\t\t<div class=\"nombre_opinion\">Tadeo Redondo<\/div>\n\t\t\t\t\t<div class=\"info_opinion\">\t\t\t\t\t\t\n\t\t\t\t\t\t<div class=\"cuenta_opinion\"><i class=\"fas fa-pencil-alt\"><\/i><!--span class=\"dashicons dashicons-edit\" style=\"font-size:20px\"><\/span--><span>1 Opini\u00f3n<\/span><\/div>\t\t\t\t\t\t\n\t\t\t\t\t\t<div class=\"localizacion_opinion\">\n\t\t\t\t\t\t\t<i class=\"fas fa-map-marker-alt\"><\/i><!--span class=\"dashicons dashicons-location\" style=\"font-size:20px\"><\/span-->\n\t\t\t\t\t\t\t<span>ES<\/span>\n\t\t\t\t\t\t<\/div>\t\n\t\t\t\t\t<\/div>\n\t\t\t\t<\/div>\n\t\t\t<\/div><div class=\"texto_opinion\"><\/p>\n<p>Me dieron el mejor servicio de prima \u00fanica de Ocaso en el instante que muri\u00f3 mi madre recib\u00ed todas y cada una de las coberturas que tienen, aparte de no ocurri\u00f3 ning\u00fan accidente.<br \/>\n<\/div><\/div>\n<div class=\"opinion \"  >\n\t\t\t<div class=\"cabecera_opinion\">\n\t\t\t\t<div class=\"avatar\">H P <\/div>\n\t\t\t\t<div class=\"datos_opinion\">\n\t\t\t\t\t<div class=\"nombre_opinion\">Hayd\u00e9e Pe\u00f1alver<\/div>\n\t\t\t\t\t<div class=\"info_opinion\">\t\t\t\t\t\t\n\t\t\t\t\t\t<div class=\"cuenta_opinion\"><i class=\"fas fa-pencil-alt\"><\/i><!--span class=\"dashicons dashicons-edit\" style=\"font-size:20px\"><\/span--><span>1 Opini\u00f3n<\/span><\/div>\t\t\t\t\t\t\n\t\t\t\t\t\t<div class=\"localizacion_opinion\">\n\t\t\t\t\t\t\t<i class=\"fas fa-map-marker-alt\"><\/i><!--span class=\"dashicons dashicons-location\" style=\"font-size:20px\"><\/span-->\n\t\t\t\t\t\t\t<span>ES<\/span>\n\t\t\t\t\t\t<\/div>\t\n\t\t\t\t\t<\/div>\n\t\t\t\t<\/div>\n\t\t\t<\/div><div class=\"texto_opinion\"><\/p>\n<p>En mi opini\u00f3n considero que es la que mejor precio ofrecen siendo tan asequibles.<\/p>\n<p><\/div><\/div>\n<\/div><\/div><\/div><\/div>\n<p><div class=\"oficinas\"><br \/>\n<h3><span class=\"ez-toc-section\" id=\"Paginas_relacionadas\"><\/span>P\u00e1ginas relacionadas<span class=\"ez-toc-section-end\"><\/span><\/h3><div class=\"enlazado\"><ul> <li><a href=\"https:\/\/idecesos.com\/seguros\/companias\/ocaso\/coberturas\/\">Coberturas Seguro de Decesos Ocaso<\/a><\/li> <li><a href=\"https:\/\/idecesos.com\/seguros\/companias\/ocaso\/opiniones\/\">Opiniones Ocaso<\/a><\/li> <li><a href=\"https:\/\/idecesos.com\/seguros\/companias\/ocaso\/oro\/\">Ocaso Oro<\/a><\/li> <li><a href=\"https:\/\/idecesos.com\/seguros\/companias\/ocaso\/poliza\/\">P\u00f3liza Ocaso<\/a><\/li> <li><a href=\"https:\/\/idecesos.com\/seguros\/companias\/ocaso\/precio\/\">Precio seguro Ocaso<\/a><\/li> <li><a href=\"https:\/\/idecesos.com\/seguros\/companias\/ocaso\/prima-mixta\/\">Ocaso Prima Mixta<\/a><\/li> <li><a href=\"https:\/\/idecesos.com\/seguros\/companias\/ocaso\/prima-natural\/\">Ocaso Prima Natural<\/a><\/li> <li><a href=\"https:\/\/idecesos.com\/seguros\/companias\/ocaso\/prima-nivelada\/\">Ocaso Prima Nivelada<\/a><\/li> <li><a href=\"https:\/\/idecesos.com\/seguros\/companias\/ocaso\/prima-unica\/\">Ocaso Prima \u00danica<\/a><\/li> <li><a href=\"https:\/\/idecesos.com\/seguros\/companias\/ocaso\/repatriacion\/\">Ocaso Repatriaci\u00f3n<\/a><\/li> <li><a href=\"https:\/\/idecesos.com\/seguros\/companias\/ocaso\/telefono\/\">Tel\u00e9fono Gratuito Ocaso<\/a><\/li> <\/ul><\/div><\/p>\n<\/div>\n","protected":false},"excerpt":{"rendered":"<p>Ocaso es el seguro perfecto para todas y cada una de las personas mayores ya que cuentan con un \u00fanico pago, por lo que en la p\u00f3liza cuenta con las garant\u00edas de que quede todo cubierto en el servicio funerario. El seguro de prima \u00fanica de Ocaso es el mejor del mercado que cuenta con&hellip; <\/p>\n","protected":false},"author":3,"featured_media":0,"parent":777,"menu_order":0,"comment_status":"closed","ping_status":"closed","template":"single.php","meta":{"footnotes":""},"class_list":["post-794","page","type-page","status-publish","hentry"],"yoast_head":"<!-- This site is optimized with the Yoast SEO plugin v27.2 - https:\/\/yoast.com\/product\/yoast-seo-wordpress\/ -->\n<title>Seguro Decesos Ocaso Prima \u00danica \u25b7 Opiniones y Precio 2026<\/title>\n<meta name=\"description\" content=\"Click aqu\u00ed \u3010Seguro de Decesos Prima \u00danica Ocaso\u3011 Mejores precios Ocaso seguro de fallecidos Prima \u00danica \u2611\ufe0f Actualizado por iDecesos\u00ae\" \/>\n<meta name=\"robots\" content=\"index, follow, max-snippet:-1, max-image-preview:large, max-video-preview:-1\" \/>\n<link rel=\"canonical\" href=\"https:\/\/idecesos.com\/seguros\/companias\/ocaso\/prima-unica\/\" \/>\n<meta property=\"og:locale\" content=\"es_ES\" \/>\n<meta property=\"og:type\" content=\"article\" \/>\n<meta property=\"og:title\" content=\"Seguro Decesos Ocaso Prima \u00danica \u25b7 Opiniones y Precio 2026\" \/>\n<meta property=\"og:description\" content=\"Click aqu\u00ed \u3010Seguro de Decesos Prima \u00danica Ocaso\u3011 Mejores precios Ocaso seguro de fallecidos Prima \u00danica \u2611\ufe0f Actualizado por iDecesos\u00ae\" \/>\n<meta property=\"og:url\" content=\"https:\/\/idecesos.com\/seguros\/companias\/ocaso\/prima-unica\/\" \/>\n<meta property=\"article:modified_time\" content=\"2022-01-03T12:31:12+00:00\" \/>\n<meta name=\"twitter:card\" content=\"summary_large_image\" \/>\n<meta name=\"twitter:label1\" content=\"Tiempo de lectura\" \/>\n\t<meta name=\"twitter:data1\" content=\"60 minutos\" \/>\n<script type=\"application\/ld+json\" class=\"yoast-schema-graph\">{\"@context\":\"https:\/\/schema.org\",\"@graph\":[{\"@type\":\"WebPage\",\"@id\":\"https:\/\/idecesos.com\/seguros\/companias\/ocaso\/prima-unica\/\",\"url\":\"https:\/\/idecesos.com\/seguros\/companias\/ocaso\/prima-unica\/\",\"name\":\"Seguro Decesos Ocaso Prima \u00danica \u25b7 Opiniones y Precio 2026\",\"isPartOf\":{\"@id\":\"https:\/\/idecesos.com\/seguros\/#website\"},\"datePublished\":\"2021-07-13T10:26:29+00:00\",\"dateModified\":\"2022-01-03T12:31:12+00:00\",\"description\":\"Click aqu\u00ed \u3010Seguro de Decesos Prima \u00danica Ocaso\u3011 Mejores precios Ocaso seguro de fallecidos Prima \u00danica \u2611\ufe0f Actualizado por iDecesos\u00ae\",\"breadcrumb\":{\"@id\":\"https:\/\/idecesos.com\/seguros\/companias\/ocaso\/prima-unica\/#breadcrumb\"},\"inLanguage\":\"es\",\"potentialAction\":[{\"@type\":\"ReadAction\",\"target\":[\"https:\/\/idecesos.com\/seguros\/companias\/ocaso\/prima-unica\/\"]}]},{\"@type\":\"BreadcrumbList\",\"@id\":\"https:\/\/idecesos.com\/seguros\/companias\/ocaso\/prima-unica\/#breadcrumb\",\"itemListElement\":[{\"@type\":\"ListItem\",\"position\":1,\"name\":\"Portada\",\"item\":\"https:\/\/idecesos.com\/seguros\/\"},{\"@type\":\"ListItem\",\"position\":2,\"name\":\"Compa\u00f1\u00edas de Seguros de Decesos en Espa\u00f1a\",\"item\":\"https:\/\/idecesos.com\/seguros\/companias\/\"},{\"@type\":\"ListItem\",\"position\":3,\"name\":\"Seguro de Decesos Ocaso\",\"item\":\"https:\/\/idecesos.com\/seguros\/companias\/ocaso\/\"},{\"@type\":\"ListItem\",\"position\":4,\"name\":\"Seguro de decesos Ocaso Prima \u00danica\"}]},{\"@type\":\"WebSite\",\"@id\":\"https:\/\/idecesos.com\/seguros\/#website\",\"url\":\"https:\/\/idecesos.com\/seguros\/\",\"name\":\"\",\"description\":\"\",\"potentialAction\":[{\"@type\":\"SearchAction\",\"target\":{\"@type\":\"EntryPoint\",\"urlTemplate\":\"https:\/\/idecesos.com\/seguros\/?s={search_term_string}\"},\"query-input\":{\"@type\":\"PropertyValueSpecification\",\"valueRequired\":true,\"valueName\":\"search_term_string\"}}],\"inLanguage\":\"es\"}]}<\/script>\n<!-- \/ Yoast SEO plugin. -->","yoast_head_json":{"title":"Seguro Decesos Ocaso Prima \u00danica \u25b7 Opiniones y Precio 2026","description":"Click aqu\u00ed \u3010Seguro de Decesos Prima \u00danica Ocaso\u3011 Mejores precios Ocaso seguro de fallecidos Prima \u00danica \u2611\ufe0f Actualizado por iDecesos\u00ae","robots":{"index":"index","follow":"follow","max-snippet":"max-snippet:-1","max-image-preview":"max-image-preview:large","max-video-preview":"max-video-preview:-1"},"canonical":"https:\/\/idecesos.com\/seguros\/companias\/ocaso\/prima-unica\/","og_locale":"es_ES","og_type":"article","og_title":"Seguro Decesos Ocaso Prima \u00danica \u25b7 Opiniones y Precio 2026","og_description":"Click aqu\u00ed \u3010Seguro de Decesos Prima \u00danica Ocaso\u3011 Mejores precios Ocaso seguro de fallecidos Prima \u00danica \u2611\ufe0f Actualizado por iDecesos\u00ae","og_url":"https:\/\/idecesos.com\/seguros\/companias\/ocaso\/prima-unica\/","article_modified_time":"2022-01-03T12:31:12+00:00","twitter_card":"summary_large_image","twitter_misc":{"Tiempo de lectura":"60 minutos"},"schema":{"@context":"https:\/\/schema.org","@graph":[{"@type":"WebPage","@id":"https:\/\/idecesos.com\/seguros\/companias\/ocaso\/prima-unica\/","url":"https:\/\/idecesos.com\/seguros\/companias\/ocaso\/prima-unica\/","name":"Seguro Decesos Ocaso Prima \u00danica \u25b7 Opiniones y Precio 2026","isPartOf":{"@id":"https:\/\/idecesos.com\/seguros\/#website"},"datePublished":"2021-07-13T10:26:29+00:00","dateModified":"2022-01-03T12:31:12+00:00","description":"Click aqu\u00ed \u3010Seguro de Decesos Prima \u00danica Ocaso\u3011 Mejores precios Ocaso seguro de fallecidos Prima \u00danica \u2611\ufe0f Actualizado por iDecesos\u00ae","breadcrumb":{"@id":"https:\/\/idecesos.com\/seguros\/companias\/ocaso\/prima-unica\/#breadcrumb"},"inLanguage":"es","potentialAction":[{"@type":"ReadAction","target":["https:\/\/idecesos.com\/seguros\/companias\/ocaso\/prima-unica\/"]}]},{"@type":"BreadcrumbList","@id":"https:\/\/idecesos.com\/seguros\/companias\/ocaso\/prima-unica\/#breadcrumb","itemListElement":[{"@type":"ListItem","position":1,"name":"Portada","item":"https:\/\/idecesos.com\/seguros\/"},{"@type":"ListItem","position":2,"name":"Compa\u00f1\u00edas de Seguros de Decesos en Espa\u00f1a","item":"https:\/\/idecesos.com\/seguros\/companias\/"},{"@type":"ListItem","position":3,"name":"Seguro de Decesos Ocaso","item":"https:\/\/idecesos.com\/seguros\/companias\/ocaso\/"},{"@type":"ListItem","position":4,"name":"Seguro de decesos Ocaso Prima \u00danica"}]},{"@type":"WebSite","@id":"https:\/\/idecesos.com\/seguros\/#website","url":"https:\/\/idecesos.com\/seguros\/","name":"","description":"","potentialAction":[{"@type":"SearchAction","target":{"@type":"EntryPoint","urlTemplate":"https:\/\/idecesos.com\/seguros\/?s={search_term_string}"},"query-input":{"@type":"PropertyValueSpecification","valueRequired":true,"valueName":"search_term_string"}}],"inLanguage":"es"}]}},"_links":{"self":[{"href":"https:\/\/idecesos.com\/seguros\/wp-json\/wp\/v2\/pages\/794","targetHints":{"allow":["GET"]}}],"collection":[{"href":"https:\/\/idecesos.com\/seguros\/wp-json\/wp\/v2\/pages"}],"about":[{"href":"https:\/\/idecesos.com\/seguros\/wp-json\/wp\/v2\/types\/page"}],"author":[{"embeddable":true,"href":"https:\/\/idecesos.com\/seguros\/wp-json\/wp\/v2\/users\/3"}],"replies":[{"embeddable":true,"href":"https:\/\/idecesos.com\/seguros\/wp-json\/wp\/v2\/comments?post=794"}],"version-history":[{"count":3,"href":"https:\/\/idecesos.com\/seguros\/wp-json\/wp\/v2\/pages\/794\/revisions"}],"predecessor-version":[{"id":12772,"href":"https:\/\/idecesos.com\/seguros\/wp-json\/wp\/v2\/pages\/794\/revisions\/12772"}],"up":[{"embeddable":true,"href":"https:\/\/idecesos.com\/seguros\/wp-json\/wp\/v2\/pages\/777"}],"wp:attachment":[{"href":"https:\/\/idecesos.com\/seguros\/wp-json\/wp\/v2\/media?parent=794"}],"curies":[{"name":"wp","href":"https:\/\/api.w.org\/{rel}","templated":true}]}}