{"id":803,"date":"2021-07-13T10:49:51","date_gmt":"2021-07-13T10:49:51","guid":{"rendered":"https:\/\/idecesos.com\/seguros\/?page_id=803"},"modified":"2022-01-17T09:39:01","modified_gmt":"2022-01-17T09:39:01","slug":"venezuela","status":"publish","type":"page","link":"https:\/\/idecesos.com\/seguros\/paises\/venezuela\/","title":{"rendered":"Seguro Decesos para Venezuela"},"content":{"rendered":"<div id=\"ez-toc-container\" class=\"ez-toc-v2_0_82_2 ez-toc-wrap-center counter-hierarchy ez-toc-counter ez-toc-custom ez-toc-container-direction\">\n<div class=\"ez-toc-title-container\">\n<p class=\"ez-toc-title\" style=\"cursor:inherit\">Tabla de Contenido<\/p>\n<span class=\"ez-toc-title-toggle\"><a href=\"#\" class=\"ez-toc-pull-right ez-toc-btn ez-toc-btn-xs ez-toc-btn-default ez-toc-toggle\" aria-label=\"Alternar tabla de contenidos\"><span class=\"ez-toc-js-icon-con\"><span class=\"\"><span class=\"eztoc-hide\" style=\"display:none;\">Toggle<\/span><span class=\"ez-toc-icon-toggle-span\"><svg style=\"fill: #db6415;color:#db6415\" xmlns=\"http:\/\/www.w3.org\/2000\/svg\" class=\"list-377408\" width=\"20px\" height=\"20px\" viewBox=\"0 0 24 24\" fill=\"none\"><path d=\"M6 6H4v2h2V6zm14 0H8v2h12V6zM4 11h2v2H4v-2zm16 0H8v2h12v-2zM4 16h2v2H4v-2zm16 0H8v2h12v-2z\" fill=\"currentColor\"><\/path><\/svg><svg style=\"fill: #db6415;color:#db6415\" class=\"arrow-unsorted-368013\" xmlns=\"http:\/\/www.w3.org\/2000\/svg\" width=\"10px\" height=\"10px\" viewBox=\"0 0 24 24\" version=\"1.2\" baseProfile=\"tiny\"><path d=\"M18.2 9.3l-6.2-6.3-6.2 6.3c-.2.2-.3.4-.3.7s.1.5.3.7c.2.2.4.3.7.3h11c.3 0 .5-.1.7-.3.2-.2.3-.5.3-.7s-.1-.5-.3-.7zM5.8 14.7l6.2 6.3 6.2-6.3c.2-.2.3-.5.3-.7s-.1-.5-.3-.7c-.2-.2-.4-.3-.7-.3h-11c-.3 0-.5.1-.7.3-.2.2-.3.5-.3.7s.1.5.3.7z\"\/><\/svg><\/span><\/span><\/span><\/a><\/span><\/div>\n<nav><ul class='ez-toc-list ez-toc-list-level-1 ' ><li class='ez-toc-page-1 ez-toc-heading-level-2'><a class=\"ez-toc-link ez-toc-heading-1\" href=\"https:\/\/idecesos.com\/seguros\/paises\/venezuela\/#Comparador_seguros_de_decesos_para_Venezuela\" >Comparador seguros de decesos para Venezuela<\/a><\/li><li class='ez-toc-page-1 ez-toc-heading-level-2'><a class=\"ez-toc-link ez-toc-heading-2\" href=\"https:\/\/idecesos.com\/seguros\/paises\/venezuela\/#Coberturas_de_los_seguros_de_decesos_para_Venezuela\" >Coberturas de los seguros de decesos para Venezuela<\/a><\/li><li class='ez-toc-page-1 ez-toc-heading-level-2'><a class=\"ez-toc-link ez-toc-heading-3\" href=\"https:\/\/idecesos.com\/seguros\/paises\/venezuela\/#Ventajas_de_contratar_un_seguro_de_decesos_para_Venezuela\" >Ventajas de contratar un seguro de decesos para Venezuela<\/a><\/li><li class='ez-toc-page-1 ez-toc-heading-level-2'><a class=\"ez-toc-link ez-toc-heading-4\" href=\"https:\/\/idecesos.com\/seguros\/paises\/venezuela\/#Precios_de_seguros_de_decesos_para_Venezuela\" >Precios de seguros de decesos para Venezuela<\/a><ul class='ez-toc-list-level-3' ><li class='ez-toc-heading-level-3'><a class=\"ez-toc-link ez-toc-heading-5\" href=\"https:\/\/idecesos.com\/seguros\/paises\/venezuela\/#Paginas_relacionadas\" >P\u00e1ginas relacionadas<\/a><\/li><\/ul><\/li><\/ul><\/nav><\/div>\n\r\n<p>Uno de los servicios m\u00e1s elevados tras la defunci\u00f3n de una persona es sin duda, la repatriaci\u00f3n. En este art\u00edculo, vamos a intentar que conozcas un poco m\u00e1s sobre los seguros de decesos con repatriaci\u00f3n. As\u00ed, <strong>podr\u00e1s vivir mucho m\u00e1s tranquilo y le proporcionar\u00e1s un mayor bienestar a tus familiares<\/strong> al no tener que hacer frente a los tr\u00e1mites y gastos relacionados con tu repatriaci\u00f3n a Venezuela.<\/p>\r\n<div class=\"colorf\"><div class=\"container clearfix\"><div class=\"col-md-7\">\r\n<p>El n\u00famero de personas extranjeras que viven en Espa\u00f1a ha ido aumentando con los a\u00f1os. Actualmente, no es complicado <strong>encontrarnos con personas con nacionalidades venezolanas, argentinas, o de pa\u00edses de Europa.<\/strong><\/p>\r\n<p>As\u00ed, los datos muestran que de los 47 millones de personas que viven en Espa\u00f1a, el 12,9% son personas de otros pa\u00edses. Ante esta situaci\u00f3n, muchas compa\u00f1\u00edas de seguros han ido <strong>desarrollando nuevos productos y servicios para cubrir las necesidades de todas ellas.<\/strong><\/p>\r\n<\/div><\/div><\/div>\r\n<p>En Espa\u00f1a, hay unas 415.000 personas procedentes de Venezuela. Personas que vinieron a nuestro pa\u00eds en busca de nuevas oportunidades o atra\u00eddas por nuestra gastronom\u00eda. Sin embargo, muchas de ellas comienzan a preguntarse c\u00f3mo ser\u00e1 el <strong>proceso de repatriaci\u00f3n a su pa\u00eds de origen en el momento de su defunci\u00f3n.<\/strong> Un tr\u00e1mite que en ocasiones muchas familias no pueden hacer frente.<\/p>\r\n<p>Por ello, las diferentes aseguradoras han ido renov\u00e1ndose y especializ\u00e1ndose para ofrecer un buen servicio a estas personas. As\u00ed, <strong>incluyendo el servicio de repatriaci\u00f3n, no habr\u00eda ning\u00fan problema.<\/strong><\/p>\r\n<div class=\"colorf\"><div class=\"container clearfix\"><div class=\"col-md-7\"><div class=\"tipos\"><svg id=\"stars\" style=\"display: none;\" version=\"1.1\">\n\t<symbol id=\"stars-full-star\" viewBox=\"0 0 102 18\">\n\t\t<path d=\"M9.5 14.25l-5.584 2.936 1.066-6.218L.465 6.564l6.243-.907L9.5 0l2.792 5.657 6.243.907-4.517 4.404 1.066 6.218\" \/>\n\t<\/symbol>\n\n\t<symbol id=\"stars-half-star\" viewBox=\"0 0 102 18\">\n\t\t<path d=\"M9.5 14.25l-5.584 2.936 1.066-6.218L.465 6.564l6.243-.907L9.5 0l2.792\" fill=\"#ffdc0f\" \/>\n\t<\/symbol>\n\n\t<symbol id=\"stars-all-star\" viewBox=\"0 0 102 18\">\n\t\t<use xlink:href=\"#stars-full-star\" \/>\n\t\t<use xlink:href=\"#stars-full-star\" transform=\"translate(21)\" \/>\n\t\t<use xlink:href=\"#stars-full-star\" transform=\"translate(42)\" \/>\n\t\t<use xlink:href=\"#stars-full-star\" transform=\"translate(63)\" \/>\n\t\t<use xlink:href=\"#stars-full-star\" transform=\"translate(84)\" \/>\n\t<\/symbol>\n\n\t<symbol id=\"stars-0\" viewBox=\"0 0 102 18\">\n\t\t<use xlink:href=\"#stars-all-star\" fill=\"#e5e5e5\" \/>\n\t<\/symbol>\n\n\t<symbol id=\"stars-1\" viewBox=\"0 0 102 18\">\n\t\t<use xlink:href=\"#stars-0\" \/>\n\t\t<use xlink:href=\"#stars-half-star\" \/>\n\t<\/symbol>\n\n\t<symbol id=\"stars-2\" viewBox=\"0 0 102 18\">\n\t\t<use xlink:href=\"#stars-0\" \/>\n\t\t<use xlink:href=\"#stars-full-star\" fill=\"#ffdc0f\" \/>\n\t<\/symbol>\n\n\t<symbol id=\"stars-3\" viewBox=\"0 0 102 18\">\n\t\t<use xlink:href=\"#stars-2\" \/>\n\t\t<use xlink:href=\"#stars-half-star\" transform=\"translate(21)\" \/>\n\t<\/symbol>\n\n\t<symbol id=\"stars-4\" viewBox=\"0 0 102 18\">\n\t\t<use xlink:href=\"#stars-2\" \/>\n\t\t<use xlink:href=\"#stars-full-star\" fill=\"#ffdc0f\" transform=\"translate(21)\" \/>\n\t<\/symbol>\n\n\t<symbol id=\"stars-5\" viewBox=\"0 0 102 18\">\n\t\t<use xlink:href=\"#stars-4\" \/>\n\t\t<use xlink:href=\"#stars-half-star\" transform=\"translate(42)\" \/>\n\t<\/symbol>\n\n\t<symbol id=\"stars-6\" viewBox=\"0 0 102 18\">\n\t\t<use xlink:href=\"#stars-4\" \/>\n\t\t<use xlink:href=\"#stars-full-star\" fill=\"#ffdc0f\" transform=\"translate(42)\" \/>\n\t<\/symbol>\n\n\t<symbol id=\"stars-7\" viewBox=\"0 0 102 18\">\n\t\t<use xlink:href=\"#stars-6\" \/>\n\t\t<use xlink:href=\"#stars-half-star\" transform=\"translate(63)\" \/>\n\t<\/symbol>\n\n\t<symbol id=\"stars-8\" viewBox=\"0 0 102 18\">\n\t\t<use xlink:href=\"#stars-6\" \/>\n\t\t<use xlink:href=\"#stars-full-star\" fill=\"#ffdc0f\" transform=\"translate(63)\" \/>\n\t<\/symbol>\n\n\t<symbol id=\"stars-9\" viewBox=\"0 0 102 18\">\n\t\t<use xlink:href=\"#stars-8\" \/>\n\t\t<use xlink:href=\"#stars-half-star\" transform=\"translate(84)\" \/>\n\t<\/symbol>\n\n\t<symbol id=\"stars-10\" viewBox=\"0 0 102 18\">\n\t\t<use xlink:href=\"#stars-all-star\" fill=\"#ffdc0f\" \/>\n\t<\/symbol>\n<\/svg>\n\r\n<h2><span class=\"ez-toc-section\" id=\"Comparador_seguros_de_decesos_para_Venezuela\"><\/span>Comparador seguros de decesos para Venezuela<span class=\"ez-toc-section-end\"><\/span><\/h2>\r\n<p>Comenzar a investigar sobre los seguros de decesos con repatriaci\u00f3n puede ser una tarea que nos requiera de mucho tiempo al haber muchas aseguradoras que incluyen en este servicio.<\/p>\r\n<p>Por ello, en nuestra p\u00e1gina web de iDecesos, queremos que esta tarea te resulte mucho m\u00e1s sencilla y por eso <strong>ponemos a tu disposici\u00f3n nuestro comparador de seguros de decesos.<\/strong><\/p>\r\n<p>Debes rellenar los datos que te piden, nombre, edad y localidad de residencia. As\u00ed, la b\u00fasqueda ser\u00e1 <strong>mucho m\u00e1s personalizada y podr\u00e1s encontrar el mejor seguro adaptado a ti.<\/strong><\/p>\r\n<p>Podr\u00e1s encontrar tu p\u00f3liza de decesos con las mejores coberturas y al mejor precio.<\/p>\r\n<div class=\"colorf\"><div class=\"container clearfix\"><div class=\"col-md-7\"><div class=\"tipos\"><svg id=\"stars\" style=\"display: none;\" version=\"1.1\">\n\t<symbol id=\"stars-full-star\" viewBox=\"0 0 102 18\">\n\t\t<path d=\"M9.5 14.25l-5.584 2.936 1.066-6.218L.465 6.564l6.243-.907L9.5 0l2.792 5.657 6.243.907-4.517 4.404 1.066 6.218\" \/>\n\t<\/symbol>\n\n\t<symbol id=\"stars-half-star\" viewBox=\"0 0 102 18\">\n\t\t<path d=\"M9.5 14.25l-5.584 2.936 1.066-6.218L.465 6.564l6.243-.907L9.5 0l2.792\" fill=\"#ffdc0f\" \/>\n\t<\/symbol>\n\n\t<symbol id=\"stars-all-star\" viewBox=\"0 0 102 18\">\n\t\t<use xlink:href=\"#stars-full-star\" \/>\n\t\t<use xlink:href=\"#stars-full-star\" transform=\"translate(21)\" \/>\n\t\t<use xlink:href=\"#stars-full-star\" transform=\"translate(42)\" \/>\n\t\t<use xlink:href=\"#stars-full-star\" transform=\"translate(63)\" \/>\n\t\t<use xlink:href=\"#stars-full-star\" transform=\"translate(84)\" \/>\n\t<\/symbol>\n\n\t<symbol id=\"stars-0\" viewBox=\"0 0 102 18\">\n\t\t<use xlink:href=\"#stars-all-star\" fill=\"#e5e5e5\" \/>\n\t<\/symbol>\n\n\t<symbol id=\"stars-1\" viewBox=\"0 0 102 18\">\n\t\t<use xlink:href=\"#stars-0\" \/>\n\t\t<use xlink:href=\"#stars-half-star\" \/>\n\t<\/symbol>\n\n\t<symbol id=\"stars-2\" viewBox=\"0 0 102 18\">\n\t\t<use xlink:href=\"#stars-0\" \/>\n\t\t<use xlink:href=\"#stars-full-star\" fill=\"#ffdc0f\" \/>\n\t<\/symbol>\n\n\t<symbol id=\"stars-3\" viewBox=\"0 0 102 18\">\n\t\t<use xlink:href=\"#stars-2\" \/>\n\t\t<use xlink:href=\"#stars-half-star\" transform=\"translate(21)\" \/>\n\t<\/symbol>\n\n\t<symbol id=\"stars-4\" viewBox=\"0 0 102 18\">\n\t\t<use xlink:href=\"#stars-2\" \/>\n\t\t<use xlink:href=\"#stars-full-star\" fill=\"#ffdc0f\" transform=\"translate(21)\" \/>\n\t<\/symbol>\n\n\t<symbol id=\"stars-5\" viewBox=\"0 0 102 18\">\n\t\t<use xlink:href=\"#stars-4\" \/>\n\t\t<use xlink:href=\"#stars-half-star\" transform=\"translate(42)\" \/>\n\t<\/symbol>\n\n\t<symbol id=\"stars-6\" viewBox=\"0 0 102 18\">\n\t\t<use xlink:href=\"#stars-4\" \/>\n\t\t<use xlink:href=\"#stars-full-star\" fill=\"#ffdc0f\" transform=\"translate(42)\" \/>\n\t<\/symbol>\n\n\t<symbol id=\"stars-7\" viewBox=\"0 0 102 18\">\n\t\t<use xlink:href=\"#stars-6\" \/>\n\t\t<use xlink:href=\"#stars-half-star\" transform=\"translate(63)\" \/>\n\t<\/symbol>\n\n\t<symbol id=\"stars-8\" viewBox=\"0 0 102 18\">\n\t\t<use xlink:href=\"#stars-6\" \/>\n\t\t<use xlink:href=\"#stars-full-star\" fill=\"#ffdc0f\" transform=\"translate(63)\" \/>\n\t<\/symbol>\n\n\t<symbol id=\"stars-9\" viewBox=\"0 0 102 18\">\n\t\t<use xlink:href=\"#stars-8\" \/>\n\t\t<use xlink:href=\"#stars-half-star\" transform=\"translate(84)\" \/>\n\t<\/symbol>\n\n\t<symbol id=\"stars-10\" viewBox=\"0 0 102 18\">\n\t\t<use xlink:href=\"#stars-all-star\" fill=\"#ffdc0f\" \/>\n\t<\/symbol>\n<\/svg>\n\r\n<!-- \/wp:post-content -->\r\n\r\n<!-- wp:paragraph \/-->\r\n\r\n<!-- wp:paragraph \/-->\r\n\r\n<!-- wp:paragraph \/-->\r\n\r\n<!-- wp:paragraph \/-->\r\n\r\n<!-- wp:paragraph -->\r\n<h2><span class=\"ez-toc-section\" id=\"Coberturas_de_los_seguros_de_decesos_para_Venezuela\"><\/span>Coberturas de los seguros de decesos para Venezuela<span class=\"ez-toc-section-end\"><\/span><\/h2>\r\n<p>Como hemos ido nombrando, podemos encontrar diferentes compa\u00f1\u00edas que ofrecen seguros de decesos con repatriaci\u00f3n. Cualquier persona, sea de la nacionalidad que sea, puede informarse sobre estos seguros para que en el caso de fallecimiento, <strong>puedan ser trasladados a su pa\u00eds de origen<\/strong>.<\/p>\r\n<p>Cuando la persona fallece en Espa\u00f1a, todo el servicio f\u00fanebre quedar\u00e1 cubierto incluida la repatriaci\u00f3n. Adem\u00e1s, no solo contar\u00e1s con coberturas en el momento de la defunci\u00f3n, tambi\u00e9n podr\u00e1s disfrutar de amplias coberturas en vida como: <strong>servicios dentales y de salud, borrado de la huella digital o testamento online.<\/strong><\/p>\r\n<div class=\"tipo2 \"  ><div class=\"cuadro_tipo\"><div class=\"tipo_icon\"><i class=\"fas fa-cubes\"><\/i><!--span class=\"dashicons dashicons-image-filter\"><\/span--><\/div><div class=\"titulo_tipo titulo\">Coberturas Obligatorias<\/div><div class=\"texto_tipo\">\r\n<ul>\r\n<li><span style=\"font-weight: 400;\">Servicio f\u00fanebre completo<\/span><\/li>\r\n<li><span style=\"font-weight: 400;\">Traslado y libre elecci\u00f3n de cementerio<\/span><\/li>\r\n<li><span style=\"font-weight: 400;\">Tr\u00e1mites de gestor\u00eda<\/span><\/li>\r\n<li><span style=\"font-weight: 400;\">Asistencia en viajes<\/span><\/li>\r\n<\/ul>\r\n<p><\/div><hr>Valoraci\u00f3n en iDecesos.com<div class=\"tipo_estrellas\">\n\t\t\t<svg class=\"icon\">\t\t<use xlink:href=\"#stars-9\">\t<\/svg>\n\t\t\t<!--img src=\"https:\/\/idecesos.com\/img\/stars_9.png\" alt=\"9\/10\" style=\"height:auto; width:120px; color:white; font-weight:700; box-sizing:border-box; border:0; vertical-align: middle;  \"-->\n\t\t\t<\/div><hr><div class=\"enlace_tipo\"><button type=\"button\" class=\"\" data-bs-toggle=\"modal\" data-bs-target=\"#comparadorModal\">\n\t\t\t\t\t\t<span class=\"\">Ver Precios<\/span>\t\t\t\t\n\t\t\t\t\t<\/button><\/div><\/div><\/div> <div class=\"tipo2 \"  ><div class=\"cuadro_tipo\"><div class=\"tipo_icon\"><i class=\"fas fa-cubes\"><\/i><!--span class=\"dashicons dashicons-image-filter\"><\/span--><\/div><div class=\"titulo_tipo titulo\">Coberturas Opcionales<\/div><div class=\"texto_tipo\"><\/p>\r\n<ul>\r\n<li><span style=\"font-weight: 400;\">Accidentes<\/span><\/li>\r\n<li><span style=\"font-weight: 400;\">Servicios dentales<\/span><\/li>\r\n<li><span style=\"font-weight: 400;\">Indemnizaci\u00f3n por hospitalizaci\u00f3n<\/span><\/li>\r\n<li>Servicio de cremaci\u00f3n<\/li>\r\n<li><span style=\"font-weight: 400;\">Ayuda psicol\u00f3gica<\/span><\/li>\r\n<li><span style=\"font-weight: 400;\">Segundo diagn\u00f3stico m\u00e9dico<\/span><\/li>\r\n<\/ul>\r\n<p><\/div><hr>Valoraci\u00f3n en iDecesos.com<div class=\"tipo_estrellas\">\n\t\t\t<svg class=\"icon\">\t\t<use xlink:href=\"#stars-10\">\t<\/svg>\n\t\t\t<!--img src=\"https:\/\/idecesos.com\/img\/stars_10.png\" alt=\"10\/10\" style=\"height:auto; width:120px; color:white; font-weight:700; box-sizing:border-box; border:0; vertical-align: middle;  \"-->\n\t\t\t<\/div><hr><div class=\"enlace_tipo\"><button type=\"button\" class=\"\" data-bs-toggle=\"modal\" data-bs-target=\"#comparadorModal\">\n\t\t\t\t\t\t<span class=\"\">Ver Precios<\/span>\t\t\t\t\n\t\t\t\t\t<\/button><\/div><\/div><\/div><\/p>\r\n<p>Entre las compa\u00f1\u00edas que ofrecen seguros de decesos con repatriaci\u00f3n encontramos: Caser Seguros, Adeslas, Fiatc o Helvetia. Sin embargo, nuestra recomendaci\u00f3n, es que uses el <strong>comparador de iDecesos<\/strong> para conocer cu\u00e1l es el seguro que mejor se adapta a ti y a tus necesidades.<\/p>\r\n<p>Estos seguros de decesos tienen coberturas principales dise\u00f1adas para ofrecer un servicio f\u00fanebre completo. Esto permitir\u00e1 a los familiares estar mucho <strong>m\u00e1s tranquilos en estos duros momentos.<\/strong><\/p>\r\n<p>Adem\u00e1s, entre las coberturas complementarias encontrar\u00e1s servicios dentales o el billete de ida y vuelta para un acompa\u00f1ante. <strong>Siempre podr\u00e1s elegir aquellas que m\u00e1s te interesen a ti y a los tuyos.<\/strong><\/p>\r\n<\/div><\/div><\/div><\/div>\r\n<h2><span class=\"ez-toc-section\" id=\"Ventajas_de_contratar_un_seguro_de_decesos_para_Venezuela\"><\/span>Ventajas de contratar un seguro de decesos para Venezuela<span class=\"ez-toc-section-end\"><\/span><\/h2>\r\n<p>\u00bfConoces las ventajas de contar con un seguro de decesos con repatriaci\u00f3n? Cada vez son m\u00e1s personas las que se informan de ellos para asegurar su futuro y su bienestar. Con tu seguro de decesos te despreocupar\u00e1s por todo. <strong>Todos los tr\u00e1mites y gastos estar\u00e1n cubiertos por la aseguradora.<\/strong><\/p>\r\n<p>Adem\u00e1s, vivir\u00e1s mucho m\u00e1s tranquilo al saber que tendr\u00e1s una gran cantidad de coberturas en el momento de la defunci\u00f3n. Entre ellas, <strong>el traslado del cuerpo y el billete de ida y vuelta de un acompa\u00f1ante.<\/strong><\/p>\r\n<!-- \/wp:paragraph -->\r\n\r\n<!-- wp:paragraph -->\r\n<div class=\"colorf\"><div class=\"container clearfix\"><div class=\"col-md-7\">\r\n<!-- \/wp:paragraph -->\r\n\r\n<!-- wp:paragraph \/-->\r\n\r\n<!-- wp:paragraph -->\r\n<h2><span class=\"ez-toc-section\" id=\"Precios_de_seguros_de_decesos_para_Venezuela\"><\/span>Precios de seguros de decesos para Venezuela<span class=\"ez-toc-section-end\"><\/span><\/h2>\r\n<p>Las personas que buscan los seguros de decesos para Venezuela son aquellas que residen en nuestro pa\u00eds pero van pensando en el momento de su defunci\u00f3n y <strong>quieren descansar en su pa\u00eds de origen.<\/strong><\/p>\r\n<p>En cuanto a los precios, estos ser\u00e1n diferentes dependiendo de cada aseguradora. En un <strong>mercado cada vez m\u00e1s competitivo<\/strong>, podemos encontrar muchas compa\u00f1\u00edas ofreciendo los mejores servicios y a la mejor calidad posible para atraer a m\u00e1s clientes.<\/p>\r\n<p>Entre los factores que var\u00edan el precio en los seguros de decesos encontramos: <strong>la edad, el capital asegurado, las coberturas complementarias contratadas y la localidad de residencia.<\/strong><\/p>\r\n<p>En iDecesos, al usar nuestro comparador de seguros de decesos, podr\u00e1s encontrar tu p\u00f3liza por tan solo 1,90 euros al mes. <strong>No lo pienses m\u00e1s y contrata tu seguro de decesos con repatriaci\u00f3n.<\/strong><\/p>\r\n<!-- \/wp:paragraph -->\r\n\r\n<!-- wp:paragraph -->\r\n<p>[\/bloque] <\/div><\/div><\/div><\/div><\/p>\r\n<!-- \/wp:paragraph -->\r\n<div class=\"oficinas\">\r\n<h3><span class=\"ez-toc-section\" id=\"Paginas_relacionadas\"><\/span>P\u00e1ginas relacionadas<span class=\"ez-toc-section-end\"><\/span><\/h3>\r\n<ul><li><a href=\"https:\/\/idecesos.com\/seguros\/paises\/alemania\/\"><span>Seguro Decesos Alemania<\/span><\/a><\/li><li><a href=\"https:\/\/idecesos.com\/seguros\/paises\/america\/\"><span>Seguro Decesos Am\u00e9rica<\/span><\/a><\/li><li><a href=\"https:\/\/idecesos.com\/seguros\/paises\/peru\/\"><span>Seguro Decesos para Per\u00fa<\/span><\/a><\/li><li><a href=\"https:\/\/idecesos.com\/seguros\/paises\/rusia\/\"><span>Seguro Decesos para Rusia<\/span><\/a><\/li><li><a href=\"https:\/\/idecesos.com\/seguros\/paises\/chile\/\"><span>Seguro de Decesos para Chile<\/span><\/a><\/li><li><a href=\"https:\/\/idecesos.com\/seguros\/paises\/colombia\/\"><span>Seguro de Decesos para Colombia<\/span><\/a><\/li><li><a href=\"https:\/\/idecesos.com\/seguros\/paises\/estados-unidos\/\"><span>Seguro de Decesos para EEUU<\/span><\/a><\/li><li><a href=\"https:\/\/idecesos.com\/seguros\/paises\/francia\/\"><span>Seguro de Decesos para Francia<\/span><\/a><\/li><li><a href=\"https:\/\/idecesos.com\/seguros\/paises\/irlanda\/\"><span>Seguro de Decesos para Irlanda<\/span><\/a><\/li><li><a href=\"https:\/\/idecesos.com\/seguros\/paises\/italia\/\"><span>Seguro de Decesos para Italia<\/span><\/a><\/li><\/ul>","protected":false},"excerpt":{"rendered":"<p>Uno de los servicios m\u00e1s elevados tras la defunci\u00f3n de una persona es sin duda, la repatriaci\u00f3n. En este art\u00edculo, vamos a intentar que conozcas un poco m\u00e1s sobre los seguros de decesos con repatriaci\u00f3n. As\u00ed, podr\u00e1s vivir mucho m\u00e1s tranquilo y le proporcionar\u00e1s un mayor bienestar a tus familiares al no tener que hacer&hellip; <\/p>\n","protected":false},"author":2,"featured_media":0,"parent":531,"menu_order":0,"comment_status":"open","ping_status":"closed","template":"single.php","meta":{"footnotes":""},"class_list":["post-803","page","type-page","status-publish","hentry"],"yoast_head":"<!-- This site is optimized with the Yoast SEO plugin v27.5 - https:\/\/yoast.com\/product\/yoast-seo-wordpress\/ -->\n<title>Seguro de Decesos para Venezuela \u25b7 Calcular Coberturas y Precios 2026<\/title>\n<meta name=\"description\" content=\"Calcula aqu\u00ed el mejor\u3010seguro de decesos para Venezuela\u3011\u2611\ufe0fCoberturas, precios y con traslado de venezolanos: Oferta exclusiva iDecesos\u00ae\" \/>\n<meta name=\"robots\" content=\"index, follow, max-snippet:-1, max-image-preview:large, max-video-preview:-1\" \/>\n<link rel=\"canonical\" href=\"https:\/\/idecesos.com\/seguros\/paises\/venezuela\/\" \/>\n<meta property=\"og:locale\" content=\"es_ES\" \/>\n<meta property=\"og:type\" content=\"article\" \/>\n<meta property=\"og:title\" content=\"Seguro de Decesos para Venezuela \u25b7 Calcular Coberturas y Precios 2026\" \/>\n<meta property=\"og:description\" content=\"Calcula aqu\u00ed el mejor\u3010seguro de decesos para Venezuela\u3011\u2611\ufe0fCoberturas, precios y con traslado de venezolanos: Oferta exclusiva iDecesos\u00ae\" \/>\n<meta property=\"og:url\" content=\"https:\/\/idecesos.com\/seguros\/paises\/venezuela\/\" \/>\n<meta property=\"article:modified_time\" content=\"2022-01-17T09:39:01+00:00\" \/>\n<meta name=\"twitter:card\" content=\"summary_large_image\" \/>\n<meta name=\"twitter:label1\" content=\"Tiempo de lectura\" \/>\n\t<meta name=\"twitter:data1\" content=\"4 minutos\" \/>\n<script type=\"application\/ld+json\" class=\"yoast-schema-graph\">{\"@context\":\"https:\\\/\\\/schema.org\",\"@graph\":[{\"@type\":\"WebPage\",\"@id\":\"https:\\\/\\\/idecesos.com\\\/seguros\\\/paises\\\/venezuela\\\/\",\"url\":\"https:\\\/\\\/idecesos.com\\\/seguros\\\/paises\\\/venezuela\\\/\",\"name\":\"Seguro de Decesos para Venezuela \u25b7 Calcular Coberturas y Precios 2026\",\"isPartOf\":{\"@id\":\"https:\\\/\\\/idecesos.com\\\/seguros\\\/#website\"},\"datePublished\":\"2021-07-13T10:49:51+00:00\",\"dateModified\":\"2022-01-17T09:39:01+00:00\",\"description\":\"Calcula aqu\u00ed el mejor\u3010seguro de decesos para Venezuela\u3011\u2611\ufe0fCoberturas, precios y con traslado de venezolanos: Oferta exclusiva iDecesos\u00ae\",\"breadcrumb\":{\"@id\":\"https:\\\/\\\/idecesos.com\\\/seguros\\\/paises\\\/venezuela\\\/#breadcrumb\"},\"inLanguage\":\"es\",\"potentialAction\":[{\"@type\":\"ReadAction\",\"target\":[\"https:\\\/\\\/idecesos.com\\\/seguros\\\/paises\\\/venezuela\\\/\"]}]},{\"@type\":\"BreadcrumbList\",\"@id\":\"https:\\\/\\\/idecesos.com\\\/seguros\\\/paises\\\/venezuela\\\/#breadcrumb\",\"itemListElement\":[{\"@type\":\"ListItem\",\"position\":1,\"name\":\"Portada\",\"item\":\"https:\\\/\\\/idecesos.com\\\/seguros\\\/\"},{\"@type\":\"ListItem\",\"position\":2,\"name\":\"Seguro Decesos Extranjeros\",\"item\":\"https:\\\/\\\/idecesos.com\\\/seguros\\\/paises\\\/\"},{\"@type\":\"ListItem\",\"position\":3,\"name\":\"Seguro Decesos para Venezuela\"}]},{\"@type\":\"WebSite\",\"@id\":\"https:\\\/\\\/idecesos.com\\\/seguros\\\/#website\",\"url\":\"https:\\\/\\\/idecesos.com\\\/seguros\\\/\",\"name\":\"\",\"description\":\"\",\"potentialAction\":[{\"@type\":\"SearchAction\",\"target\":{\"@type\":\"EntryPoint\",\"urlTemplate\":\"https:\\\/\\\/idecesos.com\\\/seguros\\\/?s={search_term_string}\"},\"query-input\":{\"@type\":\"PropertyValueSpecification\",\"valueRequired\":true,\"valueName\":\"search_term_string\"}}],\"inLanguage\":\"es\"}]}<\/script>\n<!-- \/ Yoast SEO plugin. -->","yoast_head_json":{"title":"Seguro de Decesos para Venezuela \u25b7 Calcular Coberturas y Precios 2026","description":"Calcula aqu\u00ed el mejor\u3010seguro de decesos para Venezuela\u3011\u2611\ufe0fCoberturas, precios y con traslado de venezolanos: Oferta exclusiva iDecesos\u00ae","robots":{"index":"index","follow":"follow","max-snippet":"max-snippet:-1","max-image-preview":"max-image-preview:large","max-video-preview":"max-video-preview:-1"},"canonical":"https:\/\/idecesos.com\/seguros\/paises\/venezuela\/","og_locale":"es_ES","og_type":"article","og_title":"Seguro de Decesos para Venezuela \u25b7 Calcular Coberturas y Precios 2026","og_description":"Calcula aqu\u00ed el mejor\u3010seguro de decesos para Venezuela\u3011\u2611\ufe0fCoberturas, precios y con traslado de venezolanos: Oferta exclusiva iDecesos\u00ae","og_url":"https:\/\/idecesos.com\/seguros\/paises\/venezuela\/","article_modified_time":"2022-01-17T09:39:01+00:00","twitter_card":"summary_large_image","twitter_misc":{"Tiempo de lectura":"4 minutos"},"schema":{"@context":"https:\/\/schema.org","@graph":[{"@type":"WebPage","@id":"https:\/\/idecesos.com\/seguros\/paises\/venezuela\/","url":"https:\/\/idecesos.com\/seguros\/paises\/venezuela\/","name":"Seguro de Decesos para Venezuela \u25b7 Calcular Coberturas y Precios 2026","isPartOf":{"@id":"https:\/\/idecesos.com\/seguros\/#website"},"datePublished":"2021-07-13T10:49:51+00:00","dateModified":"2022-01-17T09:39:01+00:00","description":"Calcula aqu\u00ed el mejor\u3010seguro de decesos para Venezuela\u3011\u2611\ufe0fCoberturas, precios y con traslado de venezolanos: Oferta exclusiva iDecesos\u00ae","breadcrumb":{"@id":"https:\/\/idecesos.com\/seguros\/paises\/venezuela\/#breadcrumb"},"inLanguage":"es","potentialAction":[{"@type":"ReadAction","target":["https:\/\/idecesos.com\/seguros\/paises\/venezuela\/"]}]},{"@type":"BreadcrumbList","@id":"https:\/\/idecesos.com\/seguros\/paises\/venezuela\/#breadcrumb","itemListElement":[{"@type":"ListItem","position":1,"name":"Portada","item":"https:\/\/idecesos.com\/seguros\/"},{"@type":"ListItem","position":2,"name":"Seguro Decesos Extranjeros","item":"https:\/\/idecesos.com\/seguros\/paises\/"},{"@type":"ListItem","position":3,"name":"Seguro Decesos para Venezuela"}]},{"@type":"WebSite","@id":"https:\/\/idecesos.com\/seguros\/#website","url":"https:\/\/idecesos.com\/seguros\/","name":"","description":"","potentialAction":[{"@type":"SearchAction","target":{"@type":"EntryPoint","urlTemplate":"https:\/\/idecesos.com\/seguros\/?s={search_term_string}"},"query-input":{"@type":"PropertyValueSpecification","valueRequired":true,"valueName":"search_term_string"}}],"inLanguage":"es"}]}},"_links":{"self":[{"href":"https:\/\/idecesos.com\/seguros\/wp-json\/wp\/v2\/pages\/803","targetHints":{"allow":["GET"]}}],"collection":[{"href":"https:\/\/idecesos.com\/seguros\/wp-json\/wp\/v2\/pages"}],"about":[{"href":"https:\/\/idecesos.com\/seguros\/wp-json\/wp\/v2\/types\/page"}],"author":[{"embeddable":true,"href":"https:\/\/idecesos.com\/seguros\/wp-json\/wp\/v2\/users\/2"}],"replies":[{"embeddable":true,"href":"https:\/\/idecesos.com\/seguros\/wp-json\/wp\/v2\/comments?post=803"}],"version-history":[{"count":8,"href":"https:\/\/idecesos.com\/seguros\/wp-json\/wp\/v2\/pages\/803\/revisions"}],"predecessor-version":[{"id":18792,"href":"https:\/\/idecesos.com\/seguros\/wp-json\/wp\/v2\/pages\/803\/revisions\/18792"}],"up":[{"embeddable":true,"href":"https:\/\/idecesos.com\/seguros\/wp-json\/wp\/v2\/pages\/531"}],"wp:attachment":[{"href":"https:\/\/idecesos.com\/seguros\/wp-json\/wp\/v2\/media?parent=803"}],"curies":[{"name":"wp","href":"https:\/\/api.w.org\/{rel}","templated":true}]}}